{"id":1072,"date":"2023-03-20T11:11:17","date_gmt":"2023-03-20T10:11:17","guid":{"rendered":"http:\/\/sw-themes.com\/porto_dummy\/?page_id=1072"},"modified":"2023-03-20T11:11:46","modified_gmt":"2023-03-20T10:11:46","slug":"refunds","status":"publish","type":"page","link":"https:\/\/embroiderydownload.com\/de\/erstattungen\/","title":{"rendered":"R\u00fcckgabe- und Erstattungsbedingungen f\u00fcr Stickmuster F\u00fcr Stickmaschinen"},"content":{"rendered":"<p>Sehr geehrter Kunde,<\/p>\n\n\n\n<p>Vielen Dank, dass Sie sich beim Kauf Ihrer Stickmuster f\u00fcr stickmaschinen f\u00fcr unser Unternehmen entschieden haben. Wir wissen Ihr Vertrauen in uns zu sch\u00e4tzen und bem\u00fchen uns, Ihnen qualitativ hochwertige Produkte und einen au\u00dfergew\u00f6hnlichen Kundenservice zu bieten.<\/p>\n\n\n\n<p>Wir verstehen, dass gelegentlich Situationen auftreten k\u00f6nnen, in denen Sie eine R\u00fcckgabe oder R\u00fcckerstattung beantragen m\u00f6chten. Aufgrund der digitalen Natur unserer Produkte k\u00f6nnen wir nicht in allen F\u00e4llen eine R\u00fcckgabe oder R\u00fcckerstattung anbieten. In besonderen und begr\u00fcndeten F\u00e4llen sind wir Ihnen jedoch gerne behilflich. Nachfolgend finden Sie unsere R\u00fcckgabe- und Erstattungsrichtlinien zu Ihrer Information und als Referenz:<\/p>\n\n\n\n<p>Aufgrund der digitalen Natur unserer Stickmuster f\u00fcr stickmaschinen werden R\u00fccksendungen und R\u00fcckerstattungen generell nicht akzeptiert. Sobald Sie ein Design gekauft haben, k\u00f6nnen wir den Zugriff darauf nicht mehr widerrufen.<\/p>\n\n\n\n<p>Wenn Sie ein technisches Problem auf unserer Website haben, das Sie daran hindert, das gekaufte Design herunterzuladen oder zu verwenden, wenden Sie sich bitte an unser Support-Team unter [<strong>orders@embroiderydownload.com]<\/strong>. Wir helfen Ihnen gerne bei der Fehlersuche und erstatten Ihnen ggf. den Kaufpreis, wenn das Problem nicht gel\u00f6st werden kann.<\/p>\n\n\n\n<p>Wenn das von Ihnen gekaufte Design fehlerhaft ist oder nicht wie angek\u00fcndigt funktioniert, wenden Sie sich bitte an unser Support-Team \u00fcber [<strong>orders@embroiderydownload.com<\/strong>] innerhalb von 7 Tagen nach dem Kaufdatum. Wir werden das Problem untersuchen, und wenn wir best\u00e4tigen, dass ein Fehler im Design vorliegt, bieten wir Ihnen eine vollst\u00e4ndige R\u00fcckerstattung oder die M\u00f6glichkeit, das Design gegen ein anderes Design von gleichem Wert auszutauschen, je nach Ihrer Pr\u00e4ferenz.<\/p>\n\n\n\n<p>Um eine R\u00fccksendung oder R\u00fcckerstattung zu beantragen, geben Sie bitte unbedingt alle relevanten Informationen an, einschlie\u00dflich Ihres Namens, Ihrer E-Mail-Adresse, der Bestellnummer, der Einzelheiten des Problems und eines Nachweises des Fehlers oder der technischen Schwierigkeit, die Sie hatten.<\/p>\n\n\n\n<p>Wir bedanken uns f\u00fcr Ihr Verst\u00e4ndnis und Ihre Kooperation bez\u00fcglich unserer R\u00fcckgabe- und Erstattungsrichtlinien. Unser oberstes Ziel ist es, Ihre Zufriedenheit zu gew\u00e4hrleisten, und wir werden weiterhin hart daran arbeiten, Ihnen qualitativ hochwertige Produkte und einen au\u00dfergew\u00f6hnlichen Service zu bieten.<\/p>\n\n\n\n<p>Mit freundlichen Gr\u00fc\u00dfen,<\/p>\n\n\n\n<p>StickereiDownload<\/p>","protected":false},"excerpt":{"rendered":"<p>Sehr geehrte Kundin, sehr geehrter Kunde, vielen Dank, dass Sie sich f\u00fcr unser Unternehmen entschieden haben, um Ihre Stickmuster f\u00fcr stickmaschinen zu kaufen. Wir wissen Ihr Vertrauen in uns zu sch\u00e4tzen und bem\u00fchen uns, Ihnen qualitativ hochwertige Produkte und einen au\u00dfergew\u00f6hnlichen Kundenservice zu bieten. Wir verstehen, dass gelegentlich Situationen auftreten k\u00f6nnen, in denen Sie eine R\u00fcckgabe oder R\u00fcckerstattung w\u00fcnschen. Aufgrund der digitalen Natur [...]<\/p>","protected":false},"author":1,"featured_media":0,"parent":0,"menu_order":0,"comment_status":"closed","ping_status":"closed","template":"","meta":{"footnotes":""},"yoast_head":"<!-- This site is optimized with the Yoast SEO plugin v17.5 - https:\/\/yoast.com\/wordpress\/plugins\/seo\/ -->\n<title>Return and Refund Policy for Embroidery Designs - EmbroideryDownload<\/title>\n<meta name=\"robots\" content=\"noindex, nofollow\" \/>\n<meta property=\"og:locale\" content=\"de_DE\" \/>\n<meta property=\"og:type\" content=\"article\" \/>\n<meta property=\"og:title\" content=\"Return and Refund Policy for Embroidery Designs - EmbroideryDownload\" \/>\n<meta property=\"og:description\" content=\"Dear Customer, Thank you for choosing our company to purchase your embroidery designs. We appreciate your confidence in us and strive to provide you with high quality products and exceptional customer service. We understand that on occasion situations may arise where you may wish to request a return or refund. Due to the digital nature [&hellip;]\" \/>\n<meta property=\"og:url\" content=\"https:\/\/embroiderydownload.com\/de\/rimborsi\/\" \/>\n<meta property=\"og:site_name\" content=\"EmbroideryDownload\" \/>\n<meta property=\"article:modified_time\" content=\"2023-03-20T10:11:46+00:00\" \/>\n<meta name=\"twitter:card\" content=\"summary_large_image\" \/>\n<meta name=\"twitter:label1\" content=\"Gesch\u00e4tzte Lesezeit\" \/>\n\t<meta name=\"twitter:data1\" content=\"2 Minuten\" \/>\n<script type=\"application\/ld+json\" class=\"yoast-schema-graph\">{\"@context\":\"https:\/\/schema.org\",\"@graph\":[{\"@type\":\"WebSite\",\"@id\":\"https:\/\/embroiderydownload.com\/fr\/#website\",\"url\":\"https:\/\/embroiderydownload.com\/fr\/\",\"name\":\"EmbroideryDownload\",\"description\":\"Embroidery Designs Instant Digital Download\",\"potentialAction\":[{\"@type\":\"SearchAction\",\"target\":{\"@type\":\"EntryPoint\",\"urlTemplate\":\"https:\/\/embroiderydownload.com\/fr\/?s={search_term_string}\"},\"query-input\":\"required name=search_term_string\"}],\"inLanguage\":\"de-DE\"},{\"@type\":\"WebPage\",\"@id\":\"https:\/\/embroiderydownload.com\/it\/rimborsi\/#webpage\",\"url\":\"https:\/\/embroiderydownload.com\/it\/rimborsi\/\",\"name\":\"Return and Refund Policy for Embroidery Designs - EmbroideryDownload\",\"isPartOf\":{\"@id\":\"https:\/\/embroiderydownload.com\/fr\/#website\"},\"datePublished\":\"2023-03-20T10:11:17+00:00\",\"dateModified\":\"2023-03-20T10:11:46+00:00\",\"breadcrumb\":{\"@id\":\"https:\/\/embroiderydownload.com\/it\/rimborsi\/#breadcrumb\"},\"inLanguage\":\"de-DE\",\"potentialAction\":[{\"@type\":\"ReadAction\",\"target\":[\"https:\/\/embroiderydownload.com\/it\/rimborsi\/\"]}]},{\"@type\":\"BreadcrumbList\",\"@id\":\"https:\/\/embroiderydownload.com\/it\/rimborsi\/#breadcrumb\",\"itemListElement\":[{\"@type\":\"ListItem\",\"position\":1,\"name\":\"Return and Refund Policy for Embroidery Designs\"}]}]}<\/script>\n<!-- \/ Yoast SEO plugin. -->","yoast_head_json":{"title":"Return and Refund Policy for Embroidery Designs - EmbroideryDownload","robots":{"index":"noindex","follow":"nofollow"},"og_locale":"de_DE","og_type":"article","og_title":"Return and Refund Policy for Embroidery Designs - EmbroideryDownload","og_description":"Dear Customer, Thank you for choosing our company to purchase your embroidery designs. We appreciate your confidence in us and strive to provide you with high quality products and exceptional customer service. We understand that on occasion situations may arise where you may wish to request a return or refund. Due to the digital nature [&hellip;]","og_url":"https:\/\/embroiderydownload.com\/de\/rimborsi\/","og_site_name":"EmbroideryDownload","article_modified_time":"2023-03-20T10:11:46+00:00","twitter_card":"summary_large_image","twitter_misc":{"Gesch\u00e4tzte Lesezeit":"2 Minuten"},"schema":{"@context":"https:\/\/schema.org","@graph":[{"@type":"WebSite","@id":"https:\/\/embroiderydownload.com\/fr\/#website","url":"https:\/\/embroiderydownload.com\/fr\/","name":"EmbroideryDownload","description":"Embroidery Designs Instant Digital Download","potentialAction":[{"@type":"SearchAction","target":{"@type":"EntryPoint","urlTemplate":"https:\/\/embroiderydownload.com\/fr\/?s={search_term_string}"},"query-input":"required name=search_term_string"}],"inLanguage":"de-DE"},{"@type":"WebPage","@id":"https:\/\/embroiderydownload.com\/it\/rimborsi\/#webpage","url":"https:\/\/embroiderydownload.com\/it\/rimborsi\/","name":"Return and Refund Policy for Embroidery Designs - EmbroideryDownload","isPartOf":{"@id":"https:\/\/embroiderydownload.com\/fr\/#website"},"datePublished":"2023-03-20T10:11:17+00:00","dateModified":"2023-03-20T10:11:46+00:00","breadcrumb":{"@id":"https:\/\/embroiderydownload.com\/it\/rimborsi\/#breadcrumb"},"inLanguage":"de-DE","potentialAction":[{"@type":"ReadAction","target":["https:\/\/embroiderydownload.com\/it\/rimborsi\/"]}]},{"@type":"BreadcrumbList","@id":"https:\/\/embroiderydownload.com\/it\/rimborsi\/#breadcrumb","itemListElement":[{"@type":"ListItem","position":1,"name":"Return and Refund Policy for Embroidery Designs"}]}]}},"_links":{"self":[{"href":"https:\/\/embroiderydownload.com\/de\/wp-json\/wp\/v2\/pages\/1072"}],"collection":[{"href":"https:\/\/embroiderydownload.com\/de\/wp-json\/wp\/v2\/pages"}],"about":[{"href":"https:\/\/embroiderydownload.com\/de\/wp-json\/wp\/v2\/types\/page"}],"author":[{"embeddable":true,"href":"https:\/\/embroiderydownload.com\/de\/wp-json\/wp\/v2\/users\/1"}],"replies":[{"embeddable":true,"href":"https:\/\/embroiderydownload.com\/de\/wp-json\/wp\/v2\/comments?post=1072"}],"version-history":[{"count":2,"href":"https:\/\/embroiderydownload.com\/de\/wp-json\/wp\/v2\/pages\/1072\/revisions"}],"predecessor-version":[{"id":204724,"href":"https:\/\/embroiderydownload.com\/de\/wp-json\/wp\/v2\/pages\/1072\/revisions\/204724"}],"wp:attachment":[{"href":"https:\/\/embroiderydownload.com\/de\/wp-json\/wp\/v2\/media?parent=1072"}],"curies":[{"name":"wp","href":"https:\/\/api.w.org\/{rel}","templated":true}]}}