{"id":3,"date":"2021-08-09T11:25:32","date_gmt":"2021-08-09T11:25:32","guid":{"rendered":"https:\/\/embroiderydownload.com\/?page_id=3"},"modified":"2022-09-23T10:29:38","modified_gmt":"2022-09-23T08:29:38","slug":"privacy-policy","status":"publish","type":"page","link":"https:\/\/embroiderydownload.com\/de\/datenschutzerklaerung\/","title":{"rendered":"Datenschutzbestimmungen"},"content":{"rendered":"<h2 class=\"wp-block-heading\" id=\"h-who-we-are\">Wer wir sind<\/h2>\n\n\n\n<p><strong class=\"privacy-policy-tutorial\">StickereiDownload<\/strong> ist ein Unternehmen, das digitale Stickmuster f\u00fcr stickmaschinen verkauft. Wir bieten eine gro\u00dfe Anzahl von Formaten und Gr\u00f6\u00dfen an, um den Bed\u00fcrfnissen unserer Kunden gerecht zu werden. Wenn Sie mehr \u00fcber uns wissen m\u00f6chten <a href=\"https:\/\/embroiderydownload.com\/de\/uber-uns\/\" target=\"_blank\" rel=\"noreferrer noopener\">hier klicken<\/a>.<\/p>\n\n\n\n<h1 class=\"wp-block-heading\">Datenschutzbestimmungen f\u00fcr EmbroideryDownload<\/h1>\n\n\n\n<p>Bei EmbroideryDownload, erreichbar \u00fcber embroiderydownload.com, ist eine unserer wichtigsten Priorit\u00e4ten der Schutz der Privatsph\u00e4re unserer Besucher. Diese Datenschutzrichtlinie enth\u00e4lt die Arten von Informationen, die von EmbroideryDownload gesammelt und aufgezeichnet werden und wie wir sie verwenden.<\/p>\n\n\n\n<p>Wenn Sie weitere Fragen haben oder mehr Informationen \u00fcber unsere Datenschutzpolitik ben\u00f6tigen, z\u00f6gern Sie nicht, uns zu kontaktieren.<\/p>\n\n\n\n<p>Diese Datenschutzrichtlinie gilt nur f\u00fcr unsere Online-Aktivit\u00e4ten und f\u00fcr die Besucher unserer Website in Bezug auf die Informationen, die sie in EmbroideryDownload teilen und\/oder sammeln. Diese Richtlinie gilt nicht f\u00fcr Informationen, die offline oder \u00fcber andere Kan\u00e4le als diese Website gesammelt werden.<\/p>\n\n\n\n<h2 class=\"wp-block-heading\">Zustimmung<\/h2>\n\n\n\n<p>Durch die Nutzung unserer Website erkl\u00e4ren Sie sich mit unserer Datenschutzrichtlinie einverstanden und stimmen deren Bedingungen zu.<\/p>\n\n\n\n<h2 class=\"wp-block-heading\">Informationen, die wir sammeln<\/h2>\n\n\n\n<p>Die pers\u00f6nlichen Daten, um die Sie gebeten werden, und die Gr\u00fcnde, warum Sie um diese Daten gebeten werden, werden Ihnen zu dem Zeitpunkt mitgeteilt, zu dem wir Sie um die Angabe Ihrer pers\u00f6nlichen Daten bitten.<\/p>\n\n\n\n<p>Wenn Sie sich direkt an uns wenden, k\u00f6nnen wir zus\u00e4tzliche Informationen \u00fcber Sie erhalten, wie z. B. Ihren Namen, Ihre E-Mail-Adresse, Ihre Telefonnummer, den Inhalt der Nachricht und\/oder Anh\u00e4nge, die Sie uns senden, und andere Informationen, die Sie uns zur Verf\u00fcgung stellen m\u00f6chten.<\/p>\n\n\n\n<p>Wenn Sie sich f\u00fcr ein Konto registrieren, fragen wir Sie m\u00f6glicherweise nach Ihren Kontaktinformationen, einschlie\u00dflich Angaben wie Name, Firmenname, Adresse, E-Mail-Adresse und Telefonnummer.<\/p>\n\n\n\n<h2 class=\"wp-block-heading\">Wie wir Ihre Informationen verwenden<\/h2>\n\n\n\n<p>Wir verwenden die von uns gesammelten Informationen auf verschiedene Weise, unter anderem um:<\/p>\n\n\n\n<ul><li>Bereitstellung, Betrieb und Pflege unserer Website<\/li><li>Verbesserung, Personalisierung und Erweiterung unserer Website<\/li><li>Verstehen und Analysieren, wie Sie unsere Website nutzen<\/li><li>Entwicklung neuer Produkte, Dienstleistungen, Merkmale und Funktionen<\/li><li>mit Ihnen zu kommunizieren, entweder direkt oder \u00fcber einen unserer Partner, u. a. f\u00fcr den Kundendienst, um Ihnen Aktualisierungen und andere Informationen \u00fcber die Website zukommen zu lassen, sowie f\u00fcr Marketing- und Werbezwecke<\/li><li>Senden Sie E-Mails<\/li><li>Betrug aufdecken und verhindern<\/li><\/ul>\n\n\n\n<h2 class=\"wp-block-heading\">Log-Dateien<\/h2>\n\n\n\n<p>EmbroideryDownload verwendet standardm\u00e4\u00dfig Protokolldateien. Diese Dateien protokollieren den Besuch von Websites. Alle Hosting-Firmen tun dies und es ist ein Teil der Analytik der Hosting-Dienste. Die von den Logdateien gesammelten Informationen umfassen Internetprotokolladressen (IP), Browsertyp, Internet Service Provider (ISP), Datums- und Zeitstempel, verweisende und verlassende Seiten und m\u00f6glicherweise die Anzahl der Klicks. Diese Daten werden nicht mit Informationen verkn\u00fcpft, die eine pers\u00f6nliche Identifizierung erm\u00f6glichen. Der Zweck dieser Informationen besteht darin, Trends zu analysieren, die Website zu verwalten, die Bewegungen der Nutzer auf der Website zu verfolgen und demographische Informationen zu sammeln.<\/p>\n\n\n\n<h2 class=\"wp-block-heading\">Cookies und Web Beacons<\/h2>\n\n\n\n<p>Wie jede andere Website auch, verwendet EmbroideryDownload \"Cookies\". Diese Cookies werden verwendet, um Informationen zu speichern, einschlie\u00dflich der Pr\u00e4ferenzen der Besucher und der Seiten auf der Website, die der Besucher aufgerufen oder besucht hat. Die Informationen werden verwendet, um die Erfahrung des Benutzers zu optimieren, indem der Inhalt unserer Webseite auf der Grundlage des Browsertyps des Besuchers und\/oder anderer Informationen angepasst wird.<\/p>\n\n\n\n<h2 class=\"wp-block-heading\">Werbepartner Datenschutzrichtlinien<\/h2>\n\n\n\n<p>Sie k\u00f6nnen diese Liste konsultieren, um die Datenschutzbestimmungen f\u00fcr jeden der Werbepartner von EmbroideryDownload zu finden.<\/p>\n\n\n\n<p>Werbeserver oder Werbenetzwerke von Drittanbietern verwenden Technologien wie Cookies, JavaScript oder Web Beacons, die in ihren jeweiligen Anzeigen und Links, die auf EmbroideryDownload erscheinen, verwendet werden und direkt an den Browser des Nutzers gesendet werden. Sie erhalten automatisch Ihre IP-Adresse, wenn dies geschieht. Diese Technologien werden verwendet, um die Effektivit\u00e4t ihrer Werbekampagnen zu messen und\/oder um die Werbeinhalte, die Sie auf den von Ihnen besuchten Webseiten sehen, zu personalisieren.<\/p>\n\n\n\n<p>Beachten Sie, dass EmbroideryDownload keinen Zugang zu oder Kontrolle \u00fcber diese Cookies hat, die von Drittanbietern verwendet werden.<\/p>\n\n\n\n<h2 class=\"wp-block-heading\">Datenschutzrichtlinien von Dritten<\/h2>\n\n\n\n<p>Die Datenschutzrichtlinien von EmbroideryDownload gelten nicht f\u00fcr andere Werbetreibende oder Websites. Daher raten wir Ihnen, die jeweiligen Datenschutzrichtlinien dieser dritten Werbeserver zu konsultieren, um weitere Informationen zu erhalten. Sie k\u00f6nnen deren Praktiken und Anweisungen dar\u00fcber enthalten, wie Sie bestimmte Optionen ausschalten k\u00f6nnen.<\/p>\n\n\n\n<p>Sie k\u00f6nnen Cookies \u00fcber Ihre individuellen Browseroptionen deaktivieren. Ausf\u00fchrlichere Informationen zur Cookie-Verwaltung mit bestimmten Webbrowsern finden Sie auf den jeweiligen Websites der Browser.<\/p>\n\n\n\n<h2 class=\"wp-block-heading\">CCPA-Datenschutzrechte (Verkaufen Sie meine pers\u00f6nlichen Daten nicht)<\/h2>\n\n\n\n<p>Nach dem CCPA haben die kalifornischen Verbraucher unter anderem das Recht auf:<\/p>\n\n\n\n<p>Verlangen Sie, dass ein Unternehmen, das personenbezogene Daten eines Verbrauchers sammelt, die Kategorien und spezifischen Teile der personenbezogenen Daten offenlegt, die das Unternehmen \u00fcber den Verbraucher gesammelt hat.<\/p>\n\n\n\n<p>ein Unternehmen aufzufordern, personenbezogene Daten \u00fcber den Verbraucher zu l\u00f6schen, die ein Unternehmen gesammelt hat.<\/p>\n\n\n\n<p>Verlangen Sie, dass ein Unternehmen, das die pers\u00f6nlichen Daten eines Verbrauchers verkauft, die pers\u00f6nlichen Daten des Verbrauchers nicht verkauft.<\/p>\n\n\n\n<p>Wenn Sie eine Anfrage stellen, haben wir einen Monat Zeit, Ihnen zu antworten. Wenn Sie eines dieser Rechte aus\u00fcben m\u00f6chten, nehmen Sie bitte Kontakt mit uns auf.<\/p>\n\n\n\n<h2 class=\"wp-block-heading\">GDPR-Datenschutzrechte<\/h2>\n\n\n\n<p>Wir m\u00f6chten sicherstellen, dass Sie \u00fcber alle Ihre Datenschutzrechte informiert sind. Jeder Nutzer hat Anspruch auf die folgenden Rechte:<\/p>\n\n\n\n<p>Das Recht auf Zugang - Sie haben das Recht, Kopien Ihrer personenbezogenen Daten anzufordern. F\u00fcr diesen Service k\u00f6nnen wir Ihnen eine geringe Geb\u00fchr in Rechnung stellen.<\/p>\n\n\n\n<p>Das Recht auf Berichtigung - Sie haben das Recht, von uns die Berichtigung von Informationen zu verlangen, die Sie f\u00fcr unrichtig halten. Sie haben auch das Recht zu verlangen, dass wir die Informationen vervollst\u00e4ndigen, die Sie f\u00fcr unvollst\u00e4ndig halten.<\/p>\n\n\n\n<p>Das Recht auf L\u00f6schung - Sie haben das Recht, unter bestimmten Bedingungen die L\u00f6schung Ihrer personenbezogenen Daten zu verlangen.<\/p>\n\n\n\n<p>Recht auf Einschr\u00e4nkung der Verarbeitung - Sie haben das Recht zu verlangen, dass wir die Verarbeitung Ihrer personenbezogenen Daten unter bestimmten Bedingungen einschr\u00e4nken.<\/p>\n\n\n\n<p>Recht auf Widerspruch gegen die Verarbeitung - Sie haben das Recht, der Verarbeitung Ihrer personenbezogenen Daten durch uns unter bestimmten Bedingungen zu widersprechen.<\/p>\n\n\n\n<p>Das Recht auf Daten\u00fcbertragbarkeit - Sie haben das Recht, unter bestimmten Bedingungen zu verlangen, dass wir die von uns erfassten Daten an eine andere Organisation oder direkt an Sie weitergeben.<\/p>\n\n\n\n<p>Wenn Sie eine Anfrage stellen, haben wir einen Monat Zeit, Ihnen zu antworten. Wenn Sie eines dieser Rechte aus\u00fcben m\u00f6chten, nehmen Sie bitte Kontakt mit uns auf.<\/p>","protected":false},"excerpt":{"rendered":"<p>Wer wir sind EmbroideryDownload ist ein Unternehmen, das digitale Stickmuster f\u00fcr stickmaschinen verkauft. Wir bieten eine gro\u00dfe Anzahl von Formaten und Gr\u00f6\u00dfen an, um den Bed\u00fcrfnissen unserer Kunden gerecht zu werden. Wenn Sie mehr \u00fcber uns wissen wollen, klicken Sie hier. Datenschutzbestimmungen f\u00fcr EmbroideryDownload Bei EmbroideryDownload, erreichbar \u00fcber embroiderydownload.com, ist eine unserer Hauptpriorit\u00e4ten [...]<\/p>","protected":false},"author":1,"featured_media":0,"parent":0,"menu_order":0,"comment_status":"closed","ping_status":"open","template":"","meta":{"footnotes":""},"yoast_head":"<!-- This site is optimized with the Yoast SEO plugin v17.5 - https:\/\/yoast.com\/wordpress\/plugins\/seo\/ -->\n<title>Privacy Policy - EmbroideryDownload<\/title>\n<meta name=\"robots\" content=\"noindex, follow\" \/>\n<meta property=\"og:locale\" content=\"de_DE\" \/>\n<meta property=\"og:type\" content=\"article\" \/>\n<meta property=\"og:title\" content=\"Privacy Policy - EmbroideryDownload\" \/>\n<meta property=\"og:description\" content=\"Who we are EmbroideryDownload is a company that sells digital embroidery designs for embroidery machines, we offer a large number of formats and sizes to suit the needs of our customers. If you want to know more about us click here. Privacy Policy for EmbroideryDownload At EmbroideryDownload, accessible from embroiderydownload.com, one of our main priorities [&hellip;]\" \/>\n<meta property=\"og:url\" content=\"https:\/\/embroiderydownload.com\/de\/datenschutzerklaerung\/\" \/>\n<meta property=\"og:site_name\" content=\"EmbroideryDownload\" \/>\n<meta property=\"article:modified_time\" content=\"2022-09-23T08:29:38+00:00\" \/>\n<meta name=\"twitter:card\" content=\"summary_large_image\" \/>\n<meta name=\"twitter:label1\" content=\"Gesch\u00e4tzte Lesezeit\" \/>\n\t<meta name=\"twitter:data1\" content=\"5 Minuten\" \/>\n<script type=\"application\/ld+json\" class=\"yoast-schema-graph\">{\"@context\":\"https:\/\/schema.org\",\"@graph\":[{\"@type\":\"WebSite\",\"@id\":\"https:\/\/embroiderydownload.com\/fr\/#website\",\"url\":\"https:\/\/embroiderydownload.com\/fr\/\",\"name\":\"EmbroideryDownload\",\"description\":\"Embroidery Designs Instant Digital Download\",\"potentialAction\":[{\"@type\":\"SearchAction\",\"target\":{\"@type\":\"EntryPoint\",\"urlTemplate\":\"https:\/\/embroiderydownload.com\/fr\/?s={search_term_string}\"},\"query-input\":\"required name=search_term_string\"}],\"inLanguage\":\"de-DE\"},{\"@type\":\"WebPage\",\"@id\":\"https:\/\/embroiderydownload.com\/privacy-policy\/#webpage\",\"url\":\"https:\/\/embroiderydownload.com\/privacy-policy\/\",\"name\":\"Privacy Policy - EmbroideryDownload\",\"isPartOf\":{\"@id\":\"https:\/\/embroiderydownload.com\/fr\/#website\"},\"datePublished\":\"2021-08-09T11:25:32+00:00\",\"dateModified\":\"2022-09-23T08:29:38+00:00\",\"breadcrumb\":{\"@id\":\"https:\/\/embroiderydownload.com\/privacy-policy\/#breadcrumb\"},\"inLanguage\":\"de-DE\",\"potentialAction\":[{\"@type\":\"ReadAction\",\"target\":[\"https:\/\/embroiderydownload.com\/privacy-policy\/\"]}]},{\"@type\":\"BreadcrumbList\",\"@id\":\"https:\/\/embroiderydownload.com\/privacy-policy\/#breadcrumb\",\"itemListElement\":[{\"@type\":\"ListItem\",\"position\":1,\"name\":\"Privacy Policy\"}]}]}<\/script>\n<!-- \/ Yoast SEO plugin. -->","yoast_head_json":{"title":"Privacy Policy - EmbroideryDownload","robots":{"index":"noindex","follow":"follow"},"og_locale":"de_DE","og_type":"article","og_title":"Privacy Policy - EmbroideryDownload","og_description":"Who we are EmbroideryDownload is a company that sells digital embroidery designs for embroidery machines, we offer a large number of formats and sizes to suit the needs of our customers. If you want to know more about us click here. Privacy Policy for EmbroideryDownload At EmbroideryDownload, accessible from embroiderydownload.com, one of our main priorities [&hellip;]","og_url":"https:\/\/embroiderydownload.com\/de\/datenschutzerklaerung\/","og_site_name":"EmbroideryDownload","article_modified_time":"2022-09-23T08:29:38+00:00","twitter_card":"summary_large_image","twitter_misc":{"Gesch\u00e4tzte Lesezeit":"5 Minuten"},"schema":{"@context":"https:\/\/schema.org","@graph":[{"@type":"WebSite","@id":"https:\/\/embroiderydownload.com\/fr\/#website","url":"https:\/\/embroiderydownload.com\/fr\/","name":"EmbroideryDownload","description":"Embroidery Designs Instant Digital Download","potentialAction":[{"@type":"SearchAction","target":{"@type":"EntryPoint","urlTemplate":"https:\/\/embroiderydownload.com\/fr\/?s={search_term_string}"},"query-input":"required name=search_term_string"}],"inLanguage":"de-DE"},{"@type":"WebPage","@id":"https:\/\/embroiderydownload.com\/privacy-policy\/#webpage","url":"https:\/\/embroiderydownload.com\/privacy-policy\/","name":"Privacy Policy - EmbroideryDownload","isPartOf":{"@id":"https:\/\/embroiderydownload.com\/fr\/#website"},"datePublished":"2021-08-09T11:25:32+00:00","dateModified":"2022-09-23T08:29:38+00:00","breadcrumb":{"@id":"https:\/\/embroiderydownload.com\/privacy-policy\/#breadcrumb"},"inLanguage":"de-DE","potentialAction":[{"@type":"ReadAction","target":["https:\/\/embroiderydownload.com\/privacy-policy\/"]}]},{"@type":"BreadcrumbList","@id":"https:\/\/embroiderydownload.com\/privacy-policy\/#breadcrumb","itemListElement":[{"@type":"ListItem","position":1,"name":"Privacy Policy"}]}]}},"_links":{"self":[{"href":"https:\/\/embroiderydownload.com\/de\/wp-json\/wp\/v2\/pages\/3"}],"collection":[{"href":"https:\/\/embroiderydownload.com\/de\/wp-json\/wp\/v2\/pages"}],"about":[{"href":"https:\/\/embroiderydownload.com\/de\/wp-json\/wp\/v2\/types\/page"}],"author":[{"embeddable":true,"href":"https:\/\/embroiderydownload.com\/de\/wp-json\/wp\/v2\/users\/1"}],"replies":[{"embeddable":true,"href":"https:\/\/embroiderydownload.com\/de\/wp-json\/wp\/v2\/comments?post=3"}],"version-history":[{"count":7,"href":"https:\/\/embroiderydownload.com\/de\/wp-json\/wp\/v2\/pages\/3\/revisions"}],"predecessor-version":[{"id":201438,"href":"https:\/\/embroiderydownload.com\/de\/wp-json\/wp\/v2\/pages\/3\/revisions\/201438"}],"wp:attachment":[{"href":"https:\/\/embroiderydownload.com\/de\/wp-json\/wp\/v2\/media?parent=3"}],"curies":[{"name":"wp","href":"https:\/\/api.w.org\/{rel}","templated":true}]}}