{"id":101794,"date":"2021-10-27T19:38:56","date_gmt":"2021-10-27T17:38:56","guid":{"rendered":"https:\/\/embroiderydownload.com\/product\/stormtroopers-logo-embroidery-design-download\/"},"modified":"2023-03-23T14:11:36","modified_gmt":"2023-03-23T13:11:36","slug":"stormtroopers-logo-embroidery-design-download","status":"publish","type":"product","link":"https:\/\/embroiderydownload.com\/de\/products\/stickmuster-fur-stickmaschinen-download-sturmtruppen-logo\/","title":{"rendered":"Stormtroopers Logo Stickmuster F\u00fcr Stickmaschinen Download"},"content":{"rendered":"<p>Stickmuster F\u00fcr stickmaschinen - Troopers <strong>Krieg der Sterne<\/strong> &#8211; <strong>Tropper<\/strong> Stickdateien - Sturmtruppenabzeichen - <strong>Stormtrooper<\/strong> Star Wars Digital Download Dateien f\u00fcr die Stickmaschine.<\/p>\n<p>Gr\u00f6\u00dfe: 3,06 x 3,54 Zoll - 77,80 x 90 mm<br \/>\nStiche: 20678<\/p>\n<p>Formate, die beim Kauf in einer ZIP-Datei enthalten sind<\/p>\n<p>a) Wilcom: ESL, ESS<br \/>\nb) Hiraoka: DAT<br \/>\nc) Bernina: ART (Version 2 &amp; 3)<br \/>\nd) Deco, Brother, Baby Lock: PEC, PES<br \/>\ne) Husqvarna, Viking: HUS<br \/>\nf) Janome, Elna, Kenmore: JEF, SEW<br \/>\ng) Saurer SLC: SAS<br \/>\nh) Pfaff: KSM<br \/>\ni) Melco: EXP, CND<br \/>\nj) Compucon: XXX<br \/>\nk) Stickmuster f\u00fcr stickmaschinen: EMB<br \/>\nl) Tajima: DST<br \/>\no) Barudan: DSB<\/p>\n<p>Wenn Sie ein anderes Format ben\u00f6tigen, lassen Sie es uns bitte wissen.<\/p>\n<p>AUFGRUND DER DIGITALEN NATUR DIESES PRODUKTS SIND ALLE VERK\u00c4UFE ENDG\u00dcLTIG.<\/p>\n<p>\u2605 Dieses Stickmuster f\u00fcr stickmaschinen erg\u00e4nzt sich mit Darth Vader:<\/p>\n<p>\u2605 Tolle Idee: Gestalte deine eigenen gestickten Star Wars-Aufn\u00e4her.<br \/>\nWie Sie Ihre eigenen gestickten Aufn\u00e4her herstellen: https:\/\/youtu.be\/bHdeFWNVqmk<\/p>\n<p>STICKMUSTER F\u00dcR STICKMASCHINEN SIND KEINE PATCHES... Sie ben\u00f6tigen eine Stickmaschine, Hardware und Software, um die Dateien auf Ihre Stickmaschine zu \u00fcbertragen.<\/p>\n<div id=\"gtx-trans\" style=\"position: absolute; left: 167px; top: -3px;\">\n<div class=\"gtx-trans-icon\"><\/div>\n<\/div>","protected":false},"excerpt":{"rendered":"<style>.elementor-204929 .elementor-element.elementor-element-95a9a0b{margin-top:0px;margin-bottom:0px;padding:0px 0px 0px 0px;overflow:visible;}.elementor-204929 .elementor-element.elementor-element-84e32b5 > .elementor-element-populated{margin:0px 0px 0px 0px;--e-column-margin-right:0px;--e-column-margin-left:0px;padding:0px 0px 0px 0px;}.elementor-204929 .elementor-element.elementor-element-4e302eb{text-align:left;}<\/style>\n<div class=\"porto-block elementor elementor-204929\" data-id=\"204929\">\n<section class=\"elementor-section elementor-top-section elementor-element elementor-element-95a9a0b elementor-section-full_width elementor-section-height-default elementor-section-height-default\" data-id=\"95a9a0b\" data-element_type=\"section\" data-settings=\"{&quot;ekit_has_onepagescroll_dot&quot;:&quot;yes&quot;}\">\n<div class=\"elementor-container elementor-column-gap-default\">\n<div class=\"elementor-column elementor-col-100 elementor-top-column elementor-element elementor-element-84e32b5\" data-id=\"84e32b5\" data-element_type=\"column\">\n<div class=\"elementor-widget-wrap elementor-element-populated\">\n<div class=\"elementor-element elementor-element-4e302eb elementor-widget elementor-widget-image\" data-id=\"4e302eb\" data-element_type=\"widget\" data-settings=\"{&quot;ekit_we_effect_on&quot;:&quot;none&quot;}\" data-widget_type=\"image.default\">\n<div class=\"elementor-widget-container\">\n<style>\/*! elementor - v3.12.1 - 02-04-2023 *\/\n.elementor-widget-image{text-align:center}.elementor-widget-image a{display:inline-block}.elementor-widget-image a img[src$=\".svg\"]{width:48px}.elementor-widget-image img{vertical-align:middle;display:inline-block}<\/style>\n<p>\t\t\t\t\t\t\t\t\t\t\t\t<img decoding=\"async\" width=\"300\" height=\"84\" src=\"https:\/\/embroiderydownload.com\/wp-content\/uploads\/2022\/11\/icons-values-eng.svg\" class=\"attachment-large size-large wp-image-204901\" alt=\"\" loading=\"lazy\" \/>\t\t\t\t\t\t\t\t\t\t\t\t\t\t\t<\/div>\n<\/p><\/div>\n<\/p><\/div>\n<\/p><\/div>\n<\/p><\/div>\n<\/section><\/div>","protected":false},"featured_media":101795,"template":"","meta":[],"product_cat":[12151],"product_tag":[1513,542,226,227,1509,1514],"yoast_head":"<!-- This site is optimized with the Yoast SEO plugin v17.5 - https:\/\/yoast.com\/wordpress\/plugins\/seo\/ -->\n<title>Stormtroopers Logo Embroidery Design Download - EmbroideryDownload<\/title>\n<meta name=\"description\" content=\"Download the Stormtroopers Logo Embroidery Design and add a touch of the dark side to your projects.\" \/>\n<meta name=\"robots\" content=\"index, follow, max-snippet:-1, max-image-preview:large, max-video-preview:-1\" \/>\n<link rel=\"canonical\" href=\"https:\/\/embroiderydownload.com\/de\/products\/stickmuster-fur-stickmaschinen-download-sturmtruppen-logo\/\" \/>\n<meta property=\"og:locale\" content=\"de_DE\" \/>\n<meta property=\"og:type\" content=\"article\" \/>\n<meta property=\"og:title\" content=\"Stormtroopers Logo Embroidery Design Download - EmbroideryDownload\" \/>\n<meta property=\"og:description\" content=\"Download the Stormtroopers Logo Embroidery Design and add a touch of the dark side to your projects.\" \/>\n<meta property=\"og:url\" content=\"https:\/\/embroiderydownload.com\/de\/products\/stickmuster-fur-stickmaschinen-download-sturmtruppen-logo\/\" \/>\n<meta property=\"og:site_name\" content=\"EmbroideryDownload\" \/>\n<meta property=\"article:modified_time\" content=\"2023-03-23T13:11:36+00:00\" \/>\n<meta property=\"og:image\" content=\"https:\/\/embroiderydownload.com\/wp-content\/uploads\/2021\/10\/Embroidered-troopers-1.jpg\" \/>\n\t<meta property=\"og:image:width\" content=\"1000\" \/>\n\t<meta property=\"og:image:height\" content=\"1000\" \/>\n<meta name=\"twitter:card\" content=\"summary_large_image\" \/>\n<meta name=\"twitter:label1\" content=\"Preis\" \/>\n\t<meta name=\"twitter:data1\" content=\"&euro;2.99\" \/>\n\t<meta name=\"twitter:label2\" content=\"Availability\" \/>\n\t<meta name=\"twitter:data2\" content=\"In stock\" \/>\n<script type=\"application\/ld+json\" class=\"yoast-schema-graph\">{\"@context\":\"https:\/\/schema.org\",\"@graph\":[{\"@type\":\"WebSite\",\"@id\":\"https:\/\/embroiderydownload.com\/fr\/#website\",\"url\":\"https:\/\/embroiderydownload.com\/fr\/\",\"name\":\"EmbroideryDownload\",\"description\":\"Embroidery Designs Instant Digital Download\",\"potentialAction\":[{\"@type\":\"SearchAction\",\"target\":{\"@type\":\"EntryPoint\",\"urlTemplate\":\"https:\/\/embroiderydownload.com\/fr\/?s={search_term_string}\"},\"query-input\":\"required name=search_term_string\"}],\"inLanguage\":\"de-DE\"},{\"@type\":\"ImageObject\",\"@id\":\"https:\/\/embroiderydownload.com\/products\/stormtroopers-logo-embroidery-design-download\/#primaryimage\",\"inLanguage\":\"de-DE\",\"url\":\"https:\/\/embroiderydownload.com\/wp-content\/uploads\/2021\/10\/Embroidered-troopers-1.jpg\",\"contentUrl\":\"https:\/\/embroiderydownload.com\/wp-content\/uploads\/2021\/10\/Embroidered-troopers-1.jpg\",\"width\":1000,\"height\":1000},{\"@type\":\"WebPage\",\"@id\":\"https:\/\/embroiderydownload.com\/products\/stormtroopers-logo-embroidery-design-download\/#webpage\",\"url\":\"https:\/\/embroiderydownload.com\/products\/stormtroopers-logo-embroidery-design-download\/\",\"name\":\"Stormtroopers Logo Embroidery Design Download - EmbroideryDownload\",\"isPartOf\":{\"@id\":\"https:\/\/embroiderydownload.com\/fr\/#website\"},\"primaryImageOfPage\":{\"@id\":\"https:\/\/embroiderydownload.com\/products\/stormtroopers-logo-embroidery-design-download\/#primaryimage\"},\"datePublished\":\"2021-10-27T17:38:56+00:00\",\"dateModified\":\"2023-03-23T13:11:36+00:00\",\"description\":\"Download the Stormtroopers Logo Embroidery Design and add a touch of the dark side to your projects.\",\"breadcrumb\":{\"@id\":\"https:\/\/embroiderydownload.com\/products\/stormtroopers-logo-embroidery-design-download\/#breadcrumb\"},\"inLanguage\":\"de-DE\",\"potentialAction\":[{\"@type\":\"ReadAction\",\"target\":[\"https:\/\/embroiderydownload.com\/products\/stormtroopers-logo-embroidery-design-download\/\"]}]},{\"@type\":\"BreadcrumbList\",\"@id\":\"https:\/\/embroiderydownload.com\/products\/stormtroopers-logo-embroidery-design-download\/#breadcrumb\",\"itemListElement\":[{\"@type\":\"ListItem\",\"position\":1,\"name\":\"Shop\",\"item\":\"https:\/\/embroiderydownload.com\/it\/negozio-2\/\"},{\"@type\":\"ListItem\",\"position\":2,\"name\":\"Stormtroopers Logo Embroidery Design Download\"}]}]}<\/script>\n<!-- \/ Yoast SEO plugin. -->","yoast_head_json":{"title":"Stormtroopers Logo Embroidery Design Download - EmbroideryDownload","description":"Download the Stormtroopers Logo Embroidery Design and add a touch of the dark side to your projects.","robots":{"index":"index","follow":"follow","max-snippet":"max-snippet:-1","max-image-preview":"max-image-preview:large","max-video-preview":"max-video-preview:-1"},"canonical":"https:\/\/embroiderydownload.com\/de\/products\/stickmuster-fur-stickmaschinen-download-sturmtruppen-logo\/","og_locale":"de_DE","og_type":"article","og_title":"Stormtroopers Logo Embroidery Design Download - EmbroideryDownload","og_description":"Download the Stormtroopers Logo Embroidery Design and add a touch of the dark side to your projects.","og_url":"https:\/\/embroiderydownload.com\/de\/products\/stickmuster-fur-stickmaschinen-download-sturmtruppen-logo\/","og_site_name":"EmbroideryDownload","article_modified_time":"2023-03-23T13:11:36+00:00","og_image":[{"width":1000,"height":1000,"url":"https:\/\/embroiderydownload.com\/wp-content\/uploads\/2021\/10\/Embroidered-troopers-1.jpg","type":"image\/jpeg"}],"twitter_card":"summary_large_image","twitter_misc":{"Preis":"&euro;2.99","Availability":"In stock"},"schema":{"@context":"https:\/\/schema.org","@graph":[{"@type":"WebSite","@id":"https:\/\/embroiderydownload.com\/fr\/#website","url":"https:\/\/embroiderydownload.com\/fr\/","name":"EmbroideryDownload","description":"Embroidery Designs Instant Digital Download","potentialAction":[{"@type":"SearchAction","target":{"@type":"EntryPoint","urlTemplate":"https:\/\/embroiderydownload.com\/fr\/?s={search_term_string}"},"query-input":"required name=search_term_string"}],"inLanguage":"de-DE"},{"@type":"ImageObject","@id":"https:\/\/embroiderydownload.com\/products\/stormtroopers-logo-embroidery-design-download\/#primaryimage","inLanguage":"de-DE","url":"https:\/\/embroiderydownload.com\/wp-content\/uploads\/2021\/10\/Embroidered-troopers-1.jpg","contentUrl":"https:\/\/embroiderydownload.com\/wp-content\/uploads\/2021\/10\/Embroidered-troopers-1.jpg","width":1000,"height":1000},{"@type":"WebPage","@id":"https:\/\/embroiderydownload.com\/products\/stormtroopers-logo-embroidery-design-download\/#webpage","url":"https:\/\/embroiderydownload.com\/products\/stormtroopers-logo-embroidery-design-download\/","name":"Stormtroopers Logo Embroidery Design Download - EmbroideryDownload","isPartOf":{"@id":"https:\/\/embroiderydownload.com\/fr\/#website"},"primaryImageOfPage":{"@id":"https:\/\/embroiderydownload.com\/products\/stormtroopers-logo-embroidery-design-download\/#primaryimage"},"datePublished":"2021-10-27T17:38:56+00:00","dateModified":"2023-03-23T13:11:36+00:00","description":"Download the Stormtroopers Logo Embroidery Design and add a touch of the dark side to your projects.","breadcrumb":{"@id":"https:\/\/embroiderydownload.com\/products\/stormtroopers-logo-embroidery-design-download\/#breadcrumb"},"inLanguage":"de-DE","potentialAction":[{"@type":"ReadAction","target":["https:\/\/embroiderydownload.com\/products\/stormtroopers-logo-embroidery-design-download\/"]}]},{"@type":"BreadcrumbList","@id":"https:\/\/embroiderydownload.com\/products\/stormtroopers-logo-embroidery-design-download\/#breadcrumb","itemListElement":[{"@type":"ListItem","position":1,"name":"Shop","item":"https:\/\/embroiderydownload.com\/it\/negozio-2\/"},{"@type":"ListItem","position":2,"name":"Stormtroopers Logo Embroidery Design Download"}]}]}},"_links":{"self":[{"href":"https:\/\/embroiderydownload.com\/de\/wp-json\/wp\/v2\/product\/101794"}],"collection":[{"href":"https:\/\/embroiderydownload.com\/de\/wp-json\/wp\/v2\/product"}],"about":[{"href":"https:\/\/embroiderydownload.com\/de\/wp-json\/wp\/v2\/types\/product"}],"version-history":[{"count":1,"href":"https:\/\/embroiderydownload.com\/de\/wp-json\/wp\/v2\/product\/101794\/revisions"}],"predecessor-version":[{"id":199439,"href":"https:\/\/embroiderydownload.com\/de\/wp-json\/wp\/v2\/product\/101794\/revisions\/199439"}],"wp:featuredmedia":[{"embeddable":true,"href":"https:\/\/embroiderydownload.com\/de\/wp-json\/wp\/v2\/media\/101795"}],"wp:attachment":[{"href":"https:\/\/embroiderydownload.com\/de\/wp-json\/wp\/v2\/media?parent=101794"}],"wp:term":[{"taxonomy":"product_cat","embeddable":true,"href":"https:\/\/embroiderydownload.com\/de\/wp-json\/wp\/v2\/product_cat?post=101794"},{"taxonomy":"product_tag","embeddable":true,"href":"https:\/\/embroiderydownload.com\/de\/wp-json\/wp\/v2\/product_tag?post=101794"}],"curies":[{"name":"wp","href":"https:\/\/api.w.org\/{rel}","templated":true}]}}