{"id":205737,"date":"2023-03-31T10:18:50","date_gmt":"2023-03-31T08:18:50","guid":{"rendered":"https:\/\/embroiderydownload.com\/?post_type=product&#038;p=205737"},"modified":"2024-02-28T15:40:31","modified_gmt":"2024-02-28T14:40:31","slug":"sweet-butterfly-embroidery-design-download","status":"publish","type":"product","link":"https:\/\/embroiderydownload.com\/de\/products\/stickmuster-fur-stickmaschinen-download-suser-schmetterling-stickmuster-fur-stickmaschinen-download\/","title":{"rendered":"S\u00fc\u00dfer Schmetterling Stickmuster F\u00fcr Stickmaschinen Download"},"content":{"rendered":"<p>S\u00fc\u00dfer Schmetterling professionelles Stickmuster f\u00fcr Stickmaschinen download digital Sofortiger digitaler download. Hochwertiges Stickmaschinendesign.<\/p>\n<p>\u2605 Gr\u00f6\u00dfe 2,96 \u00d7 1,87 inch - 75,30 x 47,50 mm - Stiche: 6307<\/p>\n<p>\u2605 Gr\u00f6\u00dfe 3,70 \u00d7 2,33 inch - 93,90 x 59,30 mm - Stiche: 8414<\/p>\n<p>\u2605 Gr\u00f6\u00dfe 4,62 \u00d7 2,91 inch - 117,50 x 74,10 mm - Stiche: 11047<\/p>\n<p>\u2605 Gr\u00f6\u00dfe 5,77 \u00d7 3,64 inch - 146,80 x 92,70 mm - Stiche: 15454<\/p>\n<p>&nbsp;<\/p>\n<p>\u2605 Formate, die beim Kauf in einer ZIP-Datei enthalten sind<\/p>\n<ul>\n<li>Deco, Brother, Baby Lock:\u00a0<strong>PES, PEC<\/strong><\/li>\n<li>Husqvarna, Viking:\u00a0<strong>HUS<\/strong><\/li>\n<li>Janome, Elna, Kenmore:\u00a0<strong>JEF<\/strong><\/li>\n<li>Melco:\u00a0<strong>EXP<\/strong><\/li>\n<li>Compucon, Singer:\u00a0<strong>XXX<\/strong><\/li>\n<li>Tajima:\u00a0<strong>DST<\/strong><\/li>\n<li>Pfaff:<b>\u00a0VIP, VP3<\/b><\/li>\n<li>Bernina: <b>KUNST<\/b><\/li>\n<\/ul>\n<div id=\"gtx-trans\" style=\"position: absolute; left: 245px; top: 33px;\">\n<div class=\"gtx-trans-icon\"><\/div>\n<\/div>","protected":false},"excerpt":{"rendered":"<style>.elementor-204929 .elementor-element.elementor-element-95a9a0b{margin-top:0px;margin-bottom:0px;padding:0px 0px 0px 0px;overflow:visible;}.elementor-204929 .elementor-element.elementor-element-84e32b5 > .elementor-element-populated{margin:0px 0px 0px 0px;--e-column-margin-right:0px;--e-column-margin-left:0px;padding:0px 0px 0px 0px;}.elementor-204929 .elementor-element.elementor-element-4e302eb{text-align:left;}<\/style>\n<div class=\"porto-block elementor elementor-204929\" data-id=\"204929\">\n<section class=\"elementor-section elementor-top-section elementor-element elementor-element-95a9a0b elementor-section-full_width elementor-section-height-default elementor-section-height-default\" data-id=\"95a9a0b\" data-element_type=\"section\" data-settings=\"{&quot;ekit_has_onepagescroll_dot&quot;:&quot;yes&quot;}\">\n<div class=\"elementor-container elementor-column-gap-default\">\n<div class=\"elementor-column elementor-col-100 elementor-top-column elementor-element elementor-element-84e32b5\" data-id=\"84e32b5\" data-element_type=\"column\">\n<div class=\"elementor-widget-wrap elementor-element-populated\">\n<div class=\"elementor-element elementor-element-4e302eb elementor-widget elementor-widget-image\" data-id=\"4e302eb\" data-element_type=\"widget\" data-settings=\"{&quot;ekit_we_effect_on&quot;:&quot;none&quot;}\" data-widget_type=\"image.default\">\n<div class=\"elementor-widget-container\">\n<style>\/*! elementor - v3.12.1 - 02-04-2023 *\/\n.elementor-widget-image{text-align:center}.elementor-widget-image a{display:inline-block}.elementor-widget-image a img[src$=\".svg\"]{width:48px}.elementor-widget-image img{vertical-align:middle;display:inline-block}<\/style>\n<p>\t\t\t\t\t\t\t\t\t\t\t\t<img decoding=\"async\" width=\"300\" height=\"84\" src=\"https:\/\/embroiderydownload.com\/wp-content\/uploads\/2022\/11\/icons-values-eng.svg\" class=\"attachment-large size-large wp-image-204901\" alt=\"\" loading=\"lazy\" \/>\t\t\t\t\t\t\t\t\t\t\t\t\t\t\t<\/div>\n<\/p><\/div>\n<\/p><\/div>\n<\/p><\/div>\n<\/p><\/div>\n<\/section><\/div>","protected":false},"featured_media":205747,"template":"","meta":[],"product_cat":[12149],"product_tag":[38,211,354],"yoast_head":"<!-- This site is optimized with the Yoast SEO plugin v17.5 - https:\/\/yoast.com\/wordpress\/plugins\/seo\/ -->\n<title>Sweet Butterfly Embroidery Design Download - EmbroideryDownload<\/title>\n<meta name=\"description\" content=\"Bring a touch of nature to your embroidery projects with our stunning Sweet Butterfly design. Download now!\" \/>\n<meta name=\"robots\" content=\"index, follow, max-snippet:-1, max-image-preview:large, max-video-preview:-1\" \/>\n<link rel=\"canonical\" href=\"https:\/\/embroiderydownload.com\/de\/prodotti\/disegno-ricamo-da-scaricare-gratis-per-macchina-da-scaricare-2\/\" \/>\n<meta property=\"og:locale\" content=\"de_DE\" \/>\n<meta property=\"og:type\" content=\"article\" \/>\n<meta property=\"og:title\" content=\"Sweet Butterfly Embroidery Design Download - EmbroideryDownload\" \/>\n<meta property=\"og:description\" content=\"Bring a touch of nature to your embroidery projects with our stunning Sweet Butterfly design. Download now!\" \/>\n<meta property=\"og:url\" content=\"https:\/\/embroiderydownload.com\/de\/prodotti\/disegno-ricamo-da-scaricare-gratis-per-macchina-da-scaricare-2\/\" \/>\n<meta property=\"og:site_name\" content=\"EmbroideryDownload\" \/>\n<meta property=\"article:modified_time\" content=\"2024-02-28T14:40:31+00:00\" \/>\n<meta property=\"og:image\" content=\"https:\/\/embroiderydownload.com\/wp-content\/uploads\/2023\/03\/Mockup-Bordados-Sweet-Butterfly.jpg\" \/>\n\t<meta property=\"og:image:width\" content=\"800\" \/>\n\t<meta property=\"og:image:height\" content=\"800\" \/>\n<meta name=\"twitter:card\" content=\"summary_large_image\" \/>\n<meta name=\"twitter:label1\" content=\"Preis\" \/>\n\t<meta name=\"twitter:data1\" content=\"&euro;5.99\" \/>\n\t<meta name=\"twitter:label2\" content=\"Availability\" \/>\n\t<meta name=\"twitter:data2\" content=\"In stock\" \/>\n<script type=\"application\/ld+json\" class=\"yoast-schema-graph\">{\"@context\":\"https:\/\/schema.org\",\"@graph\":[{\"@type\":\"WebSite\",\"@id\":\"https:\/\/embroiderydownload.com\/fr\/#website\",\"url\":\"https:\/\/embroiderydownload.com\/fr\/\",\"name\":\"EmbroideryDownload\",\"description\":\"Embroidery Designs Instant Digital Download\",\"potentialAction\":[{\"@type\":\"SearchAction\",\"target\":{\"@type\":\"EntryPoint\",\"urlTemplate\":\"https:\/\/embroiderydownload.com\/fr\/?s={search_term_string}\"},\"query-input\":\"required name=search_term_string\"}],\"inLanguage\":\"de-DE\"},{\"@type\":\"ImageObject\",\"@id\":\"https:\/\/embroiderydownload.com\/it\/prodotti\/disegno-ricamo-da-scaricare-gratis-per-macchina-da-scaricare-2\/#primaryimage\",\"inLanguage\":\"de-DE\",\"url\":\"https:\/\/embroiderydownload.com\/wp-content\/uploads\/2023\/03\/Mockup-Bordados-Sweet-Butterfly.jpg\",\"contentUrl\":\"https:\/\/embroiderydownload.com\/wp-content\/uploads\/2023\/03\/Mockup-Bordados-Sweet-Butterfly.jpg\",\"width\":800,\"height\":800,\"caption\":\"sweet-butterfly-embroidery-design-download\"},{\"@type\":\"WebPage\",\"@id\":\"https:\/\/embroiderydownload.com\/it\/prodotti\/disegno-ricamo-da-scaricare-gratis-per-macchina-da-scaricare-2\/#webpage\",\"url\":\"https:\/\/embroiderydownload.com\/it\/prodotti\/disegno-ricamo-da-scaricare-gratis-per-macchina-da-scaricare-2\/\",\"name\":\"Sweet Butterfly Embroidery Design Download - EmbroideryDownload\",\"isPartOf\":{\"@id\":\"https:\/\/embroiderydownload.com\/fr\/#website\"},\"primaryImageOfPage\":{\"@id\":\"https:\/\/embroiderydownload.com\/it\/prodotti\/disegno-ricamo-da-scaricare-gratis-per-macchina-da-scaricare-2\/#primaryimage\"},\"datePublished\":\"2023-03-31T08:18:50+00:00\",\"dateModified\":\"2024-02-28T14:40:31+00:00\",\"description\":\"Bring a touch of nature to your embroidery projects with our stunning Sweet Butterfly design. Download now!\",\"breadcrumb\":{\"@id\":\"https:\/\/embroiderydownload.com\/it\/prodotti\/disegno-ricamo-da-scaricare-gratis-per-macchina-da-scaricare-2\/#breadcrumb\"},\"inLanguage\":\"de-DE\",\"potentialAction\":[{\"@type\":\"ReadAction\",\"target\":[\"https:\/\/embroiderydownload.com\/it\/prodotti\/disegno-ricamo-da-scaricare-gratis-per-macchina-da-scaricare-2\/\"]}]},{\"@type\":\"BreadcrumbList\",\"@id\":\"https:\/\/embroiderydownload.com\/it\/prodotti\/disegno-ricamo-da-scaricare-gratis-per-macchina-da-scaricare-2\/#breadcrumb\",\"itemListElement\":[{\"@type\":\"ListItem\",\"position\":1,\"name\":\"Shop\",\"item\":\"https:\/\/embroiderydownload.com\/it\/negozio-2\/\"},{\"@type\":\"ListItem\",\"position\":2,\"name\":\"Sweet Butterfly Embroidery Design Download\"}]}]}<\/script>\n<!-- \/ Yoast SEO plugin. -->","yoast_head_json":{"title":"Sweet Butterfly Embroidery Design Download - EmbroideryDownload","description":"Bring a touch of nature to your embroidery projects with our stunning Sweet Butterfly design. Download now!","robots":{"index":"index","follow":"follow","max-snippet":"max-snippet:-1","max-image-preview":"max-image-preview:large","max-video-preview":"max-video-preview:-1"},"canonical":"https:\/\/embroiderydownload.com\/de\/prodotti\/disegno-ricamo-da-scaricare-gratis-per-macchina-da-scaricare-2\/","og_locale":"de_DE","og_type":"article","og_title":"Sweet Butterfly Embroidery Design Download - EmbroideryDownload","og_description":"Bring a touch of nature to your embroidery projects with our stunning Sweet Butterfly design. Download now!","og_url":"https:\/\/embroiderydownload.com\/de\/prodotti\/disegno-ricamo-da-scaricare-gratis-per-macchina-da-scaricare-2\/","og_site_name":"EmbroideryDownload","article_modified_time":"2024-02-28T14:40:31+00:00","og_image":[{"width":800,"height":800,"url":"https:\/\/embroiderydownload.com\/wp-content\/uploads\/2023\/03\/Mockup-Bordados-Sweet-Butterfly.jpg","type":"image\/jpeg"}],"twitter_card":"summary_large_image","twitter_misc":{"Preis":"&euro;5.99","Availability":"In stock"},"schema":{"@context":"https:\/\/schema.org","@graph":[{"@type":"WebSite","@id":"https:\/\/embroiderydownload.com\/fr\/#website","url":"https:\/\/embroiderydownload.com\/fr\/","name":"EmbroideryDownload","description":"Embroidery Designs Instant Digital Download","potentialAction":[{"@type":"SearchAction","target":{"@type":"EntryPoint","urlTemplate":"https:\/\/embroiderydownload.com\/fr\/?s={search_term_string}"},"query-input":"required name=search_term_string"}],"inLanguage":"de-DE"},{"@type":"ImageObject","@id":"https:\/\/embroiderydownload.com\/it\/prodotti\/disegno-ricamo-da-scaricare-gratis-per-macchina-da-scaricare-2\/#primaryimage","inLanguage":"de-DE","url":"https:\/\/embroiderydownload.com\/wp-content\/uploads\/2023\/03\/Mockup-Bordados-Sweet-Butterfly.jpg","contentUrl":"https:\/\/embroiderydownload.com\/wp-content\/uploads\/2023\/03\/Mockup-Bordados-Sweet-Butterfly.jpg","width":800,"height":800,"caption":"sweet-butterfly-embroidery-design-download"},{"@type":"WebPage","@id":"https:\/\/embroiderydownload.com\/it\/prodotti\/disegno-ricamo-da-scaricare-gratis-per-macchina-da-scaricare-2\/#webpage","url":"https:\/\/embroiderydownload.com\/it\/prodotti\/disegno-ricamo-da-scaricare-gratis-per-macchina-da-scaricare-2\/","name":"Sweet Butterfly Embroidery Design Download - EmbroideryDownload","isPartOf":{"@id":"https:\/\/embroiderydownload.com\/fr\/#website"},"primaryImageOfPage":{"@id":"https:\/\/embroiderydownload.com\/it\/prodotti\/disegno-ricamo-da-scaricare-gratis-per-macchina-da-scaricare-2\/#primaryimage"},"datePublished":"2023-03-31T08:18:50+00:00","dateModified":"2024-02-28T14:40:31+00:00","description":"Bring a touch of nature to your embroidery projects with our stunning Sweet Butterfly design. Download now!","breadcrumb":{"@id":"https:\/\/embroiderydownload.com\/it\/prodotti\/disegno-ricamo-da-scaricare-gratis-per-macchina-da-scaricare-2\/#breadcrumb"},"inLanguage":"de-DE","potentialAction":[{"@type":"ReadAction","target":["https:\/\/embroiderydownload.com\/it\/prodotti\/disegno-ricamo-da-scaricare-gratis-per-macchina-da-scaricare-2\/"]}]},{"@type":"BreadcrumbList","@id":"https:\/\/embroiderydownload.com\/it\/prodotti\/disegno-ricamo-da-scaricare-gratis-per-macchina-da-scaricare-2\/#breadcrumb","itemListElement":[{"@type":"ListItem","position":1,"name":"Shop","item":"https:\/\/embroiderydownload.com\/it\/negozio-2\/"},{"@type":"ListItem","position":2,"name":"Sweet Butterfly Embroidery Design Download"}]}]}},"_links":{"self":[{"href":"https:\/\/embroiderydownload.com\/de\/wp-json\/wp\/v2\/product\/205737"}],"collection":[{"href":"https:\/\/embroiderydownload.com\/de\/wp-json\/wp\/v2\/product"}],"about":[{"href":"https:\/\/embroiderydownload.com\/de\/wp-json\/wp\/v2\/types\/product"}],"version-history":[{"count":2,"href":"https:\/\/embroiderydownload.com\/de\/wp-json\/wp\/v2\/product\/205737\/revisions"}],"predecessor-version":[{"id":205768,"href":"https:\/\/embroiderydownload.com\/de\/wp-json\/wp\/v2\/product\/205737\/revisions\/205768"}],"wp:featuredmedia":[{"embeddable":true,"href":"https:\/\/embroiderydownload.com\/de\/wp-json\/wp\/v2\/media\/205747"}],"wp:attachment":[{"href":"https:\/\/embroiderydownload.com\/de\/wp-json\/wp\/v2\/media?parent=205737"}],"wp:term":[{"taxonomy":"product_cat","embeddable":true,"href":"https:\/\/embroiderydownload.com\/de\/wp-json\/wp\/v2\/product_cat?post=205737"},{"taxonomy":"product_tag","embeddable":true,"href":"https:\/\/embroiderydownload.com\/de\/wp-json\/wp\/v2\/product_tag?post=205737"}],"curies":[{"name":"wp","href":"https:\/\/api.w.org\/{rel}","templated":true}]}}