{"id":209899,"date":"2023-09-09T19:54:07","date_gmt":"2023-09-09T17:54:07","guid":{"rendered":"https:\/\/embroiderydownload.com\/?post_type=product&#038;p=209899"},"modified":"2024-02-28T15:39:29","modified_gmt":"2024-02-28T14:39:29","slug":"barnet-fc-logo-2-embroidery-design-download","status":"publish","type":"product","link":"https:\/\/embroiderydownload.com\/de\/products\/barnet-fc-logo-2-stickmuster-fur-stickmaschinen-download\/","title":{"rendered":"Barnet FC Logo 2 Stickmuster F\u00fcr Stickmaschinen Download"},"content":{"rendered":"<p>Der Barnet FC Logo 2 Stickmuster F\u00fcr Stickmaschinen Download ist ein Muss f\u00fcr alle Fu\u00dfballfans und Stickliebhaber. Dieses aufwendige Design ist perfekt, um Ihre Kleidung, Accessoires, Wohndekoration und vieles mehr zu personalisieren.<\/p>\n<p>\u2605 Gr\u00f6\u00dfe 2,82 \u00d7 3,93 Zoll - 71,6 x 99,8 mm - Stiche: 25458<br \/>\n\u2605 Gr\u00f6\u00dfe 3.13 \u00d7 4.36 inch - 79.4 x 110.8 mm - Stiche: 29367<br \/>\n\u2605 Gr\u00f6\u00dfe 3,42 \u00d7 4,77 Zoll - 86,8 x 121,2 mm - Stiche: 33026<br \/>\n\u2605 Gr\u00f6\u00dfe 3,96 \u00d7 5,52 Zoll - 100,6 x 140,4 mm - Stiche: 40677<\/p>\n<p>Beim Kauf erhalten Sie eine ZIP-Datei, die die folgenden Formate enth\u00e4lt:<\/p>\n<p>Bernina: ART<br \/>\nTajima: DST<br \/>\nMelco: EXP<br \/>\nHusqvarna, Wikinger: HUS<br \/>\nJanome, Elna, Kenmore: JEF, JEF+<br \/>\nBruder, Baby Lock: PEC, PES<br \/>\nSinger: PHC, XXX<br \/>\nSonstiges: SHV<\/p>","protected":false},"excerpt":{"rendered":"<p>Der Barnet FC Logo 2 Stickmuster F\u00fcr Stickmaschinen Download ist ein Muss f\u00fcr alle Fu\u00dfballfans und Stickliebhaber. Dieses aufwendige Design ist perfekt, um Ihre Kleidungsst\u00fccke, Accessoires, Wohndekoration und vieles mehr zu personalisieren. \u2605 Gr\u00f6\u00dfe 2.82 \u00d7 3.93 inch - 71.6 x 99.8 mm - Stiche: 25458 \u2605 Gr\u00f6\u00dfe 3.13 \u00d7 4.36 inch - 79.4 x [...]<\/p>","protected":false},"featured_media":209765,"template":"","meta":[],"product_cat":[12292],"product_tag":[],"yoast_head":"<!-- This site is optimized with the Yoast SEO plugin v17.5 - https:\/\/yoast.com\/wordpress\/plugins\/seo\/ -->\n<title>Barnet FC Logo 2 Embroidery Design Download<\/title>\n<meta name=\"description\" content=\"Download Barnet FC Logo 2 Embroidery Design. Perfect for football fans, enhance your embroidery collection now!\" \/>\n<meta name=\"robots\" content=\"index, follow, max-snippet:-1, max-image-preview:large, max-video-preview:-1\" \/>\n<link rel=\"canonical\" href=\"https:\/\/embroiderydownload.com\/de\/products\/barnet-fc-logo-2-stickmuster-fur-stickmaschinen-download\/\" \/>\n<meta property=\"og:locale\" content=\"de_DE\" \/>\n<meta property=\"og:type\" content=\"article\" \/>\n<meta property=\"og:title\" content=\"Barnet FC Logo 2 Embroidery Design Download\" \/>\n<meta property=\"og:description\" content=\"Download Barnet FC Logo 2 Embroidery Design. Perfect for football fans, enhance your embroidery collection now!\" \/>\n<meta property=\"og:url\" content=\"https:\/\/embroiderydownload.com\/de\/products\/barnet-fc-logo-2-stickmuster-fur-stickmaschinen-download\/\" \/>\n<meta property=\"og:site_name\" content=\"EmbroideryDownload\" \/>\n<meta property=\"article:modified_time\" content=\"2024-02-28T14:39:29+00:00\" \/>\n<meta property=\"og:image\" content=\"https:\/\/embroiderydownload.com\/wp-content\/uploads\/2023\/09\/barnet-fc-logo-2-embroidery-design-logo.jpg\" \/>\n\t<meta property=\"og:image:width\" content=\"1312\" \/>\n\t<meta property=\"og:image:height\" content=\"1312\" \/>\n<meta name=\"twitter:card\" content=\"summary_large_image\" \/>\n<meta name=\"twitter:label1\" content=\"Preis\" \/>\n\t<meta name=\"twitter:data1\" content=\"&euro;6.99\" \/>\n\t<meta name=\"twitter:label2\" content=\"Availability\" \/>\n\t<meta name=\"twitter:data2\" content=\"In stock\" \/>\n<script type=\"application\/ld+json\" class=\"yoast-schema-graph\">{\"@context\":\"https:\/\/schema.org\",\"@graph\":[{\"@type\":\"WebSite\",\"@id\":\"https:\/\/embroiderydownload.com\/fr\/#website\",\"url\":\"https:\/\/embroiderydownload.com\/fr\/\",\"name\":\"EmbroideryDownload\",\"description\":\"Embroidery Designs Instant Digital Download\",\"potentialAction\":[{\"@type\":\"SearchAction\",\"target\":{\"@type\":\"EntryPoint\",\"urlTemplate\":\"https:\/\/embroiderydownload.com\/fr\/?s={search_term_string}\"},\"query-input\":\"required name=search_term_string\"}],\"inLanguage\":\"de-DE\"},{\"@type\":\"ImageObject\",\"@id\":\"https:\/\/embroiderydownload.com\/products\/barnet-fc-logo-2-embroidery-design-download\/#primaryimage\",\"inLanguage\":\"de-DE\",\"url\":\"https:\/\/embroiderydownload.com\/wp-content\/uploads\/2023\/09\/barnet-fc-logo-2-embroidery-design-logo.jpg\",\"contentUrl\":\"https:\/\/embroiderydownload.com\/wp-content\/uploads\/2023\/09\/barnet-fc-logo-2-embroidery-design-logo.jpg\",\"width\":1312,\"height\":1312},{\"@type\":\"WebPage\",\"@id\":\"https:\/\/embroiderydownload.com\/products\/barnet-fc-logo-2-embroidery-design-download\/#webpage\",\"url\":\"https:\/\/embroiderydownload.com\/products\/barnet-fc-logo-2-embroidery-design-download\/\",\"name\":\"Barnet FC Logo 2 Embroidery Design Download\",\"isPartOf\":{\"@id\":\"https:\/\/embroiderydownload.com\/fr\/#website\"},\"primaryImageOfPage\":{\"@id\":\"https:\/\/embroiderydownload.com\/products\/barnet-fc-logo-2-embroidery-design-download\/#primaryimage\"},\"datePublished\":\"2023-09-09T17:54:07+00:00\",\"dateModified\":\"2024-02-28T14:39:29+00:00\",\"description\":\"Download Barnet FC Logo 2 Embroidery Design. Perfect for football fans, enhance your embroidery collection now!\",\"breadcrumb\":{\"@id\":\"https:\/\/embroiderydownload.com\/products\/barnet-fc-logo-2-embroidery-design-download\/#breadcrumb\"},\"inLanguage\":\"de-DE\",\"potentialAction\":[{\"@type\":\"ReadAction\",\"target\":[\"https:\/\/embroiderydownload.com\/products\/barnet-fc-logo-2-embroidery-design-download\/\"]}]},{\"@type\":\"BreadcrumbList\",\"@id\":\"https:\/\/embroiderydownload.com\/products\/barnet-fc-logo-2-embroidery-design-download\/#breadcrumb\",\"itemListElement\":[{\"@type\":\"ListItem\",\"position\":1,\"name\":\"Shop\",\"item\":\"https:\/\/embroiderydownload.com\/it\/negozio-2\/\"},{\"@type\":\"ListItem\",\"position\":2,\"name\":\"Barnet FC Logo 2 Embroidery Design Download\"}]}]}<\/script>\n<!-- \/ Yoast SEO plugin. -->","yoast_head_json":{"title":"Barnet FC Logo 2 Embroidery Design Download","description":"Download Barnet FC Logo 2 Embroidery Design. Perfect for football fans, enhance your embroidery collection now!","robots":{"index":"index","follow":"follow","max-snippet":"max-snippet:-1","max-image-preview":"max-image-preview:large","max-video-preview":"max-video-preview:-1"},"canonical":"https:\/\/embroiderydownload.com\/de\/products\/barnet-fc-logo-2-stickmuster-fur-stickmaschinen-download\/","og_locale":"de_DE","og_type":"article","og_title":"Barnet FC Logo 2 Embroidery Design Download","og_description":"Download Barnet FC Logo 2 Embroidery Design. Perfect for football fans, enhance your embroidery collection now!","og_url":"https:\/\/embroiderydownload.com\/de\/products\/barnet-fc-logo-2-stickmuster-fur-stickmaschinen-download\/","og_site_name":"EmbroideryDownload","article_modified_time":"2024-02-28T14:39:29+00:00","og_image":[{"width":1312,"height":1312,"url":"https:\/\/embroiderydownload.com\/wp-content\/uploads\/2023\/09\/barnet-fc-logo-2-embroidery-design-logo.jpg","type":"image\/jpeg"}],"twitter_card":"summary_large_image","twitter_misc":{"Preis":"&euro;6.99","Availability":"In stock"},"schema":{"@context":"https:\/\/schema.org","@graph":[{"@type":"WebSite","@id":"https:\/\/embroiderydownload.com\/fr\/#website","url":"https:\/\/embroiderydownload.com\/fr\/","name":"EmbroideryDownload","description":"Embroidery Designs Instant Digital Download","potentialAction":[{"@type":"SearchAction","target":{"@type":"EntryPoint","urlTemplate":"https:\/\/embroiderydownload.com\/fr\/?s={search_term_string}"},"query-input":"required name=search_term_string"}],"inLanguage":"de-DE"},{"@type":"ImageObject","@id":"https:\/\/embroiderydownload.com\/products\/barnet-fc-logo-2-embroidery-design-download\/#primaryimage","inLanguage":"de-DE","url":"https:\/\/embroiderydownload.com\/wp-content\/uploads\/2023\/09\/barnet-fc-logo-2-embroidery-design-logo.jpg","contentUrl":"https:\/\/embroiderydownload.com\/wp-content\/uploads\/2023\/09\/barnet-fc-logo-2-embroidery-design-logo.jpg","width":1312,"height":1312},{"@type":"WebPage","@id":"https:\/\/embroiderydownload.com\/products\/barnet-fc-logo-2-embroidery-design-download\/#webpage","url":"https:\/\/embroiderydownload.com\/products\/barnet-fc-logo-2-embroidery-design-download\/","name":"Barnet FC Logo 2 Embroidery Design Download","isPartOf":{"@id":"https:\/\/embroiderydownload.com\/fr\/#website"},"primaryImageOfPage":{"@id":"https:\/\/embroiderydownload.com\/products\/barnet-fc-logo-2-embroidery-design-download\/#primaryimage"},"datePublished":"2023-09-09T17:54:07+00:00","dateModified":"2024-02-28T14:39:29+00:00","description":"Download Barnet FC Logo 2 Embroidery Design. Perfect for football fans, enhance your embroidery collection now!","breadcrumb":{"@id":"https:\/\/embroiderydownload.com\/products\/barnet-fc-logo-2-embroidery-design-download\/#breadcrumb"},"inLanguage":"de-DE","potentialAction":[{"@type":"ReadAction","target":["https:\/\/embroiderydownload.com\/products\/barnet-fc-logo-2-embroidery-design-download\/"]}]},{"@type":"BreadcrumbList","@id":"https:\/\/embroiderydownload.com\/products\/barnet-fc-logo-2-embroidery-design-download\/#breadcrumb","itemListElement":[{"@type":"ListItem","position":1,"name":"Shop","item":"https:\/\/embroiderydownload.com\/it\/negozio-2\/"},{"@type":"ListItem","position":2,"name":"Barnet FC Logo 2 Embroidery Design Download"}]}]}},"_links":{"self":[{"href":"https:\/\/embroiderydownload.com\/de\/wp-json\/wp\/v2\/product\/209899"}],"collection":[{"href":"https:\/\/embroiderydownload.com\/de\/wp-json\/wp\/v2\/product"}],"about":[{"href":"https:\/\/embroiderydownload.com\/de\/wp-json\/wp\/v2\/types\/product"}],"version-history":[{"count":1,"href":"https:\/\/embroiderydownload.com\/de\/wp-json\/wp\/v2\/product\/209899\/revisions"}],"predecessor-version":[{"id":209991,"href":"https:\/\/embroiderydownload.com\/de\/wp-json\/wp\/v2\/product\/209899\/revisions\/209991"}],"wp:featuredmedia":[{"embeddable":true,"href":"https:\/\/embroiderydownload.com\/de\/wp-json\/wp\/v2\/media\/209765"}],"wp:attachment":[{"href":"https:\/\/embroiderydownload.com\/de\/wp-json\/wp\/v2\/media?parent=209899"}],"wp:term":[{"taxonomy":"product_cat","embeddable":true,"href":"https:\/\/embroiderydownload.com\/de\/wp-json\/wp\/v2\/product_cat?post=209899"},{"taxonomy":"product_tag","embeddable":true,"href":"https:\/\/embroiderydownload.com\/de\/wp-json\/wp\/v2\/product_tag?post=209899"}],"curies":[{"name":"wp","href":"https:\/\/api.w.org\/{rel}","templated":true}]}}