{"id":209907,"date":"2023-09-09T19:54:07","date_gmt":"2023-09-09T17:54:07","guid":{"rendered":"https:\/\/embroiderydownload.com\/?post_type=product&#038;p=209907"},"modified":"2024-02-28T15:39:35","modified_gmt":"2024-02-28T14:39:35","slug":"mg-cars-logo-embroidery-design-download","status":"publish","type":"product","link":"https:\/\/embroiderydownload.com\/de\/products\/mg-cars-logo-stickmuster-fur-stickmaschinen-download\/","title":{"rendered":"MG Cars Logo Stickmuster F\u00fcr Stickmaschinen Download"},"content":{"rendered":"<p>Der MG Cars Logo Stickmuster F\u00fcr Stickmaschinen Download ist ein Muss f\u00fcr alle Autoliebhaber und Stickmaschinenfreunde. Dieses komplizierte Design ist in einer Vielzahl von Gr\u00f6\u00dfen erh\u00e4ltlich, um Ihren Bed\u00fcrfnissen gerecht zu werden.<\/p>\n<p>\u2605 Gr\u00f6\u00dfe 3,13 \u00d7 3,10 Zoll - 79,4 x 78,8 mm - Stiche: 15950<br \/>\n\u2605 Gr\u00f6\u00dfe 3,52 \u00d7 3,89 Zoll - 89,4 x 98,8 mm - Stiche: 23599<br \/>\n\u2605 Gr\u00f6\u00dfe 4.31 \u00d7 4.28 inch - 109.4 x 108.7 mm - Stiche: 27874<br \/>\n\u2605 Gr\u00f6\u00dfe 4,70 \u00d7 4,67 Zoll - 119,4 x 118,6 mm - Stiche: 32411<br \/>\n\u2605 Gr\u00f6\u00dfe 5.09 \u00d7 5.06 inch - 129.4 x 128.6 mm - Stiche: 37443<br \/>\n\u2605 Gr\u00f6\u00dfe 5,49 \u00d7 5,46 Zoll - 139,4 x 138,6 mm - Stiche 42898<\/p>\n<p>Beim Kauf erhalten Sie eine ZIP-Datei, die die folgenden Formate enth\u00e4lt:<\/p>\n<p>Bernina: ART<br \/>\nTajima: DST<br \/>\nMelco: EXP<br \/>\nHusqvarna, Wikinger: HUS<br \/>\nJanome, Elna, Kenmore: JEF, JEF+<br \/>\nBruder, Baby Lock: PEC, PES, PHC<br \/>\nSinger: PHC, XXX<br \/>\nSonstiges: SHV<\/p>","protected":false},"excerpt":{"rendered":"<p>Der MG Cars Logo Stickmuster F\u00fcr Stickmaschinen Download ist ein Muss f\u00fcr alle Autoliebhaber und Stickmaschinenfreunde. Dieses komplizierte Design ist in verschiedenen Gr\u00f6\u00dfen erh\u00e4ltlich, um Ihren Bed\u00fcrfnissen gerecht zu werden. \u2605 Gr\u00f6\u00dfe 3.13 \u00d7 3.10 inch - 79.4 x 78.8 mm - Stiche: 15950 \u2605 Gr\u00f6\u00dfe 3.52 \u00d7 3.89 inch - 89.4 x 98.8 [...]<\/p>","protected":false},"featured_media":209825,"template":"","meta":[],"product_cat":[12091],"product_tag":[],"yoast_head":"<!-- This site is optimized with the Yoast SEO plugin v17.5 - https:\/\/yoast.com\/wordpress\/plugins\/seo\/ -->\n<title>MG Cars Logo Embroidery Design Download<\/title>\n<meta name=\"description\" content=\"Download MG Cars Logo Embroidery Design - Perfect for car enthusiasts and embroidery lovers. High-quality, easy-to-use!\" \/>\n<meta name=\"robots\" content=\"index, follow, max-snippet:-1, max-image-preview:large, max-video-preview:-1\" \/>\n<link rel=\"canonical\" href=\"https:\/\/embroiderydownload.com\/de\/products\/mg-cars-logo-stickmuster-fur-stickmaschinen-download\/\" \/>\n<meta property=\"og:locale\" content=\"de_DE\" \/>\n<meta property=\"og:type\" content=\"article\" \/>\n<meta property=\"og:title\" content=\"MG Cars Logo Embroidery Design Download\" \/>\n<meta property=\"og:description\" content=\"Download MG Cars Logo Embroidery Design - Perfect for car enthusiasts and embroidery lovers. High-quality, easy-to-use!\" \/>\n<meta property=\"og:url\" content=\"https:\/\/embroiderydownload.com\/de\/products\/mg-cars-logo-stickmuster-fur-stickmaschinen-download\/\" \/>\n<meta property=\"og:site_name\" content=\"EmbroideryDownload\" \/>\n<meta property=\"article:modified_time\" content=\"2024-02-28T14:39:35+00:00\" \/>\n<meta property=\"og:image\" content=\"https:\/\/embroiderydownload.com\/wp-content\/uploads\/2023\/09\/mg-cars-embroidery-design-logo.jpg\" \/>\n\t<meta property=\"og:image:width\" content=\"1312\" \/>\n\t<meta property=\"og:image:height\" content=\"1312\" \/>\n<meta name=\"twitter:card\" content=\"summary_large_image\" \/>\n<meta name=\"twitter:label1\" content=\"Preis\" \/>\n\t<meta name=\"twitter:data1\" content=\"&euro;6.99\" \/>\n\t<meta name=\"twitter:label2\" content=\"Availability\" \/>\n\t<meta name=\"twitter:data2\" content=\"In stock\" \/>\n<script type=\"application\/ld+json\" class=\"yoast-schema-graph\">{\"@context\":\"https:\/\/schema.org\",\"@graph\":[{\"@type\":\"WebSite\",\"@id\":\"https:\/\/embroiderydownload.com\/fr\/#website\",\"url\":\"https:\/\/embroiderydownload.com\/fr\/\",\"name\":\"EmbroideryDownload\",\"description\":\"Embroidery Designs Instant Digital Download\",\"potentialAction\":[{\"@type\":\"SearchAction\",\"target\":{\"@type\":\"EntryPoint\",\"urlTemplate\":\"https:\/\/embroiderydownload.com\/fr\/?s={search_term_string}\"},\"query-input\":\"required name=search_term_string\"}],\"inLanguage\":\"de-DE\"},{\"@type\":\"ImageObject\",\"@id\":\"https:\/\/embroiderydownload.com\/products\/mg-cars-logo-embroidery-design-download\/#primaryimage\",\"inLanguage\":\"de-DE\",\"url\":\"https:\/\/embroiderydownload.com\/wp-content\/uploads\/2023\/09\/mg-cars-embroidery-design-logo.jpg\",\"contentUrl\":\"https:\/\/embroiderydownload.com\/wp-content\/uploads\/2023\/09\/mg-cars-embroidery-design-logo.jpg\",\"width\":1312,\"height\":1312},{\"@type\":\"WebPage\",\"@id\":\"https:\/\/embroiderydownload.com\/products\/mg-cars-logo-embroidery-design-download\/#webpage\",\"url\":\"https:\/\/embroiderydownload.com\/products\/mg-cars-logo-embroidery-design-download\/\",\"name\":\"MG Cars Logo Embroidery Design Download\",\"isPartOf\":{\"@id\":\"https:\/\/embroiderydownload.com\/fr\/#website\"},\"primaryImageOfPage\":{\"@id\":\"https:\/\/embroiderydownload.com\/products\/mg-cars-logo-embroidery-design-download\/#primaryimage\"},\"datePublished\":\"2023-09-09T17:54:07+00:00\",\"dateModified\":\"2024-02-28T14:39:35+00:00\",\"description\":\"Download MG Cars Logo Embroidery Design - Perfect for car enthusiasts and embroidery lovers. High-quality, easy-to-use!\",\"breadcrumb\":{\"@id\":\"https:\/\/embroiderydownload.com\/products\/mg-cars-logo-embroidery-design-download\/#breadcrumb\"},\"inLanguage\":\"de-DE\",\"potentialAction\":[{\"@type\":\"ReadAction\",\"target\":[\"https:\/\/embroiderydownload.com\/products\/mg-cars-logo-embroidery-design-download\/\"]}]},{\"@type\":\"BreadcrumbList\",\"@id\":\"https:\/\/embroiderydownload.com\/products\/mg-cars-logo-embroidery-design-download\/#breadcrumb\",\"itemListElement\":[{\"@type\":\"ListItem\",\"position\":1,\"name\":\"Shop\",\"item\":\"https:\/\/embroiderydownload.com\/it\/negozio-2\/\"},{\"@type\":\"ListItem\",\"position\":2,\"name\":\"MG Cars Logo Embroidery Design Download\"}]}]}<\/script>\n<!-- \/ Yoast SEO plugin. -->","yoast_head_json":{"title":"MG Cars Logo Embroidery Design Download","description":"Download MG Cars Logo Embroidery Design - Perfect for car enthusiasts and embroidery lovers. High-quality, easy-to-use!","robots":{"index":"index","follow":"follow","max-snippet":"max-snippet:-1","max-image-preview":"max-image-preview:large","max-video-preview":"max-video-preview:-1"},"canonical":"https:\/\/embroiderydownload.com\/de\/products\/mg-cars-logo-stickmuster-fur-stickmaschinen-download\/","og_locale":"de_DE","og_type":"article","og_title":"MG Cars Logo Embroidery Design Download","og_description":"Download MG Cars Logo Embroidery Design - Perfect for car enthusiasts and embroidery lovers. High-quality, easy-to-use!","og_url":"https:\/\/embroiderydownload.com\/de\/products\/mg-cars-logo-stickmuster-fur-stickmaschinen-download\/","og_site_name":"EmbroideryDownload","article_modified_time":"2024-02-28T14:39:35+00:00","og_image":[{"width":1312,"height":1312,"url":"https:\/\/embroiderydownload.com\/wp-content\/uploads\/2023\/09\/mg-cars-embroidery-design-logo.jpg","type":"image\/jpeg"}],"twitter_card":"summary_large_image","twitter_misc":{"Preis":"&euro;6.99","Availability":"In stock"},"schema":{"@context":"https:\/\/schema.org","@graph":[{"@type":"WebSite","@id":"https:\/\/embroiderydownload.com\/fr\/#website","url":"https:\/\/embroiderydownload.com\/fr\/","name":"EmbroideryDownload","description":"Embroidery Designs Instant Digital Download","potentialAction":[{"@type":"SearchAction","target":{"@type":"EntryPoint","urlTemplate":"https:\/\/embroiderydownload.com\/fr\/?s={search_term_string}"},"query-input":"required name=search_term_string"}],"inLanguage":"de-DE"},{"@type":"ImageObject","@id":"https:\/\/embroiderydownload.com\/products\/mg-cars-logo-embroidery-design-download\/#primaryimage","inLanguage":"de-DE","url":"https:\/\/embroiderydownload.com\/wp-content\/uploads\/2023\/09\/mg-cars-embroidery-design-logo.jpg","contentUrl":"https:\/\/embroiderydownload.com\/wp-content\/uploads\/2023\/09\/mg-cars-embroidery-design-logo.jpg","width":1312,"height":1312},{"@type":"WebPage","@id":"https:\/\/embroiderydownload.com\/products\/mg-cars-logo-embroidery-design-download\/#webpage","url":"https:\/\/embroiderydownload.com\/products\/mg-cars-logo-embroidery-design-download\/","name":"MG Cars Logo Embroidery Design Download","isPartOf":{"@id":"https:\/\/embroiderydownload.com\/fr\/#website"},"primaryImageOfPage":{"@id":"https:\/\/embroiderydownload.com\/products\/mg-cars-logo-embroidery-design-download\/#primaryimage"},"datePublished":"2023-09-09T17:54:07+00:00","dateModified":"2024-02-28T14:39:35+00:00","description":"Download MG Cars Logo Embroidery Design - Perfect for car enthusiasts and embroidery lovers. High-quality, easy-to-use!","breadcrumb":{"@id":"https:\/\/embroiderydownload.com\/products\/mg-cars-logo-embroidery-design-download\/#breadcrumb"},"inLanguage":"de-DE","potentialAction":[{"@type":"ReadAction","target":["https:\/\/embroiderydownload.com\/products\/mg-cars-logo-embroidery-design-download\/"]}]},{"@type":"BreadcrumbList","@id":"https:\/\/embroiderydownload.com\/products\/mg-cars-logo-embroidery-design-download\/#breadcrumb","itemListElement":[{"@type":"ListItem","position":1,"name":"Shop","item":"https:\/\/embroiderydownload.com\/it\/negozio-2\/"},{"@type":"ListItem","position":2,"name":"MG Cars Logo Embroidery Design Download"}]}]}},"_links":{"self":[{"href":"https:\/\/embroiderydownload.com\/de\/wp-json\/wp\/v2\/product\/209907"}],"collection":[{"href":"https:\/\/embroiderydownload.com\/de\/wp-json\/wp\/v2\/product"}],"about":[{"href":"https:\/\/embroiderydownload.com\/de\/wp-json\/wp\/v2\/types\/product"}],"version-history":[{"count":1,"href":"https:\/\/embroiderydownload.com\/de\/wp-json\/wp\/v2\/product\/209907\/revisions"}],"predecessor-version":[{"id":210071,"href":"https:\/\/embroiderydownload.com\/de\/wp-json\/wp\/v2\/product\/209907\/revisions\/210071"}],"wp:featuredmedia":[{"embeddable":true,"href":"https:\/\/embroiderydownload.com\/de\/wp-json\/wp\/v2\/media\/209825"}],"wp:attachment":[{"href":"https:\/\/embroiderydownload.com\/de\/wp-json\/wp\/v2\/media?parent=209907"}],"wp:term":[{"taxonomy":"product_cat","embeddable":true,"href":"https:\/\/embroiderydownload.com\/de\/wp-json\/wp\/v2\/product_cat?post=209907"},{"taxonomy":"product_tag","embeddable":true,"href":"https:\/\/embroiderydownload.com\/de\/wp-json\/wp\/v2\/product_tag?post=209907"}],"curies":[{"name":"wp","href":"https:\/\/api.w.org\/{rel}","templated":true}]}}