{"id":209911,"date":"2023-09-09T19:54:07","date_gmt":"2023-09-09T17:54:07","guid":{"rendered":"https:\/\/embroiderydownload.com\/?post_type=product&#038;p=209911"},"modified":"2024-02-28T15:39:37","modified_gmt":"2024-02-28T14:39:37","slug":"southampton-fc-embroidery-design-download","status":"publish","type":"product","link":"https:\/\/embroiderydownload.com\/de\/products\/southampton-fc-stickmuster-fur-stickmaschinen-download\/","title":{"rendered":"Southampton FC Stickmuster F\u00fcr Stickmaschinen Download"},"content":{"rendered":"<p>Der Southampton FC Stickmuster F\u00fcr Stickmaschinen Download ist ein Muss f\u00fcr alle Fu\u00dfballfans und Stickliebhaber. Dieses einzigartige Design eignet sich perfekt f\u00fcr die Personalisierung Ihrer Kleidung, Accessoires, Heimdekoration und mehr. Zeigen Sie Ihren Teamgeist mit diesem komplizierten und detaillierten Stickmuster.<\/p>\n<p>\u2605 Gr\u00f6\u00dfe 3,98 \u00d7 4,54 Zoll - 101,0 x 115,4 mm - Stiche: 22666<br \/>\n\u2605 Gr\u00f6\u00dfe 4,49 \u00d7 5,13 Zoll - 114,0 x 130,4 mm - Stiche: 26423<\/p>\n<p>Beim Kauf erhalten Sie eine ZIP-Datei, die die folgenden Formate enth\u00e4lt:<\/p>\n<p>Bernina: ART<br \/>\nTajima: DST<br \/>\nMelco: EXP<br \/>\nHusqvarna, Wikinger: HUS<br \/>\nJanome, Elna, Kenmore: JEF, JEF+<br \/>\nBruder, Baby Lock: PEC, PES<br \/>\nPfaff: VIP, VP3<br \/>\nCompucon, Singer: XXX, PHC<br \/>\nJanome: SVH<br \/>\nSonstiges: EDR<\/p>\n<p>Diese Formate sind mit verschiedenen Stickmaschinen kompatibel, so dass Sie dieses Motiv unabh\u00e4ngig von Ihrer Maschine verwenden k\u00f6nnen.<\/p>","protected":false},"excerpt":{"rendered":"<p>Der Southampton FC Stickmuster F\u00fcr Stickmaschinen Download ist ein Muss f\u00fcr alle Fu\u00dfballfans und Stickliebhaber. Dieses einzigartige Design eignet sich perfekt f\u00fcr die Personalisierung Ihrer Kleidung, Accessoires, Heimdekoration und mehr. Zeigen Sie Ihren Teamgeist mit diesem komplizierten und detaillierten Stickmuster. \u2605 Gr\u00f6\u00dfe 3.98 \u00d7 4.54 inch - 101.0 x 115.4 mm - Stiche: [...]<\/p>","protected":false},"featured_media":209875,"template":"","meta":[],"product_cat":[12292],"product_tag":[],"yoast_head":"<!-- This site is optimized with the Yoast SEO plugin v17.5 - https:\/\/yoast.com\/wordpress\/plugins\/seo\/ -->\n<title>Southampton FC Embroidery Design Download<\/title>\n<meta name=\"description\" content=\"Download Southampton FC Embroidery Design. High-quality, easy-to-use patterns for football fans. Shop now!\" \/>\n<meta name=\"robots\" content=\"index, follow, max-snippet:-1, max-image-preview:large, max-video-preview:-1\" \/>\n<link rel=\"canonical\" href=\"https:\/\/embroiderydownload.com\/de\/products\/southampton-fc-stickmuster-fur-stickmaschinen-download\/\" \/>\n<meta property=\"og:locale\" content=\"de_DE\" \/>\n<meta property=\"og:type\" content=\"article\" \/>\n<meta property=\"og:title\" content=\"Southampton FC Embroidery Design Download\" \/>\n<meta property=\"og:description\" content=\"Download Southampton FC Embroidery Design. High-quality, easy-to-use patterns for football fans. Shop now!\" \/>\n<meta property=\"og:url\" content=\"https:\/\/embroiderydownload.com\/de\/products\/southampton-fc-stickmuster-fur-stickmaschinen-download\/\" \/>\n<meta property=\"og:site_name\" content=\"EmbroideryDownload\" \/>\n<meta property=\"article:modified_time\" content=\"2024-02-28T14:39:37+00:00\" \/>\n<meta property=\"og:image\" content=\"https:\/\/embroiderydownload.com\/wp-content\/uploads\/2023\/09\/Southampton-FC-embroidery-design-logo.jpg\" \/>\n\t<meta property=\"og:image:width\" content=\"1312\" \/>\n\t<meta property=\"og:image:height\" content=\"1312\" \/>\n<meta name=\"twitter:card\" content=\"summary_large_image\" \/>\n<meta name=\"twitter:label1\" content=\"Preis\" \/>\n\t<meta name=\"twitter:data1\" content=\"&euro;6.99\" \/>\n\t<meta name=\"twitter:label2\" content=\"Availability\" \/>\n\t<meta name=\"twitter:data2\" content=\"In stock\" \/>\n<script type=\"application\/ld+json\" class=\"yoast-schema-graph\">{\"@context\":\"https:\/\/schema.org\",\"@graph\":[{\"@type\":\"WebSite\",\"@id\":\"https:\/\/embroiderydownload.com\/fr\/#website\",\"url\":\"https:\/\/embroiderydownload.com\/fr\/\",\"name\":\"EmbroideryDownload\",\"description\":\"Embroidery Designs Instant Digital Download\",\"potentialAction\":[{\"@type\":\"SearchAction\",\"target\":{\"@type\":\"EntryPoint\",\"urlTemplate\":\"https:\/\/embroiderydownload.com\/fr\/?s={search_term_string}\"},\"query-input\":\"required name=search_term_string\"}],\"inLanguage\":\"de-DE\"},{\"@type\":\"ImageObject\",\"@id\":\"https:\/\/embroiderydownload.com\/products\/southampton-fc-embroidery-design-download\/#primaryimage\",\"inLanguage\":\"de-DE\",\"url\":\"https:\/\/embroiderydownload.com\/wp-content\/uploads\/2023\/09\/Southampton-FC-embroidery-design-logo.jpg\",\"contentUrl\":\"https:\/\/embroiderydownload.com\/wp-content\/uploads\/2023\/09\/Southampton-FC-embroidery-design-logo.jpg\",\"width\":1312,\"height\":1312},{\"@type\":\"WebPage\",\"@id\":\"https:\/\/embroiderydownload.com\/products\/southampton-fc-embroidery-design-download\/#webpage\",\"url\":\"https:\/\/embroiderydownload.com\/products\/southampton-fc-embroidery-design-download\/\",\"name\":\"Southampton FC Embroidery Design Download\",\"isPartOf\":{\"@id\":\"https:\/\/embroiderydownload.com\/fr\/#website\"},\"primaryImageOfPage\":{\"@id\":\"https:\/\/embroiderydownload.com\/products\/southampton-fc-embroidery-design-download\/#primaryimage\"},\"datePublished\":\"2023-09-09T17:54:07+00:00\",\"dateModified\":\"2024-02-28T14:39:37+00:00\",\"description\":\"Download Southampton FC Embroidery Design. High-quality, easy-to-use patterns for football fans. Shop now!\",\"breadcrumb\":{\"@id\":\"https:\/\/embroiderydownload.com\/products\/southampton-fc-embroidery-design-download\/#breadcrumb\"},\"inLanguage\":\"de-DE\",\"potentialAction\":[{\"@type\":\"ReadAction\",\"target\":[\"https:\/\/embroiderydownload.com\/products\/southampton-fc-embroidery-design-download\/\"]}]},{\"@type\":\"BreadcrumbList\",\"@id\":\"https:\/\/embroiderydownload.com\/products\/southampton-fc-embroidery-design-download\/#breadcrumb\",\"itemListElement\":[{\"@type\":\"ListItem\",\"position\":1,\"name\":\"Shop\",\"item\":\"https:\/\/embroiderydownload.com\/it\/negozio-2\/\"},{\"@type\":\"ListItem\",\"position\":2,\"name\":\"Southampton FC Embroidery Design Download\"}]}]}<\/script>\n<!-- \/ Yoast SEO plugin. -->","yoast_head_json":{"title":"Southampton FC Embroidery Design Download","description":"Download Southampton FC Embroidery Design. High-quality, easy-to-use patterns for football fans. Shop now!","robots":{"index":"index","follow":"follow","max-snippet":"max-snippet:-1","max-image-preview":"max-image-preview:large","max-video-preview":"max-video-preview:-1"},"canonical":"https:\/\/embroiderydownload.com\/de\/products\/southampton-fc-stickmuster-fur-stickmaschinen-download\/","og_locale":"de_DE","og_type":"article","og_title":"Southampton FC Embroidery Design Download","og_description":"Download Southampton FC Embroidery Design. High-quality, easy-to-use patterns for football fans. Shop now!","og_url":"https:\/\/embroiderydownload.com\/de\/products\/southampton-fc-stickmuster-fur-stickmaschinen-download\/","og_site_name":"EmbroideryDownload","article_modified_time":"2024-02-28T14:39:37+00:00","og_image":[{"width":1312,"height":1312,"url":"https:\/\/embroiderydownload.com\/wp-content\/uploads\/2023\/09\/Southampton-FC-embroidery-design-logo.jpg","type":"image\/jpeg"}],"twitter_card":"summary_large_image","twitter_misc":{"Preis":"&euro;6.99","Availability":"In stock"},"schema":{"@context":"https:\/\/schema.org","@graph":[{"@type":"WebSite","@id":"https:\/\/embroiderydownload.com\/fr\/#website","url":"https:\/\/embroiderydownload.com\/fr\/","name":"EmbroideryDownload","description":"Embroidery Designs Instant Digital Download","potentialAction":[{"@type":"SearchAction","target":{"@type":"EntryPoint","urlTemplate":"https:\/\/embroiderydownload.com\/fr\/?s={search_term_string}"},"query-input":"required name=search_term_string"}],"inLanguage":"de-DE"},{"@type":"ImageObject","@id":"https:\/\/embroiderydownload.com\/products\/southampton-fc-embroidery-design-download\/#primaryimage","inLanguage":"de-DE","url":"https:\/\/embroiderydownload.com\/wp-content\/uploads\/2023\/09\/Southampton-FC-embroidery-design-logo.jpg","contentUrl":"https:\/\/embroiderydownload.com\/wp-content\/uploads\/2023\/09\/Southampton-FC-embroidery-design-logo.jpg","width":1312,"height":1312},{"@type":"WebPage","@id":"https:\/\/embroiderydownload.com\/products\/southampton-fc-embroidery-design-download\/#webpage","url":"https:\/\/embroiderydownload.com\/products\/southampton-fc-embroidery-design-download\/","name":"Southampton FC Embroidery Design Download","isPartOf":{"@id":"https:\/\/embroiderydownload.com\/fr\/#website"},"primaryImageOfPage":{"@id":"https:\/\/embroiderydownload.com\/products\/southampton-fc-embroidery-design-download\/#primaryimage"},"datePublished":"2023-09-09T17:54:07+00:00","dateModified":"2024-02-28T14:39:37+00:00","description":"Download Southampton FC Embroidery Design. High-quality, easy-to-use patterns for football fans. Shop now!","breadcrumb":{"@id":"https:\/\/embroiderydownload.com\/products\/southampton-fc-embroidery-design-download\/#breadcrumb"},"inLanguage":"de-DE","potentialAction":[{"@type":"ReadAction","target":["https:\/\/embroiderydownload.com\/products\/southampton-fc-embroidery-design-download\/"]}]},{"@type":"BreadcrumbList","@id":"https:\/\/embroiderydownload.com\/products\/southampton-fc-embroidery-design-download\/#breadcrumb","itemListElement":[{"@type":"ListItem","position":1,"name":"Shop","item":"https:\/\/embroiderydownload.com\/it\/negozio-2\/"},{"@type":"ListItem","position":2,"name":"Southampton FC Embroidery Design Download"}]}]}},"_links":{"self":[{"href":"https:\/\/embroiderydownload.com\/de\/wp-json\/wp\/v2\/product\/209911"}],"collection":[{"href":"https:\/\/embroiderydownload.com\/de\/wp-json\/wp\/v2\/product"}],"about":[{"href":"https:\/\/embroiderydownload.com\/de\/wp-json\/wp\/v2\/types\/product"}],"version-history":[{"count":1,"href":"https:\/\/embroiderydownload.com\/de\/wp-json\/wp\/v2\/product\/209911\/revisions"}],"predecessor-version":[{"id":210125,"href":"https:\/\/embroiderydownload.com\/de\/wp-json\/wp\/v2\/product\/209911\/revisions\/210125"}],"wp:featuredmedia":[{"embeddable":true,"href":"https:\/\/embroiderydownload.com\/de\/wp-json\/wp\/v2\/media\/209875"}],"wp:attachment":[{"href":"https:\/\/embroiderydownload.com\/de\/wp-json\/wp\/v2\/media?parent=209911"}],"wp:term":[{"taxonomy":"product_cat","embeddable":true,"href":"https:\/\/embroiderydownload.com\/de\/wp-json\/wp\/v2\/product_cat?post=209911"},{"taxonomy":"product_tag","embeddable":true,"href":"https:\/\/embroiderydownload.com\/de\/wp-json\/wp\/v2\/product_tag?post=209911"}],"curies":[{"name":"wp","href":"https:\/\/api.w.org\/{rel}","templated":true}]}}