{"id":211486,"date":"2023-11-14T11:42:27","date_gmt":"2023-11-14T10:42:27","guid":{"rendered":"https:\/\/embroiderydownload.com\/?post_type=product&#038;p=211486"},"modified":"2024-02-28T15:39:24","modified_gmt":"2024-02-28T14:39:24","slug":"christmas-funny-tree-embroidery-design-download","status":"publish","type":"product","link":"https:\/\/embroiderydownload.com\/de\/products\/stickmuster-fur-stickmaschinen-download-weihnachtsbaum-lustig\/","title":{"rendered":"Stickmuster F\u00fcr Stickmaschinen Download Lustiger Weihnachtsbaum"},"content":{"rendered":"<p><span data-sheets-value=\"{&quot;1&quot;:2,&quot;2&quot;:&quot;Bring a smile to the season with our Christmas Funny Tree Embroidery Design Download. This playful creation infuses humor and holiday spirit into your embroidery collection.&quot;}\" data-sheets-userformat=\"{&quot;2&quot;:769,&quot;3&quot;:{&quot;1&quot;:0},&quot;11&quot;:3,&quot;12&quot;:0}\">Bringen Sie ein L\u00e4cheln in die Saison mit unserem <strong>Stickmuster F\u00fcr Stickmaschinen Weihnachten Lustiger Baum<\/strong>. Diese verspielte Kreation bringt Humor und Urlaubsstimmung in Ihre Stickereikollektion.<\/span><\/p>\n<p>\u2605 Gr\u00f6\u00dfe 2,58 \u00d7 3,91 inch - 65,60 x 99,40 mm - Stiche: 3561<\/p>\n<p>\u2605 Gr\u00f6\u00dfe 3,31 \u00d7 5,01 inch - 84,20 x 127,40 mm - Stiche: 7841<\/p>\n<p>\u2605 Gr\u00f6\u00dfe 3,97 \u00d7 6,01 inch - 101,00 x 152,80 mm - Stiche: 9616<\/p>\n<p>\u2605 Gr\u00f6\u00dfe 4,58 \u00d7 6,90 inch - 116,50 x 175,50 mm - Stiche: 11726<\/p>\n<p>\u2605 Gr\u00f6\u00dfe 5,31 \u00d7 8,00 Zoll - 135,00 x 203,20 mm - Stiche: 13304<\/p>\n<p>\u2605 Gr\u00f6\u00dfe 5,97 \u00d7 9,01 inch - 151,80 x 228,9 mm - Stiche: 14814<\/p>\n<p>\u2605 Gr\u00f6\u00dfe 6,64 \u00d7 10,00 inch - 168,80 x 254,1 mm - Stiche: 16238<\/p>\n<p>&nbsp;<\/p>\n<p>\u2605 Formate, die beim Kauf in einer ZIP-Datei enthalten sein werden:<\/p>\n<ul>\n<li>Deco, Brother, Baby Lock: <strong>PES, PEC<\/strong><\/li>\n<li>Husqvarna, Viking: <strong>HUS<\/strong><\/li>\n<li>Janome, Elna, Kenmore: <strong>JEF<\/strong><\/li>\n<li>Melco: <strong>EXP<\/strong><\/li>\n<li>Compucon, Singer: <strong>XXX<\/strong><\/li>\n<li>Tajima: <strong>DST<\/strong><\/li>\n<li>Pfaff:<b> VP3, VIP<\/b><\/li>\n<li>Sonstiges: <strong>EDR<\/strong><\/li>\n<\/ul>","protected":false},"excerpt":{"rendered":"<style>.elementor-204929 .elementor-element.elementor-element-95a9a0b{margin-top:0px;margin-bottom:0px;padding:0px 0px 0px 0px;overflow:visible;}.elementor-204929 .elementor-element.elementor-element-84e32b5 > .elementor-element-populated{margin:0px 0px 0px 0px;--e-column-margin-right:0px;--e-column-margin-left:0px;padding:0px 0px 0px 0px;}.elementor-204929 .elementor-element.elementor-element-4e302eb{text-align:left;}<\/style>\n<div class=\"porto-block elementor elementor-204929\" data-id=\"204929\">\n<section class=\"elementor-section elementor-top-section elementor-element elementor-element-95a9a0b elementor-section-full_width elementor-section-height-default elementor-section-height-default\" data-id=\"95a9a0b\" data-element_type=\"section\" data-settings=\"{&quot;ekit_has_onepagescroll_dot&quot;:&quot;yes&quot;}\">\n<div class=\"elementor-container elementor-column-gap-default\">\n<div class=\"elementor-column elementor-col-100 elementor-top-column elementor-element elementor-element-84e32b5\" data-id=\"84e32b5\" data-element_type=\"column\">\n<div class=\"elementor-widget-wrap elementor-element-populated\">\n<div class=\"elementor-element elementor-element-4e302eb elementor-widget elementor-widget-image\" data-id=\"4e302eb\" data-element_type=\"widget\" data-settings=\"{&quot;ekit_we_effect_on&quot;:&quot;none&quot;}\" data-widget_type=\"image.default\">\n<div class=\"elementor-widget-container\">\n<style>\/*! elementor - v3.12.1 - 02-04-2023 *\/\n.elementor-widget-image{text-align:center}.elementor-widget-image a{display:inline-block}.elementor-widget-image a img[src$=\".svg\"]{width:48px}.elementor-widget-image img{vertical-align:middle;display:inline-block}<\/style>\n<p>\t\t\t\t\t\t\t\t\t\t\t\t<img decoding=\"async\" width=\"300\" height=\"84\" src=\"https:\/\/embroiderydownload.com\/wp-content\/uploads\/2022\/11\/icons-values-eng.svg\" class=\"attachment-large size-large wp-image-204901\" alt=\"\" loading=\"lazy\" \/>\t\t\t\t\t\t\t\t\t\t\t\t\t\t\t<\/div>\n<\/p><\/div>\n<\/p><\/div>\n<\/p><\/div>\n<\/p><\/div>\n<\/section><\/div>","protected":false},"featured_media":211528,"template":"","meta":[],"product_cat":[12182],"product_tag":[59],"yoast_head":"<!-- This site is optimized with the Yoast SEO plugin v17.5 - https:\/\/yoast.com\/wordpress\/plugins\/seo\/ -->\n<title>Christmas Funny Tree Embroidery Design Download - EmbroideryDownload<\/title>\n<meta name=\"description\" content=\"Add a twist of humor to your holiday creations with our Christmas Funny Tree design. Download now for joyful stitches!\" \/>\n<meta name=\"robots\" content=\"index, follow, max-snippet:-1, max-image-preview:large, max-video-preview:-1\" \/>\n<link rel=\"canonical\" href=\"https:\/\/embroiderydownload.com\/de\/productos\/navidad-divertido-diseno-de-bordado-del-arbol-descargar\/\" \/>\n<meta property=\"og:locale\" content=\"de_DE\" \/>\n<meta property=\"og:type\" content=\"article\" \/>\n<meta property=\"og:title\" content=\"Christmas Funny Tree Embroidery Design Download - EmbroideryDownload\" \/>\n<meta property=\"og:description\" content=\"Add a twist of humor to your holiday creations with our Christmas Funny Tree design. Download now for joyful stitches!\" \/>\n<meta property=\"og:url\" content=\"https:\/\/embroiderydownload.com\/de\/productos\/navidad-divertido-diseno-de-bordado-del-arbol-descargar\/\" \/>\n<meta property=\"og:site_name\" content=\"EmbroideryDownload\" \/>\n<meta property=\"article:modified_time\" content=\"2024-02-28T14:39:24+00:00\" \/>\n<meta property=\"og:image\" content=\"https:\/\/embroiderydownload.com\/wp-content\/uploads\/2023\/11\/christmas-funny-tree-embroidery-design-1.jpg\" \/>\n\t<meta property=\"og:image:width\" content=\"900\" \/>\n\t<meta property=\"og:image:height\" content=\"900\" \/>\n<meta name=\"twitter:card\" content=\"summary_large_image\" \/>\n<meta name=\"twitter:label1\" content=\"Preis\" \/>\n\t<meta name=\"twitter:data1\" content=\"&euro;6.99\" \/>\n\t<meta name=\"twitter:label2\" content=\"Availability\" \/>\n\t<meta name=\"twitter:data2\" content=\"In stock\" \/>\n<script type=\"application\/ld+json\" class=\"yoast-schema-graph\">{\"@context\":\"https:\/\/schema.org\",\"@graph\":[{\"@type\":\"WebSite\",\"@id\":\"https:\/\/embroiderydownload.com\/fr\/#website\",\"url\":\"https:\/\/embroiderydownload.com\/fr\/\",\"name\":\"EmbroideryDownload\",\"description\":\"Embroidery Designs Instant Digital Download\",\"potentialAction\":[{\"@type\":\"SearchAction\",\"target\":{\"@type\":\"EntryPoint\",\"urlTemplate\":\"https:\/\/embroiderydownload.com\/fr\/?s={search_term_string}\"},\"query-input\":\"required name=search_term_string\"}],\"inLanguage\":\"de-DE\"},{\"@type\":\"ImageObject\",\"@id\":\"https:\/\/embroiderydownload.com\/es\/productos\/navidad-divertido-diseno-de-bordado-del-arbol-descargar\/#primaryimage\",\"inLanguage\":\"de-DE\",\"url\":\"https:\/\/embroiderydownload.com\/wp-content\/uploads\/2023\/11\/christmas-funny-tree-embroidery-design-1.jpg\",\"contentUrl\":\"https:\/\/embroiderydownload.com\/wp-content\/uploads\/2023\/11\/christmas-funny-tree-embroidery-design-1.jpg\",\"width\":900,\"height\":900,\"caption\":\"christmas-funny-tree-embroidery-design\"},{\"@type\":\"WebPage\",\"@id\":\"https:\/\/embroiderydownload.com\/es\/productos\/navidad-divertido-diseno-de-bordado-del-arbol-descargar\/#webpage\",\"url\":\"https:\/\/embroiderydownload.com\/es\/productos\/navidad-divertido-diseno-de-bordado-del-arbol-descargar\/\",\"name\":\"Christmas Funny Tree Embroidery Design Download - EmbroideryDownload\",\"isPartOf\":{\"@id\":\"https:\/\/embroiderydownload.com\/fr\/#website\"},\"primaryImageOfPage\":{\"@id\":\"https:\/\/embroiderydownload.com\/es\/productos\/navidad-divertido-diseno-de-bordado-del-arbol-descargar\/#primaryimage\"},\"datePublished\":\"2023-11-14T10:42:27+00:00\",\"dateModified\":\"2024-02-28T14:39:24+00:00\",\"description\":\"Add a twist of humor to your holiday creations with our Christmas Funny Tree design. Download now for joyful stitches!\",\"breadcrumb\":{\"@id\":\"https:\/\/embroiderydownload.com\/es\/productos\/navidad-divertido-diseno-de-bordado-del-arbol-descargar\/#breadcrumb\"},\"inLanguage\":\"de-DE\",\"potentialAction\":[{\"@type\":\"ReadAction\",\"target\":[\"https:\/\/embroiderydownload.com\/es\/productos\/navidad-divertido-diseno-de-bordado-del-arbol-descargar\/\"]}]},{\"@type\":\"BreadcrumbList\",\"@id\":\"https:\/\/embroiderydownload.com\/es\/productos\/navidad-divertido-diseno-de-bordado-del-arbol-descargar\/#breadcrumb\",\"itemListElement\":[{\"@type\":\"ListItem\",\"position\":1,\"name\":\"Shop\",\"item\":\"https:\/\/embroiderydownload.com\/it\/negozio-2\/\"},{\"@type\":\"ListItem\",\"position\":2,\"name\":\"Christmas Funny Tree Embroidery Design Download\"}]}]}<\/script>\n<!-- \/ Yoast SEO plugin. -->","yoast_head_json":{"title":"Christmas Funny Tree Embroidery Design Download - EmbroideryDownload","description":"Add a twist of humor to your holiday creations with our Christmas Funny Tree design. Download now for joyful stitches!","robots":{"index":"index","follow":"follow","max-snippet":"max-snippet:-1","max-image-preview":"max-image-preview:large","max-video-preview":"max-video-preview:-1"},"canonical":"https:\/\/embroiderydownload.com\/de\/productos\/navidad-divertido-diseno-de-bordado-del-arbol-descargar\/","og_locale":"de_DE","og_type":"article","og_title":"Christmas Funny Tree Embroidery Design Download - EmbroideryDownload","og_description":"Add a twist of humor to your holiday creations with our Christmas Funny Tree design. Download now for joyful stitches!","og_url":"https:\/\/embroiderydownload.com\/de\/productos\/navidad-divertido-diseno-de-bordado-del-arbol-descargar\/","og_site_name":"EmbroideryDownload","article_modified_time":"2024-02-28T14:39:24+00:00","og_image":[{"width":900,"height":900,"url":"https:\/\/embroiderydownload.com\/wp-content\/uploads\/2023\/11\/christmas-funny-tree-embroidery-design-1.jpg","type":"image\/jpeg"}],"twitter_card":"summary_large_image","twitter_misc":{"Preis":"&euro;6.99","Availability":"In stock"},"schema":{"@context":"https:\/\/schema.org","@graph":[{"@type":"WebSite","@id":"https:\/\/embroiderydownload.com\/fr\/#website","url":"https:\/\/embroiderydownload.com\/fr\/","name":"EmbroideryDownload","description":"Embroidery Designs Instant Digital Download","potentialAction":[{"@type":"SearchAction","target":{"@type":"EntryPoint","urlTemplate":"https:\/\/embroiderydownload.com\/fr\/?s={search_term_string}"},"query-input":"required name=search_term_string"}],"inLanguage":"de-DE"},{"@type":"ImageObject","@id":"https:\/\/embroiderydownload.com\/es\/productos\/navidad-divertido-diseno-de-bordado-del-arbol-descargar\/#primaryimage","inLanguage":"de-DE","url":"https:\/\/embroiderydownload.com\/wp-content\/uploads\/2023\/11\/christmas-funny-tree-embroidery-design-1.jpg","contentUrl":"https:\/\/embroiderydownload.com\/wp-content\/uploads\/2023\/11\/christmas-funny-tree-embroidery-design-1.jpg","width":900,"height":900,"caption":"christmas-funny-tree-embroidery-design"},{"@type":"WebPage","@id":"https:\/\/embroiderydownload.com\/es\/productos\/navidad-divertido-diseno-de-bordado-del-arbol-descargar\/#webpage","url":"https:\/\/embroiderydownload.com\/es\/productos\/navidad-divertido-diseno-de-bordado-del-arbol-descargar\/","name":"Christmas Funny Tree Embroidery Design Download - EmbroideryDownload","isPartOf":{"@id":"https:\/\/embroiderydownload.com\/fr\/#website"},"primaryImageOfPage":{"@id":"https:\/\/embroiderydownload.com\/es\/productos\/navidad-divertido-diseno-de-bordado-del-arbol-descargar\/#primaryimage"},"datePublished":"2023-11-14T10:42:27+00:00","dateModified":"2024-02-28T14:39:24+00:00","description":"Add a twist of humor to your holiday creations with our Christmas Funny Tree design. Download now for joyful stitches!","breadcrumb":{"@id":"https:\/\/embroiderydownload.com\/es\/productos\/navidad-divertido-diseno-de-bordado-del-arbol-descargar\/#breadcrumb"},"inLanguage":"de-DE","potentialAction":[{"@type":"ReadAction","target":["https:\/\/embroiderydownload.com\/es\/productos\/navidad-divertido-diseno-de-bordado-del-arbol-descargar\/"]}]},{"@type":"BreadcrumbList","@id":"https:\/\/embroiderydownload.com\/es\/productos\/navidad-divertido-diseno-de-bordado-del-arbol-descargar\/#breadcrumb","itemListElement":[{"@type":"ListItem","position":1,"name":"Shop","item":"https:\/\/embroiderydownload.com\/it\/negozio-2\/"},{"@type":"ListItem","position":2,"name":"Christmas Funny Tree Embroidery Design Download"}]}]}},"_links":{"self":[{"href":"https:\/\/embroiderydownload.com\/de\/wp-json\/wp\/v2\/product\/211486"}],"collection":[{"href":"https:\/\/embroiderydownload.com\/de\/wp-json\/wp\/v2\/product"}],"about":[{"href":"https:\/\/embroiderydownload.com\/de\/wp-json\/wp\/v2\/types\/product"}],"version-history":[{"count":1,"href":"https:\/\/embroiderydownload.com\/de\/wp-json\/wp\/v2\/product\/211486\/revisions"}],"predecessor-version":[{"id":211527,"href":"https:\/\/embroiderydownload.com\/de\/wp-json\/wp\/v2\/product\/211486\/revisions\/211527"}],"wp:featuredmedia":[{"embeddable":true,"href":"https:\/\/embroiderydownload.com\/de\/wp-json\/wp\/v2\/media\/211528"}],"wp:attachment":[{"href":"https:\/\/embroiderydownload.com\/de\/wp-json\/wp\/v2\/media?parent=211486"}],"wp:term":[{"taxonomy":"product_cat","embeddable":true,"href":"https:\/\/embroiderydownload.com\/de\/wp-json\/wp\/v2\/product_cat?post=211486"},{"taxonomy":"product_tag","embeddable":true,"href":"https:\/\/embroiderydownload.com\/de\/wp-json\/wp\/v2\/product_tag?post=211486"}],"curies":[{"name":"wp","href":"https:\/\/api.w.org\/{rel}","templated":true}]}}