{"id":211888,"date":"2023-11-15T13:05:41","date_gmt":"2023-11-15T12:05:41","guid":{"rendered":"https:\/\/embroiderydownload.com\/?post_type=product&#038;p=211888"},"modified":"2024-02-28T15:39:12","modified_gmt":"2024-02-28T14:39:12","slug":"merry-christmas-embroidery-design-download","status":"publish","type":"product","link":"https:\/\/embroiderydownload.com\/de\/products\/frohe-weihnachten-stickmuster-fur-stickmaschinen-download\/","title":{"rendered":"Fr\u00f6hliche Weihnachten Stickmuster F\u00fcr Stickmaschinen Download"},"content":{"rendered":"<p><span data-sheets-value=\"{&quot;1&quot;:2,&quot;2&quot;:&quot;Share the warmth of the season with our Merry Christmas Embroidery Design Download. Each letter is stitched with care, spreading festive joy in every thread.&quot;}\" data-sheets-userformat=\"{&quot;2&quot;:769,&quot;3&quot;:{&quot;1&quot;:0},&quot;11&quot;:3,&quot;12&quot;:0}\">Teilen Sie die W\u00e4rme der Saison mit unserem <strong>Fr\u00f6hliche Weihnachten Stickmuster F\u00fcr Stickmaschinen<\/strong>. Jeder Buchstabe ist mit Sorgfalt gen\u00e4ht und verbreitet mit jedem Faden festliche Freude.<\/span><\/p>\n<p>\u2605 Gr\u00f6\u00dfe <span data-sheets-value=\"{&quot;1&quot;:3,&quot;3&quot;:3.94502317106983}\" data-sheets-userformat=\"{&quot;2&quot;:24643,&quot;3&quot;:{&quot;1&quot;:2,&quot;2&quot;:&quot;0.00&quot;,&quot;3&quot;:1},&quot;4&quot;:{&quot;1&quot;:2,&quot;2&quot;:13228792},&quot;9&quot;:1,&quot;16&quot;:12,&quot;17&quot;:1}\" data-sheets-formula=\"=R[-1]C[0]\/25,247\">3,95<\/span><span data-sheets-value=\"{&quot;1&quot;:3,&quot;3&quot;:3.2914801758624783}\" data-sheets-userformat=\"{&quot;2&quot;:24643,&quot;3&quot;:{&quot;1&quot;:2,&quot;2&quot;:&quot;0.00&quot;,&quot;3&quot;:1},&quot;4&quot;:{&quot;1&quot;:2,&quot;2&quot;:13228792},&quot;9&quot;:1,&quot;16&quot;:12,&quot;17&quot;:1}\" data-sheets-formula=\"=R[-1]C[0]\/25,247\">\u00a0<\/span>\u00d7 <span data-sheets-value=\"{&quot;1&quot;:3,&quot;3&quot;:2.713193646769913}\" data-sheets-userformat=\"{&quot;2&quot;:24643,&quot;3&quot;:{&quot;1&quot;:2,&quot;2&quot;:&quot;0.00&quot;,&quot;3&quot;:1},&quot;4&quot;:{&quot;1&quot;:2,&quot;2&quot;:13228792},&quot;9&quot;:1,&quot;16&quot;:12,&quot;17&quot;:1}\" data-sheets-formula=\"=R[-1]C[0]\/25,247\">2,71 <\/span>Zoll - 99,60 x 68,50 mm - Stiche: 11020<\/p>\n<p>\u2605 Gr\u00f6\u00dfe <span data-sheets-value=\"{&quot;1&quot;:3,&quot;3&quot;:5.050104962965897}\" data-sheets-userformat=\"{&quot;2&quot;:24643,&quot;3&quot;:{&quot;1&quot;:2,&quot;2&quot;:&quot;0.00&quot;,&quot;3&quot;:1},&quot;4&quot;:{&quot;1&quot;:2,&quot;2&quot;:13228792},&quot;9&quot;:1,&quot;16&quot;:12,&quot;17&quot;:1}\" data-sheets-formula=\"=R[-1]C[0]\/25,247\">5,05 <\/span>\u00d7 <span data-sheets-value=\"{&quot;1&quot;:3,&quot;3&quot;:3.4657583079177723}\" data-sheets-userformat=\"{&quot;2&quot;:24643,&quot;3&quot;:{&quot;1&quot;:2,&quot;2&quot;:&quot;0.00&quot;,&quot;3&quot;:1},&quot;4&quot;:{&quot;1&quot;:2,&quot;2&quot;:13228792},&quot;9&quot;:1,&quot;16&quot;:12,&quot;17&quot;:1}\" data-sheets-formula=\"=R[-1]C[0]\/25,247\">3,47 <\/span>Zoll - 127,50 x 87,50 mm - Stiche: 14557<\/p>\n<p>\u2605 Gr\u00f6\u00dfe <span data-sheets-value=\"{&quot;1&quot;:3,&quot;3&quot;:6.0601259555590765}\" data-sheets-userformat=\"{&quot;2&quot;:24643,&quot;3&quot;:{&quot;1&quot;:2,&quot;2&quot;:&quot;0.00&quot;,&quot;3&quot;:1},&quot;4&quot;:{&quot;1&quot;:2,&quot;2&quot;:13228792},&quot;9&quot;:1,&quot;16&quot;:12,&quot;17&quot;:1}\" data-sheets-formula=\"=R[-1]C[0]\/25,247\">6,06 <\/span>\u00d7 <span data-sheets-value=\"{&quot;1&quot;:3,&quot;3&quot;:4.158909969501327}\" data-sheets-userformat=\"{&quot;2&quot;:24643,&quot;3&quot;:{&quot;1&quot;:2,&quot;2&quot;:&quot;0.00&quot;,&quot;3&quot;:1},&quot;4&quot;:{&quot;1&quot;:2,&quot;2&quot;:13228792},&quot;9&quot;:1,&quot;16&quot;:12,&quot;17&quot;:1}\" data-sheets-formula=\"=R[-1]C[0]\/25,247\">4,16 <\/span>Zoll - 153,00 x 105,00 mm - Stiche: 17880<\/p>\n<p>\u2605 Gr\u00f6\u00dfe <span data-sheets-value=\"{&quot;1&quot;:3,&quot;3&quot;:6.963203548936508}\" data-sheets-userformat=\"{&quot;2&quot;:24643,&quot;3&quot;:{&quot;1&quot;:2,&quot;2&quot;:&quot;0.00&quot;,&quot;3&quot;:1},&quot;4&quot;:{&quot;1&quot;:2,&quot;2&quot;:13228792},&quot;9&quot;:1,&quot;16&quot;:12,&quot;17&quot;:1}\" data-sheets-formula=\"=R[-1]C[0]\/25,247\">6,96 <\/span>\u00d7 <span data-sheets-value=\"{&quot;1&quot;:3,&quot;3&quot;:4.780766031607716}\" data-sheets-userformat=\"{&quot;2&quot;:24643,&quot;3&quot;:{&quot;1&quot;:2,&quot;2&quot;:&quot;0.00&quot;,&quot;3&quot;:1},&quot;4&quot;:{&quot;1&quot;:2,&quot;2&quot;:13228792},&quot;9&quot;:1,&quot;16&quot;:12,&quot;17&quot;:1}\" data-sheets-formula=\"=R[-1]C[0]\/25,247\">4,78 <\/span>Zoll - 175,80 x 120,70 mm - Stiche: 21220<\/p>\n<p>\u2605 Gr\u00f6\u00dfe <span data-sheets-value=\"{&quot;1&quot;:3,&quot;3&quot;:8.068285340832574}\" data-sheets-userformat=\"{&quot;2&quot;:24643,&quot;3&quot;:{&quot;1&quot;:2,&quot;2&quot;:&quot;0.00&quot;,&quot;3&quot;:1},&quot;4&quot;:{&quot;1&quot;:2,&quot;2&quot;:13228792},&quot;9&quot;:1,&quot;16&quot;:12,&quot;17&quot;:1}\" data-sheets-formula=\"=R[-1]C[0]\/25,247\">8,07 <\/span>\u00d7 <span data-sheets-value=\"{&quot;1&quot;:3,&quot;3&quot;:5.533330692755574}\" data-sheets-userformat=\"{&quot;2&quot;:24643,&quot;3&quot;:{&quot;1&quot;:2,&quot;2&quot;:&quot;0.00&quot;,&quot;3&quot;:1},&quot;4&quot;:{&quot;1&quot;:2,&quot;2&quot;:13228792},&quot;9&quot;:1,&quot;16&quot;:12,&quot;17&quot;:1}\" data-sheets-formula=\"=R[-1]C[0]\/25,247\">5,53 <\/span>Zoll - 203,70 x 139,70 mm - Stiche: 25403<\/p>\n<p>\u2605 Gr\u00f6\u00dfe <span data-sheets-value=\"{&quot;1&quot;:3,&quot;3&quot;:9.074345466788133}\" data-sheets-userformat=\"{&quot;2&quot;:24643,&quot;3&quot;:{&quot;1&quot;:2,&quot;2&quot;:&quot;0.00&quot;,&quot;3&quot;:1},&quot;4&quot;:{&quot;1&quot;:2,&quot;2&quot;:13228792},&quot;9&quot;:1,&quot;16&quot;:12,&quot;17&quot;:1}\" data-sheets-formula=\"=R[-1]C[0]\/25,247\">9,07 <\/span>\u00d7 <span data-sheets-value=\"{&quot;1&quot;:3,&quot;3&quot;:6.2264823543391286}\" data-sheets-userformat=\"{&quot;2&quot;:24643,&quot;3&quot;:{&quot;1&quot;:2,&quot;2&quot;:&quot;0.00&quot;,&quot;3&quot;:1},&quot;4&quot;:{&quot;1&quot;:2,&quot;2&quot;:13228792},&quot;9&quot;:1,&quot;16&quot;:12,&quot;17&quot;:1}\" data-sheets-formula=\"=R[-1]C[0]\/25,247\">6,23 <\/span>Zoll - 229,10 x 157,20 mm - Stiche: 29573<\/p>\n<p>\u2605 Gr\u00f6\u00dfe <span data-sheets-value=\"{&quot;1&quot;:3,&quot;3&quot;:10.080405592743693}\" data-sheets-userformat=\"{&quot;2&quot;:24643,&quot;3&quot;:{&quot;1&quot;:2,&quot;2&quot;:&quot;0.00&quot;,&quot;3&quot;:1},&quot;4&quot;:{&quot;1&quot;:2,&quot;2&quot;:13228792},&quot;9&quot;:1,&quot;16&quot;:12,&quot;17&quot;:1}\" data-sheets-formula=\"=R[-1]C[0]\/25,247\">10,08 <\/span>\u00d7 <span data-sheets-value=\"{&quot;1&quot;:3,&quot;3&quot;:6.915673149285063}\" data-sheets-userformat=\"{&quot;2&quot;:24643,&quot;3&quot;:{&quot;1&quot;:2,&quot;2&quot;:&quot;0.00&quot;,&quot;3&quot;:1},&quot;4&quot;:{&quot;1&quot;:2,&quot;2&quot;:13228792},&quot;9&quot;:1,&quot;16&quot;:12,&quot;17&quot;:1}\" data-sheets-formula=\"=R[-1]C[0]\/25,247\">6,92 <\/span>Zoll - 254,50 x 174,60 mm - Stiche: 34103<\/p>\n<p>&nbsp;<\/p>\n<p>\u2605 Formate, die beim Kauf in einer ZIP-Datei enthalten sein werden:<\/p>\n<ul>\n<li>Deco, Brother, Baby Lock: <strong>PES, PEC<\/strong><\/li>\n<li>Husqvarna, Viking: <strong>HUS<\/strong><\/li>\n<li>Janome, Elna, Kenmore: <strong>JEF<\/strong><\/li>\n<li>Melco: <strong>EXP<\/strong><\/li>\n<li>Compucon, Singer: <strong>XXX<\/strong><\/li>\n<li>Tajima: <strong>DST<\/strong><\/li>\n<li>Pfaff:<b> VP3, VIP<\/b><\/li>\n<li>Sonstiges: <strong>EDR<\/strong><\/li>\n<\/ul>","protected":false},"excerpt":{"rendered":"<style>.elementor-204929 .elementor-element.elementor-element-95a9a0b{margin-top:0px;margin-bottom:0px;padding:0px 0px 0px 0px;overflow:visible;}.elementor-204929 .elementor-element.elementor-element-84e32b5 > .elementor-element-populated{margin:0px 0px 0px 0px;--e-column-margin-right:0px;--e-column-margin-left:0px;padding:0px 0px 0px 0px;}.elementor-204929 .elementor-element.elementor-element-4e302eb{text-align:left;}<\/style>\n<div class=\"porto-block elementor elementor-204929\" data-id=\"204929\">\n<section class=\"elementor-section elementor-top-section elementor-element elementor-element-95a9a0b elementor-section-full_width elementor-section-height-default elementor-section-height-default\" data-id=\"95a9a0b\" data-element_type=\"section\" data-settings=\"{&quot;ekit_has_onepagescroll_dot&quot;:&quot;yes&quot;}\">\n<div class=\"elementor-container elementor-column-gap-default\">\n<div class=\"elementor-column elementor-col-100 elementor-top-column elementor-element elementor-element-84e32b5\" data-id=\"84e32b5\" data-element_type=\"column\">\n<div class=\"elementor-widget-wrap elementor-element-populated\">\n<div class=\"elementor-element elementor-element-4e302eb elementor-widget elementor-widget-image\" data-id=\"4e302eb\" data-element_type=\"widget\" data-settings=\"{&quot;ekit_we_effect_on&quot;:&quot;none&quot;}\" data-widget_type=\"image.default\">\n<div class=\"elementor-widget-container\">\n<style>\/*! elementor - v3.12.1 - 02-04-2023 *\/\n.elementor-widget-image{text-align:center}.elementor-widget-image a{display:inline-block}.elementor-widget-image a img[src$=\".svg\"]{width:48px}.elementor-widget-image img{vertical-align:middle;display:inline-block}<\/style>\n<p>\t\t\t\t\t\t\t\t\t\t\t\t<img decoding=\"async\" width=\"300\" height=\"84\" src=\"https:\/\/embroiderydownload.com\/wp-content\/uploads\/2022\/11\/icons-values-eng.svg\" class=\"attachment-large size-large wp-image-204901\" alt=\"\" loading=\"lazy\" \/>\t\t\t\t\t\t\t\t\t\t\t\t\t\t\t<\/div>\n<\/p><\/div>\n<\/p><\/div>\n<\/p><\/div>\n<\/p><\/div>\n<\/section><\/div>","protected":false},"featured_media":211919,"template":"","meta":[],"product_cat":[12182],"product_tag":[59],"yoast_head":"<!-- This site is optimized with the Yoast SEO plugin v17.5 - https:\/\/yoast.com\/wordpress\/plugins\/seo\/ -->\n<title>Merry Christmas Embroidery Design Download - EmbroideryDownload<\/title>\n<meta name=\"description\" content=\"Wish a Merry Christmas on any cloth with our festive embroidery design. Download now to spread holiday joy!\" \/>\n<meta name=\"robots\" content=\"index, follow, max-snippet:-1, max-image-preview:large, max-video-preview:-1\" \/>\n<link rel=\"canonical\" href=\"https:\/\/embroiderydownload.com\/de\/productos\/feliz-navidad-descarga-picajes-bordados\/\" \/>\n<meta property=\"og:locale\" content=\"de_DE\" \/>\n<meta property=\"og:type\" content=\"article\" \/>\n<meta property=\"og:title\" content=\"Merry Christmas Embroidery Design Download - EmbroideryDownload\" \/>\n<meta property=\"og:description\" content=\"Wish a Merry Christmas on any cloth with our festive embroidery design. Download now to spread holiday joy!\" \/>\n<meta property=\"og:url\" content=\"https:\/\/embroiderydownload.com\/de\/productos\/feliz-navidad-descarga-picajes-bordados\/\" \/>\n<meta property=\"og:site_name\" content=\"EmbroideryDownload\" \/>\n<meta property=\"article:modified_time\" content=\"2024-02-28T14:39:12+00:00\" \/>\n<meta property=\"og:image\" content=\"https:\/\/embroiderydownload.com\/wp-content\/uploads\/2023\/11\/merry-chritmass-embroidery-design.jpg\" \/>\n\t<meta property=\"og:image:width\" content=\"900\" \/>\n\t<meta property=\"og:image:height\" content=\"900\" \/>\n<meta name=\"twitter:card\" content=\"summary_large_image\" \/>\n<meta name=\"twitter:label1\" content=\"Preis\" \/>\n\t<meta name=\"twitter:data1\" content=\"&euro;6.99\" \/>\n\t<meta name=\"twitter:label2\" content=\"Availability\" \/>\n\t<meta name=\"twitter:data2\" content=\"In stock\" \/>\n<script type=\"application\/ld+json\" class=\"yoast-schema-graph\">{\"@context\":\"https:\/\/schema.org\",\"@graph\":[{\"@type\":\"WebSite\",\"@id\":\"https:\/\/embroiderydownload.com\/fr\/#website\",\"url\":\"https:\/\/embroiderydownload.com\/fr\/\",\"name\":\"EmbroideryDownload\",\"description\":\"Embroidery Designs Instant Digital Download\",\"potentialAction\":[{\"@type\":\"SearchAction\",\"target\":{\"@type\":\"EntryPoint\",\"urlTemplate\":\"https:\/\/embroiderydownload.com\/fr\/?s={search_term_string}\"},\"query-input\":\"required name=search_term_string\"}],\"inLanguage\":\"de-DE\"},{\"@type\":\"ImageObject\",\"@id\":\"https:\/\/embroiderydownload.com\/es\/productos\/feliz-navidad-descarga-picajes-bordados\/#primaryimage\",\"inLanguage\":\"de-DE\",\"url\":\"https:\/\/embroiderydownload.com\/wp-content\/uploads\/2023\/11\/merry-chritmass-embroidery-design.jpg\",\"contentUrl\":\"https:\/\/embroiderydownload.com\/wp-content\/uploads\/2023\/11\/merry-chritmass-embroidery-design.jpg\",\"width\":900,\"height\":900,\"caption\":\"merry-chritmass-embroidery-design\"},{\"@type\":\"WebPage\",\"@id\":\"https:\/\/embroiderydownload.com\/es\/productos\/feliz-navidad-descarga-picajes-bordados\/#webpage\",\"url\":\"https:\/\/embroiderydownload.com\/es\/productos\/feliz-navidad-descarga-picajes-bordados\/\",\"name\":\"Merry Christmas Embroidery Design Download - EmbroideryDownload\",\"isPartOf\":{\"@id\":\"https:\/\/embroiderydownload.com\/fr\/#website\"},\"primaryImageOfPage\":{\"@id\":\"https:\/\/embroiderydownload.com\/es\/productos\/feliz-navidad-descarga-picajes-bordados\/#primaryimage\"},\"datePublished\":\"2023-11-15T12:05:41+00:00\",\"dateModified\":\"2024-02-28T14:39:12+00:00\",\"description\":\"Wish a Merry Christmas on any cloth with our festive embroidery design. Download now to spread holiday joy!\",\"breadcrumb\":{\"@id\":\"https:\/\/embroiderydownload.com\/es\/productos\/feliz-navidad-descarga-picajes-bordados\/#breadcrumb\"},\"inLanguage\":\"de-DE\",\"potentialAction\":[{\"@type\":\"ReadAction\",\"target\":[\"https:\/\/embroiderydownload.com\/es\/productos\/feliz-navidad-descarga-picajes-bordados\/\"]}]},{\"@type\":\"BreadcrumbList\",\"@id\":\"https:\/\/embroiderydownload.com\/es\/productos\/feliz-navidad-descarga-picajes-bordados\/#breadcrumb\",\"itemListElement\":[{\"@type\":\"ListItem\",\"position\":1,\"name\":\"Shop\",\"item\":\"https:\/\/embroiderydownload.com\/it\/negozio-2\/\"},{\"@type\":\"ListItem\",\"position\":2,\"name\":\"Merry Christmas Embroidery Design Download\"}]}]}<\/script>\n<!-- \/ Yoast SEO plugin. -->","yoast_head_json":{"title":"Merry Christmas Embroidery Design Download - EmbroideryDownload","description":"Wish a Merry Christmas on any cloth with our festive embroidery design. Download now to spread holiday joy!","robots":{"index":"index","follow":"follow","max-snippet":"max-snippet:-1","max-image-preview":"max-image-preview:large","max-video-preview":"max-video-preview:-1"},"canonical":"https:\/\/embroiderydownload.com\/de\/productos\/feliz-navidad-descarga-picajes-bordados\/","og_locale":"de_DE","og_type":"article","og_title":"Merry Christmas Embroidery Design Download - EmbroideryDownload","og_description":"Wish a Merry Christmas on any cloth with our festive embroidery design. Download now to spread holiday joy!","og_url":"https:\/\/embroiderydownload.com\/de\/productos\/feliz-navidad-descarga-picajes-bordados\/","og_site_name":"EmbroideryDownload","article_modified_time":"2024-02-28T14:39:12+00:00","og_image":[{"width":900,"height":900,"url":"https:\/\/embroiderydownload.com\/wp-content\/uploads\/2023\/11\/merry-chritmass-embroidery-design.jpg","type":"image\/jpeg"}],"twitter_card":"summary_large_image","twitter_misc":{"Preis":"&euro;6.99","Availability":"In stock"},"schema":{"@context":"https:\/\/schema.org","@graph":[{"@type":"WebSite","@id":"https:\/\/embroiderydownload.com\/fr\/#website","url":"https:\/\/embroiderydownload.com\/fr\/","name":"EmbroideryDownload","description":"Embroidery Designs Instant Digital Download","potentialAction":[{"@type":"SearchAction","target":{"@type":"EntryPoint","urlTemplate":"https:\/\/embroiderydownload.com\/fr\/?s={search_term_string}"},"query-input":"required name=search_term_string"}],"inLanguage":"de-DE"},{"@type":"ImageObject","@id":"https:\/\/embroiderydownload.com\/es\/productos\/feliz-navidad-descarga-picajes-bordados\/#primaryimage","inLanguage":"de-DE","url":"https:\/\/embroiderydownload.com\/wp-content\/uploads\/2023\/11\/merry-chritmass-embroidery-design.jpg","contentUrl":"https:\/\/embroiderydownload.com\/wp-content\/uploads\/2023\/11\/merry-chritmass-embroidery-design.jpg","width":900,"height":900,"caption":"merry-chritmass-embroidery-design"},{"@type":"WebPage","@id":"https:\/\/embroiderydownload.com\/es\/productos\/feliz-navidad-descarga-picajes-bordados\/#webpage","url":"https:\/\/embroiderydownload.com\/es\/productos\/feliz-navidad-descarga-picajes-bordados\/","name":"Merry Christmas Embroidery Design Download - EmbroideryDownload","isPartOf":{"@id":"https:\/\/embroiderydownload.com\/fr\/#website"},"primaryImageOfPage":{"@id":"https:\/\/embroiderydownload.com\/es\/productos\/feliz-navidad-descarga-picajes-bordados\/#primaryimage"},"datePublished":"2023-11-15T12:05:41+00:00","dateModified":"2024-02-28T14:39:12+00:00","description":"Wish a Merry Christmas on any cloth with our festive embroidery design. Download now to spread holiday joy!","breadcrumb":{"@id":"https:\/\/embroiderydownload.com\/es\/productos\/feliz-navidad-descarga-picajes-bordados\/#breadcrumb"},"inLanguage":"de-DE","potentialAction":[{"@type":"ReadAction","target":["https:\/\/embroiderydownload.com\/es\/productos\/feliz-navidad-descarga-picajes-bordados\/"]}]},{"@type":"BreadcrumbList","@id":"https:\/\/embroiderydownload.com\/es\/productos\/feliz-navidad-descarga-picajes-bordados\/#breadcrumb","itemListElement":[{"@type":"ListItem","position":1,"name":"Shop","item":"https:\/\/embroiderydownload.com\/it\/negozio-2\/"},{"@type":"ListItem","position":2,"name":"Merry Christmas Embroidery Design Download"}]}]}},"_links":{"self":[{"href":"https:\/\/embroiderydownload.com\/de\/wp-json\/wp\/v2\/product\/211888"}],"collection":[{"href":"https:\/\/embroiderydownload.com\/de\/wp-json\/wp\/v2\/product"}],"about":[{"href":"https:\/\/embroiderydownload.com\/de\/wp-json\/wp\/v2\/types\/product"}],"version-history":[{"count":3,"href":"https:\/\/embroiderydownload.com\/de\/wp-json\/wp\/v2\/product\/211888\/revisions"}],"predecessor-version":[{"id":212228,"href":"https:\/\/embroiderydownload.com\/de\/wp-json\/wp\/v2\/product\/211888\/revisions\/212228"}],"wp:featuredmedia":[{"embeddable":true,"href":"https:\/\/embroiderydownload.com\/de\/wp-json\/wp\/v2\/media\/211919"}],"wp:attachment":[{"href":"https:\/\/embroiderydownload.com\/de\/wp-json\/wp\/v2\/media?parent=211888"}],"wp:term":[{"taxonomy":"product_cat","embeddable":true,"href":"https:\/\/embroiderydownload.com\/de\/wp-json\/wp\/v2\/product_cat?post=211888"},{"taxonomy":"product_tag","embeddable":true,"href":"https:\/\/embroiderydownload.com\/de\/wp-json\/wp\/v2\/product_tag?post=211888"}],"curies":[{"name":"wp","href":"https:\/\/api.w.org\/{rel}","templated":true}]}}