{"id":212738,"date":"2023-12-05T17:24:34","date_gmt":"2023-12-05T16:24:34","guid":{"rendered":"https:\/\/embroiderydownload.com\/?post_type=product&#038;p=212738"},"modified":"2025-01-16T13:06:58","modified_gmt":"2025-01-16T12:06:58","slug":"music-dance-embroidery-design-download","status":"publish","type":"product","link":"https:\/\/embroiderydownload.com\/de\/products\/music-dance-stickmuster-fur-stickmaschinen-download\/","title":{"rendered":"Music Dance Stickmuster F\u00fcr Stickmaschinen Download"},"content":{"rendered":"<p><span data-sheets-root=\"1\" data-sheets-value=\"{&quot;1&quot;:2,&quot;2&quot;:&quot;Add rhythm to your embroidery projects with Music Dance Embroidery Design Download. Choose from a range of intricate designs to create stunning pieces that will make your heart sing.&quot;}\" data-sheets-userformat=\"{&quot;2&quot;:256,&quot;11&quot;:3}\" data-sheets-formula=\"=GPT(CONCATENAR(&quot;Create a description for an embroidery design product with this title: &quot;; R[0]C[-4]; &quot;Be inspired by this example:&quot;;R[-8]C[0]; &quot;Maximun 35 words&quot;) )\">Bringen Sie Rhythmus in Ihre Stickereiprojekte mit <strong>Musik Tanz Stickmuster F\u00fcr Stickmaschinen<\/strong> Herunterladen. W\u00e4hlen Sie aus einer Reihe komplizierter Designs, um atemberaubende St\u00fccke zu kreieren, die Ihr Herz h\u00f6her schlagen lassen.<\/span><\/p>\n<p>\u2605 Gr\u00f6\u00dfe <span data-sheets-root=\"1\" data-sheets-value=\"{&quot;1&quot;:3,&quot;3&quot;:2.059650651562562}\" data-sheets-userformat=\"{&quot;2&quot;:28867,&quot;3&quot;:{&quot;1&quot;:2,&quot;2&quot;:&quot;0.00&quot;,&quot;3&quot;:1},&quot;4&quot;:{&quot;1&quot;:2,&quot;2&quot;:13228792},&quot;9&quot;:1,&quot;10&quot;:2,&quot;15&quot;:&quot;Arial&quot;,&quot;16&quot;:12,&quot;17&quot;:1}\" data-sheets-formula=\"=R[-1]C[0]\/25,247\">2,06 <\/span>\u00d7 <span data-sheets-root=\"1\" data-sheets-value=\"{&quot;1&quot;:3,&quot;3&quot;:3.0498673109676395}\" data-sheets-userformat=\"{&quot;2&quot;:28867,&quot;3&quot;:{&quot;1&quot;:2,&quot;2&quot;:&quot;0.00&quot;,&quot;3&quot;:1},&quot;4&quot;:{&quot;1&quot;:2,&quot;2&quot;:13228792},&quot;9&quot;:1,&quot;10&quot;:2,&quot;15&quot;:&quot;Arial&quot;,&quot;16&quot;:12,&quot;17&quot;:1}\" data-sheets-formula=\"=R[-1]C[0]\/25,247\">3,05 <\/span>Zoll - 52,00 x 77,00 mm - Stiche: 9245<\/p>\n<p>\u2605 Gr\u00f6\u00dfe <span data-sheets-root=\"1\" data-sheets-value=\"{&quot;1&quot;:3,&quot;3&quot;:2.582485047728443}\" data-sheets-userformat=\"{&quot;2&quot;:28867,&quot;3&quot;:{&quot;1&quot;:2,&quot;2&quot;:&quot;0.00&quot;,&quot;3&quot;:1},&quot;4&quot;:{&quot;1&quot;:2,&quot;2&quot;:13228792},&quot;9&quot;:1,&quot;10&quot;:2,&quot;15&quot;:&quot;Arial&quot;,&quot;16&quot;:12,&quot;17&quot;:1}\" data-sheets-formula=\"=R[-1]C[0]\/25,247\">2,58<\/span><span data-sheets-root=\"1\" data-sheets-value=\"{&quot;1&quot;:3,&quot;3&quot;:4.8401790311720205}\" data-sheets-userformat=\"{&quot;2&quot;:28867,&quot;3&quot;:{&quot;1&quot;:2,&quot;2&quot;:&quot;0.00&quot;,&quot;3&quot;:1},&quot;4&quot;:{&quot;1&quot;:2,&quot;2&quot;:13228792},&quot;9&quot;:1,&quot;10&quot;:2,&quot;15&quot;:&quot;Arial&quot;,&quot;16&quot;:12,&quot;17&quot;:1}\" data-sheets-formula=\"=R[-1]C[0]\/25,247\">\u00a0<\/span>\u00d7 <span data-sheets-root=\"1\" data-sheets-value=\"{&quot;1&quot;:3,&quot;3&quot;:3.8222363053036004}\" data-sheets-userformat=\"{&quot;2&quot;:28867,&quot;3&quot;:{&quot;1&quot;:2,&quot;2&quot;:&quot;0.00&quot;,&quot;3&quot;:1},&quot;4&quot;:{&quot;1&quot;:2,&quot;2&quot;:13228792},&quot;9&quot;:1,&quot;10&quot;:2,&quot;15&quot;:&quot;Arial&quot;,&quot;16&quot;:12,&quot;17&quot;:1}\" data-sheets-formula=\"=R[-1]C[0]\/25,247\">3,82 <\/span>Zoll - 65,20 x 96,50 mm - Stiche: 12205<\/p>\n<p>\u2605 Gr\u00f6\u00dfe <span data-sheets-root=\"1\" data-sheets-value=\"{&quot;1&quot;:3,&quot;3&quot;:3.263754109399137}\" data-sheets-userformat=\"{&quot;2&quot;:28867,&quot;3&quot;:{&quot;1&quot;:2,&quot;2&quot;:&quot;0.00&quot;,&quot;3&quot;:1},&quot;4&quot;:{&quot;1&quot;:2,&quot;2&quot;:13228792},&quot;9&quot;:1,&quot;10&quot;:2,&quot;15&quot;:&quot;Arial&quot;,&quot;16&quot;:12,&quot;17&quot;:1}\" data-sheets-formula=\"=R[-1]C[0]\/25,247\">3,26 <\/span>\u00d7 <span data-sheets-root=\"1\" data-sheets-value=\"{&quot;1&quot;:3,&quot;3&quot;:4.8322572978967795}\" data-sheets-userformat=\"{&quot;2&quot;:28867,&quot;3&quot;:{&quot;1&quot;:2,&quot;2&quot;:&quot;0.00&quot;,&quot;3&quot;:1},&quot;4&quot;:{&quot;1&quot;:2,&quot;2&quot;:13228792},&quot;9&quot;:1,&quot;10&quot;:2,&quot;15&quot;:&quot;Arial&quot;,&quot;16&quot;:12,&quot;17&quot;:1}\" data-sheets-formula=\"=R[-1]C[0]\/25,247\">4,83 <\/span>Zoll - 82,40 x 122,00 mm - Stiche: 16525<\/p>\n<p>\u2605 Gr\u00f6\u00dfe <span data-sheets-root=\"1\" data-sheets-value=\"{&quot;1&quot;:3,&quot;3&quot;:3.94502317106983}\" data-sheets-userformat=\"{&quot;2&quot;:28867,&quot;3&quot;:{&quot;1&quot;:2,&quot;2&quot;:&quot;0.00&quot;,&quot;3&quot;:1},&quot;4&quot;:{&quot;1&quot;:2,&quot;2&quot;:13228792},&quot;9&quot;:1,&quot;10&quot;:2,&quot;15&quot;:&quot;Arial&quot;,&quot;16&quot;:12,&quot;17&quot;:1}\" data-sheets-formula=\"=R[-1]C[0]\/25,247\">3,95 <\/span>\u00d7 <span data-sheets-root=\"1\" data-sheets-value=\"{&quot;1&quot;:3,&quot;3&quot;:5.838317423852339}\" data-sheets-userformat=\"{&quot;2&quot;:28867,&quot;3&quot;:{&quot;1&quot;:2,&quot;2&quot;:&quot;0.00&quot;,&quot;3&quot;:1},&quot;4&quot;:{&quot;1&quot;:2,&quot;2&quot;:13228792},&quot;9&quot;:1,&quot;10&quot;:2,&quot;15&quot;:&quot;Arial&quot;,&quot;16&quot;:12,&quot;17&quot;:1}\" data-sheets-formula=\"=R[-1]C[0]\/25,247\">5,84 <\/span>Zoll - 99,60 x 147,40 mm - Stiche: 21404<\/p>\n<p>&nbsp;<\/p>\n<p>\u2605 Formate, die beim Kauf in einer ZIP-Datei enthalten sein werden:<\/p>\n<ul>\n<li>Deco, Brother, Baby Lock: <strong>PES<\/strong><\/li>\n<li>Husqvarna, Viking: <strong>HUS<\/strong><\/li>\n<li>Janome, Elna, Kenmore: <strong>JEF<\/strong><\/li>\n<li>Melco: <strong>EXP<\/strong><\/li>\n<li>Compucon, Singer: <strong>XXX<\/strong><\/li>\n<li>Tajima: <strong>DST<\/strong><\/li>\n<li>Pfaff:<b> VP3<\/b><\/li>\n<li>Sonstiges: <strong>SEW<\/strong><\/li>\n<\/ul>","protected":false},"excerpt":{"rendered":"<style>.elementor-204929 .elementor-element.elementor-element-95a9a0b{margin-top:0px;margin-bottom:0px;padding:0px 0px 0px 0px;overflow:visible;}.elementor-204929 .elementor-element.elementor-element-84e32b5 > .elementor-element-populated{margin:0px 0px 0px 0px;--e-column-margin-right:0px;--e-column-margin-left:0px;padding:0px 0px 0px 0px;}.elementor-204929 .elementor-element.elementor-element-4e302eb{text-align:left;}<\/style>\n<div class=\"porto-block elementor elementor-204929\" data-id=\"204929\">\n<section class=\"elementor-section elementor-top-section elementor-element elementor-element-95a9a0b elementor-section-full_width elementor-section-height-default elementor-section-height-default\" data-id=\"95a9a0b\" data-element_type=\"section\" data-settings=\"{&quot;ekit_has_onepagescroll_dot&quot;:&quot;yes&quot;}\">\n<div class=\"elementor-container elementor-column-gap-default\">\n<div class=\"elementor-column elementor-col-100 elementor-top-column elementor-element elementor-element-84e32b5\" data-id=\"84e32b5\" data-element_type=\"column\">\n<div class=\"elementor-widget-wrap elementor-element-populated\">\n<div class=\"elementor-element elementor-element-4e302eb elementor-widget elementor-widget-image\" data-id=\"4e302eb\" data-element_type=\"widget\" data-settings=\"{&quot;ekit_we_effect_on&quot;:&quot;none&quot;}\" data-widget_type=\"image.default\">\n<div class=\"elementor-widget-container\">\n<style>\/*! elementor - v3.12.1 - 02-04-2023 *\/\n.elementor-widget-image{text-align:center}.elementor-widget-image a{display:inline-block}.elementor-widget-image a img[src$=\".svg\"]{width:48px}.elementor-widget-image img{vertical-align:middle;display:inline-block}<\/style>\n<p>\t\t\t\t\t\t\t\t\t\t\t\t<img decoding=\"async\" width=\"300\" height=\"84\" src=\"https:\/\/embroiderydownload.com\/wp-content\/uploads\/2022\/11\/icons-values-eng.svg\" class=\"attachment-large size-large wp-image-204901\" alt=\"\" loading=\"lazy\" \/>\t\t\t\t\t\t\t\t\t\t\t\t\t\t\t<\/div>\n<\/p><\/div>\n<\/p><\/div>\n<\/p><\/div>\n<\/p><\/div>\n<\/section><\/div>","protected":false},"featured_media":212749,"template":"","meta":[],"product_cat":[12203],"product_tag":[38],"yoast_head":"<!-- This site is optimized with the Yoast SEO plugin v17.5 - https:\/\/yoast.com\/wordpress\/plugins\/seo\/ -->\n<title>Music Dance Embroidery Design Download - EmbroideryDownload<\/title>\n<meta name=\"description\" content=\"Get groovy with Music Dance Embroidery Design Download. Perfect for music lovers and dance enthusiasts. Create pieces that will make you sing.\" \/>\n<meta name=\"robots\" content=\"index, follow, max-snippet:-1, max-image-preview:large, max-video-preview:-1\" \/>\n<link rel=\"canonical\" href=\"https:\/\/embroiderydownload.com\/de\/products\/music-dance-stickmuster-fur-stickmaschinen-download\/\" \/>\n<meta property=\"og:locale\" content=\"de_DE\" \/>\n<meta property=\"og:type\" content=\"article\" \/>\n<meta property=\"og:title\" content=\"Music Dance Embroidery Design Download - EmbroideryDownload\" \/>\n<meta property=\"og:description\" content=\"Get groovy with Music Dance Embroidery Design Download. Perfect for music lovers and dance enthusiasts. Create pieces that will make you sing.\" \/>\n<meta property=\"og:url\" content=\"https:\/\/embroiderydownload.com\/de\/products\/music-dance-stickmuster-fur-stickmaschinen-download\/\" \/>\n<meta property=\"og:site_name\" content=\"EmbroideryDownload\" \/>\n<meta property=\"article:modified_time\" content=\"2025-01-16T12:06:58+00:00\" \/>\n<meta property=\"og:image\" content=\"https:\/\/embroiderydownload.com\/wp-content\/uploads\/2023\/12\/music-dance-embroidery-design.jpg\" \/>\n\t<meta property=\"og:image:width\" content=\"900\" \/>\n\t<meta property=\"og:image:height\" content=\"900\" \/>\n<meta name=\"twitter:card\" content=\"summary_large_image\" \/>\n<meta name=\"twitter:label1\" content=\"Preis\" \/>\n\t<meta name=\"twitter:data1\" content=\"&euro;3.99\" \/>\n\t<meta name=\"twitter:label2\" content=\"Availability\" \/>\n\t<meta name=\"twitter:data2\" content=\"In stock\" \/>\n<script type=\"application\/ld+json\" class=\"yoast-schema-graph\">{\"@context\":\"https:\/\/schema.org\",\"@graph\":[{\"@type\":\"WebSite\",\"@id\":\"https:\/\/embroiderydownload.com\/fr\/#website\",\"url\":\"https:\/\/embroiderydownload.com\/fr\/\",\"name\":\"EmbroideryDownload\",\"description\":\"Embroidery Designs Instant Digital Download\",\"potentialAction\":[{\"@type\":\"SearchAction\",\"target\":{\"@type\":\"EntryPoint\",\"urlTemplate\":\"https:\/\/embroiderydownload.com\/fr\/?s={search_term_string}\"},\"query-input\":\"required name=search_term_string\"}],\"inLanguage\":\"de-DE\"},{\"@type\":\"ImageObject\",\"@id\":\"https:\/\/embroiderydownload.com\/products\/music-dance-embroidery-design-download\/#primaryimage\",\"inLanguage\":\"de-DE\",\"url\":\"https:\/\/embroiderydownload.com\/wp-content\/uploads\/2023\/12\/music-dance-embroidery-design.jpg\",\"contentUrl\":\"https:\/\/embroiderydownload.com\/wp-content\/uploads\/2023\/12\/music-dance-embroidery-design.jpg\",\"width\":900,\"height\":900,\"caption\":\"music-dance-embroidery-design\"},{\"@type\":\"WebPage\",\"@id\":\"https:\/\/embroiderydownload.com\/products\/music-dance-embroidery-design-download\/#webpage\",\"url\":\"https:\/\/embroiderydownload.com\/products\/music-dance-embroidery-design-download\/\",\"name\":\"Music Dance Embroidery Design Download - EmbroideryDownload\",\"isPartOf\":{\"@id\":\"https:\/\/embroiderydownload.com\/fr\/#website\"},\"primaryImageOfPage\":{\"@id\":\"https:\/\/embroiderydownload.com\/products\/music-dance-embroidery-design-download\/#primaryimage\"},\"datePublished\":\"2023-12-05T16:24:34+00:00\",\"dateModified\":\"2025-01-16T12:06:58+00:00\",\"description\":\"Get groovy with Music Dance Embroidery Design Download. Perfect for music lovers and dance enthusiasts. Create pieces that will make you sing.\",\"breadcrumb\":{\"@id\":\"https:\/\/embroiderydownload.com\/products\/music-dance-embroidery-design-download\/#breadcrumb\"},\"inLanguage\":\"de-DE\",\"potentialAction\":[{\"@type\":\"ReadAction\",\"target\":[\"https:\/\/embroiderydownload.com\/products\/music-dance-embroidery-design-download\/\"]}]},{\"@type\":\"BreadcrumbList\",\"@id\":\"https:\/\/embroiderydownload.com\/products\/music-dance-embroidery-design-download\/#breadcrumb\",\"itemListElement\":[{\"@type\":\"ListItem\",\"position\":1,\"name\":\"Shop\",\"item\":\"https:\/\/embroiderydownload.com\/it\/negozio-2\/\"},{\"@type\":\"ListItem\",\"position\":2,\"name\":\"Music Dance Embroidery Design Download\"}]}]}<\/script>\n<!-- \/ Yoast SEO plugin. -->","yoast_head_json":{"title":"Music Dance Embroidery Design Download - EmbroideryDownload","description":"Get groovy with Music Dance Embroidery Design Download. Perfect for music lovers and dance enthusiasts. Create pieces that will make you sing.","robots":{"index":"index","follow":"follow","max-snippet":"max-snippet:-1","max-image-preview":"max-image-preview:large","max-video-preview":"max-video-preview:-1"},"canonical":"https:\/\/embroiderydownload.com\/de\/products\/music-dance-stickmuster-fur-stickmaschinen-download\/","og_locale":"de_DE","og_type":"article","og_title":"Music Dance Embroidery Design Download - EmbroideryDownload","og_description":"Get groovy with Music Dance Embroidery Design Download. Perfect for music lovers and dance enthusiasts. Create pieces that will make you sing.","og_url":"https:\/\/embroiderydownload.com\/de\/products\/music-dance-stickmuster-fur-stickmaschinen-download\/","og_site_name":"EmbroideryDownload","article_modified_time":"2025-01-16T12:06:58+00:00","og_image":[{"width":900,"height":900,"url":"https:\/\/embroiderydownload.com\/wp-content\/uploads\/2023\/12\/music-dance-embroidery-design.jpg","type":"image\/jpeg"}],"twitter_card":"summary_large_image","twitter_misc":{"Preis":"&euro;3.99","Availability":"In stock"},"schema":{"@context":"https:\/\/schema.org","@graph":[{"@type":"WebSite","@id":"https:\/\/embroiderydownload.com\/fr\/#website","url":"https:\/\/embroiderydownload.com\/fr\/","name":"EmbroideryDownload","description":"Embroidery Designs Instant Digital Download","potentialAction":[{"@type":"SearchAction","target":{"@type":"EntryPoint","urlTemplate":"https:\/\/embroiderydownload.com\/fr\/?s={search_term_string}"},"query-input":"required name=search_term_string"}],"inLanguage":"de-DE"},{"@type":"ImageObject","@id":"https:\/\/embroiderydownload.com\/products\/music-dance-embroidery-design-download\/#primaryimage","inLanguage":"de-DE","url":"https:\/\/embroiderydownload.com\/wp-content\/uploads\/2023\/12\/music-dance-embroidery-design.jpg","contentUrl":"https:\/\/embroiderydownload.com\/wp-content\/uploads\/2023\/12\/music-dance-embroidery-design.jpg","width":900,"height":900,"caption":"music-dance-embroidery-design"},{"@type":"WebPage","@id":"https:\/\/embroiderydownload.com\/products\/music-dance-embroidery-design-download\/#webpage","url":"https:\/\/embroiderydownload.com\/products\/music-dance-embroidery-design-download\/","name":"Music Dance Embroidery Design Download - EmbroideryDownload","isPartOf":{"@id":"https:\/\/embroiderydownload.com\/fr\/#website"},"primaryImageOfPage":{"@id":"https:\/\/embroiderydownload.com\/products\/music-dance-embroidery-design-download\/#primaryimage"},"datePublished":"2023-12-05T16:24:34+00:00","dateModified":"2025-01-16T12:06:58+00:00","description":"Get groovy with Music Dance Embroidery Design Download. Perfect for music lovers and dance enthusiasts. Create pieces that will make you sing.","breadcrumb":{"@id":"https:\/\/embroiderydownload.com\/products\/music-dance-embroidery-design-download\/#breadcrumb"},"inLanguage":"de-DE","potentialAction":[{"@type":"ReadAction","target":["https:\/\/embroiderydownload.com\/products\/music-dance-embroidery-design-download\/"]}]},{"@type":"BreadcrumbList","@id":"https:\/\/embroiderydownload.com\/products\/music-dance-embroidery-design-download\/#breadcrumb","itemListElement":[{"@type":"ListItem","position":1,"name":"Shop","item":"https:\/\/embroiderydownload.com\/it\/negozio-2\/"},{"@type":"ListItem","position":2,"name":"Music Dance Embroidery Design Download"}]}]}},"_links":{"self":[{"href":"https:\/\/embroiderydownload.com\/de\/wp-json\/wp\/v2\/product\/212738"}],"collection":[{"href":"https:\/\/embroiderydownload.com\/de\/wp-json\/wp\/v2\/product"}],"about":[{"href":"https:\/\/embroiderydownload.com\/de\/wp-json\/wp\/v2\/types\/product"}],"version-history":[{"count":2,"href":"https:\/\/embroiderydownload.com\/de\/wp-json\/wp\/v2\/product\/212738\/revisions"}],"predecessor-version":[{"id":212770,"href":"https:\/\/embroiderydownload.com\/de\/wp-json\/wp\/v2\/product\/212738\/revisions\/212770"}],"wp:featuredmedia":[{"embeddable":true,"href":"https:\/\/embroiderydownload.com\/de\/wp-json\/wp\/v2\/media\/212749"}],"wp:attachment":[{"href":"https:\/\/embroiderydownload.com\/de\/wp-json\/wp\/v2\/media?parent=212738"}],"wp:term":[{"taxonomy":"product_cat","embeddable":true,"href":"https:\/\/embroiderydownload.com\/de\/wp-json\/wp\/v2\/product_cat?post=212738"},{"taxonomy":"product_tag","embeddable":true,"href":"https:\/\/embroiderydownload.com\/de\/wp-json\/wp\/v2\/product_tag?post=212738"}],"curies":[{"name":"wp","href":"https:\/\/api.w.org\/{rel}","templated":true}]}}