{"id":77492,"date":"2021-11-17T05:35:51","date_gmt":"2021-11-17T04:35:51","guid":{"rendered":"https:\/\/embroiderydownload.com\/product\/101st-airborne-division-motif-broderie-machine\/"},"modified":"2023-03-23T14:23:52","modified_gmt":"2023-03-23T13:23:52","slug":"101st-airborne-division-motif-broderie-machine","status":"publish","type":"product","link":"https:\/\/embroiderydownload.com\/de\/products\/101st-airborne-division-motiv-broderie-maschine\/","title":{"rendered":"101st Airborne Division Stickmuster F\u00fcr Stickmaschinen Download"},"content":{"rendered":"<p><strong>101. Luftlandedivision<\/strong> broderie professionnelle T\u00e9l\u00e9chargement num\u00e9rique. Konzeption von hochqualitativen Besenstrichmaschinen.<\/p>\n<p>\u2605 Taille 2,14 \u00d7 3,00 pouce - 54,50 x 76,30 mm - Points de suture: 10008<\/p>\n<p>\u2605 Formate, die bei der Bestellung in einem ZIP-File enthalten sind<\/p>\n<ul>\n<li>Deco, Brother, Baby Lock:\u00a0<strong>PES, PCM<\/strong><\/li>\n<li>Husqvarna, Viking:\u00a0<strong>HUS<\/strong><\/li>\n<li>Janome, Elna, Kenmore:\u00a0<strong>JEF<\/strong><\/li>\n<li>Melco:\u00a0<strong>EXP,\u00a0<\/strong><\/li>\n<li>Compucon, Singer:\u00a0<strong>XXX<\/strong><\/li>\n<li>Tajima:\u00a0<strong>DST<\/strong><\/li>\n<li>Pfaff:<b>\u00a0VIP, VP3<\/b><\/li>\n<li>Andere:,<strong> BMP, INF, EDR<\/strong><\/li>\n<\/ul>\n<p><strong>Wenn Sie diese Datei mit dem Broderie-Motiv aufladen, akzeptieren Sie die entsprechenden Bedingungen:<\/strong><br \/>\nDie Konzeption des oben genannten Logos und die Illustration, die Sie zum Zeitpunkt des Herunterladens sehen, sind geistiges Eigentum des Urhebers und\/oder der Marke und werden Ihnen ausschlie\u00dflich mit Genehmigung des Urhebers und\/oder der Marke f\u00fcr eine legale Nutzung angeboten. Sie erkl\u00e4ren sich mit den Nutzungsbedingungen einverstanden und akzeptieren, dass das von Ihnen geladene Kunstwerk zu nicht kommerziellen Zwecken genutzt wird, ohne die Rechte des Urheberrechtsinhabers und\/oder der Marke zu verletzen und in \u00dcbereinstimmung mit dem DMCA-Gesetz von 1998. Bevor Sie dieses Kunstwerk in irgendeiner Weise nutzen oder vervielf\u00e4ltigen, akzeptieren Sie, dass Sie die ausdr\u00fcckliche Genehmigung des Urheberrechtsinhabers und\/oder der Marke einholen m\u00fcssen. Die Tatsache, dass Sie eine solche Genehmigung nicht erhalten haben, stellt eine Verletzung des internationalen Urheber- und Markenrechts dar, die mit besonderen finanziellen und strafrechtlichen Sanktionen geahndet wird. Die Ma\u00dfe und Formate sind nur eine Sch\u00e4tzung.<\/p>\n<div id=\"gtx-trans\" style=\"position: absolute; left: -37px; top: 52px;\">\n<div class=\"gtx-trans-icon\"><\/div>\n<\/div>","protected":false},"excerpt":{"rendered":"<style>.elementor-204929 .elementor-element.elementor-element-95a9a0b{margin-top:0px;margin-bottom:0px;padding:0px 0px 0px 0px;overflow:visible;}.elementor-204929 .elementor-element.elementor-element-84e32b5 > .elementor-element-populated{margin:0px 0px 0px 0px;--e-column-margin-right:0px;--e-column-margin-left:0px;padding:0px 0px 0px 0px;}.elementor-204929 .elementor-element.elementor-element-4e302eb{text-align:left;}<\/style>\n<div class=\"porto-block elementor elementor-204929\" data-id=\"204929\">\n<section class=\"elementor-section elementor-top-section elementor-element elementor-element-95a9a0b elementor-section-full_width elementor-section-height-default elementor-section-height-default\" data-id=\"95a9a0b\" data-element_type=\"section\" data-settings=\"{&quot;ekit_has_onepagescroll_dot&quot;:&quot;yes&quot;}\">\n<div class=\"elementor-container elementor-column-gap-default\">\n<div class=\"elementor-column elementor-col-100 elementor-top-column elementor-element elementor-element-84e32b5\" data-id=\"84e32b5\" data-element_type=\"column\">\n<div class=\"elementor-widget-wrap elementor-element-populated\">\n<div class=\"elementor-element elementor-element-4e302eb elementor-widget elementor-widget-image\" data-id=\"4e302eb\" data-element_type=\"widget\" data-settings=\"{&quot;ekit_we_effect_on&quot;:&quot;none&quot;}\" data-widget_type=\"image.default\">\n<div class=\"elementor-widget-container\">\n<style>\/*! elementor - v3.12.1 - 02-04-2023 *\/\n.elementor-widget-image{text-align:center}.elementor-widget-image a{display:inline-block}.elementor-widget-image a img[src$=\".svg\"]{width:48px}.elementor-widget-image img{vertical-align:middle;display:inline-block}<\/style>\n<p>\t\t\t\t\t\t\t\t\t\t\t\t<img decoding=\"async\" width=\"300\" height=\"84\" src=\"https:\/\/embroiderydownload.com\/wp-content\/uploads\/2022\/11\/icons-values-eng.svg\" class=\"attachment-large size-large wp-image-204901\" alt=\"\" loading=\"lazy\" \/>\t\t\t\t\t\t\t\t\t\t\t\t\t\t\t<\/div>\n<\/p><\/div>\n<\/p><\/div>\n<\/p><\/div>\n<\/p><\/div>\n<\/section><\/div>","protected":false},"featured_media":77493,"template":"","meta":[],"product_cat":[],"product_tag":[17,18,19,20,21,22],"yoast_head":"<!-- This site is optimized with the Yoast SEO plugin v17.5 - https:\/\/yoast.com\/wordpress\/plugins\/seo\/ -->\n<title>101st Airborne Division Embroidery Design Download - EmbroideryDownload<\/title>\n<meta name=\"description\" content=\"Download today the 101st Airborne Division embroidery design and showcase your patriotism. Buy now and start stitching!\" \/>\n<meta name=\"robots\" content=\"index, follow, max-snippet:-1, max-image-preview:large, max-video-preview:-1\" \/>\n<link rel=\"canonical\" href=\"https:\/\/embroiderydownload.com\/de\/productos\/descarga-picaje-bordado-101st-airbone-division\/\" \/>\n<meta property=\"og:locale\" content=\"de_DE\" \/>\n<meta property=\"og:type\" content=\"article\" \/>\n<meta property=\"og:title\" content=\"101st Airborne Division Embroidery Design Download - EmbroideryDownload\" \/>\n<meta property=\"og:description\" content=\"Download today the 101st Airborne Division embroidery design and showcase your patriotism. Buy now and start stitching!\" \/>\n<meta property=\"og:url\" content=\"https:\/\/embroiderydownload.com\/de\/productos\/descarga-picaje-bordado-101st-airbone-division\/\" \/>\n<meta property=\"og:site_name\" content=\"EmbroideryDownload\" \/>\n<meta property=\"article:modified_time\" content=\"2023-03-23T13:23:52+00:00\" \/>\n<meta property=\"og:image\" content=\"https:\/\/embroiderydownload.com\/wp-content\/uploads\/2021\/10\/embroidery-design-logo-Recuperado_1ca58263-bdb5-4a1a-8d47-e87f175606b3-1.jpg\" \/>\n\t<meta property=\"og:image:width\" content=\"700\" \/>\n\t<meta property=\"og:image:height\" content=\"700\" \/>\n<meta name=\"twitter:card\" content=\"summary_large_image\" \/>\n<meta name=\"twitter:label1\" content=\"Preis\" \/>\n\t<meta name=\"twitter:data1\" content=\"&euro;2.99\" \/>\n\t<meta name=\"twitter:label2\" content=\"Availability\" \/>\n\t<meta name=\"twitter:data2\" content=\"In stock\" \/>\n<script type=\"application\/ld+json\" class=\"yoast-schema-graph\">{\"@context\":\"https:\/\/schema.org\",\"@graph\":[{\"@type\":\"WebSite\",\"@id\":\"https:\/\/embroiderydownload.com\/fr\/#website\",\"url\":\"https:\/\/embroiderydownload.com\/fr\/\",\"name\":\"EmbroideryDownload\",\"description\":\"Embroidery Designs Instant Digital Download\",\"potentialAction\":[{\"@type\":\"SearchAction\",\"target\":{\"@type\":\"EntryPoint\",\"urlTemplate\":\"https:\/\/embroiderydownload.com\/fr\/?s={search_term_string}\"},\"query-input\":\"required name=search_term_string\"}],\"inLanguage\":\"de-DE\"},{\"@type\":\"ImageObject\",\"@id\":\"https:\/\/embroiderydownload.com\/es\/productos\/descarga-picaje-bordado-101st-airbone-division\/#primaryimage\",\"inLanguage\":\"de-DE\",\"url\":\"https:\/\/embroiderydownload.com\/wp-content\/uploads\/2021\/10\/embroidery-design-logo-Recuperado_1ca58263-bdb5-4a1a-8d47-e87f175606b3-1.jpg\",\"contentUrl\":\"https:\/\/embroiderydownload.com\/wp-content\/uploads\/2021\/10\/embroidery-design-logo-Recuperado_1ca58263-bdb5-4a1a-8d47-e87f175606b3-1.jpg\",\"width\":700,\"height\":700},{\"@type\":\"WebPage\",\"@id\":\"https:\/\/embroiderydownload.com\/es\/productos\/descarga-picaje-bordado-101st-airbone-division\/#webpage\",\"url\":\"https:\/\/embroiderydownload.com\/es\/productos\/descarga-picaje-bordado-101st-airbone-division\/\",\"name\":\"101st Airborne Division Embroidery Design Download - EmbroideryDownload\",\"isPartOf\":{\"@id\":\"https:\/\/embroiderydownload.com\/fr\/#website\"},\"primaryImageOfPage\":{\"@id\":\"https:\/\/embroiderydownload.com\/es\/productos\/descarga-picaje-bordado-101st-airbone-division\/#primaryimage\"},\"datePublished\":\"2021-11-17T04:35:51+00:00\",\"dateModified\":\"2023-03-23T13:23:52+00:00\",\"description\":\"Download today the 101st Airborne Division embroidery design and showcase your patriotism. Buy now and start stitching!\",\"breadcrumb\":{\"@id\":\"https:\/\/embroiderydownload.com\/es\/productos\/descarga-picaje-bordado-101st-airbone-division\/#breadcrumb\"},\"inLanguage\":\"de-DE\",\"potentialAction\":[{\"@type\":\"ReadAction\",\"target\":[\"https:\/\/embroiderydownload.com\/es\/productos\/descarga-picaje-bordado-101st-airbone-division\/\"]}]},{\"@type\":\"BreadcrumbList\",\"@id\":\"https:\/\/embroiderydownload.com\/es\/productos\/descarga-picaje-bordado-101st-airbone-division\/#breadcrumb\",\"itemListElement\":[{\"@type\":\"ListItem\",\"position\":1,\"name\":\"Shop\",\"item\":\"https:\/\/embroiderydownload.com\/it\/negozio-2\/\"},{\"@type\":\"ListItem\",\"position\":2,\"name\":\"101st Airborne Division Embroidery Design Download\"}]}]}<\/script>\n<!-- \/ Yoast SEO plugin. -->","yoast_head_json":{"title":"101st Airborne Division Embroidery Design Download - EmbroideryDownload","description":"Download today the 101st Airborne Division embroidery design and showcase your patriotism. Buy now and start stitching!","robots":{"index":"index","follow":"follow","max-snippet":"max-snippet:-1","max-image-preview":"max-image-preview:large","max-video-preview":"max-video-preview:-1"},"canonical":"https:\/\/embroiderydownload.com\/de\/productos\/descarga-picaje-bordado-101st-airbone-division\/","og_locale":"de_DE","og_type":"article","og_title":"101st Airborne Division Embroidery Design Download - EmbroideryDownload","og_description":"Download today the 101st Airborne Division embroidery design and showcase your patriotism. Buy now and start stitching!","og_url":"https:\/\/embroiderydownload.com\/de\/productos\/descarga-picaje-bordado-101st-airbone-division\/","og_site_name":"EmbroideryDownload","article_modified_time":"2023-03-23T13:23:52+00:00","og_image":[{"width":700,"height":700,"url":"https:\/\/embroiderydownload.com\/wp-content\/uploads\/2021\/10\/embroidery-design-logo-Recuperado_1ca58263-bdb5-4a1a-8d47-e87f175606b3-1.jpg","type":"image\/jpeg"}],"twitter_card":"summary_large_image","twitter_misc":{"Preis":"&euro;2.99","Availability":"In stock"},"schema":{"@context":"https:\/\/schema.org","@graph":[{"@type":"WebSite","@id":"https:\/\/embroiderydownload.com\/fr\/#website","url":"https:\/\/embroiderydownload.com\/fr\/","name":"EmbroideryDownload","description":"Embroidery Designs Instant Digital Download","potentialAction":[{"@type":"SearchAction","target":{"@type":"EntryPoint","urlTemplate":"https:\/\/embroiderydownload.com\/fr\/?s={search_term_string}"},"query-input":"required name=search_term_string"}],"inLanguage":"de-DE"},{"@type":"ImageObject","@id":"https:\/\/embroiderydownload.com\/es\/productos\/descarga-picaje-bordado-101st-airbone-division\/#primaryimage","inLanguage":"de-DE","url":"https:\/\/embroiderydownload.com\/wp-content\/uploads\/2021\/10\/embroidery-design-logo-Recuperado_1ca58263-bdb5-4a1a-8d47-e87f175606b3-1.jpg","contentUrl":"https:\/\/embroiderydownload.com\/wp-content\/uploads\/2021\/10\/embroidery-design-logo-Recuperado_1ca58263-bdb5-4a1a-8d47-e87f175606b3-1.jpg","width":700,"height":700},{"@type":"WebPage","@id":"https:\/\/embroiderydownload.com\/es\/productos\/descarga-picaje-bordado-101st-airbone-division\/#webpage","url":"https:\/\/embroiderydownload.com\/es\/productos\/descarga-picaje-bordado-101st-airbone-division\/","name":"101st Airborne Division Embroidery Design Download - EmbroideryDownload","isPartOf":{"@id":"https:\/\/embroiderydownload.com\/fr\/#website"},"primaryImageOfPage":{"@id":"https:\/\/embroiderydownload.com\/es\/productos\/descarga-picaje-bordado-101st-airbone-division\/#primaryimage"},"datePublished":"2021-11-17T04:35:51+00:00","dateModified":"2023-03-23T13:23:52+00:00","description":"Download today the 101st Airborne Division embroidery design and showcase your patriotism. Buy now and start stitching!","breadcrumb":{"@id":"https:\/\/embroiderydownload.com\/es\/productos\/descarga-picaje-bordado-101st-airbone-division\/#breadcrumb"},"inLanguage":"de-DE","potentialAction":[{"@type":"ReadAction","target":["https:\/\/embroiderydownload.com\/es\/productos\/descarga-picaje-bordado-101st-airbone-division\/"]}]},{"@type":"BreadcrumbList","@id":"https:\/\/embroiderydownload.com\/es\/productos\/descarga-picaje-bordado-101st-airbone-division\/#breadcrumb","itemListElement":[{"@type":"ListItem","position":1,"name":"Shop","item":"https:\/\/embroiderydownload.com\/it\/negozio-2\/"},{"@type":"ListItem","position":2,"name":"101st Airborne Division Embroidery Design Download"}]}]}},"_links":{"self":[{"href":"https:\/\/embroiderydownload.com\/de\/wp-json\/wp\/v2\/product\/77492"}],"collection":[{"href":"https:\/\/embroiderydownload.com\/de\/wp-json\/wp\/v2\/product"}],"about":[{"href":"https:\/\/embroiderydownload.com\/de\/wp-json\/wp\/v2\/types\/product"}],"version-history":[{"count":2,"href":"https:\/\/embroiderydownload.com\/de\/wp-json\/wp\/v2\/product\/77492\/revisions"}],"predecessor-version":[{"id":204891,"href":"https:\/\/embroiderydownload.com\/de\/wp-json\/wp\/v2\/product\/77492\/revisions\/204891"}],"wp:featuredmedia":[{"embeddable":true,"href":"https:\/\/embroiderydownload.com\/de\/wp-json\/wp\/v2\/media\/77493"}],"wp:attachment":[{"href":"https:\/\/embroiderydownload.com\/de\/wp-json\/wp\/v2\/media?parent=77492"}],"wp:term":[{"taxonomy":"product_cat","embeddable":true,"href":"https:\/\/embroiderydownload.com\/de\/wp-json\/wp\/v2\/product_cat?post=77492"},{"taxonomy":"product_tag","embeddable":true,"href":"https:\/\/embroiderydownload.com\/de\/wp-json\/wp\/v2\/product_tag?post=77492"}],"curies":[{"name":"wp","href":"https:\/\/api.w.org\/{rel}","templated":true}]}}