{"id":79826,"date":"2021-11-17T05:49:29","date_gmt":"2021-11-17T04:49:29","guid":{"rendered":"https:\/\/embroiderydownload.com\/product\/beautiful-symbol-in-japanese-kanji-embroidery-design-download\/"},"modified":"2023-03-23T14:23:37","modified_gmt":"2023-03-23T13:23:37","slug":"beautiful-symbol-in-japanese-kanji-embroidery-design-download","status":"publish","type":"product","link":"https:\/\/embroiderydownload.com\/de\/products\/schones-symbol-japanisch-kanji-stickmuster-download\/","title":{"rendered":"Sch\u00f6nes Symbol in japanischen Kanji Stickmuster F\u00fcr Stickmaschinen Download"},"content":{"rendered":"<p>&nbsp;<\/p>\n<p><strong>Sch\u00f6nes Symbol in japanischem Kanji<\/strong>\u00a0f\u00fcr Sofortiger Digitaler Download - Mehrere Formate f\u00fcr Stickmaschinen. Gepr\u00fcfte Stickmuster F\u00fcr Stickmaschinen in hoher Qualit\u00e4t.<\/p>\n<p>&nbsp;<\/p>\n<p>\u2605 Gr\u00f6\u00dfe: 0,87 \u00d7 0,87 inch - 22,30 x 22,10 mm - Stiche: 826<br \/>\n\u2605 Gr\u00f6\u00dfe: 1,31 \u00d7 1,30 inch - 33,50 x 33,10 mm - Stiche: 1179<br \/>\n\u2605 Gr\u00f6\u00dfe: 2,19 \u00d7 2,17 inch - 55,80 x 55,20 mm - Stiche: 1863<br \/>\n\u2605 Gr\u00f6\u00dfe: 3,07 \u00d7 3,03 inch - 78,10 x 77,20 mm - Stiche: 2542<\/p>\n<p>\u2605 Dieses Design enth\u00e4lt die folgenden Formate in einer ZIP-Datei, die beim Kauf heruntergeladen werden kann:<\/p>\n<ul>\n<li>Deco, Brother, Baby Lock: <strong>PCS<\/strong>,\u00a0<strong>PES<\/strong><\/li>\n<li>Husqvarna, Viking: <strong>HUS, SEW<\/strong><\/li>\n<li>Janome, Elna, Kenmore: <strong>JEF<\/strong><\/li>\n<li>Melco: <strong>EXP<\/strong><\/li>\n<li>S\u00e4ngerin:<strong> PCS<\/strong><\/li>\n<li>Compucon, Singer: <strong>XXX<\/strong><\/li>\n<li>Tajima: <strong>DST<\/strong><\/li>\n<li>Pfaff:<b> VIP, VP3<\/b><\/li>\n<\/ul>\n<p>&nbsp;<\/p>\n<p>\u2605 Alle Urheberrechte und Warenzeichen der verwendeten Bilder und Figuren geh\u00f6ren ihren jeweiligen Eigent\u00fcmern und werden nicht verkauft. Dieser Artikel ist kein lizenziertes Produkt und ich erhebe keinen Anspruch auf das Eigentum an den verwendeten Figuren.<\/p>\n<p>&nbsp;<\/p>\n<p>\u2605 Dieses Design wurde getestet und gepr\u00fcft, um h\u00f6chste Qualit\u00e4t zu gew\u00e4hrleisten. Die Ergebnisse k\u00f6nnen je nach Stoff- und Vlieskombination variieren. Das Endergebnis kann von Ihrer Maschine, dem Stoff, der Garnqualit\u00e4t und der Spannung abh\u00e4ngen. \u00c4ndern Sie nicht die Gr\u00f6\u00dfe oder bearbeiten Sie die Datei nicht, da sonst die Qualit\u00e4t beeintr\u00e4chtigt werden k\u00f6nnte.<\/p>\n<div id=\"gtx-trans\" style=\"position: absolute; left: 211px; top: 188px;\">\n<div class=\"gtx-trans-icon\"><\/div>\n<\/div>","protected":false},"excerpt":{"rendered":"<style>.elementor-204929 .elementor-element.elementor-element-95a9a0b{margin-top:0px;margin-bottom:0px;padding:0px 0px 0px 0px;overflow:visible;}.elementor-204929 .elementor-element.elementor-element-84e32b5 > .elementor-element-populated{margin:0px 0px 0px 0px;--e-column-margin-right:0px;--e-column-margin-left:0px;padding:0px 0px 0px 0px;}.elementor-204929 .elementor-element.elementor-element-4e302eb{text-align:left;}<\/style>\n<div class=\"porto-block elementor elementor-204929\" data-id=\"204929\">\n<section class=\"elementor-section elementor-top-section elementor-element elementor-element-95a9a0b elementor-section-full_width elementor-section-height-default elementor-section-height-default\" data-id=\"95a9a0b\" data-element_type=\"section\" data-settings=\"{&quot;ekit_has_onepagescroll_dot&quot;:&quot;yes&quot;}\">\n<div class=\"elementor-container elementor-column-gap-default\">\n<div class=\"elementor-column elementor-col-100 elementor-top-column elementor-element elementor-element-84e32b5\" data-id=\"84e32b5\" data-element_type=\"column\">\n<div class=\"elementor-widget-wrap elementor-element-populated\">\n<div class=\"elementor-element elementor-element-4e302eb elementor-widget elementor-widget-image\" data-id=\"4e302eb\" data-element_type=\"widget\" data-settings=\"{&quot;ekit_we_effect_on&quot;:&quot;none&quot;}\" data-widget_type=\"image.default\">\n<div class=\"elementor-widget-container\">\n<style>\/*! elementor - v3.12.1 - 02-04-2023 *\/\n.elementor-widget-image{text-align:center}.elementor-widget-image a{display:inline-block}.elementor-widget-image a img[src$=\".svg\"]{width:48px}.elementor-widget-image img{vertical-align:middle;display:inline-block}<\/style>\n<p>\t\t\t\t\t\t\t\t\t\t\t\t<img decoding=\"async\" width=\"300\" height=\"84\" src=\"https:\/\/embroiderydownload.com\/wp-content\/uploads\/2022\/11\/icons-values-eng.svg\" class=\"attachment-large size-large wp-image-204901\" alt=\"\" loading=\"lazy\" \/>\t\t\t\t\t\t\t\t\t\t\t\t\t\t\t<\/div>\n<\/p><\/div>\n<\/p><\/div>\n<\/p><\/div>\n<\/p><\/div>\n<\/section><\/div>","protected":false},"featured_media":79827,"template":"","meta":[],"product_cat":[12175],"product_tag":[38,231,232,233,234],"yoast_head":"<!-- This site is optimized with the Yoast SEO plugin v17.5 - https:\/\/yoast.com\/wordpress\/plugins\/seo\/ -->\n<title>Beautiful Symbol in Japanese Kanji Embroidery Design Download - EmbroideryDownload<\/title>\n<meta name=\"description\" content=\"Download now this stunning Japanese Kanji embroidery design and add a touch of elegance to your creations.\" \/>\n<meta name=\"robots\" content=\"index, follow, max-snippet:-1, max-image-preview:large, max-video-preview:-1\" \/>\n<link rel=\"canonical\" href=\"https:\/\/embroiderydownload.com\/de\/products\/schones-symbol-japanisch-kanji-stickmuster-download\/\" \/>\n<meta property=\"og:locale\" content=\"de_DE\" \/>\n<meta property=\"og:type\" content=\"article\" \/>\n<meta property=\"og:title\" content=\"Beautiful Symbol in Japanese Kanji Embroidery Design Download - EmbroideryDownload\" \/>\n<meta property=\"og:description\" content=\"Download now this stunning Japanese Kanji embroidery design and add a touch of elegance to your creations.\" \/>\n<meta property=\"og:url\" content=\"https:\/\/embroiderydownload.com\/de\/products\/schones-symbol-japanisch-kanji-stickmuster-download\/\" \/>\n<meta property=\"og:site_name\" content=\"EmbroideryDownload\" \/>\n<meta property=\"article:modified_time\" content=\"2023-03-23T13:23:37+00:00\" \/>\n<meta property=\"og:image\" content=\"https:\/\/embroiderydownload.com\/wp-content\/uploads\/2021\/10\/embroidery-design-logo_6da5498c-dd8b-4c06-a4ac-cb14a2a16f94-3.jpg\" \/>\n\t<meta property=\"og:image:width\" content=\"700\" \/>\n\t<meta property=\"og:image:height\" content=\"700\" \/>\n<meta name=\"twitter:card\" content=\"summary_large_image\" \/>\n<meta name=\"twitter:label1\" content=\"Preis\" \/>\n\t<meta name=\"twitter:data1\" content=\"&euro;1.99\" \/>\n\t<meta name=\"twitter:label2\" content=\"Availability\" \/>\n\t<meta name=\"twitter:data2\" content=\"In stock\" \/>\n<script type=\"application\/ld+json\" class=\"yoast-schema-graph\">{\"@context\":\"https:\/\/schema.org\",\"@graph\":[{\"@type\":\"WebSite\",\"@id\":\"https:\/\/embroiderydownload.com\/fr\/#website\",\"url\":\"https:\/\/embroiderydownload.com\/fr\/\",\"name\":\"EmbroideryDownload\",\"description\":\"Embroidery Designs Instant Digital Download\",\"potentialAction\":[{\"@type\":\"SearchAction\",\"target\":{\"@type\":\"EntryPoint\",\"urlTemplate\":\"https:\/\/embroiderydownload.com\/fr\/?s={search_term_string}\"},\"query-input\":\"required name=search_term_string\"}],\"inLanguage\":\"de-DE\"},{\"@type\":\"ImageObject\",\"@id\":\"https:\/\/embroiderydownload.com\/products\/beautiful-symbol-in-japanese-kanji-embroidery-design-download\/#primaryimage\",\"inLanguage\":\"de-DE\",\"url\":\"https:\/\/embroiderydownload.com\/wp-content\/uploads\/2021\/10\/embroidery-design-logo_6da5498c-dd8b-4c06-a4ac-cb14a2a16f94-3.jpg\",\"contentUrl\":\"https:\/\/embroiderydownload.com\/wp-content\/uploads\/2021\/10\/embroidery-design-logo_6da5498c-dd8b-4c06-a4ac-cb14a2a16f94-3.jpg\",\"width\":700,\"height\":700},{\"@type\":\"WebPage\",\"@id\":\"https:\/\/embroiderydownload.com\/products\/beautiful-symbol-in-japanese-kanji-embroidery-design-download\/#webpage\",\"url\":\"https:\/\/embroiderydownload.com\/products\/beautiful-symbol-in-japanese-kanji-embroidery-design-download\/\",\"name\":\"Beautiful Symbol in Japanese Kanji Embroidery Design Download - EmbroideryDownload\",\"isPartOf\":{\"@id\":\"https:\/\/embroiderydownload.com\/fr\/#website\"},\"primaryImageOfPage\":{\"@id\":\"https:\/\/embroiderydownload.com\/products\/beautiful-symbol-in-japanese-kanji-embroidery-design-download\/#primaryimage\"},\"datePublished\":\"2021-11-17T04:49:29+00:00\",\"dateModified\":\"2023-03-23T13:23:37+00:00\",\"description\":\"Download now this stunning Japanese Kanji embroidery design and add a touch of elegance to your creations.\",\"breadcrumb\":{\"@id\":\"https:\/\/embroiderydownload.com\/products\/beautiful-symbol-in-japanese-kanji-embroidery-design-download\/#breadcrumb\"},\"inLanguage\":\"de-DE\",\"potentialAction\":[{\"@type\":\"ReadAction\",\"target\":[\"https:\/\/embroiderydownload.com\/products\/beautiful-symbol-in-japanese-kanji-embroidery-design-download\/\"]}]},{\"@type\":\"BreadcrumbList\",\"@id\":\"https:\/\/embroiderydownload.com\/products\/beautiful-symbol-in-japanese-kanji-embroidery-design-download\/#breadcrumb\",\"itemListElement\":[{\"@type\":\"ListItem\",\"position\":1,\"name\":\"Shop\",\"item\":\"https:\/\/embroiderydownload.com\/it\/negozio-2\/\"},{\"@type\":\"ListItem\",\"position\":2,\"name\":\"Beautiful Symbol in Japanese Kanji Embroidery Design Download\"}]}]}<\/script>\n<!-- \/ Yoast SEO plugin. -->","yoast_head_json":{"title":"Beautiful Symbol in Japanese Kanji Embroidery Design Download - EmbroideryDownload","description":"Download now this stunning Japanese Kanji embroidery design and add a touch of elegance to your creations.","robots":{"index":"index","follow":"follow","max-snippet":"max-snippet:-1","max-image-preview":"max-image-preview:large","max-video-preview":"max-video-preview:-1"},"canonical":"https:\/\/embroiderydownload.com\/de\/products\/schones-symbol-japanisch-kanji-stickmuster-download\/","og_locale":"de_DE","og_type":"article","og_title":"Beautiful Symbol in Japanese Kanji Embroidery Design Download - EmbroideryDownload","og_description":"Download now this stunning Japanese Kanji embroidery design and add a touch of elegance to your creations.","og_url":"https:\/\/embroiderydownload.com\/de\/products\/schones-symbol-japanisch-kanji-stickmuster-download\/","og_site_name":"EmbroideryDownload","article_modified_time":"2023-03-23T13:23:37+00:00","og_image":[{"width":700,"height":700,"url":"https:\/\/embroiderydownload.com\/wp-content\/uploads\/2021\/10\/embroidery-design-logo_6da5498c-dd8b-4c06-a4ac-cb14a2a16f94-3.jpg","type":"image\/jpeg"}],"twitter_card":"summary_large_image","twitter_misc":{"Preis":"&euro;1.99","Availability":"In stock"},"schema":{"@context":"https:\/\/schema.org","@graph":[{"@type":"WebSite","@id":"https:\/\/embroiderydownload.com\/fr\/#website","url":"https:\/\/embroiderydownload.com\/fr\/","name":"EmbroideryDownload","description":"Embroidery Designs Instant Digital Download","potentialAction":[{"@type":"SearchAction","target":{"@type":"EntryPoint","urlTemplate":"https:\/\/embroiderydownload.com\/fr\/?s={search_term_string}"},"query-input":"required name=search_term_string"}],"inLanguage":"de-DE"},{"@type":"ImageObject","@id":"https:\/\/embroiderydownload.com\/products\/beautiful-symbol-in-japanese-kanji-embroidery-design-download\/#primaryimage","inLanguage":"de-DE","url":"https:\/\/embroiderydownload.com\/wp-content\/uploads\/2021\/10\/embroidery-design-logo_6da5498c-dd8b-4c06-a4ac-cb14a2a16f94-3.jpg","contentUrl":"https:\/\/embroiderydownload.com\/wp-content\/uploads\/2021\/10\/embroidery-design-logo_6da5498c-dd8b-4c06-a4ac-cb14a2a16f94-3.jpg","width":700,"height":700},{"@type":"WebPage","@id":"https:\/\/embroiderydownload.com\/products\/beautiful-symbol-in-japanese-kanji-embroidery-design-download\/#webpage","url":"https:\/\/embroiderydownload.com\/products\/beautiful-symbol-in-japanese-kanji-embroidery-design-download\/","name":"Beautiful Symbol in Japanese Kanji Embroidery Design Download - EmbroideryDownload","isPartOf":{"@id":"https:\/\/embroiderydownload.com\/fr\/#website"},"primaryImageOfPage":{"@id":"https:\/\/embroiderydownload.com\/products\/beautiful-symbol-in-japanese-kanji-embroidery-design-download\/#primaryimage"},"datePublished":"2021-11-17T04:49:29+00:00","dateModified":"2023-03-23T13:23:37+00:00","description":"Download now this stunning Japanese Kanji embroidery design and add a touch of elegance to your creations.","breadcrumb":{"@id":"https:\/\/embroiderydownload.com\/products\/beautiful-symbol-in-japanese-kanji-embroidery-design-download\/#breadcrumb"},"inLanguage":"de-DE","potentialAction":[{"@type":"ReadAction","target":["https:\/\/embroiderydownload.com\/products\/beautiful-symbol-in-japanese-kanji-embroidery-design-download\/"]}]},{"@type":"BreadcrumbList","@id":"https:\/\/embroiderydownload.com\/products\/beautiful-symbol-in-japanese-kanji-embroidery-design-download\/#breadcrumb","itemListElement":[{"@type":"ListItem","position":1,"name":"Shop","item":"https:\/\/embroiderydownload.com\/it\/negozio-2\/"},{"@type":"ListItem","position":2,"name":"Beautiful Symbol in Japanese Kanji Embroidery Design Download"}]}]}},"_links":{"self":[{"href":"https:\/\/embroiderydownload.com\/de\/wp-json\/wp\/v2\/product\/79826"}],"collection":[{"href":"https:\/\/embroiderydownload.com\/de\/wp-json\/wp\/v2\/product"}],"about":[{"href":"https:\/\/embroiderydownload.com\/de\/wp-json\/wp\/v2\/types\/product"}],"version-history":[{"count":1,"href":"https:\/\/embroiderydownload.com\/de\/wp-json\/wp\/v2\/product\/79826\/revisions"}],"predecessor-version":[{"id":199689,"href":"https:\/\/embroiderydownload.com\/de\/wp-json\/wp\/v2\/product\/79826\/revisions\/199689"}],"wp:featuredmedia":[{"embeddable":true,"href":"https:\/\/embroiderydownload.com\/de\/wp-json\/wp\/v2\/media\/79827"}],"wp:attachment":[{"href":"https:\/\/embroiderydownload.com\/de\/wp-json\/wp\/v2\/media?parent=79826"}],"wp:term":[{"taxonomy":"product_cat","embeddable":true,"href":"https:\/\/embroiderydownload.com\/de\/wp-json\/wp\/v2\/product_cat?post=79826"},{"taxonomy":"product_tag","embeddable":true,"href":"https:\/\/embroiderydownload.com\/de\/wp-json\/wp\/v2\/product_tag?post=79826"}],"curies":[{"name":"wp","href":"https:\/\/api.w.org\/{rel}","templated":true}]}}