{"id":81373,"date":"2021-11-17T05:52:50","date_gmt":"2021-11-17T04:52:50","guid":{"rendered":"https:\/\/embroiderydownload.com\/product\/call-of-duty-logo-embroidery-design-download\/"},"modified":"2023-03-23T14:23:27","modified_gmt":"2023-03-23T13:23:27","slug":"call-of-duty-logo-embroidery-design-download","status":"publish","type":"product","link":"https:\/\/embroiderydownload.com\/de\/products\/call-of-duty-logo-stickmuster-fur-stickmaschinen-download\/","title":{"rendered":"Call Of Duty Logo Stickmuster F\u00fcr Stickmaschinen Download"},"content":{"rendered":"<p><meta charset=\"utf-8\"><\/p>\n<p><span>Stickmuster F\u00fcr Stickmaschinen <strong>Call of Duty<\/strong><strong>\u00a0Logo<\/strong>\u00a0- Sofortiger Digitaler Download - Mehrere Formate f\u00fcr Stickmaschinen. Gepr\u00fcfte Stickmuster F\u00fcr Stickmaschinen in hoher Qualit\u00e4t.<\/span><\/p>\n<ul><\/ul>\n<p><meta charset=\"utf-8\"><\/p>\n<p>\u2605 Gr\u00f6\u00dfe: 3,88 \u00d7 3,92 inch - 98,80 x 99,60 mm - Stiche: 16280<br \/>\u2605 Gr\u00f6\u00dfe: 4,28 \u00d7 4,31 inch - 108,90 x 109,70 mm - Stiche: 19340<br \/>\u2605 Gr\u00f6\u00dfe: 4,68 \u00d7 4,71 inch - 118,90 x 119,80 mm - Stiche: 22621<br \/>\u2605 Gr\u00f6\u00dfe: 5,07 \u00d7 5,11 inch - 128,80 x 129,80 mm - Stiche: 26178<br \/>\u2605 Gr\u00f6\u00dfe: 5,46 \u00d7 5,50 inch - 138,70 x 139,80 mm - Stiche: 30014<br \/>\u2605 Gr\u00f6\u00dfe: 5,85 \u00d7 5,89 inch - 148,60 x 149,80 mm - Stiche: 33985<br \/>\u2605 Gr\u00f6\u00dfe: 6,25 \u00d7 6,28 inch - 158,80 x 159,70 mm - Stiche: 38345<br \/>\u2605 Gr\u00f6\u00dfe: 4,28 \u00d7 4,31 inch - 108,90 x 109,70 mm - Stiche: 19340<br \/>\u2605 Gr\u00f6\u00dfe: 4,68 \u00d7 4,71 inch - 118,90 x 119,80 mm - Stiche: 22621<br \/>\u2605 Gr\u00f6\u00dfe: 5,07 \u00d7 5,11 inch - 128,80 x 129,80 mm - Stiche: 26178<br \/>\u2605 Gr\u00f6\u00dfe: 5,46 \u00d7 5,50 inch - 138,70 x 139,80 mm - Stiche: 30014<\/p>\n<p><span><br data-mce-fragment=\"1\"><\/span><span>\u2605 Dies <strong>Call of Duty Logo<\/strong><\/span><strong>\u00a0Maschinenstickerei<\/strong> Design enth\u00e4lt die folgenden Formate in einer ZIP-Datei, die beim Kauf heruntergeladen werden kann:<\/p>\n<ul>\n<li><span>Deco, Brother, Baby Lock: <\/span><strong>PES, PEC<\/strong><\/li>\n<li><span>Janome, Elna, Kenmore: <\/span><strong>JEF, JEF +<\/strong><\/li>\n<li><span>Melco: <\/span><strong>EXP<\/strong><\/li>\n<li>S\u00e4ngerin:<strong> PCS<\/strong><\/li>\n<li><span>Compucon, Singer<\/span>: <strong>XXX<\/strong><\/li>\n<li><span>Tajima: <\/span><strong>DST<\/strong><\/li>\n<li>Pfaff:<b> VIP, VP3<\/b><\/li>\n<li><strong><\/strong>Husqvarna:\u00a0<strong>HUS, SHV<\/strong><\/li>\n<li><strong><\/strong>Sonstiges: <strong>DSB, EDR, PHC, KUNST<\/strong><\/li>\n<\/ul>\n<p><meta charset=\"utf-8\"><meta charset=\"utf-8\"><\/p>\n<p><span>\u2605\u00a0<\/span>Alle Urheberrechte und Warenzeichen der verwendeten Bilder und Charaktere geh\u00f6ren ihren jeweiligen Eigent\u00fcmern und werden nicht verkauft. Dieser Artikel ist kein lizenziertes Produkt und ich erhebe keinen Anspruch auf das Eigentum an den verwendeten Figuren.<\/p>\n<p><meta charset=\"utf-8\"><\/p>\n<p><span>\u2605\u00a0<\/span><span>Dieses Design wurde getestet und \u00fcberpr\u00fcft, um h\u00f6chste Qualit\u00e4t zu gew\u00e4hrleisten. R<\/span>ie Ergebnisse k\u00f6nnen je nach Kombination von Stoff und Vlies variieren. Das Endergebnis kann von Ihrer Maschine, dem Stoff, der Garnqualit\u00e4t und der Spannung abh\u00e4ngen. \u00c4ndern Sie nicht die Gr\u00f6\u00dfe oder bearbeiten Sie die Datei nicht, da sonst die Qualit\u00e4t verloren geht.<\/p>\n<div id=\"gtx-trans\" style=\"position: absolute; left: 44px; top: 275px;\">\n<div class=\"gtx-trans-icon\"><\/div>\n<\/div>","protected":false},"excerpt":{"rendered":"<style>.elementor-204929 .elementor-element.elementor-element-95a9a0b{margin-top:0px;margin-bottom:0px;padding:0px 0px 0px 0px;overflow:visible;}.elementor-204929 .elementor-element.elementor-element-84e32b5 > .elementor-element-populated{margin:0px 0px 0px 0px;--e-column-margin-right:0px;--e-column-margin-left:0px;padding:0px 0px 0px 0px;}.elementor-204929 .elementor-element.elementor-element-4e302eb{text-align:left;}<\/style>\n<div class=\"porto-block elementor elementor-204929\" data-id=\"204929\">\n<section class=\"elementor-section elementor-top-section elementor-element elementor-element-95a9a0b elementor-section-full_width elementor-section-height-default elementor-section-height-default\" data-id=\"95a9a0b\" data-element_type=\"section\" data-settings=\"{&quot;ekit_has_onepagescroll_dot&quot;:&quot;yes&quot;}\">\n<div class=\"elementor-container elementor-column-gap-default\">\n<div class=\"elementor-column elementor-col-100 elementor-top-column elementor-element elementor-element-84e32b5\" data-id=\"84e32b5\" data-element_type=\"column\">\n<div class=\"elementor-widget-wrap elementor-element-populated\">\n<div class=\"elementor-element elementor-element-4e302eb elementor-widget elementor-widget-image\" data-id=\"4e302eb\" data-element_type=\"widget\" data-settings=\"{&quot;ekit_we_effect_on&quot;:&quot;none&quot;}\" data-widget_type=\"image.default\">\n<div class=\"elementor-widget-container\">\n<style>\/*! elementor - v3.12.1 - 02-04-2023 *\/\n.elementor-widget-image{text-align:center}.elementor-widget-image a{display:inline-block}.elementor-widget-image a img[src$=\".svg\"]{width:48px}.elementor-widget-image img{vertical-align:middle;display:inline-block}<\/style>\n<p>\t\t\t\t\t\t\t\t\t\t\t\t<img decoding=\"async\" width=\"300\" height=\"84\" src=\"https:\/\/embroiderydownload.com\/wp-content\/uploads\/2022\/11\/icons-values-eng.svg\" class=\"attachment-large size-large wp-image-204901\" alt=\"\" loading=\"lazy\" \/>\t\t\t\t\t\t\t\t\t\t\t\t\t\t\t<\/div>\n<\/p><\/div>\n<\/p><\/div>\n<\/p><\/div>\n<\/p><\/div>\n<\/section><\/div>","protected":false},"featured_media":81374,"template":"","meta":[],"product_cat":[12176],"product_tag":[369,366,370,371,372,373,374,375],"yoast_head":"<!-- This site is optimized with the Yoast SEO plugin v17.5 - https:\/\/yoast.com\/wordpress\/plugins\/seo\/ -->\n<title>Call Of Duty Logo Embroidery Design Download - EmbroideryDownload<\/title>\n<meta name=\"description\" content=\"Download the Call of Duty logo embroidery design today and elevate your gaming gear.\" \/>\n<meta name=\"robots\" content=\"index, follow, max-snippet:-1, max-image-preview:large, max-video-preview:-1\" \/>\n<link rel=\"canonical\" href=\"https:\/\/embroiderydownload.com\/de\/prodotti\/disegni-da-scaricare-gratis-per-macchina-da-ricamo-di-call-of-duty-da-scaricare\/\" \/>\n<meta property=\"og:locale\" content=\"de_DE\" \/>\n<meta property=\"og:type\" content=\"article\" \/>\n<meta property=\"og:title\" content=\"Call Of Duty Logo Embroidery Design Download - EmbroideryDownload\" \/>\n<meta property=\"og:description\" content=\"Download the Call of Duty logo embroidery design today and elevate your gaming gear.\" \/>\n<meta property=\"og:url\" content=\"https:\/\/embroiderydownload.com\/de\/prodotti\/disegni-da-scaricare-gratis-per-macchina-da-ricamo-di-call-of-duty-da-scaricare\/\" \/>\n<meta property=\"og:site_name\" content=\"EmbroideryDownload\" \/>\n<meta property=\"article:modified_time\" content=\"2023-03-23T13:23:27+00:00\" \/>\n<meta property=\"og:image\" content=\"https:\/\/embroiderydownload.com\/wp-content\/uploads\/2021\/10\/embroidery-design-logo-Recuperado_14b8bffe-317a-4df6-830c-ee0f50917619-3.jpg\" \/>\n\t<meta property=\"og:image:width\" content=\"1312\" \/>\n\t<meta property=\"og:image:height\" content=\"1312\" \/>\n<meta name=\"twitter:card\" content=\"summary_large_image\" \/>\n<meta name=\"twitter:label1\" content=\"Preis\" \/>\n\t<meta name=\"twitter:data1\" content=\"&euro;1.99\" \/>\n\t<meta name=\"twitter:label2\" content=\"Availability\" \/>\n\t<meta name=\"twitter:data2\" content=\"In stock\" \/>\n<script type=\"application\/ld+json\" class=\"yoast-schema-graph\">{\"@context\":\"https:\/\/schema.org\",\"@graph\":[{\"@type\":\"WebSite\",\"@id\":\"https:\/\/embroiderydownload.com\/fr\/#website\",\"url\":\"https:\/\/embroiderydownload.com\/fr\/\",\"name\":\"EmbroideryDownload\",\"description\":\"Embroidery Designs Instant Digital Download\",\"potentialAction\":[{\"@type\":\"SearchAction\",\"target\":{\"@type\":\"EntryPoint\",\"urlTemplate\":\"https:\/\/embroiderydownload.com\/fr\/?s={search_term_string}\"},\"query-input\":\"required name=search_term_string\"}],\"inLanguage\":\"de-DE\"},{\"@type\":\"ImageObject\",\"@id\":\"https:\/\/embroiderydownload.com\/it\/prodotti\/disegni-da-scaricare-gratis-per-macchina-da-ricamo-di-call-of-duty-da-scaricare\/#primaryimage\",\"inLanguage\":\"de-DE\",\"url\":\"https:\/\/embroiderydownload.com\/wp-content\/uploads\/2021\/10\/embroidery-design-logo-Recuperado_14b8bffe-317a-4df6-830c-ee0f50917619-3.jpg\",\"contentUrl\":\"https:\/\/embroiderydownload.com\/wp-content\/uploads\/2021\/10\/embroidery-design-logo-Recuperado_14b8bffe-317a-4df6-830c-ee0f50917619-3.jpg\",\"width\":1312,\"height\":1312},{\"@type\":\"WebPage\",\"@id\":\"https:\/\/embroiderydownload.com\/it\/prodotti\/disegni-da-scaricare-gratis-per-macchina-da-ricamo-di-call-of-duty-da-scaricare\/#webpage\",\"url\":\"https:\/\/embroiderydownload.com\/it\/prodotti\/disegni-da-scaricare-gratis-per-macchina-da-ricamo-di-call-of-duty-da-scaricare\/\",\"name\":\"Call Of Duty Logo Embroidery Design Download - EmbroideryDownload\",\"isPartOf\":{\"@id\":\"https:\/\/embroiderydownload.com\/fr\/#website\"},\"primaryImageOfPage\":{\"@id\":\"https:\/\/embroiderydownload.com\/it\/prodotti\/disegni-da-scaricare-gratis-per-macchina-da-ricamo-di-call-of-duty-da-scaricare\/#primaryimage\"},\"datePublished\":\"2021-11-17T04:52:50+00:00\",\"dateModified\":\"2023-03-23T13:23:27+00:00\",\"description\":\"Download the Call of Duty logo embroidery design today and elevate your gaming gear.\",\"breadcrumb\":{\"@id\":\"https:\/\/embroiderydownload.com\/it\/prodotti\/disegni-da-scaricare-gratis-per-macchina-da-ricamo-di-call-of-duty-da-scaricare\/#breadcrumb\"},\"inLanguage\":\"de-DE\",\"potentialAction\":[{\"@type\":\"ReadAction\",\"target\":[\"https:\/\/embroiderydownload.com\/it\/prodotti\/disegni-da-scaricare-gratis-per-macchina-da-ricamo-di-call-of-duty-da-scaricare\/\"]}]},{\"@type\":\"BreadcrumbList\",\"@id\":\"https:\/\/embroiderydownload.com\/it\/prodotti\/disegni-da-scaricare-gratis-per-macchina-da-ricamo-di-call-of-duty-da-scaricare\/#breadcrumb\",\"itemListElement\":[{\"@type\":\"ListItem\",\"position\":1,\"name\":\"Shop\",\"item\":\"https:\/\/embroiderydownload.com\/it\/negozio-2\/\"},{\"@type\":\"ListItem\",\"position\":2,\"name\":\"Call Of Duty Logo Embroidery Design Download\"}]}]}<\/script>\n<!-- \/ Yoast SEO plugin. -->","yoast_head_json":{"title":"Call Of Duty Logo Embroidery Design Download - EmbroideryDownload","description":"Download the Call of Duty logo embroidery design today and elevate your gaming gear.","robots":{"index":"index","follow":"follow","max-snippet":"max-snippet:-1","max-image-preview":"max-image-preview:large","max-video-preview":"max-video-preview:-1"},"canonical":"https:\/\/embroiderydownload.com\/de\/prodotti\/disegni-da-scaricare-gratis-per-macchina-da-ricamo-di-call-of-duty-da-scaricare\/","og_locale":"de_DE","og_type":"article","og_title":"Call Of Duty Logo Embroidery Design Download - EmbroideryDownload","og_description":"Download the Call of Duty logo embroidery design today and elevate your gaming gear.","og_url":"https:\/\/embroiderydownload.com\/de\/prodotti\/disegni-da-scaricare-gratis-per-macchina-da-ricamo-di-call-of-duty-da-scaricare\/","og_site_name":"EmbroideryDownload","article_modified_time":"2023-03-23T13:23:27+00:00","og_image":[{"width":1312,"height":1312,"url":"https:\/\/embroiderydownload.com\/wp-content\/uploads\/2021\/10\/embroidery-design-logo-Recuperado_14b8bffe-317a-4df6-830c-ee0f50917619-3.jpg","type":"image\/jpeg"}],"twitter_card":"summary_large_image","twitter_misc":{"Preis":"&euro;1.99","Availability":"In stock"},"schema":{"@context":"https:\/\/schema.org","@graph":[{"@type":"WebSite","@id":"https:\/\/embroiderydownload.com\/fr\/#website","url":"https:\/\/embroiderydownload.com\/fr\/","name":"EmbroideryDownload","description":"Embroidery Designs Instant Digital Download","potentialAction":[{"@type":"SearchAction","target":{"@type":"EntryPoint","urlTemplate":"https:\/\/embroiderydownload.com\/fr\/?s={search_term_string}"},"query-input":"required name=search_term_string"}],"inLanguage":"de-DE"},{"@type":"ImageObject","@id":"https:\/\/embroiderydownload.com\/it\/prodotti\/disegni-da-scaricare-gratis-per-macchina-da-ricamo-di-call-of-duty-da-scaricare\/#primaryimage","inLanguage":"de-DE","url":"https:\/\/embroiderydownload.com\/wp-content\/uploads\/2021\/10\/embroidery-design-logo-Recuperado_14b8bffe-317a-4df6-830c-ee0f50917619-3.jpg","contentUrl":"https:\/\/embroiderydownload.com\/wp-content\/uploads\/2021\/10\/embroidery-design-logo-Recuperado_14b8bffe-317a-4df6-830c-ee0f50917619-3.jpg","width":1312,"height":1312},{"@type":"WebPage","@id":"https:\/\/embroiderydownload.com\/it\/prodotti\/disegni-da-scaricare-gratis-per-macchina-da-ricamo-di-call-of-duty-da-scaricare\/#webpage","url":"https:\/\/embroiderydownload.com\/it\/prodotti\/disegni-da-scaricare-gratis-per-macchina-da-ricamo-di-call-of-duty-da-scaricare\/","name":"Call Of Duty Logo Embroidery Design Download - EmbroideryDownload","isPartOf":{"@id":"https:\/\/embroiderydownload.com\/fr\/#website"},"primaryImageOfPage":{"@id":"https:\/\/embroiderydownload.com\/it\/prodotti\/disegni-da-scaricare-gratis-per-macchina-da-ricamo-di-call-of-duty-da-scaricare\/#primaryimage"},"datePublished":"2021-11-17T04:52:50+00:00","dateModified":"2023-03-23T13:23:27+00:00","description":"Download the Call of Duty logo embroidery design today and elevate your gaming gear.","breadcrumb":{"@id":"https:\/\/embroiderydownload.com\/it\/prodotti\/disegni-da-scaricare-gratis-per-macchina-da-ricamo-di-call-of-duty-da-scaricare\/#breadcrumb"},"inLanguage":"de-DE","potentialAction":[{"@type":"ReadAction","target":["https:\/\/embroiderydownload.com\/it\/prodotti\/disegni-da-scaricare-gratis-per-macchina-da-ricamo-di-call-of-duty-da-scaricare\/"]}]},{"@type":"BreadcrumbList","@id":"https:\/\/embroiderydownload.com\/it\/prodotti\/disegni-da-scaricare-gratis-per-macchina-da-ricamo-di-call-of-duty-da-scaricare\/#breadcrumb","itemListElement":[{"@type":"ListItem","position":1,"name":"Shop","item":"https:\/\/embroiderydownload.com\/it\/negozio-2\/"},{"@type":"ListItem","position":2,"name":"Call Of Duty Logo Embroidery Design Download"}]}]}},"_links":{"self":[{"href":"https:\/\/embroiderydownload.com\/de\/wp-json\/wp\/v2\/product\/81373"}],"collection":[{"href":"https:\/\/embroiderydownload.com\/de\/wp-json\/wp\/v2\/product"}],"about":[{"href":"https:\/\/embroiderydownload.com\/de\/wp-json\/wp\/v2\/types\/product"}],"version-history":[{"count":1,"href":"https:\/\/embroiderydownload.com\/de\/wp-json\/wp\/v2\/product\/81373\/revisions"}],"predecessor-version":[{"id":199804,"href":"https:\/\/embroiderydownload.com\/de\/wp-json\/wp\/v2\/product\/81373\/revisions\/199804"}],"wp:featuredmedia":[{"embeddable":true,"href":"https:\/\/embroiderydownload.com\/de\/wp-json\/wp\/v2\/media\/81374"}],"wp:attachment":[{"href":"https:\/\/embroiderydownload.com\/de\/wp-json\/wp\/v2\/media?parent=81373"}],"wp:term":[{"taxonomy":"product_cat","embeddable":true,"href":"https:\/\/embroiderydownload.com\/de\/wp-json\/wp\/v2\/product_cat?post=81373"},{"taxonomy":"product_tag","embeddable":true,"href":"https:\/\/embroiderydownload.com\/de\/wp-json\/wp\/v2\/product_tag?post=81373"}],"curies":[{"name":"wp","href":"https:\/\/api.w.org\/{rel}","templated":true}]}}