{"id":84262,"date":"2021-11-17T06:05:09","date_gmt":"2021-11-17T05:05:09","guid":{"rendered":"https:\/\/embroiderydownload.com\/product\/dream-symbol-in-japanese-kanji-embroidery-design-download\/"},"modified":"2023-03-23T14:23:09","modified_gmt":"2023-03-23T13:23:09","slug":"dream-symbol-in-japanese-kanji-embroidery-design-download","status":"publish","type":"product","link":"https:\/\/embroiderydownload.com\/de\/products\/traumsymbol-in-japanischem-kanji-stickmuster-fur-stickmaschinen-download\/","title":{"rendered":"Traumsymbol in japanischem Kanji Stickmuster F\u00fcr Stickmaschinen Download"},"content":{"rendered":"<p>&nbsp;<\/p>\n<p><strong>Traumsymbol in japanischem Kanji<\/strong>\u00a0f\u00fcr Sofortiger Digitaler Download - Mehrere Formate f\u00fcr Stickmaschinen. Gepr\u00fcfte Stickmuster F\u00fcr Stickmaschinen in hoher Qualit\u00e4t.<\/p>\n<p>&nbsp;<\/p>\n<p>\u2605 Gr\u00f6\u00dfe: 0,87 \u00d7 0,85 inch - 22,20 x 21,70 mm - Stiche: 892<br \/>\n\u2605 Gr\u00f6\u00dfe: 1,31 \u00d7 1,28 inch - 33,30 x 32,70 mm - Stiche: 1258<br \/>\n\u2605 Gr\u00f6\u00dfe: 2,18 \u00d7 2,15 inch - 55,50 x 54,70 mm - Stiche: 2020<br \/>\n\u2605 Gr\u00f6\u00dfe: 3,05 \u00d7 3,00 Zoll - 77,60 x 76,40 mm - Stiche: 2759<\/p>\n<p>\u2605 Dieses Design enth\u00e4lt die folgenden Formate in einer ZIP-Datei, die beim Kauf heruntergeladen werden kann:<\/p>\n<ul>\n<li>Deco, Brother, Baby Lock: <strong>PCS<\/strong>,\u00a0<strong>PES<\/strong><\/li>\n<li>Husqvarna, Viking: <strong>HUS, SEW<\/strong><\/li>\n<li>Janome, Elna, Kenmore: <strong>JEF<\/strong><\/li>\n<li>Melco: <strong>EXP<\/strong><\/li>\n<li>S\u00e4ngerin:<strong> PCS<\/strong><\/li>\n<li>Compucon, Singer: <strong>XXX<\/strong><\/li>\n<li>Tajima: <strong>DST<\/strong><\/li>\n<li>Pfaff:<b> VIP, VP3<\/b><\/li>\n<\/ul>\n<p>&nbsp;<\/p>\n<p>\u2605 Alle Urheberrechte und Warenzeichen der verwendeten Bilder und Figuren geh\u00f6ren ihren jeweiligen Eigent\u00fcmern und werden nicht verkauft. Dieser Artikel ist kein lizenziertes Produkt und ich erhebe keinen Anspruch auf das Eigentum an den verwendeten Figuren.<\/p>\n<p>&nbsp;<\/p>\n<p>\u2605 Dieses Design wurde getestet und gepr\u00fcft, um h\u00f6chste Qualit\u00e4t zu gew\u00e4hrleisten. Die Ergebnisse k\u00f6nnen je nach Stoff- und Vlieskombination variieren. Das Endergebnis kann von Ihrer Maschine, dem Stoff, der Garnqualit\u00e4t und der Spannung abh\u00e4ngen. \u00c4ndern Sie nicht die Gr\u00f6\u00dfe oder bearbeiten Sie die Datei nicht, da sonst die Qualit\u00e4t beeintr\u00e4chtigt werden k\u00f6nnte.<\/p>","protected":false},"excerpt":{"rendered":"<style>.elementor-204929 .elementor-element.elementor-element-95a9a0b{margin-top:0px;margin-bottom:0px;padding:0px 0px 0px 0px;overflow:visible;}.elementor-204929 .elementor-element.elementor-element-84e32b5 > .elementor-element-populated{margin:0px 0px 0px 0px;--e-column-margin-right:0px;--e-column-margin-left:0px;padding:0px 0px 0px 0px;}.elementor-204929 .elementor-element.elementor-element-4e302eb{text-align:left;}<\/style>\n<div class=\"porto-block elementor elementor-204929\" data-id=\"204929\">\n<section class=\"elementor-section elementor-top-section elementor-element elementor-element-95a9a0b elementor-section-full_width elementor-section-height-default elementor-section-height-default\" data-id=\"95a9a0b\" data-element_type=\"section\" data-settings=\"{&quot;ekit_has_onepagescroll_dot&quot;:&quot;yes&quot;}\">\n<div class=\"elementor-container elementor-column-gap-default\">\n<div class=\"elementor-column elementor-col-100 elementor-top-column elementor-element elementor-element-84e32b5\" data-id=\"84e32b5\" data-element_type=\"column\">\n<div class=\"elementor-widget-wrap elementor-element-populated\">\n<div class=\"elementor-element elementor-element-4e302eb elementor-widget elementor-widget-image\" data-id=\"4e302eb\" data-element_type=\"widget\" data-settings=\"{&quot;ekit_we_effect_on&quot;:&quot;none&quot;}\" data-widget_type=\"image.default\">\n<div class=\"elementor-widget-container\">\n<style>\/*! elementor - v3.12.1 - 02-04-2023 *\/\n.elementor-widget-image{text-align:center}.elementor-widget-image a{display:inline-block}.elementor-widget-image a img[src$=\".svg\"]{width:48px}.elementor-widget-image img{vertical-align:middle;display:inline-block}<\/style>\n<p>\t\t\t\t\t\t\t\t\t\t\t\t<img decoding=\"async\" width=\"300\" height=\"84\" src=\"https:\/\/embroiderydownload.com\/wp-content\/uploads\/2022\/11\/icons-values-eng.svg\" class=\"attachment-large size-large wp-image-204901\" alt=\"\" loading=\"lazy\" \/>\t\t\t\t\t\t\t\t\t\t\t\t\t\t\t<\/div>\n<\/p><\/div>\n<\/p><\/div>\n<\/p><\/div>\n<\/p><\/div>\n<\/section><\/div>","protected":false},"featured_media":84263,"template":"","meta":[],"product_cat":[12175],"product_tag":[38,600,232,233,234],"yoast_head":"<!-- This site is optimized with the Yoast SEO plugin v17.5 - https:\/\/yoast.com\/wordpress\/plugins\/seo\/ -->\n<title>Dream Symbol in Japanese Kanji Embroidery Design Download - EmbroideryDownload<\/title>\n<meta name=\"description\" content=\"Download now and discover the beauty of Japanese Kanji with our Dream Symbol embroidery design.\" \/>\n<meta name=\"robots\" content=\"index, follow, max-snippet:-1, max-image-preview:large, max-video-preview:-1\" \/>\n<link rel=\"canonical\" href=\"https:\/\/embroiderydownload.com\/de\/prodotti\/simbolo-del-sogno-in-giapponese-kanji-disegno-ricamo-da-scaricare\/\" \/>\n<meta property=\"og:locale\" content=\"de_DE\" \/>\n<meta property=\"og:type\" content=\"article\" \/>\n<meta property=\"og:title\" content=\"Dream Symbol in Japanese Kanji Embroidery Design Download - EmbroideryDownload\" \/>\n<meta property=\"og:description\" content=\"Download now and discover the beauty of Japanese Kanji with our Dream Symbol embroidery design.\" \/>\n<meta property=\"og:url\" content=\"https:\/\/embroiderydownload.com\/de\/prodotti\/simbolo-del-sogno-in-giapponese-kanji-disegno-ricamo-da-scaricare\/\" \/>\n<meta property=\"og:site_name\" content=\"EmbroideryDownload\" \/>\n<meta property=\"article:modified_time\" content=\"2023-03-23T13:23:09+00:00\" \/>\n<meta property=\"og:image\" content=\"https:\/\/embroiderydownload.com\/wp-content\/uploads\/2021\/10\/embroidery-design-logo-Recuperado-Recuperado_996d15f9-f863-4954-a326-ced68c28d96b-2.jpg\" \/>\n\t<meta property=\"og:image:width\" content=\"700\" \/>\n\t<meta property=\"og:image:height\" content=\"700\" \/>\n<meta name=\"twitter:card\" content=\"summary_large_image\" \/>\n<meta name=\"twitter:label1\" content=\"Preis\" \/>\n\t<meta name=\"twitter:data1\" content=\"&euro;1.99\" \/>\n\t<meta name=\"twitter:label2\" content=\"Availability\" \/>\n\t<meta name=\"twitter:data2\" content=\"In stock\" \/>\n<script type=\"application\/ld+json\" class=\"yoast-schema-graph\">{\"@context\":\"https:\/\/schema.org\",\"@graph\":[{\"@type\":\"WebSite\",\"@id\":\"https:\/\/embroiderydownload.com\/fr\/#website\",\"url\":\"https:\/\/embroiderydownload.com\/fr\/\",\"name\":\"EmbroideryDownload\",\"description\":\"Embroidery Designs Instant Digital Download\",\"potentialAction\":[{\"@type\":\"SearchAction\",\"target\":{\"@type\":\"EntryPoint\",\"urlTemplate\":\"https:\/\/embroiderydownload.com\/fr\/?s={search_term_string}\"},\"query-input\":\"required name=search_term_string\"}],\"inLanguage\":\"de-DE\"},{\"@type\":\"ImageObject\",\"@id\":\"https:\/\/embroiderydownload.com\/it\/prodotti\/simbolo-del-sogno-in-giapponese-kanji-disegno-ricamo-da-scaricare\/#primaryimage\",\"inLanguage\":\"de-DE\",\"url\":\"https:\/\/embroiderydownload.com\/wp-content\/uploads\/2021\/10\/embroidery-design-logo-Recuperado-Recuperado_996d15f9-f863-4954-a326-ced68c28d96b-2.jpg\",\"contentUrl\":\"https:\/\/embroiderydownload.com\/wp-content\/uploads\/2021\/10\/embroidery-design-logo-Recuperado-Recuperado_996d15f9-f863-4954-a326-ced68c28d96b-2.jpg\",\"width\":700,\"height\":700},{\"@type\":\"WebPage\",\"@id\":\"https:\/\/embroiderydownload.com\/it\/prodotti\/simbolo-del-sogno-in-giapponese-kanji-disegno-ricamo-da-scaricare\/#webpage\",\"url\":\"https:\/\/embroiderydownload.com\/it\/prodotti\/simbolo-del-sogno-in-giapponese-kanji-disegno-ricamo-da-scaricare\/\",\"name\":\"Dream Symbol in Japanese Kanji Embroidery Design Download - EmbroideryDownload\",\"isPartOf\":{\"@id\":\"https:\/\/embroiderydownload.com\/fr\/#website\"},\"primaryImageOfPage\":{\"@id\":\"https:\/\/embroiderydownload.com\/it\/prodotti\/simbolo-del-sogno-in-giapponese-kanji-disegno-ricamo-da-scaricare\/#primaryimage\"},\"datePublished\":\"2021-11-17T05:05:09+00:00\",\"dateModified\":\"2023-03-23T13:23:09+00:00\",\"description\":\"Download now and discover the beauty of Japanese Kanji with our Dream Symbol embroidery design.\",\"breadcrumb\":{\"@id\":\"https:\/\/embroiderydownload.com\/it\/prodotti\/simbolo-del-sogno-in-giapponese-kanji-disegno-ricamo-da-scaricare\/#breadcrumb\"},\"inLanguage\":\"de-DE\",\"potentialAction\":[{\"@type\":\"ReadAction\",\"target\":[\"https:\/\/embroiderydownload.com\/it\/prodotti\/simbolo-del-sogno-in-giapponese-kanji-disegno-ricamo-da-scaricare\/\"]}]},{\"@type\":\"BreadcrumbList\",\"@id\":\"https:\/\/embroiderydownload.com\/it\/prodotti\/simbolo-del-sogno-in-giapponese-kanji-disegno-ricamo-da-scaricare\/#breadcrumb\",\"itemListElement\":[{\"@type\":\"ListItem\",\"position\":1,\"name\":\"Shop\",\"item\":\"https:\/\/embroiderydownload.com\/it\/negozio-2\/\"},{\"@type\":\"ListItem\",\"position\":2,\"name\":\"Dream Symbol in Japanese Kanji Embroidery Design Download\"}]}]}<\/script>\n<!-- \/ Yoast SEO plugin. -->","yoast_head_json":{"title":"Dream Symbol in Japanese Kanji Embroidery Design Download - EmbroideryDownload","description":"Download now and discover the beauty of Japanese Kanji with our Dream Symbol embroidery design.","robots":{"index":"index","follow":"follow","max-snippet":"max-snippet:-1","max-image-preview":"max-image-preview:large","max-video-preview":"max-video-preview:-1"},"canonical":"https:\/\/embroiderydownload.com\/de\/prodotti\/simbolo-del-sogno-in-giapponese-kanji-disegno-ricamo-da-scaricare\/","og_locale":"de_DE","og_type":"article","og_title":"Dream Symbol in Japanese Kanji Embroidery Design Download - EmbroideryDownload","og_description":"Download now and discover the beauty of Japanese Kanji with our Dream Symbol embroidery design.","og_url":"https:\/\/embroiderydownload.com\/de\/prodotti\/simbolo-del-sogno-in-giapponese-kanji-disegno-ricamo-da-scaricare\/","og_site_name":"EmbroideryDownload","article_modified_time":"2023-03-23T13:23:09+00:00","og_image":[{"width":700,"height":700,"url":"https:\/\/embroiderydownload.com\/wp-content\/uploads\/2021\/10\/embroidery-design-logo-Recuperado-Recuperado_996d15f9-f863-4954-a326-ced68c28d96b-2.jpg","type":"image\/jpeg"}],"twitter_card":"summary_large_image","twitter_misc":{"Preis":"&euro;1.99","Availability":"In stock"},"schema":{"@context":"https:\/\/schema.org","@graph":[{"@type":"WebSite","@id":"https:\/\/embroiderydownload.com\/fr\/#website","url":"https:\/\/embroiderydownload.com\/fr\/","name":"EmbroideryDownload","description":"Embroidery Designs Instant Digital Download","potentialAction":[{"@type":"SearchAction","target":{"@type":"EntryPoint","urlTemplate":"https:\/\/embroiderydownload.com\/fr\/?s={search_term_string}"},"query-input":"required name=search_term_string"}],"inLanguage":"de-DE"},{"@type":"ImageObject","@id":"https:\/\/embroiderydownload.com\/it\/prodotti\/simbolo-del-sogno-in-giapponese-kanji-disegno-ricamo-da-scaricare\/#primaryimage","inLanguage":"de-DE","url":"https:\/\/embroiderydownload.com\/wp-content\/uploads\/2021\/10\/embroidery-design-logo-Recuperado-Recuperado_996d15f9-f863-4954-a326-ced68c28d96b-2.jpg","contentUrl":"https:\/\/embroiderydownload.com\/wp-content\/uploads\/2021\/10\/embroidery-design-logo-Recuperado-Recuperado_996d15f9-f863-4954-a326-ced68c28d96b-2.jpg","width":700,"height":700},{"@type":"WebPage","@id":"https:\/\/embroiderydownload.com\/it\/prodotti\/simbolo-del-sogno-in-giapponese-kanji-disegno-ricamo-da-scaricare\/#webpage","url":"https:\/\/embroiderydownload.com\/it\/prodotti\/simbolo-del-sogno-in-giapponese-kanji-disegno-ricamo-da-scaricare\/","name":"Dream Symbol in Japanese Kanji Embroidery Design Download - EmbroideryDownload","isPartOf":{"@id":"https:\/\/embroiderydownload.com\/fr\/#website"},"primaryImageOfPage":{"@id":"https:\/\/embroiderydownload.com\/it\/prodotti\/simbolo-del-sogno-in-giapponese-kanji-disegno-ricamo-da-scaricare\/#primaryimage"},"datePublished":"2021-11-17T05:05:09+00:00","dateModified":"2023-03-23T13:23:09+00:00","description":"Download now and discover the beauty of Japanese Kanji with our Dream Symbol embroidery design.","breadcrumb":{"@id":"https:\/\/embroiderydownload.com\/it\/prodotti\/simbolo-del-sogno-in-giapponese-kanji-disegno-ricamo-da-scaricare\/#breadcrumb"},"inLanguage":"de-DE","potentialAction":[{"@type":"ReadAction","target":["https:\/\/embroiderydownload.com\/it\/prodotti\/simbolo-del-sogno-in-giapponese-kanji-disegno-ricamo-da-scaricare\/"]}]},{"@type":"BreadcrumbList","@id":"https:\/\/embroiderydownload.com\/it\/prodotti\/simbolo-del-sogno-in-giapponese-kanji-disegno-ricamo-da-scaricare\/#breadcrumb","itemListElement":[{"@type":"ListItem","position":1,"name":"Shop","item":"https:\/\/embroiderydownload.com\/it\/negozio-2\/"},{"@type":"ListItem","position":2,"name":"Dream Symbol in Japanese Kanji Embroidery Design Download"}]}]}},"_links":{"self":[{"href":"https:\/\/embroiderydownload.com\/de\/wp-json\/wp\/v2\/product\/84262"}],"collection":[{"href":"https:\/\/embroiderydownload.com\/de\/wp-json\/wp\/v2\/product"}],"about":[{"href":"https:\/\/embroiderydownload.com\/de\/wp-json\/wp\/v2\/types\/product"}],"version-history":[{"count":1,"href":"https:\/\/embroiderydownload.com\/de\/wp-json\/wp\/v2\/product\/84262\/revisions"}],"predecessor-version":[{"id":199686,"href":"https:\/\/embroiderydownload.com\/de\/wp-json\/wp\/v2\/product\/84262\/revisions\/199686"}],"wp:featuredmedia":[{"embeddable":true,"href":"https:\/\/embroiderydownload.com\/de\/wp-json\/wp\/v2\/media\/84263"}],"wp:attachment":[{"href":"https:\/\/embroiderydownload.com\/de\/wp-json\/wp\/v2\/media?parent=84262"}],"wp:term":[{"taxonomy":"product_cat","embeddable":true,"href":"https:\/\/embroiderydownload.com\/de\/wp-json\/wp\/v2\/product_cat?post=84262"},{"taxonomy":"product_tag","embeddable":true,"href":"https:\/\/embroiderydownload.com\/de\/wp-json\/wp\/v2\/product_tag?post=84262"}],"curies":[{"name":"wp","href":"https:\/\/api.w.org\/{rel}","templated":true}]}}