{"id":85165,"date":"2021-11-17T06:06:32","date_gmt":"2021-11-17T05:06:32","guid":{"rendered":"https:\/\/embroiderydownload.com\/product\/fc-barcelona-old-logo\/"},"modified":"2023-03-23T14:23:04","modified_gmt":"2023-03-23T13:23:04","slug":"fc-barcelona-old-logo","status":"publish","type":"product","link":"https:\/\/embroiderydownload.com\/de\/products\/fc-barcelona-altes-logo\/","title":{"rendered":"FC Barcelona altes Logo"},"content":{"rendered":"<p>&nbsp;<\/p>\n<p><strong>FC Barcelona altes Logo<\/strong>\u00a0Fu\u00dfballverein spanische Liga. Liga BBVA, primera divisi\u00f3n f\u00fatbol espa\u00f1ol. Stickmuster F\u00fcr Stickmaschinen Download Sofortiger Digitaler Download.<\/p>\n<p>&nbsp;<\/p>\n<p>\u2605 Gr\u00f6\u00dfe: 3,07 x 3,53 Zoll - 80,20 x 82,20 mm. - Stiche 13053<\/p>\n<p>&nbsp;<\/p>\n<p>\u2605 Formate, die beim Kauf in einer ZIP-Datei enthalten sein werden:<\/p>\n<ul>\n<li>Deco, Brother, Baby Lock: <strong>PES<\/strong><\/li>\n<li>S\u00e4ngerin:<strong> CSD<\/strong><\/li>\n<li>Husqvarna, Viking: <strong>HUS, SHV, SEW<\/strong><\/li>\n<li>Wilcom:<strong> EMB<\/strong><\/li>\n<li>Janome, Elna, Kenmore: <strong>JEF<\/strong><\/li>\n<li>Melco: <strong>EXP, EXP+<\/strong><\/li>\n<li>Elna<strong>: EMD<\/strong><\/li>\n<li>Compucon, Singer: <strong>XXX<\/strong><\/li>\n<li>Tajima: <strong>DST<\/strong><\/li>\n<li>Pfaff:<b> VIP, VP3, PCS, PCM, PCSMAC<\/b><\/li>\n<\/ul>\n<p><strong><\/strong><\/p>\n<div id=\"gtx-trans\" style=\"position: absolute; left: 129px; top: 27px;\">\n<div class=\"gtx-trans-icon\"><\/div>\n<\/div>","protected":false},"excerpt":{"rendered":"<style>.elementor-204929 .elementor-element.elementor-element-95a9a0b{margin-top:0px;margin-bottom:0px;padding:0px 0px 0px 0px;overflow:visible;}.elementor-204929 .elementor-element.elementor-element-84e32b5 > .elementor-element-populated{margin:0px 0px 0px 0px;--e-column-margin-right:0px;--e-column-margin-left:0px;padding:0px 0px 0px 0px;}.elementor-204929 .elementor-element.elementor-element-4e302eb{text-align:left;}<\/style>\n<div class=\"porto-block elementor elementor-204929\" data-id=\"204929\">\n<section class=\"elementor-section elementor-top-section elementor-element elementor-element-95a9a0b elementor-section-full_width elementor-section-height-default elementor-section-height-default\" data-id=\"95a9a0b\" data-element_type=\"section\" data-settings=\"{&quot;ekit_has_onepagescroll_dot&quot;:&quot;yes&quot;}\">\n<div class=\"elementor-container elementor-column-gap-default\">\n<div class=\"elementor-column elementor-col-100 elementor-top-column elementor-element elementor-element-84e32b5\" data-id=\"84e32b5\" data-element_type=\"column\">\n<div class=\"elementor-widget-wrap elementor-element-populated\">\n<div class=\"elementor-element elementor-element-4e302eb elementor-widget elementor-widget-image\" data-id=\"4e302eb\" data-element_type=\"widget\" data-settings=\"{&quot;ekit_we_effect_on&quot;:&quot;none&quot;}\" data-widget_type=\"image.default\">\n<div class=\"elementor-widget-container\">\n<style>\/*! elementor - v3.12.1 - 02-04-2023 *\/\n.elementor-widget-image{text-align:center}.elementor-widget-image a{display:inline-block}.elementor-widget-image a img[src$=\".svg\"]{width:48px}.elementor-widget-image img{vertical-align:middle;display:inline-block}<\/style>\n<p>\t\t\t\t\t\t\t\t\t\t\t\t<img decoding=\"async\" width=\"300\" height=\"84\" src=\"https:\/\/embroiderydownload.com\/wp-content\/uploads\/2022\/11\/icons-values-eng.svg\" class=\"attachment-large size-large wp-image-204901\" alt=\"\" loading=\"lazy\" \/>\t\t\t\t\t\t\t\t\t\t\t\t\t\t\t<\/div>\n<\/p><\/div>\n<\/p><\/div>\n<\/p><\/div>\n<\/p><\/div>\n<\/section><\/div>","protected":false},"featured_media":85166,"template":"","meta":[],"product_cat":[12158],"product_tag":[651,650,70,172,652,51,526,173,174,175],"yoast_head":"<!-- This site is optimized with the Yoast SEO plugin v17.5 - https:\/\/yoast.com\/wordpress\/plugins\/seo\/ -->\n<title>FC Barcelona old logo - EmbroideryDownload<\/title>\n<meta name=\"description\" content=\"Download now the iconic FC Barcelona old logo and show your support!\" \/>\n<meta name=\"robots\" content=\"index, follow, max-snippet:-1, max-image-preview:large, max-video-preview:-1\" \/>\n<link rel=\"canonical\" href=\"https:\/\/embroiderydownload.com\/de\/products\/fc-barcelona-altes-logo\/\" \/>\n<meta property=\"og:locale\" content=\"de_DE\" \/>\n<meta property=\"og:type\" content=\"article\" \/>\n<meta property=\"og:title\" content=\"FC Barcelona old logo - EmbroideryDownload\" \/>\n<meta property=\"og:description\" content=\"Download now the iconic FC Barcelona old logo and show your support!\" \/>\n<meta property=\"og:url\" content=\"https:\/\/embroiderydownload.com\/de\/products\/fc-barcelona-altes-logo\/\" \/>\n<meta property=\"og:site_name\" content=\"EmbroideryDownload\" \/>\n<meta property=\"article:modified_time\" content=\"2023-03-23T13:23:04+00:00\" \/>\n<meta property=\"og:image\" content=\"https:\/\/embroiderydownload.com\/wp-content\/uploads\/2021\/10\/FC-Barcelona-old-1-2.jpg\" \/>\n\t<meta property=\"og:image:width\" content=\"800\" \/>\n\t<meta property=\"og:image:height\" content=\"800\" \/>\n<meta name=\"twitter:card\" content=\"summary_large_image\" \/>\n<meta name=\"twitter:label1\" content=\"Preis\" \/>\n\t<meta name=\"twitter:data1\" content=\"&euro;0.99\" \/>\n\t<meta name=\"twitter:label2\" content=\"Availability\" \/>\n\t<meta name=\"twitter:data2\" content=\"In stock\" \/>\n<script type=\"application\/ld+json\" class=\"yoast-schema-graph\">{\"@context\":\"https:\/\/schema.org\",\"@graph\":[{\"@type\":\"WebSite\",\"@id\":\"https:\/\/embroiderydownload.com\/fr\/#website\",\"url\":\"https:\/\/embroiderydownload.com\/fr\/\",\"name\":\"EmbroideryDownload\",\"description\":\"Embroidery Designs Instant Digital Download\",\"potentialAction\":[{\"@type\":\"SearchAction\",\"target\":{\"@type\":\"EntryPoint\",\"urlTemplate\":\"https:\/\/embroiderydownload.com\/fr\/?s={search_term_string}\"},\"query-input\":\"required name=search_term_string\"}],\"inLanguage\":\"de-DE\"},{\"@type\":\"ImageObject\",\"@id\":\"https:\/\/embroiderydownload.com\/products\/fc-barcelona-old-logo\/#primaryimage\",\"inLanguage\":\"de-DE\",\"url\":\"https:\/\/embroiderydownload.com\/wp-content\/uploads\/2021\/10\/FC-Barcelona-old-1-2.jpg\",\"contentUrl\":\"https:\/\/embroiderydownload.com\/wp-content\/uploads\/2021\/10\/FC-Barcelona-old-1-2.jpg\",\"width\":800,\"height\":800},{\"@type\":\"WebPage\",\"@id\":\"https:\/\/embroiderydownload.com\/products\/fc-barcelona-old-logo\/#webpage\",\"url\":\"https:\/\/embroiderydownload.com\/products\/fc-barcelona-old-logo\/\",\"name\":\"FC Barcelona old logo - EmbroideryDownload\",\"isPartOf\":{\"@id\":\"https:\/\/embroiderydownload.com\/fr\/#website\"},\"primaryImageOfPage\":{\"@id\":\"https:\/\/embroiderydownload.com\/products\/fc-barcelona-old-logo\/#primaryimage\"},\"datePublished\":\"2021-11-17T05:06:32+00:00\",\"dateModified\":\"2023-03-23T13:23:04+00:00\",\"description\":\"Download now the iconic FC Barcelona old logo and show your support!\",\"breadcrumb\":{\"@id\":\"https:\/\/embroiderydownload.com\/products\/fc-barcelona-old-logo\/#breadcrumb\"},\"inLanguage\":\"de-DE\",\"potentialAction\":[{\"@type\":\"ReadAction\",\"target\":[\"https:\/\/embroiderydownload.com\/products\/fc-barcelona-old-logo\/\"]}]},{\"@type\":\"BreadcrumbList\",\"@id\":\"https:\/\/embroiderydownload.com\/products\/fc-barcelona-old-logo\/#breadcrumb\",\"itemListElement\":[{\"@type\":\"ListItem\",\"position\":1,\"name\":\"Shop\",\"item\":\"https:\/\/embroiderydownload.com\/it\/negozio-2\/\"},{\"@type\":\"ListItem\",\"position\":2,\"name\":\"FC Barcelona old logo\"}]}]}<\/script>\n<!-- \/ Yoast SEO plugin. -->","yoast_head_json":{"title":"FC Barcelona old logo - EmbroideryDownload","description":"Download now the iconic FC Barcelona old logo and show your support!","robots":{"index":"index","follow":"follow","max-snippet":"max-snippet:-1","max-image-preview":"max-image-preview:large","max-video-preview":"max-video-preview:-1"},"canonical":"https:\/\/embroiderydownload.com\/de\/products\/fc-barcelona-altes-logo\/","og_locale":"de_DE","og_type":"article","og_title":"FC Barcelona old logo - EmbroideryDownload","og_description":"Download now the iconic FC Barcelona old logo and show your support!","og_url":"https:\/\/embroiderydownload.com\/de\/products\/fc-barcelona-altes-logo\/","og_site_name":"EmbroideryDownload","article_modified_time":"2023-03-23T13:23:04+00:00","og_image":[{"width":800,"height":800,"url":"https:\/\/embroiderydownload.com\/wp-content\/uploads\/2021\/10\/FC-Barcelona-old-1-2.jpg","type":"image\/jpeg"}],"twitter_card":"summary_large_image","twitter_misc":{"Preis":"&euro;0.99","Availability":"In stock"},"schema":{"@context":"https:\/\/schema.org","@graph":[{"@type":"WebSite","@id":"https:\/\/embroiderydownload.com\/fr\/#website","url":"https:\/\/embroiderydownload.com\/fr\/","name":"EmbroideryDownload","description":"Embroidery Designs Instant Digital Download","potentialAction":[{"@type":"SearchAction","target":{"@type":"EntryPoint","urlTemplate":"https:\/\/embroiderydownload.com\/fr\/?s={search_term_string}"},"query-input":"required name=search_term_string"}],"inLanguage":"de-DE"},{"@type":"ImageObject","@id":"https:\/\/embroiderydownload.com\/products\/fc-barcelona-old-logo\/#primaryimage","inLanguage":"de-DE","url":"https:\/\/embroiderydownload.com\/wp-content\/uploads\/2021\/10\/FC-Barcelona-old-1-2.jpg","contentUrl":"https:\/\/embroiderydownload.com\/wp-content\/uploads\/2021\/10\/FC-Barcelona-old-1-2.jpg","width":800,"height":800},{"@type":"WebPage","@id":"https:\/\/embroiderydownload.com\/products\/fc-barcelona-old-logo\/#webpage","url":"https:\/\/embroiderydownload.com\/products\/fc-barcelona-old-logo\/","name":"FC Barcelona old logo - EmbroideryDownload","isPartOf":{"@id":"https:\/\/embroiderydownload.com\/fr\/#website"},"primaryImageOfPage":{"@id":"https:\/\/embroiderydownload.com\/products\/fc-barcelona-old-logo\/#primaryimage"},"datePublished":"2021-11-17T05:06:32+00:00","dateModified":"2023-03-23T13:23:04+00:00","description":"Download now the iconic FC Barcelona old logo and show your support!","breadcrumb":{"@id":"https:\/\/embroiderydownload.com\/products\/fc-barcelona-old-logo\/#breadcrumb"},"inLanguage":"de-DE","potentialAction":[{"@type":"ReadAction","target":["https:\/\/embroiderydownload.com\/products\/fc-barcelona-old-logo\/"]}]},{"@type":"BreadcrumbList","@id":"https:\/\/embroiderydownload.com\/products\/fc-barcelona-old-logo\/#breadcrumb","itemListElement":[{"@type":"ListItem","position":1,"name":"Shop","item":"https:\/\/embroiderydownload.com\/it\/negozio-2\/"},{"@type":"ListItem","position":2,"name":"FC Barcelona old logo"}]}]}},"_links":{"self":[{"href":"https:\/\/embroiderydownload.com\/de\/wp-json\/wp\/v2\/product\/85165"}],"collection":[{"href":"https:\/\/embroiderydownload.com\/de\/wp-json\/wp\/v2\/product"}],"about":[{"href":"https:\/\/embroiderydownload.com\/de\/wp-json\/wp\/v2\/types\/product"}],"version-history":[{"count":1,"href":"https:\/\/embroiderydownload.com\/de\/wp-json\/wp\/v2\/product\/85165\/revisions"}],"predecessor-version":[{"id":199563,"href":"https:\/\/embroiderydownload.com\/de\/wp-json\/wp\/v2\/product\/85165\/revisions\/199563"}],"wp:featuredmedia":[{"embeddable":true,"href":"https:\/\/embroiderydownload.com\/de\/wp-json\/wp\/v2\/media\/85166"}],"wp:attachment":[{"href":"https:\/\/embroiderydownload.com\/de\/wp-json\/wp\/v2\/media?parent=85165"}],"wp:term":[{"taxonomy":"product_cat","embeddable":true,"href":"https:\/\/embroiderydownload.com\/de\/wp-json\/wp\/v2\/product_cat?post=85165"},{"taxonomy":"product_tag","embeddable":true,"href":"https:\/\/embroiderydownload.com\/de\/wp-json\/wp\/v2\/product_tag?post=85165"}],"curies":[{"name":"wp","href":"https:\/\/api.w.org\/{rel}","templated":true}]}}