{"id":86985,"date":"2021-11-17T06:09:29","date_gmt":"2021-11-17T05:09:29","guid":{"rendered":"https:\/\/embroiderydownload.com\/product\/ghostbusters-2-logo-embroidery-design-download\/"},"modified":"2023-03-23T14:22:53","modified_gmt":"2023-03-23T13:22:53","slug":"ghostbusters-2-logo-embroidery-design-download","status":"publish","type":"product","link":"https:\/\/embroiderydownload.com\/de\/products\/ghostbusters-2-logo-stickmuster-fur-stickmaschinen-download\/","title":{"rendered":"Ghostbusters 2 Logo Stickmuster F\u00fcr Stickmaschinen Download"},"content":{"rendered":"<p>&nbsp;<\/p>\n<p>Stickmuster f\u00fcr stickmaschinen download - Ghostbusters 2 Logo- Sofortiger Digitaler Download<\/p>\n<p>&nbsp;<\/p>\n<p>\u2605 Dies<strong>\u00a0Geisterj\u00e4ger 2\u00a0<\/strong>Das Paket mit Stickmustern f\u00fcr stickmaschinen enth\u00e4lt die n\u00e4chsten Modelle:<\/p>\n<table style=\"width: 593px;\">\n<tbody>\n<tr>\n<td style=\"width: 104px;\"><\/td>\n<td style=\"width: 144px; text-align: center;\">\n<div>\n<div><\/div>\n<\/div>\n<p><strong>Geisterj\u00e4ger 2 S<\/strong><\/td>\n<td style=\"width: 146px; text-align: center;\">\n<div>\n<div><\/div>\n<\/div>\n<p><strong>Geisterj\u00e4ger 2 M<\/strong><\/td>\n<td style=\"width: 173px; text-align: center;\">\n<div>\n<div><\/div>\n<\/div>\n<p><strong>Geisterj\u00e4ger 2 l<\/strong><\/td>\n<\/tr>\n<tr>\n<td style=\"width: 104px;\"><strong>Gr\u00f6\u00dfe Zoll<\/strong><\/td>\n<td style=\"width: 144px; text-align: center;\">\n<div>3,19 \u00d7 3,90<\/div>\n<\/td>\n<td style=\"width: 146px; text-align: center;\">\n<div>3,70 \u00d7 4,53<\/div>\n<\/td>\n<td style=\"width: 173px; text-align: center;\">\n<div>4,19 \u00d7 5,09<\/div>\n<\/td>\n<\/tr>\n<tr>\n<td style=\"width: 104px;\"><strong>Gr\u00f6\u00dfe mm.<\/strong><\/td>\n<td style=\"width: 144px; text-align: center;\">\n<div>81,00 x 99,20<\/div>\n<\/td>\n<td style=\"width: 146px; text-align: center;\">\n<div>94,00 \u00d7 115,20<\/div>\n<p>&nbsp;<\/td>\n<td style=\"width: 173px; text-align: center;\">\n<div>105,40 \u00d7 129,40<\/div>\n<\/td>\n<\/tr>\n<tr>\n<td style=\"width: 104px;\"><strong>Stiche<\/strong><\/td>\n<td style=\"width: 144px; text-align: center;\">\n<div>13823<\/div>\n<\/td>\n<td style=\"width: 146px; text-align: center;\">\n<div>16718<\/div>\n<\/td>\n<td style=\"width: 173px; text-align: center;\">\n<div>19625<\/div>\n<\/td>\n<\/tr>\n<\/tbody>\n<\/table>\n<p>&nbsp;<\/p>\n<p>\u2605 Formate, die beim Kauf in einer ZIP-Datei enthalten sein werden:<\/p>\n<p>&nbsp;<\/p>\n<ul>\n<li><span style=\"line-height: 1.5;\">Bernina: <\/span><strong style=\"line-height: 1.5;\">KUNST <\/strong>(V. 1 &amp; V. 2)<\/li>\n<li><span style=\"line-height: 1.5;\">Deco, Brother, Baby Lock: <\/span><strong style=\"line-height: 1.5;\">PEC, PES<\/strong><\/li>\n<li><span style=\"line-height: 1.5;\">Husqvarna, Viking: <\/span><strong style=\"line-height: 1.5;\">HUS<\/strong><\/li>\n<li><span style=\"line-height: 1.5;\">Janome, Elna, Kenmore: <\/span><strong style=\"line-height: 1.5;\">JEF, SEW<\/strong><\/li>\n<li><span style=\"line-height: 1.5;\">Melco: <\/span><strong style=\"line-height: 1.5;\">EXP, CND<\/strong><\/li>\n<li><span style=\"line-height: 1.5;\">Compucon: <\/span><strong style=\"line-height: 1.5;\">XXX<\/strong><\/li>\n<li><span style=\"line-height: 1.5;\">Tajima: <\/span><strong style=\"line-height: 1.5;\">DST<\/strong><\/li>\n<li><span style=\"line-height: 1.5;\">Barudan: <\/span><strong style=\"line-height: 1.5;\">DSB<\/strong><\/li>\n<li>Pfaff: <strong style=\"line-height: 1.5;\"><strong>PCS, KSS<\/strong><\/strong><\/li>\n<li>Wilcom:<strong style=\"line-height: 1.5;\"><strong> EMB, ESS<\/strong><\/strong><\/li>\n<li>Saurer SLC:<strong style=\"line-height: 1.5;\"><strong> SAS\u00a0<\/strong><\/strong><\/li>\n<li>Hiraoka:<strong style=\"line-height: 1.5;\"><strong> VEP, DAT<\/strong><\/strong><\/li>\n<\/ul>\n<p>&nbsp;<\/p>\n<p>\u2605 Tolle Idee: Die gestickten Aufn\u00e4her.<br \/>\nWie Sie Ihre eigenen gestickten Aufn\u00e4her herstellen: https:\/\/youtu.be\/bHdeFWNVqmk<\/p>\n<p><strong style=\"line-height: 1.4;\"><\/strong><span style=\"line-height: 1.4;\">\u00a0<\/span><br \/>\n<span style=\"line-height: 1.4;\"><\/span><\/p>\n<p style=\"display: inline !important;\">","protected":false},"excerpt":{"rendered":"<style>.elementor-204929 .elementor-element.elementor-element-95a9a0b{margin-top:0px;margin-bottom:0px;padding:0px 0px 0px 0px;overflow:visible;}.elementor-204929 .elementor-element.elementor-element-84e32b5 > .elementor-element-populated{margin:0px 0px 0px 0px;--e-column-margin-right:0px;--e-column-margin-left:0px;padding:0px 0px 0px 0px;}.elementor-204929 .elementor-element.elementor-element-4e302eb{text-align:left;}<\/style>\n<div class=\"porto-block elementor elementor-204929\" data-id=\"204929\">\n<section class=\"elementor-section elementor-top-section elementor-element elementor-element-95a9a0b elementor-section-full_width elementor-section-height-default elementor-section-height-default\" data-id=\"95a9a0b\" data-element_type=\"section\" data-settings=\"{&quot;ekit_has_onepagescroll_dot&quot;:&quot;yes&quot;}\">\n<div class=\"elementor-container elementor-column-gap-default\">\n<div class=\"elementor-column elementor-col-100 elementor-top-column elementor-element elementor-element-84e32b5\" data-id=\"84e32b5\" data-element_type=\"column\">\n<div class=\"elementor-widget-wrap elementor-element-populated\">\n<div class=\"elementor-element elementor-element-4e302eb elementor-widget elementor-widget-image\" data-id=\"4e302eb\" data-element_type=\"widget\" data-settings=\"{&quot;ekit_we_effect_on&quot;:&quot;none&quot;}\" data-widget_type=\"image.default\">\n<div class=\"elementor-widget-container\">\n<style>\/*! elementor - v3.12.1 - 02-04-2023 *\/\n.elementor-widget-image{text-align:center}.elementor-widget-image a{display:inline-block}.elementor-widget-image a img[src$=\".svg\"]{width:48px}.elementor-widget-image img{vertical-align:middle;display:inline-block}<\/style>\n<p>\t\t\t\t\t\t\t\t\t\t\t\t<img decoding=\"async\" width=\"300\" height=\"84\" src=\"https:\/\/embroiderydownload.com\/wp-content\/uploads\/2022\/11\/icons-values-eng.svg\" class=\"attachment-large size-large wp-image-204901\" alt=\"\" loading=\"lazy\" \/>\t\t\t\t\t\t\t\t\t\t\t\t\t\t\t<\/div>\n<\/p><\/div>\n<\/p><\/div>\n<\/p><\/div>\n<\/p><\/div>\n<\/section><\/div>","protected":false},"featured_media":86986,"template":"","meta":[],"product_cat":[12155],"product_tag":[26,741,258],"yoast_head":"<!-- This site is optimized with the Yoast SEO plugin v17.5 - https:\/\/yoast.com\/wordpress\/plugins\/seo\/ -->\n<title>Ghostbusters 2 Logo Embroidery Design Download - EmbroideryDownload<\/title>\n<meta name=\"description\" content=\"Download the Ghostbusters 2 Logo Embroidery Design today and add a spooky touch to your projects!\" \/>\n<meta name=\"robots\" content=\"index, follow, max-snippet:-1, max-image-preview:large, max-video-preview:-1\" \/>\n<link rel=\"canonical\" href=\"https:\/\/embroiderydownload.com\/de\/prodotti\/disegni-da-scaricare-gratis-per-macchina-da-scaricare-il-logo-di-ghostbusters-2-download-disegno-ricamo-da-scaricare\/\" \/>\n<meta property=\"og:locale\" content=\"de_DE\" \/>\n<meta property=\"og:type\" content=\"article\" \/>\n<meta property=\"og:title\" content=\"Ghostbusters 2 Logo Embroidery Design Download - EmbroideryDownload\" \/>\n<meta property=\"og:description\" content=\"Download the Ghostbusters 2 Logo Embroidery Design today and add a spooky touch to your projects!\" \/>\n<meta property=\"og:url\" content=\"https:\/\/embroiderydownload.com\/de\/prodotti\/disegni-da-scaricare-gratis-per-macchina-da-scaricare-il-logo-di-ghostbusters-2-download-disegno-ricamo-da-scaricare\/\" \/>\n<meta property=\"og:site_name\" content=\"EmbroideryDownload\" \/>\n<meta property=\"article:modified_time\" content=\"2023-03-23T13:22:53+00:00\" \/>\n<meta property=\"og:image\" content=\"https:\/\/embroiderydownload.com\/wp-content\/uploads\/2021\/10\/Cazafantasmas-2-3.jpg\" \/>\n\t<meta property=\"og:image:width\" content=\"800\" \/>\n\t<meta property=\"og:image:height\" content=\"800\" \/>\n<meta name=\"twitter:card\" content=\"summary_large_image\" \/>\n<meta name=\"twitter:label1\" content=\"Preis\" \/>\n\t<meta name=\"twitter:data1\" content=\"&euro;3.49\" \/>\n\t<meta name=\"twitter:label2\" content=\"Availability\" \/>\n\t<meta name=\"twitter:data2\" content=\"In stock\" \/>\n<script type=\"application\/ld+json\" class=\"yoast-schema-graph\">{\"@context\":\"https:\/\/schema.org\",\"@graph\":[{\"@type\":\"WebSite\",\"@id\":\"https:\/\/embroiderydownload.com\/fr\/#website\",\"url\":\"https:\/\/embroiderydownload.com\/fr\/\",\"name\":\"EmbroideryDownload\",\"description\":\"Embroidery Designs Instant Digital Download\",\"potentialAction\":[{\"@type\":\"SearchAction\",\"target\":{\"@type\":\"EntryPoint\",\"urlTemplate\":\"https:\/\/embroiderydownload.com\/fr\/?s={search_term_string}\"},\"query-input\":\"required name=search_term_string\"}],\"inLanguage\":\"de-DE\"},{\"@type\":\"ImageObject\",\"@id\":\"https:\/\/embroiderydownload.com\/it\/prodotti\/disegni-da-scaricare-gratis-per-macchina-da-scaricare-il-logo-di-ghostbusters-2-download-disegno-ricamo-da-scaricare\/#primaryimage\",\"inLanguage\":\"de-DE\",\"url\":\"https:\/\/embroiderydownload.com\/wp-content\/uploads\/2021\/10\/Cazafantasmas-2-3.jpg\",\"contentUrl\":\"https:\/\/embroiderydownload.com\/wp-content\/uploads\/2021\/10\/Cazafantasmas-2-3.jpg\",\"width\":800,\"height\":800},{\"@type\":\"WebPage\",\"@id\":\"https:\/\/embroiderydownload.com\/it\/prodotti\/disegni-da-scaricare-gratis-per-macchina-da-scaricare-il-logo-di-ghostbusters-2-download-disegno-ricamo-da-scaricare\/#webpage\",\"url\":\"https:\/\/embroiderydownload.com\/it\/prodotti\/disegni-da-scaricare-gratis-per-macchina-da-scaricare-il-logo-di-ghostbusters-2-download-disegno-ricamo-da-scaricare\/\",\"name\":\"Ghostbusters 2 Logo Embroidery Design Download - EmbroideryDownload\",\"isPartOf\":{\"@id\":\"https:\/\/embroiderydownload.com\/fr\/#website\"},\"primaryImageOfPage\":{\"@id\":\"https:\/\/embroiderydownload.com\/it\/prodotti\/disegni-da-scaricare-gratis-per-macchina-da-scaricare-il-logo-di-ghostbusters-2-download-disegno-ricamo-da-scaricare\/#primaryimage\"},\"datePublished\":\"2021-11-17T05:09:29+00:00\",\"dateModified\":\"2023-03-23T13:22:53+00:00\",\"description\":\"Download the Ghostbusters 2 Logo Embroidery Design today and add a spooky touch to your projects!\",\"breadcrumb\":{\"@id\":\"https:\/\/embroiderydownload.com\/it\/prodotti\/disegni-da-scaricare-gratis-per-macchina-da-scaricare-il-logo-di-ghostbusters-2-download-disegno-ricamo-da-scaricare\/#breadcrumb\"},\"inLanguage\":\"de-DE\",\"potentialAction\":[{\"@type\":\"ReadAction\",\"target\":[\"https:\/\/embroiderydownload.com\/it\/prodotti\/disegni-da-scaricare-gratis-per-macchina-da-scaricare-il-logo-di-ghostbusters-2-download-disegno-ricamo-da-scaricare\/\"]}]},{\"@type\":\"BreadcrumbList\",\"@id\":\"https:\/\/embroiderydownload.com\/it\/prodotti\/disegni-da-scaricare-gratis-per-macchina-da-scaricare-il-logo-di-ghostbusters-2-download-disegno-ricamo-da-scaricare\/#breadcrumb\",\"itemListElement\":[{\"@type\":\"ListItem\",\"position\":1,\"name\":\"Shop\",\"item\":\"https:\/\/embroiderydownload.com\/it\/negozio-2\/\"},{\"@type\":\"ListItem\",\"position\":2,\"name\":\"Ghostbusters 2 Logo Embroidery Design Download\"}]}]}<\/script>\n<!-- \/ Yoast SEO plugin. -->","yoast_head_json":{"title":"Ghostbusters 2 Logo Embroidery Design Download - EmbroideryDownload","description":"Download the Ghostbusters 2 Logo Embroidery Design today and add a spooky touch to your projects!","robots":{"index":"index","follow":"follow","max-snippet":"max-snippet:-1","max-image-preview":"max-image-preview:large","max-video-preview":"max-video-preview:-1"},"canonical":"https:\/\/embroiderydownload.com\/de\/prodotti\/disegni-da-scaricare-gratis-per-macchina-da-scaricare-il-logo-di-ghostbusters-2-download-disegno-ricamo-da-scaricare\/","og_locale":"de_DE","og_type":"article","og_title":"Ghostbusters 2 Logo Embroidery Design Download - EmbroideryDownload","og_description":"Download the Ghostbusters 2 Logo Embroidery Design today and add a spooky touch to your projects!","og_url":"https:\/\/embroiderydownload.com\/de\/prodotti\/disegni-da-scaricare-gratis-per-macchina-da-scaricare-il-logo-di-ghostbusters-2-download-disegno-ricamo-da-scaricare\/","og_site_name":"EmbroideryDownload","article_modified_time":"2023-03-23T13:22:53+00:00","og_image":[{"width":800,"height":800,"url":"https:\/\/embroiderydownload.com\/wp-content\/uploads\/2021\/10\/Cazafantasmas-2-3.jpg","type":"image\/jpeg"}],"twitter_card":"summary_large_image","twitter_misc":{"Preis":"&euro;3.49","Availability":"In stock"},"schema":{"@context":"https:\/\/schema.org","@graph":[{"@type":"WebSite","@id":"https:\/\/embroiderydownload.com\/fr\/#website","url":"https:\/\/embroiderydownload.com\/fr\/","name":"EmbroideryDownload","description":"Embroidery Designs Instant Digital Download","potentialAction":[{"@type":"SearchAction","target":{"@type":"EntryPoint","urlTemplate":"https:\/\/embroiderydownload.com\/fr\/?s={search_term_string}"},"query-input":"required name=search_term_string"}],"inLanguage":"de-DE"},{"@type":"ImageObject","@id":"https:\/\/embroiderydownload.com\/it\/prodotti\/disegni-da-scaricare-gratis-per-macchina-da-scaricare-il-logo-di-ghostbusters-2-download-disegno-ricamo-da-scaricare\/#primaryimage","inLanguage":"de-DE","url":"https:\/\/embroiderydownload.com\/wp-content\/uploads\/2021\/10\/Cazafantasmas-2-3.jpg","contentUrl":"https:\/\/embroiderydownload.com\/wp-content\/uploads\/2021\/10\/Cazafantasmas-2-3.jpg","width":800,"height":800},{"@type":"WebPage","@id":"https:\/\/embroiderydownload.com\/it\/prodotti\/disegni-da-scaricare-gratis-per-macchina-da-scaricare-il-logo-di-ghostbusters-2-download-disegno-ricamo-da-scaricare\/#webpage","url":"https:\/\/embroiderydownload.com\/it\/prodotti\/disegni-da-scaricare-gratis-per-macchina-da-scaricare-il-logo-di-ghostbusters-2-download-disegno-ricamo-da-scaricare\/","name":"Ghostbusters 2 Logo Embroidery Design Download - EmbroideryDownload","isPartOf":{"@id":"https:\/\/embroiderydownload.com\/fr\/#website"},"primaryImageOfPage":{"@id":"https:\/\/embroiderydownload.com\/it\/prodotti\/disegni-da-scaricare-gratis-per-macchina-da-scaricare-il-logo-di-ghostbusters-2-download-disegno-ricamo-da-scaricare\/#primaryimage"},"datePublished":"2021-11-17T05:09:29+00:00","dateModified":"2023-03-23T13:22:53+00:00","description":"Download the Ghostbusters 2 Logo Embroidery Design today and add a spooky touch to your projects!","breadcrumb":{"@id":"https:\/\/embroiderydownload.com\/it\/prodotti\/disegni-da-scaricare-gratis-per-macchina-da-scaricare-il-logo-di-ghostbusters-2-download-disegno-ricamo-da-scaricare\/#breadcrumb"},"inLanguage":"de-DE","potentialAction":[{"@type":"ReadAction","target":["https:\/\/embroiderydownload.com\/it\/prodotti\/disegni-da-scaricare-gratis-per-macchina-da-scaricare-il-logo-di-ghostbusters-2-download-disegno-ricamo-da-scaricare\/"]}]},{"@type":"BreadcrumbList","@id":"https:\/\/embroiderydownload.com\/it\/prodotti\/disegni-da-scaricare-gratis-per-macchina-da-scaricare-il-logo-di-ghostbusters-2-download-disegno-ricamo-da-scaricare\/#breadcrumb","itemListElement":[{"@type":"ListItem","position":1,"name":"Shop","item":"https:\/\/embroiderydownload.com\/it\/negozio-2\/"},{"@type":"ListItem","position":2,"name":"Ghostbusters 2 Logo Embroidery Design Download"}]}]}},"_links":{"self":[{"href":"https:\/\/embroiderydownload.com\/de\/wp-json\/wp\/v2\/product\/86985"}],"collection":[{"href":"https:\/\/embroiderydownload.com\/de\/wp-json\/wp\/v2\/product"}],"about":[{"href":"https:\/\/embroiderydownload.com\/de\/wp-json\/wp\/v2\/types\/product"}],"version-history":[{"count":1,"href":"https:\/\/embroiderydownload.com\/de\/wp-json\/wp\/v2\/product\/86985\/revisions"}],"predecessor-version":[{"id":199374,"href":"https:\/\/embroiderydownload.com\/de\/wp-json\/wp\/v2\/product\/86985\/revisions\/199374"}],"wp:featuredmedia":[{"embeddable":true,"href":"https:\/\/embroiderydownload.com\/de\/wp-json\/wp\/v2\/media\/86986"}],"wp:attachment":[{"href":"https:\/\/embroiderydownload.com\/de\/wp-json\/wp\/v2\/media?parent=86985"}],"wp:term":[{"taxonomy":"product_cat","embeddable":true,"href":"https:\/\/embroiderydownload.com\/de\/wp-json\/wp\/v2\/product_cat?post=86985"},{"taxonomy":"product_tag","embeddable":true,"href":"https:\/\/embroiderydownload.com\/de\/wp-json\/wp\/v2\/product_tag?post=86985"}],"curies":[{"name":"wp","href":"https:\/\/api.w.org\/{rel}","templated":true}]}}