{"id":88996,"date":"2021-11-17T06:12:50","date_gmt":"2021-11-17T05:12:50","guid":{"rendered":"https:\/\/embroiderydownload.com\/product\/hot-wheels-applique-embroidery-design-download\/"},"modified":"2023-03-23T14:22:42","modified_gmt":"2023-03-23T13:22:42","slug":"hot-wheels-applique-embroidery-design-download","status":"publish","type":"product","link":"https:\/\/embroiderydownload.com\/de\/products\/stickmuster-fur-stickmaschinen-download-hot-wheels-applique\/","title":{"rendered":"Stickmuster F\u00fcr Stickmaschinen Download"},"content":{"rendered":"<p>&nbsp;<\/p>\n<p>Stickmuster F\u00fcr Stickmaschinen <strong>Hot Wheels-Applikation<\/strong> - Sofortiger Digitaler Download - Mehrere Formate f\u00fcr Stickmaschinen. Gepr\u00fcfte Stickmuster F\u00fcr Stickmaschinen in hoher Qualit\u00e4t.<\/p>\n<p>&nbsp;<\/p>\n<p>\u2605 Verf\u00fcgbare Gr\u00f6\u00dfen:<\/p>\n<ul>\n<li><strong>Gr\u00f6\u00dfe S: <\/strong>3,93 \u00d7 1,30 inch - 99,80 x 33,10 mm - Stiche: 3859<\/li>\n<li><strong>Gr\u00f6\u00dfe M: <\/strong>5,11 \u00d7 1,67 inch - 129,80 x 42,50 mm - Stiche: 5799<\/li>\n<li><strong>Gr\u00f6\u00dfe L:<\/strong>\u00a05,90 \u00d7 1,91 inch - 149,80 x 48,60 mm - Stiche: 35717<\/li>\n<\/ul>\n<p>\u2605 Dies\u00a0<strong>Hei\u00dfe R\u00e4der<\/strong><strong>\u00a0Stickmuster f\u00fcr Stickmaschinen<\/strong> enth\u00e4lt die folgenden Formate in einer ZIP-Datei, die beim Kauf heruntergeladen werden kann:<\/p>\n<ul>\n<li>Deco, Brother, Baby Lock: <strong>PES<\/strong><\/li>\n<li>Husqvarna, Viking: <strong>HUS<\/strong><\/li>\n<li>Janome, Elna, Kenmore: <strong>JEF<\/strong><\/li>\n<li>Melco: <strong>EXP<\/strong><\/li>\n<li>Elna:<strong>\u00a0EMD<\/strong><\/li>\n<li>Compucon, Singer: <strong>XXX<\/strong><\/li>\n<li>Tajima: <strong>DST<\/strong><\/li>\n<li>Pfaff:<b> VIP, VP3<\/b><\/li>\n<\/ul>\n<p>&nbsp;<\/p>\n<p>\u2605 Alle Urheberrechte und Warenzeichen der verwendeten Bilder und Figuren geh\u00f6ren ihren jeweiligen Eigent\u00fcmern und werden nicht verkauft. Dieser Artikel ist kein lizenziertes Produkt und ich erhebe keinen Anspruch auf das Eigentum an den verwendeten Figuren.<\/p>\n<p>&nbsp;<\/p>\n<p>\u2605 Dieses Design wurde getestet und gepr\u00fcft, um h\u00f6chste Qualit\u00e4t zu gew\u00e4hrleisten. Die Ergebnisse k\u00f6nnen je nach Stoff- und Vlieskombination variieren. Das Endergebnis kann von Ihrer Maschine, dem Stoff, der Garnqualit\u00e4t und der Spannung abh\u00e4ngen. \u00c4ndern Sie nicht die Gr\u00f6\u00dfe oder bearbeiten Sie die Datei nicht, da sonst die Qualit\u00e4t beeintr\u00e4chtigt werden k\u00f6nnte.<\/p>\n<div id=\"gtx-trans\" style=\"position: absolute; left: 224px; top: -19px;\">\n<div class=\"gtx-trans-icon\"><\/div>\n<\/div>","protected":false},"excerpt":{"rendered":"<style>.elementor-204929 .elementor-element.elementor-element-95a9a0b{margin-top:0px;margin-bottom:0px;padding:0px 0px 0px 0px;overflow:visible;}.elementor-204929 .elementor-element.elementor-element-84e32b5 > .elementor-element-populated{margin:0px 0px 0px 0px;--e-column-margin-right:0px;--e-column-margin-left:0px;padding:0px 0px 0px 0px;}.elementor-204929 .elementor-element.elementor-element-4e302eb{text-align:left;}<\/style>\n<div class=\"porto-block elementor elementor-204929\" data-id=\"204929\">\n<section class=\"elementor-section elementor-top-section elementor-element elementor-element-95a9a0b elementor-section-full_width elementor-section-height-default elementor-section-height-default\" data-id=\"95a9a0b\" data-element_type=\"section\" data-settings=\"{&quot;ekit_has_onepagescroll_dot&quot;:&quot;yes&quot;}\">\n<div class=\"elementor-container elementor-column-gap-default\">\n<div class=\"elementor-column elementor-col-100 elementor-top-column elementor-element elementor-element-84e32b5\" data-id=\"84e32b5\" data-element_type=\"column\">\n<div class=\"elementor-widget-wrap elementor-element-populated\">\n<div class=\"elementor-element elementor-element-4e302eb elementor-widget elementor-widget-image\" data-id=\"4e302eb\" data-element_type=\"widget\" data-settings=\"{&quot;ekit_we_effect_on&quot;:&quot;none&quot;}\" data-widget_type=\"image.default\">\n<div class=\"elementor-widget-container\">\n<style>\/*! elementor - v3.12.1 - 02-04-2023 *\/\n.elementor-widget-image{text-align:center}.elementor-widget-image a{display:inline-block}.elementor-widget-image a img[src$=\".svg\"]{width:48px}.elementor-widget-image img{vertical-align:middle;display:inline-block}<\/style>\n<p>\t\t\t\t\t\t\t\t\t\t\t\t<img decoding=\"async\" width=\"300\" height=\"84\" src=\"https:\/\/embroiderydownload.com\/wp-content\/uploads\/2022\/11\/icons-values-eng.svg\" class=\"attachment-large size-large wp-image-204901\" alt=\"\" loading=\"lazy\" \/>\t\t\t\t\t\t\t\t\t\t\t\t\t\t\t<\/div>\n<\/p><\/div>\n<\/p><\/div>\n<\/p><\/div>\n<\/p><\/div>\n<\/section><\/div>","protected":false},"featured_media":88997,"template":"","meta":[],"product_cat":[],"product_tag":[26,835],"yoast_head":"<!-- This site is optimized with the Yoast SEO plugin v17.5 - https:\/\/yoast.com\/wordpress\/plugins\/seo\/ -->\n<title>Hot Wheels applique Embroidery Design Download - EmbroideryDownload<\/title>\n<meta name=\"description\" content=\"Download now the Hot Wheels applique embroidery design and start creating amazing projects!\" \/>\n<meta name=\"robots\" content=\"index, follow, max-snippet:-1, max-image-preview:large, max-video-preview:-1\" \/>\n<link rel=\"canonical\" href=\"https:\/\/embroiderydownload.com\/de\/products\/stickmuster-fur-stickmaschinen-download-hot-wheels-applique\/\" \/>\n<meta property=\"og:locale\" content=\"de_DE\" \/>\n<meta property=\"og:type\" content=\"article\" \/>\n<meta property=\"og:title\" content=\"Hot Wheels applique Embroidery Design Download - EmbroideryDownload\" \/>\n<meta property=\"og:description\" content=\"Download now the Hot Wheels applique embroidery design and start creating amazing projects!\" \/>\n<meta property=\"og:url\" content=\"https:\/\/embroiderydownload.com\/de\/products\/stickmuster-fur-stickmaschinen-download-hot-wheels-applique\/\" \/>\n<meta property=\"og:site_name\" content=\"EmbroideryDownload\" \/>\n<meta property=\"article:modified_time\" content=\"2023-03-23T13:22:42+00:00\" \/>\n<meta property=\"og:image\" content=\"https:\/\/embroiderydownload.com\/wp-content\/uploads\/2021\/10\/Hot-Wheels-applique-1-2.jpg\" \/>\n\t<meta property=\"og:image:width\" content=\"800\" \/>\n\t<meta property=\"og:image:height\" content=\"800\" \/>\n<meta name=\"twitter:card\" content=\"summary_large_image\" \/>\n<meta name=\"twitter:label1\" content=\"Preis\" \/>\n\t<meta name=\"twitter:data1\" content=\"&euro;3.99 &euro;2.99\" \/>\n\t<meta name=\"twitter:label2\" content=\"Availability\" \/>\n\t<meta name=\"twitter:data2\" content=\"In stock\" \/>\n<script type=\"application\/ld+json\" class=\"yoast-schema-graph\">{\"@context\":\"https:\/\/schema.org\",\"@graph\":[{\"@type\":\"WebSite\",\"@id\":\"https:\/\/embroiderydownload.com\/fr\/#website\",\"url\":\"https:\/\/embroiderydownload.com\/fr\/\",\"name\":\"EmbroideryDownload\",\"description\":\"Embroidery Designs Instant Digital Download\",\"potentialAction\":[{\"@type\":\"SearchAction\",\"target\":{\"@type\":\"EntryPoint\",\"urlTemplate\":\"https:\/\/embroiderydownload.com\/fr\/?s={search_term_string}\"},\"query-input\":\"required name=search_term_string\"}],\"inLanguage\":\"de-DE\"},{\"@type\":\"ImageObject\",\"@id\":\"https:\/\/embroiderydownload.com\/products\/hot-wheels-applique-embroidery-design-download\/#primaryimage\",\"inLanguage\":\"de-DE\",\"url\":\"https:\/\/embroiderydownload.com\/wp-content\/uploads\/2021\/10\/Hot-Wheels-applique-1-2.jpg\",\"contentUrl\":\"https:\/\/embroiderydownload.com\/wp-content\/uploads\/2021\/10\/Hot-Wheels-applique-1-2.jpg\",\"width\":800,\"height\":800},{\"@type\":\"WebPage\",\"@id\":\"https:\/\/embroiderydownload.com\/products\/hot-wheels-applique-embroidery-design-download\/#webpage\",\"url\":\"https:\/\/embroiderydownload.com\/products\/hot-wheels-applique-embroidery-design-download\/\",\"name\":\"Hot Wheels applique Embroidery Design Download - EmbroideryDownload\",\"isPartOf\":{\"@id\":\"https:\/\/embroiderydownload.com\/fr\/#website\"},\"primaryImageOfPage\":{\"@id\":\"https:\/\/embroiderydownload.com\/products\/hot-wheels-applique-embroidery-design-download\/#primaryimage\"},\"datePublished\":\"2021-11-17T05:12:50+00:00\",\"dateModified\":\"2023-03-23T13:22:42+00:00\",\"description\":\"Download now the Hot Wheels applique embroidery design and start creating amazing projects!\",\"breadcrumb\":{\"@id\":\"https:\/\/embroiderydownload.com\/products\/hot-wheels-applique-embroidery-design-download\/#breadcrumb\"},\"inLanguage\":\"de-DE\",\"potentialAction\":[{\"@type\":\"ReadAction\",\"target\":[\"https:\/\/embroiderydownload.com\/products\/hot-wheels-applique-embroidery-design-download\/\"]}]},{\"@type\":\"BreadcrumbList\",\"@id\":\"https:\/\/embroiderydownload.com\/products\/hot-wheels-applique-embroidery-design-download\/#breadcrumb\",\"itemListElement\":[{\"@type\":\"ListItem\",\"position\":1,\"name\":\"Shop\",\"item\":\"https:\/\/embroiderydownload.com\/it\/negozio-2\/\"},{\"@type\":\"ListItem\",\"position\":2,\"name\":\"Hot Wheels applique Embroidery Design Download\"}]}]}<\/script>\n<!-- \/ Yoast SEO plugin. -->","yoast_head_json":{"title":"Hot Wheels applique Embroidery Design Download - EmbroideryDownload","description":"Download now the Hot Wheels applique embroidery design and start creating amazing projects!","robots":{"index":"index","follow":"follow","max-snippet":"max-snippet:-1","max-image-preview":"max-image-preview:large","max-video-preview":"max-video-preview:-1"},"canonical":"https:\/\/embroiderydownload.com\/de\/products\/stickmuster-fur-stickmaschinen-download-hot-wheels-applique\/","og_locale":"de_DE","og_type":"article","og_title":"Hot Wheels applique Embroidery Design Download - EmbroideryDownload","og_description":"Download now the Hot Wheels applique embroidery design and start creating amazing projects!","og_url":"https:\/\/embroiderydownload.com\/de\/products\/stickmuster-fur-stickmaschinen-download-hot-wheels-applique\/","og_site_name":"EmbroideryDownload","article_modified_time":"2023-03-23T13:22:42+00:00","og_image":[{"width":800,"height":800,"url":"https:\/\/embroiderydownload.com\/wp-content\/uploads\/2021\/10\/Hot-Wheels-applique-1-2.jpg","type":"image\/jpeg"}],"twitter_card":"summary_large_image","twitter_misc":{"Preis":"&euro;3.99 &euro;2.99","Availability":"In stock"},"schema":{"@context":"https:\/\/schema.org","@graph":[{"@type":"WebSite","@id":"https:\/\/embroiderydownload.com\/fr\/#website","url":"https:\/\/embroiderydownload.com\/fr\/","name":"EmbroideryDownload","description":"Embroidery Designs Instant Digital Download","potentialAction":[{"@type":"SearchAction","target":{"@type":"EntryPoint","urlTemplate":"https:\/\/embroiderydownload.com\/fr\/?s={search_term_string}"},"query-input":"required name=search_term_string"}],"inLanguage":"de-DE"},{"@type":"ImageObject","@id":"https:\/\/embroiderydownload.com\/products\/hot-wheels-applique-embroidery-design-download\/#primaryimage","inLanguage":"de-DE","url":"https:\/\/embroiderydownload.com\/wp-content\/uploads\/2021\/10\/Hot-Wheels-applique-1-2.jpg","contentUrl":"https:\/\/embroiderydownload.com\/wp-content\/uploads\/2021\/10\/Hot-Wheels-applique-1-2.jpg","width":800,"height":800},{"@type":"WebPage","@id":"https:\/\/embroiderydownload.com\/products\/hot-wheels-applique-embroidery-design-download\/#webpage","url":"https:\/\/embroiderydownload.com\/products\/hot-wheels-applique-embroidery-design-download\/","name":"Hot Wheels applique Embroidery Design Download - EmbroideryDownload","isPartOf":{"@id":"https:\/\/embroiderydownload.com\/fr\/#website"},"primaryImageOfPage":{"@id":"https:\/\/embroiderydownload.com\/products\/hot-wheels-applique-embroidery-design-download\/#primaryimage"},"datePublished":"2021-11-17T05:12:50+00:00","dateModified":"2023-03-23T13:22:42+00:00","description":"Download now the Hot Wheels applique embroidery design and start creating amazing projects!","breadcrumb":{"@id":"https:\/\/embroiderydownload.com\/products\/hot-wheels-applique-embroidery-design-download\/#breadcrumb"},"inLanguage":"de-DE","potentialAction":[{"@type":"ReadAction","target":["https:\/\/embroiderydownload.com\/products\/hot-wheels-applique-embroidery-design-download\/"]}]},{"@type":"BreadcrumbList","@id":"https:\/\/embroiderydownload.com\/products\/hot-wheels-applique-embroidery-design-download\/#breadcrumb","itemListElement":[{"@type":"ListItem","position":1,"name":"Shop","item":"https:\/\/embroiderydownload.com\/it\/negozio-2\/"},{"@type":"ListItem","position":2,"name":"Hot Wheels applique Embroidery Design Download"}]}]}},"_links":{"self":[{"href":"https:\/\/embroiderydownload.com\/de\/wp-json\/wp\/v2\/product\/88996"}],"collection":[{"href":"https:\/\/embroiderydownload.com\/de\/wp-json\/wp\/v2\/product"}],"about":[{"href":"https:\/\/embroiderydownload.com\/de\/wp-json\/wp\/v2\/types\/product"}],"version-history":[{"count":0,"href":"https:\/\/embroiderydownload.com\/de\/wp-json\/wp\/v2\/product\/88996\/revisions"}],"wp:featuredmedia":[{"embeddable":true,"href":"https:\/\/embroiderydownload.com\/de\/wp-json\/wp\/v2\/media\/88997"}],"wp:attachment":[{"href":"https:\/\/embroiderydownload.com\/de\/wp-json\/wp\/v2\/media?parent=88996"}],"wp:term":[{"taxonomy":"product_cat","embeddable":true,"href":"https:\/\/embroiderydownload.com\/de\/wp-json\/wp\/v2\/product_cat?post=88996"},{"taxonomy":"product_tag","embeddable":true,"href":"https:\/\/embroiderydownload.com\/de\/wp-json\/wp\/v2\/product_tag?post=88996"}],"curies":[{"name":"wp","href":"https:\/\/api.w.org\/{rel}","templated":true}]}}