{"id":93445,"date":"2021-10-27T19:01:59","date_gmt":"2021-10-27T17:01:59","guid":{"rendered":"https:\/\/embroiderydownload.com\/product\/mercedes-benz-logo-3-embroidery-design-download\/"},"modified":"2023-03-30T11:06:21","modified_gmt":"2023-03-30T09:06:21","slug":"mercedes-benz-logo-3-embroidery-design-download","status":"publish","type":"product","link":"https:\/\/embroiderydownload.com\/de\/products\/mercedes-benz-logo-3-stickmuster-fur-stickmaschinen-download\/","title":{"rendered":"Mercedes Benz Logo 3 Stickmuster F\u00fcr Stickmaschinen Download"},"content":{"rendered":"<p>&nbsp;<\/p>\n<p><strong>Mercedes Benz Logo 3<\/strong> Stickmuster f\u00fcr stickmaschinen download.Mercedes Benz Stickmuster f\u00fcr stickmaschinen download.<\/p>\n<p>&nbsp;<\/p>\n<p>\u2605 Gr\u00f6\u00dfe: 3,30 \u00d7 1,80 inch - 83,80 x 45,80 mm - Stiche: 3112<\/p>\n<p>\u2605 Formate, die beim Kauf in einer ZIP-Datei enthalten sind<\/p>\n<p>&nbsp;<\/p>\n<ul>\n<li>Deco, Brother, Baby Lock: <strong>PES<\/strong><\/li>\n<li>Husqvarna, Viking: <strong>HUS, SEW<\/strong><\/li>\n<li>Janome, Elna, Kenmore: <strong>JEF<\/strong><\/li>\n<li>Melco: <strong>EXP<\/strong><\/li>\n<li>S\u00e4ngerin:<strong> PCS<\/strong><\/li>\n<li>Compucon, Singer: <strong>XXX<\/strong><\/li>\n<li>Tajima: <strong>DST<\/strong><\/li>\n<li>Pfaff:<b> VIP, VP3<\/b><\/li>\n<\/ul>\n<p>&nbsp;<\/p>\n<div id=\"gtx-trans\" style=\"position: absolute; left: -14px; top: -19px;\">\n<div class=\"gtx-trans-icon\"><\/div>\n<\/div>","protected":false},"excerpt":{"rendered":"<p>&nbsp; Mercedes Benz Logo 3 professionelles Stickmuster digitaler Sofortiger digitaler download.Mercedes Benz hochwertiges Stickmaschinendesign.   \u2605 Gr\u00f6\u00dfe: 3,30 \u00d7 1,80 inch - 83,80 x 45,80 mm - Stiche: 3112 \u2605 Formate, die beim Kauf in einer ZIP-Datei enthalten sind Deco, Brother, Baby Lock: PES Husqvarna, Viking: HUS, SEW Janome, Elna, Kenmore: JEF Melco: EXP Singer: [...]<\/p>","protected":false},"featured_media":93446,"template":"","meta":[],"product_cat":[12212],"product_tag":[396],"yoast_head":"<!-- This site is optimized with the Yoast SEO plugin v17.5 - https:\/\/yoast.com\/wordpress\/plugins\/seo\/ -->\n<title>Mercedes Benz Logo 3 Embroidery Design Download - EmbroideryDownload<\/title>\n<meta name=\"description\" content=\"Download Mercedes Benz Logo 3 Embroidery Design now and elevate your fashion game!\" \/>\n<meta name=\"robots\" content=\"index, follow, max-snippet:-1, max-image-preview:large, max-video-preview:-1\" \/>\n<link rel=\"canonical\" href=\"https:\/\/embroiderydownload.com\/de\/productos\/mercedes-benz-logo-3-diseno-de-bordado-descargar\/\" \/>\n<meta property=\"og:locale\" content=\"de_DE\" \/>\n<meta property=\"og:type\" content=\"article\" \/>\n<meta property=\"og:title\" content=\"Mercedes Benz Logo 3 Embroidery Design Download - EmbroideryDownload\" \/>\n<meta property=\"og:description\" content=\"Download Mercedes Benz Logo 3 Embroidery Design now and elevate your fashion game!\" \/>\n<meta property=\"og:url\" content=\"https:\/\/embroiderydownload.com\/de\/productos\/mercedes-benz-logo-3-diseno-de-bordado-descargar\/\" \/>\n<meta property=\"og:site_name\" content=\"EmbroideryDownload\" \/>\n<meta property=\"article:modified_time\" content=\"2023-03-30T09:06:21+00:00\" \/>\n<meta property=\"og:image\" content=\"https:\/\/embroiderydownload.com\/wp-content\/uploads\/2021\/10\/Mercedes-Benz-A-1-1.jpg\" \/>\n\t<meta property=\"og:image:width\" content=\"800\" \/>\n\t<meta property=\"og:image:height\" content=\"800\" \/>\n<meta name=\"twitter:card\" content=\"summary_large_image\" \/>\n<meta name=\"twitter:label1\" content=\"Preis\" \/>\n\t<meta name=\"twitter:data1\" content=\"&euro;2.99\" \/>\n\t<meta name=\"twitter:label2\" content=\"Availability\" \/>\n\t<meta name=\"twitter:data2\" content=\"In stock\" \/>\n<script type=\"application\/ld+json\" class=\"yoast-schema-graph\">{\"@context\":\"https:\/\/schema.org\",\"@graph\":[{\"@type\":\"WebSite\",\"@id\":\"https:\/\/embroiderydownload.com\/fr\/#website\",\"url\":\"https:\/\/embroiderydownload.com\/fr\/\",\"name\":\"EmbroideryDownload\",\"description\":\"Embroidery Designs Instant Digital Download\",\"potentialAction\":[{\"@type\":\"SearchAction\",\"target\":{\"@type\":\"EntryPoint\",\"urlTemplate\":\"https:\/\/embroiderydownload.com\/fr\/?s={search_term_string}\"},\"query-input\":\"required name=search_term_string\"}],\"inLanguage\":\"de-DE\"},{\"@type\":\"ImageObject\",\"@id\":\"https:\/\/embroiderydownload.com\/es\/productos\/mercedes-benz-logo-3-diseno-de-bordado-descargar\/#primaryimage\",\"inLanguage\":\"de-DE\",\"url\":\"https:\/\/embroiderydownload.com\/wp-content\/uploads\/2021\/10\/Mercedes-Benz-A-1-1.jpg\",\"contentUrl\":\"https:\/\/embroiderydownload.com\/wp-content\/uploads\/2021\/10\/Mercedes-Benz-A-1-1.jpg\",\"width\":800,\"height\":800},{\"@type\":\"WebPage\",\"@id\":\"https:\/\/embroiderydownload.com\/es\/productos\/mercedes-benz-logo-3-diseno-de-bordado-descargar\/#webpage\",\"url\":\"https:\/\/embroiderydownload.com\/es\/productos\/mercedes-benz-logo-3-diseno-de-bordado-descargar\/\",\"name\":\"Mercedes Benz Logo 3 Embroidery Design Download - EmbroideryDownload\",\"isPartOf\":{\"@id\":\"https:\/\/embroiderydownload.com\/fr\/#website\"},\"primaryImageOfPage\":{\"@id\":\"https:\/\/embroiderydownload.com\/es\/productos\/mercedes-benz-logo-3-diseno-de-bordado-descargar\/#primaryimage\"},\"datePublished\":\"2021-10-27T17:01:59+00:00\",\"dateModified\":\"2023-03-30T09:06:21+00:00\",\"description\":\"Download Mercedes Benz Logo 3 Embroidery Design now and elevate your fashion game!\",\"breadcrumb\":{\"@id\":\"https:\/\/embroiderydownload.com\/es\/productos\/mercedes-benz-logo-3-diseno-de-bordado-descargar\/#breadcrumb\"},\"inLanguage\":\"de-DE\",\"potentialAction\":[{\"@type\":\"ReadAction\",\"target\":[\"https:\/\/embroiderydownload.com\/es\/productos\/mercedes-benz-logo-3-diseno-de-bordado-descargar\/\"]}]},{\"@type\":\"BreadcrumbList\",\"@id\":\"https:\/\/embroiderydownload.com\/es\/productos\/mercedes-benz-logo-3-diseno-de-bordado-descargar\/#breadcrumb\",\"itemListElement\":[{\"@type\":\"ListItem\",\"position\":1,\"name\":\"Shop\",\"item\":\"https:\/\/embroiderydownload.com\/it\/negozio-2\/\"},{\"@type\":\"ListItem\",\"position\":2,\"name\":\"Mercedes Benz Logo 3 Embroidery Design Download\"}]}]}<\/script>\n<!-- \/ Yoast SEO plugin. -->","yoast_head_json":{"title":"Mercedes Benz Logo 3 Embroidery Design Download - EmbroideryDownload","description":"Download Mercedes Benz Logo 3 Embroidery Design now and elevate your fashion game!","robots":{"index":"index","follow":"follow","max-snippet":"max-snippet:-1","max-image-preview":"max-image-preview:large","max-video-preview":"max-video-preview:-1"},"canonical":"https:\/\/embroiderydownload.com\/de\/productos\/mercedes-benz-logo-3-diseno-de-bordado-descargar\/","og_locale":"de_DE","og_type":"article","og_title":"Mercedes Benz Logo 3 Embroidery Design Download - EmbroideryDownload","og_description":"Download Mercedes Benz Logo 3 Embroidery Design now and elevate your fashion game!","og_url":"https:\/\/embroiderydownload.com\/de\/productos\/mercedes-benz-logo-3-diseno-de-bordado-descargar\/","og_site_name":"EmbroideryDownload","article_modified_time":"2023-03-30T09:06:21+00:00","og_image":[{"width":800,"height":800,"url":"https:\/\/embroiderydownload.com\/wp-content\/uploads\/2021\/10\/Mercedes-Benz-A-1-1.jpg","type":"image\/jpeg"}],"twitter_card":"summary_large_image","twitter_misc":{"Preis":"&euro;2.99","Availability":"In stock"},"schema":{"@context":"https:\/\/schema.org","@graph":[{"@type":"WebSite","@id":"https:\/\/embroiderydownload.com\/fr\/#website","url":"https:\/\/embroiderydownload.com\/fr\/","name":"EmbroideryDownload","description":"Embroidery Designs Instant Digital Download","potentialAction":[{"@type":"SearchAction","target":{"@type":"EntryPoint","urlTemplate":"https:\/\/embroiderydownload.com\/fr\/?s={search_term_string}"},"query-input":"required name=search_term_string"}],"inLanguage":"de-DE"},{"@type":"ImageObject","@id":"https:\/\/embroiderydownload.com\/es\/productos\/mercedes-benz-logo-3-diseno-de-bordado-descargar\/#primaryimage","inLanguage":"de-DE","url":"https:\/\/embroiderydownload.com\/wp-content\/uploads\/2021\/10\/Mercedes-Benz-A-1-1.jpg","contentUrl":"https:\/\/embroiderydownload.com\/wp-content\/uploads\/2021\/10\/Mercedes-Benz-A-1-1.jpg","width":800,"height":800},{"@type":"WebPage","@id":"https:\/\/embroiderydownload.com\/es\/productos\/mercedes-benz-logo-3-diseno-de-bordado-descargar\/#webpage","url":"https:\/\/embroiderydownload.com\/es\/productos\/mercedes-benz-logo-3-diseno-de-bordado-descargar\/","name":"Mercedes Benz Logo 3 Embroidery Design Download - EmbroideryDownload","isPartOf":{"@id":"https:\/\/embroiderydownload.com\/fr\/#website"},"primaryImageOfPage":{"@id":"https:\/\/embroiderydownload.com\/es\/productos\/mercedes-benz-logo-3-diseno-de-bordado-descargar\/#primaryimage"},"datePublished":"2021-10-27T17:01:59+00:00","dateModified":"2023-03-30T09:06:21+00:00","description":"Download Mercedes Benz Logo 3 Embroidery Design now and elevate your fashion game!","breadcrumb":{"@id":"https:\/\/embroiderydownload.com\/es\/productos\/mercedes-benz-logo-3-diseno-de-bordado-descargar\/#breadcrumb"},"inLanguage":"de-DE","potentialAction":[{"@type":"ReadAction","target":["https:\/\/embroiderydownload.com\/es\/productos\/mercedes-benz-logo-3-diseno-de-bordado-descargar\/"]}]},{"@type":"BreadcrumbList","@id":"https:\/\/embroiderydownload.com\/es\/productos\/mercedes-benz-logo-3-diseno-de-bordado-descargar\/#breadcrumb","itemListElement":[{"@type":"ListItem","position":1,"name":"Shop","item":"https:\/\/embroiderydownload.com\/it\/negozio-2\/"},{"@type":"ListItem","position":2,"name":"Mercedes Benz Logo 3 Embroidery Design Download"}]}]}},"_links":{"self":[{"href":"https:\/\/embroiderydownload.com\/de\/wp-json\/wp\/v2\/product\/93445"}],"collection":[{"href":"https:\/\/embroiderydownload.com\/de\/wp-json\/wp\/v2\/product"}],"about":[{"href":"https:\/\/embroiderydownload.com\/de\/wp-json\/wp\/v2\/types\/product"}],"version-history":[{"count":3,"href":"https:\/\/embroiderydownload.com\/de\/wp-json\/wp\/v2\/product\/93445\/revisions"}],"predecessor-version":[{"id":205395,"href":"https:\/\/embroiderydownload.com\/de\/wp-json\/wp\/v2\/product\/93445\/revisions\/205395"}],"wp:featuredmedia":[{"embeddable":true,"href":"https:\/\/embroiderydownload.com\/de\/wp-json\/wp\/v2\/media\/93446"}],"wp:attachment":[{"href":"https:\/\/embroiderydownload.com\/de\/wp-json\/wp\/v2\/media?parent=93445"}],"wp:term":[{"taxonomy":"product_cat","embeddable":true,"href":"https:\/\/embroiderydownload.com\/de\/wp-json\/wp\/v2\/product_cat?post=93445"},{"taxonomy":"product_tag","embeddable":true,"href":"https:\/\/embroiderydownload.com\/de\/wp-json\/wp\/v2\/product_tag?post=93445"}],"curies":[{"name":"wp","href":"https:\/\/api.w.org\/{rel}","templated":true}]}}