{"id":96627,"date":"2021-10-27T19:16:55","date_gmt":"2021-10-27T17:16:55","guid":{"rendered":"https:\/\/embroiderydownload.com\/product\/nvidia-logo-embroidery-design-download\/"},"modified":"2023-03-23T14:12:12","modified_gmt":"2023-03-23T13:12:12","slug":"nvidia-logo-embroidery-design-download","status":"publish","type":"product","link":"https:\/\/embroiderydownload.com\/de\/products\/nvidia-logo-stickmuster-fur-stickmaschinen-download\/","title":{"rendered":"Nvidia Logo Stickmuster F\u00fcr Stickmaschinen Download"},"content":{"rendered":"<p>&nbsp;<\/p>\n<p>Stickmuster F\u00fcr Stickmaschinen\u00a0<strong>Nvidea Logo<\/strong>\u00a0Marke - Sofortiger Digitaler Download<\/p>\n<p>&nbsp;<\/p>\n<p>\u2605 Gr\u00f6\u00dfe: 4,00 \u00d7 3,38 inch - 101,50 \u00d7 85,90 mm - Stiche: 16650<\/p>\n<p>&nbsp;<\/p>\n<p>\u2605 Formate, die beim Kauf in einer ZIP-Datei enthalten sein werden:<\/p>\n<p>&nbsp;<\/p>\n<ul>\n<li>Deco, Brother, Baby Lock:\u00a0<strong>PES<\/strong><\/li>\n<li>Husqvarna, Viking:\u00a0<strong>HUS, SEW<\/strong><\/li>\n<li>Janome, Elna, Kenmore:\u00a0<strong>JEF<\/strong><\/li>\n<li>Melco:\u00a0<strong>EXP<\/strong><\/li>\n<li>S\u00e4ngerin:<strong>\u00a0PCS<\/strong><\/li>\n<li>Compucon, Singer:\u00a0<strong>XXX<\/strong><\/li>\n<li>Tajima:\u00a0<strong>DST<\/strong><\/li>\n<li>Pfaff:<b>\u00a0VIP, VP3<\/b><\/li>\n<\/ul>\n<p>&nbsp;<\/p>\n<p>\u2605 Tolle Idee: Die gestickten Aufn\u00e4her.<br \/>\nWie Sie Ihre eigenen gestickten Aufn\u00e4her herstellen: https:\/\/youtu.be\/bHdeFWNVqmk<\/p>\n<p><strong style=\"line-height: 1.4;\"><\/strong><span style=\"line-height: 1.4;\">\u00a0<\/span><br \/>\n<span style=\"line-height: 1.4;\"><\/span><\/p>","protected":false},"excerpt":{"rendered":"<style>.elementor-204929 .elementor-element.elementor-element-95a9a0b{margin-top:0px;margin-bottom:0px;padding:0px 0px 0px 0px;overflow:visible;}.elementor-204929 .elementor-element.elementor-element-84e32b5 > .elementor-element-populated{margin:0px 0px 0px 0px;--e-column-margin-right:0px;--e-column-margin-left:0px;padding:0px 0px 0px 0px;}.elementor-204929 .elementor-element.elementor-element-4e302eb{text-align:left;}<\/style>\n<div class=\"porto-block elementor elementor-204929\" data-id=\"204929\">\n<section class=\"elementor-section elementor-top-section elementor-element elementor-element-95a9a0b elementor-section-full_width elementor-section-height-default elementor-section-height-default\" data-id=\"95a9a0b\" data-element_type=\"section\" data-settings=\"{&quot;ekit_has_onepagescroll_dot&quot;:&quot;yes&quot;}\">\n<div class=\"elementor-container elementor-column-gap-default\">\n<div class=\"elementor-column elementor-col-100 elementor-top-column elementor-element elementor-element-84e32b5\" data-id=\"84e32b5\" data-element_type=\"column\">\n<div class=\"elementor-widget-wrap elementor-element-populated\">\n<div class=\"elementor-element elementor-element-4e302eb elementor-widget elementor-widget-image\" data-id=\"4e302eb\" data-element_type=\"widget\" data-settings=\"{&quot;ekit_we_effect_on&quot;:&quot;none&quot;}\" data-widget_type=\"image.default\">\n<div class=\"elementor-widget-container\">\n<style>\/*! elementor - v3.12.1 - 02-04-2023 *\/\n.elementor-widget-image{text-align:center}.elementor-widget-image a{display:inline-block}.elementor-widget-image a img[src$=\".svg\"]{width:48px}.elementor-widget-image img{vertical-align:middle;display:inline-block}<\/style>\n<p>\t\t\t\t\t\t\t\t\t\t\t\t<img decoding=\"async\" width=\"300\" height=\"84\" src=\"https:\/\/embroiderydownload.com\/wp-content\/uploads\/2022\/11\/icons-values-eng.svg\" class=\"attachment-large size-large wp-image-204901\" alt=\"\" loading=\"lazy\" \/>\t\t\t\t\t\t\t\t\t\t\t\t\t\t\t<\/div>\n<\/p><\/div>\n<\/p><\/div>\n<\/p><\/div>\n<\/p><\/div>\n<\/section><\/div>","protected":false},"featured_media":96628,"template":"","meta":[],"product_cat":[],"product_tag":[1234,1094,372,1235,1236,1237],"yoast_head":"<!-- This site is optimized with the Yoast SEO plugin v17.5 - https:\/\/yoast.com\/wordpress\/plugins\/seo\/ -->\n<title>Nvidia Logo Embroidery Design Download - EmbroideryDownload<\/title>\n<meta name=\"description\" content=\"Download Nvidia logo embroidery design for your next project and elevate your brand&#039;s image.\" \/>\n<meta name=\"robots\" content=\"index, follow, max-snippet:-1, max-image-preview:large, max-video-preview:-1\" \/>\n<link rel=\"canonical\" href=\"https:\/\/embroiderydownload.com\/de\/prodotti\/disegni-da-scaricare-gratis-per-macchina-da-ricamo-di-nvidia-da-scaricare\/\" \/>\n<meta property=\"og:locale\" content=\"de_DE\" \/>\n<meta property=\"og:type\" content=\"article\" \/>\n<meta property=\"og:title\" content=\"Nvidia Logo Embroidery Design Download - EmbroideryDownload\" \/>\n<meta property=\"og:description\" content=\"Download Nvidia logo embroidery design for your next project and elevate your brand&#039;s image.\" \/>\n<meta property=\"og:url\" content=\"https:\/\/embroiderydownload.com\/de\/prodotti\/disegni-da-scaricare-gratis-per-macchina-da-ricamo-di-nvidia-da-scaricare\/\" \/>\n<meta property=\"og:site_name\" content=\"EmbroideryDownload\" \/>\n<meta property=\"article:modified_time\" content=\"2023-03-23T13:12:12+00:00\" \/>\n<meta property=\"og:image\" content=\"https:\/\/embroiderydownload.com\/wp-content\/uploads\/2021\/10\/Embroidery-Design-Nvidia-1.jpg\" \/>\n\t<meta property=\"og:image:width\" content=\"800\" \/>\n\t<meta property=\"og:image:height\" content=\"800\" \/>\n<meta name=\"twitter:card\" content=\"summary_large_image\" \/>\n<meta name=\"twitter:label1\" content=\"Preis\" \/>\n\t<meta name=\"twitter:data1\" content=\"&euro;3.00 &euro;2.99\" \/>\n\t<meta name=\"twitter:label2\" content=\"Availability\" \/>\n\t<meta name=\"twitter:data2\" content=\"In stock\" \/>\n<script type=\"application\/ld+json\" class=\"yoast-schema-graph\">{\"@context\":\"https:\/\/schema.org\",\"@graph\":[{\"@type\":\"WebSite\",\"@id\":\"https:\/\/embroiderydownload.com\/fr\/#website\",\"url\":\"https:\/\/embroiderydownload.com\/fr\/\",\"name\":\"EmbroideryDownload\",\"description\":\"Embroidery Designs Instant Digital Download\",\"potentialAction\":[{\"@type\":\"SearchAction\",\"target\":{\"@type\":\"EntryPoint\",\"urlTemplate\":\"https:\/\/embroiderydownload.com\/fr\/?s={search_term_string}\"},\"query-input\":\"required name=search_term_string\"}],\"inLanguage\":\"de-DE\"},{\"@type\":\"ImageObject\",\"@id\":\"https:\/\/embroiderydownload.com\/it\/prodotti\/disegni-da-scaricare-gratis-per-macchina-da-ricamo-di-nvidia-da-scaricare\/#primaryimage\",\"inLanguage\":\"de-DE\",\"url\":\"https:\/\/embroiderydownload.com\/wp-content\/uploads\/2021\/10\/Embroidery-Design-Nvidia-1.jpg\",\"contentUrl\":\"https:\/\/embroiderydownload.com\/wp-content\/uploads\/2021\/10\/Embroidery-Design-Nvidia-1.jpg\",\"width\":800,\"height\":800},{\"@type\":\"WebPage\",\"@id\":\"https:\/\/embroiderydownload.com\/it\/prodotti\/disegni-da-scaricare-gratis-per-macchina-da-ricamo-di-nvidia-da-scaricare\/#webpage\",\"url\":\"https:\/\/embroiderydownload.com\/it\/prodotti\/disegni-da-scaricare-gratis-per-macchina-da-ricamo-di-nvidia-da-scaricare\/\",\"name\":\"Nvidia Logo Embroidery Design Download - EmbroideryDownload\",\"isPartOf\":{\"@id\":\"https:\/\/embroiderydownload.com\/fr\/#website\"},\"primaryImageOfPage\":{\"@id\":\"https:\/\/embroiderydownload.com\/it\/prodotti\/disegni-da-scaricare-gratis-per-macchina-da-ricamo-di-nvidia-da-scaricare\/#primaryimage\"},\"datePublished\":\"2021-10-27T17:16:55+00:00\",\"dateModified\":\"2023-03-23T13:12:12+00:00\",\"description\":\"Download Nvidia logo embroidery design for your next project and elevate your brand's image.\",\"breadcrumb\":{\"@id\":\"https:\/\/embroiderydownload.com\/it\/prodotti\/disegni-da-scaricare-gratis-per-macchina-da-ricamo-di-nvidia-da-scaricare\/#breadcrumb\"},\"inLanguage\":\"de-DE\",\"potentialAction\":[{\"@type\":\"ReadAction\",\"target\":[\"https:\/\/embroiderydownload.com\/it\/prodotti\/disegni-da-scaricare-gratis-per-macchina-da-ricamo-di-nvidia-da-scaricare\/\"]}]},{\"@type\":\"BreadcrumbList\",\"@id\":\"https:\/\/embroiderydownload.com\/it\/prodotti\/disegni-da-scaricare-gratis-per-macchina-da-ricamo-di-nvidia-da-scaricare\/#breadcrumb\",\"itemListElement\":[{\"@type\":\"ListItem\",\"position\":1,\"name\":\"Shop\",\"item\":\"https:\/\/embroiderydownload.com\/it\/negozio-2\/\"},{\"@type\":\"ListItem\",\"position\":2,\"name\":\"Nvidia Logo Embroidery Design Download\"}]}]}<\/script>\n<!-- \/ Yoast SEO plugin. -->","yoast_head_json":{"title":"Nvidia Logo Embroidery Design Download - EmbroideryDownload","description":"Download Nvidia logo embroidery design for your next project and elevate your brand's image.","robots":{"index":"index","follow":"follow","max-snippet":"max-snippet:-1","max-image-preview":"max-image-preview:large","max-video-preview":"max-video-preview:-1"},"canonical":"https:\/\/embroiderydownload.com\/de\/prodotti\/disegni-da-scaricare-gratis-per-macchina-da-ricamo-di-nvidia-da-scaricare\/","og_locale":"de_DE","og_type":"article","og_title":"Nvidia Logo Embroidery Design Download - EmbroideryDownload","og_description":"Download Nvidia logo embroidery design for your next project and elevate your brand's image.","og_url":"https:\/\/embroiderydownload.com\/de\/prodotti\/disegni-da-scaricare-gratis-per-macchina-da-ricamo-di-nvidia-da-scaricare\/","og_site_name":"EmbroideryDownload","article_modified_time":"2023-03-23T13:12:12+00:00","og_image":[{"width":800,"height":800,"url":"https:\/\/embroiderydownload.com\/wp-content\/uploads\/2021\/10\/Embroidery-Design-Nvidia-1.jpg","type":"image\/jpeg"}],"twitter_card":"summary_large_image","twitter_misc":{"Preis":"&euro;3.00 &euro;2.99","Availability":"In stock"},"schema":{"@context":"https:\/\/schema.org","@graph":[{"@type":"WebSite","@id":"https:\/\/embroiderydownload.com\/fr\/#website","url":"https:\/\/embroiderydownload.com\/fr\/","name":"EmbroideryDownload","description":"Embroidery Designs Instant Digital Download","potentialAction":[{"@type":"SearchAction","target":{"@type":"EntryPoint","urlTemplate":"https:\/\/embroiderydownload.com\/fr\/?s={search_term_string}"},"query-input":"required name=search_term_string"}],"inLanguage":"de-DE"},{"@type":"ImageObject","@id":"https:\/\/embroiderydownload.com\/it\/prodotti\/disegni-da-scaricare-gratis-per-macchina-da-ricamo-di-nvidia-da-scaricare\/#primaryimage","inLanguage":"de-DE","url":"https:\/\/embroiderydownload.com\/wp-content\/uploads\/2021\/10\/Embroidery-Design-Nvidia-1.jpg","contentUrl":"https:\/\/embroiderydownload.com\/wp-content\/uploads\/2021\/10\/Embroidery-Design-Nvidia-1.jpg","width":800,"height":800},{"@type":"WebPage","@id":"https:\/\/embroiderydownload.com\/it\/prodotti\/disegni-da-scaricare-gratis-per-macchina-da-ricamo-di-nvidia-da-scaricare\/#webpage","url":"https:\/\/embroiderydownload.com\/it\/prodotti\/disegni-da-scaricare-gratis-per-macchina-da-ricamo-di-nvidia-da-scaricare\/","name":"Nvidia Logo Embroidery Design Download - EmbroideryDownload","isPartOf":{"@id":"https:\/\/embroiderydownload.com\/fr\/#website"},"primaryImageOfPage":{"@id":"https:\/\/embroiderydownload.com\/it\/prodotti\/disegni-da-scaricare-gratis-per-macchina-da-ricamo-di-nvidia-da-scaricare\/#primaryimage"},"datePublished":"2021-10-27T17:16:55+00:00","dateModified":"2023-03-23T13:12:12+00:00","description":"Download Nvidia logo embroidery design for your next project and elevate your brand's image.","breadcrumb":{"@id":"https:\/\/embroiderydownload.com\/it\/prodotti\/disegni-da-scaricare-gratis-per-macchina-da-ricamo-di-nvidia-da-scaricare\/#breadcrumb"},"inLanguage":"de-DE","potentialAction":[{"@type":"ReadAction","target":["https:\/\/embroiderydownload.com\/it\/prodotti\/disegni-da-scaricare-gratis-per-macchina-da-ricamo-di-nvidia-da-scaricare\/"]}]},{"@type":"BreadcrumbList","@id":"https:\/\/embroiderydownload.com\/it\/prodotti\/disegni-da-scaricare-gratis-per-macchina-da-ricamo-di-nvidia-da-scaricare\/#breadcrumb","itemListElement":[{"@type":"ListItem","position":1,"name":"Shop","item":"https:\/\/embroiderydownload.com\/it\/negozio-2\/"},{"@type":"ListItem","position":2,"name":"Nvidia Logo Embroidery Design Download"}]}]}},"_links":{"self":[{"href":"https:\/\/embroiderydownload.com\/de\/wp-json\/wp\/v2\/product\/96627"}],"collection":[{"href":"https:\/\/embroiderydownload.com\/de\/wp-json\/wp\/v2\/product"}],"about":[{"href":"https:\/\/embroiderydownload.com\/de\/wp-json\/wp\/v2\/types\/product"}],"version-history":[{"count":0,"href":"https:\/\/embroiderydownload.com\/de\/wp-json\/wp\/v2\/product\/96627\/revisions"}],"wp:featuredmedia":[{"embeddable":true,"href":"https:\/\/embroiderydownload.com\/de\/wp-json\/wp\/v2\/media\/96628"}],"wp:attachment":[{"href":"https:\/\/embroiderydownload.com\/de\/wp-json\/wp\/v2\/media?parent=96627"}],"wp:term":[{"taxonomy":"product_cat","embeddable":true,"href":"https:\/\/embroiderydownload.com\/de\/wp-json\/wp\/v2\/product_cat?post=96627"},{"taxonomy":"product_tag","embeddable":true,"href":"https:\/\/embroiderydownload.com\/de\/wp-json\/wp\/v2\/product_tag?post=96627"}],"curies":[{"name":"wp","href":"https:\/\/api.w.org\/{rel}","templated":true}]}}