{"id":97111,"date":"2021-10-27T19:20:22","date_gmt":"2021-10-27T17:20:22","guid":{"rendered":"https:\/\/embroiderydownload.com\/product\/pack-5-nike-sneakers-embroidery-design-download\/"},"modified":"2023-03-23T14:12:09","modified_gmt":"2023-03-23T13:12:09","slug":"pack-5-nike-sneakers-embroidery-design-download","status":"publish","type":"product","link":"https:\/\/embroiderydownload.com\/de\/products\/pack-5-nike-sneakers-stickmuster-fur-stickmaschinen-download\/","title":{"rendered":"Pack 5 Nike Sneakers Stickmuster F\u00fcr Stickmaschinen Download"},"content":{"rendered":"<p>&nbsp;<\/p>\n<p>Stickmuster F\u00fcr Stickmaschinen <strong>Pack 5 Nike Turnschuhe<\/strong>\u00a0- Sofortiger Digitaler Download - Mehrere Formate f\u00fcr Stickmaschinen. Gepr\u00fcfte Stickmuster F\u00fcr Stickmaschinen in hoher Qualit\u00e4t.<\/p>\n<p>&nbsp;<\/p>\n<p><strong>1-\u00a0<a href=\"https:\/\/embroiderydownload.com\/de\/products\/nike-air-force-1-sneaker-stickmuster-fur-stickmaschinen-download\/\" target=\"_blank\" rel=\"noopener noreferrer\">Nike Air Force 1 Sneaker<\/a><\/strong><\/p>\n<p>\u2605 Gr\u00f6\u00dfe: 3,59 \u00d7 1,73 inch - 91,20 x 44,00 mm - Stiche: 10059<\/p>\n<p><strong>2-\u00a0<a href=\"https:\/\/embroiderydownload.com\/de\/products\/nike-air-max-1-sneaker-stickmuster-fur-stickmaschinen-download\/\" target=\"_blank\" rel=\"noopener noreferrer\">Nike Air Max 1 Sneaker<\/a><\/strong><\/p>\n<p>\u2605 Gr\u00f6\u00dfe 3,15 \u00d7 1,62 inch - 80,20 x 41,20 mm - Stiche: 8668<br data-mce-fragment=\"1\" \/>\u2605 Gr\u00f6\u00dfe 3,94 \u00d7 2,02 inch - 100,20 x 51,40 mm - Stiche: 11649<br data-mce-fragment=\"1\" \/>\u2605 Gr\u00f6\u00dfe 4,73 \u00d7 2,43 inch - 120,20 x 61,80 mm - Stiche: 15083<br data-mce-fragment=\"1\" \/>\u2605 Gr\u00f6\u00dfe 5,51 \u00d7 2,83 inch - 140,20 x 72,00 mm - Stiche: 18887<br data-mce-fragment=\"1\" \/>\u2605 Gr\u00f6\u00dfe 6,30 \u00d7 3,24 inch - 160,20 x 82,40 mm - Stiche: 23094<\/p>\n<p><strong>3-\u00a0<a href=\"https:\/\/embroiderydownload.com\/de\/products\/nike-air-jordan-1-sneaker-stickmuster-fur-stickmaschinen-download\/\" target=\"_blank\" rel=\"noopener noreferrer\">Nike Air Jordan 1 Sneaker<\/a><\/strong><\/p>\n<p>\u2605 Gr\u00f6\u00dfe 3,15 \u00d7 1,92 inch - 80,20 x 49,00 mm - Stiche: 8231<br data-mce-fragment=\"1\" \/>\u2605 Gr\u00f6\u00dfe 3,94 \u00d7 2,40 inch - 100,20 x 61,20 mm - Stiche: 11234<br data-mce-fragment=\"1\" \/>\u2605 Gr\u00f6\u00dfe 4,73 \u00d7 2,88 inch - 120,30 x 73,40 mm - Stiche: 14707<br data-mce-fragment=\"1\" \/>\u2605 Gr\u00f6\u00dfe 5,52 \u00d7 3,37 inch - 140,40 x 85,60 mm - Stiche: 18660<br data-mce-fragment=\"1\" \/>\u2605 Gr\u00f6\u00dfe 6,31 \u00d7 3,85 inch - 160,30 x 97,80 mm - Stiche: 23073<\/p>\n<p><strong>4-\u00a0<a href=\"https:\/\/embroiderydownload.com\/de\/products\/nike-air-jordan-1-sneaker-stickmuster-fur-stickmaschinen-download\/\" target=\"_blank\" rel=\"noopener noreferrer\">Nike Air Jordan 1 Sneaker<\/a><\/strong><\/p>\n<p>\u2605 Gr\u00f6\u00dfe 3,17 \u00d7 1,47 inch - 80,70 x 37,40 mm - Stiche: 8848<br data-mce-fragment=\"1\" \/>\u2605 Gr\u00f6\u00dfe 3,96 \u00d7 1,83 inch - 100,70 x 46,60 mm - Stiche: 11789<br data-mce-fragment=\"1\" \/>\u2605 Gr\u00f6\u00dfe 4,74 \u00d7 2,20 inch - 120,60 x 56,00 mm - Stiche: 15068<br data-mce-fragment=\"1\" \/>\u2605 Gr\u00f6\u00dfe 5,54 \u00d7 2,56 inch - 140,80 x 65,20 mm - Stiche: 18746<br data-mce-fragment=\"1\" \/>\u2605 Gr\u00f6\u00dfe 6,33 \u00d7 2,93 inch - 160,80 x 74,60 mm - Stiche: 22842<\/p>\n<p><strong>5-\u00a0<a href=\"https:\/\/embroiderydownload.com\/de\/products\/nike-air-jordan-1-low-sneaker-stickmuster-fur-stickmaschinen-download\/\" target=\"_blank\" rel=\"noopener noreferrer\">Nike Air Jordan 1 Niedrig Sneaker<\/a><\/strong><\/p>\n<p>\u2605 Gr\u00f6\u00dfe 3,15 \u00d7 1,45 inch - 80,20 x 37,00 mm - Stiche: 7913<br data-mce-fragment=\"1\" \/>\u2605 Gr\u00f6\u00dfe 3,94 \u00d7 1,82 inch - 100,20 x 46,40 mm - Stiche: 10602<br data-mce-fragment=\"1\" \/>\u2605 Gr\u00f6\u00dfe 4,73 \u00d7 2,18 inch - 120,20 x 55,60 mm - Stiche: 13733<br data-mce-fragment=\"1\" \/>\u2605 Gr\u00f6\u00dfe 5,51 \u00d7 2,55 inch - 140,20 x 64,80 mm - Stiche: 17233<br data-mce-fragment=\"1\" \/>\u2605 Gr\u00f6\u00dfe 6,30 \u00d7 2,91 inch - 160,20 x 74,00 mm - Stiche: 21105<\/p>\n<p>&nbsp;<\/p>\n<p>\u2605 Alle Urheberrechte und Warenzeichen der verwendeten Bilder und Figuren geh\u00f6ren ihren jeweiligen Eigent\u00fcmern und werden nicht verkauft. Dieser Artikel ist kein lizenziertes Produkt und ich erhebe keinen Anspruch auf das Eigentum an den verwendeten Figuren.<\/p>\n<p>&nbsp;<\/p>\n<p>\u2605 Dieses Design wurde getestet und gepr\u00fcft, um h\u00f6chste Qualit\u00e4t zu gew\u00e4hrleisten. Die Ergebnisse k\u00f6nnen je nach Stoff- und Vlieskombination variieren. Das Endergebnis kann von Ihrer Maschine, dem Stoff, der Garnqualit\u00e4t und der Spannung abh\u00e4ngen. \u00c4ndern Sie nicht die Gr\u00f6\u00dfe oder bearbeiten Sie die Datei nicht, da sonst die Qualit\u00e4t beeintr\u00e4chtigt werden k\u00f6nnte.<\/p>\n<div id=\"gtx-trans\" style=\"position: absolute; left: 18px; top: 544px;\">\n<div class=\"gtx-trans-icon\"><\/div>\n<\/div>","protected":false},"excerpt":{"rendered":"<style>.elementor-204929 .elementor-element.elementor-element-95a9a0b{margin-top:0px;margin-bottom:0px;padding:0px 0px 0px 0px;overflow:visible;}.elementor-204929 .elementor-element.elementor-element-84e32b5 > .elementor-element-populated{margin:0px 0px 0px 0px;--e-column-margin-right:0px;--e-column-margin-left:0px;padding:0px 0px 0px 0px;}.elementor-204929 .elementor-element.elementor-element-4e302eb{text-align:left;}<\/style>\n<div class=\"porto-block elementor elementor-204929\" data-id=\"204929\">\n<section class=\"elementor-section elementor-top-section elementor-element elementor-element-95a9a0b elementor-section-full_width elementor-section-height-default elementor-section-height-default\" data-id=\"95a9a0b\" data-element_type=\"section\" data-settings=\"{&quot;ekit_has_onepagescroll_dot&quot;:&quot;yes&quot;}\">\n<div class=\"elementor-container elementor-column-gap-default\">\n<div class=\"elementor-column elementor-col-100 elementor-top-column elementor-element elementor-element-84e32b5\" data-id=\"84e32b5\" data-element_type=\"column\">\n<div class=\"elementor-widget-wrap elementor-element-populated\">\n<div class=\"elementor-element elementor-element-4e302eb elementor-widget elementor-widget-image\" data-id=\"4e302eb\" data-element_type=\"widget\" data-settings=\"{&quot;ekit_we_effect_on&quot;:&quot;none&quot;}\" data-widget_type=\"image.default\">\n<div class=\"elementor-widget-container\">\n<style>\/*! elementor - v3.12.1 - 02-04-2023 *\/\n.elementor-widget-image{text-align:center}.elementor-widget-image a{display:inline-block}.elementor-widget-image a img[src$=\".svg\"]{width:48px}.elementor-widget-image img{vertical-align:middle;display:inline-block}<\/style>\n<p>\t\t\t\t\t\t\t\t\t\t\t\t<img decoding=\"async\" width=\"300\" height=\"84\" src=\"https:\/\/embroiderydownload.com\/wp-content\/uploads\/2022\/11\/icons-values-eng.svg\" class=\"attachment-large size-large wp-image-204901\" alt=\"\" loading=\"lazy\" \/>\t\t\t\t\t\t\t\t\t\t\t\t\t\t\t<\/div>\n<\/p><\/div>\n<\/p><\/div>\n<\/p><\/div>\n<\/p><\/div>\n<\/section><\/div>","protected":false},"featured_media":97112,"template":"","meta":[],"product_cat":[12079],"product_tag":[209,1194,252],"yoast_head":"<!-- This site is optimized with the Yoast SEO plugin v17.5 - https:\/\/yoast.com\/wordpress\/plugins\/seo\/ -->\n<title>Pack 5 Nike Sneakers Embroidery Design Download - EmbroideryDownload<\/title>\n<meta name=\"description\" content=\"Download 5 Nike Sneakers Embroidery Designs now and elevate your style game!\" \/>\n<meta name=\"robots\" content=\"index, follow, max-snippet:-1, max-image-preview:large, max-video-preview:-1\" \/>\n<link rel=\"canonical\" href=\"https:\/\/embroiderydownload.com\/de\/products\/pack-5-nike-sneakers-stickmuster-fur-stickmaschinen-download\/\" \/>\n<meta property=\"og:locale\" content=\"de_DE\" \/>\n<meta property=\"og:type\" content=\"article\" \/>\n<meta property=\"og:title\" content=\"Pack 5 Nike Sneakers Embroidery Design Download - EmbroideryDownload\" \/>\n<meta property=\"og:description\" content=\"Download 5 Nike Sneakers Embroidery Designs now and elevate your style game!\" \/>\n<meta property=\"og:url\" content=\"https:\/\/embroiderydownload.com\/de\/products\/pack-5-nike-sneakers-stickmuster-fur-stickmaschinen-download\/\" \/>\n<meta property=\"og:site_name\" content=\"EmbroideryDownload\" \/>\n<meta property=\"article:modified_time\" content=\"2023-03-23T13:12:09+00:00\" \/>\n<meta property=\"og:image\" content=\"https:\/\/embroiderydownload.com\/wp-content\/uploads\/2021\/10\/embroidery-design-logo_003792cc-85d5-4bb2-882e-a380cdef38c6-1.jpg\" \/>\n\t<meta property=\"og:image:width\" content=\"1312\" \/>\n\t<meta property=\"og:image:height\" content=\"1312\" \/>\n<meta name=\"twitter:card\" content=\"summary_large_image\" \/>\n<meta name=\"twitter:label1\" content=\"Preis\" \/>\n\t<meta name=\"twitter:data1\" content=\"&euro;4.99\" \/>\n\t<meta name=\"twitter:label2\" content=\"Availability\" \/>\n\t<meta name=\"twitter:data2\" content=\"In stock\" \/>\n<script type=\"application\/ld+json\" class=\"yoast-schema-graph\">{\"@context\":\"https:\/\/schema.org\",\"@graph\":[{\"@type\":\"WebSite\",\"@id\":\"https:\/\/embroiderydownload.com\/fr\/#website\",\"url\":\"https:\/\/embroiderydownload.com\/fr\/\",\"name\":\"EmbroideryDownload\",\"description\":\"Embroidery Designs Instant Digital Download\",\"potentialAction\":[{\"@type\":\"SearchAction\",\"target\":{\"@type\":\"EntryPoint\",\"urlTemplate\":\"https:\/\/embroiderydownload.com\/fr\/?s={search_term_string}\"},\"query-input\":\"required name=search_term_string\"}],\"inLanguage\":\"de-DE\"},{\"@type\":\"ImageObject\",\"@id\":\"https:\/\/embroiderydownload.com\/products\/pack-5-nike-sneakers-embroidery-design-download\/#primaryimage\",\"inLanguage\":\"de-DE\",\"url\":\"https:\/\/embroiderydownload.com\/wp-content\/uploads\/2021\/10\/embroidery-design-logo_003792cc-85d5-4bb2-882e-a380cdef38c6-1.jpg\",\"contentUrl\":\"https:\/\/embroiderydownload.com\/wp-content\/uploads\/2021\/10\/embroidery-design-logo_003792cc-85d5-4bb2-882e-a380cdef38c6-1.jpg\",\"width\":1312,\"height\":1312},{\"@type\":\"WebPage\",\"@id\":\"https:\/\/embroiderydownload.com\/products\/pack-5-nike-sneakers-embroidery-design-download\/#webpage\",\"url\":\"https:\/\/embroiderydownload.com\/products\/pack-5-nike-sneakers-embroidery-design-download\/\",\"name\":\"Pack 5 Nike Sneakers Embroidery Design Download - EmbroideryDownload\",\"isPartOf\":{\"@id\":\"https:\/\/embroiderydownload.com\/fr\/#website\"},\"primaryImageOfPage\":{\"@id\":\"https:\/\/embroiderydownload.com\/products\/pack-5-nike-sneakers-embroidery-design-download\/#primaryimage\"},\"datePublished\":\"2021-10-27T17:20:22+00:00\",\"dateModified\":\"2023-03-23T13:12:09+00:00\",\"description\":\"Download 5 Nike Sneakers Embroidery Designs now and elevate your style game!\",\"breadcrumb\":{\"@id\":\"https:\/\/embroiderydownload.com\/products\/pack-5-nike-sneakers-embroidery-design-download\/#breadcrumb\"},\"inLanguage\":\"de-DE\",\"potentialAction\":[{\"@type\":\"ReadAction\",\"target\":[\"https:\/\/embroiderydownload.com\/products\/pack-5-nike-sneakers-embroidery-design-download\/\"]}]},{\"@type\":\"BreadcrumbList\",\"@id\":\"https:\/\/embroiderydownload.com\/products\/pack-5-nike-sneakers-embroidery-design-download\/#breadcrumb\",\"itemListElement\":[{\"@type\":\"ListItem\",\"position\":1,\"name\":\"Shop\",\"item\":\"https:\/\/embroiderydownload.com\/it\/negozio-2\/\"},{\"@type\":\"ListItem\",\"position\":2,\"name\":\"Pack 5 Nike Sneakers Embroidery Design Download\"}]}]}<\/script>\n<!-- \/ Yoast SEO plugin. -->","yoast_head_json":{"title":"Pack 5 Nike Sneakers Embroidery Design Download - EmbroideryDownload","description":"Download 5 Nike Sneakers Embroidery Designs now and elevate your style game!","robots":{"index":"index","follow":"follow","max-snippet":"max-snippet:-1","max-image-preview":"max-image-preview:large","max-video-preview":"max-video-preview:-1"},"canonical":"https:\/\/embroiderydownload.com\/de\/products\/pack-5-nike-sneakers-stickmuster-fur-stickmaschinen-download\/","og_locale":"de_DE","og_type":"article","og_title":"Pack 5 Nike Sneakers Embroidery Design Download - EmbroideryDownload","og_description":"Download 5 Nike Sneakers Embroidery Designs now and elevate your style game!","og_url":"https:\/\/embroiderydownload.com\/de\/products\/pack-5-nike-sneakers-stickmuster-fur-stickmaschinen-download\/","og_site_name":"EmbroideryDownload","article_modified_time":"2023-03-23T13:12:09+00:00","og_image":[{"width":1312,"height":1312,"url":"https:\/\/embroiderydownload.com\/wp-content\/uploads\/2021\/10\/embroidery-design-logo_003792cc-85d5-4bb2-882e-a380cdef38c6-1.jpg","type":"image\/jpeg"}],"twitter_card":"summary_large_image","twitter_misc":{"Preis":"&euro;4.99","Availability":"In stock"},"schema":{"@context":"https:\/\/schema.org","@graph":[{"@type":"WebSite","@id":"https:\/\/embroiderydownload.com\/fr\/#website","url":"https:\/\/embroiderydownload.com\/fr\/","name":"EmbroideryDownload","description":"Embroidery Designs Instant Digital Download","potentialAction":[{"@type":"SearchAction","target":{"@type":"EntryPoint","urlTemplate":"https:\/\/embroiderydownload.com\/fr\/?s={search_term_string}"},"query-input":"required name=search_term_string"}],"inLanguage":"de-DE"},{"@type":"ImageObject","@id":"https:\/\/embroiderydownload.com\/products\/pack-5-nike-sneakers-embroidery-design-download\/#primaryimage","inLanguage":"de-DE","url":"https:\/\/embroiderydownload.com\/wp-content\/uploads\/2021\/10\/embroidery-design-logo_003792cc-85d5-4bb2-882e-a380cdef38c6-1.jpg","contentUrl":"https:\/\/embroiderydownload.com\/wp-content\/uploads\/2021\/10\/embroidery-design-logo_003792cc-85d5-4bb2-882e-a380cdef38c6-1.jpg","width":1312,"height":1312},{"@type":"WebPage","@id":"https:\/\/embroiderydownload.com\/products\/pack-5-nike-sneakers-embroidery-design-download\/#webpage","url":"https:\/\/embroiderydownload.com\/products\/pack-5-nike-sneakers-embroidery-design-download\/","name":"Pack 5 Nike Sneakers Embroidery Design Download - EmbroideryDownload","isPartOf":{"@id":"https:\/\/embroiderydownload.com\/fr\/#website"},"primaryImageOfPage":{"@id":"https:\/\/embroiderydownload.com\/products\/pack-5-nike-sneakers-embroidery-design-download\/#primaryimage"},"datePublished":"2021-10-27T17:20:22+00:00","dateModified":"2023-03-23T13:12:09+00:00","description":"Download 5 Nike Sneakers Embroidery Designs now and elevate your style game!","breadcrumb":{"@id":"https:\/\/embroiderydownload.com\/products\/pack-5-nike-sneakers-embroidery-design-download\/#breadcrumb"},"inLanguage":"de-DE","potentialAction":[{"@type":"ReadAction","target":["https:\/\/embroiderydownload.com\/products\/pack-5-nike-sneakers-embroidery-design-download\/"]}]},{"@type":"BreadcrumbList","@id":"https:\/\/embroiderydownload.com\/products\/pack-5-nike-sneakers-embroidery-design-download\/#breadcrumb","itemListElement":[{"@type":"ListItem","position":1,"name":"Shop","item":"https:\/\/embroiderydownload.com\/it\/negozio-2\/"},{"@type":"ListItem","position":2,"name":"Pack 5 Nike Sneakers Embroidery Design Download"}]}]}},"_links":{"self":[{"href":"https:\/\/embroiderydownload.com\/de\/wp-json\/wp\/v2\/product\/97111"}],"collection":[{"href":"https:\/\/embroiderydownload.com\/de\/wp-json\/wp\/v2\/product"}],"about":[{"href":"https:\/\/embroiderydownload.com\/de\/wp-json\/wp\/v2\/types\/product"}],"version-history":[{"count":3,"href":"https:\/\/embroiderydownload.com\/de\/wp-json\/wp\/v2\/product\/97111\/revisions"}],"predecessor-version":[{"id":201410,"href":"https:\/\/embroiderydownload.com\/de\/wp-json\/wp\/v2\/product\/97111\/revisions\/201410"}],"wp:featuredmedia":[{"embeddable":true,"href":"https:\/\/embroiderydownload.com\/de\/wp-json\/wp\/v2\/media\/97112"}],"wp:attachment":[{"href":"https:\/\/embroiderydownload.com\/de\/wp-json\/wp\/v2\/media?parent=97111"}],"wp:term":[{"taxonomy":"product_cat","embeddable":true,"href":"https:\/\/embroiderydownload.com\/de\/wp-json\/wp\/v2\/product_cat?post=97111"},{"taxonomy":"product_tag","embeddable":true,"href":"https:\/\/embroiderydownload.com\/de\/wp-json\/wp\/v2\/product_tag?post=97111"}],"curies":[{"name":"wp","href":"https:\/\/api.w.org\/{rel}","templated":true}]}}