{"id":97343,"date":"2021-10-27T19:20:22","date_gmt":"2021-10-27T17:20:22","guid":{"rendered":"https:\/\/embroiderydownload.com\/product\/paper-cuts-embroidery-font-set-download\/"},"modified":"2023-03-23T14:12:07","modified_gmt":"2023-03-23T13:12:07","slug":"paper-cuts-embroidery-font-set-download","status":"publish","type":"product","link":"https:\/\/embroiderydownload.com\/de\/products\/paper-cuts-embroidery-font-set-download\/","title":{"rendered":"Paper Cuts Embroidery Font Set Download"},"content":{"rendered":"<p>&nbsp;<\/p>\n<p><strong>Schriftart Paper Cuts<\/strong> Berufsstickerei <strong>Alphabet<\/strong> Sofortiger Digitaler Download. Hochwertiges Stickmaschinendesign.<\/p>\n<p>&nbsp;<\/p>\n<p><strong>Bei den Buchstaben handelt es sich um einzelne Stichdateien, daher ben\u00f6tigen Sie eine Stickereibearbeitungssoftware, um Ihre Buchstaben zu W\u00f6rtern, Namen und Monogrammen zusammenzuf\u00fcgen. Die Ma\u00dfe sind ungef\u00e4hre Angaben, da einige Buchstaben in der Gr\u00f6\u00dfe variieren.\u00a0<\/strong><\/p>\n<p>\u2605 Gr\u00f6\u00dfe 0,50 \u00d7 0,77 inch - 12,80 x 19,60 mm - Stiche: 326<br \/>\n\u2605 Gr\u00f6\u00dfe 1,00 \u00d7 1,53 inch - 25,40 x 38,90 mm - Stiche: 984<br \/>\n\u2605 Gr\u00f6\u00dfe 1,48 \u00d7 1,09 inch - 37,80 x 27,80 mm - Stiche: 1989<br \/>\n\u2605 Gr\u00f6\u00dfe 1,93 \u00d7 3,01 inch - 49,10 x 76,60 mm - Stiche: 3702<\/p>\n<p>\u2605 Formate, die beim Kauf in einer ZIP-Datei enthalten sind<\/p>\n<ul>\n<li>Deco, Brother, Baby Lock:\u00a0<strong>PES<\/strong><\/li>\n<li>Husqvarna, Viking:\u00a0<strong>HUS, SEW<\/strong><\/li>\n<li>Janome, Elna, Kenmore:\u00a0<strong>JEF<\/strong><\/li>\n<li>Melco:\u00a0<strong>EXP<\/strong><\/li>\n<li>Compucon, Singer:\u00a0<strong>XXX<\/strong><\/li>\n<li>Tajima:\u00a0<strong>DST<\/strong><\/li>\n<li>Pfaff:<b>\u00a0VIP, VP3<\/b><\/li>\n<\/ul>\n<p><strong><\/strong><\/p>\n<div id=\"gtx-trans\" style=\"position: absolute; left: -10px; top: 123px;\">\n<div class=\"gtx-trans-icon\"><\/div>\n<\/div>","protected":false},"excerpt":{"rendered":"<style>.elementor-204929 .elementor-element.elementor-element-95a9a0b{margin-top:0px;margin-bottom:0px;padding:0px 0px 0px 0px;overflow:visible;}.elementor-204929 .elementor-element.elementor-element-84e32b5 > .elementor-element-populated{margin:0px 0px 0px 0px;--e-column-margin-right:0px;--e-column-margin-left:0px;padding:0px 0px 0px 0px;}.elementor-204929 .elementor-element.elementor-element-4e302eb{text-align:left;}<\/style>\n<div class=\"porto-block elementor elementor-204929\" data-id=\"204929\">\n<section class=\"elementor-section elementor-top-section elementor-element elementor-element-95a9a0b elementor-section-full_width elementor-section-height-default elementor-section-height-default\" data-id=\"95a9a0b\" data-element_type=\"section\" data-settings=\"{&quot;ekit_has_onepagescroll_dot&quot;:&quot;yes&quot;}\">\n<div class=\"elementor-container elementor-column-gap-default\">\n<div class=\"elementor-column elementor-col-100 elementor-top-column elementor-element elementor-element-84e32b5\" data-id=\"84e32b5\" data-element_type=\"column\">\n<div class=\"elementor-widget-wrap elementor-element-populated\">\n<div class=\"elementor-element elementor-element-4e302eb elementor-widget elementor-widget-image\" data-id=\"4e302eb\" data-element_type=\"widget\" data-settings=\"{&quot;ekit_we_effect_on&quot;:&quot;none&quot;}\" data-widget_type=\"image.default\">\n<div class=\"elementor-widget-container\">\n<style>\/*! elementor - v3.12.1 - 02-04-2023 *\/\n.elementor-widget-image{text-align:center}.elementor-widget-image a{display:inline-block}.elementor-widget-image a img[src$=\".svg\"]{width:48px}.elementor-widget-image img{vertical-align:middle;display:inline-block}<\/style>\n<p>\t\t\t\t\t\t\t\t\t\t\t\t<img decoding=\"async\" width=\"300\" height=\"84\" src=\"https:\/\/embroiderydownload.com\/wp-content\/uploads\/2022\/11\/icons-values-eng.svg\" class=\"attachment-large size-large wp-image-204901\" alt=\"\" loading=\"lazy\" \/>\t\t\t\t\t\t\t\t\t\t\t\t\t\t\t<\/div>\n<\/p><\/div>\n<\/p><\/div>\n<\/p><\/div>\n<\/p><\/div>\n<\/section><\/div>","protected":false},"featured_media":97344,"template":"","meta":[],"product_cat":[12196],"product_tag":[26,139,1295],"yoast_head":"<!-- This site is optimized with the Yoast SEO plugin v17.5 - https:\/\/yoast.com\/wordpress\/plugins\/seo\/ -->\n<title>Paper Cuts Embroidery Font Set Download - EmbroideryDownload<\/title>\n<meta name=\"description\" content=\"Download the Paper Cuts Embroidery Font Set for stunning designs and precise cuts. Perfect for your next project!\" \/>\n<meta name=\"robots\" content=\"index, follow, max-snippet:-1, max-image-preview:large, max-video-preview:-1\" \/>\n<link rel=\"canonical\" href=\"https:\/\/embroiderydownload.com\/de\/productos\/paper-cuts-embroidery-font-set-descargar\/\" \/>\n<meta property=\"og:locale\" content=\"de_DE\" \/>\n<meta property=\"og:type\" content=\"article\" \/>\n<meta property=\"og:title\" content=\"Paper Cuts Embroidery Font Set Download - EmbroideryDownload\" \/>\n<meta property=\"og:description\" content=\"Download the Paper Cuts Embroidery Font Set for stunning designs and precise cuts. Perfect for your next project!\" \/>\n<meta property=\"og:url\" content=\"https:\/\/embroiderydownload.com\/de\/productos\/paper-cuts-embroidery-font-set-descargar\/\" \/>\n<meta property=\"og:site_name\" content=\"EmbroideryDownload\" \/>\n<meta property=\"article:modified_time\" content=\"2023-03-23T13:12:07+00:00\" \/>\n<meta property=\"og:image\" content=\"https:\/\/embroiderydownload.com\/wp-content\/uploads\/2021\/10\/embroidery-design-logo_b60d3ec2-54c9-4f2b-903f-b8d9cc3105b1-1.jpg\" \/>\n\t<meta property=\"og:image:width\" content=\"1312\" \/>\n\t<meta property=\"og:image:height\" content=\"1312\" \/>\n<meta name=\"twitter:card\" content=\"summary_large_image\" \/>\n<meta name=\"twitter:label1\" content=\"Preis\" \/>\n\t<meta name=\"twitter:data1\" content=\"&euro;2.99\" \/>\n\t<meta name=\"twitter:label2\" content=\"Availability\" \/>\n\t<meta name=\"twitter:data2\" content=\"In stock\" \/>\n<script type=\"application\/ld+json\" class=\"yoast-schema-graph\">{\"@context\":\"https:\/\/schema.org\",\"@graph\":[{\"@type\":\"WebSite\",\"@id\":\"https:\/\/embroiderydownload.com\/fr\/#website\",\"url\":\"https:\/\/embroiderydownload.com\/fr\/\",\"name\":\"EmbroideryDownload\",\"description\":\"Embroidery Designs Instant Digital Download\",\"potentialAction\":[{\"@type\":\"SearchAction\",\"target\":{\"@type\":\"EntryPoint\",\"urlTemplate\":\"https:\/\/embroiderydownload.com\/fr\/?s={search_term_string}\"},\"query-input\":\"required name=search_term_string\"}],\"inLanguage\":\"de-DE\"},{\"@type\":\"ImageObject\",\"@id\":\"https:\/\/embroiderydownload.com\/es\/productos\/paper-cuts-embroidery-font-set-descargar\/#primaryimage\",\"inLanguage\":\"de-DE\",\"url\":\"https:\/\/embroiderydownload.com\/wp-content\/uploads\/2021\/10\/embroidery-design-logo_b60d3ec2-54c9-4f2b-903f-b8d9cc3105b1-1.jpg\",\"contentUrl\":\"https:\/\/embroiderydownload.com\/wp-content\/uploads\/2021\/10\/embroidery-design-logo_b60d3ec2-54c9-4f2b-903f-b8d9cc3105b1-1.jpg\",\"width\":1312,\"height\":1312},{\"@type\":\"WebPage\",\"@id\":\"https:\/\/embroiderydownload.com\/es\/productos\/paper-cuts-embroidery-font-set-descargar\/#webpage\",\"url\":\"https:\/\/embroiderydownload.com\/es\/productos\/paper-cuts-embroidery-font-set-descargar\/\",\"name\":\"Paper Cuts Embroidery Font Set Download - EmbroideryDownload\",\"isPartOf\":{\"@id\":\"https:\/\/embroiderydownload.com\/fr\/#website\"},\"primaryImageOfPage\":{\"@id\":\"https:\/\/embroiderydownload.com\/es\/productos\/paper-cuts-embroidery-font-set-descargar\/#primaryimage\"},\"datePublished\":\"2021-10-27T17:20:22+00:00\",\"dateModified\":\"2023-03-23T13:12:07+00:00\",\"description\":\"Download the Paper Cuts Embroidery Font Set for stunning designs and precise cuts. Perfect for your next project!\",\"breadcrumb\":{\"@id\":\"https:\/\/embroiderydownload.com\/es\/productos\/paper-cuts-embroidery-font-set-descargar\/#breadcrumb\"},\"inLanguage\":\"de-DE\",\"potentialAction\":[{\"@type\":\"ReadAction\",\"target\":[\"https:\/\/embroiderydownload.com\/es\/productos\/paper-cuts-embroidery-font-set-descargar\/\"]}]},{\"@type\":\"BreadcrumbList\",\"@id\":\"https:\/\/embroiderydownload.com\/es\/productos\/paper-cuts-embroidery-font-set-descargar\/#breadcrumb\",\"itemListElement\":[{\"@type\":\"ListItem\",\"position\":1,\"name\":\"Shop\",\"item\":\"https:\/\/embroiderydownload.com\/it\/negozio-2\/\"},{\"@type\":\"ListItem\",\"position\":2,\"name\":\"Paper Cuts Embroidery Font Set Download\"}]}]}<\/script>\n<!-- \/ Yoast SEO plugin. -->","yoast_head_json":{"title":"Paper Cuts Embroidery Font Set Download - EmbroideryDownload","description":"Download the Paper Cuts Embroidery Font Set for stunning designs and precise cuts. Perfect for your next project!","robots":{"index":"index","follow":"follow","max-snippet":"max-snippet:-1","max-image-preview":"max-image-preview:large","max-video-preview":"max-video-preview:-1"},"canonical":"https:\/\/embroiderydownload.com\/de\/productos\/paper-cuts-embroidery-font-set-descargar\/","og_locale":"de_DE","og_type":"article","og_title":"Paper Cuts Embroidery Font Set Download - EmbroideryDownload","og_description":"Download the Paper Cuts Embroidery Font Set for stunning designs and precise cuts. Perfect for your next project!","og_url":"https:\/\/embroiderydownload.com\/de\/productos\/paper-cuts-embroidery-font-set-descargar\/","og_site_name":"EmbroideryDownload","article_modified_time":"2023-03-23T13:12:07+00:00","og_image":[{"width":1312,"height":1312,"url":"https:\/\/embroiderydownload.com\/wp-content\/uploads\/2021\/10\/embroidery-design-logo_b60d3ec2-54c9-4f2b-903f-b8d9cc3105b1-1.jpg","type":"image\/jpeg"}],"twitter_card":"summary_large_image","twitter_misc":{"Preis":"&euro;2.99","Availability":"In stock"},"schema":{"@context":"https:\/\/schema.org","@graph":[{"@type":"WebSite","@id":"https:\/\/embroiderydownload.com\/fr\/#website","url":"https:\/\/embroiderydownload.com\/fr\/","name":"EmbroideryDownload","description":"Embroidery Designs Instant Digital Download","potentialAction":[{"@type":"SearchAction","target":{"@type":"EntryPoint","urlTemplate":"https:\/\/embroiderydownload.com\/fr\/?s={search_term_string}"},"query-input":"required name=search_term_string"}],"inLanguage":"de-DE"},{"@type":"ImageObject","@id":"https:\/\/embroiderydownload.com\/es\/productos\/paper-cuts-embroidery-font-set-descargar\/#primaryimage","inLanguage":"de-DE","url":"https:\/\/embroiderydownload.com\/wp-content\/uploads\/2021\/10\/embroidery-design-logo_b60d3ec2-54c9-4f2b-903f-b8d9cc3105b1-1.jpg","contentUrl":"https:\/\/embroiderydownload.com\/wp-content\/uploads\/2021\/10\/embroidery-design-logo_b60d3ec2-54c9-4f2b-903f-b8d9cc3105b1-1.jpg","width":1312,"height":1312},{"@type":"WebPage","@id":"https:\/\/embroiderydownload.com\/es\/productos\/paper-cuts-embroidery-font-set-descargar\/#webpage","url":"https:\/\/embroiderydownload.com\/es\/productos\/paper-cuts-embroidery-font-set-descargar\/","name":"Paper Cuts Embroidery Font Set Download - EmbroideryDownload","isPartOf":{"@id":"https:\/\/embroiderydownload.com\/fr\/#website"},"primaryImageOfPage":{"@id":"https:\/\/embroiderydownload.com\/es\/productos\/paper-cuts-embroidery-font-set-descargar\/#primaryimage"},"datePublished":"2021-10-27T17:20:22+00:00","dateModified":"2023-03-23T13:12:07+00:00","description":"Download the Paper Cuts Embroidery Font Set for stunning designs and precise cuts. Perfect for your next project!","breadcrumb":{"@id":"https:\/\/embroiderydownload.com\/es\/productos\/paper-cuts-embroidery-font-set-descargar\/#breadcrumb"},"inLanguage":"de-DE","potentialAction":[{"@type":"ReadAction","target":["https:\/\/embroiderydownload.com\/es\/productos\/paper-cuts-embroidery-font-set-descargar\/"]}]},{"@type":"BreadcrumbList","@id":"https:\/\/embroiderydownload.com\/es\/productos\/paper-cuts-embroidery-font-set-descargar\/#breadcrumb","itemListElement":[{"@type":"ListItem","position":1,"name":"Shop","item":"https:\/\/embroiderydownload.com\/it\/negozio-2\/"},{"@type":"ListItem","position":2,"name":"Paper Cuts Embroidery Font Set Download"}]}]}},"_links":{"self":[{"href":"https:\/\/embroiderydownload.com\/de\/wp-json\/wp\/v2\/product\/97343"}],"collection":[{"href":"https:\/\/embroiderydownload.com\/de\/wp-json\/wp\/v2\/product"}],"about":[{"href":"https:\/\/embroiderydownload.com\/de\/wp-json\/wp\/v2\/types\/product"}],"version-history":[{"count":1,"href":"https:\/\/embroiderydownload.com\/de\/wp-json\/wp\/v2\/product\/97343\/revisions"}],"predecessor-version":[{"id":199428,"href":"https:\/\/embroiderydownload.com\/de\/wp-json\/wp\/v2\/product\/97343\/revisions\/199428"}],"wp:featuredmedia":[{"embeddable":true,"href":"https:\/\/embroiderydownload.com\/de\/wp-json\/wp\/v2\/media\/97344"}],"wp:attachment":[{"href":"https:\/\/embroiderydownload.com\/de\/wp-json\/wp\/v2\/media?parent=97343"}],"wp:term":[{"taxonomy":"product_cat","embeddable":true,"href":"https:\/\/embroiderydownload.com\/de\/wp-json\/wp\/v2\/product_cat?post=97343"},{"taxonomy":"product_tag","embeddable":true,"href":"https:\/\/embroiderydownload.com\/de\/wp-json\/wp\/v2\/product_tag?post=97343"}],"curies":[{"name":"wp","href":"https:\/\/api.w.org\/{rel}","templated":true}]}}