{"id":97583,"date":"2021-10-27T19:22:11","date_gmt":"2021-10-27T17:22:11","guid":{"rendered":"https:\/\/embroiderydownload.com\/product\/paw-patrol-logo-embroidery-design-download\/"},"modified":"2023-03-23T14:12:05","modified_gmt":"2023-03-23T13:12:05","slug":"paw-patrol-logo-embroidery-design-download","status":"publish","type":"product","link":"https:\/\/embroiderydownload.com\/de\/products\/paw-patrol-logo-stickmuster-fur-stickmaschinen-download\/","title":{"rendered":"Paw Patrol Logo Stickmuster F\u00fcr Stickmaschinen Download"},"content":{"rendered":"<p><strong>Paw Patrol Nickelodeon<\/strong> Abzeichen - Stickmuster f\u00fcr Kinder Cartoon - 4 Gr\u00f6\u00dfen - Sofortiger digitaler download<\/p>\n<p>a) Gr\u00f6\u00dfe: 3,9 \u00d7 3,35 Zoll - 99 \u00d7 85 mm - Stiche: 21683<br \/>\nb) Gr\u00f6\u00dfe: 4,33 \u00d7 3,74 Zoll - 110 \u00d7 95 mm - Stiche: 25116<br \/>\nc) Gr\u00f6\u00dfe: 4,76 \u00d7 4,09 Zoll - 121 \u00d7 104 mm - Stiche: 28641<br \/>\nd) Gr\u00f6\u00dfe: 5,51 \u00d7 4,76 Zoll - 140 \u00d7 121 mm - Stiche: 35805<\/p>\n<p>Formate, die beim Kauf in einer ZIP-Datei enthalten sind<\/p>\n<p>a) Wilcom: ESL, ESS<br \/>\nb) Hiraoka: DAT<br \/>\nc) Bernina: ART (Version 2 &amp; 3)<br \/>\nd) Deco, Brother, Baby Lock: PEC<br \/>\ne) Husqvarna, Viking: HUS<br \/>\nf) Janome, Elna, Kenmore: JEF, SEW<br \/>\ng) Saurer SLC: SAS<br \/>\nh) Pfaff: KSM<br \/>\ni) Melco: EXP, CND<br \/>\nj) Compucon: XXX<br \/>\nk) Stickmuster f\u00fcr stickmaschinen: EMB<br \/>\nl) Tajima: DST<br \/>\no) Barudan: DSB<\/p>\n<p>AUFGRUND DER DIGITALEN NATUR DIESES PRODUKTS SIND ALLE VERK\u00c4UFE ENDG\u00dcLTIG.<\/p>\n<p>STICKMUSTER F\u00dcR STICKMASCHINEN SIND KEINE PATCHES... Sie ben\u00f6tigen eine Stickmaschine, Hardware und Software, um die Dateien auf Ihre Stickmaschine zu \u00fcbertragen.<\/p>\n<div id=\"gtx-trans\" style=\"position: absolute; left: 132px; top: 26px;\">\n<div class=\"gtx-trans-icon\"><\/div>\n<\/div>","protected":false},"excerpt":{"rendered":"<style>.elementor-204929 .elementor-element.elementor-element-95a9a0b{margin-top:0px;margin-bottom:0px;padding:0px 0px 0px 0px;overflow:visible;}.elementor-204929 .elementor-element.elementor-element-84e32b5 > .elementor-element-populated{margin:0px 0px 0px 0px;--e-column-margin-right:0px;--e-column-margin-left:0px;padding:0px 0px 0px 0px;}.elementor-204929 .elementor-element.elementor-element-4e302eb{text-align:left;}<\/style>\n<div class=\"porto-block elementor elementor-204929\" data-id=\"204929\">\n<section class=\"elementor-section elementor-top-section elementor-element elementor-element-95a9a0b elementor-section-full_width elementor-section-height-default elementor-section-height-default\" data-id=\"95a9a0b\" data-element_type=\"section\" data-settings=\"{&quot;ekit_has_onepagescroll_dot&quot;:&quot;yes&quot;}\">\n<div class=\"elementor-container elementor-column-gap-default\">\n<div class=\"elementor-column elementor-col-100 elementor-top-column elementor-element elementor-element-84e32b5\" data-id=\"84e32b5\" data-element_type=\"column\">\n<div class=\"elementor-widget-wrap elementor-element-populated\">\n<div class=\"elementor-element elementor-element-4e302eb elementor-widget elementor-widget-image\" data-id=\"4e302eb\" data-element_type=\"widget\" data-settings=\"{&quot;ekit_we_effect_on&quot;:&quot;none&quot;}\" data-widget_type=\"image.default\">\n<div class=\"elementor-widget-container\">\n<style>\/*! elementor - v3.12.1 - 02-04-2023 *\/\n.elementor-widget-image{text-align:center}.elementor-widget-image a{display:inline-block}.elementor-widget-image a img[src$=\".svg\"]{width:48px}.elementor-widget-image img{vertical-align:middle;display:inline-block}<\/style>\n<p>\t\t\t\t\t\t\t\t\t\t\t\t<img decoding=\"async\" width=\"300\" height=\"84\" src=\"https:\/\/embroiderydownload.com\/wp-content\/uploads\/2022\/11\/icons-values-eng.svg\" class=\"attachment-large size-large wp-image-204901\" alt=\"\" loading=\"lazy\" \/>\t\t\t\t\t\t\t\t\t\t\t\t\t\t\t<\/div>\n<\/p><\/div>\n<\/p><\/div>\n<\/p><\/div>\n<\/p><\/div>\n<\/section><\/div>","protected":false},"featured_media":97584,"template":"","meta":[],"product_cat":[12170],"product_tag":[38,1304,1305,1302],"yoast_head":"<!-- This site is optimized with the Yoast SEO plugin v17.5 - https:\/\/yoast.com\/wordpress\/plugins\/seo\/ -->\n<title>Paw Patrol Logo Embroidery Design Download - EmbroideryDownload<\/title>\n<meta name=\"description\" content=\"Download Paw Patrol Logo Embroidery Design now and add a fun touch to your projects!\" \/>\n<meta name=\"robots\" content=\"index, follow, max-snippet:-1, max-image-preview:large, max-video-preview:-1\" \/>\n<link rel=\"canonical\" href=\"https:\/\/embroiderydownload.com\/de\/prodotti\/disegni-da-scaricare-gratis-per-macchina-da-ricamo-da-scaricare-2\/\" \/>\n<meta property=\"og:locale\" content=\"de_DE\" \/>\n<meta property=\"og:type\" content=\"article\" \/>\n<meta property=\"og:title\" content=\"Paw Patrol Logo Embroidery Design Download - EmbroideryDownload\" \/>\n<meta property=\"og:description\" content=\"Download Paw Patrol Logo Embroidery Design now and add a fun touch to your projects!\" \/>\n<meta property=\"og:url\" content=\"https:\/\/embroiderydownload.com\/de\/prodotti\/disegni-da-scaricare-gratis-per-macchina-da-ricamo-da-scaricare-2\/\" \/>\n<meta property=\"og:site_name\" content=\"EmbroideryDownload\" \/>\n<meta property=\"article:modified_time\" content=\"2023-03-23T13:12:05+00:00\" \/>\n<meta property=\"og:image\" content=\"https:\/\/embroiderydownload.com\/wp-content\/uploads\/2021\/10\/paw-patrol-1.jpg\" \/>\n\t<meta property=\"og:image:width\" content=\"1000\" \/>\n\t<meta property=\"og:image:height\" content=\"866\" \/>\n<meta name=\"twitter:card\" content=\"summary_large_image\" \/>\n<meta name=\"twitter:label1\" content=\"Preis\" \/>\n\t<meta name=\"twitter:data1\" content=\"&euro;4.49\" \/>\n\t<meta name=\"twitter:label2\" content=\"Availability\" \/>\n\t<meta name=\"twitter:data2\" content=\"In stock\" \/>\n<script type=\"application\/ld+json\" class=\"yoast-schema-graph\">{\"@context\":\"https:\/\/schema.org\",\"@graph\":[{\"@type\":\"WebSite\",\"@id\":\"https:\/\/embroiderydownload.com\/fr\/#website\",\"url\":\"https:\/\/embroiderydownload.com\/fr\/\",\"name\":\"EmbroideryDownload\",\"description\":\"Embroidery Designs Instant Digital Download\",\"potentialAction\":[{\"@type\":\"SearchAction\",\"target\":{\"@type\":\"EntryPoint\",\"urlTemplate\":\"https:\/\/embroiderydownload.com\/fr\/?s={search_term_string}\"},\"query-input\":\"required name=search_term_string\"}],\"inLanguage\":\"de-DE\"},{\"@type\":\"ImageObject\",\"@id\":\"https:\/\/embroiderydownload.com\/it\/prodotti\/disegni-da-scaricare-gratis-per-macchina-da-ricamo-da-scaricare-2\/#primaryimage\",\"inLanguage\":\"de-DE\",\"url\":\"https:\/\/embroiderydownload.com\/wp-content\/uploads\/2021\/10\/paw-patrol-1.jpg\",\"contentUrl\":\"https:\/\/embroiderydownload.com\/wp-content\/uploads\/2021\/10\/paw-patrol-1.jpg\",\"width\":1000,\"height\":866},{\"@type\":\"WebPage\",\"@id\":\"https:\/\/embroiderydownload.com\/it\/prodotti\/disegni-da-scaricare-gratis-per-macchina-da-ricamo-da-scaricare-2\/#webpage\",\"url\":\"https:\/\/embroiderydownload.com\/it\/prodotti\/disegni-da-scaricare-gratis-per-macchina-da-ricamo-da-scaricare-2\/\",\"name\":\"Paw Patrol Logo Embroidery Design Download - EmbroideryDownload\",\"isPartOf\":{\"@id\":\"https:\/\/embroiderydownload.com\/fr\/#website\"},\"primaryImageOfPage\":{\"@id\":\"https:\/\/embroiderydownload.com\/it\/prodotti\/disegni-da-scaricare-gratis-per-macchina-da-ricamo-da-scaricare-2\/#primaryimage\"},\"datePublished\":\"2021-10-27T17:22:11+00:00\",\"dateModified\":\"2023-03-23T13:12:05+00:00\",\"description\":\"Download Paw Patrol Logo Embroidery Design now and add a fun touch to your projects!\",\"breadcrumb\":{\"@id\":\"https:\/\/embroiderydownload.com\/it\/prodotti\/disegni-da-scaricare-gratis-per-macchina-da-ricamo-da-scaricare-2\/#breadcrumb\"},\"inLanguage\":\"de-DE\",\"potentialAction\":[{\"@type\":\"ReadAction\",\"target\":[\"https:\/\/embroiderydownload.com\/it\/prodotti\/disegni-da-scaricare-gratis-per-macchina-da-ricamo-da-scaricare-2\/\"]}]},{\"@type\":\"BreadcrumbList\",\"@id\":\"https:\/\/embroiderydownload.com\/it\/prodotti\/disegni-da-scaricare-gratis-per-macchina-da-ricamo-da-scaricare-2\/#breadcrumb\",\"itemListElement\":[{\"@type\":\"ListItem\",\"position\":1,\"name\":\"Shop\",\"item\":\"https:\/\/embroiderydownload.com\/it\/negozio-2\/\"},{\"@type\":\"ListItem\",\"position\":2,\"name\":\"Paw Patrol Logo Embroidery Design Download\"}]}]}<\/script>\n<!-- \/ Yoast SEO plugin. -->","yoast_head_json":{"title":"Paw Patrol Logo Embroidery Design Download - EmbroideryDownload","description":"Download Paw Patrol Logo Embroidery Design now and add a fun touch to your projects!","robots":{"index":"index","follow":"follow","max-snippet":"max-snippet:-1","max-image-preview":"max-image-preview:large","max-video-preview":"max-video-preview:-1"},"canonical":"https:\/\/embroiderydownload.com\/de\/prodotti\/disegni-da-scaricare-gratis-per-macchina-da-ricamo-da-scaricare-2\/","og_locale":"de_DE","og_type":"article","og_title":"Paw Patrol Logo Embroidery Design Download - EmbroideryDownload","og_description":"Download Paw Patrol Logo Embroidery Design now and add a fun touch to your projects!","og_url":"https:\/\/embroiderydownload.com\/de\/prodotti\/disegni-da-scaricare-gratis-per-macchina-da-ricamo-da-scaricare-2\/","og_site_name":"EmbroideryDownload","article_modified_time":"2023-03-23T13:12:05+00:00","og_image":[{"width":1000,"height":866,"url":"https:\/\/embroiderydownload.com\/wp-content\/uploads\/2021\/10\/paw-patrol-1.jpg","type":"image\/jpeg"}],"twitter_card":"summary_large_image","twitter_misc":{"Preis":"&euro;4.49","Availability":"In stock"},"schema":{"@context":"https:\/\/schema.org","@graph":[{"@type":"WebSite","@id":"https:\/\/embroiderydownload.com\/fr\/#website","url":"https:\/\/embroiderydownload.com\/fr\/","name":"EmbroideryDownload","description":"Embroidery Designs Instant Digital Download","potentialAction":[{"@type":"SearchAction","target":{"@type":"EntryPoint","urlTemplate":"https:\/\/embroiderydownload.com\/fr\/?s={search_term_string}"},"query-input":"required name=search_term_string"}],"inLanguage":"de-DE"},{"@type":"ImageObject","@id":"https:\/\/embroiderydownload.com\/it\/prodotti\/disegni-da-scaricare-gratis-per-macchina-da-ricamo-da-scaricare-2\/#primaryimage","inLanguage":"de-DE","url":"https:\/\/embroiderydownload.com\/wp-content\/uploads\/2021\/10\/paw-patrol-1.jpg","contentUrl":"https:\/\/embroiderydownload.com\/wp-content\/uploads\/2021\/10\/paw-patrol-1.jpg","width":1000,"height":866},{"@type":"WebPage","@id":"https:\/\/embroiderydownload.com\/it\/prodotti\/disegni-da-scaricare-gratis-per-macchina-da-ricamo-da-scaricare-2\/#webpage","url":"https:\/\/embroiderydownload.com\/it\/prodotti\/disegni-da-scaricare-gratis-per-macchina-da-ricamo-da-scaricare-2\/","name":"Paw Patrol Logo Embroidery Design Download - EmbroideryDownload","isPartOf":{"@id":"https:\/\/embroiderydownload.com\/fr\/#website"},"primaryImageOfPage":{"@id":"https:\/\/embroiderydownload.com\/it\/prodotti\/disegni-da-scaricare-gratis-per-macchina-da-ricamo-da-scaricare-2\/#primaryimage"},"datePublished":"2021-10-27T17:22:11+00:00","dateModified":"2023-03-23T13:12:05+00:00","description":"Download Paw Patrol Logo Embroidery Design now and add a fun touch to your projects!","breadcrumb":{"@id":"https:\/\/embroiderydownload.com\/it\/prodotti\/disegni-da-scaricare-gratis-per-macchina-da-ricamo-da-scaricare-2\/#breadcrumb"},"inLanguage":"de-DE","potentialAction":[{"@type":"ReadAction","target":["https:\/\/embroiderydownload.com\/it\/prodotti\/disegni-da-scaricare-gratis-per-macchina-da-ricamo-da-scaricare-2\/"]}]},{"@type":"BreadcrumbList","@id":"https:\/\/embroiderydownload.com\/it\/prodotti\/disegni-da-scaricare-gratis-per-macchina-da-ricamo-da-scaricare-2\/#breadcrumb","itemListElement":[{"@type":"ListItem","position":1,"name":"Shop","item":"https:\/\/embroiderydownload.com\/it\/negozio-2\/"},{"@type":"ListItem","position":2,"name":"Paw Patrol Logo Embroidery Design Download"}]}]}},"_links":{"self":[{"href":"https:\/\/embroiderydownload.com\/de\/wp-json\/wp\/v2\/product\/97583"}],"collection":[{"href":"https:\/\/embroiderydownload.com\/de\/wp-json\/wp\/v2\/product"}],"about":[{"href":"https:\/\/embroiderydownload.com\/de\/wp-json\/wp\/v2\/types\/product"}],"version-history":[{"count":1,"href":"https:\/\/embroiderydownload.com\/de\/wp-json\/wp\/v2\/product\/97583\/revisions"}],"predecessor-version":[{"id":199008,"href":"https:\/\/embroiderydownload.com\/de\/wp-json\/wp\/v2\/product\/97583\/revisions\/199008"}],"wp:featuredmedia":[{"embeddable":true,"href":"https:\/\/embroiderydownload.com\/de\/wp-json\/wp\/v2\/media\/97584"}],"wp:attachment":[{"href":"https:\/\/embroiderydownload.com\/de\/wp-json\/wp\/v2\/media?parent=97583"}],"wp:term":[{"taxonomy":"product_cat","embeddable":true,"href":"https:\/\/embroiderydownload.com\/de\/wp-json\/wp\/v2\/product_cat?post=97583"},{"taxonomy":"product_tag","embeddable":true,"href":"https:\/\/embroiderydownload.com\/de\/wp-json\/wp\/v2\/product_tag?post=97583"}],"curies":[{"name":"wp","href":"https:\/\/api.w.org\/{rel}","templated":true}]}}