{"id":99915,"date":"2021-10-27T19:30:09","date_gmt":"2021-10-27T17:30:09","guid":{"rendered":"https:\/\/embroiderydownload.com\/product\/route-66-embroidery-design-download\/"},"modified":"2023-03-23T14:11:49","modified_gmt":"2023-03-23T13:11:49","slug":"route-66-embroidery-design-download","status":"publish","type":"product","link":"https:\/\/embroiderydownload.com\/de\/products\/route-66-stickmuster-fur-stickmaschinen-download\/","title":{"rendered":"Stickmuster F\u00fcr Stickmaschinen Download von Route 66"},"content":{"rendered":"<p>&nbsp;<\/p>\n<p>Stickmuster F\u00fcr Stickmaschinen <strong>Route 66-Schild<\/strong>\u00a0&#8211;<strong> 10 Gr\u00f6\u00dfen<\/strong> - Sofortiger Digitaler Download.  Hohe Qualit\u00e4t gen\u00e4ht. Getestet. 3 austauschbare Farben. Das umfangreichste Paket.<\/p>\n<p>&nbsp;<\/p>\n<p>\u2605 Dies<strong>\u00a0Route 66-Schild<\/strong>\u00a0Stickmuster F\u00fcr Stickmaschinen<strong>\u00a0<\/strong>Die Packung enth\u00e4lt die n\u00e4chsten Gr\u00f6\u00dfen:<\/p>\n<p>&nbsp;<\/p>\n<ul>\n<li>1,88 x <strong>2,00 Zoll<\/strong> - 48,00 x 50,60 mm. - 6741 Stiche<\/li>\n<li>2,39 x <strong>2,50 Zoll<\/strong> - 60,80 x 64,00 mm. - 9414 Stiche<\/li>\n<li>2,87 x <strong>3,00 Zoll<\/strong> - 73,00 x 76,60 mm. - 12254 Stiche<\/li>\n<li>3,33 x <strong>3,50 Zoll<\/strong> - 84,60 x 88,80 mm. - 15334 Stiche<\/li>\n<li>3,75 x <strong>4,00 Zoll<\/strong> - 95,20 x 100,00 mm. - 18385 Stiche<\/li>\n<li>4,28 x <strong>4,50 Zoll<\/strong> - 108,70 x 114,20 mm. - 22706 Stiche<\/li>\n<li>4,77 x <strong>5,00 Zoll<\/strong> - 121,20 x 127,20 mm. - 27078 Stiche<\/li>\n<li>5,23 x <strong>5,50 Zoll<\/strong> - 133,00 x 139,80 mm. - 31781 Stiche<\/li>\n<li>5,72 x <strong>6,00 Zoll<\/strong> - 145,20 x 152,60 mm. - 36809 Stiche<\/li>\n<li>6,19 x <strong>6,50 Zoll<\/strong> - 157,40 x 165,40 mm. - 42208 Stiche<\/li>\n<\/ul>\n<p>\u2605 Formate, die beim Kauf in einer ZIP-Datei enthalten sind<\/p>\n<p>&nbsp;<\/p>\n<ul>\n<li>Deco, Brother, Baby Lock: <strong>PEC, PES<\/strong><\/li>\n<li>S\u00e4ngerin:<strong> CSD, PCS<\/strong><\/li>\n<li>Pfaff Kreativ: <strong>PCM, PCS<\/strong><\/li>\n<li>Husqvarna, Viking: <strong>HUS<\/strong><\/li>\n<li>Janome, Elna, Kenmore: <strong>JEF<\/strong><\/li>\n<li>Melco: <strong>EXP<\/strong><\/li>\n<li>Compucon, Singer: <strong>XXX<\/strong><\/li>\n<li>Tajima: <strong>DST<\/strong><\/li>\n<li>Pfaff:<b> VIP, VP3<\/b><\/li>\n<\/ul>\n<p>Tolles Paket f\u00fcr Liebhaber der Mother Road, der Route 66.<\/p>\n<div id=\"gtx-trans\" style=\"position: absolute; left: 188px; top: -19px;\">\n<div class=\"gtx-trans-icon\"><\/div>\n<\/div>","protected":false},"excerpt":{"rendered":"<style>.elementor-204929 .elementor-element.elementor-element-95a9a0b{margin-top:0px;margin-bottom:0px;padding:0px 0px 0px 0px;overflow:visible;}.elementor-204929 .elementor-element.elementor-element-84e32b5 > .elementor-element-populated{margin:0px 0px 0px 0px;--e-column-margin-right:0px;--e-column-margin-left:0px;padding:0px 0px 0px 0px;}.elementor-204929 .elementor-element.elementor-element-4e302eb{text-align:left;}<\/style>\n<div class=\"porto-block elementor elementor-204929\" data-id=\"204929\">\n<section class=\"elementor-section elementor-top-section elementor-element elementor-element-95a9a0b elementor-section-full_width elementor-section-height-default elementor-section-height-default\" data-id=\"95a9a0b\" data-element_type=\"section\" data-settings=\"{&quot;ekit_has_onepagescroll_dot&quot;:&quot;yes&quot;}\">\n<div class=\"elementor-container elementor-column-gap-default\">\n<div class=\"elementor-column elementor-col-100 elementor-top-column elementor-element elementor-element-84e32b5\" data-id=\"84e32b5\" data-element_type=\"column\">\n<div class=\"elementor-widget-wrap elementor-element-populated\">\n<div class=\"elementor-element elementor-element-4e302eb elementor-widget elementor-widget-image\" data-id=\"4e302eb\" data-element_type=\"widget\" data-settings=\"{&quot;ekit_we_effect_on&quot;:&quot;none&quot;}\" data-widget_type=\"image.default\">\n<div class=\"elementor-widget-container\">\n<style>\/*! elementor - v3.12.1 - 02-04-2023 *\/\n.elementor-widget-image{text-align:center}.elementor-widget-image a{display:inline-block}.elementor-widget-image a img[src$=\".svg\"]{width:48px}.elementor-widget-image img{vertical-align:middle;display:inline-block}<\/style>\n<p>\t\t\t\t\t\t\t\t\t\t\t\t<img decoding=\"async\" width=\"300\" height=\"84\" src=\"https:\/\/embroiderydownload.com\/wp-content\/uploads\/2022\/11\/icons-values-eng.svg\" class=\"attachment-large size-large wp-image-204901\" alt=\"\" loading=\"lazy\" \/>\t\t\t\t\t\t\t\t\t\t\t\t\t\t\t<\/div>\n<\/p><\/div>\n<\/p><\/div>\n<\/p><\/div>\n<\/p><\/div>\n<\/section><\/div>","protected":false},"featured_media":99916,"template":"","meta":[],"product_cat":[],"product_tag":[614,798,1423],"yoast_head":"<!-- This site is optimized with the Yoast SEO plugin v17.5 - https:\/\/yoast.com\/wordpress\/plugins\/seo\/ -->\n<title>Route 66 Embroidery Design Download - EmbroideryDownload<\/title>\n<meta name=\"description\" content=\"Download Route 66 Embroidery Design now and add a touch of vintage to your projects!\" \/>\n<meta name=\"robots\" content=\"index, follow, max-snippet:-1, max-image-preview:large, max-video-preview:-1\" \/>\n<link rel=\"canonical\" href=\"https:\/\/embroiderydownload.com\/de\/prodotti\/disegni-da-scaricare-gratis-per-macchina-da-scaricare-della-route-66\/\" \/>\n<meta property=\"og:locale\" content=\"de_DE\" \/>\n<meta property=\"og:type\" content=\"article\" \/>\n<meta property=\"og:title\" content=\"Route 66 Embroidery Design Download - EmbroideryDownload\" \/>\n<meta property=\"og:description\" content=\"Download Route 66 Embroidery Design now and add a touch of vintage to your projects!\" \/>\n<meta property=\"og:url\" content=\"https:\/\/embroiderydownload.com\/de\/prodotti\/disegni-da-scaricare-gratis-per-macchina-da-scaricare-della-route-66\/\" \/>\n<meta property=\"og:site_name\" content=\"EmbroideryDownload\" \/>\n<meta property=\"article:modified_time\" content=\"2023-03-23T13:11:49+00:00\" \/>\n<meta property=\"og:image\" content=\"https:\/\/embroiderydownload.com\/wp-content\/uploads\/2021\/10\/Route-66-1-1.jpg\" \/>\n\t<meta property=\"og:image:width\" content=\"800\" \/>\n\t<meta property=\"og:image:height\" content=\"800\" \/>\n<meta name=\"twitter:card\" content=\"summary_large_image\" \/>\n<meta name=\"twitter:label1\" content=\"Preis\" \/>\n\t<meta name=\"twitter:data1\" content=\"&euro;4.99\" \/>\n\t<meta name=\"twitter:label2\" content=\"Availability\" \/>\n\t<meta name=\"twitter:data2\" content=\"In stock\" \/>\n<script type=\"application\/ld+json\" class=\"yoast-schema-graph\">{\"@context\":\"https:\/\/schema.org\",\"@graph\":[{\"@type\":\"WebSite\",\"@id\":\"https:\/\/embroiderydownload.com\/fr\/#website\",\"url\":\"https:\/\/embroiderydownload.com\/fr\/\",\"name\":\"EmbroideryDownload\",\"description\":\"Embroidery Designs Instant Digital Download\",\"potentialAction\":[{\"@type\":\"SearchAction\",\"target\":{\"@type\":\"EntryPoint\",\"urlTemplate\":\"https:\/\/embroiderydownload.com\/fr\/?s={search_term_string}\"},\"query-input\":\"required name=search_term_string\"}],\"inLanguage\":\"de-DE\"},{\"@type\":\"ImageObject\",\"@id\":\"https:\/\/embroiderydownload.com\/it\/prodotti\/disegni-da-scaricare-gratis-per-macchina-da-scaricare-della-route-66\/#primaryimage\",\"inLanguage\":\"de-DE\",\"url\":\"https:\/\/embroiderydownload.com\/wp-content\/uploads\/2021\/10\/Route-66-1-1.jpg\",\"contentUrl\":\"https:\/\/embroiderydownload.com\/wp-content\/uploads\/2021\/10\/Route-66-1-1.jpg\",\"width\":800,\"height\":800},{\"@type\":\"WebPage\",\"@id\":\"https:\/\/embroiderydownload.com\/it\/prodotti\/disegni-da-scaricare-gratis-per-macchina-da-scaricare-della-route-66\/#webpage\",\"url\":\"https:\/\/embroiderydownload.com\/it\/prodotti\/disegni-da-scaricare-gratis-per-macchina-da-scaricare-della-route-66\/\",\"name\":\"Route 66 Embroidery Design Download - EmbroideryDownload\",\"isPartOf\":{\"@id\":\"https:\/\/embroiderydownload.com\/fr\/#website\"},\"primaryImageOfPage\":{\"@id\":\"https:\/\/embroiderydownload.com\/it\/prodotti\/disegni-da-scaricare-gratis-per-macchina-da-scaricare-della-route-66\/#primaryimage\"},\"datePublished\":\"2021-10-27T17:30:09+00:00\",\"dateModified\":\"2023-03-23T13:11:49+00:00\",\"description\":\"Download Route 66 Embroidery Design now and add a touch of vintage to your projects!\",\"breadcrumb\":{\"@id\":\"https:\/\/embroiderydownload.com\/it\/prodotti\/disegni-da-scaricare-gratis-per-macchina-da-scaricare-della-route-66\/#breadcrumb\"},\"inLanguage\":\"de-DE\",\"potentialAction\":[{\"@type\":\"ReadAction\",\"target\":[\"https:\/\/embroiderydownload.com\/it\/prodotti\/disegni-da-scaricare-gratis-per-macchina-da-scaricare-della-route-66\/\"]}]},{\"@type\":\"BreadcrumbList\",\"@id\":\"https:\/\/embroiderydownload.com\/it\/prodotti\/disegni-da-scaricare-gratis-per-macchina-da-scaricare-della-route-66\/#breadcrumb\",\"itemListElement\":[{\"@type\":\"ListItem\",\"position\":1,\"name\":\"Shop\",\"item\":\"https:\/\/embroiderydownload.com\/it\/negozio-2\/\"},{\"@type\":\"ListItem\",\"position\":2,\"name\":\"Route 66 Embroidery Design Download\"}]}]}<\/script>\n<!-- \/ Yoast SEO plugin. -->","yoast_head_json":{"title":"Route 66 Embroidery Design Download - EmbroideryDownload","description":"Download Route 66 Embroidery Design now and add a touch of vintage to your projects!","robots":{"index":"index","follow":"follow","max-snippet":"max-snippet:-1","max-image-preview":"max-image-preview:large","max-video-preview":"max-video-preview:-1"},"canonical":"https:\/\/embroiderydownload.com\/de\/prodotti\/disegni-da-scaricare-gratis-per-macchina-da-scaricare-della-route-66\/","og_locale":"de_DE","og_type":"article","og_title":"Route 66 Embroidery Design Download - EmbroideryDownload","og_description":"Download Route 66 Embroidery Design now and add a touch of vintage to your projects!","og_url":"https:\/\/embroiderydownload.com\/de\/prodotti\/disegni-da-scaricare-gratis-per-macchina-da-scaricare-della-route-66\/","og_site_name":"EmbroideryDownload","article_modified_time":"2023-03-23T13:11:49+00:00","og_image":[{"width":800,"height":800,"url":"https:\/\/embroiderydownload.com\/wp-content\/uploads\/2021\/10\/Route-66-1-1.jpg","type":"image\/jpeg"}],"twitter_card":"summary_large_image","twitter_misc":{"Preis":"&euro;4.99","Availability":"In stock"},"schema":{"@context":"https:\/\/schema.org","@graph":[{"@type":"WebSite","@id":"https:\/\/embroiderydownload.com\/fr\/#website","url":"https:\/\/embroiderydownload.com\/fr\/","name":"EmbroideryDownload","description":"Embroidery Designs Instant Digital Download","potentialAction":[{"@type":"SearchAction","target":{"@type":"EntryPoint","urlTemplate":"https:\/\/embroiderydownload.com\/fr\/?s={search_term_string}"},"query-input":"required name=search_term_string"}],"inLanguage":"de-DE"},{"@type":"ImageObject","@id":"https:\/\/embroiderydownload.com\/it\/prodotti\/disegni-da-scaricare-gratis-per-macchina-da-scaricare-della-route-66\/#primaryimage","inLanguage":"de-DE","url":"https:\/\/embroiderydownload.com\/wp-content\/uploads\/2021\/10\/Route-66-1-1.jpg","contentUrl":"https:\/\/embroiderydownload.com\/wp-content\/uploads\/2021\/10\/Route-66-1-1.jpg","width":800,"height":800},{"@type":"WebPage","@id":"https:\/\/embroiderydownload.com\/it\/prodotti\/disegni-da-scaricare-gratis-per-macchina-da-scaricare-della-route-66\/#webpage","url":"https:\/\/embroiderydownload.com\/it\/prodotti\/disegni-da-scaricare-gratis-per-macchina-da-scaricare-della-route-66\/","name":"Route 66 Embroidery Design Download - EmbroideryDownload","isPartOf":{"@id":"https:\/\/embroiderydownload.com\/fr\/#website"},"primaryImageOfPage":{"@id":"https:\/\/embroiderydownload.com\/it\/prodotti\/disegni-da-scaricare-gratis-per-macchina-da-scaricare-della-route-66\/#primaryimage"},"datePublished":"2021-10-27T17:30:09+00:00","dateModified":"2023-03-23T13:11:49+00:00","description":"Download Route 66 Embroidery Design now and add a touch of vintage to your projects!","breadcrumb":{"@id":"https:\/\/embroiderydownload.com\/it\/prodotti\/disegni-da-scaricare-gratis-per-macchina-da-scaricare-della-route-66\/#breadcrumb"},"inLanguage":"de-DE","potentialAction":[{"@type":"ReadAction","target":["https:\/\/embroiderydownload.com\/it\/prodotti\/disegni-da-scaricare-gratis-per-macchina-da-scaricare-della-route-66\/"]}]},{"@type":"BreadcrumbList","@id":"https:\/\/embroiderydownload.com\/it\/prodotti\/disegni-da-scaricare-gratis-per-macchina-da-scaricare-della-route-66\/#breadcrumb","itemListElement":[{"@type":"ListItem","position":1,"name":"Shop","item":"https:\/\/embroiderydownload.com\/it\/negozio-2\/"},{"@type":"ListItem","position":2,"name":"Route 66 Embroidery Design Download"}]}]}},"_links":{"self":[{"href":"https:\/\/embroiderydownload.com\/de\/wp-json\/wp\/v2\/product\/99915"}],"collection":[{"href":"https:\/\/embroiderydownload.com\/de\/wp-json\/wp\/v2\/product"}],"about":[{"href":"https:\/\/embroiderydownload.com\/de\/wp-json\/wp\/v2\/types\/product"}],"version-history":[{"count":0,"href":"https:\/\/embroiderydownload.com\/de\/wp-json\/wp\/v2\/product\/99915\/revisions"}],"wp:featuredmedia":[{"embeddable":true,"href":"https:\/\/embroiderydownload.com\/de\/wp-json\/wp\/v2\/media\/99916"}],"wp:attachment":[{"href":"https:\/\/embroiderydownload.com\/de\/wp-json\/wp\/v2\/media?parent=99915"}],"wp:term":[{"taxonomy":"product_cat","embeddable":true,"href":"https:\/\/embroiderydownload.com\/de\/wp-json\/wp\/v2\/product_cat?post=99915"},{"taxonomy":"product_tag","embeddable":true,"href":"https:\/\/embroiderydownload.com\/de\/wp-json\/wp\/v2\/product_tag?post=99915"}],"curies":[{"name":"wp","href":"https:\/\/api.w.org\/{rel}","templated":true}]}}