{"id":99989,"date":"2021-10-27T19:32:02","date_gmt":"2021-10-27T17:32:02","guid":{"rendered":"https:\/\/embroiderydownload.com\/product\/royal-crown-10-sizes-embroidery-design-download\/"},"modified":"2023-03-23T14:11:48","modified_gmt":"2023-03-23T13:11:48","slug":"royal-crown-10-sizes-embroidery-design-download","status":"publish","type":"product","link":"https:\/\/embroiderydownload.com\/de\/products\/konigskrone-10-grosen-stickmuster-fur-stickmaschinen-download\/","title":{"rendered":"Royal Crown 10 Gr\u00f6\u00dfen Stickmuster F\u00fcr Stickmaschinen Download"},"content":{"rendered":"<p>&nbsp;<\/p>\n<p>Stickmuster F\u00fcr stickmaschinen Krone, K\u00f6nigskrone -\u00a0<strong>10 Gr\u00f6\u00dfen<\/strong> - Sofortiger Digitaler Download - Mehrere Formate f\u00fcr Stickmaschinen. Gepr\u00fcfte Stickmuster F\u00fcr Stickmaschinen in hoher Qualit\u00e4t.<\/p>\n<p>&nbsp;<\/p>\n<p>\u2605 Verf\u00fcgbare Gr\u00f6\u00dfen:<\/p>\n<p>&nbsp;<\/p>\n<ul>\n<li><strong>Gr\u00f6\u00dfe 1:<\/strong> 2,37 \u00d7 1,96 Zoll - <strong>60,00<\/strong>\u00a0x 49,80 mm - Stiche: 5522<\/li>\n<li><strong>Gr\u00f6\u00dfe 2:<\/strong> 2,76 \u00d7 2,28 Zoll - <strong>70,00<\/strong>\u00a0x 58,00 mm - Stiche: 6326<\/li>\n<li><strong>Gr\u00f6\u00dfe 3:<\/strong> 3,16 \u00d7 2,61 Zoll - <strong>80,00<\/strong>\u00a0x 66,40 mm - Stiche: 7134<\/li>\n<li><strong>Gr\u00f6\u00dfe 4<\/strong>: 3,56 \u00d7 2,94 Zoll - <strong>90,00<\/strong> x 74,80 mm - Stiche: 7933<\/li>\n<li><strong>Gr\u00f6\u00dfe 5:<\/strong> 3,94 \u00d7 3,23 Zoll - <strong>100,00<\/strong>\u00a0x 82,00 mm - Stiche: 8757<\/li>\n<li><strong>Gr\u00f6\u00dfe 6:<\/strong> 4,35 \u00d7 3,59 Zoll - <strong>110,00<\/strong>\u00a0x 91,20 mm - Stiche: 9665<\/li>\n<li><strong>Gr\u00f6\u00dfe 7:<\/strong> 4,73 \u00d7 3,92 Zoll - <strong>120,00<\/strong>\u00a0x 99,60 mm - Stiche: 10519<\/li>\n<li><strong>Gr\u00f6\u00dfe 8:<\/strong>\u00a05,12 \u00d7 4,24 Zoll - <strong>130,00<\/strong>\u00a0x 107,80 mm - Stiche: 11411<\/li>\n<li><strong>Gr\u00f6\u00dfe 9:<\/strong>\u00a05,51 \u00d7 4,57 Zoll - <strong>140,00<\/strong>\u00a0x 116,10 mm - Stiche: 12405<\/li>\n<li><strong>Gr\u00f6\u00dfe 10:<\/strong>\u00a05,90 \u00d7 4,87 Zoll - <strong>150,00<\/strong>\u00a0x 123,60 mm - Stiche: 13320<\/li>\n<\/ul>\n<p>\u2605 Dies <strong>K\u00f6nigskrone\u00a0<\/strong><strong>Maschinenstickerei<\/strong> Design enth\u00e4lt die folgenden Formate in einer ZIP-Datei, die beim Kauf heruntergeladen werden kann:<\/p>\n<ul>\n<li>Deco, Brother, Baby Lock:<strong> PEC,<\/strong>\u00a0<strong>PES<\/strong><\/li>\n<li>Husqvarna, Viking: <strong>HUS, PCS<\/strong><\/li>\n<li>Janome, Elna, Kenmore: <strong>JEF<\/strong><\/li>\n<li>Melco: <strong>EXP<\/strong><\/li>\n<li>Elna:<strong>\u00a0EMD<\/strong><\/li>\n<li>Tajima: <strong>DST<\/strong><\/li>\n<li>Pfaff:<b> VIP, VP3<\/b><\/li>\n<li>Bernina:<b> KUNST<\/b><\/li>\n<\/ul>\n<p>&nbsp;<\/p>\n<p>\u2605 Dieses Design wurde getestet und gepr\u00fcft, um h\u00f6chste Qualit\u00e4t zu gew\u00e4hrleisten. Die Ergebnisse k\u00f6nnen je nach Stoff- und Vlieskombination variieren. Das Endergebnis kann von Ihrer Maschine, dem Stoff, der Garnqualit\u00e4t und der Spannung abh\u00e4ngen. \u00c4ndern Sie nicht die Gr\u00f6\u00dfe oder bearbeiten Sie die Datei nicht, da sonst die Qualit\u00e4t beeintr\u00e4chtigt werden k\u00f6nnte.<\/p>","protected":false},"excerpt":{"rendered":"<style>.elementor-204929 .elementor-element.elementor-element-95a9a0b{margin-top:0px;margin-bottom:0px;padding:0px 0px 0px 0px;overflow:visible;}.elementor-204929 .elementor-element.elementor-element-84e32b5 > .elementor-element-populated{margin:0px 0px 0px 0px;--e-column-margin-right:0px;--e-column-margin-left:0px;padding:0px 0px 0px 0px;}.elementor-204929 .elementor-element.elementor-element-4e302eb{text-align:left;}<\/style>\n<div class=\"porto-block elementor elementor-204929\" data-id=\"204929\">\n<section class=\"elementor-section elementor-top-section elementor-element elementor-element-95a9a0b elementor-section-full_width elementor-section-height-default elementor-section-height-default\" data-id=\"95a9a0b\" data-element_type=\"section\" data-settings=\"{&quot;ekit_has_onepagescroll_dot&quot;:&quot;yes&quot;}\">\n<div class=\"elementor-container elementor-column-gap-default\">\n<div class=\"elementor-column elementor-col-100 elementor-top-column elementor-element elementor-element-84e32b5\" data-id=\"84e32b5\" data-element_type=\"column\">\n<div class=\"elementor-widget-wrap elementor-element-populated\">\n<div class=\"elementor-element elementor-element-4e302eb elementor-widget elementor-widget-image\" data-id=\"4e302eb\" data-element_type=\"widget\" data-settings=\"{&quot;ekit_we_effect_on&quot;:&quot;none&quot;}\" data-widget_type=\"image.default\">\n<div class=\"elementor-widget-container\">\n<style>\/*! elementor - v3.12.1 - 02-04-2023 *\/\n.elementor-widget-image{text-align:center}.elementor-widget-image a{display:inline-block}.elementor-widget-image a img[src$=\".svg\"]{width:48px}.elementor-widget-image img{vertical-align:middle;display:inline-block}<\/style>\n<p>\t\t\t\t\t\t\t\t\t\t\t\t<img decoding=\"async\" width=\"300\" height=\"84\" src=\"https:\/\/embroiderydownload.com\/wp-content\/uploads\/2022\/11\/icons-values-eng.svg\" class=\"attachment-large size-large wp-image-204901\" alt=\"\" loading=\"lazy\" \/>\t\t\t\t\t\t\t\t\t\t\t\t\t\t\t<\/div>\n<\/p><\/div>\n<\/p><\/div>\n<\/p><\/div>\n<\/p><\/div>\n<\/section><\/div>","protected":false},"featured_media":99990,"template":"","meta":[],"product_cat":[],"product_tag":[614,932,116,1427],"yoast_head":"<!-- This site is optimized with the Yoast SEO plugin v17.5 - https:\/\/yoast.com\/wordpress\/plugins\/seo\/ -->\n<title>Royal Crown 10 sizes Embroidery Design Download - EmbroideryDownload<\/title>\n<meta name=\"description\" content=\"Upgrade your embroidery game with Royal Crown&#039;s 10 sizes embroidery design download. Download now and elevate your creations!\" \/>\n<meta name=\"robots\" content=\"index, follow, max-snippet:-1, max-image-preview:large, max-video-preview:-1\" \/>\n<link rel=\"canonical\" href=\"https:\/\/embroiderydownload.com\/de\/productos\/descarga-picaje-corona-real-10-tama\u00f1os\/\" \/>\n<meta property=\"og:locale\" content=\"de_DE\" \/>\n<meta property=\"og:type\" content=\"article\" \/>\n<meta property=\"og:title\" content=\"Royal Crown 10 sizes Embroidery Design Download - EmbroideryDownload\" \/>\n<meta property=\"og:description\" content=\"Upgrade your embroidery game with Royal Crown&#039;s 10 sizes embroidery design download. Download now and elevate your creations!\" \/>\n<meta property=\"og:url\" content=\"https:\/\/embroiderydownload.com\/de\/productos\/descarga-picaje-corona-real-10-tama\u00f1os\/\" \/>\n<meta property=\"og:site_name\" content=\"EmbroideryDownload\" \/>\n<meta property=\"article:modified_time\" content=\"2023-03-23T13:11:48+00:00\" \/>\n<meta property=\"og:image\" content=\"https:\/\/embroiderydownload.com\/wp-content\/uploads\/2021\/10\/crown-1-1.jpg\" \/>\n\t<meta property=\"og:image:width\" content=\"800\" \/>\n\t<meta property=\"og:image:height\" content=\"800\" \/>\n<meta name=\"twitter:card\" content=\"summary_large_image\" \/>\n<meta name=\"twitter:label1\" content=\"Preis\" \/>\n\t<meta name=\"twitter:data1\" content=\"&euro;3.99\" \/>\n\t<meta name=\"twitter:label2\" content=\"Availability\" \/>\n\t<meta name=\"twitter:data2\" content=\"In stock\" \/>\n<script type=\"application\/ld+json\" class=\"yoast-schema-graph\">{\"@context\":\"https:\/\/schema.org\",\"@graph\":[{\"@type\":\"WebSite\",\"@id\":\"https:\/\/embroiderydownload.com\/fr\/#website\",\"url\":\"https:\/\/embroiderydownload.com\/fr\/\",\"name\":\"EmbroideryDownload\",\"description\":\"Embroidery Designs Instant Digital Download\",\"potentialAction\":[{\"@type\":\"SearchAction\",\"target\":{\"@type\":\"EntryPoint\",\"urlTemplate\":\"https:\/\/embroiderydownload.com\/fr\/?s={search_term_string}\"},\"query-input\":\"required name=search_term_string\"}],\"inLanguage\":\"de-DE\"},{\"@type\":\"ImageObject\",\"@id\":\"https:\/\/embroiderydownload.com\/es\/productos\/descarga-picaje-corona-real-10-tama\\u00f1os\/#primaryimage\",\"inLanguage\":\"de-DE\",\"url\":\"https:\/\/embroiderydownload.com\/wp-content\/uploads\/2021\/10\/crown-1-1.jpg\",\"contentUrl\":\"https:\/\/embroiderydownload.com\/wp-content\/uploads\/2021\/10\/crown-1-1.jpg\",\"width\":800,\"height\":800},{\"@type\":\"WebPage\",\"@id\":\"https:\/\/embroiderydownload.com\/es\/productos\/descarga-picaje-corona-real-10-tama\\u00f1os\/#webpage\",\"url\":\"https:\/\/embroiderydownload.com\/es\/productos\/descarga-picaje-corona-real-10-tama\\u00f1os\/\",\"name\":\"Royal Crown 10 sizes Embroidery Design Download - EmbroideryDownload\",\"isPartOf\":{\"@id\":\"https:\/\/embroiderydownload.com\/fr\/#website\"},\"primaryImageOfPage\":{\"@id\":\"https:\/\/embroiderydownload.com\/es\/productos\/descarga-picaje-corona-real-10-tama\\u00f1os\/#primaryimage\"},\"datePublished\":\"2021-10-27T17:32:02+00:00\",\"dateModified\":\"2023-03-23T13:11:48+00:00\",\"description\":\"Upgrade your embroidery game with Royal Crown's 10 sizes embroidery design download. Download now and elevate your creations!\",\"breadcrumb\":{\"@id\":\"https:\/\/embroiderydownload.com\/es\/productos\/descarga-picaje-corona-real-10-tama\\u00f1os\/#breadcrumb\"},\"inLanguage\":\"de-DE\",\"potentialAction\":[{\"@type\":\"ReadAction\",\"target\":[\"https:\/\/embroiderydownload.com\/es\/productos\/descarga-picaje-corona-real-10-tama\\u00f1os\/\"]}]},{\"@type\":\"BreadcrumbList\",\"@id\":\"https:\/\/embroiderydownload.com\/es\/productos\/descarga-picaje-corona-real-10-tama\\u00f1os\/#breadcrumb\",\"itemListElement\":[{\"@type\":\"ListItem\",\"position\":1,\"name\":\"Shop\",\"item\":\"https:\/\/embroiderydownload.com\/it\/negozio-2\/\"},{\"@type\":\"ListItem\",\"position\":2,\"name\":\"Royal Crown 10 sizes Embroidery Design Download\"}]}]}<\/script>\n<!-- \/ Yoast SEO plugin. -->","yoast_head_json":{"title":"Royal Crown 10 sizes Embroidery Design Download - EmbroideryDownload","description":"Upgrade your embroidery game with Royal Crown's 10 sizes embroidery design download. Download now and elevate your creations!","robots":{"index":"index","follow":"follow","max-snippet":"max-snippet:-1","max-image-preview":"max-image-preview:large","max-video-preview":"max-video-preview:-1"},"canonical":"https:\/\/embroiderydownload.com\/de\/productos\/descarga-picaje-corona-real-10-tama\u00f1os\/","og_locale":"de_DE","og_type":"article","og_title":"Royal Crown 10 sizes Embroidery Design Download - EmbroideryDownload","og_description":"Upgrade your embroidery game with Royal Crown's 10 sizes embroidery design download. Download now and elevate your creations!","og_url":"https:\/\/embroiderydownload.com\/de\/productos\/descarga-picaje-corona-real-10-tama\u00f1os\/","og_site_name":"EmbroideryDownload","article_modified_time":"2023-03-23T13:11:48+00:00","og_image":[{"width":800,"height":800,"url":"https:\/\/embroiderydownload.com\/wp-content\/uploads\/2021\/10\/crown-1-1.jpg","type":"image\/jpeg"}],"twitter_card":"summary_large_image","twitter_misc":{"Preis":"&euro;3.99","Availability":"In stock"},"schema":{"@context":"https:\/\/schema.org","@graph":[{"@type":"WebSite","@id":"https:\/\/embroiderydownload.com\/fr\/#website","url":"https:\/\/embroiderydownload.com\/fr\/","name":"EmbroideryDownload","description":"Embroidery Designs Instant Digital Download","potentialAction":[{"@type":"SearchAction","target":{"@type":"EntryPoint","urlTemplate":"https:\/\/embroiderydownload.com\/fr\/?s={search_term_string}"},"query-input":"required name=search_term_string"}],"inLanguage":"de-DE"},{"@type":"ImageObject","@id":"https:\/\/embroiderydownload.com\/es\/productos\/descarga-picaje-corona-real-10-tama\u00f1os\/#primaryimage","inLanguage":"de-DE","url":"https:\/\/embroiderydownload.com\/wp-content\/uploads\/2021\/10\/crown-1-1.jpg","contentUrl":"https:\/\/embroiderydownload.com\/wp-content\/uploads\/2021\/10\/crown-1-1.jpg","width":800,"height":800},{"@type":"WebPage","@id":"https:\/\/embroiderydownload.com\/es\/productos\/descarga-picaje-corona-real-10-tama\u00f1os\/#webpage","url":"https:\/\/embroiderydownload.com\/es\/productos\/descarga-picaje-corona-real-10-tama\u00f1os\/","name":"Royal Crown 10 sizes Embroidery Design Download - EmbroideryDownload","isPartOf":{"@id":"https:\/\/embroiderydownload.com\/fr\/#website"},"primaryImageOfPage":{"@id":"https:\/\/embroiderydownload.com\/es\/productos\/descarga-picaje-corona-real-10-tama\u00f1os\/#primaryimage"},"datePublished":"2021-10-27T17:32:02+00:00","dateModified":"2023-03-23T13:11:48+00:00","description":"Upgrade your embroidery game with Royal Crown's 10 sizes embroidery design download. Download now and elevate your creations!","breadcrumb":{"@id":"https:\/\/embroiderydownload.com\/es\/productos\/descarga-picaje-corona-real-10-tama\u00f1os\/#breadcrumb"},"inLanguage":"de-DE","potentialAction":[{"@type":"ReadAction","target":["https:\/\/embroiderydownload.com\/es\/productos\/descarga-picaje-corona-real-10-tama\u00f1os\/"]}]},{"@type":"BreadcrumbList","@id":"https:\/\/embroiderydownload.com\/es\/productos\/descarga-picaje-corona-real-10-tama\u00f1os\/#breadcrumb","itemListElement":[{"@type":"ListItem","position":1,"name":"Shop","item":"https:\/\/embroiderydownload.com\/it\/negozio-2\/"},{"@type":"ListItem","position":2,"name":"Royal Crown 10 sizes Embroidery Design Download"}]}]}},"_links":{"self":[{"href":"https:\/\/embroiderydownload.com\/de\/wp-json\/wp\/v2\/product\/99989"}],"collection":[{"href":"https:\/\/embroiderydownload.com\/de\/wp-json\/wp\/v2\/product"}],"about":[{"href":"https:\/\/embroiderydownload.com\/de\/wp-json\/wp\/v2\/types\/product"}],"version-history":[{"count":0,"href":"https:\/\/embroiderydownload.com\/de\/wp-json\/wp\/v2\/product\/99989\/revisions"}],"wp:featuredmedia":[{"embeddable":true,"href":"https:\/\/embroiderydownload.com\/de\/wp-json\/wp\/v2\/media\/99990"}],"wp:attachment":[{"href":"https:\/\/embroiderydownload.com\/de\/wp-json\/wp\/v2\/media?parent=99989"}],"wp:term":[{"taxonomy":"product_cat","embeddable":true,"href":"https:\/\/embroiderydownload.com\/de\/wp-json\/wp\/v2\/product_cat?post=99989"},{"taxonomy":"product_tag","embeddable":true,"href":"https:\/\/embroiderydownload.com\/de\/wp-json\/wp\/v2\/product_tag?post=99989"}],"curies":[{"name":"wp","href":"https:\/\/api.w.org\/{rel}","templated":true}]}}