{"id":3,"date":"2021-08-09T11:25:32","date_gmt":"2021-08-09T11:25:32","guid":{"rendered":"https:\/\/embroiderydownload.com\/?page_id=3"},"modified":"2022-09-23T10:29:38","modified_gmt":"2022-09-23T08:29:38","slug":"privacy-policy","status":"publish","type":"page","link":"https:\/\/embroiderydownload.com\/es\/politica-privacidad\/","title":{"rendered":"Pol\u00edtica de privacidad"},"content":{"rendered":"<h2 class=\"wp-block-heading\" id=\"h-who-we-are\">Qui\u00e9nes somos<\/h2>\n\n\n\n<p><strong class=\"privacy-policy-tutorial\">BordadoDescargar<\/strong> es una empresa que se dedica a la venta de Picajes de bordados digitales para m\u00e1quinas de bordar, ofrecemos un gran n\u00famero de formatos y tama\u00f1os para adaptarnos a las necesidades de nuestros clientes. Si quieres saber m\u00e1s sobre nosotros <a href=\"https:\/\/embroiderydownload.com\/es\/sobre-nosotros\/\" target=\"_blank\" rel=\"noreferrer noopener\">pulse aqu\u00ed<\/a>.<\/p>\n\n\n\n<h1 class=\"wp-block-heading\">Pol\u00edtica de privacidad de EmbroideryDownload<\/h1>\n\n\n\n<p>En EmbroideryDownload, accesible desde embroiderydownload.com, una de nuestras principales prioridades es la privacidad de nuestros visitantes. Este documento de Pol\u00edtica de Privacidad contiene tipos de informaci\u00f3n que es recogida y registrada por EmbroideryDownload y c\u00f3mo la utilizamos.<\/p>\n\n\n\n<p>Si tiene m\u00e1s preguntas o necesita m\u00e1s informaci\u00f3n sobre nuestra Pol\u00edtica de Privacidad, no dude en ponerse en contacto con nosotros.<\/p>\n\n\n\n<p>Esta Pol\u00edtica de Privacidad se aplica \u00fanicamente a nuestras actividades en l\u00ednea y es v\u00e1lida para los visitantes de nuestro sitio web con respecto a la informaci\u00f3n que compartieron y\/o recopilaron en EmbroideryDownload. Esta pol\u00edtica no es aplicable a ninguna informaci\u00f3n recopilada fuera de l\u00ednea o a trav\u00e9s de canales distintos de este sitio web.<\/p>\n\n\n\n<h2 class=\"wp-block-heading\">Consentimiento<\/h2>\n\n\n\n<p>Al utilizar nuestro sitio web, usted acepta nuestra Pol\u00edtica de privacidad y est\u00e1 de acuerdo con sus t\u00e9rminos.<\/p>\n\n\n\n<h2 class=\"wp-block-heading\">Informaci\u00f3n que recopilamos<\/h2>\n\n\n\n<p>La informaci\u00f3n personal que se le pide y las razones por las que se le pide se le explicar\u00e1n claramente en el momento en que le pidamos que proporcione su informaci\u00f3n personal.<\/p>\n\n\n\n<p>Si se pone en contacto con nosotros directamente, podemos recibir informaci\u00f3n adicional sobre usted, como su nombre, direcci\u00f3n de correo electr\u00f3nico, n\u00famero de tel\u00e9fono, el contenido del mensaje y\/o los archivos adjuntos que nos env\u00ede y cualquier otra informaci\u00f3n que decida facilitarnos.<\/p>\n\n\n\n<p>Cuando se registra para obtener una Cuenta, podemos pedirle su informaci\u00f3n de contacto, incluidos datos como el nombre, el nombre de la empresa, la direcci\u00f3n, la direcci\u00f3n de correo electr\u00f3nico y el n\u00famero de tel\u00e9fono.<\/p>\n\n\n\n<h2 class=\"wp-block-heading\">C\u00f3mo utilizamos su informaci\u00f3n<\/h2>\n\n\n\n<p>Utilizamos la informaci\u00f3n que recopilamos de varias formas, entre ellas para:<\/p>\n\n\n\n<ul><li>Proporcionar, operar y mantener nuestro sitio web<\/li><li>Mejorar, personalizar y ampliar nuestro sitio web<\/li><li>Comprender y analizar c\u00f3mo utiliza nuestro sitio web<\/li><li>Desarrollar nuevos productos, servicios, caracter\u00edsticas y funcionalidades<\/li><li>Comunicarnos con usted, ya sea directamente o a trav\u00e9s de uno de nuestros socios, por ejemplo con fines de atenci\u00f3n al cliente, para proporcionarle actualizaciones y otra informaci\u00f3n relacionada con el sitio web, y con fines promocionales y de marketing.<\/li><li>Enviarle correos electr\u00f3nicos<\/li><li>Detectar y prevenir el fraude<\/li><\/ul>\n\n\n\n<h2 class=\"wp-block-heading\">Archivos de registro<\/h2>\n\n\n\n<p>EmbroideryDownload sigue un procedimiento est\u00e1ndar de uso de archivos de registro. Estos archivos registran a los visitantes cuando visitan los sitios web. Todas las empresas de hosting hacen esto y forma parte de las anal\u00edticas de los servicios de hosting. La informaci\u00f3n recogida por los archivos de registro incluye direcciones de protocolo de Internet (IP), tipo de navegador, proveedor de servicios de Internet (ISP), fecha y hora, p\u00e1ginas de referencia\/salida y posiblemente el n\u00famero de clics. Estos datos no est\u00e1n vinculados a ninguna informaci\u00f3n que permita la identificaci\u00f3n personal. El prop\u00f3sito de la informaci\u00f3n es analizar tendencias, administrar el sitio, rastrear los movimientos de los usuarios en el sitio web y recopilar informaci\u00f3n demogr\u00e1fica.<\/p>\n\n\n\n<h2 class=\"wp-block-heading\">Cookies y balizas web<\/h2>\n\n\n\n<p>Como cualquier otro sitio web, EmbroideryDownload utiliza 'cookies'. Estas cookies se utilizan para almacenar informaci\u00f3n, incluidas las preferencias de los visitantes y las p\u00e1ginas del sitio web a las que el visitante accedi\u00f3 o visit\u00f3. La informaci\u00f3n se utiliza para optimizar la experiencia de los usuarios personalizando el contenido de nuestra p\u00e1gina web en funci\u00f3n del tipo de navegador de los visitantes y\/u otra informaci\u00f3n.<\/p>\n\n\n\n<h2 class=\"wp-block-heading\">Socios publicitarios Pol\u00edticas de privacidad<\/h2>\n\n\n\n<p>Puede consultar esta lista para encontrar la Pol\u00edtica de Privacidad de cada uno de los socios publicitarios de EmbroideryDownload.<\/p>\n\n\n\n<p>Servidores de anuncios de terceros o redes publicitarias utilizan tecnolog\u00edas como cookies, JavaScript o Web Beacons que se utilizan en sus respectivos anuncios y enlaces que aparecen en EmbroideryDownload, que se env\u00edan directamente al navegador de los usuarios. Reciben autom\u00e1ticamente su direcci\u00f3n IP cuando esto ocurre. Estas tecnolog\u00edas se utilizan para medir la eficacia de sus campa\u00f1as publicitarias y\/o para personalizar el contenido publicitario que usted ve en los sitios web que visita.<\/p>\n\n\n\n<p>Tenga en cuenta que EmbroideryDownload no tiene acceso ni control sobre estas cookies que son utilizados por los anunciantes de terceros.<\/p>\n\n\n\n<h2 class=\"wp-block-heading\">Pol\u00edticas de privacidad de terceros<\/h2>\n\n\n\n<p>La Pol\u00edtica de Privacidad de EmbroideryDownload no se aplica a otros anunciantes o sitios web. Por lo tanto, le aconsejamos que consulte las respectivas Pol\u00edticas de Privacidad de estos servidores de anuncios de terceros para obtener informaci\u00f3n m\u00e1s detallada. Puede incluir sus pr\u00e1cticas e instrucciones sobre c\u00f3mo optar por no participar en ciertas opciones.<\/p>\n\n\n\n<p>Puede optar por desactivar las cookies a trav\u00e9s de las opciones individuales de su navegador. Para conocer informaci\u00f3n m\u00e1s detallada sobre la gesti\u00f3n de cookies con navegadores web espec\u00edficos, puede consultarse en los sitios web respectivos de los navegadores.<\/p>\n\n\n\n<h2 class=\"wp-block-heading\">Derechos de privacidad CCPA (No vender mi informaci\u00f3n personal)<\/h2>\n\n\n\n<p>En virtud de la CCPA, entre otros derechos, los consumidores de California tienen derecho a:<\/p>\n\n\n\n<p>Solicitar que una empresa que recopila datos personales de un consumidor revele las categor\u00edas y los datos personales espec\u00edficos que ha recopilado sobre los consumidores.<\/p>\n\n\n\n<p>Solicitar que una empresa elimine cualquier dato personal sobre el consumidor que haya recopilado.<\/p>\n\n\n\n<p>Solicitar que una empresa que vende datos personales de un consumidor, no venda los datos personales del consumidor.<\/p>\n\n\n\n<p>Si realiza una solicitud, disponemos de un mes para responderle. Si desea ejercer alguno de estos derechos, p\u00f3ngase en contacto con nosotros.<\/p>\n\n\n\n<h2 class=\"wp-block-heading\">Derechos de protecci\u00f3n de datos GDPR<\/h2>\n\n\n\n<p>Queremos asegurarnos de que conoce todos sus derechos en materia de protecci\u00f3n de datos. Todo usuario tiene derecho a lo siguiente:<\/p>\n\n\n\n<p>Derecho de acceso - Tiene derecho a solicitar copias de sus datos personales. Es posible que le cobremos una peque\u00f1a cantidad por este servicio.<\/p>\n\n\n\n<p>Derecho de rectificaci\u00f3n - Tiene derecho a solicitar que corrijamos cualquier informaci\u00f3n que considere inexacta. Tambi\u00e9n tiene derecho a solicitar que completemos la informaci\u00f3n que considere incompleta.<\/p>\n\n\n\n<p>Derecho de supresi\u00f3n - Tiene derecho a solicitar que borremos sus datos personales, en determinadas condiciones.<\/p>\n\n\n\n<p>Derecho a restringir el tratamiento - Tiene derecho a solicitar que restrinjamos el tratamiento de sus datos personales, en determinadas condiciones.<\/p>\n\n\n\n<p>Derecho a oponerse al tratamiento - Usted tiene derecho a oponerse al tratamiento de sus datos personales por nuestra parte, en determinadas condiciones.<\/p>\n\n\n\n<p>Derecho a la portabilidad de los datos - Tiene derecho a solicitar que transfiramos los datos que hemos recopilado a otra organizaci\u00f3n, o directamente a usted, en determinadas condiciones.<\/p>\n\n\n\n<p>Si realiza una solicitud, disponemos de un mes para responderle. Si desea ejercer alguno de estos derechos, p\u00f3ngase en contacto con nosotros.<\/p>","protected":false},"excerpt":{"rendered":"<p>Quienes Somos EmbroideryDownload es una empresa que se dedica a la venta de Picajes de bordados digitales para m\u00e1quinas de bordar, ofrecemos un gran n\u00famero de formatos y tama\u00f1os para adaptarnos a las necesidades de nuestros clientes. Si quiere saber m\u00e1s sobre nosotros haga click aqu\u00ed. Pol\u00edtica de Privacidad de EmbroideryDownload En EmbroideryDownload, accesible desde embroiderydownload.com, una de nuestras principales prioridades [...]<\/p>","protected":false},"author":1,"featured_media":0,"parent":0,"menu_order":0,"comment_status":"closed","ping_status":"open","template":"","meta":{"footnotes":""},"yoast_head":"<!-- This site is optimized with the Yoast SEO plugin v17.5 - https:\/\/yoast.com\/wordpress\/plugins\/seo\/ -->\n<title>Privacy Policy - EmbroideryDownload<\/title>\n<meta name=\"robots\" content=\"noindex, follow\" \/>\n<meta property=\"og:locale\" content=\"es_ES\" \/>\n<meta property=\"og:type\" content=\"article\" \/>\n<meta property=\"og:title\" content=\"Privacy Policy - EmbroideryDownload\" \/>\n<meta property=\"og:description\" content=\"Who we are EmbroideryDownload is a company that sells digital embroidery designs for embroidery machines, we offer a large number of formats and sizes to suit the needs of our customers. If you want to know more about us click here. Privacy Policy for EmbroideryDownload At EmbroideryDownload, accessible from embroiderydownload.com, one of our main priorities [&hellip;]\" \/>\n<meta property=\"og:url\" content=\"https:\/\/embroiderydownload.com\/es\/politica-privacidad\/\" \/>\n<meta property=\"og:site_name\" content=\"EmbroideryDownload\" \/>\n<meta property=\"article:modified_time\" content=\"2022-09-23T08:29:38+00:00\" \/>\n<meta name=\"twitter:card\" content=\"summary_large_image\" \/>\n<meta name=\"twitter:label1\" content=\"Tiempo de lectura\" \/>\n\t<meta name=\"twitter:data1\" content=\"5 minutos\" \/>\n<script type=\"application\/ld+json\" class=\"yoast-schema-graph\">{\"@context\":\"https:\/\/schema.org\",\"@graph\":[{\"@type\":\"WebSite\",\"@id\":\"https:\/\/embroiderydownload.com\/fr\/#website\",\"url\":\"https:\/\/embroiderydownload.com\/fr\/\",\"name\":\"EmbroideryDownload\",\"description\":\"Embroidery Designs Instant Digital Download\",\"potentialAction\":[{\"@type\":\"SearchAction\",\"target\":{\"@type\":\"EntryPoint\",\"urlTemplate\":\"https:\/\/embroiderydownload.com\/fr\/?s={search_term_string}\"},\"query-input\":\"required name=search_term_string\"}],\"inLanguage\":\"es\"},{\"@type\":\"WebPage\",\"@id\":\"https:\/\/embroiderydownload.com\/privacy-policy\/#webpage\",\"url\":\"https:\/\/embroiderydownload.com\/privacy-policy\/\",\"name\":\"Privacy Policy - EmbroideryDownload\",\"isPartOf\":{\"@id\":\"https:\/\/embroiderydownload.com\/fr\/#website\"},\"datePublished\":\"2021-08-09T11:25:32+00:00\",\"dateModified\":\"2022-09-23T08:29:38+00:00\",\"breadcrumb\":{\"@id\":\"https:\/\/embroiderydownload.com\/privacy-policy\/#breadcrumb\"},\"inLanguage\":\"es\",\"potentialAction\":[{\"@type\":\"ReadAction\",\"target\":[\"https:\/\/embroiderydownload.com\/privacy-policy\/\"]}]},{\"@type\":\"BreadcrumbList\",\"@id\":\"https:\/\/embroiderydownload.com\/privacy-policy\/#breadcrumb\",\"itemListElement\":[{\"@type\":\"ListItem\",\"position\":1,\"name\":\"Privacy Policy\"}]}]}<\/script>\n<!-- \/ Yoast SEO plugin. -->","yoast_head_json":{"title":"Privacy Policy - EmbroideryDownload","robots":{"index":"noindex","follow":"follow"},"og_locale":"es_ES","og_type":"article","og_title":"Privacy Policy - EmbroideryDownload","og_description":"Who we are EmbroideryDownload is a company that sells digital embroidery designs for embroidery machines, we offer a large number of formats and sizes to suit the needs of our customers. If you want to know more about us click here. Privacy Policy for EmbroideryDownload At EmbroideryDownload, accessible from embroiderydownload.com, one of our main priorities [&hellip;]","og_url":"https:\/\/embroiderydownload.com\/es\/politica-privacidad\/","og_site_name":"EmbroideryDownload","article_modified_time":"2022-09-23T08:29:38+00:00","twitter_card":"summary_large_image","twitter_misc":{"Tiempo de lectura":"5 minutos"},"schema":{"@context":"https:\/\/schema.org","@graph":[{"@type":"WebSite","@id":"https:\/\/embroiderydownload.com\/fr\/#website","url":"https:\/\/embroiderydownload.com\/fr\/","name":"EmbroideryDownload","description":"Embroidery Designs Instant Digital Download","potentialAction":[{"@type":"SearchAction","target":{"@type":"EntryPoint","urlTemplate":"https:\/\/embroiderydownload.com\/fr\/?s={search_term_string}"},"query-input":"required name=search_term_string"}],"inLanguage":"es"},{"@type":"WebPage","@id":"https:\/\/embroiderydownload.com\/privacy-policy\/#webpage","url":"https:\/\/embroiderydownload.com\/privacy-policy\/","name":"Privacy Policy - EmbroideryDownload","isPartOf":{"@id":"https:\/\/embroiderydownload.com\/fr\/#website"},"datePublished":"2021-08-09T11:25:32+00:00","dateModified":"2022-09-23T08:29:38+00:00","breadcrumb":{"@id":"https:\/\/embroiderydownload.com\/privacy-policy\/#breadcrumb"},"inLanguage":"es","potentialAction":[{"@type":"ReadAction","target":["https:\/\/embroiderydownload.com\/privacy-policy\/"]}]},{"@type":"BreadcrumbList","@id":"https:\/\/embroiderydownload.com\/privacy-policy\/#breadcrumb","itemListElement":[{"@type":"ListItem","position":1,"name":"Privacy Policy"}]}]}},"_links":{"self":[{"href":"https:\/\/embroiderydownload.com\/es\/wp-json\/wp\/v2\/pages\/3"}],"collection":[{"href":"https:\/\/embroiderydownload.com\/es\/wp-json\/wp\/v2\/pages"}],"about":[{"href":"https:\/\/embroiderydownload.com\/es\/wp-json\/wp\/v2\/types\/page"}],"author":[{"embeddable":true,"href":"https:\/\/embroiderydownload.com\/es\/wp-json\/wp\/v2\/users\/1"}],"replies":[{"embeddable":true,"href":"https:\/\/embroiderydownload.com\/es\/wp-json\/wp\/v2\/comments?post=3"}],"version-history":[{"count":7,"href":"https:\/\/embroiderydownload.com\/es\/wp-json\/wp\/v2\/pages\/3\/revisions"}],"predecessor-version":[{"id":201438,"href":"https:\/\/embroiderydownload.com\/es\/wp-json\/wp\/v2\/pages\/3\/revisions\/201438"}],"wp:attachment":[{"href":"https:\/\/embroiderydownload.com\/es\/wp-json\/wp\/v2\/media?parent=3"}],"curies":[{"name":"wp","href":"https:\/\/api.w.org\/{rel}","templated":true}]}}