{"id":4642,"date":"2021-08-31T20:22:58","date_gmt":"2021-08-31T18:22:58","guid":{"rendered":"https:\/\/embroiderydownload.com\/popular-searches\/"},"modified":"2021-08-31T20:22:58","modified_gmt":"2021-08-31T18:22:58","slug":"popular-searches","status":"publish","type":"page","link":"https:\/\/embroiderydownload.com\/es\/busquedas-populares\/","title":{"rendered":"B\u00fasquedas populares"},"content":{"rendered":"<div style=\"line-height: 1.5;\">\n<a style=\"font-size: 1.8em; margin-right: 10px;\" href=\"https:\/\/embroiderydownload.com\/es\/pages\/search-results\/baby lock\/\">cierre para beb\u00e9s<\/a> <a style=\"font-size: 1.3em; margin-right: 10px;\" href=\"https:\/\/embroiderydownload.com\/es\/pages\/search-results\/bamby\/\">bamby<\/a> <a style=\"font-size: 3.6em; margin-right: 10px;\" href=\"https:\/\/embroiderydownload.com\/es\/pages\/search-results\/cars\/\">coches<\/a> <a style=\"font-size: 1.4em; margin-right: 10px;\" href=\"https:\/\/embroiderydownload.com\/es\/pages\/search-results\/color palette formats\/\">formatos de paleta de colores<\/a> <a style=\"font-size: 3.0em; margin-right: 10px;\" href=\"https:\/\/embroiderydownload.com\/es\/pages\/search-results\/digital instant download\/\">descarga digital instant\u00e1nea<\/a> <a style=\"font-size: 2.4em; margin-right: 10px;\" href=\"https:\/\/embroiderydownload.com\/es\/pages\/search-results\/digital nature\/\">naturaleza digital<\/a> <a style=\"font-size: 3.1em; margin-right: 10px;\" href=\"https:\/\/embroiderydownload.com\/es\/pages\/search-results\/embroidery design\/\">Picajes de bordados<\/a> <a style=\"font-size: 2.4em; margin-right: 10px;\" href=\"https:\/\/embroiderydownload.com\/es\/pages\/search-results\/embroidery designs\/\">picajes de bordados<\/a> <a style=\"font-size: 3.9em; margin-right: 10px;\" href=\"https:\/\/embroiderydownload.com\/es\/pages\/search-results\/embroidery machine\/\">m\u00e1quina de bordar<\/a> <a style=\"font-size: 1.7em; margin-right: 10px;\" href=\"https:\/\/embroiderydownload.com\/es\/pages\/search-results\/exp  color palette\/\">paleta de colores exp<\/a> <a style=\"font-size: 1.7em; margin-right: 10px;\" href=\"https:\/\/embroiderydownload.com\/es\/pages\/search-results\/ford logo\/\">logo ford<\/a> <a style=\"font-size: 2.8em; margin-right: 10px;\" href=\"https:\/\/embroiderydownload.com\/es\/pages\/search-results\/hardware  software\/\">hardware software<\/a> <a style=\"font-size: 1.6em; margin-right: 10px;\" href=\"https:\/\/embroiderydownload.com\/es\/pages\/search-results\/inch\/\">pulgada<\/a> <a style=\"font-size: 1.3em; margin-right: 10px;\" href=\"https:\/\/embroiderydownload.com\/es\/pages\/search-results\/instant download  size\/\">tama\u00f1o de descarga instant\u00e1nea<\/a> <a style=\"font-size: 1.3em; margin-right: 10px;\" href=\"https:\/\/embroiderydownload.com\/es\/pages\/search-results\/jef\/\">jefa<\/a> <a style=\"font-size: 1.6em; margin-right: 10px;\" href=\"https:\/\/embroiderydownload.com\/es\/pages\/search-results\/minecraft\/\">minecraft<\/a> <a style=\"font-size: 1.4em; margin-right: 10px;\" href=\"https:\/\/embroiderydownload.com\/es\/pages\/search-results\/minion\/\">s\u00fabdito<\/a> <a style=\"font-size: 2.1em; margin-right: 10px;\" href=\"https:\/\/embroiderydownload.com\/es\/pages\/search-results\/mm\/\">mm<\/a> <a style=\"font-size: 1.3em; margin-right: 10px;\" href=\"https:\/\/embroiderydownload.com\/es\/pages\/search-results\/mm stitches\/\">mm puntadas<\/a> <a style=\"font-size: 2.0em; margin-right: 10px;\" href=\"https:\/\/embroiderydownload.com\/es\/pages\/search-results\/ninjago\/\">ninjago<\/a> <a style=\"font-size: 1.4em; margin-right: 10px;\" href=\"https:\/\/embroiderydownload.com\/es\/pages\/search-results\/patches\/\">parches<\/a> <a style=\"font-size: 1.3em; margin-right: 10px;\" href=\"https:\/\/embroiderydownload.com\/es\/pages\/search-results\/planet hollywood\/\">planeta hollywood<\/a> <a style=\"font-size: 1.7em; margin-right: 10px;\" href=\"https:\/\/embroiderydownload.com\/es\/pages\/search-results\/saurer slc\/\">saurer slc<\/a> <a style=\"font-size: 1.3em; margin-right: 10px;\" href=\"https:\/\/embroiderydownload.com\/es\/pages\/search-results\/size\/\">talla<\/a> <a style=\"font-size: 1.9em; margin-right: 10px;\" href=\"https:\/\/embroiderydownload.com\/es\/pages\/search-results\/star embroidery designs\/\">Picajes De Bordados De Estrellas<\/a> <a style=\"font-size: 1.7em; margin-right: 10px;\" href=\"https:\/\/embroiderydownload.com\/es\/pages\/search-results\/stitches\/\">puntos<\/a> <a style=\"font-size: 1.5em; margin-right: 10px;\" href=\"https:\/\/embroiderydownload.com\/es\/pages\/search-results\/water\/\">agua<\/a> <a style=\"font-size: 1.3em; margin-right: 10px;\" href=\"https:\/\/embroiderydownload.com\/es\/pages\/search-results\/xxx\/\">xxx<\/a> <a style=\"font-size: 3.3em; margin-right: 10px;\" href=\"https:\/\/embroiderydownload.com\/es\/pages\/search-results\/zip file\/\">archivo zip<\/a>\n<\/div>","protected":false},"excerpt":{"rendered":"<p>baby lock bamby coches paleta de colores formatos descarga digital instant\u00e1nea digital naturaleza dise\u00f1o de bordado dise\u00f1os de bordado m\u00e1quina exp paleta de colores ford logo hardware software pulgadas descarga instant\u00e1nea tama\u00f1o jef minecraft minion mm mm puntadas ninjago parches planeta hollywood saurer slc tama\u00f1o estrella dise\u00f1os de bordado puntadas agua xxx archivo zip<\/p>","protected":false},"author":1,"featured_media":0,"parent":0,"menu_order":0,"comment_status":"closed","ping_status":"closed","template":"","meta":{"footnotes":""},"yoast_head":"<!-- This site is optimized with the Yoast SEO plugin v17.5 - https:\/\/yoast.com\/wordpress\/plugins\/seo\/ -->\n<title>Popular Searches - EmbroideryDownload<\/title>\n<meta name=\"robots\" content=\"index, follow, max-snippet:-1, max-image-preview:large, max-video-preview:-1\" \/>\n<link rel=\"canonical\" href=\"https:\/\/embroiderydownload.com\/es\/busquedas-populares\/\" \/>\n<meta property=\"og:locale\" content=\"es_ES\" \/>\n<meta property=\"og:type\" content=\"article\" \/>\n<meta property=\"og:title\" content=\"Popular Searches - EmbroideryDownload\" \/>\n<meta property=\"og:description\" content=\"baby lock bamby cars color palette formats digital instant download digital nature embroidery design embroidery designs embroidery machine exp color palette ford logo hardware software inch instant download size jef minecraft minion mm mm stitches ninjago patches planet hollywood saurer slc size star embroidery designs stitches water xxx zip file\" \/>\n<meta property=\"og:url\" content=\"https:\/\/embroiderydownload.com\/es\/busquedas-populares\/\" \/>\n<meta property=\"og:site_name\" content=\"EmbroideryDownload\" \/>\n<meta name=\"twitter:card\" content=\"summary_large_image\" \/>\n<script type=\"application\/ld+json\" class=\"yoast-schema-graph\">{\"@context\":\"https:\/\/schema.org\",\"@graph\":[{\"@type\":\"WebSite\",\"@id\":\"https:\/\/embroiderydownload.com\/fr\/#website\",\"url\":\"https:\/\/embroiderydownload.com\/fr\/\",\"name\":\"EmbroideryDownload\",\"description\":\"Embroidery Designs Instant Digital Download\",\"potentialAction\":[{\"@type\":\"SearchAction\",\"target\":{\"@type\":\"EntryPoint\",\"urlTemplate\":\"https:\/\/embroiderydownload.com\/fr\/?s={search_term_string}\"},\"query-input\":\"required name=search_term_string\"}],\"inLanguage\":\"es\"},{\"@type\":\"WebPage\",\"@id\":\"https:\/\/embroiderydownload.com\/popular-searches\/#webpage\",\"url\":\"https:\/\/embroiderydownload.com\/popular-searches\/\",\"name\":\"Popular Searches - EmbroideryDownload\",\"isPartOf\":{\"@id\":\"https:\/\/embroiderydownload.com\/fr\/#website\"},\"datePublished\":\"2021-08-31T18:22:58+00:00\",\"dateModified\":\"2021-08-31T18:22:58+00:00\",\"breadcrumb\":{\"@id\":\"https:\/\/embroiderydownload.com\/popular-searches\/#breadcrumb\"},\"inLanguage\":\"es\",\"potentialAction\":[{\"@type\":\"ReadAction\",\"target\":[\"https:\/\/embroiderydownload.com\/popular-searches\/\"]}]},{\"@type\":\"BreadcrumbList\",\"@id\":\"https:\/\/embroiderydownload.com\/popular-searches\/#breadcrumb\",\"itemListElement\":[{\"@type\":\"ListItem\",\"position\":1,\"name\":\"Popular Searches\"}]}]}<\/script>\n<!-- \/ Yoast SEO plugin. -->","yoast_head_json":{"title":"Popular Searches - EmbroideryDownload","robots":{"index":"index","follow":"follow","max-snippet":"max-snippet:-1","max-image-preview":"max-image-preview:large","max-video-preview":"max-video-preview:-1"},"canonical":"https:\/\/embroiderydownload.com\/es\/busquedas-populares\/","og_locale":"es_ES","og_type":"article","og_title":"Popular Searches - EmbroideryDownload","og_description":"baby lock bamby cars color palette formats digital instant download digital nature embroidery design embroidery designs embroidery machine exp color palette ford logo hardware software inch instant download size jef minecraft minion mm mm stitches ninjago patches planet hollywood saurer slc size star embroidery designs stitches water xxx zip file","og_url":"https:\/\/embroiderydownload.com\/es\/busquedas-populares\/","og_site_name":"EmbroideryDownload","twitter_card":"summary_large_image","schema":{"@context":"https:\/\/schema.org","@graph":[{"@type":"WebSite","@id":"https:\/\/embroiderydownload.com\/fr\/#website","url":"https:\/\/embroiderydownload.com\/fr\/","name":"EmbroideryDownload","description":"Embroidery Designs Instant Digital Download","potentialAction":[{"@type":"SearchAction","target":{"@type":"EntryPoint","urlTemplate":"https:\/\/embroiderydownload.com\/fr\/?s={search_term_string}"},"query-input":"required name=search_term_string"}],"inLanguage":"es"},{"@type":"WebPage","@id":"https:\/\/embroiderydownload.com\/popular-searches\/#webpage","url":"https:\/\/embroiderydownload.com\/popular-searches\/","name":"Popular Searches - EmbroideryDownload","isPartOf":{"@id":"https:\/\/embroiderydownload.com\/fr\/#website"},"datePublished":"2021-08-31T18:22:58+00:00","dateModified":"2021-08-31T18:22:58+00:00","breadcrumb":{"@id":"https:\/\/embroiderydownload.com\/popular-searches\/#breadcrumb"},"inLanguage":"es","potentialAction":[{"@type":"ReadAction","target":["https:\/\/embroiderydownload.com\/popular-searches\/"]}]},{"@type":"BreadcrumbList","@id":"https:\/\/embroiderydownload.com\/popular-searches\/#breadcrumb","itemListElement":[{"@type":"ListItem","position":1,"name":"Popular Searches"}]}]}},"_links":{"self":[{"href":"https:\/\/embroiderydownload.com\/es\/wp-json\/wp\/v2\/pages\/4642"}],"collection":[{"href":"https:\/\/embroiderydownload.com\/es\/wp-json\/wp\/v2\/pages"}],"about":[{"href":"https:\/\/embroiderydownload.com\/es\/wp-json\/wp\/v2\/types\/page"}],"author":[{"embeddable":true,"href":"https:\/\/embroiderydownload.com\/es\/wp-json\/wp\/v2\/users\/1"}],"replies":[{"embeddable":true,"href":"https:\/\/embroiderydownload.com\/es\/wp-json\/wp\/v2\/comments?post=4642"}],"version-history":[{"count":0,"href":"https:\/\/embroiderydownload.com\/es\/wp-json\/wp\/v2\/pages\/4642\/revisions"}],"wp:attachment":[{"href":"https:\/\/embroiderydownload.com\/es\/wp-json\/wp\/v2\/media?parent=4642"}],"curies":[{"name":"wp","href":"https:\/\/api.w.org\/{rel}","templated":true}]}}