{"id":100390,"date":"2021-10-27T19:33:40","date_gmt":"2021-10-27T17:33:40","guid":{"rendered":"https:\/\/embroiderydownload.com\/product\/scrapgirl-dots-embroidery-font-set-download\/"},"modified":"2023-03-23T14:11:46","modified_gmt":"2023-03-23T13:11:46","slug":"scrapgirl-dots-embroidery-font-set-download","status":"publish","type":"product","link":"https:\/\/embroiderydownload.com\/es\/products\/descarga-picaje-puntos-bordado-fuente-set-scrapgirl\/","title":{"rendered":"Scrapgirl Dots Embroidery Font Set Descargar"},"content":{"rendered":"<p>&nbsp;<\/p>\n<p><strong>Scrapgirl Dots Fuente<\/strong> bordado profesional <strong>Alfabeto<\/strong> dise\u00f1o digital Descarga Instant\u00e1nea. Alta calidad de dise\u00f1o de la m\u00e1quina de bordar.<\/p>\n<p>&nbsp;<\/p>\n<p><strong>Las letras son archivos de puntadas individuales y, por lo tanto, debe disponer de un software de edici\u00f3n de bordados para unir las letras y formar palabras, nombres y monogramas. Las medidas son aproximadas ya que hay algunas letras que var\u00edan de tama\u00f1o.\u00a0<\/strong><\/p>\n<p>\u2605 Tama\u00f1o 0,53 \u00d7 0,64 inch - 13,70 x 16,30 mm - Puntadas: 323<br \/>\n\u2605 Tama\u00f1o 1,05 \u00d7 1,25 pulgadas - 26,80 x 32,00 mm - Puntadas: 614<br \/>\n\u2605 Tama\u00f1o 1,56 \u00d7 1,85 pulgadas - 39,70 x 47,20 mm - Puntadas: 1371<\/p>\n<p>\u2605 Formatos que se incluir\u00e1n en un archivo ZIP tras la compra<\/p>\n<ul>\n<li>Deco, Brother, Baby Lock:\u00a0<strong>PSE<\/strong><\/li>\n<li>Husqvarna, Viking:\u00a0<strong>HUS, SEW<\/strong><\/li>\n<li>Janome, Elna, Kenmore:\u00a0<strong>JEF<\/strong><\/li>\n<li>Melco:\u00a0<strong>EXP<\/strong><\/li>\n<li>Compucon, Singer:\u00a0<strong>XXX<\/strong><\/li>\n<li>Tajima:\u00a0<strong>DST<\/strong><\/li>\n<li>Pfaff:<b>\u00a0VIP, VP3<\/b><\/li>\n<\/ul>\n<p><strong><\/strong><\/p>","protected":false},"excerpt":{"rendered":"<style>.elementor-204929 .elementor-element.elementor-element-95a9a0b{margin-top:0px;margin-bottom:0px;padding:0px 0px 0px 0px;overflow:visible;}.elementor-204929 .elementor-element.elementor-element-84e32b5 > .elementor-element-populated{margin:0px 0px 0px 0px;--e-column-margin-right:0px;--e-column-margin-left:0px;padding:0px 0px 0px 0px;}.elementor-204929 .elementor-element.elementor-element-4e302eb{text-align:left;}<\/style>\n<div class=\"porto-block elementor elementor-204929\" data-id=\"204929\">\n<section class=\"elementor-section elementor-top-section elementor-element elementor-element-95a9a0b elementor-section-full_width elementor-section-height-default elementor-section-height-default\" data-id=\"95a9a0b\" data-element_type=\"section\" data-settings=\"{&quot;ekit_has_onepagescroll_dot&quot;:&quot;yes&quot;}\">\n<div class=\"elementor-container elementor-column-gap-default\">\n<div class=\"elementor-column elementor-col-100 elementor-top-column elementor-element elementor-element-84e32b5\" data-id=\"84e32b5\" data-element_type=\"column\">\n<div class=\"elementor-widget-wrap elementor-element-populated\">\n<div class=\"elementor-element elementor-element-4e302eb elementor-widget elementor-widget-image\" data-id=\"4e302eb\" data-element_type=\"widget\" data-settings=\"{&quot;ekit_we_effect_on&quot;:&quot;none&quot;}\" data-widget_type=\"image.default\">\n<div class=\"elementor-widget-container\">\n<style>\/*! elementor - v3.12.1 - 02-04-2023 *\/\n.elementor-widget-image{text-align:center}.elementor-widget-image a{display:inline-block}.elementor-widget-image a img[src$=\".svg\"]{width:48px}.elementor-widget-image img{vertical-align:middle;display:inline-block}<\/style>\n<p>\t\t\t\t\t\t\t\t\t\t\t\t<img decoding=\"async\" width=\"300\" height=\"84\" src=\"https:\/\/embroiderydownload.com\/wp-content\/uploads\/2022\/11\/icons-values-eng.svg\" class=\"attachment-large size-large wp-image-204901\" alt=\"\" loading=\"lazy\" \/>\t\t\t\t\t\t\t\t\t\t\t\t\t\t\t<\/div>\n<\/p><\/div>\n<\/p><\/div>\n<\/p><\/div>\n<\/p><\/div>\n<\/section><\/div>","protected":false},"featured_media":100391,"template":"","meta":[],"product_cat":[12190],"product_tag":[26,147,139,1446],"yoast_head":"<!-- This site is optimized with the Yoast SEO plugin v17.5 - https:\/\/yoast.com\/wordpress\/plugins\/seo\/ -->\n<title>Scrapgirl Dots Embroidery Font Set Download - EmbroideryDownload<\/title>\n<meta name=\"description\" content=\"Download the Scrapgirl Dots Embroidery Font Set and add a touch of whimsy to your designs. Perfect for crafters and designers alike!\" \/>\n<meta name=\"robots\" content=\"index, follow, max-snippet:-1, max-image-preview:large, max-video-preview:-1\" \/>\n<link rel=\"canonical\" href=\"https:\/\/embroiderydownload.com\/es\/products\/descarga-picaje-puntos-bordado-fuente-set-scrapgirl\/\" \/>\n<meta property=\"og:locale\" content=\"es_ES\" \/>\n<meta property=\"og:type\" content=\"article\" \/>\n<meta property=\"og:title\" content=\"Scrapgirl Dots Embroidery Font Set Download - EmbroideryDownload\" \/>\n<meta property=\"og:description\" content=\"Download the Scrapgirl Dots Embroidery Font Set and add a touch of whimsy to your designs. Perfect for crafters and designers alike!\" \/>\n<meta property=\"og:url\" content=\"https:\/\/embroiderydownload.com\/es\/products\/descarga-picaje-puntos-bordado-fuente-set-scrapgirl\/\" \/>\n<meta property=\"og:site_name\" content=\"EmbroideryDownload\" \/>\n<meta property=\"article:modified_time\" content=\"2023-03-23T13:11:46+00:00\" \/>\n<meta property=\"og:image\" content=\"https:\/\/embroiderydownload.com\/wp-content\/uploads\/2021\/10\/embroidery-design-logo_b5bc814d-2c72-4b2a-a5fa-96eebb7dc6e0-1.jpg\" \/>\n\t<meta property=\"og:image:width\" content=\"1312\" \/>\n\t<meta property=\"og:image:height\" content=\"1312\" \/>\n<meta name=\"twitter:card\" content=\"summary_large_image\" \/>\n<meta name=\"twitter:label1\" content=\"Precio\" \/>\n\t<meta name=\"twitter:data1\" content=\"&euro;2.99\" \/>\n\t<meta name=\"twitter:label2\" content=\"Availability\" \/>\n\t<meta name=\"twitter:data2\" content=\"In stock\" \/>\n<script type=\"application\/ld+json\" class=\"yoast-schema-graph\">{\"@context\":\"https:\/\/schema.org\",\"@graph\":[{\"@type\":\"WebSite\",\"@id\":\"https:\/\/embroiderydownload.com\/fr\/#website\",\"url\":\"https:\/\/embroiderydownload.com\/fr\/\",\"name\":\"EmbroideryDownload\",\"description\":\"Embroidery Designs Instant Digital Download\",\"potentialAction\":[{\"@type\":\"SearchAction\",\"target\":{\"@type\":\"EntryPoint\",\"urlTemplate\":\"https:\/\/embroiderydownload.com\/fr\/?s={search_term_string}\"},\"query-input\":\"required name=search_term_string\"}],\"inLanguage\":\"es\"},{\"@type\":\"ImageObject\",\"@id\":\"https:\/\/embroiderydownload.com\/products\/scrapgirl-dots-embroidery-font-set-download\/#primaryimage\",\"inLanguage\":\"es\",\"url\":\"https:\/\/embroiderydownload.com\/wp-content\/uploads\/2021\/10\/embroidery-design-logo_b5bc814d-2c72-4b2a-a5fa-96eebb7dc6e0-1.jpg\",\"contentUrl\":\"https:\/\/embroiderydownload.com\/wp-content\/uploads\/2021\/10\/embroidery-design-logo_b5bc814d-2c72-4b2a-a5fa-96eebb7dc6e0-1.jpg\",\"width\":1312,\"height\":1312},{\"@type\":\"WebPage\",\"@id\":\"https:\/\/embroiderydownload.com\/products\/scrapgirl-dots-embroidery-font-set-download\/#webpage\",\"url\":\"https:\/\/embroiderydownload.com\/products\/scrapgirl-dots-embroidery-font-set-download\/\",\"name\":\"Scrapgirl Dots Embroidery Font Set Download - EmbroideryDownload\",\"isPartOf\":{\"@id\":\"https:\/\/embroiderydownload.com\/fr\/#website\"},\"primaryImageOfPage\":{\"@id\":\"https:\/\/embroiderydownload.com\/products\/scrapgirl-dots-embroidery-font-set-download\/#primaryimage\"},\"datePublished\":\"2021-10-27T17:33:40+00:00\",\"dateModified\":\"2023-03-23T13:11:46+00:00\",\"description\":\"Download the Scrapgirl Dots Embroidery Font Set and add a touch of whimsy to your designs. Perfect for crafters and designers alike!\",\"breadcrumb\":{\"@id\":\"https:\/\/embroiderydownload.com\/products\/scrapgirl-dots-embroidery-font-set-download\/#breadcrumb\"},\"inLanguage\":\"es\",\"potentialAction\":[{\"@type\":\"ReadAction\",\"target\":[\"https:\/\/embroiderydownload.com\/products\/scrapgirl-dots-embroidery-font-set-download\/\"]}]},{\"@type\":\"BreadcrumbList\",\"@id\":\"https:\/\/embroiderydownload.com\/products\/scrapgirl-dots-embroidery-font-set-download\/#breadcrumb\",\"itemListElement\":[{\"@type\":\"ListItem\",\"position\":1,\"name\":\"Shop\",\"item\":\"https:\/\/embroiderydownload.com\/it\/negozio-2\/\"},{\"@type\":\"ListItem\",\"position\":2,\"name\":\"Scrapgirl Dots Embroidery Font Set Download\"}]}]}<\/script>\n<!-- \/ Yoast SEO plugin. -->","yoast_head_json":{"title":"Scrapgirl Dots Embroidery Font Set Download - EmbroideryDownload","description":"Download the Scrapgirl Dots Embroidery Font Set and add a touch of whimsy to your designs. Perfect for crafters and designers alike!","robots":{"index":"index","follow":"follow","max-snippet":"max-snippet:-1","max-image-preview":"max-image-preview:large","max-video-preview":"max-video-preview:-1"},"canonical":"https:\/\/embroiderydownload.com\/es\/products\/descarga-picaje-puntos-bordado-fuente-set-scrapgirl\/","og_locale":"es_ES","og_type":"article","og_title":"Scrapgirl Dots Embroidery Font Set Download - EmbroideryDownload","og_description":"Download the Scrapgirl Dots Embroidery Font Set and add a touch of whimsy to your designs. Perfect for crafters and designers alike!","og_url":"https:\/\/embroiderydownload.com\/es\/products\/descarga-picaje-puntos-bordado-fuente-set-scrapgirl\/","og_site_name":"EmbroideryDownload","article_modified_time":"2023-03-23T13:11:46+00:00","og_image":[{"width":1312,"height":1312,"url":"https:\/\/embroiderydownload.com\/wp-content\/uploads\/2021\/10\/embroidery-design-logo_b5bc814d-2c72-4b2a-a5fa-96eebb7dc6e0-1.jpg","type":"image\/jpeg"}],"twitter_card":"summary_large_image","twitter_misc":{"Precio":"&euro;2.99","Availability":"In stock"},"schema":{"@context":"https:\/\/schema.org","@graph":[{"@type":"WebSite","@id":"https:\/\/embroiderydownload.com\/fr\/#website","url":"https:\/\/embroiderydownload.com\/fr\/","name":"EmbroideryDownload","description":"Embroidery Designs Instant Digital Download","potentialAction":[{"@type":"SearchAction","target":{"@type":"EntryPoint","urlTemplate":"https:\/\/embroiderydownload.com\/fr\/?s={search_term_string}"},"query-input":"required name=search_term_string"}],"inLanguage":"es"},{"@type":"ImageObject","@id":"https:\/\/embroiderydownload.com\/products\/scrapgirl-dots-embroidery-font-set-download\/#primaryimage","inLanguage":"es","url":"https:\/\/embroiderydownload.com\/wp-content\/uploads\/2021\/10\/embroidery-design-logo_b5bc814d-2c72-4b2a-a5fa-96eebb7dc6e0-1.jpg","contentUrl":"https:\/\/embroiderydownload.com\/wp-content\/uploads\/2021\/10\/embroidery-design-logo_b5bc814d-2c72-4b2a-a5fa-96eebb7dc6e0-1.jpg","width":1312,"height":1312},{"@type":"WebPage","@id":"https:\/\/embroiderydownload.com\/products\/scrapgirl-dots-embroidery-font-set-download\/#webpage","url":"https:\/\/embroiderydownload.com\/products\/scrapgirl-dots-embroidery-font-set-download\/","name":"Scrapgirl Dots Embroidery Font Set Download - EmbroideryDownload","isPartOf":{"@id":"https:\/\/embroiderydownload.com\/fr\/#website"},"primaryImageOfPage":{"@id":"https:\/\/embroiderydownload.com\/products\/scrapgirl-dots-embroidery-font-set-download\/#primaryimage"},"datePublished":"2021-10-27T17:33:40+00:00","dateModified":"2023-03-23T13:11:46+00:00","description":"Download the Scrapgirl Dots Embroidery Font Set and add a touch of whimsy to your designs. Perfect for crafters and designers alike!","breadcrumb":{"@id":"https:\/\/embroiderydownload.com\/products\/scrapgirl-dots-embroidery-font-set-download\/#breadcrumb"},"inLanguage":"es","potentialAction":[{"@type":"ReadAction","target":["https:\/\/embroiderydownload.com\/products\/scrapgirl-dots-embroidery-font-set-download\/"]}]},{"@type":"BreadcrumbList","@id":"https:\/\/embroiderydownload.com\/products\/scrapgirl-dots-embroidery-font-set-download\/#breadcrumb","itemListElement":[{"@type":"ListItem","position":1,"name":"Shop","item":"https:\/\/embroiderydownload.com\/it\/negozio-2\/"},{"@type":"ListItem","position":2,"name":"Scrapgirl Dots Embroidery Font Set Download"}]}]}},"_links":{"self":[{"href":"https:\/\/embroiderydownload.com\/es\/wp-json\/wp\/v2\/product\/100390"}],"collection":[{"href":"https:\/\/embroiderydownload.com\/es\/wp-json\/wp\/v2\/product"}],"about":[{"href":"https:\/\/embroiderydownload.com\/es\/wp-json\/wp\/v2\/types\/product"}],"version-history":[{"count":1,"href":"https:\/\/embroiderydownload.com\/es\/wp-json\/wp\/v2\/product\/100390\/revisions"}],"predecessor-version":[{"id":199405,"href":"https:\/\/embroiderydownload.com\/es\/wp-json\/wp\/v2\/product\/100390\/revisions\/199405"}],"wp:featuredmedia":[{"embeddable":true,"href":"https:\/\/embroiderydownload.com\/es\/wp-json\/wp\/v2\/media\/100391"}],"wp:attachment":[{"href":"https:\/\/embroiderydownload.com\/es\/wp-json\/wp\/v2\/media?parent=100390"}],"wp:term":[{"taxonomy":"product_cat","embeddable":true,"href":"https:\/\/embroiderydownload.com\/es\/wp-json\/wp\/v2\/product_cat?post=100390"},{"taxonomy":"product_tag","embeddable":true,"href":"https:\/\/embroiderydownload.com\/es\/wp-json\/wp\/v2\/product_tag?post=100390"}],"curies":[{"name":"wp","href":"https:\/\/api.w.org\/{rel}","templated":true}]}}