{"id":103711,"date":"2021-10-27T19:47:17","date_gmt":"2021-10-27T17:47:17","guid":{"rendered":"https:\/\/embroiderydownload.com\/product\/trump-2020-make-america-great-again-embroidery-design-download\/"},"modified":"2023-03-23T14:11:22","modified_gmt":"2023-03-23T13:11:22","slug":"trump-2020-make-america-great-again-embroidery-design-download","status":"publish","type":"product","link":"https:\/\/embroiderydownload.com\/es\/products\/descarga-picaje-bordado-trump-2020-hacer-america-grande-nuevamente\/","title":{"rendered":"Trump 2020 Make America Great Again Descarga Picaje Bordado"},"content":{"rendered":"<p>Picajes De Bordados \"<strong>Trump 2020 Make America Great Again<\/strong>\" letras. Similar a la famosa frase de Donald Trump.<\/p>\n<p>Tama\u00f1o: 2,50 x 2,51 pulgadas - 63,50 x 63,80 mm Puntadas: 5360<br \/>\nTama\u00f1o: 3,00 x 3,00 pulgadas - 76,20 x 76,40 mm Puntadas: 6255<br \/>\nTama\u00f1o: 3,49 x 3,51 pulgadas - 88,80 x 89,20 mm Puntadas: 7374<\/p>\n<p>Formatos que se incluir\u00e1n en un archivo ZIP tras la compra:<\/p>\n<p>Bernina: ART<br \/>\nDeco, Brother, Baby Lock: PEC<br \/>\nHusqvarna, Viking: HUS<br \/>\nJanome, Elna, Kenmore: JEF, SEW<br \/>\nMelco: EXP<br \/>\nCompucon: XXX<br \/>\nTajima: DST<\/p>\n<p>DEBIDO A LA NATURALEZA DIGITAL DE ESTE PRODUCTO, TODAS LAS VENTAS SON DEFINITIVAS.<\/p>\n<p>LOS DISE\u00d1OS DE BORDADOS NO SON PATCHES...Necesitar\u00e1 una m\u00e1quina de bordar, hardware y software para transferir los archivos a su m\u00e1quina de bordar.<\/p>","protected":false},"excerpt":{"rendered":"<style>.elementor-204929 .elementor-element.elementor-element-95a9a0b{margin-top:0px;margin-bottom:0px;padding:0px 0px 0px 0px;overflow:visible;}.elementor-204929 .elementor-element.elementor-element-84e32b5 > .elementor-element-populated{margin:0px 0px 0px 0px;--e-column-margin-right:0px;--e-column-margin-left:0px;padding:0px 0px 0px 0px;}.elementor-204929 .elementor-element.elementor-element-4e302eb{text-align:left;}<\/style>\n<div class=\"porto-block elementor elementor-204929\" data-id=\"204929\">\n<section class=\"elementor-section elementor-top-section elementor-element elementor-element-95a9a0b elementor-section-full_width elementor-section-height-default elementor-section-height-default\" data-id=\"95a9a0b\" data-element_type=\"section\" data-settings=\"{&quot;ekit_has_onepagescroll_dot&quot;:&quot;yes&quot;}\">\n<div class=\"elementor-container elementor-column-gap-default\">\n<div class=\"elementor-column elementor-col-100 elementor-top-column elementor-element elementor-element-84e32b5\" data-id=\"84e32b5\" data-element_type=\"column\">\n<div class=\"elementor-widget-wrap elementor-element-populated\">\n<div class=\"elementor-element elementor-element-4e302eb elementor-widget elementor-widget-image\" data-id=\"4e302eb\" data-element_type=\"widget\" data-settings=\"{&quot;ekit_we_effect_on&quot;:&quot;none&quot;}\" data-widget_type=\"image.default\">\n<div class=\"elementor-widget-container\">\n<style>\/*! elementor - v3.12.1 - 02-04-2023 *\/\n.elementor-widget-image{text-align:center}.elementor-widget-image a{display:inline-block}.elementor-widget-image a img[src$=\".svg\"]{width:48px}.elementor-widget-image img{vertical-align:middle;display:inline-block}<\/style>\n<p>\t\t\t\t\t\t\t\t\t\t\t\t<img decoding=\"async\" width=\"300\" height=\"84\" src=\"https:\/\/embroiderydownload.com\/wp-content\/uploads\/2022\/11\/icons-values-eng.svg\" class=\"attachment-large size-large wp-image-204901\" alt=\"\" loading=\"lazy\" \/>\t\t\t\t\t\t\t\t\t\t\t\t\t\t\t<\/div>\n<\/p><\/div>\n<\/p><\/div>\n<\/p><\/div>\n<\/p><\/div>\n<\/section><\/div>","protected":false},"featured_media":103712,"template":"","meta":[],"product_cat":[12198],"product_tag":[26,1020,72,1021,1022,1023,876,1024,551],"yoast_head":"<!-- This site is optimized with the Yoast SEO plugin v17.5 - https:\/\/yoast.com\/wordpress\/plugins\/seo\/ -->\n<title>Trump 2020 Make America Great Again Embroidery Design Download - EmbroideryDownload<\/title>\n<meta name=\"description\" content=\"Download the Trump 2020 Make America Great Again embroidery design and show your support!\" \/>\n<meta name=\"robots\" content=\"index, follow, max-snippet:-1, max-image-preview:large, max-video-preview:-1\" \/>\n<link rel=\"canonical\" href=\"https:\/\/embroiderydownload.com\/es\/products\/descarga-picaje-bordado-trump-2020-hacer-america-grande-nuevamente\/\" \/>\n<meta property=\"og:locale\" content=\"es_ES\" \/>\n<meta property=\"og:type\" content=\"article\" \/>\n<meta property=\"og:title\" content=\"Trump 2020 Make America Great Again Embroidery Design Download - EmbroideryDownload\" \/>\n<meta property=\"og:description\" content=\"Download the Trump 2020 Make America Great Again embroidery design and show your support!\" \/>\n<meta property=\"og:url\" content=\"https:\/\/embroiderydownload.com\/es\/products\/descarga-picaje-bordado-trump-2020-hacer-america-grande-nuevamente\/\" \/>\n<meta property=\"og:site_name\" content=\"EmbroideryDownload\" \/>\n<meta property=\"article:modified_time\" content=\"2023-03-23T13:11:22+00:00\" \/>\n<meta property=\"og:image\" content=\"https:\/\/embroiderydownload.com\/wp-content\/uploads\/2021\/10\/embroidery-design-logo_7896106d-e6b5-42b0-bf5c-882d40764c31-1.jpg\" \/>\n\t<meta property=\"og:image:width\" content=\"700\" \/>\n\t<meta property=\"og:image:height\" content=\"700\" \/>\n<meta name=\"twitter:card\" content=\"summary_large_image\" \/>\n<meta name=\"twitter:label1\" content=\"Precio\" \/>\n\t<meta name=\"twitter:data1\" content=\"&euro;2.99\" \/>\n\t<meta name=\"twitter:label2\" content=\"Availability\" \/>\n\t<meta name=\"twitter:data2\" content=\"In stock\" \/>\n<script type=\"application\/ld+json\" class=\"yoast-schema-graph\">{\"@context\":\"https:\/\/schema.org\",\"@graph\":[{\"@type\":\"WebSite\",\"@id\":\"https:\/\/embroiderydownload.com\/fr\/#website\",\"url\":\"https:\/\/embroiderydownload.com\/fr\/\",\"name\":\"EmbroideryDownload\",\"description\":\"Embroidery Designs Instant Digital Download\",\"potentialAction\":[{\"@type\":\"SearchAction\",\"target\":{\"@type\":\"EntryPoint\",\"urlTemplate\":\"https:\/\/embroiderydownload.com\/fr\/?s={search_term_string}\"},\"query-input\":\"required name=search_term_string\"}],\"inLanguage\":\"es\"},{\"@type\":\"ImageObject\",\"@id\":\"https:\/\/embroiderydownload.com\/products\/trump-2020-make-america-great-again-embroidery-design-download\/#primaryimage\",\"inLanguage\":\"es\",\"url\":\"https:\/\/embroiderydownload.com\/wp-content\/uploads\/2021\/10\/embroidery-design-logo_7896106d-e6b5-42b0-bf5c-882d40764c31-1.jpg\",\"contentUrl\":\"https:\/\/embroiderydownload.com\/wp-content\/uploads\/2021\/10\/embroidery-design-logo_7896106d-e6b5-42b0-bf5c-882d40764c31-1.jpg\",\"width\":700,\"height\":700},{\"@type\":\"WebPage\",\"@id\":\"https:\/\/embroiderydownload.com\/products\/trump-2020-make-america-great-again-embroidery-design-download\/#webpage\",\"url\":\"https:\/\/embroiderydownload.com\/products\/trump-2020-make-america-great-again-embroidery-design-download\/\",\"name\":\"Trump 2020 Make America Great Again Embroidery Design Download - EmbroideryDownload\",\"isPartOf\":{\"@id\":\"https:\/\/embroiderydownload.com\/fr\/#website\"},\"primaryImageOfPage\":{\"@id\":\"https:\/\/embroiderydownload.com\/products\/trump-2020-make-america-great-again-embroidery-design-download\/#primaryimage\"},\"datePublished\":\"2021-10-27T17:47:17+00:00\",\"dateModified\":\"2023-03-23T13:11:22+00:00\",\"description\":\"Download the Trump 2020 Make America Great Again embroidery design and show your support!\",\"breadcrumb\":{\"@id\":\"https:\/\/embroiderydownload.com\/products\/trump-2020-make-america-great-again-embroidery-design-download\/#breadcrumb\"},\"inLanguage\":\"es\",\"potentialAction\":[{\"@type\":\"ReadAction\",\"target\":[\"https:\/\/embroiderydownload.com\/products\/trump-2020-make-america-great-again-embroidery-design-download\/\"]}]},{\"@type\":\"BreadcrumbList\",\"@id\":\"https:\/\/embroiderydownload.com\/products\/trump-2020-make-america-great-again-embroidery-design-download\/#breadcrumb\",\"itemListElement\":[{\"@type\":\"ListItem\",\"position\":1,\"name\":\"Shop\",\"item\":\"https:\/\/embroiderydownload.com\/it\/negozio-2\/\"},{\"@type\":\"ListItem\",\"position\":2,\"name\":\"Trump 2020 Make America Great Again Embroidery Design Download\"}]}]}<\/script>\n<!-- \/ Yoast SEO plugin. -->","yoast_head_json":{"title":"Trump 2020 Make America Great Again Embroidery Design Download - EmbroideryDownload","description":"Download the Trump 2020 Make America Great Again embroidery design and show your support!","robots":{"index":"index","follow":"follow","max-snippet":"max-snippet:-1","max-image-preview":"max-image-preview:large","max-video-preview":"max-video-preview:-1"},"canonical":"https:\/\/embroiderydownload.com\/es\/products\/descarga-picaje-bordado-trump-2020-hacer-america-grande-nuevamente\/","og_locale":"es_ES","og_type":"article","og_title":"Trump 2020 Make America Great Again Embroidery Design Download - EmbroideryDownload","og_description":"Download the Trump 2020 Make America Great Again embroidery design and show your support!","og_url":"https:\/\/embroiderydownload.com\/es\/products\/descarga-picaje-bordado-trump-2020-hacer-america-grande-nuevamente\/","og_site_name":"EmbroideryDownload","article_modified_time":"2023-03-23T13:11:22+00:00","og_image":[{"width":700,"height":700,"url":"https:\/\/embroiderydownload.com\/wp-content\/uploads\/2021\/10\/embroidery-design-logo_7896106d-e6b5-42b0-bf5c-882d40764c31-1.jpg","type":"image\/jpeg"}],"twitter_card":"summary_large_image","twitter_misc":{"Precio":"&euro;2.99","Availability":"In stock"},"schema":{"@context":"https:\/\/schema.org","@graph":[{"@type":"WebSite","@id":"https:\/\/embroiderydownload.com\/fr\/#website","url":"https:\/\/embroiderydownload.com\/fr\/","name":"EmbroideryDownload","description":"Embroidery Designs Instant Digital Download","potentialAction":[{"@type":"SearchAction","target":{"@type":"EntryPoint","urlTemplate":"https:\/\/embroiderydownload.com\/fr\/?s={search_term_string}"},"query-input":"required name=search_term_string"}],"inLanguage":"es"},{"@type":"ImageObject","@id":"https:\/\/embroiderydownload.com\/products\/trump-2020-make-america-great-again-embroidery-design-download\/#primaryimage","inLanguage":"es","url":"https:\/\/embroiderydownload.com\/wp-content\/uploads\/2021\/10\/embroidery-design-logo_7896106d-e6b5-42b0-bf5c-882d40764c31-1.jpg","contentUrl":"https:\/\/embroiderydownload.com\/wp-content\/uploads\/2021\/10\/embroidery-design-logo_7896106d-e6b5-42b0-bf5c-882d40764c31-1.jpg","width":700,"height":700},{"@type":"WebPage","@id":"https:\/\/embroiderydownload.com\/products\/trump-2020-make-america-great-again-embroidery-design-download\/#webpage","url":"https:\/\/embroiderydownload.com\/products\/trump-2020-make-america-great-again-embroidery-design-download\/","name":"Trump 2020 Make America Great Again Embroidery Design Download - EmbroideryDownload","isPartOf":{"@id":"https:\/\/embroiderydownload.com\/fr\/#website"},"primaryImageOfPage":{"@id":"https:\/\/embroiderydownload.com\/products\/trump-2020-make-america-great-again-embroidery-design-download\/#primaryimage"},"datePublished":"2021-10-27T17:47:17+00:00","dateModified":"2023-03-23T13:11:22+00:00","description":"Download the Trump 2020 Make America Great Again embroidery design and show your support!","breadcrumb":{"@id":"https:\/\/embroiderydownload.com\/products\/trump-2020-make-america-great-again-embroidery-design-download\/#breadcrumb"},"inLanguage":"es","potentialAction":[{"@type":"ReadAction","target":["https:\/\/embroiderydownload.com\/products\/trump-2020-make-america-great-again-embroidery-design-download\/"]}]},{"@type":"BreadcrumbList","@id":"https:\/\/embroiderydownload.com\/products\/trump-2020-make-america-great-again-embroidery-design-download\/#breadcrumb","itemListElement":[{"@type":"ListItem","position":1,"name":"Shop","item":"https:\/\/embroiderydownload.com\/it\/negozio-2\/"},{"@type":"ListItem","position":2,"name":"Trump 2020 Make America Great Again Embroidery Design Download"}]}]}},"_links":{"self":[{"href":"https:\/\/embroiderydownload.com\/es\/wp-json\/wp\/v2\/product\/103711"}],"collection":[{"href":"https:\/\/embroiderydownload.com\/es\/wp-json\/wp\/v2\/product"}],"about":[{"href":"https:\/\/embroiderydownload.com\/es\/wp-json\/wp\/v2\/types\/product"}],"version-history":[{"count":1,"href":"https:\/\/embroiderydownload.com\/es\/wp-json\/wp\/v2\/product\/103711\/revisions"}],"predecessor-version":[{"id":199891,"href":"https:\/\/embroiderydownload.com\/es\/wp-json\/wp\/v2\/product\/103711\/revisions\/199891"}],"wp:featuredmedia":[{"embeddable":true,"href":"https:\/\/embroiderydownload.com\/es\/wp-json\/wp\/v2\/media\/103712"}],"wp:attachment":[{"href":"https:\/\/embroiderydownload.com\/es\/wp-json\/wp\/v2\/media?parent=103711"}],"wp:term":[{"taxonomy":"product_cat","embeddable":true,"href":"https:\/\/embroiderydownload.com\/es\/wp-json\/wp\/v2\/product_cat?post=103711"},{"taxonomy":"product_tag","embeddable":true,"href":"https:\/\/embroiderydownload.com\/es\/wp-json\/wp\/v2\/product_tag?post=103711"}],"curies":[{"name":"wp","href":"https:\/\/api.w.org\/{rel}","templated":true}]}}