{"id":209906,"date":"2023-09-09T19:54:07","date_gmt":"2023-09-09T17:54:07","guid":{"rendered":"https:\/\/embroiderydownload.com\/?post_type=product&#038;p=209906"},"modified":"2024-02-28T15:39:34","modified_gmt":"2024-02-28T14:39:34","slug":"hull-fc-embroidery-design-download","status":"publish","type":"product","link":"https:\/\/embroiderydownload.com\/es\/products\/casco-fc-descarga-picaje-bordado-diseno\/","title":{"rendered":"Hull FC Descarga Picajes Bordados"},"content":{"rendered":"<p>Presentamos la Descarga Picaje Bordado Hull FC, un dise\u00f1o \u00fanico e intrincado que a\u00f1adir\u00e1 un toque de sofisticaci\u00f3n a cualquier tejido. Este dise\u00f1o est\u00e1 disponible en cuatro tama\u00f1os diferentes, cada uno con un n\u00famero de puntadas distinto para garantizar el acabado perfecto.<\/p>\n<p>\u2605 Tama\u00f1o 3,5 \u00d7 3,91 pulgadas - 88,8 x 99,3 mm - Puntadas: 15726<br \/>\n\u2605 Tama\u00f1o 4,02 \u00d7 4,54 pulgadas - 102,0 x 115,3 mm - Puntadas: 18991<br \/>\n\u2605 Tama\u00f1o 4,38 \u00d7 4,93 pulgadas - 111,2 x 125,3 mm - Puntadas: 21296<br \/>\n\u2605 Tama\u00f1o 5,08 \u00d7 5,72 pulgadas - 129,0 x 145,3 mm - Puntadas: 26394<\/p>\n<p>Tras la compra, recibir\u00e1 un archivo ZIP que incluye los siguientes formatos:<\/p>\n<p>Bernina: ART<br \/>\nTajima: DST<br \/>\nMelco: EXP<br \/>\nHusqvarna, Viking: HUS<br \/>\nJanome, Elna, Kenmore: JEF, JEF+<br \/>\nHermano, Baby Lock: PEC, PES, PHC<br \/>\nCantante: PHC, XXX<br \/>\nOtros: SHV<\/p>","protected":false},"excerpt":{"rendered":"<p>Presentamos la Descarga Picaje Bordado Hull FC, un dise\u00f1o \u00fanico e intrincado que a\u00f1adir\u00e1 un toque de sofisticaci\u00f3n a cualquier tejido. Este dise\u00f1o est\u00e1 disponible en cuatro tama\u00f1os diferentes, cada uno con un n\u00famero de puntadas distinto para garantizar el acabado perfecto. \u2605 Tama\u00f1o 3,5 \u00d7 3,91 pulgadas - 88,8 x 99,3 mm - Puntadas: 15726 [...]<\/p>","protected":false},"featured_media":209815,"template":"","meta":[],"product_cat":[12292],"product_tag":[],"yoast_head":"<!-- This site is optimized with the Yoast SEO plugin v17.5 - https:\/\/yoast.com\/wordpress\/plugins\/seo\/ -->\n<title>Hull FC Embroidery Design Download<\/title>\n<meta name=\"description\" content=\"Download Hull FC Embroidery Design now! Perfect for all embroidery enthusiasts. High-quality, easy-to-use design.\" \/>\n<meta name=\"robots\" content=\"index, follow, max-snippet:-1, max-image-preview:large, max-video-preview:-1\" \/>\n<link rel=\"canonical\" href=\"https:\/\/embroiderydownload.com\/es\/products\/casco-fc-descarga-picaje-bordado-diseno\/\" \/>\n<meta property=\"og:locale\" content=\"es_ES\" \/>\n<meta property=\"og:type\" content=\"article\" \/>\n<meta property=\"og:title\" content=\"Hull FC Embroidery Design Download\" \/>\n<meta property=\"og:description\" content=\"Download Hull FC Embroidery Design now! Perfect for all embroidery enthusiasts. High-quality, easy-to-use design.\" \/>\n<meta property=\"og:url\" content=\"https:\/\/embroiderydownload.com\/es\/products\/casco-fc-descarga-picaje-bordado-diseno\/\" \/>\n<meta property=\"og:site_name\" content=\"EmbroideryDownload\" \/>\n<meta property=\"article:modified_time\" content=\"2024-02-28T14:39:34+00:00\" \/>\n<meta property=\"og:image\" content=\"https:\/\/embroiderydownload.com\/wp-content\/uploads\/2023\/09\/hull-fc-embroidery-design-logo.jpg\" \/>\n\t<meta property=\"og:image:width\" content=\"1312\" \/>\n\t<meta property=\"og:image:height\" content=\"1312\" \/>\n<meta name=\"twitter:card\" content=\"summary_large_image\" \/>\n<meta name=\"twitter:label1\" content=\"Precio\" \/>\n\t<meta name=\"twitter:data1\" content=\"&euro;6.99\" \/>\n\t<meta name=\"twitter:label2\" content=\"Availability\" \/>\n\t<meta name=\"twitter:data2\" content=\"In stock\" \/>\n<script type=\"application\/ld+json\" class=\"yoast-schema-graph\">{\"@context\":\"https:\/\/schema.org\",\"@graph\":[{\"@type\":\"WebSite\",\"@id\":\"https:\/\/embroiderydownload.com\/fr\/#website\",\"url\":\"https:\/\/embroiderydownload.com\/fr\/\",\"name\":\"EmbroideryDownload\",\"description\":\"Embroidery Designs Instant Digital Download\",\"potentialAction\":[{\"@type\":\"SearchAction\",\"target\":{\"@type\":\"EntryPoint\",\"urlTemplate\":\"https:\/\/embroiderydownload.com\/fr\/?s={search_term_string}\"},\"query-input\":\"required name=search_term_string\"}],\"inLanguage\":\"es\"},{\"@type\":\"ImageObject\",\"@id\":\"https:\/\/embroiderydownload.com\/products\/hull-fc-embroidery-design-download\/#primaryimage\",\"inLanguage\":\"es\",\"url\":\"https:\/\/embroiderydownload.com\/wp-content\/uploads\/2023\/09\/hull-fc-embroidery-design-logo.jpg\",\"contentUrl\":\"https:\/\/embroiderydownload.com\/wp-content\/uploads\/2023\/09\/hull-fc-embroidery-design-logo.jpg\",\"width\":1312,\"height\":1312},{\"@type\":\"WebPage\",\"@id\":\"https:\/\/embroiderydownload.com\/products\/hull-fc-embroidery-design-download\/#webpage\",\"url\":\"https:\/\/embroiderydownload.com\/products\/hull-fc-embroidery-design-download\/\",\"name\":\"Hull FC Embroidery Design Download\",\"isPartOf\":{\"@id\":\"https:\/\/embroiderydownload.com\/fr\/#website\"},\"primaryImageOfPage\":{\"@id\":\"https:\/\/embroiderydownload.com\/products\/hull-fc-embroidery-design-download\/#primaryimage\"},\"datePublished\":\"2023-09-09T17:54:07+00:00\",\"dateModified\":\"2024-02-28T14:39:34+00:00\",\"description\":\"Download Hull FC Embroidery Design now! Perfect for all embroidery enthusiasts. High-quality, easy-to-use design.\",\"breadcrumb\":{\"@id\":\"https:\/\/embroiderydownload.com\/products\/hull-fc-embroidery-design-download\/#breadcrumb\"},\"inLanguage\":\"es\",\"potentialAction\":[{\"@type\":\"ReadAction\",\"target\":[\"https:\/\/embroiderydownload.com\/products\/hull-fc-embroidery-design-download\/\"]}]},{\"@type\":\"BreadcrumbList\",\"@id\":\"https:\/\/embroiderydownload.com\/products\/hull-fc-embroidery-design-download\/#breadcrumb\",\"itemListElement\":[{\"@type\":\"ListItem\",\"position\":1,\"name\":\"Shop\",\"item\":\"https:\/\/embroiderydownload.com\/it\/negozio-2\/\"},{\"@type\":\"ListItem\",\"position\":2,\"name\":\"Hull FC Embroidery Design Download\"}]}]}<\/script>\n<!-- \/ Yoast SEO plugin. -->","yoast_head_json":{"title":"Hull FC Embroidery Design Download","description":"Download Hull FC Embroidery Design now! Perfect for all embroidery enthusiasts. High-quality, easy-to-use design.","robots":{"index":"index","follow":"follow","max-snippet":"max-snippet:-1","max-image-preview":"max-image-preview:large","max-video-preview":"max-video-preview:-1"},"canonical":"https:\/\/embroiderydownload.com\/es\/products\/casco-fc-descarga-picaje-bordado-diseno\/","og_locale":"es_ES","og_type":"article","og_title":"Hull FC Embroidery Design Download","og_description":"Download Hull FC Embroidery Design now! Perfect for all embroidery enthusiasts. High-quality, easy-to-use design.","og_url":"https:\/\/embroiderydownload.com\/es\/products\/casco-fc-descarga-picaje-bordado-diseno\/","og_site_name":"EmbroideryDownload","article_modified_time":"2024-02-28T14:39:34+00:00","og_image":[{"width":1312,"height":1312,"url":"https:\/\/embroiderydownload.com\/wp-content\/uploads\/2023\/09\/hull-fc-embroidery-design-logo.jpg","type":"image\/jpeg"}],"twitter_card":"summary_large_image","twitter_misc":{"Precio":"&euro;6.99","Availability":"In stock"},"schema":{"@context":"https:\/\/schema.org","@graph":[{"@type":"WebSite","@id":"https:\/\/embroiderydownload.com\/fr\/#website","url":"https:\/\/embroiderydownload.com\/fr\/","name":"EmbroideryDownload","description":"Embroidery Designs Instant Digital Download","potentialAction":[{"@type":"SearchAction","target":{"@type":"EntryPoint","urlTemplate":"https:\/\/embroiderydownload.com\/fr\/?s={search_term_string}"},"query-input":"required name=search_term_string"}],"inLanguage":"es"},{"@type":"ImageObject","@id":"https:\/\/embroiderydownload.com\/products\/hull-fc-embroidery-design-download\/#primaryimage","inLanguage":"es","url":"https:\/\/embroiderydownload.com\/wp-content\/uploads\/2023\/09\/hull-fc-embroidery-design-logo.jpg","contentUrl":"https:\/\/embroiderydownload.com\/wp-content\/uploads\/2023\/09\/hull-fc-embroidery-design-logo.jpg","width":1312,"height":1312},{"@type":"WebPage","@id":"https:\/\/embroiderydownload.com\/products\/hull-fc-embroidery-design-download\/#webpage","url":"https:\/\/embroiderydownload.com\/products\/hull-fc-embroidery-design-download\/","name":"Hull FC Embroidery Design Download","isPartOf":{"@id":"https:\/\/embroiderydownload.com\/fr\/#website"},"primaryImageOfPage":{"@id":"https:\/\/embroiderydownload.com\/products\/hull-fc-embroidery-design-download\/#primaryimage"},"datePublished":"2023-09-09T17:54:07+00:00","dateModified":"2024-02-28T14:39:34+00:00","description":"Download Hull FC Embroidery Design now! Perfect for all embroidery enthusiasts. High-quality, easy-to-use design.","breadcrumb":{"@id":"https:\/\/embroiderydownload.com\/products\/hull-fc-embroidery-design-download\/#breadcrumb"},"inLanguage":"es","potentialAction":[{"@type":"ReadAction","target":["https:\/\/embroiderydownload.com\/products\/hull-fc-embroidery-design-download\/"]}]},{"@type":"BreadcrumbList","@id":"https:\/\/embroiderydownload.com\/products\/hull-fc-embroidery-design-download\/#breadcrumb","itemListElement":[{"@type":"ListItem","position":1,"name":"Shop","item":"https:\/\/embroiderydownload.com\/it\/negozio-2\/"},{"@type":"ListItem","position":2,"name":"Hull FC Embroidery Design Download"}]}]}},"_links":{"self":[{"href":"https:\/\/embroiderydownload.com\/es\/wp-json\/wp\/v2\/product\/209906"}],"collection":[{"href":"https:\/\/embroiderydownload.com\/es\/wp-json\/wp\/v2\/product"}],"about":[{"href":"https:\/\/embroiderydownload.com\/es\/wp-json\/wp\/v2\/types\/product"}],"version-history":[{"count":1,"href":"https:\/\/embroiderydownload.com\/es\/wp-json\/wp\/v2\/product\/209906\/revisions"}],"predecessor-version":[{"id":210070,"href":"https:\/\/embroiderydownload.com\/es\/wp-json\/wp\/v2\/product\/209906\/revisions\/210070"}],"wp:featuredmedia":[{"embeddable":true,"href":"https:\/\/embroiderydownload.com\/es\/wp-json\/wp\/v2\/media\/209815"}],"wp:attachment":[{"href":"https:\/\/embroiderydownload.com\/es\/wp-json\/wp\/v2\/media?parent=209906"}],"wp:term":[{"taxonomy":"product_cat","embeddable":true,"href":"https:\/\/embroiderydownload.com\/es\/wp-json\/wp\/v2\/product_cat?post=209906"},{"taxonomy":"product_tag","embeddable":true,"href":"https:\/\/embroiderydownload.com\/es\/wp-json\/wp\/v2\/product_tag?post=209906"}],"curies":[{"name":"wp","href":"https:\/\/api.w.org\/{rel}","templated":true}]}}