{"id":209909,"date":"2023-09-09T19:54:07","date_gmt":"2023-09-09T17:54:07","guid":{"rendered":"https:\/\/embroiderydownload.com\/?post_type=product&#038;p=209909"},"modified":"2024-02-28T15:39:36","modified_gmt":"2024-02-28T14:39:36","slug":"peugeot-old-logo-embroidery-design-download","status":"publish","type":"product","link":"https:\/\/embroiderydownload.com\/es\/products\/peugeot-old-logo-embroidery-design-descargar\/","title":{"rendered":"Peugeot Antiguo Logotipo Bordado Descarga Picajes Bordados"},"content":{"rendered":"<p>Presentamos la Descarga Picaje Bordado Logotipo Antiguo Peugeot, un dise\u00f1o \u00fanico de inspiraci\u00f3n vintage que a\u00f1adir\u00e1 un toque de clase a cualquier tejido. Este dise\u00f1o est\u00e1 meticulosamente elaborado, lo que garantiza un acabado de alta calidad en todo momento.<\/p>\n<p>\u2605 3,93 x 3,77 pulgadas - 99,8 x 95,8 mm - Puntadas: 7589<br \/>\n\u2605 4,32 x 4,15 pulgadas - 109,8 x 105,4 mm - Puntadas: 8837<br \/>\n\u2605 4,72 x 4,53 pulgadas - 119,8 x 115,0 mm - Puntadas: 10048<br \/>\n\u2605 5,11 x 4,91 pulgadas - 129,8 x 124,6 mm - Puntadas: 11418<br \/>\n\u2605 5,50 x 5,28 pulgadas - 139,8 x 134,2 mm - Puntadas: 12909<br \/>\n\u2605 5,90 x 5,65 pulgadas - 149,8 x 143,6 mm - Puntadas: 14440<br \/>\n\u2605 6.29 x 6.03 inch - 159.8 x 153.2 MM - Puntadas: 16049<\/p>\n<p>Tras la compra, recibir\u00e1 un archivo ZIP que incluye los siguientes formatos:<\/p>\n<p>Bernina: ART<br \/>\nTajima: DST<br \/>\nMelco: EXP<br \/>\nHusqvarna, Viking: HUS<br \/>\nJanome, Elna, Kenmore: JEF, JEF+<br \/>\nHermano, Baby Lock: PEC, PES, PHC<br \/>\nCantante: PHC, XXX<br \/>\nOtros: SHV<\/p>","protected":false},"excerpt":{"rendered":"<p>Presentamos la Descarga Picaje Bordado Logotipo Antiguo Peugeot, un dise\u00f1o \u00fanico de inspiraci\u00f3n vintage que a\u00f1adir\u00e1 un toque de clase a cualquier tejido. Este dise\u00f1o est\u00e1 meticulosamente elaborado, lo que garantiza un acabado de alta calidad en todo momento. \u2605 3,93 x 3,77 pulgadas - 99,8 x 95,8 mm - Puntadas: 7589 \u2605 4,32 x 4,15 pulgadas - 109,8 x [...]<\/p>","protected":false},"featured_media":209855,"template":"","meta":[],"product_cat":[12091],"product_tag":[],"yoast_head":"<!-- This site is optimized with the Yoast SEO plugin v17.5 - https:\/\/yoast.com\/wordpress\/plugins\/seo\/ -->\n<title>Peugeot Old Logo Embroidery Design Download<\/title>\n<meta name=\"description\" content=\"Download Peugeot&#039;s Old Logo Embroidery Design. Perfect for car enthusiasts and embroidery lovers!\" \/>\n<meta name=\"robots\" content=\"index, follow, max-snippet:-1, max-image-preview:large, max-video-preview:-1\" \/>\n<link rel=\"canonical\" href=\"https:\/\/embroiderydownload.com\/es\/products\/peugeot-old-logo-embroidery-design-descargar\/\" \/>\n<meta property=\"og:locale\" content=\"es_ES\" \/>\n<meta property=\"og:type\" content=\"article\" \/>\n<meta property=\"og:title\" content=\"Peugeot Old Logo Embroidery Design Download\" \/>\n<meta property=\"og:description\" content=\"Download Peugeot&#039;s Old Logo Embroidery Design. Perfect for car enthusiasts and embroidery lovers!\" \/>\n<meta property=\"og:url\" content=\"https:\/\/embroiderydownload.com\/es\/products\/peugeot-old-logo-embroidery-design-descargar\/\" \/>\n<meta property=\"og:site_name\" content=\"EmbroideryDownload\" \/>\n<meta property=\"article:modified_time\" content=\"2024-02-28T14:39:36+00:00\" \/>\n<meta property=\"og:image\" content=\"https:\/\/embroiderydownload.com\/wp-content\/uploads\/2023\/09\/peugeot-old-logo-embroidery-design-logo.jpg\" \/>\n\t<meta property=\"og:image:width\" content=\"1312\" \/>\n\t<meta property=\"og:image:height\" content=\"1312\" \/>\n<meta name=\"twitter:card\" content=\"summary_large_image\" \/>\n<meta name=\"twitter:label1\" content=\"Precio\" \/>\n\t<meta name=\"twitter:data1\" content=\"&euro;6.99\" \/>\n\t<meta name=\"twitter:label2\" content=\"Availability\" \/>\n\t<meta name=\"twitter:data2\" content=\"In stock\" \/>\n<script type=\"application\/ld+json\" class=\"yoast-schema-graph\">{\"@context\":\"https:\/\/schema.org\",\"@graph\":[{\"@type\":\"WebSite\",\"@id\":\"https:\/\/embroiderydownload.com\/fr\/#website\",\"url\":\"https:\/\/embroiderydownload.com\/fr\/\",\"name\":\"EmbroideryDownload\",\"description\":\"Embroidery Designs Instant Digital Download\",\"potentialAction\":[{\"@type\":\"SearchAction\",\"target\":{\"@type\":\"EntryPoint\",\"urlTemplate\":\"https:\/\/embroiderydownload.com\/fr\/?s={search_term_string}\"},\"query-input\":\"required name=search_term_string\"}],\"inLanguage\":\"es\"},{\"@type\":\"ImageObject\",\"@id\":\"https:\/\/embroiderydownload.com\/products\/peugeot-old-logo-embroidery-design-download\/#primaryimage\",\"inLanguage\":\"es\",\"url\":\"https:\/\/embroiderydownload.com\/wp-content\/uploads\/2023\/09\/peugeot-old-logo-embroidery-design-logo.jpg\",\"contentUrl\":\"https:\/\/embroiderydownload.com\/wp-content\/uploads\/2023\/09\/peugeot-old-logo-embroidery-design-logo.jpg\",\"width\":1312,\"height\":1312},{\"@type\":\"WebPage\",\"@id\":\"https:\/\/embroiderydownload.com\/products\/peugeot-old-logo-embroidery-design-download\/#webpage\",\"url\":\"https:\/\/embroiderydownload.com\/products\/peugeot-old-logo-embroidery-design-download\/\",\"name\":\"Peugeot Old Logo Embroidery Design Download\",\"isPartOf\":{\"@id\":\"https:\/\/embroiderydownload.com\/fr\/#website\"},\"primaryImageOfPage\":{\"@id\":\"https:\/\/embroiderydownload.com\/products\/peugeot-old-logo-embroidery-design-download\/#primaryimage\"},\"datePublished\":\"2023-09-09T17:54:07+00:00\",\"dateModified\":\"2024-02-28T14:39:36+00:00\",\"description\":\"Download Peugeot's Old Logo Embroidery Design. Perfect for car enthusiasts and embroidery lovers!\",\"breadcrumb\":{\"@id\":\"https:\/\/embroiderydownload.com\/products\/peugeot-old-logo-embroidery-design-download\/#breadcrumb\"},\"inLanguage\":\"es\",\"potentialAction\":[{\"@type\":\"ReadAction\",\"target\":[\"https:\/\/embroiderydownload.com\/products\/peugeot-old-logo-embroidery-design-download\/\"]}]},{\"@type\":\"BreadcrumbList\",\"@id\":\"https:\/\/embroiderydownload.com\/products\/peugeot-old-logo-embroidery-design-download\/#breadcrumb\",\"itemListElement\":[{\"@type\":\"ListItem\",\"position\":1,\"name\":\"Shop\",\"item\":\"https:\/\/embroiderydownload.com\/it\/negozio-2\/\"},{\"@type\":\"ListItem\",\"position\":2,\"name\":\"Peugeot Old Logo Embroidery Design Download\"}]}]}<\/script>\n<!-- \/ Yoast SEO plugin. -->","yoast_head_json":{"title":"Peugeot Old Logo Embroidery Design Download","description":"Download Peugeot's Old Logo Embroidery Design. Perfect for car enthusiasts and embroidery lovers!","robots":{"index":"index","follow":"follow","max-snippet":"max-snippet:-1","max-image-preview":"max-image-preview:large","max-video-preview":"max-video-preview:-1"},"canonical":"https:\/\/embroiderydownload.com\/es\/products\/peugeot-old-logo-embroidery-design-descargar\/","og_locale":"es_ES","og_type":"article","og_title":"Peugeot Old Logo Embroidery Design Download","og_description":"Download Peugeot's Old Logo Embroidery Design. Perfect for car enthusiasts and embroidery lovers!","og_url":"https:\/\/embroiderydownload.com\/es\/products\/peugeot-old-logo-embroidery-design-descargar\/","og_site_name":"EmbroideryDownload","article_modified_time":"2024-02-28T14:39:36+00:00","og_image":[{"width":1312,"height":1312,"url":"https:\/\/embroiderydownload.com\/wp-content\/uploads\/2023\/09\/peugeot-old-logo-embroidery-design-logo.jpg","type":"image\/jpeg"}],"twitter_card":"summary_large_image","twitter_misc":{"Precio":"&euro;6.99","Availability":"In stock"},"schema":{"@context":"https:\/\/schema.org","@graph":[{"@type":"WebSite","@id":"https:\/\/embroiderydownload.com\/fr\/#website","url":"https:\/\/embroiderydownload.com\/fr\/","name":"EmbroideryDownload","description":"Embroidery Designs Instant Digital Download","potentialAction":[{"@type":"SearchAction","target":{"@type":"EntryPoint","urlTemplate":"https:\/\/embroiderydownload.com\/fr\/?s={search_term_string}"},"query-input":"required name=search_term_string"}],"inLanguage":"es"},{"@type":"ImageObject","@id":"https:\/\/embroiderydownload.com\/products\/peugeot-old-logo-embroidery-design-download\/#primaryimage","inLanguage":"es","url":"https:\/\/embroiderydownload.com\/wp-content\/uploads\/2023\/09\/peugeot-old-logo-embroidery-design-logo.jpg","contentUrl":"https:\/\/embroiderydownload.com\/wp-content\/uploads\/2023\/09\/peugeot-old-logo-embroidery-design-logo.jpg","width":1312,"height":1312},{"@type":"WebPage","@id":"https:\/\/embroiderydownload.com\/products\/peugeot-old-logo-embroidery-design-download\/#webpage","url":"https:\/\/embroiderydownload.com\/products\/peugeot-old-logo-embroidery-design-download\/","name":"Peugeot Old Logo Embroidery Design Download","isPartOf":{"@id":"https:\/\/embroiderydownload.com\/fr\/#website"},"primaryImageOfPage":{"@id":"https:\/\/embroiderydownload.com\/products\/peugeot-old-logo-embroidery-design-download\/#primaryimage"},"datePublished":"2023-09-09T17:54:07+00:00","dateModified":"2024-02-28T14:39:36+00:00","description":"Download Peugeot's Old Logo Embroidery Design. Perfect for car enthusiasts and embroidery lovers!","breadcrumb":{"@id":"https:\/\/embroiderydownload.com\/products\/peugeot-old-logo-embroidery-design-download\/#breadcrumb"},"inLanguage":"es","potentialAction":[{"@type":"ReadAction","target":["https:\/\/embroiderydownload.com\/products\/peugeot-old-logo-embroidery-design-download\/"]}]},{"@type":"BreadcrumbList","@id":"https:\/\/embroiderydownload.com\/products\/peugeot-old-logo-embroidery-design-download\/#breadcrumb","itemListElement":[{"@type":"ListItem","position":1,"name":"Shop","item":"https:\/\/embroiderydownload.com\/it\/negozio-2\/"},{"@type":"ListItem","position":2,"name":"Peugeot Old Logo Embroidery Design Download"}]}]}},"_links":{"self":[{"href":"https:\/\/embroiderydownload.com\/es\/wp-json\/wp\/v2\/product\/209909"}],"collection":[{"href":"https:\/\/embroiderydownload.com\/es\/wp-json\/wp\/v2\/product"}],"about":[{"href":"https:\/\/embroiderydownload.com\/es\/wp-json\/wp\/v2\/types\/product"}],"version-history":[{"count":1,"href":"https:\/\/embroiderydownload.com\/es\/wp-json\/wp\/v2\/product\/209909\/revisions"}],"predecessor-version":[{"id":210103,"href":"https:\/\/embroiderydownload.com\/es\/wp-json\/wp\/v2\/product\/209909\/revisions\/210103"}],"wp:featuredmedia":[{"embeddable":true,"href":"https:\/\/embroiderydownload.com\/es\/wp-json\/wp\/v2\/media\/209855"}],"wp:attachment":[{"href":"https:\/\/embroiderydownload.com\/es\/wp-json\/wp\/v2\/media?parent=209909"}],"wp:term":[{"taxonomy":"product_cat","embeddable":true,"href":"https:\/\/embroiderydownload.com\/es\/wp-json\/wp\/v2\/product_cat?post=209909"},{"taxonomy":"product_tag","embeddable":true,"href":"https:\/\/embroiderydownload.com\/es\/wp-json\/wp\/v2\/product_tag?post=209909"}],"curies":[{"name":"wp","href":"https:\/\/api.w.org\/{rel}","templated":true}]}}