{"id":211857,"date":"2023-11-15T12:38:15","date_gmt":"2023-11-15T11:38:15","guid":{"rendered":"https:\/\/embroiderydownload.com\/?post_type=product&#038;p=211857"},"modified":"2024-02-28T15:39:13","modified_gmt":"2024-02-28T14:39:13","slug":"magic-mushroom-with-fireflies-embroidery-design-download","status":"publish","type":"product","link":"https:\/\/embroiderydownload.com\/es\/products\/seta-magica-con-luciernagas-diseno-de-bordado-descargar\/","title":{"rendered":"Magic Mushroom con Luci\u00e9rnagas Bordado Dise\u00f1o Descargar"},"content":{"rendered":"<p><span data-sheets-value=\"{&quot;1&quot;:2,&quot;2&quot;:&quot;Experience the enchanting glow of our Magic Mushroom with Fireflies Embroidery Design Download. It's a mesmerizing design that brings a fantasy forest to life.&quot;}\" data-sheets-userformat=\"{&quot;2&quot;:769,&quot;3&quot;:{&quot;1&quot;:0},&quot;11&quot;:3,&quot;12&quot;:0}\">Experimente el encantador resplandor de nuestro <strong>Seta M\u00e1gica con Dise\u00f1o de Bordado de Luci\u00e9rnagas<\/strong>. Es un dise\u00f1o fascinante que da vida a un bosque de fantas\u00eda.<\/span><\/p>\n<p>\u2605 Tama\u00f1o <span data-sheets-value=\"{&quot;1&quot;:3,&quot;3&quot;:3.2914801758624783}\" data-sheets-userformat=\"{&quot;2&quot;:24643,&quot;3&quot;:{&quot;1&quot;:2,&quot;2&quot;:&quot;0.00&quot;,&quot;3&quot;:1},&quot;4&quot;:{&quot;1&quot;:2,&quot;2&quot;:13228792},&quot;9&quot;:1,&quot;16&quot;:12,&quot;17&quot;:1}\" data-sheets-formula=\"=R[-1]C[0]\/25,247\">3,29 <\/span>\u00d7 <span data-sheets-value=\"{&quot;1&quot;:3,&quot;3&quot;:5.0580266962411375}\" data-sheets-userformat=\"{&quot;2&quot;:24643,&quot;3&quot;:{&quot;1&quot;:2,&quot;2&quot;:&quot;0.00&quot;,&quot;3&quot;:1},&quot;4&quot;:{&quot;1&quot;:2,&quot;2&quot;:13228792},&quot;9&quot;:1,&quot;16&quot;:12,&quot;17&quot;:1}\" data-sheets-formula=\"=R[-1]C[0]\/25,247\">5,06 <\/span>pulgadas - 83,10 x 127,70 mm - Puntadas: 31893<\/p>\n<p>\u2605 Tama\u00f1o <span data-sheets-value=\"{&quot;1&quot;:3,&quot;3&quot;:3.9489840377074503}\" data-sheets-userformat=\"{&quot;2&quot;:24643,&quot;3&quot;:{&quot;1&quot;:2,&quot;2&quot;:&quot;0.00&quot;,&quot;3&quot;:1},&quot;4&quot;:{&quot;1&quot;:2,&quot;2&quot;:13228792},&quot;9&quot;:1,&quot;16&quot;:12,&quot;17&quot;:1}\" data-sheets-formula=\"=R[-1]C[0]\/25,247\">3,95 <\/span>\u00d7 <span data-sheets-value=\"{&quot;1&quot;:3,&quot;3&quot;:6.0601259555590765}\" data-sheets-userformat=\"{&quot;2&quot;:24643,&quot;3&quot;:{&quot;1&quot;:2,&quot;2&quot;:&quot;0.00&quot;,&quot;3&quot;:1},&quot;4&quot;:{&quot;1&quot;:2,&quot;2&quot;:13228792},&quot;9&quot;:1,&quot;16&quot;:12,&quot;17&quot;:1}\" data-sheets-formula=\"=R[-1]C[0]\/25,247\">6,06 <\/span>pulgadas - 99,70 x 153,00 mm - Puntadas: 40124<\/p>\n<p>\u2605 Tama\u00f1o <span data-sheets-value=\"{&quot;1&quot;:3,&quot;3&quot;:4.539153166712876}\" data-sheets-userformat=\"{&quot;2&quot;:24643,&quot;3&quot;:{&quot;1&quot;:2,&quot;2&quot;:&quot;0.00&quot;,&quot;3&quot;:1},&quot;4&quot;:{&quot;1&quot;:2,&quot;2&quot;:13228792},&quot;9&quot;:1,&quot;16&quot;:12,&quot;17&quot;:1}\" data-sheets-formula=\"=R[-1]C[0]\/25,247\">4,54 <\/span>\u00d7 <span data-sheets-value=\"{&quot;1&quot;:3,&quot;3&quot;:6.971125282211748}\" data-sheets-userformat=\"{&quot;2&quot;:24643,&quot;3&quot;:{&quot;1&quot;:2,&quot;2&quot;:&quot;0.00&quot;,&quot;3&quot;:1},&quot;4&quot;:{&quot;1&quot;:2,&quot;2&quot;:13228792},&quot;9&quot;:1,&quot;16&quot;:12,&quot;17&quot;:1}\" data-sheets-formula=\"=R[-1]C[0]\/25,247\">6,97 <\/span>pulgadas - 114,60 x 176,00 mm - Puntadas: 47971<\/p>\n<p>\u2605 Tama\u00f1o <span data-sheets-value=\"{&quot;1&quot;:3,&quot;3&quot;:5.263991761397394}\" data-sheets-userformat=\"{&quot;2&quot;:24643,&quot;3&quot;:{&quot;1&quot;:2,&quot;2&quot;:&quot;0.00&quot;,&quot;3&quot;:1},&quot;4&quot;:{&quot;1&quot;:2,&quot;2&quot;:13228792},&quot;9&quot;:1,&quot;16&quot;:12,&quot;17&quot;:1}\" data-sheets-formula=\"=R[-1]C[0]\/25,247\">5,26 <\/span>\u00d7 <span data-sheets-value=\"{&quot;1&quot;:3,&quot;3&quot;:8.072246207470196}\" data-sheets-userformat=\"{&quot;2&quot;:24643,&quot;3&quot;:{&quot;1&quot;:2,&quot;2&quot;:&quot;0.00&quot;,&quot;3&quot;:1},&quot;4&quot;:{&quot;1&quot;:2,&quot;2&quot;:13228792},&quot;9&quot;:1,&quot;16&quot;:12,&quot;17&quot;:1}\" data-sheets-formula=\"=R[-1]C[0]\/25,247\">8,07 <\/span>pulgadas - 132,90 x 203,80 mm - Puntadas: 58694<\/p>\n<p>\u2605 Tama\u00f1o <span data-sheets-value=\"{&quot;1&quot;:3,&quot;3&quot;:5.909613023329504}\" data-sheets-userformat=\"{&quot;2&quot;:24643,&quot;3&quot;:{&quot;1&quot;:2,&quot;2&quot;:&quot;0.00&quot;,&quot;3&quot;:1},&quot;4&quot;:{&quot;1&quot;:2,&quot;2&quot;:13228792},&quot;9&quot;:1,&quot;16&quot;:12,&quot;17&quot;:1}\" data-sheets-formula=\"=R[-1]C[0]\/25,247\">5,91 <\/span>\u00d7 <span data-sheets-value=\"{&quot;1&quot;:3,&quot;3&quot;:9.082267200063374}\" data-sheets-userformat=\"{&quot;2&quot;:24643,&quot;3&quot;:{&quot;1&quot;:2,&quot;2&quot;:&quot;0.00&quot;,&quot;3&quot;:1},&quot;4&quot;:{&quot;1&quot;:2,&quot;2&quot;:13228792},&quot;9&quot;:1,&quot;16&quot;:12,&quot;17&quot;:1}\" data-sheets-formula=\"=R[-1]C[0]\/25,247\">9,08 <\/span>inch - 149,20 x 229,30 mm - Puntadas: 69136<\/p>\n<p>\u2605 Tama\u00f1o <span data-sheets-value=\"{&quot;1&quot;:3,&quot;3&quot;:6.563156018536856}\" data-sheets-userformat=\"{&quot;2&quot;:24643,&quot;3&quot;:{&quot;1&quot;:2,&quot;2&quot;:&quot;0.00&quot;,&quot;3&quot;:1},&quot;4&quot;:{&quot;1&quot;:2,&quot;2&quot;:13228792},&quot;9&quot;:1,&quot;16&quot;:12,&quot;17&quot;:1}\" data-sheets-formula=\"=R[-1]C[0]\/25,247\">6,56 <\/span>\u00d7 <span data-sheets-value=\"{&quot;1&quot;:3,&quot;3&quot;:10.088327326018932}\" data-sheets-userformat=\"{&quot;2&quot;:24643,&quot;3&quot;:{&quot;1&quot;:2,&quot;2&quot;:&quot;0.00&quot;,&quot;3&quot;:1},&quot;4&quot;:{&quot;1&quot;:2,&quot;2&quot;:13228792},&quot;9&quot;:1,&quot;16&quot;:12,&quot;17&quot;:1}\" data-sheets-formula=\"=R[-1]C[0]\/25,247\">10,09 <\/span>pulgadas - 165,70 x 254,70 mm - Puntadas: 80468<\/p>\n<p>\u2605 Tama\u00f1o <span data-sheets-value=\"{&quot;1&quot;:3,&quot;3&quot;:7.216699013744207}\" data-sheets-userformat=\"{&quot;2&quot;:24643,&quot;3&quot;:{&quot;1&quot;:2,&quot;2&quot;:&quot;0.00&quot;,&quot;3&quot;:1},&quot;4&quot;:{&quot;1&quot;:2,&quot;2&quot;:13228792},&quot;9&quot;:1,&quot;16&quot;:12,&quot;17&quot;:1}\" data-sheets-formula=\"=R[-1]C[0]\/25,247\">7,22 <\/span>\u00d7 <span data-sheets-value=\"{&quot;1&quot;:3,&quot;3&quot;:11.090426585336871}\" data-sheets-userformat=\"{&quot;2&quot;:24643,&quot;3&quot;:{&quot;1&quot;:2,&quot;2&quot;:&quot;0.00&quot;,&quot;3&quot;:1},&quot;4&quot;:{&quot;1&quot;:2,&quot;2&quot;:13228792},&quot;9&quot;:1,&quot;16&quot;:12,&quot;17&quot;:1}\" data-sheets-formula=\"=R[-1]C[0]\/25,247\">11,09 <\/span>pulgadas - 182,20 x 280,00 mm - Puntadas: 92745<\/p>\n<p>\u2605 Tama\u00f1o <span data-sheets-value=\"{&quot;1&quot;:3,&quot;3&quot;:7.874202875589179}\" data-sheets-userformat=\"{&quot;2&quot;:24643,&quot;3&quot;:{&quot;1&quot;:2,&quot;2&quot;:&quot;0.00&quot;,&quot;3&quot;:1},&quot;4&quot;:{&quot;1&quot;:2,&quot;2&quot;:13228792},&quot;9&quot;:1,&quot;16&quot;:12,&quot;17&quot;:1}\" data-sheets-formula=\"=R[-1]C[0]\/25,247\">7,87<\/span>\u00d7 <span data-sheets-value=\"{&quot;1&quot;:3,&quot;3&quot;:12.104408444567673}\" data-sheets-userformat=\"{&quot;2&quot;:24643,&quot;3&quot;:{&quot;1&quot;:2,&quot;2&quot;:&quot;0.00&quot;,&quot;3&quot;:1},&quot;4&quot;:{&quot;1&quot;:2,&quot;2&quot;:13228792},&quot;9&quot;:1,&quot;16&quot;:12,&quot;17&quot;:1}\" data-sheets-formula=\"=R[-1]C[0]\/25,247\">12,10<\/span>pulgadas - 198,80 x 305,60 mm - Puntadas: 106015<\/p>\n<p>&nbsp;<\/p>\n<p>\u2605 Formatos que se incluir\u00e1n en un archivo ZIP al realizar la compra:<\/p>\n<ul>\n<li>Deco, Brother, Baby Lock: <strong>PSE, PEC<\/strong><\/li>\n<li>Husqvarna, Viking: <strong>HUS<\/strong><\/li>\n<li>Janome, Elna, Kenmore: <strong>JEF<\/strong><\/li>\n<li>Melco: <strong>EXP<\/strong><\/li>\n<li>Compucon, Singer: <strong>XXX<\/strong><\/li>\n<li>Tajima: <strong>DST<\/strong><\/li>\n<li>Pfaff:<b> VP3, VIP<\/b><\/li>\n<li>Otros: <strong>EDR<\/strong><\/li>\n<\/ul>","protected":false},"excerpt":{"rendered":"<style>.elementor-204929 .elementor-element.elementor-element-95a9a0b{margin-top:0px;margin-bottom:0px;padding:0px 0px 0px 0px;overflow:visible;}.elementor-204929 .elementor-element.elementor-element-84e32b5 > .elementor-element-populated{margin:0px 0px 0px 0px;--e-column-margin-right:0px;--e-column-margin-left:0px;padding:0px 0px 0px 0px;}.elementor-204929 .elementor-element.elementor-element-4e302eb{text-align:left;}<\/style>\n<div class=\"porto-block elementor elementor-204929\" data-id=\"204929\">\n<section class=\"elementor-section elementor-top-section elementor-element elementor-element-95a9a0b elementor-section-full_width elementor-section-height-default elementor-section-height-default\" data-id=\"95a9a0b\" data-element_type=\"section\" data-settings=\"{&quot;ekit_has_onepagescroll_dot&quot;:&quot;yes&quot;}\">\n<div class=\"elementor-container elementor-column-gap-default\">\n<div class=\"elementor-column elementor-col-100 elementor-top-column elementor-element elementor-element-84e32b5\" data-id=\"84e32b5\" data-element_type=\"column\">\n<div class=\"elementor-widget-wrap elementor-element-populated\">\n<div class=\"elementor-element elementor-element-4e302eb elementor-widget elementor-widget-image\" data-id=\"4e302eb\" data-element_type=\"widget\" data-settings=\"{&quot;ekit_we_effect_on&quot;:&quot;none&quot;}\" data-widget_type=\"image.default\">\n<div class=\"elementor-widget-container\">\n<style>\/*! elementor - v3.12.1 - 02-04-2023 *\/\n.elementor-widget-image{text-align:center}.elementor-widget-image a{display:inline-block}.elementor-widget-image a img[src$=\".svg\"]{width:48px}.elementor-widget-image img{vertical-align:middle;display:inline-block}<\/style>\n<p>\t\t\t\t\t\t\t\t\t\t\t\t<img decoding=\"async\" width=\"300\" height=\"84\" src=\"https:\/\/embroiderydownload.com\/wp-content\/uploads\/2022\/11\/icons-values-eng.svg\" class=\"attachment-large size-large wp-image-204901\" alt=\"\" loading=\"lazy\" \/>\t\t\t\t\t\t\t\t\t\t\t\t\t\t\t<\/div>\n<\/p><\/div>\n<\/p><\/div>\n<\/p><\/div>\n<\/p><\/div>\n<\/section><\/div>","protected":false},"featured_media":211877,"template":"","meta":[],"product_cat":[12188],"product_tag":[268],"yoast_head":"<!-- This site is optimized with the Yoast SEO plugin v17.5 - https:\/\/yoast.com\/wordpress\/plugins\/seo\/ -->\n<title>Magic Mushroom with Fireflies Embroidery Design Download - EmbroideryDownload<\/title>\n<meta name=\"description\" content=\"Illuminate your sewing with our Magic Mushroom and Fireflies embroidery. A fantasy glow for your garments. Download today!\" \/>\n<meta name=\"robots\" content=\"index, follow, max-snippet:-1, max-image-preview:large, max-video-preview:-1\" \/>\n<link rel=\"canonical\" href=\"https:\/\/embroiderydownload.com\/es\/products\/seta-magica-con-luciernagas-diseno-de-bordado-descargar\/\" \/>\n<meta property=\"og:locale\" content=\"es_ES\" \/>\n<meta property=\"og:type\" content=\"article\" \/>\n<meta property=\"og:title\" content=\"Magic Mushroom with Fireflies Embroidery Design Download - EmbroideryDownload\" \/>\n<meta property=\"og:description\" content=\"Illuminate your sewing with our Magic Mushroom and Fireflies embroidery. A fantasy glow for your garments. Download today!\" \/>\n<meta property=\"og:url\" content=\"https:\/\/embroiderydownload.com\/es\/products\/seta-magica-con-luciernagas-diseno-de-bordado-descargar\/\" \/>\n<meta property=\"og:site_name\" content=\"EmbroideryDownload\" \/>\n<meta property=\"article:modified_time\" content=\"2024-02-28T14:39:13+00:00\" \/>\n<meta property=\"og:image\" content=\"https:\/\/embroiderydownload.com\/wp-content\/uploads\/2023\/11\/magic-mushroom-with-fireflies-embroidery-design.jpg\" \/>\n\t<meta property=\"og:image:width\" content=\"900\" \/>\n\t<meta property=\"og:image:height\" content=\"900\" \/>\n<meta name=\"twitter:card\" content=\"summary_large_image\" \/>\n<meta name=\"twitter:label1\" content=\"Precio\" \/>\n\t<meta name=\"twitter:data1\" content=\"&euro;6.99\" \/>\n\t<meta name=\"twitter:label2\" content=\"Availability\" \/>\n\t<meta name=\"twitter:data2\" content=\"In stock\" \/>\n<script type=\"application\/ld+json\" class=\"yoast-schema-graph\">{\"@context\":\"https:\/\/schema.org\",\"@graph\":[{\"@type\":\"WebSite\",\"@id\":\"https:\/\/embroiderydownload.com\/fr\/#website\",\"url\":\"https:\/\/embroiderydownload.com\/fr\/\",\"name\":\"EmbroideryDownload\",\"description\":\"Embroidery Designs Instant Digital Download\",\"potentialAction\":[{\"@type\":\"SearchAction\",\"target\":{\"@type\":\"EntryPoint\",\"urlTemplate\":\"https:\/\/embroiderydownload.com\/fr\/?s={search_term_string}\"},\"query-input\":\"required name=search_term_string\"}],\"inLanguage\":\"es\"},{\"@type\":\"ImageObject\",\"@id\":\"https:\/\/embroiderydownload.com\/products\/magic-mushroom-with-fireflies-embroidery-design-download\/#primaryimage\",\"inLanguage\":\"es\",\"url\":\"https:\/\/embroiderydownload.com\/wp-content\/uploads\/2023\/11\/magic-mushroom-with-fireflies-embroidery-design.jpg\",\"contentUrl\":\"https:\/\/embroiderydownload.com\/wp-content\/uploads\/2023\/11\/magic-mushroom-with-fireflies-embroidery-design.jpg\",\"width\":900,\"height\":900,\"caption\":\"magic-mushroom-with-fireflies-embroidery-design\"},{\"@type\":\"WebPage\",\"@id\":\"https:\/\/embroiderydownload.com\/products\/magic-mushroom-with-fireflies-embroidery-design-download\/#webpage\",\"url\":\"https:\/\/embroiderydownload.com\/products\/magic-mushroom-with-fireflies-embroidery-design-download\/\",\"name\":\"Magic Mushroom with Fireflies Embroidery Design Download - EmbroideryDownload\",\"isPartOf\":{\"@id\":\"https:\/\/embroiderydownload.com\/fr\/#website\"},\"primaryImageOfPage\":{\"@id\":\"https:\/\/embroiderydownload.com\/products\/magic-mushroom-with-fireflies-embroidery-design-download\/#primaryimage\"},\"datePublished\":\"2023-11-15T11:38:15+00:00\",\"dateModified\":\"2024-02-28T14:39:13+00:00\",\"description\":\"Illuminate your sewing with our Magic Mushroom and Fireflies embroidery. A fantasy glow for your garments. Download today!\",\"breadcrumb\":{\"@id\":\"https:\/\/embroiderydownload.com\/products\/magic-mushroom-with-fireflies-embroidery-design-download\/#breadcrumb\"},\"inLanguage\":\"es\",\"potentialAction\":[{\"@type\":\"ReadAction\",\"target\":[\"https:\/\/embroiderydownload.com\/products\/magic-mushroom-with-fireflies-embroidery-design-download\/\"]}]},{\"@type\":\"BreadcrumbList\",\"@id\":\"https:\/\/embroiderydownload.com\/products\/magic-mushroom-with-fireflies-embroidery-design-download\/#breadcrumb\",\"itemListElement\":[{\"@type\":\"ListItem\",\"position\":1,\"name\":\"Shop\",\"item\":\"https:\/\/embroiderydownload.com\/it\/negozio-2\/\"},{\"@type\":\"ListItem\",\"position\":2,\"name\":\"Magic Mushroom with Fireflies Embroidery Design Download\"}]}]}<\/script>\n<!-- \/ Yoast SEO plugin. -->","yoast_head_json":{"title":"Magic Mushroom with Fireflies Embroidery Design Download - EmbroideryDownload","description":"Illuminate your sewing with our Magic Mushroom and Fireflies embroidery. A fantasy glow for your garments. Download today!","robots":{"index":"index","follow":"follow","max-snippet":"max-snippet:-1","max-image-preview":"max-image-preview:large","max-video-preview":"max-video-preview:-1"},"canonical":"https:\/\/embroiderydownload.com\/es\/products\/seta-magica-con-luciernagas-diseno-de-bordado-descargar\/","og_locale":"es_ES","og_type":"article","og_title":"Magic Mushroom with Fireflies Embroidery Design Download - EmbroideryDownload","og_description":"Illuminate your sewing with our Magic Mushroom and Fireflies embroidery. A fantasy glow for your garments. Download today!","og_url":"https:\/\/embroiderydownload.com\/es\/products\/seta-magica-con-luciernagas-diseno-de-bordado-descargar\/","og_site_name":"EmbroideryDownload","article_modified_time":"2024-02-28T14:39:13+00:00","og_image":[{"width":900,"height":900,"url":"https:\/\/embroiderydownload.com\/wp-content\/uploads\/2023\/11\/magic-mushroom-with-fireflies-embroidery-design.jpg","type":"image\/jpeg"}],"twitter_card":"summary_large_image","twitter_misc":{"Precio":"&euro;6.99","Availability":"In stock"},"schema":{"@context":"https:\/\/schema.org","@graph":[{"@type":"WebSite","@id":"https:\/\/embroiderydownload.com\/fr\/#website","url":"https:\/\/embroiderydownload.com\/fr\/","name":"EmbroideryDownload","description":"Embroidery Designs Instant Digital Download","potentialAction":[{"@type":"SearchAction","target":{"@type":"EntryPoint","urlTemplate":"https:\/\/embroiderydownload.com\/fr\/?s={search_term_string}"},"query-input":"required name=search_term_string"}],"inLanguage":"es"},{"@type":"ImageObject","@id":"https:\/\/embroiderydownload.com\/products\/magic-mushroom-with-fireflies-embroidery-design-download\/#primaryimage","inLanguage":"es","url":"https:\/\/embroiderydownload.com\/wp-content\/uploads\/2023\/11\/magic-mushroom-with-fireflies-embroidery-design.jpg","contentUrl":"https:\/\/embroiderydownload.com\/wp-content\/uploads\/2023\/11\/magic-mushroom-with-fireflies-embroidery-design.jpg","width":900,"height":900,"caption":"magic-mushroom-with-fireflies-embroidery-design"},{"@type":"WebPage","@id":"https:\/\/embroiderydownload.com\/products\/magic-mushroom-with-fireflies-embroidery-design-download\/#webpage","url":"https:\/\/embroiderydownload.com\/products\/magic-mushroom-with-fireflies-embroidery-design-download\/","name":"Magic Mushroom with Fireflies Embroidery Design Download - EmbroideryDownload","isPartOf":{"@id":"https:\/\/embroiderydownload.com\/fr\/#website"},"primaryImageOfPage":{"@id":"https:\/\/embroiderydownload.com\/products\/magic-mushroom-with-fireflies-embroidery-design-download\/#primaryimage"},"datePublished":"2023-11-15T11:38:15+00:00","dateModified":"2024-02-28T14:39:13+00:00","description":"Illuminate your sewing with our Magic Mushroom and Fireflies embroidery. A fantasy glow for your garments. Download today!","breadcrumb":{"@id":"https:\/\/embroiderydownload.com\/products\/magic-mushroom-with-fireflies-embroidery-design-download\/#breadcrumb"},"inLanguage":"es","potentialAction":[{"@type":"ReadAction","target":["https:\/\/embroiderydownload.com\/products\/magic-mushroom-with-fireflies-embroidery-design-download\/"]}]},{"@type":"BreadcrumbList","@id":"https:\/\/embroiderydownload.com\/products\/magic-mushroom-with-fireflies-embroidery-design-download\/#breadcrumb","itemListElement":[{"@type":"ListItem","position":1,"name":"Shop","item":"https:\/\/embroiderydownload.com\/it\/negozio-2\/"},{"@type":"ListItem","position":2,"name":"Magic Mushroom with Fireflies Embroidery Design Download"}]}]}},"_links":{"self":[{"href":"https:\/\/embroiderydownload.com\/es\/wp-json\/wp\/v2\/product\/211857"}],"collection":[{"href":"https:\/\/embroiderydownload.com\/es\/wp-json\/wp\/v2\/product"}],"about":[{"href":"https:\/\/embroiderydownload.com\/es\/wp-json\/wp\/v2\/types\/product"}],"version-history":[{"count":1,"href":"https:\/\/embroiderydownload.com\/es\/wp-json\/wp\/v2\/product\/211857\/revisions"}],"predecessor-version":[{"id":211887,"href":"https:\/\/embroiderydownload.com\/es\/wp-json\/wp\/v2\/product\/211857\/revisions\/211887"}],"wp:featuredmedia":[{"embeddable":true,"href":"https:\/\/embroiderydownload.com\/es\/wp-json\/wp\/v2\/media\/211877"}],"wp:attachment":[{"href":"https:\/\/embroiderydownload.com\/es\/wp-json\/wp\/v2\/media?parent=211857"}],"wp:term":[{"taxonomy":"product_cat","embeddable":true,"href":"https:\/\/embroiderydownload.com\/es\/wp-json\/wp\/v2\/product_cat?post=211857"},{"taxonomy":"product_tag","embeddable":true,"href":"https:\/\/embroiderydownload.com\/es\/wp-json\/wp\/v2\/product_tag?post=211857"}],"curies":[{"name":"wp","href":"https:\/\/api.w.org\/{rel}","templated":true}]}}