{"id":214452,"date":"2024-02-12T13:27:03","date_gmt":"2024-02-12T12:27:03","guid":{"rendered":"https:\/\/embroiderydownload.com\/?post_type=product&#038;p=214452"},"modified":"2025-01-16T13:06:53","modified_gmt":"2025-01-16T12:06:53","slug":"yamaha-embroidery-designs-download","status":"publish","type":"product","link":"https:\/\/embroiderydownload.com\/es\/products\/yamaha-disenos-de-bordado-descargar\/","title":{"rendered":"Descarga Picajes Bordados Yamaha"},"content":{"rendered":"<p>Impulse sus proyectos creativos con nuestro <strong>Yamaha Designs Descargar<\/strong>. Estos elegantes patrones encarnan la velocidad y la innovaci\u00f3n, perfectos para a\u00f1adir un toque din\u00e1mico a sus trabajos de bordado.<\/p>\n<p>&nbsp;<\/p>\n<p>\u2605 Tama\u00f1o <span data-sheets-root=\"1\" data-sheets-value=\"{&quot;1&quot;:3,&quot;3&quot;:3.8261971719412204}\" data-sheets-userformat=\"{&quot;2&quot;:28867,&quot;3&quot;:{&quot;1&quot;:2,&quot;2&quot;:&quot;0.00&quot;,&quot;3&quot;:1},&quot;4&quot;:{&quot;1&quot;:2,&quot;2&quot;:13228792},&quot;9&quot;:1,&quot;10&quot;:2,&quot;15&quot;:&quot;Arial&quot;,&quot;16&quot;:12,&quot;17&quot;:1}\" data-sheets-formula=\"=R[-1]C[0]\/25,247\">3,83 <\/span>\u00d7 <span data-sheets-root=\"1\" data-sheets-value=\"{&quot;1&quot;:3,&quot;3&quot;:0.8713906602764685}\" data-sheets-userformat=\"{&quot;2&quot;:28867,&quot;3&quot;:{&quot;1&quot;:2,&quot;2&quot;:&quot;0.00&quot;,&quot;3&quot;:1},&quot;4&quot;:{&quot;1&quot;:2,&quot;2&quot;:13228792},&quot;9&quot;:1,&quot;10&quot;:2,&quot;15&quot;:&quot;Arial&quot;,&quot;16&quot;:12,&quot;17&quot;:1}\" data-sheets-formula=\"=R[-1]C[0]\/25,247\">0,87 <\/span>pulgadas - 96,80 x 22,00 mm - Puntadas: 3671<\/p>\n<p>\u2605 Tama\u00f1o <span data-sheets-root=\"1\" data-sheets-value=\"{&quot;1&quot;:3,&quot;3&quot;:4.8362181645344}\" data-sheets-userformat=\"{&quot;2&quot;:28867,&quot;3&quot;:{&quot;1&quot;:2,&quot;2&quot;:&quot;0.00&quot;,&quot;3&quot;:1},&quot;4&quot;:{&quot;1&quot;:2,&quot;2&quot;:13228792},&quot;9&quot;:1,&quot;10&quot;:2,&quot;15&quot;:&quot;Arial&quot;,&quot;16&quot;:12,&quot;17&quot;:1}\" data-sheets-formula=\"=R[-1]C[0]\/25,247\">4,84 <\/span>\u00d7 <span data-sheets-root=\"1\" data-sheets-value=\"{&quot;1&quot;:3,&quot;3&quot;:1.1011209252584466}\" data-sheets-userformat=\"{&quot;2&quot;:28867,&quot;3&quot;:{&quot;1&quot;:2,&quot;2&quot;:&quot;0.00&quot;,&quot;3&quot;:1},&quot;4&quot;:{&quot;1&quot;:2,&quot;2&quot;:13228792},&quot;9&quot;:1,&quot;10&quot;:2,&quot;15&quot;:&quot;Arial&quot;,&quot;16&quot;:12,&quot;17&quot;:1}\" data-sheets-formula=\"=R[-1]C[0]\/25,247\">1,10 <\/span>pulgadas - 122,20 x 27,80 mm - Puntadas: 4572<\/p>\n<p>\u2605 Tama\u00f1o <span data-sheets-root=\"1\" data-sheets-value=\"{&quot;1&quot;:3,&quot;3&quot;:5.846239157127579}\" data-sheets-userformat=\"{&quot;2&quot;:28867,&quot;3&quot;:{&quot;1&quot;:2,&quot;2&quot;:&quot;0.00&quot;,&quot;3&quot;:1},&quot;4&quot;:{&quot;1&quot;:2,&quot;2&quot;:13228792},&quot;9&quot;:1,&quot;10&quot;:2,&quot;15&quot;:&quot;Arial&quot;,&quot;16&quot;:12,&quot;17&quot;:1}\" data-sheets-formula=\"=R[-1]C[0]\/25,247\">5,85 <\/span>\u00d7 <span data-sheets-root=\"1\" data-sheets-value=\"{&quot;1&quot;:3,&quot;3&quot;:1.322929456965184}\" data-sheets-userformat=\"{&quot;2&quot;:28867,&quot;3&quot;:{&quot;1&quot;:2,&quot;2&quot;:&quot;0.00&quot;,&quot;3&quot;:1},&quot;4&quot;:{&quot;1&quot;:2,&quot;2&quot;:13228792},&quot;9&quot;:1,&quot;10&quot;:2,&quot;15&quot;:&quot;Arial&quot;,&quot;16&quot;:12,&quot;17&quot;:1}\" data-sheets-formula=\"=R[-1]C[0]\/25,247\">1,32 <\/span>pulgadas - 147,60 x 33,40 mm - Puntadas: 5469<\/p>\n<p>\u2605 Tama\u00f1o <span data-sheets-root=\"1\" data-sheets-value=\"{&quot;1&quot;:3,&quot;3&quot;:6.852299283083139}\" data-sheets-userformat=\"{&quot;2&quot;:28867,&quot;3&quot;:{&quot;1&quot;:2,&quot;2&quot;:&quot;0.00&quot;,&quot;3&quot;:1},&quot;4&quot;:{&quot;1&quot;:2,&quot;2&quot;:13228792},&quot;9&quot;:1,&quot;10&quot;:2,&quot;15&quot;:&quot;Arial&quot;,&quot;16&quot;:12,&quot;17&quot;:1}\" data-sheets-formula=\"=R[-1]C[0]\/25,247\">6,85 <\/span>\u00d7 <span data-sheets-root=\"1\" data-sheets-value=\"{&quot;1&quot;:3,&quot;3&quot;:1.552659721947162}\" data-sheets-userformat=\"{&quot;2&quot;:28867,&quot;3&quot;:{&quot;1&quot;:2,&quot;2&quot;:&quot;0.00&quot;,&quot;3&quot;:1},&quot;4&quot;:{&quot;1&quot;:2,&quot;2&quot;:13228792},&quot;9&quot;:1,&quot;10&quot;:2,&quot;15&quot;:&quot;Arial&quot;,&quot;16&quot;:12,&quot;17&quot;:1}\" data-sheets-formula=\"=R[-1]C[0]\/25,247\">1,55 <\/span>pulgadas - 173,00 x 39,20 mm - Puntadas: 6749<\/p>\n<p>\u2605 Tama\u00f1o <span data-sheets-root=\"1\" data-sheets-value=\"{&quot;1&quot;:3,&quot;3&quot;:10.876539786905376}\" data-sheets-userformat=\"{&quot;2&quot;:28867,&quot;3&quot;:{&quot;1&quot;:2,&quot;2&quot;:&quot;0.00&quot;,&quot;3&quot;:1},&quot;4&quot;:{&quot;1&quot;:2,&quot;2&quot;:13228792},&quot;9&quot;:1,&quot;10&quot;:2,&quot;15&quot;:&quot;Arial&quot;,&quot;16&quot;:12,&quot;17&quot;:1}\" data-sheets-formula=\"=R[-1]C[0]\/25,247\">10,88 <\/span>\u00d7 <span data-sheets-root=\"1\" data-sheets-value=\"{&quot;1&quot;:3,&quot;3&quot;:2.455737315324593}\" data-sheets-userformat=\"{&quot;2&quot;:28867,&quot;3&quot;:{&quot;1&quot;:2,&quot;2&quot;:&quot;0.00&quot;,&quot;3&quot;:1},&quot;4&quot;:{&quot;1&quot;:2,&quot;2&quot;:13228792},&quot;9&quot;:1,&quot;10&quot;:2,&quot;15&quot;:&quot;Arial&quot;,&quot;16&quot;:12,&quot;17&quot;:1}\" data-sheets-formula=\"=R[-1]C[0]\/25,247\">2,46 <\/span>pulgadas - 274,60 x 62,00 mm - Puntadas: 19043<\/p>\n<p>\u2605 Tama\u00f1o <span data-sheets-root=\"1\" data-sheets-value=\"{&quot;1&quot;:3,&quot;3&quot;:11.882599912860934}\" data-sheets-userformat=\"{&quot;2&quot;:28867,&quot;3&quot;:{&quot;1&quot;:2,&quot;2&quot;:&quot;0.00&quot;,&quot;3&quot;:1},&quot;4&quot;:{&quot;1&quot;:2,&quot;2&quot;:13228792},&quot;9&quot;:1,&quot;10&quot;:2,&quot;15&quot;:&quot;Arial&quot;,&quot;16&quot;:12,&quot;17&quot;:1}\" data-sheets-formula=\"=R[-1]C[0]\/25,247\">11,88<\/span><span data-sheets-root=\"1\" data-sheets-value=\"{&quot;1&quot;:3,&quot;3&quot;:6.852299283083139}\" data-sheets-userformat=\"{&quot;2&quot;:28867,&quot;3&quot;:{&quot;1&quot;:2,&quot;2&quot;:&quot;0.00&quot;,&quot;3&quot;:1},&quot;4&quot;:{&quot;1&quot;:2,&quot;2&quot;:13228792},&quot;9&quot;:1,&quot;10&quot;:2,&quot;15&quot;:&quot;Arial&quot;,&quot;16&quot;:12,&quot;17&quot;:1}\" data-sheets-formula=\"=R[-1]C[0]\/25,247\">\u00a0<\/span>\u00d7 <span data-sheets-root=\"1\" data-sheets-value=\"{&quot;1&quot;:3,&quot;3&quot;:2.685467580306571}\" data-sheets-userformat=\"{&quot;2&quot;:28867,&quot;3&quot;:{&quot;1&quot;:2,&quot;2&quot;:&quot;0.00&quot;,&quot;3&quot;:1},&quot;4&quot;:{&quot;1&quot;:2,&quot;2&quot;:13228792},&quot;9&quot;:1,&quot;10&quot;:2,&quot;15&quot;:&quot;Arial&quot;,&quot;16&quot;:12,&quot;17&quot;:1}\" data-sheets-formula=\"=R[-1]C[0]\/25,247\">2,69 <\/span>pulgadas - 300,00 x 67,80 mm - Puntadas: 21726<\/p>\n<p>&nbsp;<\/p>\n<p>\u2605 Formatos que se incluir\u00e1n en un archivo ZIP al realizar la compra:<\/p>\n<ul>\n<li>Deco, Brother, Baby Lock: <strong>PSE<\/strong><\/li>\n<li>Husqvarna, Viking: <strong>HUS<\/strong><\/li>\n<li>Janome, Elna, Kenmore: <strong>JEF<\/strong><\/li>\n<li>Melco: <strong>EXP<\/strong><\/li>\n<li>Compucon, Singer: <strong>XXX<\/strong><\/li>\n<li>Tajima: <strong>DST<\/strong><\/li>\n<li>Pfaff:<b> VP3<\/b><\/li>\n<li>Otros: <strong>SEW<\/strong><\/li>\n<\/ul>","protected":false},"excerpt":{"rendered":"<style>.elementor-204929 .elementor-element.elementor-element-95a9a0b{margin-top:0px;margin-bottom:0px;padding:0px 0px 0px 0px;overflow:visible;}.elementor-204929 .elementor-element.elementor-element-84e32b5 > .elementor-element-populated{margin:0px 0px 0px 0px;--e-column-margin-right:0px;--e-column-margin-left:0px;padding:0px 0px 0px 0px;}.elementor-204929 .elementor-element.elementor-element-4e302eb{text-align:left;}<\/style>\n<div class=\"porto-block elementor elementor-204929\" data-id=\"204929\">\n<section class=\"elementor-section elementor-top-section elementor-element elementor-element-95a9a0b elementor-section-full_width elementor-section-height-default elementor-section-height-default\" data-id=\"95a9a0b\" data-element_type=\"section\" data-settings=\"{&quot;ekit_has_onepagescroll_dot&quot;:&quot;yes&quot;}\">\n<div class=\"elementor-container elementor-column-gap-default\">\n<div class=\"elementor-column elementor-col-100 elementor-top-column elementor-element elementor-element-84e32b5\" data-id=\"84e32b5\" data-element_type=\"column\">\n<div class=\"elementor-widget-wrap elementor-element-populated\">\n<div class=\"elementor-element elementor-element-4e302eb elementor-widget elementor-widget-image\" data-id=\"4e302eb\" data-element_type=\"widget\" data-settings=\"{&quot;ekit_we_effect_on&quot;:&quot;none&quot;}\" data-widget_type=\"image.default\">\n<div class=\"elementor-widget-container\">\n<style>\/*! elementor - v3.12.1 - 02-04-2023 *\/\n.elementor-widget-image{text-align:center}.elementor-widget-image a{display:inline-block}.elementor-widget-image a img[src$=\".svg\"]{width:48px}.elementor-widget-image img{vertical-align:middle;display:inline-block}<\/style>\n<p>\t\t\t\t\t\t\t\t\t\t\t\t<img decoding=\"async\" width=\"300\" height=\"84\" src=\"https:\/\/embroiderydownload.com\/wp-content\/uploads\/2022\/11\/icons-values-eng.svg\" class=\"attachment-large size-large wp-image-204901\" alt=\"\" loading=\"lazy\" \/>\t\t\t\t\t\t\t\t\t\t\t\t\t\t\t<\/div>\n<\/p><\/div>\n<\/p><\/div>\n<\/p><\/div>\n<\/p><\/div>\n<\/section><\/div>","protected":false},"featured_media":214473,"template":"","meta":[],"product_cat":[12113],"product_tag":[53],"yoast_head":"<!-- This site is optimized with the Yoast SEO plugin v17.5 - https:\/\/yoast.com\/wordpress\/plugins\/seo\/ -->\n<title>Yamaha Embroidery Designs Download - EmbroideryDownload<\/title>\n<meta name=\"description\" content=\"Download Yamaha embroidery designs. Bring the spirit of innovation and speed to your projects with dynamic, inspired patterns.\" \/>\n<meta name=\"robots\" content=\"index, follow, max-snippet:-1, max-image-preview:large, max-video-preview:-1\" \/>\n<link rel=\"canonical\" href=\"https:\/\/embroiderydownload.com\/es\/productos\/yamaha-disenos-de-bordado-descargar\/\" \/>\n<meta property=\"og:locale\" content=\"es_ES\" \/>\n<meta property=\"og:type\" content=\"article\" \/>\n<meta property=\"og:title\" content=\"Yamaha Embroidery Designs Download - EmbroideryDownload\" \/>\n<meta property=\"og:description\" content=\"Download Yamaha embroidery designs. Bring the spirit of innovation and speed to your projects with dynamic, inspired patterns.\" \/>\n<meta property=\"og:url\" content=\"https:\/\/embroiderydownload.com\/es\/productos\/yamaha-disenos-de-bordado-descargar\/\" \/>\n<meta property=\"og:site_name\" content=\"EmbroideryDownload\" \/>\n<meta property=\"article:modified_time\" content=\"2025-01-16T12:06:53+00:00\" \/>\n<meta property=\"og:image\" content=\"https:\/\/embroiderydownload.com\/wp-content\/uploads\/2024\/02\/yamaha-embroidery-design-logo-mockup-1.jpg\" \/>\n\t<meta property=\"og:image:width\" content=\"900\" \/>\n\t<meta property=\"og:image:height\" content=\"900\" \/>\n<meta name=\"twitter:card\" content=\"summary_large_image\" \/>\n<meta name=\"twitter:label1\" content=\"Precio\" \/>\n\t<meta name=\"twitter:data1\" content=\"&euro;3.99\" \/>\n\t<meta name=\"twitter:label2\" content=\"Availability\" \/>\n\t<meta name=\"twitter:data2\" content=\"In stock\" \/>\n<script type=\"application\/ld+json\" class=\"yoast-schema-graph\">{\"@context\":\"https:\/\/schema.org\",\"@graph\":[{\"@type\":\"WebSite\",\"@id\":\"https:\/\/embroiderydownload.com\/fr\/#website\",\"url\":\"https:\/\/embroiderydownload.com\/fr\/\",\"name\":\"EmbroideryDownload\",\"description\":\"Embroidery Designs Instant Digital Download\",\"potentialAction\":[{\"@type\":\"SearchAction\",\"target\":{\"@type\":\"EntryPoint\",\"urlTemplate\":\"https:\/\/embroiderydownload.com\/fr\/?s={search_term_string}\"},\"query-input\":\"required name=search_term_string\"}],\"inLanguage\":\"es\"},{\"@type\":\"ImageObject\",\"@id\":\"https:\/\/embroiderydownload.com\/es\/productos\/yamaha-disenos-de-bordado-descargar\/#primaryimage\",\"inLanguage\":\"es\",\"url\":\"https:\/\/embroiderydownload.com\/wp-content\/uploads\/2024\/02\/yamaha-embroidery-design-logo-mockup-1.jpg\",\"contentUrl\":\"https:\/\/embroiderydownload.com\/wp-content\/uploads\/2024\/02\/yamaha-embroidery-design-logo-mockup-1.jpg\",\"width\":900,\"height\":900,\"caption\":\"yamaha-embroidery-design-logo-mockup\"},{\"@type\":\"WebPage\",\"@id\":\"https:\/\/embroiderydownload.com\/es\/productos\/yamaha-disenos-de-bordado-descargar\/#webpage\",\"url\":\"https:\/\/embroiderydownload.com\/es\/productos\/yamaha-disenos-de-bordado-descargar\/\",\"name\":\"Yamaha Embroidery Designs Download - EmbroideryDownload\",\"isPartOf\":{\"@id\":\"https:\/\/embroiderydownload.com\/fr\/#website\"},\"primaryImageOfPage\":{\"@id\":\"https:\/\/embroiderydownload.com\/es\/productos\/yamaha-disenos-de-bordado-descargar\/#primaryimage\"},\"datePublished\":\"2024-02-12T12:27:03+00:00\",\"dateModified\":\"2025-01-16T12:06:53+00:00\",\"description\":\"Download Yamaha embroidery designs. Bring the spirit of innovation and speed to your projects with dynamic, inspired patterns.\",\"breadcrumb\":{\"@id\":\"https:\/\/embroiderydownload.com\/es\/productos\/yamaha-disenos-de-bordado-descargar\/#breadcrumb\"},\"inLanguage\":\"es\",\"potentialAction\":[{\"@type\":\"ReadAction\",\"target\":[\"https:\/\/embroiderydownload.com\/es\/productos\/yamaha-disenos-de-bordado-descargar\/\"]}]},{\"@type\":\"BreadcrumbList\",\"@id\":\"https:\/\/embroiderydownload.com\/es\/productos\/yamaha-disenos-de-bordado-descargar\/#breadcrumb\",\"itemListElement\":[{\"@type\":\"ListItem\",\"position\":1,\"name\":\"Shop\",\"item\":\"https:\/\/embroiderydownload.com\/it\/negozio-2\/\"},{\"@type\":\"ListItem\",\"position\":2,\"name\":\"Yamaha Embroidery Designs Download\"}]}]}<\/script>\n<!-- \/ Yoast SEO plugin. -->","yoast_head_json":{"title":"Yamaha Embroidery Designs Download - EmbroideryDownload","description":"Download Yamaha embroidery designs. Bring the spirit of innovation and speed to your projects with dynamic, inspired patterns.","robots":{"index":"index","follow":"follow","max-snippet":"max-snippet:-1","max-image-preview":"max-image-preview:large","max-video-preview":"max-video-preview:-1"},"canonical":"https:\/\/embroiderydownload.com\/es\/productos\/yamaha-disenos-de-bordado-descargar\/","og_locale":"es_ES","og_type":"article","og_title":"Yamaha Embroidery Designs Download - EmbroideryDownload","og_description":"Download Yamaha embroidery designs. Bring the spirit of innovation and speed to your projects with dynamic, inspired patterns.","og_url":"https:\/\/embroiderydownload.com\/es\/productos\/yamaha-disenos-de-bordado-descargar\/","og_site_name":"EmbroideryDownload","article_modified_time":"2025-01-16T12:06:53+00:00","og_image":[{"width":900,"height":900,"url":"https:\/\/embroiderydownload.com\/wp-content\/uploads\/2024\/02\/yamaha-embroidery-design-logo-mockup-1.jpg","type":"image\/jpeg"}],"twitter_card":"summary_large_image","twitter_misc":{"Precio":"&euro;3.99","Availability":"In stock"},"schema":{"@context":"https:\/\/schema.org","@graph":[{"@type":"WebSite","@id":"https:\/\/embroiderydownload.com\/fr\/#website","url":"https:\/\/embroiderydownload.com\/fr\/","name":"EmbroideryDownload","description":"Embroidery Designs Instant Digital Download","potentialAction":[{"@type":"SearchAction","target":{"@type":"EntryPoint","urlTemplate":"https:\/\/embroiderydownload.com\/fr\/?s={search_term_string}"},"query-input":"required name=search_term_string"}],"inLanguage":"es"},{"@type":"ImageObject","@id":"https:\/\/embroiderydownload.com\/es\/productos\/yamaha-disenos-de-bordado-descargar\/#primaryimage","inLanguage":"es","url":"https:\/\/embroiderydownload.com\/wp-content\/uploads\/2024\/02\/yamaha-embroidery-design-logo-mockup-1.jpg","contentUrl":"https:\/\/embroiderydownload.com\/wp-content\/uploads\/2024\/02\/yamaha-embroidery-design-logo-mockup-1.jpg","width":900,"height":900,"caption":"yamaha-embroidery-design-logo-mockup"},{"@type":"WebPage","@id":"https:\/\/embroiderydownload.com\/es\/productos\/yamaha-disenos-de-bordado-descargar\/#webpage","url":"https:\/\/embroiderydownload.com\/es\/productos\/yamaha-disenos-de-bordado-descargar\/","name":"Yamaha Embroidery Designs Download - EmbroideryDownload","isPartOf":{"@id":"https:\/\/embroiderydownload.com\/fr\/#website"},"primaryImageOfPage":{"@id":"https:\/\/embroiderydownload.com\/es\/productos\/yamaha-disenos-de-bordado-descargar\/#primaryimage"},"datePublished":"2024-02-12T12:27:03+00:00","dateModified":"2025-01-16T12:06:53+00:00","description":"Download Yamaha embroidery designs. Bring the spirit of innovation and speed to your projects with dynamic, inspired patterns.","breadcrumb":{"@id":"https:\/\/embroiderydownload.com\/es\/productos\/yamaha-disenos-de-bordado-descargar\/#breadcrumb"},"inLanguage":"es","potentialAction":[{"@type":"ReadAction","target":["https:\/\/embroiderydownload.com\/es\/productos\/yamaha-disenos-de-bordado-descargar\/"]}]},{"@type":"BreadcrumbList","@id":"https:\/\/embroiderydownload.com\/es\/productos\/yamaha-disenos-de-bordado-descargar\/#breadcrumb","itemListElement":[{"@type":"ListItem","position":1,"name":"Shop","item":"https:\/\/embroiderydownload.com\/it\/negozio-2\/"},{"@type":"ListItem","position":2,"name":"Yamaha Embroidery Designs Download"}]}]}},"_links":{"self":[{"href":"https:\/\/embroiderydownload.com\/es\/wp-json\/wp\/v2\/product\/214452"}],"collection":[{"href":"https:\/\/embroiderydownload.com\/es\/wp-json\/wp\/v2\/product"}],"about":[{"href":"https:\/\/embroiderydownload.com\/es\/wp-json\/wp\/v2\/types\/product"}],"version-history":[{"count":2,"href":"https:\/\/embroiderydownload.com\/es\/wp-json\/wp\/v2\/product\/214452\/revisions"}],"predecessor-version":[{"id":216003,"href":"https:\/\/embroiderydownload.com\/es\/wp-json\/wp\/v2\/product\/214452\/revisions\/216003"}],"wp:featuredmedia":[{"embeddable":true,"href":"https:\/\/embroiderydownload.com\/es\/wp-json\/wp\/v2\/media\/214473"}],"wp:attachment":[{"href":"https:\/\/embroiderydownload.com\/es\/wp-json\/wp\/v2\/media?parent=214452"}],"wp:term":[{"taxonomy":"product_cat","embeddable":true,"href":"https:\/\/embroiderydownload.com\/es\/wp-json\/wp\/v2\/product_cat?post=214452"},{"taxonomy":"product_tag","embeddable":true,"href":"https:\/\/embroiderydownload.com\/es\/wp-json\/wp\/v2\/product_tag?post=214452"}],"curies":[{"name":"wp","href":"https:\/\/api.w.org\/{rel}","templated":true}]}}