{"id":223087,"date":"2025-01-16T11:58:18","date_gmt":"2025-01-16T10:58:18","guid":{"rendered":"https:\/\/embroiderydownload.com\/?post_type=product&#038;p=223087"},"modified":"2025-01-16T12:12:04","modified_gmt":"2025-01-16T11:12:04","slug":"nike-cars-embroidery-design-download","status":"publish","type":"product","link":"https:\/\/embroiderydownload.com\/es\/products\/nike-coches-bordado-diseno-descargar\/","title":{"rendered":"Coches Nike Descarga Picaje Bordado Dise\u00f1o"},"content":{"rendered":"<p>Presentaci\u00f3n de la <strong>Coches Nike<\/strong> <strong>Picajes de bordados<\/strong>Una pieza imprescindible para los amantes de la naturaleza y del bordado. Este dise\u00f1o \u00fanico est\u00e1 meticulosamente elaborado para garantizar la m\u00e1xima calidad.<\/p>\n<p>\u2605 Tama\u00f1o 3,80 \u00d7 2,00 inch - 96,60 x 50,80 mm - Puntadas: 10275<\/p>\n<p>\u2605 Tama\u00f1o 4,80 \u00d7 2,52 inch - 122,00 x 64,20 mm - Puntadas: 13442<\/p>\n<p>\u2605 Tama\u00f1o 5,80 \u00d7 3,04 inch - 147,40 x 77,40 mm - Puntadas: 17005<\/p>\n<p>\u2605 Tama\u00f1o 6,80 \u00d7 3,57 inch - 172,80 x 90,80 mm - Puntadas: 20782<\/p>\n<p>&nbsp;<\/p>\n<p>\u2605 Formatos que se incluir\u00e1n en un archivo ZIP al realizar la compra:<\/p>\n<ul>\n<li>Deco, Brother, Baby Lock: <strong>PSE<\/strong><\/li>\n<li>Husqvarna, Viking: <strong>HUS<\/strong><\/li>\n<li>Janome, Elna, Kenmore: <strong>JEF<\/strong><\/li>\n<li>Melco: <strong>EXP<\/strong><\/li>\n<li>Compucon, Singer: <strong>XXX<\/strong><\/li>\n<li>Tajima: <strong>DST<\/strong><\/li>\n<li>Pfaff:<b> VP3<\/b><\/li>\n<\/ul>","protected":false},"excerpt":{"rendered":"<style>.elementor-204929 .elementor-element.elementor-element-95a9a0b{margin-top:0px;margin-bottom:0px;padding:0px 0px 0px 0px;overflow:visible;}.elementor-204929 .elementor-element.elementor-element-84e32b5 > .elementor-element-populated{margin:0px 0px 0px 0px;--e-column-margin-right:0px;--e-column-margin-left:0px;padding:0px 0px 0px 0px;}.elementor-204929 .elementor-element.elementor-element-4e302eb{text-align:left;}<\/style>\n<div class=\"porto-block elementor elementor-204929\" data-id=\"204929\">\n<section class=\"elementor-section elementor-top-section elementor-element elementor-element-95a9a0b elementor-section-full_width elementor-section-height-default elementor-section-height-default\" data-id=\"95a9a0b\" data-element_type=\"section\" data-settings=\"{&quot;ekit_has_onepagescroll_dot&quot;:&quot;yes&quot;}\">\n<div class=\"elementor-container elementor-column-gap-default\">\n<div class=\"elementor-column elementor-col-100 elementor-top-column elementor-element elementor-element-84e32b5\" data-id=\"84e32b5\" data-element_type=\"column\">\n<div class=\"elementor-widget-wrap elementor-element-populated\">\n<div class=\"elementor-element elementor-element-4e302eb elementor-widget elementor-widget-image\" data-id=\"4e302eb\" data-element_type=\"widget\" data-settings=\"{&quot;ekit_we_effect_on&quot;:&quot;none&quot;}\" data-widget_type=\"image.default\">\n<div class=\"elementor-widget-container\">\n<style>\/*! elementor - v3.12.1 - 02-04-2023 *\/\n.elementor-widget-image{text-align:center}.elementor-widget-image a{display:inline-block}.elementor-widget-image a img[src$=\".svg\"]{width:48px}.elementor-widget-image img{vertical-align:middle;display:inline-block}<\/style>\n<p>\t\t\t\t\t\t\t\t\t\t\t\t<img decoding=\"async\" width=\"300\" height=\"84\" src=\"https:\/\/embroiderydownload.com\/wp-content\/uploads\/2022\/11\/icons-values-eng.svg\" class=\"attachment-large size-large wp-image-204901\" alt=\"\" loading=\"lazy\" \/>\t\t\t\t\t\t\t\t\t\t\t\t\t\t\t<\/div>\n<\/p><\/div>\n<\/p><\/div>\n<\/p><\/div>\n<\/p><\/div>\n<\/section><\/div>","protected":false},"featured_media":223089,"template":"","meta":[],"product_cat":[12079],"product_tag":[38],"yoast_head":"<!-- This site is optimized with the Yoast SEO plugin v17.5 - https:\/\/yoast.com\/wordpress\/plugins\/seo\/ -->\n<title>Nike cars Embroidery Design Download - EmbroideryDownload<\/title>\n<meta name=\"description\" content=\"Add a touch of fantasy to your embroidery with our Nike design with Mate the Car Crane - Download Now for Fun and Unique Projects! (6 Sizes).\" \/>\n<meta name=\"robots\" content=\"index, follow, max-snippet:-1, max-image-preview:large, max-video-preview:-1\" \/>\n<link rel=\"canonical\" href=\"https:\/\/embroiderydownload.com\/es\/products\/nike-coches-bordado-diseno-descargar\/\" \/>\n<meta property=\"og:locale\" content=\"es_ES\" \/>\n<meta property=\"og:type\" content=\"article\" \/>\n<meta property=\"og:title\" content=\"Nike cars Embroidery Design Download - EmbroideryDownload\" \/>\n<meta property=\"og:description\" content=\"Add a touch of fantasy to your embroidery with our Nike design with Mate the Car Crane - Download Now for Fun and Unique Projects! (6 Sizes).\" \/>\n<meta property=\"og:url\" content=\"https:\/\/embroiderydownload.com\/es\/products\/nike-coches-bordado-diseno-descargar\/\" \/>\n<meta property=\"og:site_name\" content=\"EmbroideryDownload\" \/>\n<meta property=\"article:modified_time\" content=\"2025-01-16T11:12:04+00:00\" \/>\n<meta property=\"og:image\" content=\"https:\/\/embroiderydownload.com\/wp-content\/uploads\/2025\/01\/Nike-cars-embroidery-design-logo.jpg\" \/>\n\t<meta property=\"og:image:width\" content=\"800\" \/>\n\t<meta property=\"og:image:height\" content=\"800\" \/>\n<meta name=\"twitter:card\" content=\"summary_large_image\" \/>\n<meta name=\"twitter:label1\" content=\"Precio\" \/>\n\t<meta name=\"twitter:data1\" content=\"&euro;3.99\" \/>\n\t<meta name=\"twitter:label2\" content=\"Availability\" \/>\n\t<meta name=\"twitter:data2\" content=\"In stock\" \/>\n<script type=\"application\/ld+json\" class=\"yoast-schema-graph\">{\"@context\":\"https:\/\/schema.org\",\"@graph\":[{\"@type\":\"WebSite\",\"@id\":\"https:\/\/embroiderydownload.com\/fr\/#website\",\"url\":\"https:\/\/embroiderydownload.com\/fr\/\",\"name\":\"EmbroideryDownload\",\"description\":\"Embroidery Designs Instant Digital Download\",\"potentialAction\":[{\"@type\":\"SearchAction\",\"target\":{\"@type\":\"EntryPoint\",\"urlTemplate\":\"https:\/\/embroiderydownload.com\/fr\/?s={search_term_string}\"},\"query-input\":\"required name=search_term_string\"}],\"inLanguage\":\"es\"},{\"@type\":\"ImageObject\",\"@id\":\"https:\/\/embroiderydownload.com\/products\/nike-cars-embroidery-design-download\/#primaryimage\",\"inLanguage\":\"es\",\"url\":\"https:\/\/embroiderydownload.com\/wp-content\/uploads\/2025\/01\/Nike-cars-embroidery-design-logo.jpg\",\"contentUrl\":\"https:\/\/embroiderydownload.com\/wp-content\/uploads\/2025\/01\/Nike-cars-embroidery-design-logo.jpg\",\"width\":800,\"height\":800},{\"@type\":\"WebPage\",\"@id\":\"https:\/\/embroiderydownload.com\/products\/nike-cars-embroidery-design-download\/#webpage\",\"url\":\"https:\/\/embroiderydownload.com\/products\/nike-cars-embroidery-design-download\/\",\"name\":\"Nike cars Embroidery Design Download - EmbroideryDownload\",\"isPartOf\":{\"@id\":\"https:\/\/embroiderydownload.com\/fr\/#website\"},\"primaryImageOfPage\":{\"@id\":\"https:\/\/embroiderydownload.com\/products\/nike-cars-embroidery-design-download\/#primaryimage\"},\"datePublished\":\"2025-01-16T10:58:18+00:00\",\"dateModified\":\"2025-01-16T11:12:04+00:00\",\"description\":\"Add a touch of fantasy to your embroidery with our Nike design with Mate the Car Crane - Download Now for Fun and Unique Projects! (6 Sizes).\",\"breadcrumb\":{\"@id\":\"https:\/\/embroiderydownload.com\/products\/nike-cars-embroidery-design-download\/#breadcrumb\"},\"inLanguage\":\"es\",\"potentialAction\":[{\"@type\":\"ReadAction\",\"target\":[\"https:\/\/embroiderydownload.com\/products\/nike-cars-embroidery-design-download\/\"]}]},{\"@type\":\"BreadcrumbList\",\"@id\":\"https:\/\/embroiderydownload.com\/products\/nike-cars-embroidery-design-download\/#breadcrumb\",\"itemListElement\":[{\"@type\":\"ListItem\",\"position\":1,\"name\":\"Shop\",\"item\":\"https:\/\/embroiderydownload.com\/it\/negozio-2\/\"},{\"@type\":\"ListItem\",\"position\":2,\"name\":\"Nike cars Embroidery Design Download\"}]}]}<\/script>\n<!-- \/ Yoast SEO plugin. -->","yoast_head_json":{"title":"Nike cars Embroidery Design Download - EmbroideryDownload","description":"Add a touch of fantasy to your embroidery with our Nike design with Mate the Car Crane - Download Now for Fun and Unique Projects! (6 Sizes).","robots":{"index":"index","follow":"follow","max-snippet":"max-snippet:-1","max-image-preview":"max-image-preview:large","max-video-preview":"max-video-preview:-1"},"canonical":"https:\/\/embroiderydownload.com\/es\/products\/nike-coches-bordado-diseno-descargar\/","og_locale":"es_ES","og_type":"article","og_title":"Nike cars Embroidery Design Download - EmbroideryDownload","og_description":"Add a touch of fantasy to your embroidery with our Nike design with Mate the Car Crane - Download Now for Fun and Unique Projects! (6 Sizes).","og_url":"https:\/\/embroiderydownload.com\/es\/products\/nike-coches-bordado-diseno-descargar\/","og_site_name":"EmbroideryDownload","article_modified_time":"2025-01-16T11:12:04+00:00","og_image":[{"width":800,"height":800,"url":"https:\/\/embroiderydownload.com\/wp-content\/uploads\/2025\/01\/Nike-cars-embroidery-design-logo.jpg","type":"image\/jpeg"}],"twitter_card":"summary_large_image","twitter_misc":{"Precio":"&euro;3.99","Availability":"In stock"},"schema":{"@context":"https:\/\/schema.org","@graph":[{"@type":"WebSite","@id":"https:\/\/embroiderydownload.com\/fr\/#website","url":"https:\/\/embroiderydownload.com\/fr\/","name":"EmbroideryDownload","description":"Embroidery Designs Instant Digital Download","potentialAction":[{"@type":"SearchAction","target":{"@type":"EntryPoint","urlTemplate":"https:\/\/embroiderydownload.com\/fr\/?s={search_term_string}"},"query-input":"required name=search_term_string"}],"inLanguage":"es"},{"@type":"ImageObject","@id":"https:\/\/embroiderydownload.com\/products\/nike-cars-embroidery-design-download\/#primaryimage","inLanguage":"es","url":"https:\/\/embroiderydownload.com\/wp-content\/uploads\/2025\/01\/Nike-cars-embroidery-design-logo.jpg","contentUrl":"https:\/\/embroiderydownload.com\/wp-content\/uploads\/2025\/01\/Nike-cars-embroidery-design-logo.jpg","width":800,"height":800},{"@type":"WebPage","@id":"https:\/\/embroiderydownload.com\/products\/nike-cars-embroidery-design-download\/#webpage","url":"https:\/\/embroiderydownload.com\/products\/nike-cars-embroidery-design-download\/","name":"Nike cars Embroidery Design Download - EmbroideryDownload","isPartOf":{"@id":"https:\/\/embroiderydownload.com\/fr\/#website"},"primaryImageOfPage":{"@id":"https:\/\/embroiderydownload.com\/products\/nike-cars-embroidery-design-download\/#primaryimage"},"datePublished":"2025-01-16T10:58:18+00:00","dateModified":"2025-01-16T11:12:04+00:00","description":"Add a touch of fantasy to your embroidery with our Nike design with Mate the Car Crane - Download Now for Fun and Unique Projects! (6 Sizes).","breadcrumb":{"@id":"https:\/\/embroiderydownload.com\/products\/nike-cars-embroidery-design-download\/#breadcrumb"},"inLanguage":"es","potentialAction":[{"@type":"ReadAction","target":["https:\/\/embroiderydownload.com\/products\/nike-cars-embroidery-design-download\/"]}]},{"@type":"BreadcrumbList","@id":"https:\/\/embroiderydownload.com\/products\/nike-cars-embroidery-design-download\/#breadcrumb","itemListElement":[{"@type":"ListItem","position":1,"name":"Shop","item":"https:\/\/embroiderydownload.com\/it\/negozio-2\/"},{"@type":"ListItem","position":2,"name":"Nike cars Embroidery Design Download"}]}]}},"_links":{"self":[{"href":"https:\/\/embroiderydownload.com\/es\/wp-json\/wp\/v2\/product\/223087"}],"collection":[{"href":"https:\/\/embroiderydownload.com\/es\/wp-json\/wp\/v2\/product"}],"about":[{"href":"https:\/\/embroiderydownload.com\/es\/wp-json\/wp\/v2\/types\/product"}],"version-history":[{"count":1,"href":"https:\/\/embroiderydownload.com\/es\/wp-json\/wp\/v2\/product\/223087\/revisions"}],"predecessor-version":[{"id":223091,"href":"https:\/\/embroiderydownload.com\/es\/wp-json\/wp\/v2\/product\/223087\/revisions\/223091"}],"wp:featuredmedia":[{"embeddable":true,"href":"https:\/\/embroiderydownload.com\/es\/wp-json\/wp\/v2\/media\/223089"}],"wp:attachment":[{"href":"https:\/\/embroiderydownload.com\/es\/wp-json\/wp\/v2\/media?parent=223087"}],"wp:term":[{"taxonomy":"product_cat","embeddable":true,"href":"https:\/\/embroiderydownload.com\/es\/wp-json\/wp\/v2\/product_cat?post=223087"},{"taxonomy":"product_tag","embeddable":true,"href":"https:\/\/embroiderydownload.com\/es\/wp-json\/wp\/v2\/product_tag?post=223087"}],"curies":[{"name":"wp","href":"https:\/\/api.w.org\/{rel}","templated":true}]}}