{"id":80765,"date":"2021-11-17T05:51:33","date_gmt":"2021-11-17T04:51:33","guid":{"rendered":"https:\/\/embroiderydownload.com\/product\/bretagne-flag-embroidery-design-download\/"},"modified":"2023-03-23T14:23:31","modified_gmt":"2023-03-23T13:23:31","slug":"bretagne-flag-embroidery-design-download","status":"publish","type":"product","link":"https:\/\/embroiderydownload.com\/es\/products\/descarga-picaje-bandera-breta\u00f1a-bordado\/","title":{"rendered":"Descarga Picaje Bordado con Bandera de Breta\u00f1a"},"content":{"rendered":"<p>&nbsp;<\/p>\n<p><strong>Bandera de Breta\u00f1a<\/strong>\u00a0dise\u00f1o de bordado a m\u00e1quina. Dise\u00f1os probados de alta calidad.<\/p>\n<p>\u2605 Tama\u00f1o: 4,01 x 2,38 pulgadas. - 102,00 x 60,40 mm - Puntadas: 13444<br \/>\n\u2605 Tama\u00f1o: 5,01 x 2,94 pulgadas. - 127,40 x 74,90 mm - Puntadas: 29478<br \/>\n\u2605 Tama\u00f1o: 7,01 x 4,10 pulgadas. - 178,20 x 104,20 mm - Puntadas: 54496<br \/>\n\u2605 Tama\u00f1o: 10,01 x 5,83 pulgadas. - 254,40 x 148,20 mm - Puntadas: 106188<\/p>\n<p>\u2605 Formatos que se incluir\u00e1n en un archivo ZIP tras la compra<\/p>\n<ul>\n<li>Tajima: <strong>DST<\/strong><\/li>\n<li>Melco:<strong> EXP<\/strong><\/li>\n<li>Husqvarna, Viking, Singer:<strong> SHU, SCP<\/strong><\/li>\n<li>Deco, Brother, Baby Lock: <strong>PSE, PEC<\/strong><\/li>\n<li>Janome, Elna, Kenmore: <strong>JEF, SEW<\/strong><\/li>\n<li>Compucon: <strong>XXX<\/strong><\/li>\n<li>Otros:\u00a0<strong>VIP, VP3<\/strong><\/li>\n<\/ul>\n<p>&nbsp;<\/p>\n<p>\u2605 Puede cambiar el color del borde amarillo por el color que desee. El color del borde est\u00e1 separado para facilitar este cambio.<\/p>\n<p>&nbsp;<\/p>\n<p>\u2605 \u00bfNo encuentras tu tipo de archivo? P\u00eddanos el formato de archivo que desee por correo electr\u00f3nico y se lo enviaremos lo antes posible.<\/p>\n<div id=\"gtx-trans\" style=\"position: absolute; left: 14px; top: 27px;\">\n<div class=\"gtx-trans-icon\"><\/div>\n<\/div>","protected":false},"excerpt":{"rendered":"<style>.elementor-204929 .elementor-element.elementor-element-95a9a0b{margin-top:0px;margin-bottom:0px;padding:0px 0px 0px 0px;overflow:visible;}.elementor-204929 .elementor-element.elementor-element-84e32b5 > .elementor-element-populated{margin:0px 0px 0px 0px;--e-column-margin-right:0px;--e-column-margin-left:0px;padding:0px 0px 0px 0px;}.elementor-204929 .elementor-element.elementor-element-4e302eb{text-align:left;}<\/style>\n<div class=\"porto-block elementor elementor-204929\" data-id=\"204929\">\n<section class=\"elementor-section elementor-top-section elementor-element elementor-element-95a9a0b elementor-section-full_width elementor-section-height-default elementor-section-height-default\" data-id=\"95a9a0b\" data-element_type=\"section\" data-settings=\"{&quot;ekit_has_onepagescroll_dot&quot;:&quot;yes&quot;}\">\n<div class=\"elementor-container elementor-column-gap-default\">\n<div class=\"elementor-column elementor-col-100 elementor-top-column elementor-element elementor-element-84e32b5\" data-id=\"84e32b5\" data-element_type=\"column\">\n<div class=\"elementor-widget-wrap elementor-element-populated\">\n<div class=\"elementor-element elementor-element-4e302eb elementor-widget elementor-widget-image\" data-id=\"4e302eb\" data-element_type=\"widget\" data-settings=\"{&quot;ekit_we_effect_on&quot;:&quot;none&quot;}\" data-widget_type=\"image.default\">\n<div class=\"elementor-widget-container\">\n<style>\/*! elementor - v3.12.1 - 02-04-2023 *\/\n.elementor-widget-image{text-align:center}.elementor-widget-image a{display:inline-block}.elementor-widget-image a img[src$=\".svg\"]{width:48px}.elementor-widget-image img{vertical-align:middle;display:inline-block}<\/style>\n<p>\t\t\t\t\t\t\t\t\t\t\t\t<img decoding=\"async\" width=\"300\" height=\"84\" src=\"https:\/\/embroiderydownload.com\/wp-content\/uploads\/2022\/11\/icons-values-eng.svg\" class=\"attachment-large size-large wp-image-204901\" alt=\"\" loading=\"lazy\" \/>\t\t\t\t\t\t\t\t\t\t\t\t\t\t\t<\/div>\n<\/p><\/div>\n<\/p><\/div>\n<\/p><\/div>\n<\/p><\/div>\n<\/section><\/div>","protected":false},"featured_media":80766,"template":"","meta":[],"product_cat":[12091,12167],"product_tag":[38,320,326,327,72,328],"yoast_head":"<!-- This site is optimized with the Yoast SEO plugin v17.5 - https:\/\/yoast.com\/wordpress\/plugins\/seo\/ -->\n<title>Bretagne Flag Embroidery Design Download - EmbroideryDownload<\/title>\n<meta name=\"description\" content=\"Download the Bretagne Flag Embroidery Design today and add a touch of French elegance to your creations!\" \/>\n<meta name=\"robots\" content=\"index, follow, max-snippet:-1, max-image-preview:large, max-video-preview:-1\" \/>\n<link rel=\"canonical\" href=\"https:\/\/embroiderydownload.com\/es\/prodotti\/disegno-ricamo-da-scaricare-gratis-per-macchina-da-scaricare-della-bandiera-della-bretagna\/\" \/>\n<meta property=\"og:locale\" content=\"es_ES\" \/>\n<meta property=\"og:type\" content=\"article\" \/>\n<meta property=\"og:title\" content=\"Bretagne Flag Embroidery Design Download - EmbroideryDownload\" \/>\n<meta property=\"og:description\" content=\"Download the Bretagne Flag Embroidery Design today and add a touch of French elegance to your creations!\" \/>\n<meta property=\"og:url\" content=\"https:\/\/embroiderydownload.com\/es\/prodotti\/disegno-ricamo-da-scaricare-gratis-per-macchina-da-scaricare-della-bandiera-della-bretagna\/\" \/>\n<meta property=\"og:site_name\" content=\"EmbroideryDownload\" \/>\n<meta property=\"article:modified_time\" content=\"2023-03-23T13:23:31+00:00\" \/>\n<meta property=\"og:image\" content=\"https:\/\/embroiderydownload.com\/wp-content\/uploads\/2021\/10\/embroidery-design-logo-Recuperado_7bc4010e-a949-42a5-a49e-6375c1068c02-3.jpg\" \/>\n\t<meta property=\"og:image:width\" content=\"700\" \/>\n\t<meta property=\"og:image:height\" content=\"700\" \/>\n<meta name=\"twitter:card\" content=\"summary_large_image\" \/>\n<meta name=\"twitter:label1\" content=\"Precio\" \/>\n\t<meta name=\"twitter:data1\" content=\"&euro;1.99\" \/>\n\t<meta name=\"twitter:label2\" content=\"Availability\" \/>\n\t<meta name=\"twitter:data2\" content=\"In stock\" \/>\n<script type=\"application\/ld+json\" class=\"yoast-schema-graph\">{\"@context\":\"https:\/\/schema.org\",\"@graph\":[{\"@type\":\"WebSite\",\"@id\":\"https:\/\/embroiderydownload.com\/fr\/#website\",\"url\":\"https:\/\/embroiderydownload.com\/fr\/\",\"name\":\"EmbroideryDownload\",\"description\":\"Embroidery Designs Instant Digital Download\",\"potentialAction\":[{\"@type\":\"SearchAction\",\"target\":{\"@type\":\"EntryPoint\",\"urlTemplate\":\"https:\/\/embroiderydownload.com\/fr\/?s={search_term_string}\"},\"query-input\":\"required name=search_term_string\"}],\"inLanguage\":\"es\"},{\"@type\":\"ImageObject\",\"@id\":\"https:\/\/embroiderydownload.com\/it\/prodotti\/disegno-ricamo-da-scaricare-gratis-per-macchina-da-scaricare-della-bandiera-della-bretagna\/#primaryimage\",\"inLanguage\":\"es\",\"url\":\"https:\/\/embroiderydownload.com\/wp-content\/uploads\/2021\/10\/embroidery-design-logo-Recuperado_7bc4010e-a949-42a5-a49e-6375c1068c02-3.jpg\",\"contentUrl\":\"https:\/\/embroiderydownload.com\/wp-content\/uploads\/2021\/10\/embroidery-design-logo-Recuperado_7bc4010e-a949-42a5-a49e-6375c1068c02-3.jpg\",\"width\":700,\"height\":700},{\"@type\":\"WebPage\",\"@id\":\"https:\/\/embroiderydownload.com\/it\/prodotti\/disegno-ricamo-da-scaricare-gratis-per-macchina-da-scaricare-della-bandiera-della-bretagna\/#webpage\",\"url\":\"https:\/\/embroiderydownload.com\/it\/prodotti\/disegno-ricamo-da-scaricare-gratis-per-macchina-da-scaricare-della-bandiera-della-bretagna\/\",\"name\":\"Bretagne Flag Embroidery Design Download - EmbroideryDownload\",\"isPartOf\":{\"@id\":\"https:\/\/embroiderydownload.com\/fr\/#website\"},\"primaryImageOfPage\":{\"@id\":\"https:\/\/embroiderydownload.com\/it\/prodotti\/disegno-ricamo-da-scaricare-gratis-per-macchina-da-scaricare-della-bandiera-della-bretagna\/#primaryimage\"},\"datePublished\":\"2021-11-17T04:51:33+00:00\",\"dateModified\":\"2023-03-23T13:23:31+00:00\",\"description\":\"Download the Bretagne Flag Embroidery Design today and add a touch of French elegance to your creations!\",\"breadcrumb\":{\"@id\":\"https:\/\/embroiderydownload.com\/it\/prodotti\/disegno-ricamo-da-scaricare-gratis-per-macchina-da-scaricare-della-bandiera-della-bretagna\/#breadcrumb\"},\"inLanguage\":\"es\",\"potentialAction\":[{\"@type\":\"ReadAction\",\"target\":[\"https:\/\/embroiderydownload.com\/it\/prodotti\/disegno-ricamo-da-scaricare-gratis-per-macchina-da-scaricare-della-bandiera-della-bretagna\/\"]}]},{\"@type\":\"BreadcrumbList\",\"@id\":\"https:\/\/embroiderydownload.com\/it\/prodotti\/disegno-ricamo-da-scaricare-gratis-per-macchina-da-scaricare-della-bandiera-della-bretagna\/#breadcrumb\",\"itemListElement\":[{\"@type\":\"ListItem\",\"position\":1,\"name\":\"Shop\",\"item\":\"https:\/\/embroiderydownload.com\/it\/negozio-2\/\"},{\"@type\":\"ListItem\",\"position\":2,\"name\":\"Bretagne Flag Embroidery Design Download\"}]}]}<\/script>\n<!-- \/ Yoast SEO plugin. -->","yoast_head_json":{"title":"Bretagne Flag Embroidery Design Download - EmbroideryDownload","description":"Download the Bretagne Flag Embroidery Design today and add a touch of French elegance to your creations!","robots":{"index":"index","follow":"follow","max-snippet":"max-snippet:-1","max-image-preview":"max-image-preview:large","max-video-preview":"max-video-preview:-1"},"canonical":"https:\/\/embroiderydownload.com\/es\/prodotti\/disegno-ricamo-da-scaricare-gratis-per-macchina-da-scaricare-della-bandiera-della-bretagna\/","og_locale":"es_ES","og_type":"article","og_title":"Bretagne Flag Embroidery Design Download - EmbroideryDownload","og_description":"Download the Bretagne Flag Embroidery Design today and add a touch of French elegance to your creations!","og_url":"https:\/\/embroiderydownload.com\/es\/prodotti\/disegno-ricamo-da-scaricare-gratis-per-macchina-da-scaricare-della-bandiera-della-bretagna\/","og_site_name":"EmbroideryDownload","article_modified_time":"2023-03-23T13:23:31+00:00","og_image":[{"width":700,"height":700,"url":"https:\/\/embroiderydownload.com\/wp-content\/uploads\/2021\/10\/embroidery-design-logo-Recuperado_7bc4010e-a949-42a5-a49e-6375c1068c02-3.jpg","type":"image\/jpeg"}],"twitter_card":"summary_large_image","twitter_misc":{"Precio":"&euro;1.99","Availability":"In stock"},"schema":{"@context":"https:\/\/schema.org","@graph":[{"@type":"WebSite","@id":"https:\/\/embroiderydownload.com\/fr\/#website","url":"https:\/\/embroiderydownload.com\/fr\/","name":"EmbroideryDownload","description":"Embroidery Designs Instant Digital Download","potentialAction":[{"@type":"SearchAction","target":{"@type":"EntryPoint","urlTemplate":"https:\/\/embroiderydownload.com\/fr\/?s={search_term_string}"},"query-input":"required name=search_term_string"}],"inLanguage":"es"},{"@type":"ImageObject","@id":"https:\/\/embroiderydownload.com\/it\/prodotti\/disegno-ricamo-da-scaricare-gratis-per-macchina-da-scaricare-della-bandiera-della-bretagna\/#primaryimage","inLanguage":"es","url":"https:\/\/embroiderydownload.com\/wp-content\/uploads\/2021\/10\/embroidery-design-logo-Recuperado_7bc4010e-a949-42a5-a49e-6375c1068c02-3.jpg","contentUrl":"https:\/\/embroiderydownload.com\/wp-content\/uploads\/2021\/10\/embroidery-design-logo-Recuperado_7bc4010e-a949-42a5-a49e-6375c1068c02-3.jpg","width":700,"height":700},{"@type":"WebPage","@id":"https:\/\/embroiderydownload.com\/it\/prodotti\/disegno-ricamo-da-scaricare-gratis-per-macchina-da-scaricare-della-bandiera-della-bretagna\/#webpage","url":"https:\/\/embroiderydownload.com\/it\/prodotti\/disegno-ricamo-da-scaricare-gratis-per-macchina-da-scaricare-della-bandiera-della-bretagna\/","name":"Bretagne Flag Embroidery Design Download - EmbroideryDownload","isPartOf":{"@id":"https:\/\/embroiderydownload.com\/fr\/#website"},"primaryImageOfPage":{"@id":"https:\/\/embroiderydownload.com\/it\/prodotti\/disegno-ricamo-da-scaricare-gratis-per-macchina-da-scaricare-della-bandiera-della-bretagna\/#primaryimage"},"datePublished":"2021-11-17T04:51:33+00:00","dateModified":"2023-03-23T13:23:31+00:00","description":"Download the Bretagne Flag Embroidery Design today and add a touch of French elegance to your creations!","breadcrumb":{"@id":"https:\/\/embroiderydownload.com\/it\/prodotti\/disegno-ricamo-da-scaricare-gratis-per-macchina-da-scaricare-della-bandiera-della-bretagna\/#breadcrumb"},"inLanguage":"es","potentialAction":[{"@type":"ReadAction","target":["https:\/\/embroiderydownload.com\/it\/prodotti\/disegno-ricamo-da-scaricare-gratis-per-macchina-da-scaricare-della-bandiera-della-bretagna\/"]}]},{"@type":"BreadcrumbList","@id":"https:\/\/embroiderydownload.com\/it\/prodotti\/disegno-ricamo-da-scaricare-gratis-per-macchina-da-scaricare-della-bandiera-della-bretagna\/#breadcrumb","itemListElement":[{"@type":"ListItem","position":1,"name":"Shop","item":"https:\/\/embroiderydownload.com\/it\/negozio-2\/"},{"@type":"ListItem","position":2,"name":"Bretagne Flag Embroidery Design Download"}]}]}},"_links":{"self":[{"href":"https:\/\/embroiderydownload.com\/es\/wp-json\/wp\/v2\/product\/80765"}],"collection":[{"href":"https:\/\/embroiderydownload.com\/es\/wp-json\/wp\/v2\/product"}],"about":[{"href":"https:\/\/embroiderydownload.com\/es\/wp-json\/wp\/v2\/types\/product"}],"version-history":[{"count":1,"href":"https:\/\/embroiderydownload.com\/es\/wp-json\/wp\/v2\/product\/80765\/revisions"}],"predecessor-version":[{"id":199164,"href":"https:\/\/embroiderydownload.com\/es\/wp-json\/wp\/v2\/product\/80765\/revisions\/199164"}],"wp:featuredmedia":[{"embeddable":true,"href":"https:\/\/embroiderydownload.com\/es\/wp-json\/wp\/v2\/media\/80766"}],"wp:attachment":[{"href":"https:\/\/embroiderydownload.com\/es\/wp-json\/wp\/v2\/media?parent=80765"}],"wp:term":[{"taxonomy":"product_cat","embeddable":true,"href":"https:\/\/embroiderydownload.com\/es\/wp-json\/wp\/v2\/product_cat?post=80765"},{"taxonomy":"product_tag","embeddable":true,"href":"https:\/\/embroiderydownload.com\/es\/wp-json\/wp\/v2\/product_tag?post=80765"}],"curies":[{"name":"wp","href":"https:\/\/api.w.org\/{rel}","templated":true}]}}