{"id":86174,"date":"2021-11-17T06:08:15","date_gmt":"2021-11-17T05:08:15","guid":{"rendered":"https:\/\/embroiderydownload.com\/product\/fortnite-marshmello-embroidery-design-download\/"},"modified":"2023-03-23T14:22:58","modified_gmt":"2023-03-23T13:22:58","slug":"fortnite-marshmello-embroidery-design-download","status":"publish","type":"product","link":"https:\/\/embroiderydownload.com\/es\/products\/descarga-picaje-bordado-fortnite-marshmello\/","title":{"rendered":"Fortnite Marshmello Descarga Picaje Bordado"},"content":{"rendered":"<p>&nbsp;<\/p>\n<p><strong>Fortnite Marshmello<\/strong>\u00a0profesional de dise\u00f1o de bordado digital Instant Download. Alta calidad de dise\u00f1o de la m\u00e1quina de bordado.<\/p>\n<p>\u2605 Tama\u00f1o 3,11 \u00d7 2,63 inch - 79,20 x 67,00 mm - Puntadas: 5184<br \/>\n\u2605 Tama\u00f1o 3,51 \u00d7 2,96 inch - 89,20 x 75,40 mm - Puntadas: 6268<br \/>\n\u2605 Tama\u00f1o 3,90 \u00d7 3,30 inch - 99,20 x 84,00 mm - Puntadas: 7505<br \/>\n\u2605 Tama\u00f1o 4,29 \u00d7 3,63 inch - 109,20 x 92,40 mm - Puntadas: 8871<br \/>\n\u2605 Tama\u00f1o 4,69 \u00d7 3,96 inch - 119,20 x 100,80 mm - Puntadas: 10309<br \/>\n\u2605 Tama\u00f1o 5,08 \u00d7 4,30 inch - 129,20 x 109,40 mm - Puntadas: 11895<br \/>\n\u2605 Tama\u00f1o 4,63 \u00d7 5,48 inch - 117,80 x 139,20 mm - Puntadas: 13564<\/p>\n<p>\u2605 Formatos que se incluir\u00e1n en un archivo ZIP tras la compra<\/p>\n<ul>\n<li>Deco, Brother, Baby Lock:\u00a0<strong>PSE, PEC, PCS<\/strong><\/li>\n<li>Husqvarna, Viking:\u00a0<strong>HUS, SEW, SHV<\/strong><\/li>\n<li>Janome, Elna, Kenmore:\u00a0<strong>JEF<\/strong><\/li>\n<li>Melco:\u00a0<strong>EXP,\u00a0<\/strong><\/li>\n<li>Cantante:<strong>\u00a0PCS<\/strong><\/li>\n<li>Compucon, Singer:\u00a0<strong>XXX<\/strong><\/li>\n<li>Tajima:\u00a0<strong>DST, DGT<\/strong><\/li>\n<li>Pfaff:<b>\u00a0VIP, VP3<\/b><\/li>\n<li>Otros: <strong>EMD<\/strong>,<strong> BMP, JPX, COL, PCQ, PCM, INF, CSD<\/strong><\/li>\n<\/ul>\n<p><strong><\/strong><br \/>\n\u00a0Las medidas y formatos son s\u00f3lo una estimaci\u00f3n.<\/p>","protected":false},"excerpt":{"rendered":"<style>.elementor-204929 .elementor-element.elementor-element-95a9a0b{margin-top:0px;margin-bottom:0px;padding:0px 0px 0px 0px;overflow:visible;}.elementor-204929 .elementor-element.elementor-element-84e32b5 > .elementor-element-populated{margin:0px 0px 0px 0px;--e-column-margin-right:0px;--e-column-margin-left:0px;padding:0px 0px 0px 0px;}.elementor-204929 .elementor-element.elementor-element-4e302eb{text-align:left;}<\/style>\n<div class=\"porto-block elementor elementor-204929\" data-id=\"204929\">\n<section class=\"elementor-section elementor-top-section elementor-element elementor-element-95a9a0b elementor-section-full_width elementor-section-height-default elementor-section-height-default\" data-id=\"95a9a0b\" data-element_type=\"section\" data-settings=\"{&quot;ekit_has_onepagescroll_dot&quot;:&quot;yes&quot;}\">\n<div class=\"elementor-container elementor-column-gap-default\">\n<div class=\"elementor-column elementor-col-100 elementor-top-column elementor-element elementor-element-84e32b5\" data-id=\"84e32b5\" data-element_type=\"column\">\n<div class=\"elementor-widget-wrap elementor-element-populated\">\n<div class=\"elementor-element elementor-element-4e302eb elementor-widget elementor-widget-image\" data-id=\"4e302eb\" data-element_type=\"widget\" data-settings=\"{&quot;ekit_we_effect_on&quot;:&quot;none&quot;}\" data-widget_type=\"image.default\">\n<div class=\"elementor-widget-container\">\n<style>\/*! elementor - v3.12.1 - 02-04-2023 *\/\n.elementor-widget-image{text-align:center}.elementor-widget-image a{display:inline-block}.elementor-widget-image a img[src$=\".svg\"]{width:48px}.elementor-widget-image img{vertical-align:middle;display:inline-block}<\/style>\n<p>\t\t\t\t\t\t\t\t\t\t\t\t<img decoding=\"async\" width=\"300\" height=\"84\" src=\"https:\/\/embroiderydownload.com\/wp-content\/uploads\/2022\/11\/icons-values-eng.svg\" class=\"attachment-large size-large wp-image-204901\" alt=\"\" loading=\"lazy\" \/>\t\t\t\t\t\t\t\t\t\t\t\t\t\t\t<\/div>\n<\/p><\/div>\n<\/p><\/div>\n<\/p><\/div>\n<\/p><\/div>\n<\/section><\/div>","protected":false},"featured_media":86175,"template":"","meta":[],"product_cat":[12178],"product_tag":[59,700,701,708],"yoast_head":"<!-- This site is optimized with the Yoast SEO plugin v17.5 - https:\/\/yoast.com\/wordpress\/plugins\/seo\/ -->\n<title>Fortnite Marshmello Embroidery Design Download - EmbroideryDownload<\/title>\n<meta name=\"description\" content=\"Download the Fortnite Marshmello embroidery design today and level up your gaming style!\" \/>\n<meta name=\"robots\" content=\"index, follow, max-snippet:-1, max-image-preview:large, max-video-preview:-1\" \/>\n<link rel=\"canonical\" href=\"https:\/\/embroiderydownload.com\/es\/productos\/descarga-picaje-bordado-fortnite-marshmello\/\" \/>\n<meta property=\"og:locale\" content=\"es_ES\" \/>\n<meta property=\"og:type\" content=\"article\" \/>\n<meta property=\"og:title\" content=\"Fortnite Marshmello Embroidery Design Download - EmbroideryDownload\" \/>\n<meta property=\"og:description\" content=\"Download the Fortnite Marshmello embroidery design today and level up your gaming style!\" \/>\n<meta property=\"og:url\" content=\"https:\/\/embroiderydownload.com\/es\/productos\/descarga-picaje-bordado-fortnite-marshmello\/\" \/>\n<meta property=\"og:site_name\" content=\"EmbroideryDownload\" \/>\n<meta property=\"article:modified_time\" content=\"2023-03-23T13:22:58+00:00\" \/>\n<meta property=\"og:image\" content=\"https:\/\/embroiderydownload.com\/wp-content\/uploads\/2021\/10\/embroidery-design-logo-Recuperado_2680ac3f-ff6b-449e-8626-6d2c09d383f8-2.jpg\" \/>\n\t<meta property=\"og:image:width\" content=\"700\" \/>\n\t<meta property=\"og:image:height\" content=\"700\" \/>\n<meta name=\"twitter:card\" content=\"summary_large_image\" \/>\n<meta name=\"twitter:label1\" content=\"Precio\" \/>\n\t<meta name=\"twitter:data1\" content=\"&euro;1.99\" \/>\n\t<meta name=\"twitter:label2\" content=\"Availability\" \/>\n\t<meta name=\"twitter:data2\" content=\"In stock\" \/>\n<script type=\"application\/ld+json\" class=\"yoast-schema-graph\">{\"@context\":\"https:\/\/schema.org\",\"@graph\":[{\"@type\":\"WebSite\",\"@id\":\"https:\/\/embroiderydownload.com\/fr\/#website\",\"url\":\"https:\/\/embroiderydownload.com\/fr\/\",\"name\":\"EmbroideryDownload\",\"description\":\"Embroidery Designs Instant Digital Download\",\"potentialAction\":[{\"@type\":\"SearchAction\",\"target\":{\"@type\":\"EntryPoint\",\"urlTemplate\":\"https:\/\/embroiderydownload.com\/fr\/?s={search_term_string}\"},\"query-input\":\"required name=search_term_string\"}],\"inLanguage\":\"es\"},{\"@type\":\"ImageObject\",\"@id\":\"https:\/\/embroiderydownload.com\/es\/productos\/descarga-picaje-bordado-fortnite-marshmello\/#primaryimage\",\"inLanguage\":\"es\",\"url\":\"https:\/\/embroiderydownload.com\/wp-content\/uploads\/2021\/10\/embroidery-design-logo-Recuperado_2680ac3f-ff6b-449e-8626-6d2c09d383f8-2.jpg\",\"contentUrl\":\"https:\/\/embroiderydownload.com\/wp-content\/uploads\/2021\/10\/embroidery-design-logo-Recuperado_2680ac3f-ff6b-449e-8626-6d2c09d383f8-2.jpg\",\"width\":700,\"height\":700},{\"@type\":\"WebPage\",\"@id\":\"https:\/\/embroiderydownload.com\/es\/productos\/descarga-picaje-bordado-fortnite-marshmello\/#webpage\",\"url\":\"https:\/\/embroiderydownload.com\/es\/productos\/descarga-picaje-bordado-fortnite-marshmello\/\",\"name\":\"Fortnite Marshmello Embroidery Design Download - EmbroideryDownload\",\"isPartOf\":{\"@id\":\"https:\/\/embroiderydownload.com\/fr\/#website\"},\"primaryImageOfPage\":{\"@id\":\"https:\/\/embroiderydownload.com\/es\/productos\/descarga-picaje-bordado-fortnite-marshmello\/#primaryimage\"},\"datePublished\":\"2021-11-17T05:08:15+00:00\",\"dateModified\":\"2023-03-23T13:22:58+00:00\",\"description\":\"Download the Fortnite Marshmello embroidery design today and level up your gaming style!\",\"breadcrumb\":{\"@id\":\"https:\/\/embroiderydownload.com\/es\/productos\/descarga-picaje-bordado-fortnite-marshmello\/#breadcrumb\"},\"inLanguage\":\"es\",\"potentialAction\":[{\"@type\":\"ReadAction\",\"target\":[\"https:\/\/embroiderydownload.com\/es\/productos\/descarga-picaje-bordado-fortnite-marshmello\/\"]}]},{\"@type\":\"BreadcrumbList\",\"@id\":\"https:\/\/embroiderydownload.com\/es\/productos\/descarga-picaje-bordado-fortnite-marshmello\/#breadcrumb\",\"itemListElement\":[{\"@type\":\"ListItem\",\"position\":1,\"name\":\"Shop\",\"item\":\"https:\/\/embroiderydownload.com\/it\/negozio-2\/\"},{\"@type\":\"ListItem\",\"position\":2,\"name\":\"Fortnite Marshmello Embroidery Design Download\"}]}]}<\/script>\n<!-- \/ Yoast SEO plugin. -->","yoast_head_json":{"title":"Fortnite Marshmello Embroidery Design Download - EmbroideryDownload","description":"Download the Fortnite Marshmello embroidery design today and level up your gaming style!","robots":{"index":"index","follow":"follow","max-snippet":"max-snippet:-1","max-image-preview":"max-image-preview:large","max-video-preview":"max-video-preview:-1"},"canonical":"https:\/\/embroiderydownload.com\/es\/productos\/descarga-picaje-bordado-fortnite-marshmello\/","og_locale":"es_ES","og_type":"article","og_title":"Fortnite Marshmello Embroidery Design Download - EmbroideryDownload","og_description":"Download the Fortnite Marshmello embroidery design today and level up your gaming style!","og_url":"https:\/\/embroiderydownload.com\/es\/productos\/descarga-picaje-bordado-fortnite-marshmello\/","og_site_name":"EmbroideryDownload","article_modified_time":"2023-03-23T13:22:58+00:00","og_image":[{"width":700,"height":700,"url":"https:\/\/embroiderydownload.com\/wp-content\/uploads\/2021\/10\/embroidery-design-logo-Recuperado_2680ac3f-ff6b-449e-8626-6d2c09d383f8-2.jpg","type":"image\/jpeg"}],"twitter_card":"summary_large_image","twitter_misc":{"Precio":"&euro;1.99","Availability":"In stock"},"schema":{"@context":"https:\/\/schema.org","@graph":[{"@type":"WebSite","@id":"https:\/\/embroiderydownload.com\/fr\/#website","url":"https:\/\/embroiderydownload.com\/fr\/","name":"EmbroideryDownload","description":"Embroidery Designs Instant Digital Download","potentialAction":[{"@type":"SearchAction","target":{"@type":"EntryPoint","urlTemplate":"https:\/\/embroiderydownload.com\/fr\/?s={search_term_string}"},"query-input":"required name=search_term_string"}],"inLanguage":"es"},{"@type":"ImageObject","@id":"https:\/\/embroiderydownload.com\/es\/productos\/descarga-picaje-bordado-fortnite-marshmello\/#primaryimage","inLanguage":"es","url":"https:\/\/embroiderydownload.com\/wp-content\/uploads\/2021\/10\/embroidery-design-logo-Recuperado_2680ac3f-ff6b-449e-8626-6d2c09d383f8-2.jpg","contentUrl":"https:\/\/embroiderydownload.com\/wp-content\/uploads\/2021\/10\/embroidery-design-logo-Recuperado_2680ac3f-ff6b-449e-8626-6d2c09d383f8-2.jpg","width":700,"height":700},{"@type":"WebPage","@id":"https:\/\/embroiderydownload.com\/es\/productos\/descarga-picaje-bordado-fortnite-marshmello\/#webpage","url":"https:\/\/embroiderydownload.com\/es\/productos\/descarga-picaje-bordado-fortnite-marshmello\/","name":"Fortnite Marshmello Embroidery Design Download - EmbroideryDownload","isPartOf":{"@id":"https:\/\/embroiderydownload.com\/fr\/#website"},"primaryImageOfPage":{"@id":"https:\/\/embroiderydownload.com\/es\/productos\/descarga-picaje-bordado-fortnite-marshmello\/#primaryimage"},"datePublished":"2021-11-17T05:08:15+00:00","dateModified":"2023-03-23T13:22:58+00:00","description":"Download the Fortnite Marshmello embroidery design today and level up your gaming style!","breadcrumb":{"@id":"https:\/\/embroiderydownload.com\/es\/productos\/descarga-picaje-bordado-fortnite-marshmello\/#breadcrumb"},"inLanguage":"es","potentialAction":[{"@type":"ReadAction","target":["https:\/\/embroiderydownload.com\/es\/productos\/descarga-picaje-bordado-fortnite-marshmello\/"]}]},{"@type":"BreadcrumbList","@id":"https:\/\/embroiderydownload.com\/es\/productos\/descarga-picaje-bordado-fortnite-marshmello\/#breadcrumb","itemListElement":[{"@type":"ListItem","position":1,"name":"Shop","item":"https:\/\/embroiderydownload.com\/it\/negozio-2\/"},{"@type":"ListItem","position":2,"name":"Fortnite Marshmello Embroidery Design Download"}]}]}},"_links":{"self":[{"href":"https:\/\/embroiderydownload.com\/es\/wp-json\/wp\/v2\/product\/86174"}],"collection":[{"href":"https:\/\/embroiderydownload.com\/es\/wp-json\/wp\/v2\/product"}],"about":[{"href":"https:\/\/embroiderydownload.com\/es\/wp-json\/wp\/v2\/types\/product"}],"version-history":[{"count":1,"href":"https:\/\/embroiderydownload.com\/es\/wp-json\/wp\/v2\/product\/86174\/revisions"}],"predecessor-version":[{"id":199618,"href":"https:\/\/embroiderydownload.com\/es\/wp-json\/wp\/v2\/product\/86174\/revisions\/199618"}],"wp:featuredmedia":[{"embeddable":true,"href":"https:\/\/embroiderydownload.com\/es\/wp-json\/wp\/v2\/media\/86175"}],"wp:attachment":[{"href":"https:\/\/embroiderydownload.com\/es\/wp-json\/wp\/v2\/media?parent=86174"}],"wp:term":[{"taxonomy":"product_cat","embeddable":true,"href":"https:\/\/embroiderydownload.com\/es\/wp-json\/wp\/v2\/product_cat?post=86174"},{"taxonomy":"product_tag","embeddable":true,"href":"https:\/\/embroiderydownload.com\/es\/wp-json\/wp\/v2\/product_tag?post=86174"}],"curies":[{"name":"wp","href":"https:\/\/api.w.org\/{rel}","templated":true}]}}