{"id":100220,"date":"2021-10-27T19:32:02","date_gmt":"2021-10-27T17:32:02","guid":{"rendered":"https:\/\/embroiderydownload.com\/product\/samsung-embroidery-design-download\/"},"modified":"2023-03-23T14:11:47","modified_gmt":"2023-03-23T13:11:47","slug":"samsung-embroidery-design-download","status":"publish","type":"product","link":"https:\/\/embroiderydownload.com\/fr\/products\/samsung-embroidery-design-download\/","title":{"rendered":"T\u00e9l\u00e9charger les motifs de broderie Samsung"},"content":{"rendered":"<p><meta charset=\"utf-8\"><\/p>\n<p><span>Motifs de Broderie Machine <strong>Logo Samsung<\/strong> - Telechargement instantane - Machines \u00e0 broder de formats multiples. Motifs de broderie machine professionnels de haute qualit\u00e9 test\u00e9s.<\/span><\/p>\n<ul><\/ul>\n<p><meta charset=\"utf-8\"><\/p>\n<p><span>\u2605 <\/span>Taille :\u00a0<span mce-data-marked=\"1\">2,83<\/span>\u00a0\u00d7 0,94 pouce -\u00a0<span>72,00<\/span>\u00a0x 24,00 mm - Points : 4248<\/p>\n<p><span>\u2605 Ceci <strong>Logo Samsung<\/strong><\/span><strong>\u00a0broderie machine<\/strong> comprend les formats suivants dans un fichier ZIP t\u00e9l\u00e9chargeable \u00e0 l'achat :<\/p>\n<ul>\n<li><span>Deco, Brother, Baby Lock : <\/span><strong>PSE<\/strong><\/li>\n<li><span>Husqvarna, Viking : <\/span><strong>HUS, SEW<\/strong><\/li>\n<li><span>Janome, Elna, Kenmore : <\/span><strong>JEF<\/strong><\/li>\n<li><span>Melco : <\/span><strong>EXP<\/strong><\/li>\n<li>Chanteur :<strong> PCS<\/strong><\/li>\n<li><span>Compucon, Singer<\/span>: <strong>XXX<\/strong><\/li>\n<li><span>Tajima : <\/span><strong>DST<\/strong><\/li>\n<li>Pfaff :<b> VIP, VP3<\/b><\/li>\n<\/ul>\n<p><meta charset=\"utf-8\"><meta charset=\"utf-8\"><\/p>\n<p><span>\u2605\u00a0<\/span>Tous les droits d'auteur et marques d\u00e9pos\u00e9es des images et personnages utilis\u00e9s appartiennent \u00e0 leurs propri\u00e9taires respectifs et ne sont pas vendus. Cet article n'est pas un produit sous licence et je ne revendique pas la propri\u00e9t\u00e9 des personnages utilis\u00e9s.<\/p>\n<p><meta charset=\"utf-8\"><\/p>\n<p><span>\u2605\u00a0<\/span><span>Ce mod\u00e8le a \u00e9t\u00e9 test\u00e9 et revu pour garantir une qualit\u00e9 optimale. R<\/span>Les r\u00e9sultats peuvent varier en fonction de la combinaison du tissu et de l'entoilage. Le r\u00e9sultat final peut d\u00e9pendre de votre machine, du tissu, de la qualit\u00e9 et de la tension du fil. Ne redimensionnez pas ou ne modifiez pas le fichier, vous risqueriez de perdre la qualit\u00e9.<\/p>\n<div id=\"gtx-trans\" style=\"position: absolute; left: 155px; top: -19px;\">\n<div class=\"gtx-trans-icon\"><\/div>\n<\/div>\n<div id=\"gtx-trans\" style=\"position: absolute; left: 156px; top: -19px;\">\n<div class=\"gtx-trans-icon\"><\/div>\n<\/div>\n<div id=\"gtx-trans\" style=\"position: absolute; left: 198px; top: -19px;\">\n<div class=\"gtx-trans-icon\"><\/div>\n<\/div>","protected":false},"excerpt":{"rendered":"<style>.elementor-204929 .elementor-element.elementor-element-95a9a0b{margin-top:0px;margin-bottom:0px;padding:0px 0px 0px 0px;overflow:visible;}.elementor-204929 .elementor-element.elementor-element-84e32b5 > .elementor-element-populated{margin:0px 0px 0px 0px;--e-column-margin-right:0px;--e-column-margin-left:0px;padding:0px 0px 0px 0px;}.elementor-204929 .elementor-element.elementor-element-4e302eb{text-align:left;}<\/style>\n<div class=\"porto-block elementor elementor-204929\" data-id=\"204929\">\n<section class=\"elementor-section elementor-top-section elementor-element elementor-element-95a9a0b elementor-section-full_width elementor-section-height-default elementor-section-height-default\" data-id=\"95a9a0b\" data-element_type=\"section\" data-settings=\"{&quot;ekit_has_onepagescroll_dot&quot;:&quot;yes&quot;}\">\n<div class=\"elementor-container elementor-column-gap-default\">\n<div class=\"elementor-column elementor-col-100 elementor-top-column elementor-element elementor-element-84e32b5\" data-id=\"84e32b5\" data-element_type=\"column\">\n<div class=\"elementor-widget-wrap elementor-element-populated\">\n<div class=\"elementor-element elementor-element-4e302eb elementor-widget elementor-widget-image\" data-id=\"4e302eb\" data-element_type=\"widget\" data-settings=\"{&quot;ekit_we_effect_on&quot;:&quot;none&quot;}\" data-widget_type=\"image.default\">\n<div class=\"elementor-widget-container\">\n<style>\/*! elementor - v3.12.1 - 02-04-2023 *\/\n.elementor-widget-image{text-align:center}.elementor-widget-image a{display:inline-block}.elementor-widget-image a img[src$=\".svg\"]{width:48px}.elementor-widget-image img{vertical-align:middle;display:inline-block}<\/style>\n<p>\t\t\t\t\t\t\t\t\t\t\t\t<img decoding=\"async\" width=\"300\" height=\"84\" src=\"https:\/\/embroiderydownload.com\/wp-content\/uploads\/2022\/11\/icons-values-eng.svg\" class=\"attachment-large size-large wp-image-204901\" alt=\"\" loading=\"lazy\" \/>\t\t\t\t\t\t\t\t\t\t\t\t\t\t\t<\/div>\n<\/p><\/div>\n<\/p><\/div>\n<\/p><\/div>\n<\/p><\/div>\n<\/section><\/div>","protected":false},"featured_media":100221,"template":"","meta":[],"product_cat":[],"product_tag":[1437],"yoast_head":"<!-- This site is optimized with the Yoast SEO plugin v17.5 - https:\/\/yoast.com\/wordpress\/plugins\/seo\/ -->\n<title>Samsung Embroidery Design Download - EmbroideryDownload<\/title>\n<meta name=\"description\" content=\"Download Samsung Embroidery Designs now and elevate your sewing game!\" \/>\n<meta name=\"robots\" content=\"index, follow, max-snippet:-1, max-image-preview:large, max-video-preview:-1\" \/>\n<link rel=\"canonical\" href=\"https:\/\/embroiderydownload.com\/fr\/productos\/descarga-picaje-bordado-samsung\/\" \/>\n<meta property=\"og:locale\" content=\"fr_FR\" \/>\n<meta property=\"og:type\" content=\"article\" \/>\n<meta property=\"og:title\" content=\"Samsung Embroidery Design Download - EmbroideryDownload\" \/>\n<meta property=\"og:description\" content=\"Download Samsung Embroidery Designs now and elevate your sewing game!\" \/>\n<meta property=\"og:url\" content=\"https:\/\/embroiderydownload.com\/fr\/productos\/descarga-picaje-bordado-samsung\/\" \/>\n<meta property=\"og:site_name\" content=\"EmbroideryDownload\" \/>\n<meta property=\"article:modified_time\" content=\"2023-03-23T13:11:47+00:00\" \/>\n<meta property=\"og:image\" content=\"https:\/\/embroiderydownload.com\/wp-content\/uploads\/2021\/10\/Samsung-1-1.jpg\" \/>\n\t<meta property=\"og:image:width\" content=\"800\" \/>\n\t<meta property=\"og:image:height\" content=\"800\" \/>\n<meta name=\"twitter:card\" content=\"summary_large_image\" \/>\n<meta name=\"twitter:label1\" content=\"Prix\" \/>\n\t<meta name=\"twitter:data1\" content=\"&euro;2.99 &euro;0.99\" \/>\n\t<meta name=\"twitter:label2\" content=\"Availability\" \/>\n\t<meta name=\"twitter:data2\" content=\"In stock\" \/>\n<script type=\"application\/ld+json\" class=\"yoast-schema-graph\">{\"@context\":\"https:\/\/schema.org\",\"@graph\":[{\"@type\":\"WebSite\",\"@id\":\"https:\/\/embroiderydownload.com\/fr\/#website\",\"url\":\"https:\/\/embroiderydownload.com\/fr\/\",\"name\":\"EmbroideryDownload\",\"description\":\"Embroidery Designs Instant Digital Download\",\"potentialAction\":[{\"@type\":\"SearchAction\",\"target\":{\"@type\":\"EntryPoint\",\"urlTemplate\":\"https:\/\/embroiderydownload.com\/fr\/?s={search_term_string}\"},\"query-input\":\"required name=search_term_string\"}],\"inLanguage\":\"fr-FR\"},{\"@type\":\"ImageObject\",\"@id\":\"https:\/\/embroiderydownload.com\/es\/productos\/descarga-picaje-bordado-samsung\/#primaryimage\",\"inLanguage\":\"fr-FR\",\"url\":\"https:\/\/embroiderydownload.com\/wp-content\/uploads\/2021\/10\/Samsung-1-1.jpg\",\"contentUrl\":\"https:\/\/embroiderydownload.com\/wp-content\/uploads\/2021\/10\/Samsung-1-1.jpg\",\"width\":800,\"height\":800},{\"@type\":\"WebPage\",\"@id\":\"https:\/\/embroiderydownload.com\/es\/productos\/descarga-picaje-bordado-samsung\/#webpage\",\"url\":\"https:\/\/embroiderydownload.com\/es\/productos\/descarga-picaje-bordado-samsung\/\",\"name\":\"Samsung Embroidery Design Download - EmbroideryDownload\",\"isPartOf\":{\"@id\":\"https:\/\/embroiderydownload.com\/fr\/#website\"},\"primaryImageOfPage\":{\"@id\":\"https:\/\/embroiderydownload.com\/es\/productos\/descarga-picaje-bordado-samsung\/#primaryimage\"},\"datePublished\":\"2021-10-27T17:32:02+00:00\",\"dateModified\":\"2023-03-23T13:11:47+00:00\",\"description\":\"Download Samsung Embroidery Designs now and elevate your sewing game!\",\"breadcrumb\":{\"@id\":\"https:\/\/embroiderydownload.com\/es\/productos\/descarga-picaje-bordado-samsung\/#breadcrumb\"},\"inLanguage\":\"fr-FR\",\"potentialAction\":[{\"@type\":\"ReadAction\",\"target\":[\"https:\/\/embroiderydownload.com\/es\/productos\/descarga-picaje-bordado-samsung\/\"]}]},{\"@type\":\"BreadcrumbList\",\"@id\":\"https:\/\/embroiderydownload.com\/es\/productos\/descarga-picaje-bordado-samsung\/#breadcrumb\",\"itemListElement\":[{\"@type\":\"ListItem\",\"position\":1,\"name\":\"Shop\",\"item\":\"https:\/\/embroiderydownload.com\/it\/negozio-2\/\"},{\"@type\":\"ListItem\",\"position\":2,\"name\":\"Samsung Embroidery Design Download\"}]}]}<\/script>\n<!-- \/ Yoast SEO plugin. -->","yoast_head_json":{"title":"Samsung Embroidery Design Download - EmbroideryDownload","description":"Download Samsung Embroidery Designs now and elevate your sewing game!","robots":{"index":"index","follow":"follow","max-snippet":"max-snippet:-1","max-image-preview":"max-image-preview:large","max-video-preview":"max-video-preview:-1"},"canonical":"https:\/\/embroiderydownload.com\/fr\/productos\/descarga-picaje-bordado-samsung\/","og_locale":"fr_FR","og_type":"article","og_title":"Samsung Embroidery Design Download - EmbroideryDownload","og_description":"Download Samsung Embroidery Designs now and elevate your sewing game!","og_url":"https:\/\/embroiderydownload.com\/fr\/productos\/descarga-picaje-bordado-samsung\/","og_site_name":"EmbroideryDownload","article_modified_time":"2023-03-23T13:11:47+00:00","og_image":[{"width":800,"height":800,"url":"https:\/\/embroiderydownload.com\/wp-content\/uploads\/2021\/10\/Samsung-1-1.jpg","type":"image\/jpeg"}],"twitter_card":"summary_large_image","twitter_misc":{"Prix":"&euro;2.99 &euro;0.99","Availability":"In stock"},"schema":{"@context":"https:\/\/schema.org","@graph":[{"@type":"WebSite","@id":"https:\/\/embroiderydownload.com\/fr\/#website","url":"https:\/\/embroiderydownload.com\/fr\/","name":"EmbroideryDownload","description":"Embroidery Designs Instant Digital Download","potentialAction":[{"@type":"SearchAction","target":{"@type":"EntryPoint","urlTemplate":"https:\/\/embroiderydownload.com\/fr\/?s={search_term_string}"},"query-input":"required name=search_term_string"}],"inLanguage":"fr-FR"},{"@type":"ImageObject","@id":"https:\/\/embroiderydownload.com\/es\/productos\/descarga-picaje-bordado-samsung\/#primaryimage","inLanguage":"fr-FR","url":"https:\/\/embroiderydownload.com\/wp-content\/uploads\/2021\/10\/Samsung-1-1.jpg","contentUrl":"https:\/\/embroiderydownload.com\/wp-content\/uploads\/2021\/10\/Samsung-1-1.jpg","width":800,"height":800},{"@type":"WebPage","@id":"https:\/\/embroiderydownload.com\/es\/productos\/descarga-picaje-bordado-samsung\/#webpage","url":"https:\/\/embroiderydownload.com\/es\/productos\/descarga-picaje-bordado-samsung\/","name":"Samsung Embroidery Design Download - EmbroideryDownload","isPartOf":{"@id":"https:\/\/embroiderydownload.com\/fr\/#website"},"primaryImageOfPage":{"@id":"https:\/\/embroiderydownload.com\/es\/productos\/descarga-picaje-bordado-samsung\/#primaryimage"},"datePublished":"2021-10-27T17:32:02+00:00","dateModified":"2023-03-23T13:11:47+00:00","description":"Download Samsung Embroidery Designs now and elevate your sewing game!","breadcrumb":{"@id":"https:\/\/embroiderydownload.com\/es\/productos\/descarga-picaje-bordado-samsung\/#breadcrumb"},"inLanguage":"fr-FR","potentialAction":[{"@type":"ReadAction","target":["https:\/\/embroiderydownload.com\/es\/productos\/descarga-picaje-bordado-samsung\/"]}]},{"@type":"BreadcrumbList","@id":"https:\/\/embroiderydownload.com\/es\/productos\/descarga-picaje-bordado-samsung\/#breadcrumb","itemListElement":[{"@type":"ListItem","position":1,"name":"Shop","item":"https:\/\/embroiderydownload.com\/it\/negozio-2\/"},{"@type":"ListItem","position":2,"name":"Samsung Embroidery Design Download"}]}]}},"_links":{"self":[{"href":"https:\/\/embroiderydownload.com\/fr\/wp-json\/wp\/v2\/product\/100220"}],"collection":[{"href":"https:\/\/embroiderydownload.com\/fr\/wp-json\/wp\/v2\/product"}],"about":[{"href":"https:\/\/embroiderydownload.com\/fr\/wp-json\/wp\/v2\/types\/product"}],"version-history":[{"count":0,"href":"https:\/\/embroiderydownload.com\/fr\/wp-json\/wp\/v2\/product\/100220\/revisions"}],"wp:featuredmedia":[{"embeddable":true,"href":"https:\/\/embroiderydownload.com\/fr\/wp-json\/wp\/v2\/media\/100221"}],"wp:attachment":[{"href":"https:\/\/embroiderydownload.com\/fr\/wp-json\/wp\/v2\/media?parent=100220"}],"wp:term":[{"taxonomy":"product_cat","embeddable":true,"href":"https:\/\/embroiderydownload.com\/fr\/wp-json\/wp\/v2\/product_cat?post=100220"},{"taxonomy":"product_tag","embeddable":true,"href":"https:\/\/embroiderydownload.com\/fr\/wp-json\/wp\/v2\/product_tag?post=100220"}],"curies":[{"name":"wp","href":"https:\/\/api.w.org\/{rel}","templated":true}]}}