{"id":209896,"date":"2023-09-09T19:54:07","date_gmt":"2023-09-09T17:54:07","guid":{"rendered":"https:\/\/embroiderydownload.com\/?post_type=product&#038;p=209896"},"modified":"2024-02-28T15:39:27","modified_gmt":"2024-02-28T14:39:27","slug":"west-bromwich-albion-embroidery-design-download","status":"publish","type":"product","link":"https:\/\/embroiderydownload.com\/fr\/products\/west-bromwich-albion-embroidery-design-download\/","title":{"rendered":"West Bromwich Albion Motifs de broderie \u00e0 t\u00e9l\u00e9charger"},"content":{"rendered":"<p>Voici le t\u00e9l\u00e9chargement du motif de broderie West Bromwich Albion, un must pour tous les passionn\u00e9s de football et les amateurs de broderie. Ce motif unique est disponible en quatre tailles diff\u00e9rentes pour r\u00e9pondre \u00e0 vos besoins.<\/p>\n<p>Taille 3.25 \u00d7 3.91 pouces - 82.6 x 99.4 mm - Points : 21782<br \/>\nTaille 3.45 \u00d7 4.15 pouces - 87.6 x 105.4 mm - Points : 23255<br \/>\nTaille 3.79 \u00d7 4.54 pouces - 96.4 x 115.4 mm - Points : 24726<br \/>\nTaille 4.13 \u00d7 4.94 pouces - 105.0 x 125.4 mm - Points : 27910<\/p>\n<p>Lors de l'achat, vous recevrez un fichier ZIP comprenant les formats suivants :<\/p>\n<p>Deco, Brother, Baby Lock : PES, PEC<br \/>\nHusqvarna, Viking : HUS<br \/>\nJanome, Elna, Kenmore : JEF, JEF+<br \/>\nMelco : EXP<br \/>\nChanteur : PCS, XXX<br \/>\nCompucon, Singer : XXX<br \/>\nTajima : DST<br \/>\nAutres : PHC, SHV<\/p>","protected":false},"excerpt":{"rendered":"<p>Voici le t\u00e9l\u00e9chargement du motif de broderie West Bromwich Albion, un must pour tous les passionn\u00e9s de football et les amateurs de broderie. Ce motif unique est disponible en quatre tailles diff\u00e9rentes pour r\u00e9pondre \u00e0 vos besoins. Taille 3.25 \u00d7 3.91 pouces - 82.6 x 99.4 mm - Points : 21782 \u2605 Taille 3.45 \u00d7 4.15 inch - 87.6 x 105.4 mm [...]<\/p>","protected":false},"featured_media":209715,"template":"","meta":[],"product_cat":[12292],"product_tag":[],"yoast_head":"<!-- This site is optimized with the Yoast SEO plugin v17.5 - https:\/\/yoast.com\/wordpress\/plugins\/seo\/ -->\n<title>West Bromwich Albion Embroidery Design Download<\/title>\n<meta name=\"description\" content=\"Download high-quality West Bromwich Albion Embroidery Design. Perfect for all your embroidery needs!\" \/>\n<meta name=\"robots\" content=\"index, follow, max-snippet:-1, max-image-preview:large, max-video-preview:-1\" \/>\n<link rel=\"canonical\" href=\"https:\/\/embroiderydownload.com\/fr\/products\/west-bromwich-albion-embroidery-design-download\/\" \/>\n<meta property=\"og:locale\" content=\"fr_FR\" \/>\n<meta property=\"og:type\" content=\"article\" \/>\n<meta property=\"og:title\" content=\"West Bromwich Albion Embroidery Design Download\" \/>\n<meta property=\"og:description\" content=\"Download high-quality West Bromwich Albion Embroidery Design. Perfect for all your embroidery needs!\" \/>\n<meta property=\"og:url\" content=\"https:\/\/embroiderydownload.com\/fr\/products\/west-bromwich-albion-embroidery-design-download\/\" \/>\n<meta property=\"og:site_name\" content=\"EmbroideryDownload\" \/>\n<meta property=\"article:modified_time\" content=\"2024-02-28T14:39:27+00:00\" \/>\n<meta property=\"og:image\" content=\"https:\/\/embroiderydownload.com\/wp-content\/uploads\/2023\/09\/west-bromwich-albion-embroidery-design-logo.jpg\" \/>\n\t<meta property=\"og:image:width\" content=\"1312\" \/>\n\t<meta property=\"og:image:height\" content=\"1312\" \/>\n<meta name=\"twitter:card\" content=\"summary_large_image\" \/>\n<meta name=\"twitter:label1\" content=\"Prix\" \/>\n\t<meta name=\"twitter:data1\" content=\"&euro;6.99\" \/>\n\t<meta name=\"twitter:label2\" content=\"Availability\" \/>\n\t<meta name=\"twitter:data2\" content=\"In stock\" \/>\n<script type=\"application\/ld+json\" class=\"yoast-schema-graph\">{\"@context\":\"https:\/\/schema.org\",\"@graph\":[{\"@type\":\"WebSite\",\"@id\":\"https:\/\/embroiderydownload.com\/fr\/#website\",\"url\":\"https:\/\/embroiderydownload.com\/fr\/\",\"name\":\"EmbroideryDownload\",\"description\":\"Embroidery Designs Instant Digital Download\",\"potentialAction\":[{\"@type\":\"SearchAction\",\"target\":{\"@type\":\"EntryPoint\",\"urlTemplate\":\"https:\/\/embroiderydownload.com\/fr\/?s={search_term_string}\"},\"query-input\":\"required name=search_term_string\"}],\"inLanguage\":\"fr-FR\"},{\"@type\":\"ImageObject\",\"@id\":\"https:\/\/embroiderydownload.com\/products\/west-bromwich-albion-embroidery-design-download\/#primaryimage\",\"inLanguage\":\"fr-FR\",\"url\":\"https:\/\/embroiderydownload.com\/wp-content\/uploads\/2023\/09\/west-bromwich-albion-embroidery-design-logo.jpg\",\"contentUrl\":\"https:\/\/embroiderydownload.com\/wp-content\/uploads\/2023\/09\/west-bromwich-albion-embroidery-design-logo.jpg\",\"width\":1312,\"height\":1312},{\"@type\":\"WebPage\",\"@id\":\"https:\/\/embroiderydownload.com\/products\/west-bromwich-albion-embroidery-design-download\/#webpage\",\"url\":\"https:\/\/embroiderydownload.com\/products\/west-bromwich-albion-embroidery-design-download\/\",\"name\":\"West Bromwich Albion Embroidery Design Download\",\"isPartOf\":{\"@id\":\"https:\/\/embroiderydownload.com\/fr\/#website\"},\"primaryImageOfPage\":{\"@id\":\"https:\/\/embroiderydownload.com\/products\/west-bromwich-albion-embroidery-design-download\/#primaryimage\"},\"datePublished\":\"2023-09-09T17:54:07+00:00\",\"dateModified\":\"2024-02-28T14:39:27+00:00\",\"description\":\"Download high-quality West Bromwich Albion Embroidery Design. Perfect for all your embroidery needs!\",\"breadcrumb\":{\"@id\":\"https:\/\/embroiderydownload.com\/products\/west-bromwich-albion-embroidery-design-download\/#breadcrumb\"},\"inLanguage\":\"fr-FR\",\"potentialAction\":[{\"@type\":\"ReadAction\",\"target\":[\"https:\/\/embroiderydownload.com\/products\/west-bromwich-albion-embroidery-design-download\/\"]}]},{\"@type\":\"BreadcrumbList\",\"@id\":\"https:\/\/embroiderydownload.com\/products\/west-bromwich-albion-embroidery-design-download\/#breadcrumb\",\"itemListElement\":[{\"@type\":\"ListItem\",\"position\":1,\"name\":\"Shop\",\"item\":\"https:\/\/embroiderydownload.com\/it\/negozio-2\/\"},{\"@type\":\"ListItem\",\"position\":2,\"name\":\"West Bromwich Albion Embroidery Design Download\"}]}]}<\/script>\n<!-- \/ Yoast SEO plugin. -->","yoast_head_json":{"title":"West Bromwich Albion Embroidery Design Download","description":"Download high-quality West Bromwich Albion Embroidery Design. Perfect for all your embroidery needs!","robots":{"index":"index","follow":"follow","max-snippet":"max-snippet:-1","max-image-preview":"max-image-preview:large","max-video-preview":"max-video-preview:-1"},"canonical":"https:\/\/embroiderydownload.com\/fr\/products\/west-bromwich-albion-embroidery-design-download\/","og_locale":"fr_FR","og_type":"article","og_title":"West Bromwich Albion Embroidery Design Download","og_description":"Download high-quality West Bromwich Albion Embroidery Design. Perfect for all your embroidery needs!","og_url":"https:\/\/embroiderydownload.com\/fr\/products\/west-bromwich-albion-embroidery-design-download\/","og_site_name":"EmbroideryDownload","article_modified_time":"2024-02-28T14:39:27+00:00","og_image":[{"width":1312,"height":1312,"url":"https:\/\/embroiderydownload.com\/wp-content\/uploads\/2023\/09\/west-bromwich-albion-embroidery-design-logo.jpg","type":"image\/jpeg"}],"twitter_card":"summary_large_image","twitter_misc":{"Prix":"&euro;6.99","Availability":"In stock"},"schema":{"@context":"https:\/\/schema.org","@graph":[{"@type":"WebSite","@id":"https:\/\/embroiderydownload.com\/fr\/#website","url":"https:\/\/embroiderydownload.com\/fr\/","name":"EmbroideryDownload","description":"Embroidery Designs Instant Digital Download","potentialAction":[{"@type":"SearchAction","target":{"@type":"EntryPoint","urlTemplate":"https:\/\/embroiderydownload.com\/fr\/?s={search_term_string}"},"query-input":"required name=search_term_string"}],"inLanguage":"fr-FR"},{"@type":"ImageObject","@id":"https:\/\/embroiderydownload.com\/products\/west-bromwich-albion-embroidery-design-download\/#primaryimage","inLanguage":"fr-FR","url":"https:\/\/embroiderydownload.com\/wp-content\/uploads\/2023\/09\/west-bromwich-albion-embroidery-design-logo.jpg","contentUrl":"https:\/\/embroiderydownload.com\/wp-content\/uploads\/2023\/09\/west-bromwich-albion-embroidery-design-logo.jpg","width":1312,"height":1312},{"@type":"WebPage","@id":"https:\/\/embroiderydownload.com\/products\/west-bromwich-albion-embroidery-design-download\/#webpage","url":"https:\/\/embroiderydownload.com\/products\/west-bromwich-albion-embroidery-design-download\/","name":"West Bromwich Albion Embroidery Design Download","isPartOf":{"@id":"https:\/\/embroiderydownload.com\/fr\/#website"},"primaryImageOfPage":{"@id":"https:\/\/embroiderydownload.com\/products\/west-bromwich-albion-embroidery-design-download\/#primaryimage"},"datePublished":"2023-09-09T17:54:07+00:00","dateModified":"2024-02-28T14:39:27+00:00","description":"Download high-quality West Bromwich Albion Embroidery Design. Perfect for all your embroidery needs!","breadcrumb":{"@id":"https:\/\/embroiderydownload.com\/products\/west-bromwich-albion-embroidery-design-download\/#breadcrumb"},"inLanguage":"fr-FR","potentialAction":[{"@type":"ReadAction","target":["https:\/\/embroiderydownload.com\/products\/west-bromwich-albion-embroidery-design-download\/"]}]},{"@type":"BreadcrumbList","@id":"https:\/\/embroiderydownload.com\/products\/west-bromwich-albion-embroidery-design-download\/#breadcrumb","itemListElement":[{"@type":"ListItem","position":1,"name":"Shop","item":"https:\/\/embroiderydownload.com\/it\/negozio-2\/"},{"@type":"ListItem","position":2,"name":"West Bromwich Albion Embroidery Design Download"}]}]}},"_links":{"self":[{"href":"https:\/\/embroiderydownload.com\/fr\/wp-json\/wp\/v2\/product\/209896"}],"collection":[{"href":"https:\/\/embroiderydownload.com\/fr\/wp-json\/wp\/v2\/product"}],"about":[{"href":"https:\/\/embroiderydownload.com\/fr\/wp-json\/wp\/v2\/types\/product"}],"version-history":[{"count":3,"href":"https:\/\/embroiderydownload.com\/fr\/wp-json\/wp\/v2\/product\/209896\/revisions"}],"predecessor-version":[{"id":209956,"href":"https:\/\/embroiderydownload.com\/fr\/wp-json\/wp\/v2\/product\/209896\/revisions\/209956"}],"wp:featuredmedia":[{"embeddable":true,"href":"https:\/\/embroiderydownload.com\/fr\/wp-json\/wp\/v2\/media\/209715"}],"wp:attachment":[{"href":"https:\/\/embroiderydownload.com\/fr\/wp-json\/wp\/v2\/media?parent=209896"}],"wp:term":[{"taxonomy":"product_cat","embeddable":true,"href":"https:\/\/embroiderydownload.com\/fr\/wp-json\/wp\/v2\/product_cat?post=209896"},{"taxonomy":"product_tag","embeddable":true,"href":"https:\/\/embroiderydownload.com\/fr\/wp-json\/wp\/v2\/product_tag?post=209896"}],"curies":[{"name":"wp","href":"https:\/\/api.w.org\/{rel}","templated":true}]}}