{"id":209897,"date":"2023-09-09T19:54:07","date_gmt":"2023-09-09T17:54:07","guid":{"rendered":"https:\/\/embroiderydownload.com\/?post_type=product&#038;p=209897"},"modified":"2024-02-28T15:39:27","modified_gmt":"2024-02-28T14:39:27","slug":"arsenal-fc-old-logo-embroidery-design-download","status":"publish","type":"product","link":"https:\/\/embroiderydownload.com\/fr\/products\/arsenal-fc-old-logo-embroidery-design-download\/","title":{"rendered":"Arsenal FC Old Motifs De Broderie Machine \u00e0 T\u00e9l\u00e9charger"},"content":{"rendered":"<p>Voici le t\u00e9l\u00e9chargement du motif de broderie Arsenal FC Old Logo, un must pour tous les passionn\u00e9s de football et les amateurs de broderie. Ce motif est parfait pour personnaliser vos v\u00eatements, accessoires, d\u00e9coration d'int\u00e9rieur, etc. Affichez votre esprit d'\u00e9quipe avec ce motif de broderie de haute qualit\u00e9.<\/p>\n<p>Taille 2.82 \u00d7 3.93 pouces - 71.6 x 99.8 mm - Points : 29345<br \/>\nTaille 3.13 \u00d7 3.96 pouces - 79.6 x 100.6 mm - Points : 33638<br \/>\nTaille 3.41 \u00d7 4.74 pouces - 86.6 x 120.4 mm - Points : 37572<br \/>\nTaille 3.98 \u00d7 5.53 pouces - 101.0 x 140.6 mm - Points : 46172<\/p>\n<p>Lors de l'achat, vous recevrez un fichier ZIP comprenant les formats suivants :<\/p>\n<p>Bernina : ART<br \/>\nTajima : DST<br \/>\nMelco : EXP<br \/>\nHusqvarna, Viking : HUS<br \/>\nJanome, Elna, Kenmore : JEF, JEF+<br \/>\nFr\u00e8re, Baby Lock : PEC, PES<br \/>\nAutre : SHV<\/p>","protected":false},"excerpt":{"rendered":"<p>Voici le t\u00e9l\u00e9chargement du motif de broderie Arsenal FC Old Logo, un must pour tous les passionn\u00e9s de football et les amateurs de broderie. Ce motif est parfait pour personnaliser vos v\u00eatements, accessoires, d\u00e9coration d'int\u00e9rieur, etc. Affichez votre esprit d'\u00e9quipe avec ce motif de broderie de haute qualit\u00e9. \u2605 Taille 2.82 \u00d7 3.93 inch - 71.6 x 99.8 mm - Points : 29345 [...]<\/p>","protected":false},"featured_media":209755,"template":"","meta":[],"product_cat":[12292],"product_tag":[],"yoast_head":"<!-- This site is optimized with the Yoast SEO plugin v17.5 - https:\/\/yoast.com\/wordpress\/plugins\/seo\/ -->\n<title>Arsenal FC Old Logo Embroidery Design Download<\/title>\n<meta name=\"description\" content=\"Download the classic Arsenal FC logo embroidery design. Perfect for all Gunners fans&#039; DIY projects!\" \/>\n<meta name=\"robots\" content=\"index, follow, max-snippet:-1, max-image-preview:large, max-video-preview:-1\" \/>\n<link rel=\"canonical\" href=\"https:\/\/embroiderydownload.com\/fr\/products\/arsenal-fc-old-logo-embroidery-design-download\/\" \/>\n<meta property=\"og:locale\" content=\"fr_FR\" \/>\n<meta property=\"og:type\" content=\"article\" \/>\n<meta property=\"og:title\" content=\"Arsenal FC Old Logo Embroidery Design Download\" \/>\n<meta property=\"og:description\" content=\"Download the classic Arsenal FC logo embroidery design. Perfect for all Gunners fans&#039; DIY projects!\" \/>\n<meta property=\"og:url\" content=\"https:\/\/embroiderydownload.com\/fr\/products\/arsenal-fc-old-logo-embroidery-design-download\/\" \/>\n<meta property=\"og:site_name\" content=\"EmbroideryDownload\" \/>\n<meta property=\"article:modified_time\" content=\"2024-02-28T14:39:27+00:00\" \/>\n<meta property=\"og:image\" content=\"https:\/\/embroiderydownload.com\/wp-content\/uploads\/2023\/09\/Arsenal-FC-Old-Logo-embroidery-design-logo.jpg\" \/>\n\t<meta property=\"og:image:width\" content=\"1312\" \/>\n\t<meta property=\"og:image:height\" content=\"1312\" \/>\n<meta name=\"twitter:card\" content=\"summary_large_image\" \/>\n<meta name=\"twitter:label1\" content=\"Prix\" \/>\n\t<meta name=\"twitter:data1\" content=\"&euro;6.99\" \/>\n\t<meta name=\"twitter:label2\" content=\"Availability\" \/>\n\t<meta name=\"twitter:data2\" content=\"In stock\" \/>\n<script type=\"application\/ld+json\" class=\"yoast-schema-graph\">{\"@context\":\"https:\/\/schema.org\",\"@graph\":[{\"@type\":\"WebSite\",\"@id\":\"https:\/\/embroiderydownload.com\/fr\/#website\",\"url\":\"https:\/\/embroiderydownload.com\/fr\/\",\"name\":\"EmbroideryDownload\",\"description\":\"Embroidery Designs Instant Digital Download\",\"potentialAction\":[{\"@type\":\"SearchAction\",\"target\":{\"@type\":\"EntryPoint\",\"urlTemplate\":\"https:\/\/embroiderydownload.com\/fr\/?s={search_term_string}\"},\"query-input\":\"required name=search_term_string\"}],\"inLanguage\":\"fr-FR\"},{\"@type\":\"ImageObject\",\"@id\":\"https:\/\/embroiderydownload.com\/products\/arsenal-fc-old-logo-embroidery-design-download\/#primaryimage\",\"inLanguage\":\"fr-FR\",\"url\":\"https:\/\/embroiderydownload.com\/wp-content\/uploads\/2023\/09\/Arsenal-FC-Old-Logo-embroidery-design-logo.jpg\",\"contentUrl\":\"https:\/\/embroiderydownload.com\/wp-content\/uploads\/2023\/09\/Arsenal-FC-Old-Logo-embroidery-design-logo.jpg\",\"width\":1312,\"height\":1312},{\"@type\":\"WebPage\",\"@id\":\"https:\/\/embroiderydownload.com\/products\/arsenal-fc-old-logo-embroidery-design-download\/#webpage\",\"url\":\"https:\/\/embroiderydownload.com\/products\/arsenal-fc-old-logo-embroidery-design-download\/\",\"name\":\"Arsenal FC Old Logo Embroidery Design Download\",\"isPartOf\":{\"@id\":\"https:\/\/embroiderydownload.com\/fr\/#website\"},\"primaryImageOfPage\":{\"@id\":\"https:\/\/embroiderydownload.com\/products\/arsenal-fc-old-logo-embroidery-design-download\/#primaryimage\"},\"datePublished\":\"2023-09-09T17:54:07+00:00\",\"dateModified\":\"2024-02-28T14:39:27+00:00\",\"description\":\"Download the classic Arsenal FC logo embroidery design. Perfect for all Gunners fans' DIY projects!\",\"breadcrumb\":{\"@id\":\"https:\/\/embroiderydownload.com\/products\/arsenal-fc-old-logo-embroidery-design-download\/#breadcrumb\"},\"inLanguage\":\"fr-FR\",\"potentialAction\":[{\"@type\":\"ReadAction\",\"target\":[\"https:\/\/embroiderydownload.com\/products\/arsenal-fc-old-logo-embroidery-design-download\/\"]}]},{\"@type\":\"BreadcrumbList\",\"@id\":\"https:\/\/embroiderydownload.com\/products\/arsenal-fc-old-logo-embroidery-design-download\/#breadcrumb\",\"itemListElement\":[{\"@type\":\"ListItem\",\"position\":1,\"name\":\"Shop\",\"item\":\"https:\/\/embroiderydownload.com\/it\/negozio-2\/\"},{\"@type\":\"ListItem\",\"position\":2,\"name\":\"Arsenal FC Old Logo Embroidery Design Download\"}]}]}<\/script>\n<!-- \/ Yoast SEO plugin. -->","yoast_head_json":{"title":"Arsenal FC Old Logo Embroidery Design Download","description":"Download the classic Arsenal FC logo embroidery design. Perfect for all Gunners fans' DIY projects!","robots":{"index":"index","follow":"follow","max-snippet":"max-snippet:-1","max-image-preview":"max-image-preview:large","max-video-preview":"max-video-preview:-1"},"canonical":"https:\/\/embroiderydownload.com\/fr\/products\/arsenal-fc-old-logo-embroidery-design-download\/","og_locale":"fr_FR","og_type":"article","og_title":"Arsenal FC Old Logo Embroidery Design Download","og_description":"Download the classic Arsenal FC logo embroidery design. Perfect for all Gunners fans' DIY projects!","og_url":"https:\/\/embroiderydownload.com\/fr\/products\/arsenal-fc-old-logo-embroidery-design-download\/","og_site_name":"EmbroideryDownload","article_modified_time":"2024-02-28T14:39:27+00:00","og_image":[{"width":1312,"height":1312,"url":"https:\/\/embroiderydownload.com\/wp-content\/uploads\/2023\/09\/Arsenal-FC-Old-Logo-embroidery-design-logo.jpg","type":"image\/jpeg"}],"twitter_card":"summary_large_image","twitter_misc":{"Prix":"&euro;6.99","Availability":"In stock"},"schema":{"@context":"https:\/\/schema.org","@graph":[{"@type":"WebSite","@id":"https:\/\/embroiderydownload.com\/fr\/#website","url":"https:\/\/embroiderydownload.com\/fr\/","name":"EmbroideryDownload","description":"Embroidery Designs Instant Digital Download","potentialAction":[{"@type":"SearchAction","target":{"@type":"EntryPoint","urlTemplate":"https:\/\/embroiderydownload.com\/fr\/?s={search_term_string}"},"query-input":"required name=search_term_string"}],"inLanguage":"fr-FR"},{"@type":"ImageObject","@id":"https:\/\/embroiderydownload.com\/products\/arsenal-fc-old-logo-embroidery-design-download\/#primaryimage","inLanguage":"fr-FR","url":"https:\/\/embroiderydownload.com\/wp-content\/uploads\/2023\/09\/Arsenal-FC-Old-Logo-embroidery-design-logo.jpg","contentUrl":"https:\/\/embroiderydownload.com\/wp-content\/uploads\/2023\/09\/Arsenal-FC-Old-Logo-embroidery-design-logo.jpg","width":1312,"height":1312},{"@type":"WebPage","@id":"https:\/\/embroiderydownload.com\/products\/arsenal-fc-old-logo-embroidery-design-download\/#webpage","url":"https:\/\/embroiderydownload.com\/products\/arsenal-fc-old-logo-embroidery-design-download\/","name":"Arsenal FC Old Logo Embroidery Design Download","isPartOf":{"@id":"https:\/\/embroiderydownload.com\/fr\/#website"},"primaryImageOfPage":{"@id":"https:\/\/embroiderydownload.com\/products\/arsenal-fc-old-logo-embroidery-design-download\/#primaryimage"},"datePublished":"2023-09-09T17:54:07+00:00","dateModified":"2024-02-28T14:39:27+00:00","description":"Download the classic Arsenal FC logo embroidery design. Perfect for all Gunners fans' DIY projects!","breadcrumb":{"@id":"https:\/\/embroiderydownload.com\/products\/arsenal-fc-old-logo-embroidery-design-download\/#breadcrumb"},"inLanguage":"fr-FR","potentialAction":[{"@type":"ReadAction","target":["https:\/\/embroiderydownload.com\/products\/arsenal-fc-old-logo-embroidery-design-download\/"]}]},{"@type":"BreadcrumbList","@id":"https:\/\/embroiderydownload.com\/products\/arsenal-fc-old-logo-embroidery-design-download\/#breadcrumb","itemListElement":[{"@type":"ListItem","position":1,"name":"Shop","item":"https:\/\/embroiderydownload.com\/it\/negozio-2\/"},{"@type":"ListItem","position":2,"name":"Arsenal FC Old Logo Embroidery Design Download"}]}]}},"_links":{"self":[{"href":"https:\/\/embroiderydownload.com\/fr\/wp-json\/wp\/v2\/product\/209897"}],"collection":[{"href":"https:\/\/embroiderydownload.com\/fr\/wp-json\/wp\/v2\/product"}],"about":[{"href":"https:\/\/embroiderydownload.com\/fr\/wp-json\/wp\/v2\/types\/product"}],"version-history":[{"count":2,"href":"https:\/\/embroiderydownload.com\/fr\/wp-json\/wp\/v2\/product\/209897\/revisions"}],"predecessor-version":[{"id":209979,"href":"https:\/\/embroiderydownload.com\/fr\/wp-json\/wp\/v2\/product\/209897\/revisions\/209979"}],"wp:featuredmedia":[{"embeddable":true,"href":"https:\/\/embroiderydownload.com\/fr\/wp-json\/wp\/v2\/media\/209755"}],"wp:attachment":[{"href":"https:\/\/embroiderydownload.com\/fr\/wp-json\/wp\/v2\/media?parent=209897"}],"wp:term":[{"taxonomy":"product_cat","embeddable":true,"href":"https:\/\/embroiderydownload.com\/fr\/wp-json\/wp\/v2\/product_cat?post=209897"},{"taxonomy":"product_tag","embeddable":true,"href":"https:\/\/embroiderydownload.com\/fr\/wp-json\/wp\/v2\/product_tag?post=209897"}],"curies":[{"name":"wp","href":"https:\/\/api.w.org\/{rel}","templated":true}]}}