{"id":209903,"date":"2023-09-09T19:54:07","date_gmt":"2023-09-09T17:54:07","guid":{"rendered":"https:\/\/embroiderydownload.com\/?post_type=product&#038;p=209903"},"modified":"2024-02-28T15:39:31","modified_gmt":"2024-02-28T14:39:31","slug":"nottingham-forest-fc-embroidery-design-download","status":"publish","type":"product","link":"https:\/\/embroiderydownload.com\/fr\/products\/nottingham-forest-fc-embroidery-design-download\/","title":{"rendered":"Motif Broderie Broderie \u00e0 Machine \u00e0 T\u00e9l\u00e9charger"},"content":{"rendered":"<p>Voici le t\u00e9l\u00e9chargement du motif de broderie Nottingham Forest FC, un must pour tous les passionn\u00e9s de football et les amateurs de broderie. Ce motif unique est parfait pour personnaliser vos v\u00eatements, accessoires, d\u00e9coration d'int\u00e9rieur, etc.<\/p>\n<p>Le mod\u00e8le est disponible en cinq tailles diff\u00e9rentes, ce qui permet de l'adapter parfaitement \u00e0 votre projet.<\/p>\n<p>Taille 1.59 \u00d7 2.76 pouces - 40.5 x 70.2 mm - Points : 2706<br \/>\nTaille 2.26 \u00d7 3.9 pouces - 57.3 x 99.0 mm - Points : 4425<br \/>\nTaille 2.51 \u00d7 4.33 pouces - 63.7 x 110.0 mm - Points : 5299<br \/>\nTaille 2.74 \u00d7 4.72 pouces - 69.5 x 120.0 mm - Points : 6135<br \/>\nTaille 3.19 \u00d7 5.51 pouces - 81.1 x 140.0 mm - Points : 7973<\/p>\n<p>Lors de l'achat, vous recevrez un fichier ZIP comprenant les formats suivants :<\/p>\n<p>Bernina : ART<br \/>\nTajima : DST<br \/>\nMelco : EXP<br \/>\nHusqvarna, Viking : HUS<br \/>\nJanome, Elna, Kenmore : JEF, JEF+<br \/>\nFr\u00e8re, Baby Lock : PEC, PES, PHC<br \/>\nChanteur : PHC, XXX<br \/>\nAutre : SHV<\/p>","protected":false},"excerpt":{"rendered":"<p>Voici le t\u00e9l\u00e9chargement du motif de broderie Nottingham Forest FC, un must pour tous les passionn\u00e9s de football et les amateurs de broderie. Ce motif unique est parfait pour personnaliser vos v\u00eatements, accessoires, d\u00e9coration d'int\u00e9rieur, etc. Le motif est disponible en cinq tailles diff\u00e9rentes, assurant un ajustement parfait pour votre projet. \u2605 Taille 1.59 \u00d7 2.76 inch - 40.5 x 70.2 [...]<\/p>","protected":false},"featured_media":209845,"template":"","meta":[],"product_cat":[12292],"product_tag":[],"yoast_head":"<!-- This site is optimized with the Yoast SEO plugin v17.5 - https:\/\/yoast.com\/wordpress\/plugins\/seo\/ -->\n<title>Nottingham Forest FC Embroidery Design Download<\/title>\n<meta name=\"description\" content=\"Download high-quality Nottingham Forest FC Embroidery Design. Perfect for football fans&#039; crafts!\" \/>\n<meta name=\"robots\" content=\"index, follow, max-snippet:-1, max-image-preview:large, max-video-preview:-1\" \/>\n<link rel=\"canonical\" href=\"https:\/\/embroiderydownload.com\/fr\/products\/nottingham-forest-fc-embroidery-design-download\/\" \/>\n<meta property=\"og:locale\" content=\"fr_FR\" \/>\n<meta property=\"og:type\" content=\"article\" \/>\n<meta property=\"og:title\" content=\"Nottingham Forest FC Embroidery Design Download\" \/>\n<meta property=\"og:description\" content=\"Download high-quality Nottingham Forest FC Embroidery Design. Perfect for football fans&#039; crafts!\" \/>\n<meta property=\"og:url\" content=\"https:\/\/embroiderydownload.com\/fr\/products\/nottingham-forest-fc-embroidery-design-download\/\" \/>\n<meta property=\"og:site_name\" content=\"EmbroideryDownload\" \/>\n<meta property=\"article:modified_time\" content=\"2024-02-28T14:39:31+00:00\" \/>\n<meta property=\"og:image\" content=\"https:\/\/embroiderydownload.com\/wp-content\/uploads\/2023\/09\/Nottingham-Forest-FC-embroidery-design-logo.jpg\" \/>\n\t<meta property=\"og:image:width\" content=\"1312\" \/>\n\t<meta property=\"og:image:height\" content=\"1312\" \/>\n<meta name=\"twitter:card\" content=\"summary_large_image\" \/>\n<meta name=\"twitter:label1\" content=\"Prix\" \/>\n\t<meta name=\"twitter:data1\" content=\"&euro;6.99\" \/>\n\t<meta name=\"twitter:label2\" content=\"Availability\" \/>\n\t<meta name=\"twitter:data2\" content=\"In stock\" \/>\n<script type=\"application\/ld+json\" class=\"yoast-schema-graph\">{\"@context\":\"https:\/\/schema.org\",\"@graph\":[{\"@type\":\"WebSite\",\"@id\":\"https:\/\/embroiderydownload.com\/fr\/#website\",\"url\":\"https:\/\/embroiderydownload.com\/fr\/\",\"name\":\"EmbroideryDownload\",\"description\":\"Embroidery Designs Instant Digital Download\",\"potentialAction\":[{\"@type\":\"SearchAction\",\"target\":{\"@type\":\"EntryPoint\",\"urlTemplate\":\"https:\/\/embroiderydownload.com\/fr\/?s={search_term_string}\"},\"query-input\":\"required name=search_term_string\"}],\"inLanguage\":\"fr-FR\"},{\"@type\":\"ImageObject\",\"@id\":\"https:\/\/embroiderydownload.com\/products\/nottingham-forest-fc-embroidery-design-download\/#primaryimage\",\"inLanguage\":\"fr-FR\",\"url\":\"https:\/\/embroiderydownload.com\/wp-content\/uploads\/2023\/09\/Nottingham-Forest-FC-embroidery-design-logo.jpg\",\"contentUrl\":\"https:\/\/embroiderydownload.com\/wp-content\/uploads\/2023\/09\/Nottingham-Forest-FC-embroidery-design-logo.jpg\",\"width\":1312,\"height\":1312},{\"@type\":\"WebPage\",\"@id\":\"https:\/\/embroiderydownload.com\/products\/nottingham-forest-fc-embroidery-design-download\/#webpage\",\"url\":\"https:\/\/embroiderydownload.com\/products\/nottingham-forest-fc-embroidery-design-download\/\",\"name\":\"Nottingham Forest FC Embroidery Design Download\",\"isPartOf\":{\"@id\":\"https:\/\/embroiderydownload.com\/fr\/#website\"},\"primaryImageOfPage\":{\"@id\":\"https:\/\/embroiderydownload.com\/products\/nottingham-forest-fc-embroidery-design-download\/#primaryimage\"},\"datePublished\":\"2023-09-09T17:54:07+00:00\",\"dateModified\":\"2024-02-28T14:39:31+00:00\",\"description\":\"Download high-quality Nottingham Forest FC Embroidery Design. Perfect for football fans' crafts!\",\"breadcrumb\":{\"@id\":\"https:\/\/embroiderydownload.com\/products\/nottingham-forest-fc-embroidery-design-download\/#breadcrumb\"},\"inLanguage\":\"fr-FR\",\"potentialAction\":[{\"@type\":\"ReadAction\",\"target\":[\"https:\/\/embroiderydownload.com\/products\/nottingham-forest-fc-embroidery-design-download\/\"]}]},{\"@type\":\"BreadcrumbList\",\"@id\":\"https:\/\/embroiderydownload.com\/products\/nottingham-forest-fc-embroidery-design-download\/#breadcrumb\",\"itemListElement\":[{\"@type\":\"ListItem\",\"position\":1,\"name\":\"Shop\",\"item\":\"https:\/\/embroiderydownload.com\/it\/negozio-2\/\"},{\"@type\":\"ListItem\",\"position\":2,\"name\":\"Nottingham Forest FC Embroidery Design Download\"}]}]}<\/script>\n<!-- \/ Yoast SEO plugin. -->","yoast_head_json":{"title":"Nottingham Forest FC Embroidery Design Download","description":"Download high-quality Nottingham Forest FC Embroidery Design. Perfect for football fans' crafts!","robots":{"index":"index","follow":"follow","max-snippet":"max-snippet:-1","max-image-preview":"max-image-preview:large","max-video-preview":"max-video-preview:-1"},"canonical":"https:\/\/embroiderydownload.com\/fr\/products\/nottingham-forest-fc-embroidery-design-download\/","og_locale":"fr_FR","og_type":"article","og_title":"Nottingham Forest FC Embroidery Design Download","og_description":"Download high-quality Nottingham Forest FC Embroidery Design. Perfect for football fans' crafts!","og_url":"https:\/\/embroiderydownload.com\/fr\/products\/nottingham-forest-fc-embroidery-design-download\/","og_site_name":"EmbroideryDownload","article_modified_time":"2024-02-28T14:39:31+00:00","og_image":[{"width":1312,"height":1312,"url":"https:\/\/embroiderydownload.com\/wp-content\/uploads\/2023\/09\/Nottingham-Forest-FC-embroidery-design-logo.jpg","type":"image\/jpeg"}],"twitter_card":"summary_large_image","twitter_misc":{"Prix":"&euro;6.99","Availability":"In stock"},"schema":{"@context":"https:\/\/schema.org","@graph":[{"@type":"WebSite","@id":"https:\/\/embroiderydownload.com\/fr\/#website","url":"https:\/\/embroiderydownload.com\/fr\/","name":"EmbroideryDownload","description":"Embroidery Designs Instant Digital Download","potentialAction":[{"@type":"SearchAction","target":{"@type":"EntryPoint","urlTemplate":"https:\/\/embroiderydownload.com\/fr\/?s={search_term_string}"},"query-input":"required name=search_term_string"}],"inLanguage":"fr-FR"},{"@type":"ImageObject","@id":"https:\/\/embroiderydownload.com\/products\/nottingham-forest-fc-embroidery-design-download\/#primaryimage","inLanguage":"fr-FR","url":"https:\/\/embroiderydownload.com\/wp-content\/uploads\/2023\/09\/Nottingham-Forest-FC-embroidery-design-logo.jpg","contentUrl":"https:\/\/embroiderydownload.com\/wp-content\/uploads\/2023\/09\/Nottingham-Forest-FC-embroidery-design-logo.jpg","width":1312,"height":1312},{"@type":"WebPage","@id":"https:\/\/embroiderydownload.com\/products\/nottingham-forest-fc-embroidery-design-download\/#webpage","url":"https:\/\/embroiderydownload.com\/products\/nottingham-forest-fc-embroidery-design-download\/","name":"Nottingham Forest FC Embroidery Design Download","isPartOf":{"@id":"https:\/\/embroiderydownload.com\/fr\/#website"},"primaryImageOfPage":{"@id":"https:\/\/embroiderydownload.com\/products\/nottingham-forest-fc-embroidery-design-download\/#primaryimage"},"datePublished":"2023-09-09T17:54:07+00:00","dateModified":"2024-02-28T14:39:31+00:00","description":"Download high-quality Nottingham Forest FC Embroidery Design. Perfect for football fans' crafts!","breadcrumb":{"@id":"https:\/\/embroiderydownload.com\/products\/nottingham-forest-fc-embroidery-design-download\/#breadcrumb"},"inLanguage":"fr-FR","potentialAction":[{"@type":"ReadAction","target":["https:\/\/embroiderydownload.com\/products\/nottingham-forest-fc-embroidery-design-download\/"]}]},{"@type":"BreadcrumbList","@id":"https:\/\/embroiderydownload.com\/products\/nottingham-forest-fc-embroidery-design-download\/#breadcrumb","itemListElement":[{"@type":"ListItem","position":1,"name":"Shop","item":"https:\/\/embroiderydownload.com\/it\/negozio-2\/"},{"@type":"ListItem","position":2,"name":"Nottingham Forest FC Embroidery Design Download"}]}]}},"_links":{"self":[{"href":"https:\/\/embroiderydownload.com\/fr\/wp-json\/wp\/v2\/product\/209903"}],"collection":[{"href":"https:\/\/embroiderydownload.com\/fr\/wp-json\/wp\/v2\/product"}],"about":[{"href":"https:\/\/embroiderydownload.com\/fr\/wp-json\/wp\/v2\/types\/product"}],"version-history":[{"count":1,"href":"https:\/\/embroiderydownload.com\/fr\/wp-json\/wp\/v2\/product\/209903\/revisions"}],"predecessor-version":[{"id":210036,"href":"https:\/\/embroiderydownload.com\/fr\/wp-json\/wp\/v2\/product\/209903\/revisions\/210036"}],"wp:featuredmedia":[{"embeddable":true,"href":"https:\/\/embroiderydownload.com\/fr\/wp-json\/wp\/v2\/media\/209845"}],"wp:attachment":[{"href":"https:\/\/embroiderydownload.com\/fr\/wp-json\/wp\/v2\/media?parent=209903"}],"wp:term":[{"taxonomy":"product_cat","embeddable":true,"href":"https:\/\/embroiderydownload.com\/fr\/wp-json\/wp\/v2\/product_cat?post=209903"},{"taxonomy":"product_tag","embeddable":true,"href":"https:\/\/embroiderydownload.com\/fr\/wp-json\/wp\/v2\/product_tag?post=209903"}],"curies":[{"name":"wp","href":"https:\/\/api.w.org\/{rel}","templated":true}]}}