{"id":209913,"date":"2023-09-09T19:54:07","date_gmt":"2023-09-09T17:54:07","guid":{"rendered":"https:\/\/embroiderydownload.com\/?post_type=product&#038;p=209913"},"modified":"2024-02-28T15:39:38","modified_gmt":"2024-02-28T14:39:38","slug":"west-ham-united-fc-embroidery-design-download-2","status":"publish","type":"product","link":"https:\/\/embroiderydownload.com\/fr\/products\/west-ham-united-fc-broderie-design-download-2\/","title":{"rendered":"West Ham United FC Motifs de broderie \u00e0 t\u00e9l\u00e9charger"},"content":{"rendered":"<p>Le t\u00e9l\u00e9chargement du motif de broderie West Ham United FC est un must pour tous les passionn\u00e9s de football et les amateurs de broderie. Ce motif unique est parfait pour personnaliser vos v\u00eatements, accessoires, d\u00e9coration d'int\u00e9rieur, etc.<\/p>\n<p>Taille 3.57 \u00d7 3.91 pouces - 90.6 x 99.4 mm - Points : 20607<br \/>\nTaille 3.93 \u00d7 4.31 pouces - 99.7 x 109.4 mm - Points : 24309<br \/>\nTaille 4.29 \u00d7 4.70 pouces - 108.9 x 119.4 mm - Points : 28020<br \/>\n\u2605 Taille 4.65 \u00d7 5.09 pouces - 118.0 x 129.4 mm - Points : 32271<br \/>\n\u2605 Taille 5.00 \u00d7 5.49 pouces - 127.1 x 139.4 mm - Points : 36713<\/p>\n<p>Lors de l'achat, vous recevrez un fichier ZIP comprenant les formats suivants :<\/p>\n<p>Bernina : ART<br \/>\nTajima : DST<br \/>\nMelco : EXP<br \/>\nHusqvarna, Viking : HUS<br \/>\nJanome, Elna, Kenmore : JEF, JEF+<br \/>\nFr\u00e8re, Baby Lock : PEC, PES<br \/>\nPfaff : VIP, VP3, VP4<br \/>\nCompucon, Singer : XXX, PHC<br \/>\nJanome : SVH<br \/>\nAutres : EDR, DSB<\/p>","protected":false},"excerpt":{"rendered":"<p>Le t\u00e9l\u00e9chargement du motif de broderie West Ham United FC est un must pour tous les passionn\u00e9s de football et les amateurs de broderie. Ce motif unique est parfait pour personnaliser vos v\u00eatements, accessoires, d\u00e9corations d'int\u00e9rieur, et plus encore. \u2605 Taille 3.57 \u00d7 3.91 pouces - 90.6 x 99.4 mm - Points : 20607 \u2605 Taille 3.93 \u00d7 4.31 inch - 99.7 x [...]<\/p>","protected":false},"featured_media":209725,"template":"","meta":[],"product_cat":[12292],"product_tag":[],"yoast_head":"<!-- This site is optimized with the Yoast SEO plugin v17.5 - https:\/\/yoast.com\/wordpress\/plugins\/seo\/ -->\n<title>West Ham United FC Embroidery Design Download<\/title>\n<meta name=\"description\" content=\"Download high-quality West Ham United FC Embroidery Design. Perfect for all football fans&#039; embroidery projects!\" \/>\n<meta name=\"robots\" content=\"index, follow, max-snippet:-1, max-image-preview:large, max-video-preview:-1\" \/>\n<link rel=\"canonical\" href=\"https:\/\/embroiderydownload.com\/fr\/products\/west-ham-united-fc-broderie-design-download-2\/\" \/>\n<meta property=\"og:locale\" content=\"fr_FR\" \/>\n<meta property=\"og:type\" content=\"article\" \/>\n<meta property=\"og:title\" content=\"West Ham United FC Embroidery Design Download\" \/>\n<meta property=\"og:description\" content=\"Download high-quality West Ham United FC Embroidery Design. Perfect for all football fans&#039; embroidery projects!\" \/>\n<meta property=\"og:url\" content=\"https:\/\/embroiderydownload.com\/fr\/products\/west-ham-united-fc-broderie-design-download-2\/\" \/>\n<meta property=\"og:site_name\" content=\"EmbroideryDownload\" \/>\n<meta property=\"article:modified_time\" content=\"2024-02-28T14:39:38+00:00\" \/>\n<meta property=\"og:image\" content=\"https:\/\/embroiderydownload.com\/wp-content\/uploads\/2023\/09\/west-ham-united-fc-embroidery-design-logo.jpg\" \/>\n\t<meta property=\"og:image:width\" content=\"1312\" \/>\n\t<meta property=\"og:image:height\" content=\"1312\" \/>\n<meta name=\"twitter:card\" content=\"summary_large_image\" \/>\n<meta name=\"twitter:label1\" content=\"Prix\" \/>\n\t<meta name=\"twitter:data1\" content=\"&euro;6.99\" \/>\n\t<meta name=\"twitter:label2\" content=\"Availability\" \/>\n\t<meta name=\"twitter:data2\" content=\"In stock\" \/>\n<script type=\"application\/ld+json\" class=\"yoast-schema-graph\">{\"@context\":\"https:\/\/schema.org\",\"@graph\":[{\"@type\":\"WebSite\",\"@id\":\"https:\/\/embroiderydownload.com\/fr\/#website\",\"url\":\"https:\/\/embroiderydownload.com\/fr\/\",\"name\":\"EmbroideryDownload\",\"description\":\"Embroidery Designs Instant Digital Download\",\"potentialAction\":[{\"@type\":\"SearchAction\",\"target\":{\"@type\":\"EntryPoint\",\"urlTemplate\":\"https:\/\/embroiderydownload.com\/fr\/?s={search_term_string}\"},\"query-input\":\"required name=search_term_string\"}],\"inLanguage\":\"fr-FR\"},{\"@type\":\"ImageObject\",\"@id\":\"https:\/\/embroiderydownload.com\/products\/west-ham-united-fc-embroidery-design-download-2\/#primaryimage\",\"inLanguage\":\"fr-FR\",\"url\":\"https:\/\/embroiderydownload.com\/wp-content\/uploads\/2023\/09\/west-ham-united-fc-embroidery-design-logo.jpg\",\"contentUrl\":\"https:\/\/embroiderydownload.com\/wp-content\/uploads\/2023\/09\/west-ham-united-fc-embroidery-design-logo.jpg\",\"width\":1312,\"height\":1312},{\"@type\":\"WebPage\",\"@id\":\"https:\/\/embroiderydownload.com\/products\/west-ham-united-fc-embroidery-design-download-2\/#webpage\",\"url\":\"https:\/\/embroiderydownload.com\/products\/west-ham-united-fc-embroidery-design-download-2\/\",\"name\":\"West Ham United FC Embroidery Design Download\",\"isPartOf\":{\"@id\":\"https:\/\/embroiderydownload.com\/fr\/#website\"},\"primaryImageOfPage\":{\"@id\":\"https:\/\/embroiderydownload.com\/products\/west-ham-united-fc-embroidery-design-download-2\/#primaryimage\"},\"datePublished\":\"2023-09-09T17:54:07+00:00\",\"dateModified\":\"2024-02-28T14:39:38+00:00\",\"description\":\"Download high-quality West Ham United FC Embroidery Design. Perfect for all football fans' embroidery projects!\",\"breadcrumb\":{\"@id\":\"https:\/\/embroiderydownload.com\/products\/west-ham-united-fc-embroidery-design-download-2\/#breadcrumb\"},\"inLanguage\":\"fr-FR\",\"potentialAction\":[{\"@type\":\"ReadAction\",\"target\":[\"https:\/\/embroiderydownload.com\/products\/west-ham-united-fc-embroidery-design-download-2\/\"]}]},{\"@type\":\"BreadcrumbList\",\"@id\":\"https:\/\/embroiderydownload.com\/products\/west-ham-united-fc-embroidery-design-download-2\/#breadcrumb\",\"itemListElement\":[{\"@type\":\"ListItem\",\"position\":1,\"name\":\"Shop\",\"item\":\"https:\/\/embroiderydownload.com\/it\/negozio-2\/\"},{\"@type\":\"ListItem\",\"position\":2,\"name\":\"West Ham United FC Embroidery Design Download\"}]}]}<\/script>\n<!-- \/ Yoast SEO plugin. -->","yoast_head_json":{"title":"West Ham United FC Embroidery Design Download","description":"Download high-quality West Ham United FC Embroidery Design. Perfect for all football fans' embroidery projects!","robots":{"index":"index","follow":"follow","max-snippet":"max-snippet:-1","max-image-preview":"max-image-preview:large","max-video-preview":"max-video-preview:-1"},"canonical":"https:\/\/embroiderydownload.com\/fr\/products\/west-ham-united-fc-broderie-design-download-2\/","og_locale":"fr_FR","og_type":"article","og_title":"West Ham United FC Embroidery Design Download","og_description":"Download high-quality West Ham United FC Embroidery Design. Perfect for all football fans' embroidery projects!","og_url":"https:\/\/embroiderydownload.com\/fr\/products\/west-ham-united-fc-broderie-design-download-2\/","og_site_name":"EmbroideryDownload","article_modified_time":"2024-02-28T14:39:38+00:00","og_image":[{"width":1312,"height":1312,"url":"https:\/\/embroiderydownload.com\/wp-content\/uploads\/2023\/09\/west-ham-united-fc-embroidery-design-logo.jpg","type":"image\/jpeg"}],"twitter_card":"summary_large_image","twitter_misc":{"Prix":"&euro;6.99","Availability":"In stock"},"schema":{"@context":"https:\/\/schema.org","@graph":[{"@type":"WebSite","@id":"https:\/\/embroiderydownload.com\/fr\/#website","url":"https:\/\/embroiderydownload.com\/fr\/","name":"EmbroideryDownload","description":"Embroidery Designs Instant Digital Download","potentialAction":[{"@type":"SearchAction","target":{"@type":"EntryPoint","urlTemplate":"https:\/\/embroiderydownload.com\/fr\/?s={search_term_string}"},"query-input":"required name=search_term_string"}],"inLanguage":"fr-FR"},{"@type":"ImageObject","@id":"https:\/\/embroiderydownload.com\/products\/west-ham-united-fc-embroidery-design-download-2\/#primaryimage","inLanguage":"fr-FR","url":"https:\/\/embroiderydownload.com\/wp-content\/uploads\/2023\/09\/west-ham-united-fc-embroidery-design-logo.jpg","contentUrl":"https:\/\/embroiderydownload.com\/wp-content\/uploads\/2023\/09\/west-ham-united-fc-embroidery-design-logo.jpg","width":1312,"height":1312},{"@type":"WebPage","@id":"https:\/\/embroiderydownload.com\/products\/west-ham-united-fc-embroidery-design-download-2\/#webpage","url":"https:\/\/embroiderydownload.com\/products\/west-ham-united-fc-embroidery-design-download-2\/","name":"West Ham United FC Embroidery Design Download","isPartOf":{"@id":"https:\/\/embroiderydownload.com\/fr\/#website"},"primaryImageOfPage":{"@id":"https:\/\/embroiderydownload.com\/products\/west-ham-united-fc-embroidery-design-download-2\/#primaryimage"},"datePublished":"2023-09-09T17:54:07+00:00","dateModified":"2024-02-28T14:39:38+00:00","description":"Download high-quality West Ham United FC Embroidery Design. Perfect for all football fans' embroidery projects!","breadcrumb":{"@id":"https:\/\/embroiderydownload.com\/products\/west-ham-united-fc-embroidery-design-download-2\/#breadcrumb"},"inLanguage":"fr-FR","potentialAction":[{"@type":"ReadAction","target":["https:\/\/embroiderydownload.com\/products\/west-ham-united-fc-embroidery-design-download-2\/"]}]},{"@type":"BreadcrumbList","@id":"https:\/\/embroiderydownload.com\/products\/west-ham-united-fc-embroidery-design-download-2\/#breadcrumb","itemListElement":[{"@type":"ListItem","position":1,"name":"Shop","item":"https:\/\/embroiderydownload.com\/it\/negozio-2\/"},{"@type":"ListItem","position":2,"name":"West Ham United FC Embroidery Design Download"}]}]}},"_links":{"self":[{"href":"https:\/\/embroiderydownload.com\/fr\/wp-json\/wp\/v2\/product\/209913"}],"collection":[{"href":"https:\/\/embroiderydownload.com\/fr\/wp-json\/wp\/v2\/product"}],"about":[{"href":"https:\/\/embroiderydownload.com\/fr\/wp-json\/wp\/v2\/types\/product"}],"version-history":[{"count":3,"href":"https:\/\/embroiderydownload.com\/fr\/wp-json\/wp\/v2\/product\/209913\/revisions"}],"predecessor-version":[{"id":210149,"href":"https:\/\/embroiderydownload.com\/fr\/wp-json\/wp\/v2\/product\/209913\/revisions\/210149"}],"wp:featuredmedia":[{"embeddable":true,"href":"https:\/\/embroiderydownload.com\/fr\/wp-json\/wp\/v2\/media\/209725"}],"wp:attachment":[{"href":"https:\/\/embroiderydownload.com\/fr\/wp-json\/wp\/v2\/media?parent=209913"}],"wp:term":[{"taxonomy":"product_cat","embeddable":true,"href":"https:\/\/embroiderydownload.com\/fr\/wp-json\/wp\/v2\/product_cat?post=209913"},{"taxonomy":"product_tag","embeddable":true,"href":"https:\/\/embroiderydownload.com\/fr\/wp-json\/wp\/v2\/product_tag?post=209913"}],"curies":[{"name":"wp","href":"https:\/\/api.w.org\/{rel}","templated":true}]}}