{"id":211738,"date":"2023-11-14T17:22:15","date_gmt":"2023-11-14T16:22:15","guid":{"rendered":"https:\/\/embroiderydownload.com\/?post_type=product&#038;p=211738"},"modified":"2024-02-28T15:39:18","modified_gmt":"2024-02-28T14:39:18","slug":"fairy-tree-embroidery-design-download","status":"publish","type":"product","link":"https:\/\/embroiderydownload.com\/fr\/products\/motif-de-broderie-de-larbre-des-fees-telecharger\/","title":{"rendered":"Motif de broderie \"arbre \u00e0 f\u00e9es\" T\u00e9l\u00e9charger"},"content":{"rendered":"<p><span data-sheets-value=\"{&quot;1&quot;:2,&quot;2&quot;:&quot;Step into an ethereal realm with our Fairy Tree Embroidery Design Download. It's a magical creation that embroiders an enchanting story onto every piece.&quot;}\" data-sheets-userformat=\"{&quot;2&quot;:769,&quot;3&quot;:{&quot;1&quot;:0},&quot;11&quot;:3,&quot;12&quot;:0}\">Entrez dans un royaume \u00e9th\u00e9r\u00e9 avec notre <strong>Motifs de broderie machine Motifs de Broderie Machine<\/strong>. Il s'agit d'une cr\u00e9ation magique qui brode une histoire enchanteresse sur chaque pi\u00e8ce.<\/span><\/p>\n<p>\u2605 Taille 2,27 \u00d7 3,95 pouces - 57,80 x 100,50 mm - Points : 7946<\/p>\n<p>\u2605 Taille 2,92 \u00d7 5,02 pouces - 74,20 x 127,60 mm - Points : 9288<\/p>\n<p>\u2605 Taille 3,50 \u00d7 6,05 pouces - 89,10 x 153,90 mm - Points : 10648<\/p>\n<p>\u2605 Taille 4,03 \u00d7 6,94 pouces - 102,50 x 176,50 mm - Points : 11957<\/p>\n<p>\u2605 Taille 4,66 \u00d7 8,03 pouces - 118,60 x 204,00 mm - Points : 13589<\/p>\n<p>\u2605 Taille 5,25 \u00d7 9,05 pouces - 133,50 x 230,00 mm - Points : 15150<\/p>\n<p>\u2605 Taille 5,83 \u00d7 10,04 pouces - 148,30 x 255,20 mm - Points : 16846<\/p>\n<p>\u2605 Taille 5,83 \u00d7 10,04 pouces - 148,30 x 255,20 mm - Points : 16846<\/p>\n<p>&nbsp;<\/p>\n<p>\u2605 Formats qui seront inclus dans un fichier ZIP lors de l'achat :<\/p>\n<ul>\n<li>Deco, Brother, Baby Lock : <strong>PSE, PEC<\/strong><\/li>\n<li>Husqvarna, Viking : <strong>HUS<\/strong><\/li>\n<li>Janome, Elna, Kenmore : <strong>JEF<\/strong><\/li>\n<li>Melco : <strong>EXP<\/strong><\/li>\n<li>Compucon, Singer : <strong>XXX<\/strong><\/li>\n<li>Tajima : <strong>DST<\/strong><\/li>\n<li>Pfaff :<b> VP3, VIP<\/b><\/li>\n<li>Autre : <strong>EDR<\/strong><\/li>\n<\/ul>","protected":false},"excerpt":{"rendered":"<style>.elementor-204929 .elementor-element.elementor-element-95a9a0b{margin-top:0px;margin-bottom:0px;padding:0px 0px 0px 0px;overflow:visible;}.elementor-204929 .elementor-element.elementor-element-84e32b5 > .elementor-element-populated{margin:0px 0px 0px 0px;--e-column-margin-right:0px;--e-column-margin-left:0px;padding:0px 0px 0px 0px;}.elementor-204929 .elementor-element.elementor-element-4e302eb{text-align:left;}<\/style>\n<div class=\"porto-block elementor elementor-204929\" data-id=\"204929\">\n<section class=\"elementor-section elementor-top-section elementor-element elementor-element-95a9a0b elementor-section-full_width elementor-section-height-default elementor-section-height-default\" data-id=\"95a9a0b\" data-element_type=\"section\" data-settings=\"{&quot;ekit_has_onepagescroll_dot&quot;:&quot;yes&quot;}\">\n<div class=\"elementor-container elementor-column-gap-default\">\n<div class=\"elementor-column elementor-col-100 elementor-top-column elementor-element elementor-element-84e32b5\" data-id=\"84e32b5\" data-element_type=\"column\">\n<div class=\"elementor-widget-wrap elementor-element-populated\">\n<div class=\"elementor-element elementor-element-4e302eb elementor-widget elementor-widget-image\" data-id=\"4e302eb\" data-element_type=\"widget\" data-settings=\"{&quot;ekit_we_effect_on&quot;:&quot;none&quot;}\" data-widget_type=\"image.default\">\n<div class=\"elementor-widget-container\">\n<style>\/*! elementor - v3.12.1 - 02-04-2023 *\/\n.elementor-widget-image{text-align:center}.elementor-widget-image a{display:inline-block}.elementor-widget-image a img[src$=\".svg\"]{width:48px}.elementor-widget-image img{vertical-align:middle;display:inline-block}<\/style>\n<p>\t\t\t\t\t\t\t\t\t\t\t\t<img decoding=\"async\" width=\"300\" height=\"84\" src=\"https:\/\/embroiderydownload.com\/wp-content\/uploads\/2022\/11\/icons-values-eng.svg\" class=\"attachment-large size-large wp-image-204901\" alt=\"\" loading=\"lazy\" \/>\t\t\t\t\t\t\t\t\t\t\t\t\t\t\t<\/div>\n<\/p><\/div>\n<\/p><\/div>\n<\/p><\/div>\n<\/p><\/div>\n<\/section><\/div>","protected":false},"featured_media":211758,"template":"","meta":[],"product_cat":[12182],"product_tag":[268],"yoast_head":"<!-- This site is optimized with the Yoast SEO plugin v17.5 - https:\/\/yoast.com\/wordpress\/plugins\/seo\/ -->\n<title>Fairy Tree Embroidery Design Download - EmbroideryDownload<\/title>\n<meta name=\"description\" content=\"Weave enchantment into your work with our Fairy Tree embroidery design. A touch of magic awaits. Download and stitch now!\" \/>\n<meta name=\"robots\" content=\"index, follow, max-snippet:-1, max-image-preview:large, max-video-preview:-1\" \/>\n<link rel=\"canonical\" href=\"https:\/\/embroiderydownload.com\/fr\/products\/motif-de-broderie-de-larbre-des-fees-telecharger\/\" \/>\n<meta property=\"og:locale\" content=\"fr_FR\" \/>\n<meta property=\"og:type\" content=\"article\" \/>\n<meta property=\"og:title\" content=\"Fairy Tree Embroidery Design Download - EmbroideryDownload\" \/>\n<meta property=\"og:description\" content=\"Weave enchantment into your work with our Fairy Tree embroidery design. A touch of magic awaits. Download and stitch now!\" \/>\n<meta property=\"og:url\" content=\"https:\/\/embroiderydownload.com\/fr\/products\/motif-de-broderie-de-larbre-des-fees-telecharger\/\" \/>\n<meta property=\"og:site_name\" content=\"EmbroideryDownload\" \/>\n<meta property=\"article:modified_time\" content=\"2024-02-28T14:39:18+00:00\" \/>\n<meta property=\"og:image\" content=\"https:\/\/embroiderydownload.com\/wp-content\/uploads\/2023\/11\/fairy-tree-machine-embroidery-design.jpg\" \/>\n\t<meta property=\"og:image:width\" content=\"900\" \/>\n\t<meta property=\"og:image:height\" content=\"900\" \/>\n<meta name=\"twitter:card\" content=\"summary_large_image\" \/>\n<meta name=\"twitter:label1\" content=\"Prix\" \/>\n\t<meta name=\"twitter:data1\" content=\"&euro;6.99\" \/>\n\t<meta name=\"twitter:label2\" content=\"Availability\" \/>\n\t<meta name=\"twitter:data2\" content=\"In stock\" \/>\n<script type=\"application\/ld+json\" class=\"yoast-schema-graph\">{\"@context\":\"https:\/\/schema.org\",\"@graph\":[{\"@type\":\"WebSite\",\"@id\":\"https:\/\/embroiderydownload.com\/fr\/#website\",\"url\":\"https:\/\/embroiderydownload.com\/fr\/\",\"name\":\"EmbroideryDownload\",\"description\":\"Embroidery Designs Instant Digital Download\",\"potentialAction\":[{\"@type\":\"SearchAction\",\"target\":{\"@type\":\"EntryPoint\",\"urlTemplate\":\"https:\/\/embroiderydownload.com\/fr\/?s={search_term_string}\"},\"query-input\":\"required name=search_term_string\"}],\"inLanguage\":\"fr-FR\"},{\"@type\":\"ImageObject\",\"@id\":\"https:\/\/embroiderydownload.com\/products\/fairy-tree-embroidery-design-download\/#primaryimage\",\"inLanguage\":\"fr-FR\",\"url\":\"https:\/\/embroiderydownload.com\/wp-content\/uploads\/2023\/11\/fairy-tree-machine-embroidery-design.jpg\",\"contentUrl\":\"https:\/\/embroiderydownload.com\/wp-content\/uploads\/2023\/11\/fairy-tree-machine-embroidery-design.jpg\",\"width\":900,\"height\":900,\"caption\":\"fairy-tree-machine-embroidery-design\"},{\"@type\":\"WebPage\",\"@id\":\"https:\/\/embroiderydownload.com\/products\/fairy-tree-embroidery-design-download\/#webpage\",\"url\":\"https:\/\/embroiderydownload.com\/products\/fairy-tree-embroidery-design-download\/\",\"name\":\"Fairy Tree Embroidery Design Download - EmbroideryDownload\",\"isPartOf\":{\"@id\":\"https:\/\/embroiderydownload.com\/fr\/#website\"},\"primaryImageOfPage\":{\"@id\":\"https:\/\/embroiderydownload.com\/products\/fairy-tree-embroidery-design-download\/#primaryimage\"},\"datePublished\":\"2023-11-14T16:22:15+00:00\",\"dateModified\":\"2024-02-28T14:39:18+00:00\",\"description\":\"Weave enchantment into your work with our Fairy Tree embroidery design. A touch of magic awaits. Download and stitch now!\",\"breadcrumb\":{\"@id\":\"https:\/\/embroiderydownload.com\/products\/fairy-tree-embroidery-design-download\/#breadcrumb\"},\"inLanguage\":\"fr-FR\",\"potentialAction\":[{\"@type\":\"ReadAction\",\"target\":[\"https:\/\/embroiderydownload.com\/products\/fairy-tree-embroidery-design-download\/\"]}]},{\"@type\":\"BreadcrumbList\",\"@id\":\"https:\/\/embroiderydownload.com\/products\/fairy-tree-embroidery-design-download\/#breadcrumb\",\"itemListElement\":[{\"@type\":\"ListItem\",\"position\":1,\"name\":\"Shop\",\"item\":\"https:\/\/embroiderydownload.com\/it\/negozio-2\/\"},{\"@type\":\"ListItem\",\"position\":2,\"name\":\"Fairy Tree Embroidery Design Download\"}]}]}<\/script>\n<!-- \/ Yoast SEO plugin. -->","yoast_head_json":{"title":"Fairy Tree Embroidery Design Download - EmbroideryDownload","description":"Weave enchantment into your work with our Fairy Tree embroidery design. A touch of magic awaits. Download and stitch now!","robots":{"index":"index","follow":"follow","max-snippet":"max-snippet:-1","max-image-preview":"max-image-preview:large","max-video-preview":"max-video-preview:-1"},"canonical":"https:\/\/embroiderydownload.com\/fr\/products\/motif-de-broderie-de-larbre-des-fees-telecharger\/","og_locale":"fr_FR","og_type":"article","og_title":"Fairy Tree Embroidery Design Download - EmbroideryDownload","og_description":"Weave enchantment into your work with our Fairy Tree embroidery design. A touch of magic awaits. Download and stitch now!","og_url":"https:\/\/embroiderydownload.com\/fr\/products\/motif-de-broderie-de-larbre-des-fees-telecharger\/","og_site_name":"EmbroideryDownload","article_modified_time":"2024-02-28T14:39:18+00:00","og_image":[{"width":900,"height":900,"url":"https:\/\/embroiderydownload.com\/wp-content\/uploads\/2023\/11\/fairy-tree-machine-embroidery-design.jpg","type":"image\/jpeg"}],"twitter_card":"summary_large_image","twitter_misc":{"Prix":"&euro;6.99","Availability":"In stock"},"schema":{"@context":"https:\/\/schema.org","@graph":[{"@type":"WebSite","@id":"https:\/\/embroiderydownload.com\/fr\/#website","url":"https:\/\/embroiderydownload.com\/fr\/","name":"EmbroideryDownload","description":"Embroidery Designs Instant Digital Download","potentialAction":[{"@type":"SearchAction","target":{"@type":"EntryPoint","urlTemplate":"https:\/\/embroiderydownload.com\/fr\/?s={search_term_string}"},"query-input":"required name=search_term_string"}],"inLanguage":"fr-FR"},{"@type":"ImageObject","@id":"https:\/\/embroiderydownload.com\/products\/fairy-tree-embroidery-design-download\/#primaryimage","inLanguage":"fr-FR","url":"https:\/\/embroiderydownload.com\/wp-content\/uploads\/2023\/11\/fairy-tree-machine-embroidery-design.jpg","contentUrl":"https:\/\/embroiderydownload.com\/wp-content\/uploads\/2023\/11\/fairy-tree-machine-embroidery-design.jpg","width":900,"height":900,"caption":"fairy-tree-machine-embroidery-design"},{"@type":"WebPage","@id":"https:\/\/embroiderydownload.com\/products\/fairy-tree-embroidery-design-download\/#webpage","url":"https:\/\/embroiderydownload.com\/products\/fairy-tree-embroidery-design-download\/","name":"Fairy Tree Embroidery Design Download - EmbroideryDownload","isPartOf":{"@id":"https:\/\/embroiderydownload.com\/fr\/#website"},"primaryImageOfPage":{"@id":"https:\/\/embroiderydownload.com\/products\/fairy-tree-embroidery-design-download\/#primaryimage"},"datePublished":"2023-11-14T16:22:15+00:00","dateModified":"2024-02-28T14:39:18+00:00","description":"Weave enchantment into your work with our Fairy Tree embroidery design. A touch of magic awaits. Download and stitch now!","breadcrumb":{"@id":"https:\/\/embroiderydownload.com\/products\/fairy-tree-embroidery-design-download\/#breadcrumb"},"inLanguage":"fr-FR","potentialAction":[{"@type":"ReadAction","target":["https:\/\/embroiderydownload.com\/products\/fairy-tree-embroidery-design-download\/"]}]},{"@type":"BreadcrumbList","@id":"https:\/\/embroiderydownload.com\/products\/fairy-tree-embroidery-design-download\/#breadcrumb","itemListElement":[{"@type":"ListItem","position":1,"name":"Shop","item":"https:\/\/embroiderydownload.com\/it\/negozio-2\/"},{"@type":"ListItem","position":2,"name":"Fairy Tree Embroidery Design Download"}]}]}},"_links":{"self":[{"href":"https:\/\/embroiderydownload.com\/fr\/wp-json\/wp\/v2\/product\/211738"}],"collection":[{"href":"https:\/\/embroiderydownload.com\/fr\/wp-json\/wp\/v2\/product"}],"about":[{"href":"https:\/\/embroiderydownload.com\/fr\/wp-json\/wp\/v2\/types\/product"}],"version-history":[{"count":1,"href":"https:\/\/embroiderydownload.com\/fr\/wp-json\/wp\/v2\/product\/211738\/revisions"}],"predecessor-version":[{"id":211768,"href":"https:\/\/embroiderydownload.com\/fr\/wp-json\/wp\/v2\/product\/211738\/revisions\/211768"}],"wp:featuredmedia":[{"embeddable":true,"href":"https:\/\/embroiderydownload.com\/fr\/wp-json\/wp\/v2\/media\/211758"}],"wp:attachment":[{"href":"https:\/\/embroiderydownload.com\/fr\/wp-json\/wp\/v2\/media?parent=211738"}],"wp:term":[{"taxonomy":"product_cat","embeddable":true,"href":"https:\/\/embroiderydownload.com\/fr\/wp-json\/wp\/v2\/product_cat?post=211738"},{"taxonomy":"product_tag","embeddable":true,"href":"https:\/\/embroiderydownload.com\/fr\/wp-json\/wp\/v2\/product_tag?post=211738"}],"curies":[{"name":"wp","href":"https:\/\/api.w.org\/{rel}","templated":true}]}}