{"id":216718,"date":"2024-03-20T16:29:17","date_gmt":"2024-03-20T15:29:17","guid":{"rendered":"https:\/\/embroiderydownload.com\/?post_type=product&#038;p=216718"},"modified":"2024-03-20T16:37:01","modified_gmt":"2024-03-20T15:37:01","slug":"snoopy-stand-embroidery-designs-download","status":"publish","type":"product","link":"https:\/\/embroiderydownload.com\/fr\/products\/stand-snoopy-motifs-de-broderie-telecharger\/","title":{"rendered":"Motifs de broderie pour le stand Snoopy Download"},"content":{"rendered":"<p>Apportez de la joie \u00e0 vos projets avec notre<strong> Motifs de broderie pour le stand Snoopy Download<\/strong>. Ces charmants motifs repr\u00e9sentent le beagle bien-aim\u00e9 dans diff\u00e9rentes poses. Ils sont parfaits pour les fans des Peanuts qui souhaitent ajouter une touche de fantaisie et de nostalgie.<\/p>\n<p>&nbsp;<\/p>\n<p>\u2605 Taille <span data-sheets-root=\"1\" data-sheets-value=\"{&quot;1&quot;:3,&quot;3&quot;:1.4972075890204777}\" data-sheets-userformat=\"{&quot;2&quot;:28867,&quot;3&quot;:{&quot;1&quot;:2,&quot;2&quot;:&quot;0.00&quot;,&quot;3&quot;:1},&quot;4&quot;:{&quot;1&quot;:2,&quot;2&quot;:13228792},&quot;9&quot;:1,&quot;10&quot;:2,&quot;15&quot;:&quot;Arial&quot;,&quot;16&quot;:12,&quot;17&quot;:1}\" data-sheets-formula=\"=R[-1]C[0]\/25,247\">1,50 <\/span>\u00d7 <span data-sheets-root=\"1\" data-sheets-value=\"{&quot;1&quot;:3,&quot;3&quot;:2.024002851823979}\" data-sheets-userformat=\"{&quot;2&quot;:28867,&quot;3&quot;:{&quot;1&quot;:2,&quot;2&quot;:&quot;0.00&quot;,&quot;3&quot;:1},&quot;4&quot;:{&quot;1&quot;:2,&quot;2&quot;:13228792},&quot;9&quot;:1,&quot;10&quot;:2,&quot;15&quot;:&quot;Arial&quot;,&quot;16&quot;:12,&quot;17&quot;:1}\" data-sheets-formula=\"=R[-1]C[0]\/25,247\">2,02 <\/span>pouce - 37,80 x 51,10 mm - Points : 3788<\/p>\n<p>\u2605 Taille <span data-sheets-root=\"1\" data-sheets-value=\"{&quot;1&quot;:3,&quot;3&quot;:1.8616073196815464}\" data-sheets-userformat=\"{&quot;2&quot;:28867,&quot;3&quot;:{&quot;1&quot;:2,&quot;2&quot;:&quot;0.00&quot;,&quot;3&quot;:1},&quot;4&quot;:{&quot;1&quot;:2,&quot;2&quot;:13228792},&quot;9&quot;:1,&quot;10&quot;:2,&quot;15&quot;:&quot;Arial&quot;,&quot;16&quot;:12,&quot;17&quot;:1}\" data-sheets-formula=\"=R[-1]C[0]\/25,247\">1,86 <\/span>\u00d7 <span data-sheets-root=\"1\" data-sheets-value=\"{&quot;1&quot;:3,&quot;3&quot;:2.5270329148017585}\" data-sheets-userformat=\"{&quot;2&quot;:28867,&quot;3&quot;:{&quot;1&quot;:2,&quot;2&quot;:&quot;0.00&quot;,&quot;3&quot;:1},&quot;4&quot;:{&quot;1&quot;:2,&quot;2&quot;:13228792},&quot;9&quot;:1,&quot;10&quot;:2,&quot;15&quot;:&quot;Arial&quot;,&quot;16&quot;:12,&quot;17&quot;:1}\" data-sheets-formula=\"=R[-1]C[0]\/25,247\">2,53 <\/span>inch - 47,00 x 63,80 mm - Points : 5144<\/p>\n<p>\u2605 Taille <span data-sheets-root=\"1\" data-sheets-value=\"{&quot;1&quot;:3,&quot;3&quot;:2.2339287836178556}\" data-sheets-userformat=\"{&quot;2&quot;:28867,&quot;3&quot;:{&quot;1&quot;:2,&quot;2&quot;:&quot;0.00&quot;,&quot;3&quot;:1},&quot;4&quot;:{&quot;1&quot;:2,&quot;2&quot;:13228792},&quot;9&quot;:1,&quot;10&quot;:2,&quot;15&quot;:&quot;Arial&quot;,&quot;16&quot;:12,&quot;17&quot;:1}\" data-sheets-formula=\"=R[-1]C[0]\/25,247\">2,23 <\/span>\u00d7 <span data-sheets-root=\"1\" data-sheets-value=\"{&quot;1&quot;:3,&quot;3&quot;:3.026102111141918}\" data-sheets-userformat=\"{&quot;2&quot;:28867,&quot;3&quot;:{&quot;1&quot;:2,&quot;2&quot;:&quot;0.00&quot;,&quot;3&quot;:1},&quot;4&quot;:{&quot;1&quot;:2,&quot;2&quot;:13228792},&quot;9&quot;:1,&quot;10&quot;:2,&quot;15&quot;:&quot;Arial&quot;,&quot;16&quot;:12,&quot;17&quot;:1}\" data-sheets-formula=\"=R[-1]C[0]\/25,247\">3,03 <\/span>inch - 56,40 x 76,40 mm - Points : 6685<\/p>\n<p>\u2605 Taille <span data-sheets-root=\"1\" data-sheets-value=\"{&quot;1&quot;:3,&quot;3&quot;:2.8280587792609024}\" data-sheets-userformat=\"{&quot;2&quot;:28867,&quot;3&quot;:{&quot;1&quot;:2,&quot;2&quot;:&quot;0.00&quot;,&quot;3&quot;:1},&quot;4&quot;:{&quot;1&quot;:2,&quot;2&quot;:13228792},&quot;9&quot;:1,&quot;10&quot;:2,&quot;15&quot;:&quot;Arial&quot;,&quot;16&quot;:12,&quot;17&quot;:1}\" data-sheets-formula=\"=R[-1]C[0]\/25,247\">2,83 <\/span>\u00d7 <span data-sheets-root=\"1\" data-sheets-value=\"{&quot;1&quot;:3,&quot;3&quot;:3.8341189052164615}\" data-sheets-userformat=\"{&quot;2&quot;:28867,&quot;3&quot;:{&quot;1&quot;:2,&quot;2&quot;:&quot;0.00&quot;,&quot;3&quot;:1},&quot;4&quot;:{&quot;1&quot;:2,&quot;2&quot;:13228792},&quot;9&quot;:1,&quot;10&quot;:2,&quot;15&quot;:&quot;Arial&quot;,&quot;16&quot;:12,&quot;17&quot;:1}\" data-sheets-formula=\"=R[-1]C[0]\/25,247\">3,83 <\/span>inch - 71,40 x 96,80 mm - Points : 9512<\/p>\n<p>\u2605 Taille <span data-sheets-root=\"1\" data-sheets-value=\"{&quot;1&quot;:3,&quot;3&quot;:3.572701707133521}\" data-sheets-userformat=\"{&quot;2&quot;:28867,&quot;3&quot;:{&quot;1&quot;:2,&quot;2&quot;:&quot;0.00&quot;,&quot;3&quot;:1},&quot;4&quot;:{&quot;1&quot;:2,&quot;2&quot;:13228792},&quot;9&quot;:1,&quot;10&quot;:2,&quot;15&quot;:&quot;Arial&quot;,&quot;16&quot;:12,&quot;17&quot;:1}\" data-sheets-formula=\"=R[-1]C[0]\/25,247\">3,57 <\/span>\u00d7 <span data-sheets-root=\"1\" data-sheets-value=\"{&quot;1&quot;:3,&quot;3&quot;:4.8401790311720205}\" data-sheets-userformat=\"{&quot;2&quot;:28867,&quot;3&quot;:{&quot;1&quot;:2,&quot;2&quot;:&quot;0.00&quot;,&quot;3&quot;:1},&quot;4&quot;:{&quot;1&quot;:2,&quot;2&quot;:13228792},&quot;9&quot;:1,&quot;10&quot;:2,&quot;15&quot;:&quot;Arial&quot;,&quot;16&quot;:12,&quot;17&quot;:1}\" data-sheets-formula=\"=R[-1]C[0]\/25,247\">4,84 <\/span>inch - 90,20 x 122,20 mm - Points : 13706<\/p>\n<p>\u2605 Taille <span data-sheets-root=\"1\" data-sheets-value=\"{&quot;1&quot;:3,&quot;3&quot;:4.3173446350061395}\" data-sheets-userformat=\"{&quot;2&quot;:28867,&quot;3&quot;:{&quot;1&quot;:2,&quot;2&quot;:&quot;0.00&quot;,&quot;3&quot;:1},&quot;4&quot;:{&quot;1&quot;:2,&quot;2&quot;:13228792},&quot;9&quot;:1,&quot;10&quot;:2,&quot;15&quot;:&quot;Arial&quot;,&quot;16&quot;:12,&quot;17&quot;:1}\" data-sheets-formula=\"=R[-1]C[0]\/25,247\">4,32 <\/span>\u00d7 <span data-sheets-root=\"1\" data-sheets-value=\"{&quot;1&quot;:3,&quot;3&quot;:5.846239157127579}\" data-sheets-userformat=\"{&quot;2&quot;:28867,&quot;3&quot;:{&quot;1&quot;:2,&quot;2&quot;:&quot;0.00&quot;,&quot;3&quot;:1},&quot;4&quot;:{&quot;1&quot;:2,&quot;2&quot;:13228792},&quot;9&quot;:1,&quot;10&quot;:2,&quot;15&quot;:&quot;Arial&quot;,&quot;16&quot;:12,&quot;17&quot;:1}\" data-sheets-formula=\"=R[-1]C[0]\/25,247\">5,85 <\/span>pouces - 109,00 x 147,60 mm - Points : 18722<\/p>\n<p>&nbsp;<\/p>\n<p>\u2605 Formats qui seront inclus dans un fichier ZIP lors de l'achat :<\/p>\n<ul>\n<li>Deco, Brother, Baby Lock : <strong>PSE<\/strong><\/li>\n<li>Husqvarna, Viking : <strong>HUS<\/strong><\/li>\n<li>Janome, Elna, Kenmore : <strong>JEF<\/strong><\/li>\n<li>Melco : <strong>EXP<\/strong><\/li>\n<li>Compucon, Singer : <strong>XXX<\/strong><\/li>\n<li>Tajima : <strong>DST<\/strong><\/li>\n<li>Pfaff :<b> VP3<\/b><\/li>\n<li>Autre : <strong>SEW<\/strong><\/li>\n<\/ul>","protected":false},"excerpt":{"rendered":"<style>.elementor-204929 .elementor-element.elementor-element-95a9a0b{margin-top:0px;margin-bottom:0px;padding:0px 0px 0px 0px;overflow:visible;}.elementor-204929 .elementor-element.elementor-element-84e32b5 > .elementor-element-populated{margin:0px 0px 0px 0px;--e-column-margin-right:0px;--e-column-margin-left:0px;padding:0px 0px 0px 0px;}.elementor-204929 .elementor-element.elementor-element-4e302eb{text-align:left;}<\/style>\n<div class=\"porto-block elementor elementor-204929\" data-id=\"204929\">\n<section class=\"elementor-section elementor-top-section elementor-element elementor-element-95a9a0b elementor-section-full_width elementor-section-height-default elementor-section-height-default\" data-id=\"95a9a0b\" data-element_type=\"section\" data-settings=\"{&quot;ekit_has_onepagescroll_dot&quot;:&quot;yes&quot;}\">\n<div class=\"elementor-container elementor-column-gap-default\">\n<div class=\"elementor-column elementor-col-100 elementor-top-column elementor-element elementor-element-84e32b5\" data-id=\"84e32b5\" data-element_type=\"column\">\n<div class=\"elementor-widget-wrap elementor-element-populated\">\n<div class=\"elementor-element elementor-element-4e302eb elementor-widget elementor-widget-image\" data-id=\"4e302eb\" data-element_type=\"widget\" data-settings=\"{&quot;ekit_we_effect_on&quot;:&quot;none&quot;}\" data-widget_type=\"image.default\">\n<div class=\"elementor-widget-container\">\n<style>\/*! elementor - v3.12.1 - 02-04-2023 *\/\n.elementor-widget-image{text-align:center}.elementor-widget-image a{display:inline-block}.elementor-widget-image a img[src$=\".svg\"]{width:48px}.elementor-widget-image img{vertical-align:middle;display:inline-block}<\/style>\n<p>\t\t\t\t\t\t\t\t\t\t\t\t<img decoding=\"async\" width=\"300\" height=\"84\" src=\"https:\/\/embroiderydownload.com\/wp-content\/uploads\/2022\/11\/icons-values-eng.svg\" class=\"attachment-large size-large wp-image-204901\" alt=\"\" loading=\"lazy\" \/>\t\t\t\t\t\t\t\t\t\t\t\t\t\t\t<\/div>\n<\/p><\/div>\n<\/p><\/div>\n<\/p><\/div>\n<\/p><\/div>\n<\/section><\/div>","protected":false},"featured_media":216729,"template":"","meta":[],"product_cat":[12168],"product_tag":[53],"yoast_head":"<!-- This site is optimized with the Yoast SEO plugin v17.5 - https:\/\/yoast.com\/wordpress\/plugins\/seo\/ -->\n<title>Snoopy Stand Embroidery Designs Download - EmbroideryDownload<\/title>\n<meta name=\"description\" content=\"Download Snoopy Stand Embroidery Designs for a whimsical touch in your projects. Perfect for fans of the iconic beagle!\" \/>\n<meta name=\"robots\" content=\"index, follow, max-snippet:-1, max-image-preview:large, max-video-preview:-1\" \/>\n<link rel=\"canonical\" href=\"https:\/\/embroiderydownload.com\/fr\/productos\/snoopy-stand-disenos-de-bordado-descargar\/\" \/>\n<meta property=\"og:locale\" content=\"fr_FR\" \/>\n<meta property=\"og:type\" content=\"article\" \/>\n<meta property=\"og:title\" content=\"Snoopy Stand Embroidery Designs Download - EmbroideryDownload\" \/>\n<meta property=\"og:description\" content=\"Download Snoopy Stand Embroidery Designs for a whimsical touch in your projects. Perfect for fans of the iconic beagle!\" \/>\n<meta property=\"og:url\" content=\"https:\/\/embroiderydownload.com\/fr\/productos\/snoopy-stand-disenos-de-bordado-descargar\/\" \/>\n<meta property=\"og:site_name\" content=\"EmbroideryDownload\" \/>\n<meta property=\"article:modified_time\" content=\"2024-03-20T15:37:01+00:00\" \/>\n<meta property=\"og:image\" content=\"https:\/\/embroiderydownload.com\/wp-content\/uploads\/2024\/03\/snoopy-stand-embroidery-design-logo-mockup-Recuperado.jpg\" \/>\n\t<meta property=\"og:image:width\" content=\"900\" \/>\n\t<meta property=\"og:image:height\" content=\"900\" \/>\n<meta name=\"twitter:card\" content=\"summary_large_image\" \/>\n<meta name=\"twitter:label1\" content=\"Prix\" \/>\n\t<meta name=\"twitter:data1\" content=\"&euro;4.99\" \/>\n\t<meta name=\"twitter:label2\" content=\"Availability\" \/>\n\t<meta name=\"twitter:data2\" content=\"In stock\" \/>\n<script type=\"application\/ld+json\" class=\"yoast-schema-graph\">{\"@context\":\"https:\/\/schema.org\",\"@graph\":[{\"@type\":\"WebSite\",\"@id\":\"https:\/\/embroiderydownload.com\/fr\/#website\",\"url\":\"https:\/\/embroiderydownload.com\/fr\/\",\"name\":\"EmbroideryDownload\",\"description\":\"Embroidery Designs Instant Digital Download\",\"potentialAction\":[{\"@type\":\"SearchAction\",\"target\":{\"@type\":\"EntryPoint\",\"urlTemplate\":\"https:\/\/embroiderydownload.com\/fr\/?s={search_term_string}\"},\"query-input\":\"required name=search_term_string\"}],\"inLanguage\":\"fr-FR\"},{\"@type\":\"ImageObject\",\"@id\":\"https:\/\/embroiderydownload.com\/es\/productos\/snoopy-stand-disenos-de-bordado-descargar\/#primaryimage\",\"inLanguage\":\"fr-FR\",\"url\":\"https:\/\/embroiderydownload.com\/wp-content\/uploads\/2024\/03\/snoopy-stand-embroidery-design-logo-mockup-Recuperado.jpg\",\"contentUrl\":\"https:\/\/embroiderydownload.com\/wp-content\/uploads\/2024\/03\/snoopy-stand-embroidery-design-logo-mockup-Recuperado.jpg\",\"width\":900,\"height\":900,\"caption\":\"snoopy-stand-embroidery-design-logo-mockup-Recuperado\"},{\"@type\":\"WebPage\",\"@id\":\"https:\/\/embroiderydownload.com\/es\/productos\/snoopy-stand-disenos-de-bordado-descargar\/#webpage\",\"url\":\"https:\/\/embroiderydownload.com\/es\/productos\/snoopy-stand-disenos-de-bordado-descargar\/\",\"name\":\"Snoopy Stand Embroidery Designs Download - EmbroideryDownload\",\"isPartOf\":{\"@id\":\"https:\/\/embroiderydownload.com\/fr\/#website\"},\"primaryImageOfPage\":{\"@id\":\"https:\/\/embroiderydownload.com\/es\/productos\/snoopy-stand-disenos-de-bordado-descargar\/#primaryimage\"},\"datePublished\":\"2024-03-20T15:29:17+00:00\",\"dateModified\":\"2024-03-20T15:37:01+00:00\",\"description\":\"Download Snoopy Stand Embroidery Designs for a whimsical touch in your projects. Perfect for fans of the iconic beagle!\",\"breadcrumb\":{\"@id\":\"https:\/\/embroiderydownload.com\/es\/productos\/snoopy-stand-disenos-de-bordado-descargar\/#breadcrumb\"},\"inLanguage\":\"fr-FR\",\"potentialAction\":[{\"@type\":\"ReadAction\",\"target\":[\"https:\/\/embroiderydownload.com\/es\/productos\/snoopy-stand-disenos-de-bordado-descargar\/\"]}]},{\"@type\":\"BreadcrumbList\",\"@id\":\"https:\/\/embroiderydownload.com\/es\/productos\/snoopy-stand-disenos-de-bordado-descargar\/#breadcrumb\",\"itemListElement\":[{\"@type\":\"ListItem\",\"position\":1,\"name\":\"Shop\",\"item\":\"https:\/\/embroiderydownload.com\/it\/negozio-2\/\"},{\"@type\":\"ListItem\",\"position\":2,\"name\":\"Snoopy Stand Embroidery Designs Download\"}]}]}<\/script>\n<!-- \/ Yoast SEO plugin. -->","yoast_head_json":{"title":"Snoopy Stand Embroidery Designs Download - EmbroideryDownload","description":"Download Snoopy Stand Embroidery Designs for a whimsical touch in your projects. Perfect for fans of the iconic beagle!","robots":{"index":"index","follow":"follow","max-snippet":"max-snippet:-1","max-image-preview":"max-image-preview:large","max-video-preview":"max-video-preview:-1"},"canonical":"https:\/\/embroiderydownload.com\/fr\/productos\/snoopy-stand-disenos-de-bordado-descargar\/","og_locale":"fr_FR","og_type":"article","og_title":"Snoopy Stand Embroidery Designs Download - EmbroideryDownload","og_description":"Download Snoopy Stand Embroidery Designs for a whimsical touch in your projects. Perfect for fans of the iconic beagle!","og_url":"https:\/\/embroiderydownload.com\/fr\/productos\/snoopy-stand-disenos-de-bordado-descargar\/","og_site_name":"EmbroideryDownload","article_modified_time":"2024-03-20T15:37:01+00:00","og_image":[{"width":900,"height":900,"url":"https:\/\/embroiderydownload.com\/wp-content\/uploads\/2024\/03\/snoopy-stand-embroidery-design-logo-mockup-Recuperado.jpg","type":"image\/jpeg"}],"twitter_card":"summary_large_image","twitter_misc":{"Prix":"&euro;4.99","Availability":"In stock"},"schema":{"@context":"https:\/\/schema.org","@graph":[{"@type":"WebSite","@id":"https:\/\/embroiderydownload.com\/fr\/#website","url":"https:\/\/embroiderydownload.com\/fr\/","name":"EmbroideryDownload","description":"Embroidery Designs Instant Digital Download","potentialAction":[{"@type":"SearchAction","target":{"@type":"EntryPoint","urlTemplate":"https:\/\/embroiderydownload.com\/fr\/?s={search_term_string}"},"query-input":"required name=search_term_string"}],"inLanguage":"fr-FR"},{"@type":"ImageObject","@id":"https:\/\/embroiderydownload.com\/es\/productos\/snoopy-stand-disenos-de-bordado-descargar\/#primaryimage","inLanguage":"fr-FR","url":"https:\/\/embroiderydownload.com\/wp-content\/uploads\/2024\/03\/snoopy-stand-embroidery-design-logo-mockup-Recuperado.jpg","contentUrl":"https:\/\/embroiderydownload.com\/wp-content\/uploads\/2024\/03\/snoopy-stand-embroidery-design-logo-mockup-Recuperado.jpg","width":900,"height":900,"caption":"snoopy-stand-embroidery-design-logo-mockup-Recuperado"},{"@type":"WebPage","@id":"https:\/\/embroiderydownload.com\/es\/productos\/snoopy-stand-disenos-de-bordado-descargar\/#webpage","url":"https:\/\/embroiderydownload.com\/es\/productos\/snoopy-stand-disenos-de-bordado-descargar\/","name":"Snoopy Stand Embroidery Designs Download - EmbroideryDownload","isPartOf":{"@id":"https:\/\/embroiderydownload.com\/fr\/#website"},"primaryImageOfPage":{"@id":"https:\/\/embroiderydownload.com\/es\/productos\/snoopy-stand-disenos-de-bordado-descargar\/#primaryimage"},"datePublished":"2024-03-20T15:29:17+00:00","dateModified":"2024-03-20T15:37:01+00:00","description":"Download Snoopy Stand Embroidery Designs for a whimsical touch in your projects. Perfect for fans of the iconic beagle!","breadcrumb":{"@id":"https:\/\/embroiderydownload.com\/es\/productos\/snoopy-stand-disenos-de-bordado-descargar\/#breadcrumb"},"inLanguage":"fr-FR","potentialAction":[{"@type":"ReadAction","target":["https:\/\/embroiderydownload.com\/es\/productos\/snoopy-stand-disenos-de-bordado-descargar\/"]}]},{"@type":"BreadcrumbList","@id":"https:\/\/embroiderydownload.com\/es\/productos\/snoopy-stand-disenos-de-bordado-descargar\/#breadcrumb","itemListElement":[{"@type":"ListItem","position":1,"name":"Shop","item":"https:\/\/embroiderydownload.com\/it\/negozio-2\/"},{"@type":"ListItem","position":2,"name":"Snoopy Stand Embroidery Designs Download"}]}]}},"_links":{"self":[{"href":"https:\/\/embroiderydownload.com\/fr\/wp-json\/wp\/v2\/product\/216718"}],"collection":[{"href":"https:\/\/embroiderydownload.com\/fr\/wp-json\/wp\/v2\/product"}],"about":[{"href":"https:\/\/embroiderydownload.com\/fr\/wp-json\/wp\/v2\/types\/product"}],"version-history":[{"count":1,"href":"https:\/\/embroiderydownload.com\/fr\/wp-json\/wp\/v2\/product\/216718\/revisions"}],"predecessor-version":[{"id":216739,"href":"https:\/\/embroiderydownload.com\/fr\/wp-json\/wp\/v2\/product\/216718\/revisions\/216739"}],"wp:featuredmedia":[{"embeddable":true,"href":"https:\/\/embroiderydownload.com\/fr\/wp-json\/wp\/v2\/media\/216729"}],"wp:attachment":[{"href":"https:\/\/embroiderydownload.com\/fr\/wp-json\/wp\/v2\/media?parent=216718"}],"wp:term":[{"taxonomy":"product_cat","embeddable":true,"href":"https:\/\/embroiderydownload.com\/fr\/wp-json\/wp\/v2\/product_cat?post=216718"},{"taxonomy":"product_tag","embeddable":true,"href":"https:\/\/embroiderydownload.com\/fr\/wp-json\/wp\/v2\/product_tag?post=216718"}],"curies":[{"name":"wp","href":"https:\/\/api.w.org\/{rel}","templated":true}]}}