{"id":218495,"date":"2024-05-27T11:18:00","date_gmt":"2024-05-27T09:18:00","guid":{"rendered":"https:\/\/embroiderydownload.com\/?post_type=product&#038;p=218495"},"modified":"2024-05-27T15:28:41","modified_gmt":"2024-05-27T13:28:41","slug":"harvard-logo-embroidery-designs-download","status":"publish","type":"product","link":"https:\/\/embroiderydownload.com\/fr\/products\/logo-de-harvard-motifs-de-broderie-telecharger\/","title":{"rendered":"Motifs de broderie du logo de Harvard T\u00e9l\u00e9charger"},"content":{"rendered":"<p>Affichez votre fiert\u00e9 acad\u00e9mique avec notre <strong>Motifs de broderie du logo de Harvard T\u00e9l\u00e9charger<\/strong>. Ces motifs distingu\u00e9s incarnent le prestige de l'Universit\u00e9 de Harvard. Ils sont parfaits pour les tenues des anciens \u00e9l\u00e8ves, les projets universitaires ou pour ajouter une touche intellectuelle \u00e0 n'importe quel article.<\/p>\n<p>&nbsp;<\/p>\n<p>\u2605 Taille <span data-sheets-root=\"1\" data-sheets-value=\"{&quot;1&quot;:3,&quot;3&quot;:3.0340238444171583}\" data-sheets-userformat=\"{&quot;2&quot;:28867,&quot;3&quot;:{&quot;1&quot;:2,&quot;2&quot;:&quot;0.00&quot;,&quot;3&quot;:1},&quot;4&quot;:{&quot;1&quot;:2,&quot;2&quot;:13228792},&quot;9&quot;:1,&quot;10&quot;:2,&quot;15&quot;:&quot;Arial&quot;,&quot;16&quot;:12,&quot;17&quot;:1}\" data-sheets-formula=\"=R[-1]C[0]\/25,247\">3,03 <\/span>\u00d7 <span data-sheets-root=\"1\" data-sheets-value=\"{&quot;1&quot;:3,&quot;3&quot;:2.946884778389512}\" data-sheets-userformat=\"{&quot;2&quot;:28867,&quot;3&quot;:{&quot;1&quot;:2,&quot;2&quot;:&quot;0.00&quot;,&quot;3&quot;:1},&quot;4&quot;:{&quot;1&quot;:2,&quot;2&quot;:13228792},&quot;9&quot;:1,&quot;10&quot;:2,&quot;15&quot;:&quot;Arial&quot;,&quot;16&quot;:12,&quot;17&quot;:1}\" data-sheets-formula=\"=R[-1]C[0]\/25,247\">2,95 <\/span>pouce -76,60 x 74,40 mm - Points : 25422<\/p>\n<p>\u2605 Taille <span data-sheets-root=\"1\" data-sheets-value=\"{&quot;1&quot;:3,&quot;3&quot;:3.8341189052164615}\" data-sheets-userformat=\"{&quot;2&quot;:28867,&quot;3&quot;:{&quot;1&quot;:2,&quot;2&quot;:&quot;0.00&quot;,&quot;3&quot;:1},&quot;4&quot;:{&quot;1&quot;:2,&quot;2&quot;:13228792},&quot;9&quot;:1,&quot;10&quot;:2,&quot;15&quot;:&quot;Arial&quot;,&quot;16&quot;:12,&quot;17&quot;:1}\" data-sheets-formula=\"=R[-1]C[0]\/25,247\">3,83 <\/span>\u00d7 <span data-sheets-root=\"1\" data-sheets-value=\"{&quot;1&quot;:3,&quot;3&quot;:3.7469798391888145}\" data-sheets-userformat=\"{&quot;2&quot;:28867,&quot;3&quot;:{&quot;1&quot;:2,&quot;2&quot;:&quot;0.00&quot;,&quot;3&quot;:1},&quot;4&quot;:{&quot;1&quot;:2,&quot;2&quot;:13228792},&quot;9&quot;:1,&quot;10&quot;:2,&quot;15&quot;:&quot;Arial&quot;,&quot;16&quot;:12,&quot;17&quot;:1}\" data-sheets-formula=\"=R[-1]C[0]\/25,247\">3,75 <\/span>pouces - 96,80 x 94,60 mm - Points : 32938<\/p>\n<p>\u2605 Taille <span data-sheets-root=\"1\" data-sheets-value=\"{&quot;1&quot;:3,&quot;3&quot;:4.8401790311720205}\" data-sheets-userformat=\"{&quot;2&quot;:28867,&quot;3&quot;:{&quot;1&quot;:2,&quot;2&quot;:&quot;0.00&quot;,&quot;3&quot;:1},&quot;4&quot;:{&quot;1&quot;:2,&quot;2&quot;:13228792},&quot;9&quot;:1,&quot;10&quot;:2,&quot;15&quot;:&quot;Arial&quot;,&quot;16&quot;:12,&quot;17&quot;:1}\" data-sheets-formula=\"=R[-1]C[0]\/25,247\">4,84 <\/span>\u00d7 <span data-sheets-root=\"1\" data-sheets-value=\"{&quot;1&quot;:3,&quot;3&quot;:4.70550956549293}\" data-sheets-userformat=\"{&quot;2&quot;:28867,&quot;3&quot;:{&quot;1&quot;:2,&quot;2&quot;:&quot;0.00&quot;,&quot;3&quot;:1},&quot;4&quot;:{&quot;1&quot;:2,&quot;2&quot;:13228792},&quot;9&quot;:1,&quot;10&quot;:2,&quot;15&quot;:&quot;Arial&quot;,&quot;16&quot;:12,&quot;17&quot;:1}\" data-sheets-formula=\"=R[-1]C[0]\/25,247\">4,71 <\/span>pouces - 122,20 x 118,80 mm - Points : 43163<\/p>\n<p>\u2605 Taille <span data-sheets-root=\"1\" data-sheets-value=\"{&quot;1&quot;:3,&quot;3&quot;:5.846239157127579}\" data-sheets-userformat=\"{&quot;2&quot;:28867,&quot;3&quot;:{&quot;1&quot;:2,&quot;2&quot;:&quot;0.00&quot;,&quot;3&quot;:1},&quot;4&quot;:{&quot;1&quot;:2,&quot;2&quot;:13228792},&quot;9&quot;:1,&quot;10&quot;:2,&quot;15&quot;:&quot;Arial&quot;,&quot;16&quot;:12,&quot;17&quot;:1}\" data-sheets-formula=\"=R[-1]C[0]\/25,247\">5,85 <\/span>\u00d7 <span data-sheets-root=\"1\" data-sheets-value=\"{&quot;1&quot;:3,&quot;3&quot;:5.679882758347527}\" data-sheets-userformat=\"{&quot;2&quot;:28867,&quot;3&quot;:{&quot;1&quot;:2,&quot;2&quot;:&quot;0.00&quot;,&quot;3&quot;:1},&quot;4&quot;:{&quot;1&quot;:2,&quot;2&quot;:13228792},&quot;9&quot;:1,&quot;10&quot;:2,&quot;15&quot;:&quot;Arial&quot;,&quot;16&quot;:12,&quot;17&quot;:1}\" data-sheets-formula=\"=R[-1]C[0]\/25,247\">5,68 <\/span>inch - 147,60 x 143,40 mm - Points : 54254<\/p>\n<p>&nbsp;<\/p>\n<p>\u2605 Formats qui seront inclus dans un fichier ZIP lors de l'achat :<\/p>\n<ul>\n<li>Deco, Brother, Baby Lock : <strong>PSE<\/strong><\/li>\n<li>Husqvarna, Viking : <strong>HUS<\/strong><\/li>\n<li>Janome, Elna, Kenmore : <strong>JEF<\/strong><\/li>\n<li>Melco : <strong>EXP<\/strong><\/li>\n<li>Compucon, Singer : <strong>XXX<\/strong><\/li>\n<li>Tajima : <strong>DST<\/strong><\/li>\n<li>Pfaff :<b> VP3<\/b><\/li>\n<li>Autre : <strong>SEW<\/strong><\/li>\n<\/ul>","protected":false},"excerpt":{"rendered":"<style>.elementor-204929 .elementor-element.elementor-element-95a9a0b{margin-top:0px;margin-bottom:0px;padding:0px 0px 0px 0px;overflow:visible;}.elementor-204929 .elementor-element.elementor-element-84e32b5 > .elementor-element-populated{margin:0px 0px 0px 0px;--e-column-margin-right:0px;--e-column-margin-left:0px;padding:0px 0px 0px 0px;}.elementor-204929 .elementor-element.elementor-element-4e302eb{text-align:left;}<\/style>\n<div class=\"porto-block elementor elementor-204929\" data-id=\"204929\">\n<section class=\"elementor-section elementor-top-section elementor-element elementor-element-95a9a0b elementor-section-full_width elementor-section-height-default elementor-section-height-default\" data-id=\"95a9a0b\" data-element_type=\"section\" data-settings=\"{&quot;ekit_has_onepagescroll_dot&quot;:&quot;yes&quot;}\">\n<div class=\"elementor-container elementor-column-gap-default\">\n<div class=\"elementor-column elementor-col-100 elementor-top-column elementor-element elementor-element-84e32b5\" data-id=\"84e32b5\" data-element_type=\"column\">\n<div class=\"elementor-widget-wrap elementor-element-populated\">\n<div class=\"elementor-element elementor-element-4e302eb elementor-widget elementor-widget-image\" data-id=\"4e302eb\" data-element_type=\"widget\" data-settings=\"{&quot;ekit_we_effect_on&quot;:&quot;none&quot;}\" data-widget_type=\"image.default\">\n<div class=\"elementor-widget-container\">\n<style>\/*! elementor - v3.12.1 - 02-04-2023 *\/\n.elementor-widget-image{text-align:center}.elementor-widget-image a{display:inline-block}.elementor-widget-image a img[src$=\".svg\"]{width:48px}.elementor-widget-image img{vertical-align:middle;display:inline-block}<\/style>\n<p>\t\t\t\t\t\t\t\t\t\t\t\t<img decoding=\"async\" width=\"300\" height=\"84\" src=\"https:\/\/embroiderydownload.com\/wp-content\/uploads\/2022\/11\/icons-values-eng.svg\" class=\"attachment-large size-large wp-image-204901\" alt=\"\" loading=\"lazy\" \/>\t\t\t\t\t\t\t\t\t\t\t\t\t\t\t<\/div>\n<\/p><\/div>\n<\/p><\/div>\n<\/p><\/div>\n<\/p><\/div>\n<\/section><\/div>","protected":false},"featured_media":218502,"template":"","meta":[],"product_cat":[12078],"product_tag":[38],"yoast_head":"<!-- This site is optimized with the Yoast SEO plugin v17.5 - https:\/\/yoast.com\/wordpress\/plugins\/seo\/ -->\n<title>Harvard Logo Embroidery Designs Download - EmbroideryDownload<\/title>\n<meta name=\"description\" content=\"Download Harvard Logo Embroidery Designs to add a touch of prestige and academic pride to your projects. Ideal for alumni and scholars!\" \/>\n<meta name=\"robots\" content=\"index, follow, max-snippet:-1, max-image-preview:large, max-video-preview:-1\" \/>\n<link rel=\"canonical\" href=\"https:\/\/embroiderydownload.com\/fr\/products\/logo-de-harvard-motifs-de-broderie-telecharger\/\" \/>\n<meta property=\"og:locale\" content=\"fr_FR\" \/>\n<meta property=\"og:type\" content=\"article\" \/>\n<meta property=\"og:title\" content=\"Harvard Logo Embroidery Designs Download - EmbroideryDownload\" \/>\n<meta property=\"og:description\" content=\"Download Harvard Logo Embroidery Designs to add a touch of prestige and academic pride to your projects. Ideal for alumni and scholars!\" \/>\n<meta property=\"og:url\" content=\"https:\/\/embroiderydownload.com\/fr\/products\/logo-de-harvard-motifs-de-broderie-telecharger\/\" \/>\n<meta property=\"og:site_name\" content=\"EmbroideryDownload\" \/>\n<meta property=\"article:modified_time\" content=\"2024-05-27T13:28:41+00:00\" \/>\n<meta property=\"og:image\" content=\"https:\/\/embroiderydownload.com\/wp-content\/uploads\/2024\/05\/harvard-logo-embroidery-design-logo-mockup.jpg\" \/>\n\t<meta property=\"og:image:width\" content=\"900\" \/>\n\t<meta property=\"og:image:height\" content=\"900\" \/>\n<meta name=\"twitter:card\" content=\"summary_large_image\" \/>\n<meta name=\"twitter:label1\" content=\"Prix\" \/>\n\t<meta name=\"twitter:data1\" content=\"&euro;4.99\" \/>\n\t<meta name=\"twitter:label2\" content=\"Availability\" \/>\n\t<meta name=\"twitter:data2\" content=\"In stock\" \/>\n<script type=\"application\/ld+json\" class=\"yoast-schema-graph\">{\"@context\":\"https:\/\/schema.org\",\"@graph\":[{\"@type\":\"WebSite\",\"@id\":\"https:\/\/embroiderydownload.com\/fr\/#website\",\"url\":\"https:\/\/embroiderydownload.com\/fr\/\",\"name\":\"EmbroideryDownload\",\"description\":\"Embroidery Designs Instant Digital Download\",\"potentialAction\":[{\"@type\":\"SearchAction\",\"target\":{\"@type\":\"EntryPoint\",\"urlTemplate\":\"https:\/\/embroiderydownload.com\/fr\/?s={search_term_string}\"},\"query-input\":\"required name=search_term_string\"}],\"inLanguage\":\"fr-FR\"},{\"@type\":\"ImageObject\",\"@id\":\"https:\/\/embroiderydownload.com\/products\/harvard-logo-embroidery-designs-download\/#primaryimage\",\"inLanguage\":\"fr-FR\",\"url\":\"https:\/\/embroiderydownload.com\/wp-content\/uploads\/2024\/05\/harvard-logo-embroidery-design-logo-mockup.jpg\",\"contentUrl\":\"https:\/\/embroiderydownload.com\/wp-content\/uploads\/2024\/05\/harvard-logo-embroidery-design-logo-mockup.jpg\",\"width\":900,\"height\":900,\"caption\":\"harvard-logo-embroidery-design-logo-mockup\"},{\"@type\":\"WebPage\",\"@id\":\"https:\/\/embroiderydownload.com\/products\/harvard-logo-embroidery-designs-download\/#webpage\",\"url\":\"https:\/\/embroiderydownload.com\/products\/harvard-logo-embroidery-designs-download\/\",\"name\":\"Harvard Logo Embroidery Designs Download - EmbroideryDownload\",\"isPartOf\":{\"@id\":\"https:\/\/embroiderydownload.com\/fr\/#website\"},\"primaryImageOfPage\":{\"@id\":\"https:\/\/embroiderydownload.com\/products\/harvard-logo-embroidery-designs-download\/#primaryimage\"},\"datePublished\":\"2024-05-27T09:18:00+00:00\",\"dateModified\":\"2024-05-27T13:28:41+00:00\",\"description\":\"Download Harvard Logo Embroidery Designs to add a touch of prestige and academic pride to your projects. Ideal for alumni and scholars!\",\"breadcrumb\":{\"@id\":\"https:\/\/embroiderydownload.com\/products\/harvard-logo-embroidery-designs-download\/#breadcrumb\"},\"inLanguage\":\"fr-FR\",\"potentialAction\":[{\"@type\":\"ReadAction\",\"target\":[\"https:\/\/embroiderydownload.com\/products\/harvard-logo-embroidery-designs-download\/\"]}]},{\"@type\":\"BreadcrumbList\",\"@id\":\"https:\/\/embroiderydownload.com\/products\/harvard-logo-embroidery-designs-download\/#breadcrumb\",\"itemListElement\":[{\"@type\":\"ListItem\",\"position\":1,\"name\":\"Shop\",\"item\":\"https:\/\/embroiderydownload.com\/it\/negozio-2\/\"},{\"@type\":\"ListItem\",\"position\":2,\"name\":\"Harvard Logo Embroidery Designs Download\"}]}]}<\/script>\n<!-- \/ Yoast SEO plugin. -->","yoast_head_json":{"title":"Harvard Logo Embroidery Designs Download - EmbroideryDownload","description":"Download Harvard Logo Embroidery Designs to add a touch of prestige and academic pride to your projects. Ideal for alumni and scholars!","robots":{"index":"index","follow":"follow","max-snippet":"max-snippet:-1","max-image-preview":"max-image-preview:large","max-video-preview":"max-video-preview:-1"},"canonical":"https:\/\/embroiderydownload.com\/fr\/products\/logo-de-harvard-motifs-de-broderie-telecharger\/","og_locale":"fr_FR","og_type":"article","og_title":"Harvard Logo Embroidery Designs Download - EmbroideryDownload","og_description":"Download Harvard Logo Embroidery Designs to add a touch of prestige and academic pride to your projects. Ideal for alumni and scholars!","og_url":"https:\/\/embroiderydownload.com\/fr\/products\/logo-de-harvard-motifs-de-broderie-telecharger\/","og_site_name":"EmbroideryDownload","article_modified_time":"2024-05-27T13:28:41+00:00","og_image":[{"width":900,"height":900,"url":"https:\/\/embroiderydownload.com\/wp-content\/uploads\/2024\/05\/harvard-logo-embroidery-design-logo-mockup.jpg","type":"image\/jpeg"}],"twitter_card":"summary_large_image","twitter_misc":{"Prix":"&euro;4.99","Availability":"In stock"},"schema":{"@context":"https:\/\/schema.org","@graph":[{"@type":"WebSite","@id":"https:\/\/embroiderydownload.com\/fr\/#website","url":"https:\/\/embroiderydownload.com\/fr\/","name":"EmbroideryDownload","description":"Embroidery Designs Instant Digital Download","potentialAction":[{"@type":"SearchAction","target":{"@type":"EntryPoint","urlTemplate":"https:\/\/embroiderydownload.com\/fr\/?s={search_term_string}"},"query-input":"required name=search_term_string"}],"inLanguage":"fr-FR"},{"@type":"ImageObject","@id":"https:\/\/embroiderydownload.com\/products\/harvard-logo-embroidery-designs-download\/#primaryimage","inLanguage":"fr-FR","url":"https:\/\/embroiderydownload.com\/wp-content\/uploads\/2024\/05\/harvard-logo-embroidery-design-logo-mockup.jpg","contentUrl":"https:\/\/embroiderydownload.com\/wp-content\/uploads\/2024\/05\/harvard-logo-embroidery-design-logo-mockup.jpg","width":900,"height":900,"caption":"harvard-logo-embroidery-design-logo-mockup"},{"@type":"WebPage","@id":"https:\/\/embroiderydownload.com\/products\/harvard-logo-embroidery-designs-download\/#webpage","url":"https:\/\/embroiderydownload.com\/products\/harvard-logo-embroidery-designs-download\/","name":"Harvard Logo Embroidery Designs Download - EmbroideryDownload","isPartOf":{"@id":"https:\/\/embroiderydownload.com\/fr\/#website"},"primaryImageOfPage":{"@id":"https:\/\/embroiderydownload.com\/products\/harvard-logo-embroidery-designs-download\/#primaryimage"},"datePublished":"2024-05-27T09:18:00+00:00","dateModified":"2024-05-27T13:28:41+00:00","description":"Download Harvard Logo Embroidery Designs to add a touch of prestige and academic pride to your projects. Ideal for alumni and scholars!","breadcrumb":{"@id":"https:\/\/embroiderydownload.com\/products\/harvard-logo-embroidery-designs-download\/#breadcrumb"},"inLanguage":"fr-FR","potentialAction":[{"@type":"ReadAction","target":["https:\/\/embroiderydownload.com\/products\/harvard-logo-embroidery-designs-download\/"]}]},{"@type":"BreadcrumbList","@id":"https:\/\/embroiderydownload.com\/products\/harvard-logo-embroidery-designs-download\/#breadcrumb","itemListElement":[{"@type":"ListItem","position":1,"name":"Shop","item":"https:\/\/embroiderydownload.com\/it\/negozio-2\/"},{"@type":"ListItem","position":2,"name":"Harvard Logo Embroidery Designs Download"}]}]}},"_links":{"self":[{"href":"https:\/\/embroiderydownload.com\/fr\/wp-json\/wp\/v2\/product\/218495"}],"collection":[{"href":"https:\/\/embroiderydownload.com\/fr\/wp-json\/wp\/v2\/product"}],"about":[{"href":"https:\/\/embroiderydownload.com\/fr\/wp-json\/wp\/v2\/types\/product"}],"version-history":[{"count":1,"href":"https:\/\/embroiderydownload.com\/fr\/wp-json\/wp\/v2\/product\/218495\/revisions"}],"predecessor-version":[{"id":218522,"href":"https:\/\/embroiderydownload.com\/fr\/wp-json\/wp\/v2\/product\/218495\/revisions\/218522"}],"wp:featuredmedia":[{"embeddable":true,"href":"https:\/\/embroiderydownload.com\/fr\/wp-json\/wp\/v2\/media\/218502"}],"wp:attachment":[{"href":"https:\/\/embroiderydownload.com\/fr\/wp-json\/wp\/v2\/media?parent=218495"}],"wp:term":[{"taxonomy":"product_cat","embeddable":true,"href":"https:\/\/embroiderydownload.com\/fr\/wp-json\/wp\/v2\/product_cat?post=218495"},{"taxonomy":"product_tag","embeddable":true,"href":"https:\/\/embroiderydownload.com\/fr\/wp-json\/wp\/v2\/product_tag?post=218495"}],"curies":[{"name":"wp","href":"https:\/\/api.w.org\/{rel}","templated":true}]}}