{"id":222389,"date":"2024-12-24T12:11:30","date_gmt":"2024-12-24T11:11:30","guid":{"rendered":"https:\/\/embroiderydownload.com\/?post_type=product&#038;p=222389"},"modified":"2024-12-24T12:51:04","modified_gmt":"2024-12-24T11:51:04","slug":"love-outline-embroidery-design-download","status":"publish","type":"product","link":"https:\/\/embroiderydownload.com\/fr\/products\/amour-dessin-de-broderie-telechargement\/","title":{"rendered":"Motif de broderie \"Love Outline\" T\u00e9l\u00e9charger"},"content":{"rendered":"<p>Pr\u00e9sentation de la <strong>Sch\u00e9ma de l'amour<\/strong>\u00a0<strong>Motifs De Broderie Machine<\/strong>Ce mod\u00e8le est un must pour tous les amoureux de la nature et de la broderie. Ce mod\u00e8le unique est fabriqu\u00e9 avec le plus grand soin afin de garantir une qualit\u00e9 optimale.<\/p>\n<p>\u2605 Taille 3,78 \u00d7 3,66 pouces - 96,20 x 93,10 mm - Points : 9293<\/p>\n<p>\u2605 Taille 4,78 \u00d7 4,62 pouces - 121,60 x 117,60 mm - Points : 11680<\/p>\n<p>\u2605 Taille 5,79 \u00d7 5,59 pouces - 147,10 x 142,20 mm - Points : 14099<\/p>\n<p>\u2605 Taille 6,79 \u00d7 6,56 pouces - 172,50 x 166,80 mm - Points : 16716<\/p>\n<p>\u2605 Taille 7,78 \u00d7 7,53 pouces - 197,80 x 191,40 mm - Points : 19752<\/p>\n<p>\u2605 Taille 8,78 \u00d7 8,50 pouces - 223,10 x 216,00 mm - Points : 23117<\/p>\n<p>\u2605 Formats qui seront inclus dans un fichier ZIP lors de l'achat :<\/p>\n<ul>\n<li>Deco, Brother, Baby Lock : <strong>PSE<\/strong><\/li>\n<li>Husqvarna, Viking : <strong>HUS<\/strong><\/li>\n<li>Janome, Elna, Kenmore : <strong>JEF<\/strong><\/li>\n<li>Melco : <strong>EXP<\/strong><\/li>\n<li>Compucon, Singer : <strong>XXX<\/strong><\/li>\n<li>Tajima : <strong>DST<\/strong><\/li>\n<li>Pfaff :<b> VP3<\/b><\/li>\n<\/ul>","protected":false},"excerpt":{"rendered":"<style>.elementor-204929 .elementor-element.elementor-element-95a9a0b{margin-top:0px;margin-bottom:0px;padding:0px 0px 0px 0px;overflow:visible;}.elementor-204929 .elementor-element.elementor-element-84e32b5 > .elementor-element-populated{margin:0px 0px 0px 0px;--e-column-margin-right:0px;--e-column-margin-left:0px;padding:0px 0px 0px 0px;}.elementor-204929 .elementor-element.elementor-element-4e302eb{text-align:left;}<\/style>\n<div class=\"porto-block elementor elementor-204929\" data-id=\"204929\">\n<section class=\"elementor-section elementor-top-section elementor-element elementor-element-95a9a0b elementor-section-full_width elementor-section-height-default elementor-section-height-default\" data-id=\"95a9a0b\" data-element_type=\"section\" data-settings=\"{&quot;ekit_has_onepagescroll_dot&quot;:&quot;yes&quot;}\">\n<div class=\"elementor-container elementor-column-gap-default\">\n<div class=\"elementor-column elementor-col-100 elementor-top-column elementor-element elementor-element-84e32b5\" data-id=\"84e32b5\" data-element_type=\"column\">\n<div class=\"elementor-widget-wrap elementor-element-populated\">\n<div class=\"elementor-element elementor-element-4e302eb elementor-widget elementor-widget-image\" data-id=\"4e302eb\" data-element_type=\"widget\" data-settings=\"{&quot;ekit_we_effect_on&quot;:&quot;none&quot;}\" data-widget_type=\"image.default\">\n<div class=\"elementor-widget-container\">\n<style>\/*! elementor - v3.12.1 - 02-04-2023 *\/\n.elementor-widget-image{text-align:center}.elementor-widget-image a{display:inline-block}.elementor-widget-image a img[src$=\".svg\"]{width:48px}.elementor-widget-image img{vertical-align:middle;display:inline-block}<\/style>\n<p>\t\t\t\t\t\t\t\t\t\t\t\t<img decoding=\"async\" width=\"300\" height=\"84\" src=\"https:\/\/embroiderydownload.com\/wp-content\/uploads\/2022\/11\/icons-values-eng.svg\" class=\"attachment-large size-large wp-image-204901\" alt=\"\" loading=\"lazy\" \/>\t\t\t\t\t\t\t\t\t\t\t\t\t\t\t<\/div>\n<\/p><\/div>\n<\/p><\/div>\n<\/p><\/div>\n<\/p><\/div>\n<\/section><\/div>","protected":false},"featured_media":222394,"template":"","meta":[],"product_cat":[12185],"product_tag":[53],"yoast_head":"<!-- This site is optimized with the Yoast SEO plugin v17.5 - https:\/\/yoast.com\/wordpress\/plugins\/seo\/ -->\n<title>Love Outline Embroidery Design Download - EmbroideryDownload<\/title>\n<meta name=\"description\" content=\"Add a touch of fantasy to your embroidery with our heart with thorns design - Download Now for Fun and Unique Projects! (6 Sizes).\" \/>\n<meta name=\"robots\" content=\"index, follow, max-snippet:-1, max-image-preview:large, max-video-preview:-1\" \/>\n<link rel=\"canonical\" href=\"https:\/\/embroiderydownload.com\/fr\/products\/amour-dessin-de-broderie-telechargement\/\" \/>\n<meta property=\"og:locale\" content=\"fr_FR\" \/>\n<meta property=\"og:type\" content=\"article\" \/>\n<meta property=\"og:title\" content=\"Love Outline Embroidery Design Download - EmbroideryDownload\" \/>\n<meta property=\"og:description\" content=\"Add a touch of fantasy to your embroidery with our heart with thorns design - Download Now for Fun and Unique Projects! (6 Sizes).\" \/>\n<meta property=\"og:url\" content=\"https:\/\/embroiderydownload.com\/fr\/products\/amour-dessin-de-broderie-telechargement\/\" \/>\n<meta property=\"og:site_name\" content=\"EmbroideryDownload\" \/>\n<meta property=\"article:modified_time\" content=\"2024-12-24T11:51:04+00:00\" \/>\n<meta property=\"og:image\" content=\"https:\/\/embroiderydownload.com\/wp-content\/uploads\/2024\/12\/Love-Outline-Color-Chart.jpg\" \/>\n\t<meta property=\"og:image:width\" content=\"800\" \/>\n\t<meta property=\"og:image:height\" content=\"800\" \/>\n<meta name=\"twitter:card\" content=\"summary_large_image\" \/>\n<meta name=\"twitter:label1\" content=\"Prix\" \/>\n\t<meta name=\"twitter:data1\" content=\"&euro;3.99\" \/>\n\t<meta name=\"twitter:label2\" content=\"Availability\" \/>\n\t<meta name=\"twitter:data2\" content=\"In stock\" \/>\n<script type=\"application\/ld+json\" class=\"yoast-schema-graph\">{\"@context\":\"https:\/\/schema.org\",\"@graph\":[{\"@type\":\"WebSite\",\"@id\":\"https:\/\/embroiderydownload.com\/fr\/#website\",\"url\":\"https:\/\/embroiderydownload.com\/fr\/\",\"name\":\"EmbroideryDownload\",\"description\":\"Embroidery Designs Instant Digital Download\",\"potentialAction\":[{\"@type\":\"SearchAction\",\"target\":{\"@type\":\"EntryPoint\",\"urlTemplate\":\"https:\/\/embroiderydownload.com\/fr\/?s={search_term_string}\"},\"query-input\":\"required name=search_term_string\"}],\"inLanguage\":\"fr-FR\"},{\"@type\":\"ImageObject\",\"@id\":\"https:\/\/embroiderydownload.com\/products\/love-outline-embroidery-design-download\/#primaryimage\",\"inLanguage\":\"fr-FR\",\"url\":\"https:\/\/embroiderydownload.com\/wp-content\/uploads\/2024\/12\/Love-Outline-Color-Chart.jpg\",\"contentUrl\":\"https:\/\/embroiderydownload.com\/wp-content\/uploads\/2024\/12\/Love-Outline-Color-Chart.jpg\",\"width\":800,\"height\":800},{\"@type\":\"WebPage\",\"@id\":\"https:\/\/embroiderydownload.com\/products\/love-outline-embroidery-design-download\/#webpage\",\"url\":\"https:\/\/embroiderydownload.com\/products\/love-outline-embroidery-design-download\/\",\"name\":\"Love Outline Embroidery Design Download - EmbroideryDownload\",\"isPartOf\":{\"@id\":\"https:\/\/embroiderydownload.com\/fr\/#website\"},\"primaryImageOfPage\":{\"@id\":\"https:\/\/embroiderydownload.com\/products\/love-outline-embroidery-design-download\/#primaryimage\"},\"datePublished\":\"2024-12-24T11:11:30+00:00\",\"dateModified\":\"2024-12-24T11:51:04+00:00\",\"description\":\"Add a touch of fantasy to your embroidery with our heart with thorns design - Download Now for Fun and Unique Projects! (6 Sizes).\",\"breadcrumb\":{\"@id\":\"https:\/\/embroiderydownload.com\/products\/love-outline-embroidery-design-download\/#breadcrumb\"},\"inLanguage\":\"fr-FR\",\"potentialAction\":[{\"@type\":\"ReadAction\",\"target\":[\"https:\/\/embroiderydownload.com\/products\/love-outline-embroidery-design-download\/\"]}]},{\"@type\":\"BreadcrumbList\",\"@id\":\"https:\/\/embroiderydownload.com\/products\/love-outline-embroidery-design-download\/#breadcrumb\",\"itemListElement\":[{\"@type\":\"ListItem\",\"position\":1,\"name\":\"Shop\",\"item\":\"https:\/\/embroiderydownload.com\/it\/negozio-2\/\"},{\"@type\":\"ListItem\",\"position\":2,\"name\":\"Love Outline Embroidery Design Download\"}]}]}<\/script>\n<!-- \/ Yoast SEO plugin. -->","yoast_head_json":{"title":"Love Outline Embroidery Design Download - EmbroideryDownload","description":"Add a touch of fantasy to your embroidery with our heart with thorns design - Download Now for Fun and Unique Projects! (6 Sizes).","robots":{"index":"index","follow":"follow","max-snippet":"max-snippet:-1","max-image-preview":"max-image-preview:large","max-video-preview":"max-video-preview:-1"},"canonical":"https:\/\/embroiderydownload.com\/fr\/products\/amour-dessin-de-broderie-telechargement\/","og_locale":"fr_FR","og_type":"article","og_title":"Love Outline Embroidery Design Download - EmbroideryDownload","og_description":"Add a touch of fantasy to your embroidery with our heart with thorns design - Download Now for Fun and Unique Projects! (6 Sizes).","og_url":"https:\/\/embroiderydownload.com\/fr\/products\/amour-dessin-de-broderie-telechargement\/","og_site_name":"EmbroideryDownload","article_modified_time":"2024-12-24T11:51:04+00:00","og_image":[{"width":800,"height":800,"url":"https:\/\/embroiderydownload.com\/wp-content\/uploads\/2024\/12\/Love-Outline-Color-Chart.jpg","type":"image\/jpeg"}],"twitter_card":"summary_large_image","twitter_misc":{"Prix":"&euro;3.99","Availability":"In stock"},"schema":{"@context":"https:\/\/schema.org","@graph":[{"@type":"WebSite","@id":"https:\/\/embroiderydownload.com\/fr\/#website","url":"https:\/\/embroiderydownload.com\/fr\/","name":"EmbroideryDownload","description":"Embroidery Designs Instant Digital Download","potentialAction":[{"@type":"SearchAction","target":{"@type":"EntryPoint","urlTemplate":"https:\/\/embroiderydownload.com\/fr\/?s={search_term_string}"},"query-input":"required name=search_term_string"}],"inLanguage":"fr-FR"},{"@type":"ImageObject","@id":"https:\/\/embroiderydownload.com\/products\/love-outline-embroidery-design-download\/#primaryimage","inLanguage":"fr-FR","url":"https:\/\/embroiderydownload.com\/wp-content\/uploads\/2024\/12\/Love-Outline-Color-Chart.jpg","contentUrl":"https:\/\/embroiderydownload.com\/wp-content\/uploads\/2024\/12\/Love-Outline-Color-Chart.jpg","width":800,"height":800},{"@type":"WebPage","@id":"https:\/\/embroiderydownload.com\/products\/love-outline-embroidery-design-download\/#webpage","url":"https:\/\/embroiderydownload.com\/products\/love-outline-embroidery-design-download\/","name":"Love Outline Embroidery Design Download - EmbroideryDownload","isPartOf":{"@id":"https:\/\/embroiderydownload.com\/fr\/#website"},"primaryImageOfPage":{"@id":"https:\/\/embroiderydownload.com\/products\/love-outline-embroidery-design-download\/#primaryimage"},"datePublished":"2024-12-24T11:11:30+00:00","dateModified":"2024-12-24T11:51:04+00:00","description":"Add a touch of fantasy to your embroidery with our heart with thorns design - Download Now for Fun and Unique Projects! (6 Sizes).","breadcrumb":{"@id":"https:\/\/embroiderydownload.com\/products\/love-outline-embroidery-design-download\/#breadcrumb"},"inLanguage":"fr-FR","potentialAction":[{"@type":"ReadAction","target":["https:\/\/embroiderydownload.com\/products\/love-outline-embroidery-design-download\/"]}]},{"@type":"BreadcrumbList","@id":"https:\/\/embroiderydownload.com\/products\/love-outline-embroidery-design-download\/#breadcrumb","itemListElement":[{"@type":"ListItem","position":1,"name":"Shop","item":"https:\/\/embroiderydownload.com\/it\/negozio-2\/"},{"@type":"ListItem","position":2,"name":"Love Outline Embroidery Design Download"}]}]}},"_links":{"self":[{"href":"https:\/\/embroiderydownload.com\/fr\/wp-json\/wp\/v2\/product\/222389"}],"collection":[{"href":"https:\/\/embroiderydownload.com\/fr\/wp-json\/wp\/v2\/product"}],"about":[{"href":"https:\/\/embroiderydownload.com\/fr\/wp-json\/wp\/v2\/types\/product"}],"version-history":[{"count":1,"href":"https:\/\/embroiderydownload.com\/fr\/wp-json\/wp\/v2\/product\/222389\/revisions"}],"predecessor-version":[{"id":222396,"href":"https:\/\/embroiderydownload.com\/fr\/wp-json\/wp\/v2\/product\/222389\/revisions\/222396"}],"wp:featuredmedia":[{"embeddable":true,"href":"https:\/\/embroiderydownload.com\/fr\/wp-json\/wp\/v2\/media\/222394"}],"wp:attachment":[{"href":"https:\/\/embroiderydownload.com\/fr\/wp-json\/wp\/v2\/media?parent=222389"}],"wp:term":[{"taxonomy":"product_cat","embeddable":true,"href":"https:\/\/embroiderydownload.com\/fr\/wp-json\/wp\/v2\/product_cat?post=222389"},{"taxonomy":"product_tag","embeddable":true,"href":"https:\/\/embroiderydownload.com\/fr\/wp-json\/wp\/v2\/product_tag?post=222389"}],"curies":[{"name":"wp","href":"https:\/\/api.w.org\/{rel}","templated":true}]}}