{"id":79607,"date":"2021-11-17T05:40:00","date_gmt":"2021-11-17T04:40:00","guid":{"rendered":"https:\/\/embroiderydownload.com\/product\/basketball-hoop-ring-embroidery-design-download\/"},"modified":"2023-03-23T14:23:39","modified_gmt":"2023-03-23T13:23:39","slug":"basketball-hoop-ring-embroidery-design-download","status":"publish","type":"product","link":"https:\/\/embroiderydownload.com\/fr\/products\/motifs-broderie-machine-a-a-telecharger-motifs-broderie-machine-a-telecharger\/","title":{"rendered":"Mod\u00e8le de broderie d'anneau de basket-ball T\u00e9l\u00e9charger"},"content":{"rendered":"<p><strong>Anneau de basket-ball<\/strong> Motifs de Broderie Machine \u00e0 T\u00e9l\u00e9charger instantan\u00e9ment Motifs de Broderie Machine \u00e0 T\u00e9l\u00e9charger instantan\u00e9ment Motifs de Broderie Machine \u00e0 T\u00e9l\u00e9charger instantan\u00e9ment Motifs de Broderie Machine \u00e0 T\u00e9l\u00e9charger instantan\u00e9ment Motifs de Broderie Machine \u00e0 T\u00e9l\u00e9charger instantan\u00e9ment Motifs de Broderie Machine \u00e0 T\u00e9l\u00e9charger instantan\u00e9ment Motifs de Broderie Machine \u00e0 T\u00e9l\u00e9charger instantan\u00e9ment Motifs de Broderie Machine \u00e0 T\u00e9l\u00e9charger instantan\u00e9ment Motifs de Broderie Machine \u00e0 T\u00e9l\u00e9charger instantan\u00e9ment Motifs de Broderie Machine \u00e0 T\u00e9l\u00e9charger instantan\u00e9ment Motifs de Broderie Machine \u00e0 T\u00e9l\u00e9charger instantan\u00e9ment Motifs de Broderie Machine \u00e0 T\u00e9l\u00e9charger instantan\u00e9ment Motifs de Broderie Machine \u00e0 T\u00e9l\u00e9charger instantan\u00e9ment Motifs de Broderie Machine \u00e0 T\u00e9l\u00e9charger instantan\u00e9ment Motifs de Broderie Machine \u00e0 t\u00e9l\u00e9charger<\/p>\n<p>Taille : 2,28 x 3,25 pouces - 58 x 82,8 mm<br \/>\nPoints : 9023<\/p>\n<p>Formats qui seront inclus dans un fichier ZIP lors de l'achat<\/p>\n<p>a) Wilcom : ESL, ESS<br \/>\nb) Hiraoka : DAT<br \/>\nc) Bernina : ART (version 2 &amp; 3)<br \/>\nd) Deco, Brother, Baby Lock : PEC<br \/>\ne) Husqvarna, Viking : HUS<br \/>\nf) Janome, Elna, Kenmore : JEF, SEW<br \/>\ng) CSL Saurer : SAS<br \/>\nh) Pfaff : KSM<br \/>\ni) Melco : EXP, CND<br \/>\nj) Compucon : XXX<br \/>\nk) Motifs de broderie machine : EMB<br \/>\nl) Tajima : DST<br \/>\no) Barudan : DSB<\/p>\n<p>EN RAISON DE LA NATURE NUM\u00c9RIQUE DE CE PRODUIT, TOUTES LES VENTES SONT D\u00c9FINITIVES.<\/p>\n<p>Les Motifs de broderie ne sont pas des patchs... Vous aurez besoin d'une machine \u00e0 broder, de mat\u00e9riel et de logiciel pour transf\u00e9rer les fichiers sur votre machine \u00e0 broder.<\/p>\n<div id=\"gtx-trans\" style=\"position: absolute; left: 125px; top: 26px;\">\n<div class=\"gtx-trans-icon\"><\/div>\n<\/div>","protected":false},"excerpt":{"rendered":"<style>.elementor-204929 .elementor-element.elementor-element-95a9a0b{margin-top:0px;margin-bottom:0px;padding:0px 0px 0px 0px;overflow:visible;}.elementor-204929 .elementor-element.elementor-element-84e32b5 > .elementor-element-populated{margin:0px 0px 0px 0px;--e-column-margin-right:0px;--e-column-margin-left:0px;padding:0px 0px 0px 0px;}.elementor-204929 .elementor-element.elementor-element-4e302eb{text-align:left;}<\/style>\n<div class=\"porto-block elementor elementor-204929\" data-id=\"204929\">\n<section class=\"elementor-section elementor-top-section elementor-element elementor-element-95a9a0b elementor-section-full_width elementor-section-height-default elementor-section-height-default\" data-id=\"95a9a0b\" data-element_type=\"section\" data-settings=\"{&quot;ekit_has_onepagescroll_dot&quot;:&quot;yes&quot;}\">\n<div class=\"elementor-container elementor-column-gap-default\">\n<div class=\"elementor-column elementor-col-100 elementor-top-column elementor-element elementor-element-84e32b5\" data-id=\"84e32b5\" data-element_type=\"column\">\n<div class=\"elementor-widget-wrap elementor-element-populated\">\n<div class=\"elementor-element elementor-element-4e302eb elementor-widget elementor-widget-image\" data-id=\"4e302eb\" data-element_type=\"widget\" data-settings=\"{&quot;ekit_we_effect_on&quot;:&quot;none&quot;}\" data-widget_type=\"image.default\">\n<div class=\"elementor-widget-container\">\n<style>\/*! elementor - v3.12.1 - 02-04-2023 *\/\n.elementor-widget-image{text-align:center}.elementor-widget-image a{display:inline-block}.elementor-widget-image a img[src$=\".svg\"]{width:48px}.elementor-widget-image img{vertical-align:middle;display:inline-block}<\/style>\n<p>\t\t\t\t\t\t\t\t\t\t\t\t<img decoding=\"async\" width=\"300\" height=\"84\" src=\"https:\/\/embroiderydownload.com\/wp-content\/uploads\/2022\/11\/icons-values-eng.svg\" class=\"attachment-large size-large wp-image-204901\" alt=\"\" loading=\"lazy\" \/>\t\t\t\t\t\t\t\t\t\t\t\t\t\t\t<\/div>\n<\/p><\/div>\n<\/p><\/div>\n<\/p><\/div>\n<\/p><\/div>\n<\/section><\/div>","protected":false},"featured_media":79608,"template":"","meta":[],"product_cat":[12159],"product_tag":[76],"yoast_head":"<!-- This site is optimized with the Yoast SEO plugin v17.5 - https:\/\/yoast.com\/wordpress\/plugins\/seo\/ -->\n<title>Basketball Hoop Ring Embroidery Design Download - EmbroideryDownload<\/title>\n<meta name=\"description\" content=\"Download now the Basketball Hoop Ring Embroidery Design and start stitching!\" \/>\n<meta name=\"robots\" content=\"index, follow, max-snippet:-1, max-image-preview:large, max-video-preview:-1\" \/>\n<link rel=\"canonical\" href=\"https:\/\/embroiderydownload.com\/fr\/products\/motifs-broderie-machine-a-a-telecharger-motifs-broderie-machine-a-telecharger\/\" \/>\n<meta property=\"og:locale\" content=\"fr_FR\" \/>\n<meta property=\"og:type\" content=\"article\" \/>\n<meta property=\"og:title\" content=\"Basketball Hoop Ring Embroidery Design Download - EmbroideryDownload\" \/>\n<meta property=\"og:description\" content=\"Download now the Basketball Hoop Ring Embroidery Design and start stitching!\" \/>\n<meta property=\"og:url\" content=\"https:\/\/embroiderydownload.com\/fr\/products\/motifs-broderie-machine-a-a-telecharger-motifs-broderie-machine-a-telecharger\/\" \/>\n<meta property=\"og:site_name\" content=\"EmbroideryDownload\" \/>\n<meta property=\"article:modified_time\" content=\"2023-03-23T13:23:39+00:00\" \/>\n<meta property=\"og:image\" content=\"https:\/\/embroiderydownload.com\/wp-content\/uploads\/2021\/10\/basketball-hoop-3.jpg\" \/>\n\t<meta property=\"og:image:width\" content=\"900\" \/>\n\t<meta property=\"og:image:height\" content=\"900\" \/>\n<meta name=\"twitter:card\" content=\"summary_large_image\" \/>\n<meta name=\"twitter:label1\" content=\"Prix\" \/>\n\t<meta name=\"twitter:data1\" content=\"&euro;1.99\" \/>\n\t<meta name=\"twitter:label2\" content=\"Availability\" \/>\n\t<meta name=\"twitter:data2\" content=\"In stock\" \/>\n<script type=\"application\/ld+json\" class=\"yoast-schema-graph\">{\"@context\":\"https:\/\/schema.org\",\"@graph\":[{\"@type\":\"WebSite\",\"@id\":\"https:\/\/embroiderydownload.com\/fr\/#website\",\"url\":\"https:\/\/embroiderydownload.com\/fr\/\",\"name\":\"EmbroideryDownload\",\"description\":\"Embroidery Designs Instant Digital Download\",\"potentialAction\":[{\"@type\":\"SearchAction\",\"target\":{\"@type\":\"EntryPoint\",\"urlTemplate\":\"https:\/\/embroiderydownload.com\/fr\/?s={search_term_string}\"},\"query-input\":\"required name=search_term_string\"}],\"inLanguage\":\"fr-FR\"},{\"@type\":\"ImageObject\",\"@id\":\"https:\/\/embroiderydownload.com\/products\/basketball-hoop-ring-embroidery-design-download\/#primaryimage\",\"inLanguage\":\"fr-FR\",\"url\":\"https:\/\/embroiderydownload.com\/wp-content\/uploads\/2021\/10\/basketball-hoop-3.jpg\",\"contentUrl\":\"https:\/\/embroiderydownload.com\/wp-content\/uploads\/2021\/10\/basketball-hoop-3.jpg\",\"width\":900,\"height\":900},{\"@type\":\"WebPage\",\"@id\":\"https:\/\/embroiderydownload.com\/products\/basketball-hoop-ring-embroidery-design-download\/#webpage\",\"url\":\"https:\/\/embroiderydownload.com\/products\/basketball-hoop-ring-embroidery-design-download\/\",\"name\":\"Basketball Hoop Ring Embroidery Design Download - EmbroideryDownload\",\"isPartOf\":{\"@id\":\"https:\/\/embroiderydownload.com\/fr\/#website\"},\"primaryImageOfPage\":{\"@id\":\"https:\/\/embroiderydownload.com\/products\/basketball-hoop-ring-embroidery-design-download\/#primaryimage\"},\"datePublished\":\"2021-11-17T04:40:00+00:00\",\"dateModified\":\"2023-03-23T13:23:39+00:00\",\"description\":\"Download now the Basketball Hoop Ring Embroidery Design and start stitching!\",\"breadcrumb\":{\"@id\":\"https:\/\/embroiderydownload.com\/products\/basketball-hoop-ring-embroidery-design-download\/#breadcrumb\"},\"inLanguage\":\"fr-FR\",\"potentialAction\":[{\"@type\":\"ReadAction\",\"target\":[\"https:\/\/embroiderydownload.com\/products\/basketball-hoop-ring-embroidery-design-download\/\"]}]},{\"@type\":\"BreadcrumbList\",\"@id\":\"https:\/\/embroiderydownload.com\/products\/basketball-hoop-ring-embroidery-design-download\/#breadcrumb\",\"itemListElement\":[{\"@type\":\"ListItem\",\"position\":1,\"name\":\"Shop\",\"item\":\"https:\/\/embroiderydownload.com\/it\/negozio-2\/\"},{\"@type\":\"ListItem\",\"position\":2,\"name\":\"Basketball Hoop Ring Embroidery Design Download\"}]}]}<\/script>\n<!-- \/ Yoast SEO plugin. -->","yoast_head_json":{"title":"Basketball Hoop Ring Embroidery Design Download - EmbroideryDownload","description":"Download now the Basketball Hoop Ring Embroidery Design and start stitching!","robots":{"index":"index","follow":"follow","max-snippet":"max-snippet:-1","max-image-preview":"max-image-preview:large","max-video-preview":"max-video-preview:-1"},"canonical":"https:\/\/embroiderydownload.com\/fr\/products\/motifs-broderie-machine-a-a-telecharger-motifs-broderie-machine-a-telecharger\/","og_locale":"fr_FR","og_type":"article","og_title":"Basketball Hoop Ring Embroidery Design Download - EmbroideryDownload","og_description":"Download now the Basketball Hoop Ring Embroidery Design and start stitching!","og_url":"https:\/\/embroiderydownload.com\/fr\/products\/motifs-broderie-machine-a-a-telecharger-motifs-broderie-machine-a-telecharger\/","og_site_name":"EmbroideryDownload","article_modified_time":"2023-03-23T13:23:39+00:00","og_image":[{"width":900,"height":900,"url":"https:\/\/embroiderydownload.com\/wp-content\/uploads\/2021\/10\/basketball-hoop-3.jpg","type":"image\/jpeg"}],"twitter_card":"summary_large_image","twitter_misc":{"Prix":"&euro;1.99","Availability":"In stock"},"schema":{"@context":"https:\/\/schema.org","@graph":[{"@type":"WebSite","@id":"https:\/\/embroiderydownload.com\/fr\/#website","url":"https:\/\/embroiderydownload.com\/fr\/","name":"EmbroideryDownload","description":"Embroidery Designs Instant Digital Download","potentialAction":[{"@type":"SearchAction","target":{"@type":"EntryPoint","urlTemplate":"https:\/\/embroiderydownload.com\/fr\/?s={search_term_string}"},"query-input":"required name=search_term_string"}],"inLanguage":"fr-FR"},{"@type":"ImageObject","@id":"https:\/\/embroiderydownload.com\/products\/basketball-hoop-ring-embroidery-design-download\/#primaryimage","inLanguage":"fr-FR","url":"https:\/\/embroiderydownload.com\/wp-content\/uploads\/2021\/10\/basketball-hoop-3.jpg","contentUrl":"https:\/\/embroiderydownload.com\/wp-content\/uploads\/2021\/10\/basketball-hoop-3.jpg","width":900,"height":900},{"@type":"WebPage","@id":"https:\/\/embroiderydownload.com\/products\/basketball-hoop-ring-embroidery-design-download\/#webpage","url":"https:\/\/embroiderydownload.com\/products\/basketball-hoop-ring-embroidery-design-download\/","name":"Basketball Hoop Ring Embroidery Design Download - EmbroideryDownload","isPartOf":{"@id":"https:\/\/embroiderydownload.com\/fr\/#website"},"primaryImageOfPage":{"@id":"https:\/\/embroiderydownload.com\/products\/basketball-hoop-ring-embroidery-design-download\/#primaryimage"},"datePublished":"2021-11-17T04:40:00+00:00","dateModified":"2023-03-23T13:23:39+00:00","description":"Download now the Basketball Hoop Ring Embroidery Design and start stitching!","breadcrumb":{"@id":"https:\/\/embroiderydownload.com\/products\/basketball-hoop-ring-embroidery-design-download\/#breadcrumb"},"inLanguage":"fr-FR","potentialAction":[{"@type":"ReadAction","target":["https:\/\/embroiderydownload.com\/products\/basketball-hoop-ring-embroidery-design-download\/"]}]},{"@type":"BreadcrumbList","@id":"https:\/\/embroiderydownload.com\/products\/basketball-hoop-ring-embroidery-design-download\/#breadcrumb","itemListElement":[{"@type":"ListItem","position":1,"name":"Shop","item":"https:\/\/embroiderydownload.com\/it\/negozio-2\/"},{"@type":"ListItem","position":2,"name":"Basketball Hoop Ring Embroidery Design Download"}]}]}},"_links":{"self":[{"href":"https:\/\/embroiderydownload.com\/fr\/wp-json\/wp\/v2\/product\/79607"}],"collection":[{"href":"https:\/\/embroiderydownload.com\/fr\/wp-json\/wp\/v2\/product"}],"about":[{"href":"https:\/\/embroiderydownload.com\/fr\/wp-json\/wp\/v2\/types\/product"}],"version-history":[{"count":1,"href":"https:\/\/embroiderydownload.com\/fr\/wp-json\/wp\/v2\/product\/79607\/revisions"}],"predecessor-version":[{"id":199515,"href":"https:\/\/embroiderydownload.com\/fr\/wp-json\/wp\/v2\/product\/79607\/revisions\/199515"}],"wp:featuredmedia":[{"embeddable":true,"href":"https:\/\/embroiderydownload.com\/fr\/wp-json\/wp\/v2\/media\/79608"}],"wp:attachment":[{"href":"https:\/\/embroiderydownload.com\/fr\/wp-json\/wp\/v2\/media?parent=79607"}],"wp:term":[{"taxonomy":"product_cat","embeddable":true,"href":"https:\/\/embroiderydownload.com\/fr\/wp-json\/wp\/v2\/product_cat?post=79607"},{"taxonomy":"product_tag","embeddable":true,"href":"https:\/\/embroiderydownload.com\/fr\/wp-json\/wp\/v2\/product_tag?post=79607"}],"curies":[{"name":"wp","href":"https:\/\/api.w.org\/{rel}","templated":true}]}}