{"id":80334,"date":"2021-11-17T05:50:40","date_gmt":"2021-11-17T04:50:40","guid":{"rendered":"https:\/\/embroiderydownload.com\/product\/bmw-logo-2-inch-embroidery-design-download\/"},"modified":"2023-03-23T14:23:34","modified_gmt":"2023-03-23T13:23:34","slug":"bmw-logo-2-inch-embroidery-design-download","status":"publish","type":"product","link":"https:\/\/embroiderydownload.com\/fr\/products\/bmw-logo-2-inch-embroidery-design-download\/","title":{"rendered":"Logo BMW 2 pouces Broderie Download"},"content":{"rendered":"<p>&nbsp;<\/p>\n<p>Motifs de broderie - <strong>BMW 2 pouces<\/strong> - Marque automobile - Telechargement instantanee<\/p>\n<p>Taille : 1,98 \u00d7 1,98 pouce - 50,40 \u00d7 50,40 mm<br \/>\nPoints : 6543<\/p>\n<p>Formats qui seront inclus dans un fichier ZIP lors de l'achat<\/p>\n<ul>\n<li>Deco, Brother, Baby Lock : <strong>PEC, PES<\/strong><\/li>\n<li>Husqvarna, Viking : <strong>HUS\u00a0<\/strong><\/li>\n<li>Chanteur :<b> CSD<\/b><\/li>\n<li>Janome, Elna, Kenmore : <strong>JEF, SEW \u00a0<\/strong><\/li>\n<li>Melco : <strong>EXP, CND\u00a0<\/strong><\/li>\n<li>Compucon : <strong>XXX \u00a0<\/strong><\/li>\n<li>Tajima : <strong>DST<\/strong><\/li>\n<li>Bernina :<b> ART42\u00a0<\/b><\/li>\n<li>Pfaff :<b> PCM, PCS,\u00a0<\/b><b>VIP, VP3<\/b><\/li>\n<\/ul>\n<p>EN RAISON DE LA NATURE NUM\u00c9RIQUE DE CE PRODUIT, TOUTES LES VENTES SONT D\u00c9FINITIVES.<\/p>\n<p>Les Motifs de broderie ne sont pas des patchs... Vous aurez besoin d'une machine \u00e0 broder, de mat\u00e9riel et de logiciel pour transf\u00e9rer les fichiers sur votre machine \u00e0 broder.<\/p>\n<div id=\"gtx-trans\" style=\"position: absolute; left: 181px; top: -19px;\">\n<div class=\"gtx-trans-icon\"><\/div>\n<\/div>","protected":false},"excerpt":{"rendered":"<style>.elementor-204929 .elementor-element.elementor-element-95a9a0b{margin-top:0px;margin-bottom:0px;padding:0px 0px 0px 0px;overflow:visible;}.elementor-204929 .elementor-element.elementor-element-84e32b5 > .elementor-element-populated{margin:0px 0px 0px 0px;--e-column-margin-right:0px;--e-column-margin-left:0px;padding:0px 0px 0px 0px;}.elementor-204929 .elementor-element.elementor-element-4e302eb{text-align:left;}<\/style>\n<div class=\"porto-block elementor elementor-204929\" data-id=\"204929\">\n<section class=\"elementor-section elementor-top-section elementor-element elementor-element-95a9a0b elementor-section-full_width elementor-section-height-default elementor-section-height-default\" data-id=\"95a9a0b\" data-element_type=\"section\" data-settings=\"{&quot;ekit_has_onepagescroll_dot&quot;:&quot;yes&quot;}\">\n<div class=\"elementor-container elementor-column-gap-default\">\n<div class=\"elementor-column elementor-col-100 elementor-top-column elementor-element elementor-element-84e32b5\" data-id=\"84e32b5\" data-element_type=\"column\">\n<div class=\"elementor-widget-wrap elementor-element-populated\">\n<div class=\"elementor-element elementor-element-4e302eb elementor-widget elementor-widget-image\" data-id=\"4e302eb\" data-element_type=\"widget\" data-settings=\"{&quot;ekit_we_effect_on&quot;:&quot;none&quot;}\" data-widget_type=\"image.default\">\n<div class=\"elementor-widget-container\">\n<style>\/*! elementor - v3.12.1 - 02-04-2023 *\/\n.elementor-widget-image{text-align:center}.elementor-widget-image a{display:inline-block}.elementor-widget-image a img[src$=\".svg\"]{width:48px}.elementor-widget-image img{vertical-align:middle;display:inline-block}<\/style>\n<p>\t\t\t\t\t\t\t\t\t\t\t\t<img decoding=\"async\" width=\"300\" height=\"84\" src=\"https:\/\/embroiderydownload.com\/wp-content\/uploads\/2022\/11\/icons-values-eng.svg\" class=\"attachment-large size-large wp-image-204901\" alt=\"\" loading=\"lazy\" \/>\t\t\t\t\t\t\t\t\t\t\t\t\t\t\t<\/div>\n<\/p><\/div>\n<\/p><\/div>\n<\/p><\/div>\n<\/p><\/div>\n<\/section><\/div>","protected":false},"featured_media":80335,"template":"","meta":[],"product_cat":[12093],"product_tag":[243,291,166,292,221],"yoast_head":"<!-- This site is optimized with the Yoast SEO plugin v17.5 - https:\/\/yoast.com\/wordpress\/plugins\/seo\/ -->\n<title>BMW logo 2 inch Embroidery Design Download - EmbroideryDownload<\/title>\n<meta name=\"description\" content=\"Download now the BMW logo 2 inch embroidery design and add a touch of luxury to your creations.\" \/>\n<meta name=\"robots\" content=\"index, follow, max-snippet:-1, max-image-preview:large, max-video-preview:-1\" \/>\n<link rel=\"canonical\" href=\"https:\/\/embroiderydownload.com\/fr\/products\/bmw-logo-2-inch-embroidery-design-download\/\" \/>\n<meta property=\"og:locale\" content=\"fr_FR\" \/>\n<meta property=\"og:type\" content=\"article\" \/>\n<meta property=\"og:title\" content=\"BMW logo 2 inch Embroidery Design Download - EmbroideryDownload\" \/>\n<meta property=\"og:description\" content=\"Download now the BMW logo 2 inch embroidery design and add a touch of luxury to your creations.\" \/>\n<meta property=\"og:url\" content=\"https:\/\/embroiderydownload.com\/fr\/products\/bmw-logo-2-inch-embroidery-design-download\/\" \/>\n<meta property=\"og:site_name\" content=\"EmbroideryDownload\" \/>\n<meta property=\"article:modified_time\" content=\"2023-03-23T13:23:34+00:00\" \/>\n<meta property=\"og:image\" content=\"https:\/\/embroiderydownload.com\/wp-content\/uploads\/2021\/10\/Embroidered-BMW-2-3.jpg\" \/>\n\t<meta property=\"og:image:width\" content=\"1000\" \/>\n\t<meta property=\"og:image:height\" content=\"1000\" \/>\n<meta name=\"twitter:card\" content=\"summary_large_image\" \/>\n<meta name=\"twitter:label1\" content=\"Prix\" \/>\n\t<meta name=\"twitter:data1\" content=\"&euro;2.99\" \/>\n\t<meta name=\"twitter:label2\" content=\"Availability\" \/>\n\t<meta name=\"twitter:data2\" content=\"In stock\" \/>\n<script type=\"application\/ld+json\" class=\"yoast-schema-graph\">{\"@context\":\"https:\/\/schema.org\",\"@graph\":[{\"@type\":\"WebSite\",\"@id\":\"https:\/\/embroiderydownload.com\/fr\/#website\",\"url\":\"https:\/\/embroiderydownload.com\/fr\/\",\"name\":\"EmbroideryDownload\",\"description\":\"Embroidery Designs Instant Digital Download\",\"potentialAction\":[{\"@type\":\"SearchAction\",\"target\":{\"@type\":\"EntryPoint\",\"urlTemplate\":\"https:\/\/embroiderydownload.com\/fr\/?s={search_term_string}\"},\"query-input\":\"required name=search_term_string\"}],\"inLanguage\":\"fr-FR\"},{\"@type\":\"ImageObject\",\"@id\":\"https:\/\/embroiderydownload.com\/products\/bmw-logo-2-inch-embroidery-design-download\/#primaryimage\",\"inLanguage\":\"fr-FR\",\"url\":\"https:\/\/embroiderydownload.com\/wp-content\/uploads\/2021\/10\/Embroidered-BMW-2-3.jpg\",\"contentUrl\":\"https:\/\/embroiderydownload.com\/wp-content\/uploads\/2021\/10\/Embroidered-BMW-2-3.jpg\",\"width\":1000,\"height\":1000},{\"@type\":\"WebPage\",\"@id\":\"https:\/\/embroiderydownload.com\/products\/bmw-logo-2-inch-embroidery-design-download\/#webpage\",\"url\":\"https:\/\/embroiderydownload.com\/products\/bmw-logo-2-inch-embroidery-design-download\/\",\"name\":\"BMW logo 2 inch Embroidery Design Download - EmbroideryDownload\",\"isPartOf\":{\"@id\":\"https:\/\/embroiderydownload.com\/fr\/#website\"},\"primaryImageOfPage\":{\"@id\":\"https:\/\/embroiderydownload.com\/products\/bmw-logo-2-inch-embroidery-design-download\/#primaryimage\"},\"datePublished\":\"2021-11-17T04:50:40+00:00\",\"dateModified\":\"2023-03-23T13:23:34+00:00\",\"description\":\"Download now the BMW logo 2 inch embroidery design and add a touch of luxury to your creations.\",\"breadcrumb\":{\"@id\":\"https:\/\/embroiderydownload.com\/products\/bmw-logo-2-inch-embroidery-design-download\/#breadcrumb\"},\"inLanguage\":\"fr-FR\",\"potentialAction\":[{\"@type\":\"ReadAction\",\"target\":[\"https:\/\/embroiderydownload.com\/products\/bmw-logo-2-inch-embroidery-design-download\/\"]}]},{\"@type\":\"BreadcrumbList\",\"@id\":\"https:\/\/embroiderydownload.com\/products\/bmw-logo-2-inch-embroidery-design-download\/#breadcrumb\",\"itemListElement\":[{\"@type\":\"ListItem\",\"position\":1,\"name\":\"Shop\",\"item\":\"https:\/\/embroiderydownload.com\/it\/negozio-2\/\"},{\"@type\":\"ListItem\",\"position\":2,\"name\":\"BMW logo 2 inch Embroidery Design Download\"}]}]}<\/script>\n<!-- \/ Yoast SEO plugin. -->","yoast_head_json":{"title":"BMW logo 2 inch Embroidery Design Download - EmbroideryDownload","description":"Download now the BMW logo 2 inch embroidery design and add a touch of luxury to your creations.","robots":{"index":"index","follow":"follow","max-snippet":"max-snippet:-1","max-image-preview":"max-image-preview:large","max-video-preview":"max-video-preview:-1"},"canonical":"https:\/\/embroiderydownload.com\/fr\/products\/bmw-logo-2-inch-embroidery-design-download\/","og_locale":"fr_FR","og_type":"article","og_title":"BMW logo 2 inch Embroidery Design Download - EmbroideryDownload","og_description":"Download now the BMW logo 2 inch embroidery design and add a touch of luxury to your creations.","og_url":"https:\/\/embroiderydownload.com\/fr\/products\/bmw-logo-2-inch-embroidery-design-download\/","og_site_name":"EmbroideryDownload","article_modified_time":"2023-03-23T13:23:34+00:00","og_image":[{"width":1000,"height":1000,"url":"https:\/\/embroiderydownload.com\/wp-content\/uploads\/2021\/10\/Embroidered-BMW-2-3.jpg","type":"image\/jpeg"}],"twitter_card":"summary_large_image","twitter_misc":{"Prix":"&euro;2.99","Availability":"In stock"},"schema":{"@context":"https:\/\/schema.org","@graph":[{"@type":"WebSite","@id":"https:\/\/embroiderydownload.com\/fr\/#website","url":"https:\/\/embroiderydownload.com\/fr\/","name":"EmbroideryDownload","description":"Embroidery Designs Instant Digital Download","potentialAction":[{"@type":"SearchAction","target":{"@type":"EntryPoint","urlTemplate":"https:\/\/embroiderydownload.com\/fr\/?s={search_term_string}"},"query-input":"required name=search_term_string"}],"inLanguage":"fr-FR"},{"@type":"ImageObject","@id":"https:\/\/embroiderydownload.com\/products\/bmw-logo-2-inch-embroidery-design-download\/#primaryimage","inLanguage":"fr-FR","url":"https:\/\/embroiderydownload.com\/wp-content\/uploads\/2021\/10\/Embroidered-BMW-2-3.jpg","contentUrl":"https:\/\/embroiderydownload.com\/wp-content\/uploads\/2021\/10\/Embroidered-BMW-2-3.jpg","width":1000,"height":1000},{"@type":"WebPage","@id":"https:\/\/embroiderydownload.com\/products\/bmw-logo-2-inch-embroidery-design-download\/#webpage","url":"https:\/\/embroiderydownload.com\/products\/bmw-logo-2-inch-embroidery-design-download\/","name":"BMW logo 2 inch Embroidery Design Download - EmbroideryDownload","isPartOf":{"@id":"https:\/\/embroiderydownload.com\/fr\/#website"},"primaryImageOfPage":{"@id":"https:\/\/embroiderydownload.com\/products\/bmw-logo-2-inch-embroidery-design-download\/#primaryimage"},"datePublished":"2021-11-17T04:50:40+00:00","dateModified":"2023-03-23T13:23:34+00:00","description":"Download now the BMW logo 2 inch embroidery design and add a touch of luxury to your creations.","breadcrumb":{"@id":"https:\/\/embroiderydownload.com\/products\/bmw-logo-2-inch-embroidery-design-download\/#breadcrumb"},"inLanguage":"fr-FR","potentialAction":[{"@type":"ReadAction","target":["https:\/\/embroiderydownload.com\/products\/bmw-logo-2-inch-embroidery-design-download\/"]}]},{"@type":"BreadcrumbList","@id":"https:\/\/embroiderydownload.com\/products\/bmw-logo-2-inch-embroidery-design-download\/#breadcrumb","itemListElement":[{"@type":"ListItem","position":1,"name":"Shop","item":"https:\/\/embroiderydownload.com\/it\/negozio-2\/"},{"@type":"ListItem","position":2,"name":"BMW logo 2 inch Embroidery Design Download"}]}]}},"_links":{"self":[{"href":"https:\/\/embroiderydownload.com\/fr\/wp-json\/wp\/v2\/product\/80334"}],"collection":[{"href":"https:\/\/embroiderydownload.com\/fr\/wp-json\/wp\/v2\/product"}],"about":[{"href":"https:\/\/embroiderydownload.com\/fr\/wp-json\/wp\/v2\/types\/product"}],"version-history":[{"count":1,"href":"https:\/\/embroiderydownload.com\/fr\/wp-json\/wp\/v2\/product\/80334\/revisions"}],"predecessor-version":[{"id":198843,"href":"https:\/\/embroiderydownload.com\/fr\/wp-json\/wp\/v2\/product\/80334\/revisions\/198843"}],"wp:featuredmedia":[{"embeddable":true,"href":"https:\/\/embroiderydownload.com\/fr\/wp-json\/wp\/v2\/media\/80335"}],"wp:attachment":[{"href":"https:\/\/embroiderydownload.com\/fr\/wp-json\/wp\/v2\/media?parent=80334"}],"wp:term":[{"taxonomy":"product_cat","embeddable":true,"href":"https:\/\/embroiderydownload.com\/fr\/wp-json\/wp\/v2\/product_cat?post=80334"},{"taxonomy":"product_tag","embeddable":true,"href":"https:\/\/embroiderydownload.com\/fr\/wp-json\/wp\/v2\/product_tag?post=80334"}],"curies":[{"name":"wp","href":"https:\/\/api.w.org\/{rel}","templated":true}]}}