{"id":80637,"date":"2021-11-17T05:51:07","date_gmt":"2021-11-17T04:51:07","guid":{"rendered":"https:\/\/embroiderydownload.com\/product\/boston-celtics-embroidery-design-download\/"},"modified":"2023-03-23T14:23:32","modified_gmt":"2023-03-23T13:23:32","slug":"boston-celtics-embroidery-design-download","status":"publish","type":"product","link":"https:\/\/embroiderydownload.com\/fr\/products\/boston-celtics-embroidery-design-download\/","title":{"rendered":"Motif de broderie Boston Celtics T\u00e9l\u00e9charger"},"content":{"rendered":"<p><strong>Logo des Boston Celtics<\/strong> Motif de broderie - 2 tailles - Motif de broderie NBA Basketball - T\u00e9l\u00e9chargement num\u00e9rique instantan\u00e9<\/p>\n<p>Le fichier ZIP comprend 2 tailles :<\/p>\n<p>a) 4,09 \u00d7 4,53\u2033 - 104 \u00d7 115 mm<br \/>\nb) 4,45 \u00d7 4,92\u2033 - 113 \u00d7 125 mm<\/p>\n<p>Formats qui seront inclus dans un fichier ZIP lors de l'achat<\/p>\n<p>a) Bernina : ART (version 2 &amp; 3), EXP<br \/>\nb) Fr\u00e8re : PEC, PES, PHC<br \/>\nc) Janome : JEF, JEF+<br \/>\nd) Husqvarna\/PFAFF : VIP, VP3<br \/>\ne) Husqvarna : HUS, SHV<br \/>\nf) Tajima\/Barudan : DST, DSB<br \/>\ng) Chanteur : XXX<br \/>\nh) Melco : EXP<\/p>\n<p>Formats de la palette de couleurs : Embird, EDR, RGB, TXT.<\/p>\n<p>EN RAISON DE LA NATURE NUM\u00c9RIQUE DE CE PRODUIT, TOUTES LES VENTES SONT D\u00c9FINITIVES.<\/p>\n<p>Les Motifs de broderie ne sont pas des patchs... Vous aurez besoin d'une machine \u00e0 broder, de mat\u00e9riel et de logiciel pour transf\u00e9rer les fichiers sur votre machine \u00e0 broder.<\/p>\n<div id=\"gtx-trans\" style=\"position: absolute; left: 106px; top: -20px;\">\n<div class=\"gtx-trans-icon\"><\/div>\n<\/div>","protected":false},"excerpt":{"rendered":"<style>.elementor-204929 .elementor-element.elementor-element-95a9a0b{margin-top:0px;margin-bottom:0px;padding:0px 0px 0px 0px;overflow:visible;}.elementor-204929 .elementor-element.elementor-element-84e32b5 > .elementor-element-populated{margin:0px 0px 0px 0px;--e-column-margin-right:0px;--e-column-margin-left:0px;padding:0px 0px 0px 0px;}.elementor-204929 .elementor-element.elementor-element-4e302eb{text-align:left;}<\/style>\n<div class=\"porto-block elementor elementor-204929\" data-id=\"204929\">\n<section class=\"elementor-section elementor-top-section elementor-element elementor-element-95a9a0b elementor-section-full_width elementor-section-height-default elementor-section-height-default\" data-id=\"95a9a0b\" data-element_type=\"section\" data-settings=\"{&quot;ekit_has_onepagescroll_dot&quot;:&quot;yes&quot;}\">\n<div class=\"elementor-container elementor-column-gap-default\">\n<div class=\"elementor-column elementor-col-100 elementor-top-column elementor-element elementor-element-84e32b5\" data-id=\"84e32b5\" data-element_type=\"column\">\n<div class=\"elementor-widget-wrap elementor-element-populated\">\n<div class=\"elementor-element elementor-element-4e302eb elementor-widget elementor-widget-image\" data-id=\"4e302eb\" data-element_type=\"widget\" data-settings=\"{&quot;ekit_we_effect_on&quot;:&quot;none&quot;}\" data-widget_type=\"image.default\">\n<div class=\"elementor-widget-container\">\n<style>\/*! elementor - v3.12.1 - 02-04-2023 *\/\n.elementor-widget-image{text-align:center}.elementor-widget-image a{display:inline-block}.elementor-widget-image a img[src$=\".svg\"]{width:48px}.elementor-widget-image img{vertical-align:middle;display:inline-block}<\/style>\n<p>\t\t\t\t\t\t\t\t\t\t\t\t<img decoding=\"async\" width=\"300\" height=\"84\" src=\"https:\/\/embroiderydownload.com\/wp-content\/uploads\/2022\/11\/icons-values-eng.svg\" class=\"attachment-large size-large wp-image-204901\" alt=\"\" loading=\"lazy\" \/>\t\t\t\t\t\t\t\t\t\t\t\t\t\t\t<\/div>\n<\/p><\/div>\n<\/p><\/div>\n<\/p><\/div>\n<\/p><\/div>\n<\/section><\/div>","protected":false},"featured_media":80638,"template":"","meta":[],"product_cat":[12159],"product_tag":[43,313,76,314,315,179,77],"yoast_head":"<!-- This site is optimized with the Yoast SEO plugin v17.5 - https:\/\/yoast.com\/wordpress\/plugins\/seo\/ -->\n<title>Boston Celtics Embroidery Design Download - EmbroideryDownload<\/title>\n<meta name=\"description\" content=\"Download now the Boston Celtics embroidery design and show your team spirit!\" \/>\n<meta name=\"robots\" content=\"index, follow, max-snippet:-1, max-image-preview:large, max-video-preview:-1\" \/>\n<link rel=\"canonical\" href=\"https:\/\/embroiderydownload.com\/fr\/products\/boston-celtics-embroidery-design-download\/\" \/>\n<meta property=\"og:locale\" content=\"fr_FR\" \/>\n<meta property=\"og:type\" content=\"article\" \/>\n<meta property=\"og:title\" content=\"Boston Celtics Embroidery Design Download - EmbroideryDownload\" \/>\n<meta property=\"og:description\" content=\"Download now the Boston Celtics embroidery design and show your team spirit!\" \/>\n<meta property=\"og:url\" content=\"https:\/\/embroiderydownload.com\/fr\/products\/boston-celtics-embroidery-design-download\/\" \/>\n<meta property=\"og:site_name\" content=\"EmbroideryDownload\" \/>\n<meta property=\"article:modified_time\" content=\"2023-03-23T13:23:32+00:00\" \/>\n<meta property=\"og:image\" content=\"https:\/\/embroiderydownload.com\/wp-content\/uploads\/2021\/10\/Embroidered-Boston-Celtics-3.jpg\" \/>\n\t<meta property=\"og:image:width\" content=\"800\" \/>\n\t<meta property=\"og:image:height\" content=\"800\" \/>\n<meta name=\"twitter:card\" content=\"summary_large_image\" \/>\n<meta name=\"twitter:label1\" content=\"Prix\" \/>\n\t<meta name=\"twitter:data1\" content=\"&euro;3.99\" \/>\n\t<meta name=\"twitter:label2\" content=\"Availability\" \/>\n\t<meta name=\"twitter:data2\" content=\"In stock\" \/>\n<script type=\"application\/ld+json\" class=\"yoast-schema-graph\">{\"@context\":\"https:\/\/schema.org\",\"@graph\":[{\"@type\":\"WebSite\",\"@id\":\"https:\/\/embroiderydownload.com\/fr\/#website\",\"url\":\"https:\/\/embroiderydownload.com\/fr\/\",\"name\":\"EmbroideryDownload\",\"description\":\"Embroidery Designs Instant Digital Download\",\"potentialAction\":[{\"@type\":\"SearchAction\",\"target\":{\"@type\":\"EntryPoint\",\"urlTemplate\":\"https:\/\/embroiderydownload.com\/fr\/?s={search_term_string}\"},\"query-input\":\"required name=search_term_string\"}],\"inLanguage\":\"fr-FR\"},{\"@type\":\"ImageObject\",\"@id\":\"https:\/\/embroiderydownload.com\/products\/boston-celtics-embroidery-design-download\/#primaryimage\",\"inLanguage\":\"fr-FR\",\"url\":\"https:\/\/embroiderydownload.com\/wp-content\/uploads\/2021\/10\/Embroidered-Boston-Celtics-3.jpg\",\"contentUrl\":\"https:\/\/embroiderydownload.com\/wp-content\/uploads\/2021\/10\/Embroidered-Boston-Celtics-3.jpg\",\"width\":800,\"height\":800},{\"@type\":\"WebPage\",\"@id\":\"https:\/\/embroiderydownload.com\/products\/boston-celtics-embroidery-design-download\/#webpage\",\"url\":\"https:\/\/embroiderydownload.com\/products\/boston-celtics-embroidery-design-download\/\",\"name\":\"Boston Celtics Embroidery Design Download - EmbroideryDownload\",\"isPartOf\":{\"@id\":\"https:\/\/embroiderydownload.com\/fr\/#website\"},\"primaryImageOfPage\":{\"@id\":\"https:\/\/embroiderydownload.com\/products\/boston-celtics-embroidery-design-download\/#primaryimage\"},\"datePublished\":\"2021-11-17T04:51:07+00:00\",\"dateModified\":\"2023-03-23T13:23:32+00:00\",\"description\":\"Download now the Boston Celtics embroidery design and show your team spirit!\",\"breadcrumb\":{\"@id\":\"https:\/\/embroiderydownload.com\/products\/boston-celtics-embroidery-design-download\/#breadcrumb\"},\"inLanguage\":\"fr-FR\",\"potentialAction\":[{\"@type\":\"ReadAction\",\"target\":[\"https:\/\/embroiderydownload.com\/products\/boston-celtics-embroidery-design-download\/\"]}]},{\"@type\":\"BreadcrumbList\",\"@id\":\"https:\/\/embroiderydownload.com\/products\/boston-celtics-embroidery-design-download\/#breadcrumb\",\"itemListElement\":[{\"@type\":\"ListItem\",\"position\":1,\"name\":\"Shop\",\"item\":\"https:\/\/embroiderydownload.com\/it\/negozio-2\/\"},{\"@type\":\"ListItem\",\"position\":2,\"name\":\"Boston Celtics Embroidery Design Download\"}]}]}<\/script>\n<!-- \/ Yoast SEO plugin. -->","yoast_head_json":{"title":"Boston Celtics Embroidery Design Download - EmbroideryDownload","description":"Download now the Boston Celtics embroidery design and show your team spirit!","robots":{"index":"index","follow":"follow","max-snippet":"max-snippet:-1","max-image-preview":"max-image-preview:large","max-video-preview":"max-video-preview:-1"},"canonical":"https:\/\/embroiderydownload.com\/fr\/products\/boston-celtics-embroidery-design-download\/","og_locale":"fr_FR","og_type":"article","og_title":"Boston Celtics Embroidery Design Download - EmbroideryDownload","og_description":"Download now the Boston Celtics embroidery design and show your team spirit!","og_url":"https:\/\/embroiderydownload.com\/fr\/products\/boston-celtics-embroidery-design-download\/","og_site_name":"EmbroideryDownload","article_modified_time":"2023-03-23T13:23:32+00:00","og_image":[{"width":800,"height":800,"url":"https:\/\/embroiderydownload.com\/wp-content\/uploads\/2021\/10\/Embroidered-Boston-Celtics-3.jpg","type":"image\/jpeg"}],"twitter_card":"summary_large_image","twitter_misc":{"Prix":"&euro;3.99","Availability":"In stock"},"schema":{"@context":"https:\/\/schema.org","@graph":[{"@type":"WebSite","@id":"https:\/\/embroiderydownload.com\/fr\/#website","url":"https:\/\/embroiderydownload.com\/fr\/","name":"EmbroideryDownload","description":"Embroidery Designs Instant Digital Download","potentialAction":[{"@type":"SearchAction","target":{"@type":"EntryPoint","urlTemplate":"https:\/\/embroiderydownload.com\/fr\/?s={search_term_string}"},"query-input":"required name=search_term_string"}],"inLanguage":"fr-FR"},{"@type":"ImageObject","@id":"https:\/\/embroiderydownload.com\/products\/boston-celtics-embroidery-design-download\/#primaryimage","inLanguage":"fr-FR","url":"https:\/\/embroiderydownload.com\/wp-content\/uploads\/2021\/10\/Embroidered-Boston-Celtics-3.jpg","contentUrl":"https:\/\/embroiderydownload.com\/wp-content\/uploads\/2021\/10\/Embroidered-Boston-Celtics-3.jpg","width":800,"height":800},{"@type":"WebPage","@id":"https:\/\/embroiderydownload.com\/products\/boston-celtics-embroidery-design-download\/#webpage","url":"https:\/\/embroiderydownload.com\/products\/boston-celtics-embroidery-design-download\/","name":"Boston Celtics Embroidery Design Download - EmbroideryDownload","isPartOf":{"@id":"https:\/\/embroiderydownload.com\/fr\/#website"},"primaryImageOfPage":{"@id":"https:\/\/embroiderydownload.com\/products\/boston-celtics-embroidery-design-download\/#primaryimage"},"datePublished":"2021-11-17T04:51:07+00:00","dateModified":"2023-03-23T13:23:32+00:00","description":"Download now the Boston Celtics embroidery design and show your team spirit!","breadcrumb":{"@id":"https:\/\/embroiderydownload.com\/products\/boston-celtics-embroidery-design-download\/#breadcrumb"},"inLanguage":"fr-FR","potentialAction":[{"@type":"ReadAction","target":["https:\/\/embroiderydownload.com\/products\/boston-celtics-embroidery-design-download\/"]}]},{"@type":"BreadcrumbList","@id":"https:\/\/embroiderydownload.com\/products\/boston-celtics-embroidery-design-download\/#breadcrumb","itemListElement":[{"@type":"ListItem","position":1,"name":"Shop","item":"https:\/\/embroiderydownload.com\/it\/negozio-2\/"},{"@type":"ListItem","position":2,"name":"Boston Celtics Embroidery Design Download"}]}]}},"_links":{"self":[{"href":"https:\/\/embroiderydownload.com\/fr\/wp-json\/wp\/v2\/product\/80637"}],"collection":[{"href":"https:\/\/embroiderydownload.com\/fr\/wp-json\/wp\/v2\/product"}],"about":[{"href":"https:\/\/embroiderydownload.com\/fr\/wp-json\/wp\/v2\/types\/product"}],"version-history":[{"count":1,"href":"https:\/\/embroiderydownload.com\/fr\/wp-json\/wp\/v2\/product\/80637\/revisions"}],"predecessor-version":[{"id":199511,"href":"https:\/\/embroiderydownload.com\/fr\/wp-json\/wp\/v2\/product\/80637\/revisions\/199511"}],"wp:featuredmedia":[{"embeddable":true,"href":"https:\/\/embroiderydownload.com\/fr\/wp-json\/wp\/v2\/media\/80638"}],"wp:attachment":[{"href":"https:\/\/embroiderydownload.com\/fr\/wp-json\/wp\/v2\/media?parent=80637"}],"wp:term":[{"taxonomy":"product_cat","embeddable":true,"href":"https:\/\/embroiderydownload.com\/fr\/wp-json\/wp\/v2\/product_cat?post=80637"},{"taxonomy":"product_tag","embeddable":true,"href":"https:\/\/embroiderydownload.com\/fr\/wp-json\/wp\/v2\/product_tag?post=80637"}],"curies":[{"name":"wp","href":"https:\/\/api.w.org\/{rel}","templated":true}]}}