{"id":82197,"date":"2021-11-17T06:00:31","date_gmt":"2021-11-17T05:00:31","guid":{"rendered":"https:\/\/embroiderydownload.com\/product\/chevrolet-corvette-logo-embroidery-design-download-2\/"},"modified":"2023-03-23T14:23:22","modified_gmt":"2023-03-23T13:23:22","slug":"chevrolet-corvette-logo-embroidery-design-download-2","status":"publish","type":"product","link":"https:\/\/embroiderydownload.com\/fr\/products\/chevrolet-corvette-logo-broderie-machine-a-telecharger-2\/","title":{"rendered":"Chevrolet Corvette Motifs Broderie machine \u00e0 T\u00e9l\u00e9charger"},"content":{"rendered":"<p>&nbsp;<\/p>\n<p><strong>Logo Chevrolet Corvette<\/strong> Motifs de broderie machine \u00e0 t\u00e9l\u00e9charger. Motifs de broderie machine \u00e0 t\u00e9l\u00e9charger. Motifs de broderie machine de haute qualit\u00e9 de Chevrolet.<\/p>\n<p>\u2605 Taille 3,92 \u00d7 2,63 pouces - 99,80 x 66,90 mm - Points : 9905<br \/>\n\u2605 Taille 4,33 \u00d7 2,90 pouces - 110,00 x 73,70 mm - Points : 11413<br \/>\n\u2605 Taille 4,73 \u00d7 3,16 pouces - 120,20 x 80,50 mm - Points : 13079<br \/>\n\u2605 Taille 5,51 \u00d7 3,69 pouces - 140,00 x 93,90 mm - Points : 16350<\/p>\n<p>\u2605 Formats qui seront inclus dans un fichier ZIP lors de l'achat<\/p>\n<ul>\n<li>Deco, Brother, Baby Lock :\u00a0<strong>PSE<\/strong><\/li>\n<li>Husqvarna, Viking :\u00a0<strong>HUS, SEW<\/strong><\/li>\n<li>Janome, Elna, Kenmore :\u00a0<strong>JEF<\/strong><\/li>\n<li>Melco :\u00a0<strong>EXP<\/strong><\/li>\n<li>Chanteur :<strong>\u00a0PCS<\/strong><\/li>\n<li>Compucon, Singer :\u00a0<strong>XXX<\/strong><\/li>\n<li>Tajima :\u00a0<strong>DST<\/strong><\/li>\n<li>Pfaff :<b>\u00a0VIP, VP3<\/b><\/li>\n<\/ul>\n<p><strong><\/strong><\/p>\n<div id=\"gtx-trans\" style=\"position: absolute; left: 140px; top: -19px;\">\n<div class=\"gtx-trans-icon\"><\/div>\n<\/div>","protected":false},"excerpt":{"rendered":"<style>.elementor-204929 .elementor-element.elementor-element-95a9a0b{margin-top:0px;margin-bottom:0px;padding:0px 0px 0px 0px;overflow:visible;}.elementor-204929 .elementor-element.elementor-element-84e32b5 > .elementor-element-populated{margin:0px 0px 0px 0px;--e-column-margin-right:0px;--e-column-margin-left:0px;padding:0px 0px 0px 0px;}.elementor-204929 .elementor-element.elementor-element-4e302eb{text-align:left;}<\/style>\n<div class=\"porto-block elementor elementor-204929\" data-id=\"204929\">\n<section class=\"elementor-section elementor-top-section elementor-element elementor-element-95a9a0b elementor-section-full_width elementor-section-height-default elementor-section-height-default\" data-id=\"95a9a0b\" data-element_type=\"section\" data-settings=\"{&quot;ekit_has_onepagescroll_dot&quot;:&quot;yes&quot;}\">\n<div class=\"elementor-container elementor-column-gap-default\">\n<div class=\"elementor-column elementor-col-100 elementor-top-column elementor-element elementor-element-84e32b5\" data-id=\"84e32b5\" data-element_type=\"column\">\n<div class=\"elementor-widget-wrap elementor-element-populated\">\n<div class=\"elementor-element elementor-element-4e302eb elementor-widget elementor-widget-image\" data-id=\"4e302eb\" data-element_type=\"widget\" data-settings=\"{&quot;ekit_we_effect_on&quot;:&quot;none&quot;}\" data-widget_type=\"image.default\">\n<div class=\"elementor-widget-container\">\n<style>\/*! elementor - v3.12.1 - 02-04-2023 *\/\n.elementor-widget-image{text-align:center}.elementor-widget-image a{display:inline-block}.elementor-widget-image a img[src$=\".svg\"]{width:48px}.elementor-widget-image img{vertical-align:middle;display:inline-block}<\/style>\n<p>\t\t\t\t\t\t\t\t\t\t\t\t<img decoding=\"async\" width=\"300\" height=\"84\" src=\"https:\/\/embroiderydownload.com\/wp-content\/uploads\/2022\/11\/icons-values-eng.svg\" class=\"attachment-large size-large wp-image-204901\" alt=\"\" loading=\"lazy\" \/>\t\t\t\t\t\t\t\t\t\t\t\t\t\t\t<\/div>\n<\/p><\/div>\n<\/p><\/div>\n<\/p><\/div>\n<\/p><\/div>\n<\/section><\/div>","protected":false},"featured_media":82198,"template":"","meta":[],"product_cat":[12106],"product_tag":[38,166,292,443,445,444,412],"yoast_head":"<!-- This site is optimized with the Yoast SEO plugin v17.5 - https:\/\/yoast.com\/wordpress\/plugins\/seo\/ -->\n<title>Chevrolet Corvette Logo Embroidery Design Download - EmbroideryDownload<\/title>\n<meta name=\"description\" content=\"Download the Chevrolet Corvette logo embroidery design today and add a touch of style to your projects.\" \/>\n<meta name=\"robots\" content=\"index, follow, max-snippet:-1, max-image-preview:large, max-video-preview:-1\" \/>\n<link rel=\"canonical\" href=\"https:\/\/embroiderydownload.com\/fr\/products\/chevrolet-corvette-logo-broderie-machine-a-telecharger-2\/\" \/>\n<meta property=\"og:locale\" content=\"fr_FR\" \/>\n<meta property=\"og:type\" content=\"article\" \/>\n<meta property=\"og:title\" content=\"Chevrolet Corvette Logo Embroidery Design Download - EmbroideryDownload\" \/>\n<meta property=\"og:description\" content=\"Download the Chevrolet Corvette logo embroidery design today and add a touch of style to your projects.\" \/>\n<meta property=\"og:url\" content=\"https:\/\/embroiderydownload.com\/fr\/products\/chevrolet-corvette-logo-broderie-machine-a-telecharger-2\/\" \/>\n<meta property=\"og:site_name\" content=\"EmbroideryDownload\" \/>\n<meta property=\"article:modified_time\" content=\"2023-03-23T13:23:22+00:00\" \/>\n<meta property=\"og:image\" content=\"https:\/\/embroiderydownload.com\/wp-content\/uploads\/2021\/10\/Embroidery-Design-Chevrolet-Corvette-2.jpg\" \/>\n\t<meta property=\"og:image:width\" content=\"800\" \/>\n\t<meta property=\"og:image:height\" content=\"800\" \/>\n<meta name=\"twitter:card\" content=\"summary_large_image\" \/>\n<meta name=\"twitter:label1\" content=\"Prix\" \/>\n\t<meta name=\"twitter:data1\" content=\"&euro;2.99\" \/>\n\t<meta name=\"twitter:label2\" content=\"Availability\" \/>\n\t<meta name=\"twitter:data2\" content=\"In stock\" \/>\n<script type=\"application\/ld+json\" class=\"yoast-schema-graph\">{\"@context\":\"https:\/\/schema.org\",\"@graph\":[{\"@type\":\"WebSite\",\"@id\":\"https:\/\/embroiderydownload.com\/fr\/#website\",\"url\":\"https:\/\/embroiderydownload.com\/fr\/\",\"name\":\"EmbroideryDownload\",\"description\":\"Embroidery Designs Instant Digital Download\",\"potentialAction\":[{\"@type\":\"SearchAction\",\"target\":{\"@type\":\"EntryPoint\",\"urlTemplate\":\"https:\/\/embroiderydownload.com\/fr\/?s={search_term_string}\"},\"query-input\":\"required name=search_term_string\"}],\"inLanguage\":\"fr-FR\"},{\"@type\":\"ImageObject\",\"@id\":\"https:\/\/embroiderydownload.com\/products\/chevrolet-corvette-logo-embroidery-design-download-2\/#primaryimage\",\"inLanguage\":\"fr-FR\",\"url\":\"https:\/\/embroiderydownload.com\/wp-content\/uploads\/2021\/10\/Embroidery-Design-Chevrolet-Corvette-2.jpg\",\"contentUrl\":\"https:\/\/embroiderydownload.com\/wp-content\/uploads\/2021\/10\/Embroidery-Design-Chevrolet-Corvette-2.jpg\",\"width\":800,\"height\":800},{\"@type\":\"WebPage\",\"@id\":\"https:\/\/embroiderydownload.com\/products\/chevrolet-corvette-logo-embroidery-design-download-2\/#webpage\",\"url\":\"https:\/\/embroiderydownload.com\/products\/chevrolet-corvette-logo-embroidery-design-download-2\/\",\"name\":\"Chevrolet Corvette Logo Embroidery Design Download - EmbroideryDownload\",\"isPartOf\":{\"@id\":\"https:\/\/embroiderydownload.com\/fr\/#website\"},\"primaryImageOfPage\":{\"@id\":\"https:\/\/embroiderydownload.com\/products\/chevrolet-corvette-logo-embroidery-design-download-2\/#primaryimage\"},\"datePublished\":\"2021-11-17T05:00:31+00:00\",\"dateModified\":\"2023-03-23T13:23:22+00:00\",\"description\":\"Download the Chevrolet Corvette logo embroidery design today and add a touch of style to your projects.\",\"breadcrumb\":{\"@id\":\"https:\/\/embroiderydownload.com\/products\/chevrolet-corvette-logo-embroidery-design-download-2\/#breadcrumb\"},\"inLanguage\":\"fr-FR\",\"potentialAction\":[{\"@type\":\"ReadAction\",\"target\":[\"https:\/\/embroiderydownload.com\/products\/chevrolet-corvette-logo-embroidery-design-download-2\/\"]}]},{\"@type\":\"BreadcrumbList\",\"@id\":\"https:\/\/embroiderydownload.com\/products\/chevrolet-corvette-logo-embroidery-design-download-2\/#breadcrumb\",\"itemListElement\":[{\"@type\":\"ListItem\",\"position\":1,\"name\":\"Shop\",\"item\":\"https:\/\/embroiderydownload.com\/it\/negozio-2\/\"},{\"@type\":\"ListItem\",\"position\":2,\"name\":\"Chevrolet Corvette Logo Embroidery Design Download\"}]}]}<\/script>\n<!-- \/ Yoast SEO plugin. -->","yoast_head_json":{"title":"Chevrolet Corvette Logo Embroidery Design Download - EmbroideryDownload","description":"Download the Chevrolet Corvette logo embroidery design today and add a touch of style to your projects.","robots":{"index":"index","follow":"follow","max-snippet":"max-snippet:-1","max-image-preview":"max-image-preview:large","max-video-preview":"max-video-preview:-1"},"canonical":"https:\/\/embroiderydownload.com\/fr\/products\/chevrolet-corvette-logo-broderie-machine-a-telecharger-2\/","og_locale":"fr_FR","og_type":"article","og_title":"Chevrolet Corvette Logo Embroidery Design Download - EmbroideryDownload","og_description":"Download the Chevrolet Corvette logo embroidery design today and add a touch of style to your projects.","og_url":"https:\/\/embroiderydownload.com\/fr\/products\/chevrolet-corvette-logo-broderie-machine-a-telecharger-2\/","og_site_name":"EmbroideryDownload","article_modified_time":"2023-03-23T13:23:22+00:00","og_image":[{"width":800,"height":800,"url":"https:\/\/embroiderydownload.com\/wp-content\/uploads\/2021\/10\/Embroidery-Design-Chevrolet-Corvette-2.jpg","type":"image\/jpeg"}],"twitter_card":"summary_large_image","twitter_misc":{"Prix":"&euro;2.99","Availability":"In stock"},"schema":{"@context":"https:\/\/schema.org","@graph":[{"@type":"WebSite","@id":"https:\/\/embroiderydownload.com\/fr\/#website","url":"https:\/\/embroiderydownload.com\/fr\/","name":"EmbroideryDownload","description":"Embroidery Designs Instant Digital Download","potentialAction":[{"@type":"SearchAction","target":{"@type":"EntryPoint","urlTemplate":"https:\/\/embroiderydownload.com\/fr\/?s={search_term_string}"},"query-input":"required name=search_term_string"}],"inLanguage":"fr-FR"},{"@type":"ImageObject","@id":"https:\/\/embroiderydownload.com\/products\/chevrolet-corvette-logo-embroidery-design-download-2\/#primaryimage","inLanguage":"fr-FR","url":"https:\/\/embroiderydownload.com\/wp-content\/uploads\/2021\/10\/Embroidery-Design-Chevrolet-Corvette-2.jpg","contentUrl":"https:\/\/embroiderydownload.com\/wp-content\/uploads\/2021\/10\/Embroidery-Design-Chevrolet-Corvette-2.jpg","width":800,"height":800},{"@type":"WebPage","@id":"https:\/\/embroiderydownload.com\/products\/chevrolet-corvette-logo-embroidery-design-download-2\/#webpage","url":"https:\/\/embroiderydownload.com\/products\/chevrolet-corvette-logo-embroidery-design-download-2\/","name":"Chevrolet Corvette Logo Embroidery Design Download - EmbroideryDownload","isPartOf":{"@id":"https:\/\/embroiderydownload.com\/fr\/#website"},"primaryImageOfPage":{"@id":"https:\/\/embroiderydownload.com\/products\/chevrolet-corvette-logo-embroidery-design-download-2\/#primaryimage"},"datePublished":"2021-11-17T05:00:31+00:00","dateModified":"2023-03-23T13:23:22+00:00","description":"Download the Chevrolet Corvette logo embroidery design today and add a touch of style to your projects.","breadcrumb":{"@id":"https:\/\/embroiderydownload.com\/products\/chevrolet-corvette-logo-embroidery-design-download-2\/#breadcrumb"},"inLanguage":"fr-FR","potentialAction":[{"@type":"ReadAction","target":["https:\/\/embroiderydownload.com\/products\/chevrolet-corvette-logo-embroidery-design-download-2\/"]}]},{"@type":"BreadcrumbList","@id":"https:\/\/embroiderydownload.com\/products\/chevrolet-corvette-logo-embroidery-design-download-2\/#breadcrumb","itemListElement":[{"@type":"ListItem","position":1,"name":"Shop","item":"https:\/\/embroiderydownload.com\/it\/negozio-2\/"},{"@type":"ListItem","position":2,"name":"Chevrolet Corvette Logo Embroidery Design Download"}]}]}},"_links":{"self":[{"href":"https:\/\/embroiderydownload.com\/fr\/wp-json\/wp\/v2\/product\/82197"}],"collection":[{"href":"https:\/\/embroiderydownload.com\/fr\/wp-json\/wp\/v2\/product"}],"about":[{"href":"https:\/\/embroiderydownload.com\/fr\/wp-json\/wp\/v2\/types\/product"}],"version-history":[{"count":1,"href":"https:\/\/embroiderydownload.com\/fr\/wp-json\/wp\/v2\/product\/82197\/revisions"}],"predecessor-version":[{"id":198849,"href":"https:\/\/embroiderydownload.com\/fr\/wp-json\/wp\/v2\/product\/82197\/revisions\/198849"}],"wp:featuredmedia":[{"embeddable":true,"href":"https:\/\/embroiderydownload.com\/fr\/wp-json\/wp\/v2\/media\/82198"}],"wp:attachment":[{"href":"https:\/\/embroiderydownload.com\/fr\/wp-json\/wp\/v2\/media?parent=82197"}],"wp:term":[{"taxonomy":"product_cat","embeddable":true,"href":"https:\/\/embroiderydownload.com\/fr\/wp-json\/wp\/v2\/product_cat?post=82197"},{"taxonomy":"product_tag","embeddable":true,"href":"https:\/\/embroiderydownload.com\/fr\/wp-json\/wp\/v2\/product_tag?post=82197"}],"curies":[{"name":"wp","href":"https:\/\/api.w.org\/{rel}","templated":true}]}}