{"id":87465,"date":"2021-11-17T06:10:16","date_gmt":"2021-11-17T05:10:16","guid":{"rendered":"https:\/\/embroiderydownload.com\/product\/grand-theft-auto-five-embroidery-design-download\/"},"modified":"2023-03-23T14:22:50","modified_gmt":"2023-03-23T13:22:50","slug":"grand-theft-auto-five-embroidery-design-download","status":"publish","type":"product","link":"https:\/\/embroiderydownload.com\/fr\/products\/motifs-broderie-a-machine-a-telecharger-motifs-broderie-machine-a-telecharger-2\/","title":{"rendered":"Grand Theft Auto Five Broderie Download"},"content":{"rendered":"<p>&nbsp;<\/p>\n<p>Motifs de broderie - <strong>Grand Theft Auto Five<\/strong>- Jeu vid\u00e9o - T\u00e9l\u00e9chargement num\u00e9rique instantan\u00e9<\/p>\n<p>&nbsp;<\/p>\n<p>\u2605 Ceci\u00a0<strong>Grand Theft Auto Five<\/strong>\u00a0Les motifs de broderie machine comprennent les mod\u00e8les suivants :<\/p>\n<table width=\"588\">\n<tbody>\n<tr>\n<td style=\"text-align: center;\"><\/td>\n<td style=\"text-align: center;\">\n<div><strong>GTA5 1<\/strong><\/div>\n<\/td>\n<td style=\"text-align: center;\">\n<div>\n<div><\/div>\n<\/div>\n<div>\n<div><\/div>\n<\/div>\n<div><strong>GTA5 2<\/strong><\/div>\n<\/td>\n<td style=\"text-align: center;\">\n<div>\n<div><\/div>\n<\/div>\n<div>\n<div><\/div>\n<\/div>\n<div><strong>GTA5 3<\/strong><\/div>\n<\/td>\n<\/tr>\n<tr>\n<td style=\"text-align: center;\"><strong>Taille en pouces<\/strong><\/td>\n<td style=\"text-align: center;\">\n<div>4,94 x 4,33<\/div>\n<\/td>\n<td style=\"text-align: center;\">\n<div>5,72 x 5,02\u2032<\/div>\n<\/td>\n<td style=\"text-align: center;\">\n<div>6,12 x 5,38\u2032<\/div>\n<\/td>\n<\/tr>\n<tr>\n<td style=\"text-align: center;\"><strong>Taille mm.<\/strong><\/td>\n<td style=\"text-align: center;\">\n<div>125,40 x 110,00<\/div>\n<\/td>\n<td style=\"text-align: center;\">\n<div>145,40 x 127,60<\/div>\n<p>&nbsp;<\/td>\n<td style=\"text-align: center;\">\n<div>155,40 x 136,60<\/div>\n<\/td>\n<\/tr>\n<tr>\n<td style=\"text-align: center;\"><strong>Points de suture<\/strong><\/td>\n<td style=\"text-align: center;\">23805<\/td>\n<td style=\"text-align: center;\">29340<\/td>\n<td style=\"text-align: center;\">32222<\/td>\n<\/tr>\n<\/tbody>\n<\/table>\n<p><span style=\"line-height: 1.4;\"><br \/>\n\u2605 Formats qui seront inclus dans un fichier ZIP lors de l'achat :<\/span><\/p>\n<p>&nbsp;<\/p>\n<ul>\n<li><span style=\"line-height: 1.5;\">Bernina : <\/span><strong style=\"line-height: 1.5;\">ART <\/strong>(v. 1 &amp; v. 2)<\/li>\n<li><span style=\"line-height: 1.5;\">Deco, Brother, Baby Lock : <\/span><strong style=\"line-height: 1.5;\">PEC, PES<\/strong><\/li>\n<li><span style=\"line-height: 1.5;\">Husqvarna, Viking : <\/span><strong style=\"line-height: 1.5;\">HUS<\/strong><\/li>\n<li><span style=\"line-height: 1.5;\">Janome, Elna, Kenmore : <\/span><strong style=\"line-height: 1.5;\">JEF, SEW<\/strong><\/li>\n<li><span style=\"line-height: 1.5;\">Melco : <\/span><strong style=\"line-height: 1.5;\">EXP, CND<\/strong><\/li>\n<li><span style=\"line-height: 1.5;\">Compucon : <\/span><strong style=\"line-height: 1.5;\">XXX<\/strong><\/li>\n<li><span style=\"line-height: 1.5;\">Tajima : <\/span><strong style=\"line-height: 1.5;\">DST<\/strong><\/li>\n<li><span style=\"line-height: 1.5;\">Barudan : <\/span><strong style=\"line-height: 1.5;\">DSB<\/strong><\/li>\n<li>Pfaff : <strong style=\"line-height: 1.5;\"><strong>PCS, KSS<\/strong><\/strong><\/li>\n<li>Wilcom :<strong style=\"line-height: 1.5;\"><strong> EMB, ESS<\/strong><\/strong><\/li>\n<li>Saurer SLC :<strong style=\"line-height: 1.5;\"><strong> SAS\u00a0<\/strong><\/strong><\/li>\n<li>Hiraoka :<strong style=\"line-height: 1.5;\"><strong> VEP, DAT<\/strong><\/strong><\/li>\n<\/ul>\n<p>&nbsp;<\/p>\n<p>\u2605 Bonne id\u00e9e : Les patchs brod\u00e9s.<br \/>\nComment fabriquer vos propres \u00e9cussons brod\u00e9s : https:\/\/youtu.be\/bHdeFWNVqmk<\/p>\n<p><strong style=\"line-height: 1.4;\"><\/strong><span style=\"line-height: 1.4;\">\u00a0<\/span><br \/>\n<span style=\"line-height: 1.4;\"><\/span><\/p>\n<p style=\"display: inline !important;\">","protected":false},"excerpt":{"rendered":"<style>.elementor-204929 .elementor-element.elementor-element-95a9a0b{margin-top:0px;margin-bottom:0px;padding:0px 0px 0px 0px;overflow:visible;}.elementor-204929 .elementor-element.elementor-element-84e32b5 > .elementor-element-populated{margin:0px 0px 0px 0px;--e-column-margin-right:0px;--e-column-margin-left:0px;padding:0px 0px 0px 0px;}.elementor-204929 .elementor-element.elementor-element-4e302eb{text-align:left;}<\/style>\n<div class=\"porto-block elementor elementor-204929\" data-id=\"204929\">\n<section class=\"elementor-section elementor-top-section elementor-element elementor-element-95a9a0b elementor-section-full_width elementor-section-height-default elementor-section-height-default\" data-id=\"95a9a0b\" data-element_type=\"section\" data-settings=\"{&quot;ekit_has_onepagescroll_dot&quot;:&quot;yes&quot;}\">\n<div class=\"elementor-container elementor-column-gap-default\">\n<div class=\"elementor-column elementor-col-100 elementor-top-column elementor-element elementor-element-84e32b5\" data-id=\"84e32b5\" data-element_type=\"column\">\n<div class=\"elementor-widget-wrap elementor-element-populated\">\n<div class=\"elementor-element elementor-element-4e302eb elementor-widget elementor-widget-image\" data-id=\"4e302eb\" data-element_type=\"widget\" data-settings=\"{&quot;ekit_we_effect_on&quot;:&quot;none&quot;}\" data-widget_type=\"image.default\">\n<div class=\"elementor-widget-container\">\n<style>\/*! elementor - v3.12.1 - 02-04-2023 *\/\n.elementor-widget-image{text-align:center}.elementor-widget-image a{display:inline-block}.elementor-widget-image a img[src$=\".svg\"]{width:48px}.elementor-widget-image img{vertical-align:middle;display:inline-block}<\/style>\n<p>\t\t\t\t\t\t\t\t\t\t\t\t<img decoding=\"async\" width=\"300\" height=\"84\" src=\"https:\/\/embroiderydownload.com\/wp-content\/uploads\/2022\/11\/icons-values-eng.svg\" class=\"attachment-large size-large wp-image-204901\" alt=\"\" loading=\"lazy\" \/>\t\t\t\t\t\t\t\t\t\t\t\t\t\t\t<\/div>\n<\/p><\/div>\n<\/p><\/div>\n<\/p><\/div>\n<\/p><\/div>\n<\/section><\/div>","protected":false},"featured_media":87466,"template":"","meta":[],"product_cat":[12176],"product_tag":[26,765,766,767,367,368],"yoast_head":"<!-- This site is optimized with the Yoast SEO plugin v17.5 - https:\/\/yoast.com\/wordpress\/plugins\/seo\/ -->\n<title>Grand Theft Auto Five Embroidery Design Download - EmbroideryDownload<\/title>\n<meta name=\"description\" content=\"Download the Grand Theft Auto Five embroidery design today and add some gaming flair to your wardrobe!\" \/>\n<meta name=\"robots\" content=\"index, follow, max-snippet:-1, max-image-preview:large, max-video-preview:-1\" \/>\n<link rel=\"canonical\" href=\"https:\/\/embroiderydownload.com\/fr\/products\/motifs-broderie-a-machine-a-telecharger-motifs-broderie-machine-a-telecharger-2\/\" \/>\n<meta property=\"og:locale\" content=\"fr_FR\" \/>\n<meta property=\"og:type\" content=\"article\" \/>\n<meta property=\"og:title\" content=\"Grand Theft Auto Five Embroidery Design Download - EmbroideryDownload\" \/>\n<meta property=\"og:description\" content=\"Download the Grand Theft Auto Five embroidery design today and add some gaming flair to your wardrobe!\" \/>\n<meta property=\"og:url\" content=\"https:\/\/embroiderydownload.com\/fr\/products\/motifs-broderie-a-machine-a-telecharger-motifs-broderie-machine-a-telecharger-2\/\" \/>\n<meta property=\"og:site_name\" content=\"EmbroideryDownload\" \/>\n<meta property=\"article:modified_time\" content=\"2023-03-23T13:22:50+00:00\" \/>\n<meta property=\"og:image\" content=\"https:\/\/embroiderydownload.com\/wp-content\/uploads\/2021\/10\/Embroidery-GTA-2.jpg\" \/>\n\t<meta property=\"og:image:width\" content=\"1000\" \/>\n\t<meta property=\"og:image:height\" content=\"866\" \/>\n<meta name=\"twitter:card\" content=\"summary_large_image\" \/>\n<meta name=\"twitter:label1\" content=\"Prix\" \/>\n\t<meta name=\"twitter:data1\" content=\"&euro;2.99\" \/>\n\t<meta name=\"twitter:label2\" content=\"Availability\" \/>\n\t<meta name=\"twitter:data2\" content=\"In stock\" \/>\n<script type=\"application\/ld+json\" class=\"yoast-schema-graph\">{\"@context\":\"https:\/\/schema.org\",\"@graph\":[{\"@type\":\"WebSite\",\"@id\":\"https:\/\/embroiderydownload.com\/fr\/#website\",\"url\":\"https:\/\/embroiderydownload.com\/fr\/\",\"name\":\"EmbroideryDownload\",\"description\":\"Embroidery Designs Instant Digital Download\",\"potentialAction\":[{\"@type\":\"SearchAction\",\"target\":{\"@type\":\"EntryPoint\",\"urlTemplate\":\"https:\/\/embroiderydownload.com\/fr\/?s={search_term_string}\"},\"query-input\":\"required name=search_term_string\"}],\"inLanguage\":\"fr-FR\"},{\"@type\":\"ImageObject\",\"@id\":\"https:\/\/embroiderydownload.com\/products\/grand-theft-auto-five-embroidery-design-download\/#primaryimage\",\"inLanguage\":\"fr-FR\",\"url\":\"https:\/\/embroiderydownload.com\/wp-content\/uploads\/2021\/10\/Embroidery-GTA-2.jpg\",\"contentUrl\":\"https:\/\/embroiderydownload.com\/wp-content\/uploads\/2021\/10\/Embroidery-GTA-2.jpg\",\"width\":1000,\"height\":866},{\"@type\":\"WebPage\",\"@id\":\"https:\/\/embroiderydownload.com\/products\/grand-theft-auto-five-embroidery-design-download\/#webpage\",\"url\":\"https:\/\/embroiderydownload.com\/products\/grand-theft-auto-five-embroidery-design-download\/\",\"name\":\"Grand Theft Auto Five Embroidery Design Download - EmbroideryDownload\",\"isPartOf\":{\"@id\":\"https:\/\/embroiderydownload.com\/fr\/#website\"},\"primaryImageOfPage\":{\"@id\":\"https:\/\/embroiderydownload.com\/products\/grand-theft-auto-five-embroidery-design-download\/#primaryimage\"},\"datePublished\":\"2021-11-17T05:10:16+00:00\",\"dateModified\":\"2023-03-23T13:22:50+00:00\",\"description\":\"Download the Grand Theft Auto Five embroidery design today and add some gaming flair to your wardrobe!\",\"breadcrumb\":{\"@id\":\"https:\/\/embroiderydownload.com\/products\/grand-theft-auto-five-embroidery-design-download\/#breadcrumb\"},\"inLanguage\":\"fr-FR\",\"potentialAction\":[{\"@type\":\"ReadAction\",\"target\":[\"https:\/\/embroiderydownload.com\/products\/grand-theft-auto-five-embroidery-design-download\/\"]}]},{\"@type\":\"BreadcrumbList\",\"@id\":\"https:\/\/embroiderydownload.com\/products\/grand-theft-auto-five-embroidery-design-download\/#breadcrumb\",\"itemListElement\":[{\"@type\":\"ListItem\",\"position\":1,\"name\":\"Shop\",\"item\":\"https:\/\/embroiderydownload.com\/it\/negozio-2\/\"},{\"@type\":\"ListItem\",\"position\":2,\"name\":\"Grand Theft Auto Five Embroidery Design Download\"}]}]}<\/script>\n<!-- \/ Yoast SEO plugin. -->","yoast_head_json":{"title":"Grand Theft Auto Five Embroidery Design Download - EmbroideryDownload","description":"Download the Grand Theft Auto Five embroidery design today and add some gaming flair to your wardrobe!","robots":{"index":"index","follow":"follow","max-snippet":"max-snippet:-1","max-image-preview":"max-image-preview:large","max-video-preview":"max-video-preview:-1"},"canonical":"https:\/\/embroiderydownload.com\/fr\/products\/motifs-broderie-a-machine-a-telecharger-motifs-broderie-machine-a-telecharger-2\/","og_locale":"fr_FR","og_type":"article","og_title":"Grand Theft Auto Five Embroidery Design Download - EmbroideryDownload","og_description":"Download the Grand Theft Auto Five embroidery design today and add some gaming flair to your wardrobe!","og_url":"https:\/\/embroiderydownload.com\/fr\/products\/motifs-broderie-a-machine-a-telecharger-motifs-broderie-machine-a-telecharger-2\/","og_site_name":"EmbroideryDownload","article_modified_time":"2023-03-23T13:22:50+00:00","og_image":[{"width":1000,"height":866,"url":"https:\/\/embroiderydownload.com\/wp-content\/uploads\/2021\/10\/Embroidery-GTA-2.jpg","type":"image\/jpeg"}],"twitter_card":"summary_large_image","twitter_misc":{"Prix":"&euro;2.99","Availability":"In stock"},"schema":{"@context":"https:\/\/schema.org","@graph":[{"@type":"WebSite","@id":"https:\/\/embroiderydownload.com\/fr\/#website","url":"https:\/\/embroiderydownload.com\/fr\/","name":"EmbroideryDownload","description":"Embroidery Designs Instant Digital Download","potentialAction":[{"@type":"SearchAction","target":{"@type":"EntryPoint","urlTemplate":"https:\/\/embroiderydownload.com\/fr\/?s={search_term_string}"},"query-input":"required name=search_term_string"}],"inLanguage":"fr-FR"},{"@type":"ImageObject","@id":"https:\/\/embroiderydownload.com\/products\/grand-theft-auto-five-embroidery-design-download\/#primaryimage","inLanguage":"fr-FR","url":"https:\/\/embroiderydownload.com\/wp-content\/uploads\/2021\/10\/Embroidery-GTA-2.jpg","contentUrl":"https:\/\/embroiderydownload.com\/wp-content\/uploads\/2021\/10\/Embroidery-GTA-2.jpg","width":1000,"height":866},{"@type":"WebPage","@id":"https:\/\/embroiderydownload.com\/products\/grand-theft-auto-five-embroidery-design-download\/#webpage","url":"https:\/\/embroiderydownload.com\/products\/grand-theft-auto-five-embroidery-design-download\/","name":"Grand Theft Auto Five Embroidery Design Download - EmbroideryDownload","isPartOf":{"@id":"https:\/\/embroiderydownload.com\/fr\/#website"},"primaryImageOfPage":{"@id":"https:\/\/embroiderydownload.com\/products\/grand-theft-auto-five-embroidery-design-download\/#primaryimage"},"datePublished":"2021-11-17T05:10:16+00:00","dateModified":"2023-03-23T13:22:50+00:00","description":"Download the Grand Theft Auto Five embroidery design today and add some gaming flair to your wardrobe!","breadcrumb":{"@id":"https:\/\/embroiderydownload.com\/products\/grand-theft-auto-five-embroidery-design-download\/#breadcrumb"},"inLanguage":"fr-FR","potentialAction":[{"@type":"ReadAction","target":["https:\/\/embroiderydownload.com\/products\/grand-theft-auto-five-embroidery-design-download\/"]}]},{"@type":"BreadcrumbList","@id":"https:\/\/embroiderydownload.com\/products\/grand-theft-auto-five-embroidery-design-download\/#breadcrumb","itemListElement":[{"@type":"ListItem","position":1,"name":"Shop","item":"https:\/\/embroiderydownload.com\/it\/negozio-2\/"},{"@type":"ListItem","position":2,"name":"Grand Theft Auto Five Embroidery Design Download"}]}]}},"_links":{"self":[{"href":"https:\/\/embroiderydownload.com\/fr\/wp-json\/wp\/v2\/product\/87465"}],"collection":[{"href":"https:\/\/embroiderydownload.com\/fr\/wp-json\/wp\/v2\/product"}],"about":[{"href":"https:\/\/embroiderydownload.com\/fr\/wp-json\/wp\/v2\/types\/product"}],"version-history":[{"count":1,"href":"https:\/\/embroiderydownload.com\/fr\/wp-json\/wp\/v2\/product\/87465\/revisions"}],"predecessor-version":[{"id":199718,"href":"https:\/\/embroiderydownload.com\/fr\/wp-json\/wp\/v2\/product\/87465\/revisions\/199718"}],"wp:featuredmedia":[{"embeddable":true,"href":"https:\/\/embroiderydownload.com\/fr\/wp-json\/wp\/v2\/media\/87466"}],"wp:attachment":[{"href":"https:\/\/embroiderydownload.com\/fr\/wp-json\/wp\/v2\/media?parent=87465"}],"wp:term":[{"taxonomy":"product_cat","embeddable":true,"href":"https:\/\/embroiderydownload.com\/fr\/wp-json\/wp\/v2\/product_cat?post=87465"},{"taxonomy":"product_tag","embeddable":true,"href":"https:\/\/embroiderydownload.com\/fr\/wp-json\/wp\/v2\/product_tag?post=87465"}],"curies":[{"name":"wp","href":"https:\/\/api.w.org\/{rel}","templated":true}]}}