{"id":87806,"date":"2021-11-17T06:10:54","date_gmt":"2021-11-17T05:10:54","guid":{"rendered":"https:\/\/embroiderydownload.com\/product\/hamm-pig-embroidery-design-download\/"},"modified":"2023-03-23T14:22:48","modified_gmt":"2023-03-23T13:22:48","slug":"hamm-pig-embroidery-design-download","status":"publish","type":"product","link":"https:\/\/embroiderydownload.com\/fr\/products\/hamm-pig-embroidery-design-download\/","title":{"rendered":"Hamm Pig Embroidery Design Download"},"content":{"rendered":"<p>&nbsp;<\/p>\n<p>Motifs de Broderie Machine \u00e0 T\u00e9l\u00e9charger - Motifs de Broderie Machine \u00e0 T\u00e9l\u00e9charger - Motifs de Broderie Machine \u00e0 T\u00e9l\u00e9charger - Motifs de Broderie Machine \u00e0 t\u00e9l\u00e9charger<\/p>\n<p>&nbsp;<\/p>\n<div>Ce paquet de\u00a0<strong>Cochon de Hamm<\/strong><strong>\u00a0<\/strong>inclut les mod\u00e8les suivants :<\/div>\n<div style=\"text-align: center;\"><\/div>\n<div style=\"text-align: center;\">\n<table style=\"margin-left: auto; margin-right: auto;\" width=\"100%\">\n<tbody>\n<tr>\n<td><\/td>\n<td><strong>Taille 1<\/strong><\/td>\n<td>\n<div>\n<div><\/div>\n<\/div>\n<p><strong>Taille 2<\/strong><\/td>\n<\/tr>\n<tr>\n<td><strong>Taille en pouces<\/strong><\/td>\n<td>3,90 x 3,47\u2032<\/td>\n<td>5,90 x 5,25\u2032<\/td>\n<\/tr>\n<tr>\n<td><strong>Taille mm.<\/strong><\/td>\n<td>99,20 x 88,20 mm.<\/td>\n<td>150,00 x 133,50 mm.<\/td>\n<\/tr>\n<tr>\n<td><strong>Points de suture<\/strong><\/td>\n<td>\u00a016012<\/td>\n<td>28671<\/td>\n<\/tr>\n<\/tbody>\n<\/table>\n<\/div>\n<div style=\"text-align: center;\"><\/div>\n<div style=\"text-align: center;\"><\/div>\n<div style=\"text-align: left;\">\u2605 Formats qui seront inclus dans un fichier ZIP lors de l'achat :<\/div>\n<ul>\n<li><span style=\"line-height: 1.5;\">Deco, Brother, Baby Lock : <\/span><strong style=\"line-height: 1.5;\">PSE<\/strong><\/li>\n<li><span style=\"line-height: 1.5;\">Husqvarna, Viking : <\/span><strong style=\"line-height: 1.5;\">HUS, VIP, VP3<\/strong><\/li>\n<li><span style=\"line-height: 1.5;\">Janome, Elna, Kenmore : <\/span><strong style=\"line-height: 1.5;\">JEF, SEW<\/strong><\/li>\n<li>Po\u00e8me, Huskygram, Chanteur :<strong style=\"line-height: 1.5;\"> CSD<\/strong><\/li>\n<li>Wilcom :<strong style=\"line-height: 1.5;\"> EMB<\/strong><\/li>\n<li>Pfaff :<strong style=\"line-height: 1.5;\"> PCS, PCM<\/strong><\/li>\n<li><span style=\"line-height: 1.5;\">Melco : <\/span><strong style=\"line-height: 1.5;\">EXP<\/strong><\/li>\n<li><span style=\"line-height: 1.5;\">Compucon : <\/span><strong style=\"line-height: 1.5;\">XXX<\/strong><\/li>\n<li><span style=\"line-height: 1.5;\">Tajima : <\/span><strong style=\"line-height: 1.5;\">DST\u00a0<\/strong><\/li>\n<\/ul>\n<p><strong style=\"line-height: 1.4;\"><\/strong><span style=\"line-height: 1.4;\">\u00a0<\/span><br \/>\n<span style=\"line-height: 1.4;\"><\/span><\/p>\n<p style=\"display: inline !important;\">","protected":false},"excerpt":{"rendered":"<style>.elementor-204929 .elementor-element.elementor-element-95a9a0b{margin-top:0px;margin-bottom:0px;padding:0px 0px 0px 0px;overflow:visible;}.elementor-204929 .elementor-element.elementor-element-84e32b5 > .elementor-element-populated{margin:0px 0px 0px 0px;--e-column-margin-right:0px;--e-column-margin-left:0px;padding:0px 0px 0px 0px;}.elementor-204929 .elementor-element.elementor-element-4e302eb{text-align:left;}<\/style>\n<div class=\"porto-block elementor elementor-204929\" data-id=\"204929\">\n<section class=\"elementor-section elementor-top-section elementor-element elementor-element-95a9a0b elementor-section-full_width elementor-section-height-default elementor-section-height-default\" data-id=\"95a9a0b\" data-element_type=\"section\" data-settings=\"{&quot;ekit_has_onepagescroll_dot&quot;:&quot;yes&quot;}\">\n<div class=\"elementor-container elementor-column-gap-default\">\n<div class=\"elementor-column elementor-col-100 elementor-top-column elementor-element elementor-element-84e32b5\" data-id=\"84e32b5\" data-element_type=\"column\">\n<div class=\"elementor-widget-wrap elementor-element-populated\">\n<div class=\"elementor-element elementor-element-4e302eb elementor-widget elementor-widget-image\" data-id=\"4e302eb\" data-element_type=\"widget\" data-settings=\"{&quot;ekit_we_effect_on&quot;:&quot;none&quot;}\" data-widget_type=\"image.default\">\n<div class=\"elementor-widget-container\">\n<style>\/*! elementor - v3.12.1 - 02-04-2023 *\/\n.elementor-widget-image{text-align:center}.elementor-widget-image a{display:inline-block}.elementor-widget-image a img[src$=\".svg\"]{width:48px}.elementor-widget-image img{vertical-align:middle;display:inline-block}<\/style>\n<p>\t\t\t\t\t\t\t\t\t\t\t\t<img decoding=\"async\" width=\"300\" height=\"84\" src=\"https:\/\/embroiderydownload.com\/wp-content\/uploads\/2022\/11\/icons-values-eng.svg\" class=\"attachment-large size-large wp-image-204901\" alt=\"\" loading=\"lazy\" \/>\t\t\t\t\t\t\t\t\t\t\t\t\t\t\t<\/div>\n<\/p><\/div>\n<\/p><\/div>\n<\/p><\/div>\n<\/p><\/div>\n<\/section><\/div>","protected":false},"featured_media":87807,"template":"","meta":[],"product_cat":[12134],"product_tag":[43,84,790,117,85,86],"yoast_head":"<!-- This site is optimized with the Yoast SEO plugin v17.5 - https:\/\/yoast.com\/wordpress\/plugins\/seo\/ -->\n<title>Hamm Pig Embroidery Design Download - EmbroideryDownload<\/title>\n<meta name=\"description\" content=\"Download now the adorable Hamm Pig embroidery design and start creating your own unique projects!\" \/>\n<meta name=\"robots\" content=\"index, follow, max-snippet:-1, max-image-preview:large, max-video-preview:-1\" \/>\n<link rel=\"canonical\" href=\"https:\/\/embroiderydownload.com\/fr\/products\/hamm-pig-embroidery-design-download\/\" \/>\n<meta property=\"og:locale\" content=\"fr_FR\" \/>\n<meta property=\"og:type\" content=\"article\" \/>\n<meta property=\"og:title\" content=\"Hamm Pig Embroidery Design Download - EmbroideryDownload\" \/>\n<meta property=\"og:description\" content=\"Download now the adorable Hamm Pig embroidery design and start creating your own unique projects!\" \/>\n<meta property=\"og:url\" content=\"https:\/\/embroiderydownload.com\/fr\/products\/hamm-pig-embroidery-design-download\/\" \/>\n<meta property=\"og:site_name\" content=\"EmbroideryDownload\" \/>\n<meta property=\"article:modified_time\" content=\"2023-03-23T13:22:48+00:00\" \/>\n<meta property=\"og:image\" content=\"https:\/\/embroiderydownload.com\/wp-content\/uploads\/2021\/10\/embroidery-design-toystory-8-2.jpg\" \/>\n\t<meta property=\"og:image:width\" content=\"1200\" \/>\n\t<meta property=\"og:image:height\" content=\"1039\" \/>\n<meta name=\"twitter:card\" content=\"summary_large_image\" \/>\n<meta name=\"twitter:label1\" content=\"Prix\" \/>\n\t<meta name=\"twitter:data1\" content=\"&euro;1.49 &euro;0.99\" \/>\n\t<meta name=\"twitter:label2\" content=\"Availability\" \/>\n\t<meta name=\"twitter:data2\" content=\"In stock\" \/>\n<script type=\"application\/ld+json\" class=\"yoast-schema-graph\">{\"@context\":\"https:\/\/schema.org\",\"@graph\":[{\"@type\":\"WebSite\",\"@id\":\"https:\/\/embroiderydownload.com\/fr\/#website\",\"url\":\"https:\/\/embroiderydownload.com\/fr\/\",\"name\":\"EmbroideryDownload\",\"description\":\"Embroidery Designs Instant Digital Download\",\"potentialAction\":[{\"@type\":\"SearchAction\",\"target\":{\"@type\":\"EntryPoint\",\"urlTemplate\":\"https:\/\/embroiderydownload.com\/fr\/?s={search_term_string}\"},\"query-input\":\"required name=search_term_string\"}],\"inLanguage\":\"fr-FR\"},{\"@type\":\"ImageObject\",\"@id\":\"https:\/\/embroiderydownload.com\/products\/hamm-pig-embroidery-design-download\/#primaryimage\",\"inLanguage\":\"fr-FR\",\"url\":\"https:\/\/embroiderydownload.com\/wp-content\/uploads\/2021\/10\/embroidery-design-toystory-8-2.jpg\",\"contentUrl\":\"https:\/\/embroiderydownload.com\/wp-content\/uploads\/2021\/10\/embroidery-design-toystory-8-2.jpg\",\"width\":1200,\"height\":1039},{\"@type\":\"WebPage\",\"@id\":\"https:\/\/embroiderydownload.com\/products\/hamm-pig-embroidery-design-download\/#webpage\",\"url\":\"https:\/\/embroiderydownload.com\/products\/hamm-pig-embroidery-design-download\/\",\"name\":\"Hamm Pig Embroidery Design Download - EmbroideryDownload\",\"isPartOf\":{\"@id\":\"https:\/\/embroiderydownload.com\/fr\/#website\"},\"primaryImageOfPage\":{\"@id\":\"https:\/\/embroiderydownload.com\/products\/hamm-pig-embroidery-design-download\/#primaryimage\"},\"datePublished\":\"2021-11-17T05:10:54+00:00\",\"dateModified\":\"2023-03-23T13:22:48+00:00\",\"description\":\"Download now the adorable Hamm Pig embroidery design and start creating your own unique projects!\",\"breadcrumb\":{\"@id\":\"https:\/\/embroiderydownload.com\/products\/hamm-pig-embroidery-design-download\/#breadcrumb\"},\"inLanguage\":\"fr-FR\",\"potentialAction\":[{\"@type\":\"ReadAction\",\"target\":[\"https:\/\/embroiderydownload.com\/products\/hamm-pig-embroidery-design-download\/\"]}]},{\"@type\":\"BreadcrumbList\",\"@id\":\"https:\/\/embroiderydownload.com\/products\/hamm-pig-embroidery-design-download\/#breadcrumb\",\"itemListElement\":[{\"@type\":\"ListItem\",\"position\":1,\"name\":\"Shop\",\"item\":\"https:\/\/embroiderydownload.com\/it\/negozio-2\/\"},{\"@type\":\"ListItem\",\"position\":2,\"name\":\"Hamm Pig Embroidery Design Download\"}]}]}<\/script>\n<!-- \/ Yoast SEO plugin. -->","yoast_head_json":{"title":"Hamm Pig Embroidery Design Download - EmbroideryDownload","description":"Download now the adorable Hamm Pig embroidery design and start creating your own unique projects!","robots":{"index":"index","follow":"follow","max-snippet":"max-snippet:-1","max-image-preview":"max-image-preview:large","max-video-preview":"max-video-preview:-1"},"canonical":"https:\/\/embroiderydownload.com\/fr\/products\/hamm-pig-embroidery-design-download\/","og_locale":"fr_FR","og_type":"article","og_title":"Hamm Pig Embroidery Design Download - EmbroideryDownload","og_description":"Download now the adorable Hamm Pig embroidery design and start creating your own unique projects!","og_url":"https:\/\/embroiderydownload.com\/fr\/products\/hamm-pig-embroidery-design-download\/","og_site_name":"EmbroideryDownload","article_modified_time":"2023-03-23T13:22:48+00:00","og_image":[{"width":1200,"height":1039,"url":"https:\/\/embroiderydownload.com\/wp-content\/uploads\/2021\/10\/embroidery-design-toystory-8-2.jpg","type":"image\/jpeg"}],"twitter_card":"summary_large_image","twitter_misc":{"Prix":"&euro;1.49 &euro;0.99","Availability":"In stock"},"schema":{"@context":"https:\/\/schema.org","@graph":[{"@type":"WebSite","@id":"https:\/\/embroiderydownload.com\/fr\/#website","url":"https:\/\/embroiderydownload.com\/fr\/","name":"EmbroideryDownload","description":"Embroidery Designs Instant Digital Download","potentialAction":[{"@type":"SearchAction","target":{"@type":"EntryPoint","urlTemplate":"https:\/\/embroiderydownload.com\/fr\/?s={search_term_string}"},"query-input":"required name=search_term_string"}],"inLanguage":"fr-FR"},{"@type":"ImageObject","@id":"https:\/\/embroiderydownload.com\/products\/hamm-pig-embroidery-design-download\/#primaryimage","inLanguage":"fr-FR","url":"https:\/\/embroiderydownload.com\/wp-content\/uploads\/2021\/10\/embroidery-design-toystory-8-2.jpg","contentUrl":"https:\/\/embroiderydownload.com\/wp-content\/uploads\/2021\/10\/embroidery-design-toystory-8-2.jpg","width":1200,"height":1039},{"@type":"WebPage","@id":"https:\/\/embroiderydownload.com\/products\/hamm-pig-embroidery-design-download\/#webpage","url":"https:\/\/embroiderydownload.com\/products\/hamm-pig-embroidery-design-download\/","name":"Hamm Pig Embroidery Design Download - EmbroideryDownload","isPartOf":{"@id":"https:\/\/embroiderydownload.com\/fr\/#website"},"primaryImageOfPage":{"@id":"https:\/\/embroiderydownload.com\/products\/hamm-pig-embroidery-design-download\/#primaryimage"},"datePublished":"2021-11-17T05:10:54+00:00","dateModified":"2023-03-23T13:22:48+00:00","description":"Download now the adorable Hamm Pig embroidery design and start creating your own unique projects!","breadcrumb":{"@id":"https:\/\/embroiderydownload.com\/products\/hamm-pig-embroidery-design-download\/#breadcrumb"},"inLanguage":"fr-FR","potentialAction":[{"@type":"ReadAction","target":["https:\/\/embroiderydownload.com\/products\/hamm-pig-embroidery-design-download\/"]}]},{"@type":"BreadcrumbList","@id":"https:\/\/embroiderydownload.com\/products\/hamm-pig-embroidery-design-download\/#breadcrumb","itemListElement":[{"@type":"ListItem","position":1,"name":"Shop","item":"https:\/\/embroiderydownload.com\/it\/negozio-2\/"},{"@type":"ListItem","position":2,"name":"Hamm Pig Embroidery Design Download"}]}]}},"_links":{"self":[{"href":"https:\/\/embroiderydownload.com\/fr\/wp-json\/wp\/v2\/product\/87806"}],"collection":[{"href":"https:\/\/embroiderydownload.com\/fr\/wp-json\/wp\/v2\/product"}],"about":[{"href":"https:\/\/embroiderydownload.com\/fr\/wp-json\/wp\/v2\/types\/product"}],"version-history":[{"count":1,"href":"https:\/\/embroiderydownload.com\/fr\/wp-json\/wp\/v2\/product\/87806\/revisions"}],"predecessor-version":[{"id":199049,"href":"https:\/\/embroiderydownload.com\/fr\/wp-json\/wp\/v2\/product\/87806\/revisions\/199049"}],"wp:featuredmedia":[{"embeddable":true,"href":"https:\/\/embroiderydownload.com\/fr\/wp-json\/wp\/v2\/media\/87807"}],"wp:attachment":[{"href":"https:\/\/embroiderydownload.com\/fr\/wp-json\/wp\/v2\/media?parent=87806"}],"wp:term":[{"taxonomy":"product_cat","embeddable":true,"href":"https:\/\/embroiderydownload.com\/fr\/wp-json\/wp\/v2\/product_cat?post=87806"},{"taxonomy":"product_tag","embeddable":true,"href":"https:\/\/embroiderydownload.com\/fr\/wp-json\/wp\/v2\/product_tag?post=87806"}],"curies":[{"name":"wp","href":"https:\/\/api.w.org\/{rel}","templated":true}]}}